{"id":21711,"date":"2025-11-20T10:25:51","date_gmt":"2025-11-20T09:25:51","guid":{"rendered":"https:\/\/swissgliders.ch\/?post_type=product&#038;p=21711"},"modified":"2026-04-09T20:16:55","modified_gmt":"2026-04-09T19:16:55","slug":"ozone-trail-race-2","status":"publish","type":"product","link":"https:\/\/swissgliders.ch\/de\/produkt\/ozone-trail-race-2\/","title":{"rendered":"Ozone Trail Race 2"},"content":{"rendered":"<h3 class=\"titleH1\"><br class=\"avia-permanent-lb\" \/>Rucksack Trail Race 2<\/h3>\n<p><img loading=\"lazy\" decoding=\"async\" class=\"\" src=\"https:\/\/cdn.sanity.io\/images\/lbhlofgm\/production\/4f6b63e0da960c033b3d46a7cbf48e2522951730-2000x2441.png\" width=\"415\" height=\"507\" \/><\/p>\n<div class=\"blockRenderer\">\n<div>\n<p><br class=\"avia-permanent-lb\" \/>Der Trail Race 2 ist eine logische Weiterf\u00fchrung unserer Arbeit an der X-Alps-Ausr\u00fcstung. Seit acht Jahren feilen wir jedes zweite Jahr an diesem zentralen Bestandteil jeder Hike &amp; Fly Ausr\u00fcstung, um ihn noch besser zu machen.<\/p>\n<p>Die Geometrie dieses Rucksacks ist auf maximale Stabilit\u00e4t beim Laufen und beim Berglauf ausgelegt. Seine robusten Accessoires sind gut durchdacht, einfach zu nutzen und so komplett wie m\u00f6glich. Seine unterschiedlichen Gewebepanele sind auf ein optimales Verh\u00e4ltnis zwischen Gewicht, Robustheit und Komprimierbarkeit ausgelegt.<\/p>\n<p>Der in zwei Gr\u00f6\u00dfen erh\u00e4ltliche Trail Race 2 ist ein perfekter Begleiter f\u00fcr gro\u00dfe, schnelle Abenteuer.<\/p>\n<p>Sein Tragesystem lehnt mit einer niedrigen und einer seitlichen Verstellm\u00f6glichkeit f\u00fcr die Schultergurte und einem dreifach verstellbaren H\u00fcftgurt an Traillauf-Rucks\u00e4cke an. So l\u00e4sst er sich nicht nur bestm\u00f6glich individuell anpassen, sondern bietet auch viel Stabilit\u00e4t.<\/p>\n<p>Das einfache Verschlusssystem umfasst einen starken Rei\u00dfverschluss, dank dem du deine Ausr\u00fcstung schnell und einfach verstauen kannst. Ein Rolltop-Verschluss sorgt daf\u00fcr, dass du sein Volumen perfekt an deine Ausr\u00fcstung anpassen kannst und garantiert mehr Tragekomfort und Stabilit\u00e4t.<\/p>\n<p>Dank der innovativen Stockhalterung hast du beim Laufen im Nu die H\u00e4nde frei, um etwas zu trinken oder auf dem Smartphone zu checken, ob du auf dem richtigen Weg bist.<\/p>\n<p>Auf der Vorderseite bieten neue Accessoires aus extrem rei\u00dffesten 70D Ripstopp-Gewebe zus\u00e4tzliche Funktionalit\u00e4t. Dank der abnehmbaren Helmhalterung kannst du noch mehr in den Rucksack packen; deine Jacke kannst du vorne mit abnehmbaren Gummib\u00e4ndern befestigen und mit zwei elastischen Gurten lassen sich Wanderst\u00f6cke oder Eispickel schnell festzurren.<\/p>\n<p>F\u00fcr noch mehr Sicherheit sorgen reflektierende Prints, die garantieren, dass du bei allen Bedingungen gut sichtbar bist.<\/p>\n<p><strong> <br class=\"avia-permanent-lb\" \/><br class=\"avia-permanent-lb\" \/>Merkmale:<\/strong><\/p>\n<ul>\n<li>Eine gro\u00dfe elastische Mesh-Tasche an jeder Seite<\/li>\n<li>Eine gro\u00dfe Rei\u00dfverschlusstasche an jeder Seite<\/li>\n<li>Zwei H\u00fcftgurttaschen mit Rei\u00dfverschluss<\/li>\n<li>Zwei Wasserflaschentaschen an den Schultergurten<\/li>\n<li>Schultergurt mit Klettband und Schlaufe<\/li>\n<li>Trinkschlauchf\u00fchrung<\/li>\n<li>Wanderstockhalterung f\u00fcr freie H\u00e4nde beim Gehen<\/li>\n<li>Abnehmbare Helmhalterung aus Mesh<\/li>\n<li>Abnehmbare Gummib\u00e4nder<\/li>\n<li>Zwei elastische Wanderstockschlaufen<\/li>\n<li>Reflektierender Print<\/li>\n<li>Materialien: 40D Ripstop, 70D Ripstop, EVA-Schaumstoff<\/li>\n<\/ul>\n<\/div>\n<\/div>\n<p class=\"product-color\"><strong><br class=\"avia-permanent-lb\" \/><br class=\"avia-permanent-lb\" \/>Farben: <\/strong>Weiss, Schwarz<\/p>\n<p><strong> <br class=\"avia-permanent-lb\" \/><br class=\"avia-permanent-lb\" \/>Spezifikationen<\/strong><\/p>\n<div class=\"container\">\n<div class=\"specsTable\">\n<div class=\"\">\n<div class=\"desktop\">\n<div class=\"specs-table-wrapper\">\n<table>\n<thead>\n<tr>\n<th>Gr\u00f6\u00dfe<\/th>\n<th>M<\/th>\n<th>L<\/th>\n<\/tr>\n<\/thead>\n<tbody>\n<tr class=\"\">\n<td>Volume (L)<\/td>\n<td>~ 50 \/+ 5<\/td>\n<td>~ 65 \/+5<\/td>\n<\/tr>\n<tr class=\"\">\n<td>Gewicht (g)*<\/td>\n<td>460<\/td>\n<td>480<\/td>\n<\/tr>\n<tr class=\"\">\n<td>Kompatibilit\u00e4t<\/td>\n<td>F*Race + Zeolite MS<\/td>\n<td>F*Race + Swift, Alpina, Lyght MS<\/td>\n<\/tr>\n<\/tbody>\n<\/table>\n<\/div>\n<\/div>\n<\/div>\n<\/div>\n<\/div>\n<p><em>* Weight may vary up to 5g per size due to slight variations in the manufacturing of the fabric used.<\/em><\/p>\n<p><br class=\"avia-permanent-lb\" \/><br class=\"avia-permanent-lb\" \/>Mehr <a href=\"https:\/\/flyozone.com\/paragliders\/de\/products\/accessories\/trail-race-2-rucksack\" target=\"_blank\" rel=\"noopener noreferrer\">Info<\/a><\/p>\n<p>Falls dieser Artikel nicht an Lager ist, wird er f\u00fcr dich bestellt. Lieferfrist auf Anfrage.<\/p>\n","protected":false},"excerpt":{"rendered":"<h3 class=\"titleH1\"><br class=\"avia-permanent-lb\" \/>Rucksack Trail Race 2<\/h3>\n<p><img loading=\"lazy\" decoding=\"async\" class=\"\" src=\"https:\/\/cdn.sanity.io\/images\/lbhlofgm\/production\/4f6b63e0da960c033b3d46a7cbf48e2522951730-2000x2441.png\" width=\"415\" height=\"507\" \/><\/p>\n<div class=\"blockRenderer\">\n<div>\n<p><br class=\"avia-permanent-lb\" \/>Der Trail Race 2 ist eine logische Weiterf\u00fchrung unserer Arbeit an der X-Alps-Ausr\u00fcstung. Seit acht Jahren feilen wir jedes zweite Jahr an diesem zentralen Bestandteil jeder Hike &amp; Fly Ausr\u00fcstung, um ihn noch besser zu machen.<\/p>\n<p>Die Geometrie dieses Rucksacks ist auf maximale Stabilit\u00e4t beim Laufen und beim Berglauf ausgelegt. Seine robusten Accessoires sind gut durchdacht, einfach zu nutzen und so komplett wie m\u00f6glich. Seine unterschiedlichen Gewebepanele sind auf ein optimales Verh\u00e4ltnis zwischen Gewicht, Robustheit und Komprimierbarkeit ausgelegt.<\/p>\n<p>Der in zwei Gr\u00f6\u00dfen erh\u00e4ltliche Trail Race 2 ist ein perfekter Begleiter f\u00fcr gro\u00dfe, schnelle Abenteuer.<\/p>\n<p>Sein Tragesystem lehnt mit einer niedrigen und einer seitlichen Verstellm\u00f6glichkeit f\u00fcr die Schultergurte und einem dreifach verstellbaren H\u00fcftgurt an Traillauf-Rucks\u00e4cke an. So l\u00e4sst er sich nicht nur bestm\u00f6glich individuell anpassen, sondern bietet auch viel Stabilit\u00e4t.<\/p>\n<p>Das einfache Verschlusssystem umfasst einen starken Rei\u00dfverschluss, dank dem du deine Ausr\u00fcstung schnell und einfach verstauen kannst. Ein Rolltop-Verschluss sorgt daf\u00fcr, dass du sein Volumen perfekt an deine Ausr\u00fcstung anpassen kannst und garantiert mehr Tragekomfort und Stabilit\u00e4t.<\/p>\n<p>Dank der innovativen Stockhalterung hast du beim Laufen im Nu die H\u00e4nde frei, um etwas zu trinken oder auf dem Smartphone zu checken, ob du auf dem richtigen Weg bist.<\/p>\n<p>Auf der Vorderseite bieten neue Accessoires aus extrem rei\u00dffesten 70D Ripstopp-Gewebe zus\u00e4tzliche Funktionalit\u00e4t. Dank der abnehmbaren Helmhalterung kannst du noch mehr in den Rucksack packen; deine Jacke kannst du vorne mit abnehmbaren Gummib\u00e4ndern befestigen und mit zwei elastischen Gurten lassen sich Wanderst\u00f6cke oder Eispickel schnell festzurren.<\/p>\n<p>F\u00fcr noch mehr Sicherheit sorgen reflektierende Prints, die garantieren, dass du bei allen Bedingungen gut sichtbar bist.<\/p>\n<p><strong> <br class=\"avia-permanent-lb\" \/><br class=\"avia-permanent-lb\" \/>Merkmale:<\/strong><\/p>\n<ul>\n<li>Eine gro\u00dfe elastische Mesh-Tasche an jeder Seite<\/li>\n<li>Eine gro\u00dfe Rei\u00dfverschlusstasche an jeder Seite<\/li>\n<li>Zwei H\u00fcftgurttaschen mit Rei\u00dfverschluss<\/li>\n<li>Zwei Wasserflaschentaschen an den Schultergurten<\/li>\n<li>Schultergurt mit Klettband und Schlaufe<\/li>\n<li>Trinkschlauchf\u00fchrung<\/li>\n<li>Wanderstockhalterung f\u00fcr freie H\u00e4nde beim Gehen<\/li>\n<li>Abnehmbare Helmhalterung aus Mesh<\/li>\n<li>Abnehmbare Gummib\u00e4nder<\/li>\n<li>Zwei elastische Wanderstockschlaufen<\/li>\n<li>Reflektierender Print<\/li>\n<li>Materialien: 40D Ripstop, 70D Ripstop, EVA-Schaumstoff<\/li>\n<\/ul>\n<\/div>\n<\/div>\n<p class=\"product-color\"><strong><br class=\"avia-permanent-lb\" \/><br class=\"avia-permanent-lb\" \/>Farben: <\/strong>Weiss, Schwarz<\/p>\n<p><strong> <br class=\"avia-permanent-lb\" \/><br class=\"avia-permanent-lb\" \/>Spezifikationen<\/strong><\/p>\n<div class=\"container\">\n<div class=\"specsTable\">\n<div class=\"\">\n<div class=\"desktop\">\n<div class=\"specs-table-wrapper\">\n<table>\n<thead>\n<tr>\n<th>Gr\u00f6\u00dfe<\/th>\n<th>M<\/th>\n<th>L<\/th>\n<\/tr>\n<\/thead>\n<tbody>\n<tr class=\"\">\n<td>Volume (L)<\/td>\n<td>~ 50 \/+ 5<\/td>\n<td>~ 65 \/+5<\/td>\n<\/tr>\n<tr class=\"\">\n<td>Gewicht (g)*<\/td>\n<td>460<\/td>\n<td>480<\/td>\n<\/tr>\n<tr class=\"\">\n<td>Kompatibilit\u00e4t<\/td>\n<td>F*Race + Zeolite MS<\/td>\n<td>F*Race + Swift, Alpina, Lyght MS<\/td>\n<\/tr>\n<\/tbody>\n<\/table>\n<\/div>\n<\/div>\n<\/div>\n<\/div>\n<\/div>\n<p><em>* Weight may vary up to 5g per size due to slight variations in the manufacturing of the fabric used.<\/em><\/p>\n<p><br class=\"avia-permanent-lb\" \/><br class=\"avia-permanent-lb\" \/>Mehr <a href=\"https:\/\/flyozone.com\/paragliders\/de\/products\/accessories\/trail-race-2-rucksack\" target=\"_blank\" rel=\"noopener noreferrer\">Info<\/a><\/p>\n<p>Falls dieser Artikel nicht an Lager ist, wird er f\u00fcr dich bestellt. Lieferfrist auf Anfrage.<\/p>\n","protected":false},"featured_media":21715,"comment_status":"closed","ping_status":"closed","template":"","meta":[],"product_brand":[2597],"product_cat":[2072,402],"product_tag":[2210,90,410],"class_list":{"0":"post-21711","1":"product","2":"type-product","3":"status-publish","4":"has-post-thumbnail","6":"product_brand-ozone","7":"product_cat-gleitschirm-rucksaecke","8":"product_cat-gleitschirm-zubehoer","9":"product_tag-rucksack","10":"product_tag-verkaufsartikel","11":"product_tag-zubehoer","12":"product_shipping_class-priority-2kg-de","14":"first","15":"instock","16":"sale","17":"shipping-taxable","18":"purchasable","19":"product-type-variable"},"yoast_head":"<!-- This site is optimized with the Yoast SEO Premium plugin v26.1 (Yoast SEO v27.3) - https:\/\/yoast.com\/product\/yoast-seo-premium-wordpress\/ -->\n<title>Ozone Trail Race 2 | Gleitschirmschule Thun, Bern, Interlaken<\/title>\n<meta name=\"description\" content=\"Rucksack Trail Race 2 von Ozone ist eine logische Weiterf\u00fchrung unserer Arbeit an der X-Alps-Ausr\u00fcstung. Seit acht Jahren feilen wir jedes zweite Jahr an diesem zentralen Bestandteil jeder Hike &amp; Fly Ausr\u00fcstung, um ihn noch besser zu machen.Die Geometrie dieses Rucksacks ist auf maximale Stabilit\u00e4t beim Laufen und beim Berglauf ausgelegt. Seine robusten Accessoires sind gut durchdacht, einfach zu nutzen und so komplett wie m\u00f6glich. Seine unterschiedlichen Gewebepanele sind auf ein optimales Verh\u00e4ltnis zwischen Gewicht, Robustheit und Komprimierbarkeit ausgelegt.Der in zwei Gr\u00f6\u00dfen erh\u00e4ltliche Trail Race 2 ist ein perfekter Begleiter f\u00fcr gro\u00dfe, schnelle Abenteuer.\" \/>\n<meta name=\"robots\" content=\"index, follow, max-snippet:-1, max-image-preview:large, max-video-preview:-1\" \/>\n<link rel=\"canonical\" href=\"https:\/\/swissgliders.ch\/de\/produkt\/ozone-trail-race-2\/\" \/>\n<meta property=\"og:locale\" content=\"de_DE\" \/>\n<meta property=\"og:type\" content=\"article\" \/>\n<meta property=\"og:title\" content=\"Ozone Trail Race 2\" \/>\n<meta property=\"og:description\" content=\"Rucksack Trail Race 2 von Ozone ist eine logische Weiterf\u00fchrung unserer Arbeit an der X-Alps-Ausr\u00fcstung. Seit acht Jahren feilen wir jedes zweite Jahr an diesem zentralen Bestandteil jeder Hike &amp; Fly Ausr\u00fcstung, um ihn noch besser zu machen.Die Geometrie dieses Rucksacks ist auf maximale Stabilit\u00e4t beim Laufen und beim Berglauf ausgelegt. Seine robusten Accessoires sind gut durchdacht, einfach zu nutzen und so komplett wie m\u00f6glich. Seine unterschiedlichen Gewebepanele sind auf ein optimales Verh\u00e4ltnis zwischen Gewicht, Robustheit und Komprimierbarkeit ausgelegt.Der in zwei Gr\u00f6\u00dfen erh\u00e4ltliche Trail Race 2 ist ein perfekter Begleiter f\u00fcr gro\u00dfe, schnelle Abenteuer.\" \/>\n<meta property=\"og:url\" content=\"https:\/\/swissgliders.ch\/de\/produkt\/ozone-trail-race-2\/\" \/>\n<meta property=\"og:site_name\" content=\"Gleitschirmschule Thun, Bern, Interlaken\" \/>\n<meta property=\"article:publisher\" content=\"https:\/\/www.facebook.com\/swissgliders\" \/>\n<meta property=\"article:modified_time\" content=\"2026-04-09T19:16:55+00:00\" \/>\n<meta property=\"og:image\" content=\"https:\/\/swissgliders.ch\/wp-content\/uploads\/2025\/11\/Ozone_Rucksack_Trail-Race-2-1.png\" \/>\n\t<meta property=\"og:image:width\" content=\"770\" \/>\n\t<meta property=\"og:image:height\" content=\"940\" \/>\n\t<meta property=\"og:image:type\" content=\"image\/png\" \/>\n<meta name=\"twitter:card\" content=\"summary_large_image\" \/>\n<meta name=\"twitter:site\" content=\"@Swissgliders\" \/>\n<meta name=\"twitter:label1\" content=\"Verf\u00fcgbarkeit\" \/>\n\t<meta name=\"twitter:data1\" content=\"Auf Lager\" \/>\n<script type=\"application\/ld+json\" class=\"yoast-schema-graph\">{\"@context\":\"https:\\\/\\\/schema.org\",\"@graph\":[{\"@type\":\"WebPage\",\"@id\":\"https:\\\/\\\/swissgliders.ch\\\/de\\\/produkt\\\/ozone-trail-race-2\\\/\",\"url\":\"https:\\\/\\\/swissgliders.ch\\\/de\\\/produkt\\\/ozone-trail-race-2\\\/\",\"name\":\"Ozone Trail Race 2 | Gleitschirmschule Thun, Bern, Interlaken\",\"isPartOf\":{\"@id\":\"https:\\\/\\\/swissgliders.ch\\\/de\\\/#website\"},\"primaryImageOfPage\":{\"@id\":\"https:\\\/\\\/swissgliders.ch\\\/de\\\/produkt\\\/ozone-trail-race-2\\\/#primaryimage\"},\"image\":{\"@id\":\"https:\\\/\\\/swissgliders.ch\\\/de\\\/produkt\\\/ozone-trail-race-2\\\/#primaryimage\"},\"thumbnailUrl\":\"https:\\\/\\\/swissgliders.ch\\\/wp-content\\\/uploads\\\/2025\\\/11\\\/Ozone_Rucksack_Trail-Race-2-1.png\",\"datePublished\":\"2025-11-20T09:25:51+00:00\",\"dateModified\":\"2026-04-09T19:16:55+00:00\",\"description\":\"Rucksack Trail Race 2 von Ozone ist eine logische Weiterf\u00fchrung unserer Arbeit an der X-Alps-Ausr\u00fcstung. Seit acht Jahren feilen wir jedes zweite Jahr an diesem zentralen Bestandteil jeder Hike & Fly Ausr\u00fcstung, um ihn noch besser zu machen.Die Geometrie dieses Rucksacks ist auf maximale Stabilit\u00e4t beim Laufen und beim Berglauf ausgelegt. Seine robusten Accessoires sind gut durchdacht, einfach zu nutzen und so komplett wie m\u00f6glich. Seine unterschiedlichen Gewebepanele sind auf ein optimales Verh\u00e4ltnis zwischen Gewicht, Robustheit und Komprimierbarkeit ausgelegt.Der in zwei Gr\u00f6\u00dfen erh\u00e4ltliche Trail Race 2 ist ein perfekter Begleiter f\u00fcr gro\u00dfe, schnelle Abenteuer.\",\"breadcrumb\":{\"@id\":\"https:\\\/\\\/swissgliders.ch\\\/de\\\/produkt\\\/ozone-trail-race-2\\\/#breadcrumb\"},\"inLanguage\":\"de\",\"potentialAction\":[{\"@type\":\"ReadAction\",\"target\":[\"https:\\\/\\\/swissgliders.ch\\\/de\\\/produkt\\\/ozone-trail-race-2\\\/\"]}]},{\"@type\":\"ImageObject\",\"inLanguage\":\"de\",\"@id\":\"https:\\\/\\\/swissgliders.ch\\\/de\\\/produkt\\\/ozone-trail-race-2\\\/#primaryimage\",\"url\":\"https:\\\/\\\/swissgliders.ch\\\/wp-content\\\/uploads\\\/2025\\\/11\\\/Ozone_Rucksack_Trail-Race-2-1.png\",\"contentUrl\":\"https:\\\/\\\/swissgliders.ch\\\/wp-content\\\/uploads\\\/2025\\\/11\\\/Ozone_Rucksack_Trail-Race-2-1.png\",\"width\":770,\"height\":940,\"caption\":\"Ozone_Rucksack_Trail Race 2-1\"},{\"@type\":\"BreadcrumbList\",\"@id\":\"https:\\\/\\\/swissgliders.ch\\\/de\\\/produkt\\\/ozone-trail-race-2\\\/#breadcrumb\",\"itemListElement\":[{\"@type\":\"ListItem\",\"position\":1,\"name\":\"Startseite\",\"item\":\"https:\\\/\\\/swissgliders.ch\\\/de\\\/willkommen\\\/\"},{\"@type\":\"ListItem\",\"position\":2,\"name\":\"Gleitschirm Shop\",\"item\":\"https:\\\/\\\/swissgliders.ch\\\/de\\\/gleitschirm-shop\\\/\"},{\"@type\":\"ListItem\",\"position\":3,\"name\":\"Ozone Trail Race 2\"}]},{\"@type\":\"WebSite\",\"@id\":\"https:\\\/\\\/swissgliders.ch\\\/de\\\/#website\",\"url\":\"https:\\\/\\\/swissgliders.ch\\\/de\\\/\",\"name\":\"Gleitschirmschule Thun, Bern, Interlaken\",\"description\":\"Gleitschirmschule Thun, Bern, Interlaken\",\"publisher\":{\"@id\":\"https:\\\/\\\/swissgliders.ch\\\/de\\\/#organization\"},\"potentialAction\":[{\"@type\":\"SearchAction\",\"target\":{\"@type\":\"EntryPoint\",\"urlTemplate\":\"https:\\\/\\\/swissgliders.ch\\\/de\\\/?s={search_term_string}\"},\"query-input\":{\"@type\":\"PropertyValueSpecification\",\"valueRequired\":true,\"valueName\":\"search_term_string\"}}],\"inLanguage\":\"de\"},{\"@type\":\"Organization\",\"@id\":\"https:\\\/\\\/swissgliders.ch\\\/de\\\/#organization\",\"name\":\"Swissgliders Gleitschirmflugschule Thun\",\"url\":\"https:\\\/\\\/swissgliders.ch\\\/de\\\/\",\"logo\":{\"@type\":\"ImageObject\",\"inLanguage\":\"de\",\"@id\":\"https:\\\/\\\/swissgliders.ch\\\/de\\\/#\\\/schema\\\/logo\\\/image\\\/\",\"url\":\"https:\\\/\\\/swissgliders.ch\\\/wp-content\\\/uploads\\\/2019\\\/12\\\/swissgliders-logo-rgb-square-L-no-ch-01.png\",\"contentUrl\":\"https:\\\/\\\/swissgliders.ch\\\/wp-content\\\/uploads\\\/2019\\\/12\\\/swissgliders-logo-rgb-square-L-no-ch-01.png\",\"width\":2500,\"height\":2500,\"caption\":\"Swissgliders Gleitschirmflugschule Thun\"},\"image\":{\"@id\":\"https:\\\/\\\/swissgliders.ch\\\/de\\\/#\\\/schema\\\/logo\\\/image\\\/\"},\"sameAs\":[\"https:\\\/\\\/www.facebook.com\\\/swissgliders\",\"https:\\\/\\\/x.com\\\/Swissgliders\",\"https:\\\/\\\/www.instagram.com\\\/swissgliders\\\/\",\"https:\\\/\\\/www.youtube.com\\\/channel\\\/UCMCtGdepy9vBhrhX3V_oJOA\"],\"hasMerchantReturnPolicy\":{\"@type\":\"MerchantReturnPolicy\",\"merchantReturnLink\":\"https:\\\/\\\/swissgliders.ch\\\/de\\\/allgemeine-geschaftsbedingungen\\\/\"}}]}<\/script>\n<meta property=\"og:availability\" content=\"instock\" \/>\n<meta property=\"product:availability\" content=\"instock\" \/>\n<meta property=\"product:condition\" content=\"new\" \/>\n<!-- \/ Yoast SEO Premium plugin. -->","yoast_head_json":{"title":"Ozone Trail Race 2 | Gleitschirmschule Thun, Bern, Interlaken","description":"Rucksack Trail Race 2 von Ozone ist eine logische Weiterf\u00fchrung unserer Arbeit an der X-Alps-Ausr\u00fcstung. Seit acht Jahren feilen wir jedes zweite Jahr an diesem zentralen Bestandteil jeder Hike & Fly Ausr\u00fcstung, um ihn noch besser zu machen.Die Geometrie dieses Rucksacks ist auf maximale Stabilit\u00e4t beim Laufen und beim Berglauf ausgelegt. Seine robusten Accessoires sind gut durchdacht, einfach zu nutzen und so komplett wie m\u00f6glich. Seine unterschiedlichen Gewebepanele sind auf ein optimales Verh\u00e4ltnis zwischen Gewicht, Robustheit und Komprimierbarkeit ausgelegt.Der in zwei Gr\u00f6\u00dfen erh\u00e4ltliche Trail Race 2 ist ein perfekter Begleiter f\u00fcr gro\u00dfe, schnelle Abenteuer.","robots":{"index":"index","follow":"follow","max-snippet":"max-snippet:-1","max-image-preview":"max-image-preview:large","max-video-preview":"max-video-preview:-1"},"canonical":"https:\/\/swissgliders.ch\/de\/produkt\/ozone-trail-race-2\/","og_locale":"de_DE","og_type":"article","og_title":"Ozone Trail Race 2","og_description":"Rucksack Trail Race 2 von Ozone ist eine logische Weiterf\u00fchrung unserer Arbeit an der X-Alps-Ausr\u00fcstung. Seit acht Jahren feilen wir jedes zweite Jahr an diesem zentralen Bestandteil jeder Hike & Fly Ausr\u00fcstung, um ihn noch besser zu machen.Die Geometrie dieses Rucksacks ist auf maximale Stabilit\u00e4t beim Laufen und beim Berglauf ausgelegt. Seine robusten Accessoires sind gut durchdacht, einfach zu nutzen und so komplett wie m\u00f6glich. Seine unterschiedlichen Gewebepanele sind auf ein optimales Verh\u00e4ltnis zwischen Gewicht, Robustheit und Komprimierbarkeit ausgelegt.Der in zwei Gr\u00f6\u00dfen erh\u00e4ltliche Trail Race 2 ist ein perfekter Begleiter f\u00fcr gro\u00dfe, schnelle Abenteuer.","og_url":"https:\/\/swissgliders.ch\/de\/produkt\/ozone-trail-race-2\/","og_site_name":"Gleitschirmschule Thun, Bern, Interlaken","article_publisher":"https:\/\/www.facebook.com\/swissgliders","article_modified_time":"2026-04-09T19:16:55+00:00","og_image":[{"width":770,"height":940,"url":"https:\/\/swissgliders.ch\/wp-content\/uploads\/2025\/11\/Ozone_Rucksack_Trail-Race-2-1.png","type":"image\/png"}],"twitter_card":"summary_large_image","twitter_site":"@Swissgliders","twitter_misc":{"Verf\u00fcgbarkeit":"Auf Lager"},"schema":{"@context":"https:\/\/schema.org","@graph":[{"@type":"WebPage","@id":"https:\/\/swissgliders.ch\/de\/produkt\/ozone-trail-race-2\/","url":"https:\/\/swissgliders.ch\/de\/produkt\/ozone-trail-race-2\/","name":"Ozone Trail Race 2 | Gleitschirmschule Thun, Bern, Interlaken","isPartOf":{"@id":"https:\/\/swissgliders.ch\/de\/#website"},"primaryImageOfPage":{"@id":"https:\/\/swissgliders.ch\/de\/produkt\/ozone-trail-race-2\/#primaryimage"},"image":{"@id":"https:\/\/swissgliders.ch\/de\/produkt\/ozone-trail-race-2\/#primaryimage"},"thumbnailUrl":"https:\/\/swissgliders.ch\/wp-content\/uploads\/2025\/11\/Ozone_Rucksack_Trail-Race-2-1.png","datePublished":"2025-11-20T09:25:51+00:00","dateModified":"2026-04-09T19:16:55+00:00","description":"Rucksack Trail Race 2 von Ozone ist eine logische Weiterf\u00fchrung unserer Arbeit an der X-Alps-Ausr\u00fcstung. Seit acht Jahren feilen wir jedes zweite Jahr an diesem zentralen Bestandteil jeder Hike & Fly Ausr\u00fcstung, um ihn noch besser zu machen.Die Geometrie dieses Rucksacks ist auf maximale Stabilit\u00e4t beim Laufen und beim Berglauf ausgelegt. Seine robusten Accessoires sind gut durchdacht, einfach zu nutzen und so komplett wie m\u00f6glich. Seine unterschiedlichen Gewebepanele sind auf ein optimales Verh\u00e4ltnis zwischen Gewicht, Robustheit und Komprimierbarkeit ausgelegt.Der in zwei Gr\u00f6\u00dfen erh\u00e4ltliche Trail Race 2 ist ein perfekter Begleiter f\u00fcr gro\u00dfe, schnelle Abenteuer.","breadcrumb":{"@id":"https:\/\/swissgliders.ch\/de\/produkt\/ozone-trail-race-2\/#breadcrumb"},"inLanguage":"de","potentialAction":[{"@type":"ReadAction","target":["https:\/\/swissgliders.ch\/de\/produkt\/ozone-trail-race-2\/"]}]},{"@type":"ImageObject","inLanguage":"de","@id":"https:\/\/swissgliders.ch\/de\/produkt\/ozone-trail-race-2\/#primaryimage","url":"https:\/\/swissgliders.ch\/wp-content\/uploads\/2025\/11\/Ozone_Rucksack_Trail-Race-2-1.png","contentUrl":"https:\/\/swissgliders.ch\/wp-content\/uploads\/2025\/11\/Ozone_Rucksack_Trail-Race-2-1.png","width":770,"height":940,"caption":"Ozone_Rucksack_Trail Race 2-1"},{"@type":"BreadcrumbList","@id":"https:\/\/swissgliders.ch\/de\/produkt\/ozone-trail-race-2\/#breadcrumb","itemListElement":[{"@type":"ListItem","position":1,"name":"Startseite","item":"https:\/\/swissgliders.ch\/de\/willkommen\/"},{"@type":"ListItem","position":2,"name":"Gleitschirm Shop","item":"https:\/\/swissgliders.ch\/de\/gleitschirm-shop\/"},{"@type":"ListItem","position":3,"name":"Ozone Trail Race 2"}]},{"@type":"WebSite","@id":"https:\/\/swissgliders.ch\/de\/#website","url":"https:\/\/swissgliders.ch\/de\/","name":"Gleitschirmschule Thun, Bern, Interlaken","description":"Gleitschirmschule Thun, Bern, Interlaken","publisher":{"@id":"https:\/\/swissgliders.ch\/de\/#organization"},"potentialAction":[{"@type":"SearchAction","target":{"@type":"EntryPoint","urlTemplate":"https:\/\/swissgliders.ch\/de\/?s={search_term_string}"},"query-input":{"@type":"PropertyValueSpecification","valueRequired":true,"valueName":"search_term_string"}}],"inLanguage":"de"},{"@type":"Organization","@id":"https:\/\/swissgliders.ch\/de\/#organization","name":"Swissgliders Gleitschirmflugschule Thun","url":"https:\/\/swissgliders.ch\/de\/","logo":{"@type":"ImageObject","inLanguage":"de","@id":"https:\/\/swissgliders.ch\/de\/#\/schema\/logo\/image\/","url":"https:\/\/swissgliders.ch\/wp-content\/uploads\/2019\/12\/swissgliders-logo-rgb-square-L-no-ch-01.png","contentUrl":"https:\/\/swissgliders.ch\/wp-content\/uploads\/2019\/12\/swissgliders-logo-rgb-square-L-no-ch-01.png","width":2500,"height":2500,"caption":"Swissgliders Gleitschirmflugschule Thun"},"image":{"@id":"https:\/\/swissgliders.ch\/de\/#\/schema\/logo\/image\/"},"sameAs":["https:\/\/www.facebook.com\/swissgliders","https:\/\/x.com\/Swissgliders","https:\/\/www.instagram.com\/swissgliders\/","https:\/\/www.youtube.com\/channel\/UCMCtGdepy9vBhrhX3V_oJOA"],"hasMerchantReturnPolicy":{"@type":"MerchantReturnPolicy","merchantReturnLink":"https:\/\/swissgliders.ch\/de\/allgemeine-geschaftsbedingungen\/"}}]},"og_availability":"instock","product_availability":"instock","product_condition":"new"},"_links":{"self":[{"href":"https:\/\/swissgliders.ch\/de\/wp-json\/wp\/v2\/product\/21711","targetHints":{"allow":["GET"]}}],"collection":[{"href":"https:\/\/swissgliders.ch\/de\/wp-json\/wp\/v2\/product"}],"about":[{"href":"https:\/\/swissgliders.ch\/de\/wp-json\/wp\/v2\/types\/product"}],"replies":[{"embeddable":true,"href":"https:\/\/swissgliders.ch\/de\/wp-json\/wp\/v2\/comments?post=21711"}],"wp:featuredmedia":[{"embeddable":true,"href":"https:\/\/swissgliders.ch\/de\/wp-json\/wp\/v2\/media\/21715"}],"wp:attachment":[{"href":"https:\/\/swissgliders.ch\/de\/wp-json\/wp\/v2\/media?parent=21711"}],"wp:term":[{"taxonomy":"product_brand","embeddable":true,"href":"https:\/\/swissgliders.ch\/de\/wp-json\/wp\/v2\/product_brand?post=21711"},{"taxonomy":"product_cat","embeddable":true,"href":"https:\/\/swissgliders.ch\/de\/wp-json\/wp\/v2\/product_cat?post=21711"},{"taxonomy":"product_tag","embeddable":true,"href":"https:\/\/swissgliders.ch\/de\/wp-json\/wp\/v2\/product_tag?post=21711"}],"curies":[{"name":"wp","href":"https:\/\/api.w.org\/{rel}","templated":true}]}}