{"id":21846,"date":"2025-12-09T15:07:08","date_gmt":"2025-12-09T14:07:08","guid":{"rendered":"https:\/\/swissgliders.ch\/?post_type=product&#038;p=21846"},"modified":"2025-12-09T15:20:11","modified_gmt":"2025-12-09T14:20:11","slug":"gleitschirmbuch-hike-fly-guide-oberwallis","status":"publish","type":"product","link":"https:\/\/swissgliders.ch\/de\/produkt\/gleitschirmbuch-hike-fly-guide-oberwallis\/","title":{"rendered":"Gleitschirmbuch &#8222;Hike &#038; Fly Guide Oberwallis&#8220;"},"content":{"rendered":"<h3 class=\"titleH1\"><br class=\"avia-permanent-lb\" \/>Buch &#8222;Hike &amp; Fly Guide Oberwallis&#8220;<\/h3>\n<p><img loading=\"lazy\" decoding=\"async\" class=\"\" src=\"https:\/\/freerideguide.ch\/schweiz\/wp-content\/uploads\/2025\/10\/Buch-freigestellt.png\" width=\"326\" height=\"493\" \/><br class=\"avia-permanent-lb\" \/><br class=\"avia-permanent-lb\" \/><\/p>\n<p>Der Guide beinhaltet 60 Vorschl\u00e4ge f\u00fcr Hike &amp; Fly, Climb &amp; Fly und Ski &amp; Fly-Touren im Oberwallis von Sierre bis zum Furkapass, systematisch beschrieben und beurteilt nach Kriterien wie Zeitbedarf und H\u00f6henunterschied des Aufstiegs, Schwierigkeitsgrad des Start- und Landeplatzes, Hangexposition, Positives, Negatives, Gefahrenhinweise, Hinweise auf Wildschutzgebiete sowie Wissenswertes. Die Touren k\u00f6nnen dabei auf topographischen Karten im Massstab 1:100&#8217;000 und alle Start- und Landepl\u00e4tze auf Karten im Massstab von 1:25\u2018000 nachgeschlagen werden. Weiter verf\u00fcgt das Buch \u00fcber informative Kapitel wie Tourenvorbereitung, Hike &amp; Fly Praxistipps von Chrigel Maurer, Meteo (insbesondere \u00fcber die lokalen Wetterph\u00e4nomene im Oberwallis) und Wildtierschutz. Als Auflockerung gibt es im Buch diverse Erlebnisberichte.<\/p>\n<p>Der Hike &amp; Fly Guide Oberwallis hat 416 Seiten, 295 Abbildungen und 212 Swisstopo-Kartenausschnitte. Er dokumentiert 85 Start- und 47 Landepl\u00e4tze.<\/p>\n<p>Autoren: Bernhard Senn, Thomas Kalbermatter, Roger Fischer<\/p>\n<p>ISBN: 978-3-9524054-3-7<\/p>\n<p><a href=\"https:\/\/freerideguide.ch\/schweiz\/beispielvarianten\/\" target=\"_blank\" rel=\"noopener\">Blick ins Buch<\/a><\/p>\n<p><br class=\"avia-permanent-lb\" \/><br class=\"avia-permanent-lb\" \/>Mehr <a href=\"https:\/\/freerideguide.ch\/schweiz\/produkt\/hike-fly-guide-oberwallis\/\" target=\"_blank\" rel=\"noopener noreferrer\">Info<\/a><\/p>\n<p>Falls dieser Artikel nicht an Lager ist, wird er f\u00fcr dich bestellt. Lieferfrist auf Anfrage.<\/p>\n","protected":false},"excerpt":{"rendered":"<h3 class=\"titleH1\"><br class=\"avia-permanent-lb\" \/>Buch &#8222;Hike &amp; Fly Guide Oberwallis&#8220;<\/h3>\n<p><img loading=\"lazy\" decoding=\"async\" class=\"\" src=\"https:\/\/freerideguide.ch\/schweiz\/wp-content\/uploads\/2025\/10\/Buch-freigestellt.png\" width=\"326\" height=\"493\" \/><br class=\"avia-permanent-lb\" \/><br class=\"avia-permanent-lb\" \/><\/p>\n<p>Der Guide beinhaltet 60 Vorschl\u00e4ge f\u00fcr Hike &amp; Fly, Climb &amp; Fly und Ski &amp; Fly-Touren im Oberwallis von Sierre bis zum Furkapass, systematisch beschrieben und beurteilt nach Kriterien wie Zeitbedarf und H\u00f6henunterschied des Aufstiegs, Schwierigkeitsgrad des Start- und Landeplatzes, Hangexposition, Positives, Negatives, Gefahrenhinweise, Hinweise auf Wildschutzgebiete sowie Wissenswertes. Die Touren k\u00f6nnen dabei auf topographischen Karten im Massstab 1:100&#8217;000 und alle Start- und Landepl\u00e4tze auf Karten im Massstab von 1:25\u2018000 nachgeschlagen werden. Weiter verf\u00fcgt das Buch \u00fcber informative Kapitel wie Tourenvorbereitung, Hike &amp; Fly Praxistipps von Chrigel Maurer, Meteo (insbesondere \u00fcber die lokalen Wetterph\u00e4nomene im Oberwallis) und Wildtierschutz. Als Auflockerung gibt es im Buch diverse Erlebnisberichte.<\/p>\n<p>Der Hike &amp; Fly Guide Oberwallis hat 416 Seiten, 295 Abbildungen und 212 Swisstopo-Kartenausschnitte. Er dokumentiert 85 Start- und 47 Landepl\u00e4tze.<\/p>\n<p>Autoren: Bernhard Senn, Thomas Kalbermatter, Roger Fischer<\/p>\n<p>ISBN: 978-3-9524054-3-7<\/p>\n<p><a href=\"https:\/\/freerideguide.ch\/schweiz\/beispielvarianten\/\" target=\"_blank\" rel=\"noopener\">Blick ins Buch<\/a><\/p>\n<p><br class=\"avia-permanent-lb\" \/><br class=\"avia-permanent-lb\" \/>Mehr <a href=\"https:\/\/freerideguide.ch\/schweiz\/produkt\/hike-fly-guide-oberwallis\/\" target=\"_blank\" rel=\"noopener noreferrer\">Info<\/a><\/p>\n<p>Falls dieser Artikel nicht an Lager ist, wird er f\u00fcr dich bestellt. Lieferfrist auf Anfrage.<\/p>\n","protected":false},"featured_media":21849,"comment_status":"closed","ping_status":"closed","template":"","meta":[],"product_brand":[2691],"product_cat":[2092],"product_tag":[2208,90],"class_list":{"0":"post-21846","1":"product","2":"type-product","3":"status-publish","4":"has-post-thumbnail","6":"product_brand-freerideguide","7":"product_cat-gleitschirm-buecher","8":"product_tag-buecher","9":"product_tag-verkaufsartikel","10":"product_shipping_class-priority-2kg-de","12":"first","13":"instock","14":"shipping-taxable","15":"purchasable","16":"product-type-simple"},"yoast_head":"<!-- This site is optimized with the Yoast SEO Premium plugin v26.1 (Yoast SEO v27.3) - https:\/\/yoast.com\/product\/yoast-seo-premium-wordpress\/ -->\n<title>Gleitschirmbuch &quot;Hike &amp; Fly Guide Oberwallis&quot; | Gleitschirmschule Thun, Bern, Interlaken<\/title>\n<meta name=\"description\" content=\"Das Gleitschirm Buch &quot;Hike &amp; Fly Guide Oberwallis&quot;. Der Guide beinhaltet 60 Vorschl\u00e4ge f\u00fcr Hike &amp; Fly, Climb &amp; Fly und Ski &amp; Fly-Touren im Oberwallis von Sierre bis zum Furkapass, systematisch beschrieben und beurteilt nach Kriterien wie Zeitbedarf und H\u00f6henunterschied des Aufstiegs, Schwierigkeitsgrad des Start- und Landeplatzes, Hangexposition, Positives, Negatives, Gefahrenhinweise, Hinweise auf Wildschutzgebiete sowie Wissenswertes.&quot;\" \/>\n<meta name=\"robots\" content=\"index, follow, max-snippet:-1, max-image-preview:large, max-video-preview:-1\" \/>\n<link rel=\"canonical\" href=\"https:\/\/swissgliders.ch\/de\/produkt\/gleitschirmbuch-hike-fly-guide-oberwallis\/\" \/>\n<meta property=\"og:locale\" content=\"de_DE\" \/>\n<meta property=\"og:type\" content=\"article\" \/>\n<meta property=\"og:title\" content=\"Gleitschirmbuch &quot;Hike &amp; Fly Guide Oberwallis&quot;\" \/>\n<meta property=\"og:description\" content=\"Das Gleitschirm Buch &quot;Hike &amp; Fly Guide Oberwallis&quot;. Der Guide beinhaltet 60 Vorschl\u00e4ge f\u00fcr Hike &amp; Fly, Climb &amp; Fly und Ski &amp; Fly-Touren im Oberwallis von Sierre bis zum Furkapass, systematisch beschrieben und beurteilt nach Kriterien wie Zeitbedarf und H\u00f6henunterschied des Aufstiegs, Schwierigkeitsgrad des Start- und Landeplatzes, Hangexposition, Positives, Negatives, Gefahrenhinweise, Hinweise auf Wildschutzgebiete sowie Wissenswertes.&quot;\" \/>\n<meta property=\"og:url\" content=\"https:\/\/swissgliders.ch\/de\/produkt\/gleitschirmbuch-hike-fly-guide-oberwallis\/\" \/>\n<meta property=\"og:site_name\" content=\"Gleitschirmschule Thun, Bern, Interlaken\" \/>\n<meta property=\"article:publisher\" content=\"https:\/\/www.facebook.com\/swissgliders\" \/>\n<meta property=\"article:modified_time\" content=\"2025-12-09T14:20:11+00:00\" \/>\n<meta property=\"og:image\" content=\"https:\/\/swissgliders.ch\/wp-content\/uploads\/2025\/12\/Buch_Hike-Fly-Guide-Oberwallis-681x1030.png\" \/>\n\t<meta property=\"og:image:width\" content=\"681\" \/>\n\t<meta property=\"og:image:height\" content=\"1030\" \/>\n\t<meta property=\"og:image:type\" content=\"image\/png\" \/>\n<meta name=\"twitter:card\" content=\"summary_large_image\" \/>\n<meta name=\"twitter:site\" content=\"@Swissgliders\" \/>\n<meta name=\"twitter:label1\" content=\"Preis\" \/>\n\t<meta name=\"twitter:data1\" content=\"&#067;&#072;&#070;&nbsp;58.00\" \/>\n\t<meta name=\"twitter:label2\" content=\"Verf\u00fcgbarkeit\" \/>\n\t<meta name=\"twitter:data2\" content=\"Auf Lager\" \/>\n<script type=\"application\/ld+json\" class=\"yoast-schema-graph\">{\"@context\":\"https:\\\/\\\/schema.org\",\"@graph\":[{\"@type\":\"WebPage\",\"@id\":\"https:\\\/\\\/swissgliders.ch\\\/de\\\/produkt\\\/gleitschirmbuch-hike-fly-guide-oberwallis\\\/\",\"url\":\"https:\\\/\\\/swissgliders.ch\\\/de\\\/produkt\\\/gleitschirmbuch-hike-fly-guide-oberwallis\\\/\",\"name\":\"Gleitschirmbuch \\\"Hike & Fly Guide Oberwallis\\\" | Gleitschirmschule Thun, Bern, Interlaken\",\"isPartOf\":{\"@id\":\"https:\\\/\\\/swissgliders.ch\\\/de\\\/#website\"},\"primaryImageOfPage\":{\"@id\":\"https:\\\/\\\/swissgliders.ch\\\/de\\\/produkt\\\/gleitschirmbuch-hike-fly-guide-oberwallis\\\/#primaryimage\"},\"image\":{\"@id\":\"https:\\\/\\\/swissgliders.ch\\\/de\\\/produkt\\\/gleitschirmbuch-hike-fly-guide-oberwallis\\\/#primaryimage\"},\"thumbnailUrl\":\"https:\\\/\\\/swissgliders.ch\\\/wp-content\\\/uploads\\\/2025\\\/12\\\/Buch_Hike-Fly-Guide-Oberwallis.png\",\"datePublished\":\"2025-12-09T14:07:08+00:00\",\"dateModified\":\"2025-12-09T14:20:11+00:00\",\"description\":\"Das Gleitschirm Buch \\\"Hike & Fly Guide Oberwallis\\\". Der Guide beinhaltet 60 Vorschl\u00e4ge f\u00fcr Hike & Fly, Climb & Fly und Ski & Fly-Touren im Oberwallis von Sierre bis zum Furkapass, systematisch beschrieben und beurteilt nach Kriterien wie Zeitbedarf und H\u00f6henunterschied des Aufstiegs, Schwierigkeitsgrad des Start- und Landeplatzes, Hangexposition, Positives, Negatives, Gefahrenhinweise, Hinweise auf Wildschutzgebiete sowie Wissenswertes.\\\"\",\"breadcrumb\":{\"@id\":\"https:\\\/\\\/swissgliders.ch\\\/de\\\/produkt\\\/gleitschirmbuch-hike-fly-guide-oberwallis\\\/#breadcrumb\"},\"inLanguage\":\"de\",\"potentialAction\":[{\"@type\":\"ReadAction\",\"target\":[\"https:\\\/\\\/swissgliders.ch\\\/de\\\/produkt\\\/gleitschirmbuch-hike-fly-guide-oberwallis\\\/\"]}]},{\"@type\":\"ImageObject\",\"inLanguage\":\"de\",\"@id\":\"https:\\\/\\\/swissgliders.ch\\\/de\\\/produkt\\\/gleitschirmbuch-hike-fly-guide-oberwallis\\\/#primaryimage\",\"url\":\"https:\\\/\\\/swissgliders.ch\\\/wp-content\\\/uploads\\\/2025\\\/12\\\/Buch_Hike-Fly-Guide-Oberwallis.png\",\"contentUrl\":\"https:\\\/\\\/swissgliders.ch\\\/wp-content\\\/uploads\\\/2025\\\/12\\\/Buch_Hike-Fly-Guide-Oberwallis.png\",\"width\":1523,\"height\":2302,\"caption\":\"Buch_Hike & Fly Guide Oberwallis\"},{\"@type\":\"BreadcrumbList\",\"@id\":\"https:\\\/\\\/swissgliders.ch\\\/de\\\/produkt\\\/gleitschirmbuch-hike-fly-guide-oberwallis\\\/#breadcrumb\",\"itemListElement\":[{\"@type\":\"ListItem\",\"position\":1,\"name\":\"Startseite\",\"item\":\"https:\\\/\\\/swissgliders.ch\\\/de\\\/willkommen\\\/\"},{\"@type\":\"ListItem\",\"position\":2,\"name\":\"Gleitschirm Shop\",\"item\":\"https:\\\/\\\/swissgliders.ch\\\/de\\\/gleitschirm-shop\\\/\"},{\"@type\":\"ListItem\",\"position\":3,\"name\":\"Gleitschirmbuch &#8220;Hike &#038; Fly Guide Oberwallis&#8221;\"}]},{\"@type\":\"WebSite\",\"@id\":\"https:\\\/\\\/swissgliders.ch\\\/de\\\/#website\",\"url\":\"https:\\\/\\\/swissgliders.ch\\\/de\\\/\",\"name\":\"Gleitschirmschule Thun, Bern, Interlaken\",\"description\":\"Gleitschirmschule Thun, Bern, Interlaken\",\"publisher\":{\"@id\":\"https:\\\/\\\/swissgliders.ch\\\/de\\\/#organization\"},\"potentialAction\":[{\"@type\":\"SearchAction\",\"target\":{\"@type\":\"EntryPoint\",\"urlTemplate\":\"https:\\\/\\\/swissgliders.ch\\\/de\\\/?s={search_term_string}\"},\"query-input\":{\"@type\":\"PropertyValueSpecification\",\"valueRequired\":true,\"valueName\":\"search_term_string\"}}],\"inLanguage\":\"de\"},{\"@type\":\"Organization\",\"@id\":\"https:\\\/\\\/swissgliders.ch\\\/de\\\/#organization\",\"name\":\"Swissgliders Gleitschirmflugschule Thun\",\"url\":\"https:\\\/\\\/swissgliders.ch\\\/de\\\/\",\"logo\":{\"@type\":\"ImageObject\",\"inLanguage\":\"de\",\"@id\":\"https:\\\/\\\/swissgliders.ch\\\/de\\\/#\\\/schema\\\/logo\\\/image\\\/\",\"url\":\"https:\\\/\\\/swissgliders.ch\\\/wp-content\\\/uploads\\\/2019\\\/12\\\/swissgliders-logo-rgb-square-L-no-ch-01.png\",\"contentUrl\":\"https:\\\/\\\/swissgliders.ch\\\/wp-content\\\/uploads\\\/2019\\\/12\\\/swissgliders-logo-rgb-square-L-no-ch-01.png\",\"width\":2500,\"height\":2500,\"caption\":\"Swissgliders Gleitschirmflugschule Thun\"},\"image\":{\"@id\":\"https:\\\/\\\/swissgliders.ch\\\/de\\\/#\\\/schema\\\/logo\\\/image\\\/\"},\"sameAs\":[\"https:\\\/\\\/www.facebook.com\\\/swissgliders\",\"https:\\\/\\\/x.com\\\/Swissgliders\",\"https:\\\/\\\/www.instagram.com\\\/swissgliders\\\/\",\"https:\\\/\\\/www.youtube.com\\\/channel\\\/UCMCtGdepy9vBhrhX3V_oJOA\"],\"hasMerchantReturnPolicy\":{\"@type\":\"MerchantReturnPolicy\",\"merchantReturnLink\":\"https:\\\/\\\/swissgliders.ch\\\/de\\\/allgemeine-geschaftsbedingungen\\\/\"}}]}<\/script>\n<meta property=\"product:price:amount\" content=\"58.00\" \/>\n<meta property=\"product:price:currency\" content=\"CHF\" \/>\n<meta property=\"og:availability\" content=\"instock\" \/>\n<meta property=\"product:availability\" content=\"instock\" \/>\n<meta property=\"product:condition\" content=\"new\" \/>\n<!-- \/ Yoast SEO Premium plugin. -->","yoast_head_json":{"title":"Gleitschirmbuch \"Hike & Fly Guide Oberwallis\" | Gleitschirmschule Thun, Bern, Interlaken","description":"Das Gleitschirm Buch \"Hike & Fly Guide Oberwallis\". Der Guide beinhaltet 60 Vorschl\u00e4ge f\u00fcr Hike & Fly, Climb & Fly und Ski & Fly-Touren im Oberwallis von Sierre bis zum Furkapass, systematisch beschrieben und beurteilt nach Kriterien wie Zeitbedarf und H\u00f6henunterschied des Aufstiegs, Schwierigkeitsgrad des Start- und Landeplatzes, Hangexposition, Positives, Negatives, Gefahrenhinweise, Hinweise auf Wildschutzgebiete sowie Wissenswertes.\"","robots":{"index":"index","follow":"follow","max-snippet":"max-snippet:-1","max-image-preview":"max-image-preview:large","max-video-preview":"max-video-preview:-1"},"canonical":"https:\/\/swissgliders.ch\/de\/produkt\/gleitschirmbuch-hike-fly-guide-oberwallis\/","og_locale":"de_DE","og_type":"article","og_title":"Gleitschirmbuch \"Hike & Fly Guide Oberwallis\"","og_description":"Das Gleitschirm Buch \"Hike & Fly Guide Oberwallis\". Der Guide beinhaltet 60 Vorschl\u00e4ge f\u00fcr Hike & Fly, Climb & Fly und Ski & Fly-Touren im Oberwallis von Sierre bis zum Furkapass, systematisch beschrieben und beurteilt nach Kriterien wie Zeitbedarf und H\u00f6henunterschied des Aufstiegs, Schwierigkeitsgrad des Start- und Landeplatzes, Hangexposition, Positives, Negatives, Gefahrenhinweise, Hinweise auf Wildschutzgebiete sowie Wissenswertes.\"","og_url":"https:\/\/swissgliders.ch\/de\/produkt\/gleitschirmbuch-hike-fly-guide-oberwallis\/","og_site_name":"Gleitschirmschule Thun, Bern, Interlaken","article_publisher":"https:\/\/www.facebook.com\/swissgliders","article_modified_time":"2025-12-09T14:20:11+00:00","og_image":[{"width":681,"height":1030,"url":"https:\/\/swissgliders.ch\/wp-content\/uploads\/2025\/12\/Buch_Hike-Fly-Guide-Oberwallis-681x1030.png","type":"image\/png"}],"twitter_card":"summary_large_image","twitter_site":"@Swissgliders","twitter_misc":{"Preis":"&#67;&#72;&#70;&nbsp;58.00","Verf\u00fcgbarkeit":"Auf Lager"},"schema":{"@context":"https:\/\/schema.org","@graph":[{"@type":"WebPage","@id":"https:\/\/swissgliders.ch\/de\/produkt\/gleitschirmbuch-hike-fly-guide-oberwallis\/","url":"https:\/\/swissgliders.ch\/de\/produkt\/gleitschirmbuch-hike-fly-guide-oberwallis\/","name":"Gleitschirmbuch \"Hike & Fly Guide Oberwallis\" | Gleitschirmschule Thun, Bern, Interlaken","isPartOf":{"@id":"https:\/\/swissgliders.ch\/de\/#website"},"primaryImageOfPage":{"@id":"https:\/\/swissgliders.ch\/de\/produkt\/gleitschirmbuch-hike-fly-guide-oberwallis\/#primaryimage"},"image":{"@id":"https:\/\/swissgliders.ch\/de\/produkt\/gleitschirmbuch-hike-fly-guide-oberwallis\/#primaryimage"},"thumbnailUrl":"https:\/\/swissgliders.ch\/wp-content\/uploads\/2025\/12\/Buch_Hike-Fly-Guide-Oberwallis.png","datePublished":"2025-12-09T14:07:08+00:00","dateModified":"2025-12-09T14:20:11+00:00","description":"Das Gleitschirm Buch \"Hike & Fly Guide Oberwallis\". Der Guide beinhaltet 60 Vorschl\u00e4ge f\u00fcr Hike & Fly, Climb & Fly und Ski & Fly-Touren im Oberwallis von Sierre bis zum Furkapass, systematisch beschrieben und beurteilt nach Kriterien wie Zeitbedarf und H\u00f6henunterschied des Aufstiegs, Schwierigkeitsgrad des Start- und Landeplatzes, Hangexposition, Positives, Negatives, Gefahrenhinweise, Hinweise auf Wildschutzgebiete sowie Wissenswertes.\"","breadcrumb":{"@id":"https:\/\/swissgliders.ch\/de\/produkt\/gleitschirmbuch-hike-fly-guide-oberwallis\/#breadcrumb"},"inLanguage":"de","potentialAction":[{"@type":"ReadAction","target":["https:\/\/swissgliders.ch\/de\/produkt\/gleitschirmbuch-hike-fly-guide-oberwallis\/"]}]},{"@type":"ImageObject","inLanguage":"de","@id":"https:\/\/swissgliders.ch\/de\/produkt\/gleitschirmbuch-hike-fly-guide-oberwallis\/#primaryimage","url":"https:\/\/swissgliders.ch\/wp-content\/uploads\/2025\/12\/Buch_Hike-Fly-Guide-Oberwallis.png","contentUrl":"https:\/\/swissgliders.ch\/wp-content\/uploads\/2025\/12\/Buch_Hike-Fly-Guide-Oberwallis.png","width":1523,"height":2302,"caption":"Buch_Hike & Fly Guide Oberwallis"},{"@type":"BreadcrumbList","@id":"https:\/\/swissgliders.ch\/de\/produkt\/gleitschirmbuch-hike-fly-guide-oberwallis\/#breadcrumb","itemListElement":[{"@type":"ListItem","position":1,"name":"Startseite","item":"https:\/\/swissgliders.ch\/de\/willkommen\/"},{"@type":"ListItem","position":2,"name":"Gleitschirm Shop","item":"https:\/\/swissgliders.ch\/de\/gleitschirm-shop\/"},{"@type":"ListItem","position":3,"name":"Gleitschirmbuch &#8220;Hike &#038; Fly Guide Oberwallis&#8221;"}]},{"@type":"WebSite","@id":"https:\/\/swissgliders.ch\/de\/#website","url":"https:\/\/swissgliders.ch\/de\/","name":"Gleitschirmschule Thun, Bern, Interlaken","description":"Gleitschirmschule Thun, Bern, Interlaken","publisher":{"@id":"https:\/\/swissgliders.ch\/de\/#organization"},"potentialAction":[{"@type":"SearchAction","target":{"@type":"EntryPoint","urlTemplate":"https:\/\/swissgliders.ch\/de\/?s={search_term_string}"},"query-input":{"@type":"PropertyValueSpecification","valueRequired":true,"valueName":"search_term_string"}}],"inLanguage":"de"},{"@type":"Organization","@id":"https:\/\/swissgliders.ch\/de\/#organization","name":"Swissgliders Gleitschirmflugschule Thun","url":"https:\/\/swissgliders.ch\/de\/","logo":{"@type":"ImageObject","inLanguage":"de","@id":"https:\/\/swissgliders.ch\/de\/#\/schema\/logo\/image\/","url":"https:\/\/swissgliders.ch\/wp-content\/uploads\/2019\/12\/swissgliders-logo-rgb-square-L-no-ch-01.png","contentUrl":"https:\/\/swissgliders.ch\/wp-content\/uploads\/2019\/12\/swissgliders-logo-rgb-square-L-no-ch-01.png","width":2500,"height":2500,"caption":"Swissgliders Gleitschirmflugschule Thun"},"image":{"@id":"https:\/\/swissgliders.ch\/de\/#\/schema\/logo\/image\/"},"sameAs":["https:\/\/www.facebook.com\/swissgliders","https:\/\/x.com\/Swissgliders","https:\/\/www.instagram.com\/swissgliders\/","https:\/\/www.youtube.com\/channel\/UCMCtGdepy9vBhrhX3V_oJOA"],"hasMerchantReturnPolicy":{"@type":"MerchantReturnPolicy","merchantReturnLink":"https:\/\/swissgliders.ch\/de\/allgemeine-geschaftsbedingungen\/"}}]},"product_price_amount":"58.00","product_price_currency":"CHF","og_availability":"instock","product_availability":"instock","product_condition":"new"},"_links":{"self":[{"href":"https:\/\/swissgliders.ch\/de\/wp-json\/wp\/v2\/product\/21846","targetHints":{"allow":["GET"]}}],"collection":[{"href":"https:\/\/swissgliders.ch\/de\/wp-json\/wp\/v2\/product"}],"about":[{"href":"https:\/\/swissgliders.ch\/de\/wp-json\/wp\/v2\/types\/product"}],"replies":[{"embeddable":true,"href":"https:\/\/swissgliders.ch\/de\/wp-json\/wp\/v2\/comments?post=21846"}],"wp:featuredmedia":[{"embeddable":true,"href":"https:\/\/swissgliders.ch\/de\/wp-json\/wp\/v2\/media\/21849"}],"wp:attachment":[{"href":"https:\/\/swissgliders.ch\/de\/wp-json\/wp\/v2\/media?parent=21846"}],"wp:term":[{"taxonomy":"product_brand","embeddable":true,"href":"https:\/\/swissgliders.ch\/de\/wp-json\/wp\/v2\/product_brand?post=21846"},{"taxonomy":"product_cat","embeddable":true,"href":"https:\/\/swissgliders.ch\/de\/wp-json\/wp\/v2\/product_cat?post=21846"},{"taxonomy":"product_tag","embeddable":true,"href":"https:\/\/swissgliders.ch\/de\/wp-json\/wp\/v2\/product_tag?post=21846"}],"curies":[{"name":"wp","href":"https:\/\/api.w.org\/{rel}","templated":true}]}}