{"id":21963,"date":"2026-01-08T08:47:14","date_gmt":"2026-01-08T07:47:14","guid":{"rendered":"https:\/\/swissgliders.ch\/?post_type=product&#038;p=21963"},"modified":"2026-01-10T20:05:05","modified_gmt":"2026-01-10T19:05:05","slug":"niviuk-ndesk-cockpit","status":"publish","type":"product","link":"https:\/\/swissgliders.ch\/de\/produkt\/niviuk-ndesk-cockpit\/","title":{"rendered":"Niviuk NDesk Cockpit"},"content":{"rendered":"<h3><br class=\"avia-permanent-lb\" \/>NDesk Cockpit<\/h3>\n<p><img loading=\"lazy\" decoding=\"async\" class=\"\" src=\"https:\/\/niviuk.com\/tmp\/images\/BIBLIOTECA_ITEMS_2543_NDESK_GALERIA1_ACCESSORIES_NIVIUK_W_959_H_637.JPG\" width=\"684\" height=\"454\" \/><\/p>\n<p>Der NDesk ist ein zus\u00e4tzliches und abnehmbares Cockpit mit Taschen, das du ganz einfach an deinem Gurtzeug anbauen kannst. Es ist mit jedem unserer Sitzgurtzeuge kompatibel, insbesondere mit dem\u00a0<a href=\"https:\/\/swissgliders.ch\/de\/produkt\/niviuk-konvers-3\/?_gl=1*l7pwj2*_up*MQ..*_ga*ODAxOTcxMTA4LjE3Njc4NTg2NDY.*_ga_C5SVKZZRM8*czE3Njc4NTg2NDYkbzEkZzAkdDE3Njc4NTg2NDYkajYwJGwwJGgw\" target=\"_self\"><strong>Konvers 3<\/strong><\/a>\u00a0und dem\u00a0<a href=\"https:\/\/swissgliders.ch\/de\/produkt\/niviuk-kooper-p\/\" target=\"_self\"><strong>Kooper P<\/strong><\/a>. Es l\u00e4sst sich einfach an den Karabinern befestigen.<\/p>\n<p>Dieses praktisch Accessoire ist funktionell, praktisch und leicht zug\u00e4nglich, damit bildet es die perfekte Erg\u00e4nzung um w\u00e4hrend des Flugs deine Instrumente im Blick und deine Sachen in Reichweite zu haben. <br class=\"avia-permanent-lb\" \/><br class=\"avia-permanent-lb\" \/><br class=\"avia-permanent-lb\" \/><\/p>\n<div class='avia-iframe-wrap'><iframe loading=\"lazy\" title=\"NDesk | Removable cockpit | User manual | Niviuk Paragliders\" width=\"1500\" height=\"844\" src=\"https:\/\/www.youtube.com\/embed\/bDs-aMhycnk?feature=oembed\" frameborder=\"0\" allow=\"accelerometer; autoplay; clipboard-write; encrypted-media; gyroscope; picture-in-picture; web-share\" referrerpolicy=\"strict-origin-when-cross-origin\" allowfullscreen><\/iframe><\/div>\n<p>&nbsp;<\/p>\n<h4>Datenblatt <br class=\"avia-permanent-lb\" \/><br class=\"avia-permanent-lb\" \/><\/h4>\n<table border=\"0\" cellspacing=\"1\" cellpadding=\"1\">\n<tbody>\n<tr>\n<td><strong>Gewicht<\/strong><\/td>\n<td>470 g (380 g ohne Wechselplatte)<\/td>\n<\/tr>\n<tr>\n<td><strong>Volumen<\/strong><\/td>\n<td>4 L<\/td>\n<\/tr>\n<tr>\n<td><strong>H\u00f6he<\/strong><\/td>\n<td>19 cm<\/td>\n<\/tr>\n<tr>\n<td><strong>Breite<\/strong><\/td>\n<td>31 cm<\/td>\n<\/tr>\n<tr>\n<td><strong>Tiefe<\/strong><\/td>\n<td>17 cm<\/td>\n<\/tr>\n<\/tbody>\n<\/table>\n<p>&nbsp;<\/p>\n<h4>Produktdetail<\/h4>\n<p>\u2713 Haupttasche mit 4 l Fassungsverm\u00f6gen und Magnetverschluss, w\u00e4hrend des Fluges leicht zug\u00e4nglich.<br \/>\n\u2713 Rei\u00dfverschlusstasche innen zur Aufbewahrung wichtiger Gegenst\u00e4nde.<br \/>\n\u2713 Klettverschlussplatte f\u00fcr Instrumente, einschlie\u00dflich einer zus\u00e4tzlichen vollst\u00e4ndig abnehmbaren Platte.<br \/>\n\u2713 Schutz zum Abdecken und Sch\u00fctzen der Instrumentenbildschirme.<br \/>\n\u2713 Platz f\u00fcr einen externen Akku und eine \u00d6ffnung zur Durchf\u00fchrung des Ladekabels.<br \/>\n\u2713 Der NDesk besteht aus D70, einem \u00e4u\u00dferst widerstandsf\u00e4higen und langlebigen Material.<\/p>\n<p>&nbsp;<\/p>\n<p>&nbsp;<\/p>\n<p>Mehr <a href=\"https:\/\/niviuk.com\/de\/ndesk\">Infos<\/a><\/p>\n<p>Falls dieser Artikel nicht an Lager ist, wird er f\u00fcr dich bestellt. Lieferfrist auf Anfrage.<\/p>\n","protected":false},"excerpt":{"rendered":"<h3><br class=\"avia-permanent-lb\" \/>NDesk Cockpit<\/h3>\n<p><img loading=\"lazy\" decoding=\"async\" class=\"\" src=\"https:\/\/niviuk.com\/tmp\/images\/BIBLIOTECA_ITEMS_2543_NDESK_GALERIA1_ACCESSORIES_NIVIUK_W_959_H_637.JPG\" width=\"684\" height=\"454\" \/><\/p>\n<p>Der NDesk ist ein zus\u00e4tzliches und abnehmbares Cockpit mit Taschen, das du ganz einfach an deinem Gurtzeug anbauen kannst. Es ist mit jedem unserer Sitzgurtzeuge kompatibel, insbesondere mit dem\u00a0<a href=\"https:\/\/swissgliders.ch\/de\/produkt\/niviuk-konvers-3\/?_gl=1*l7pwj2*_up*MQ..*_ga*ODAxOTcxMTA4LjE3Njc4NTg2NDY.*_ga_C5SVKZZRM8*czE3Njc4NTg2NDYkbzEkZzAkdDE3Njc4NTg2NDYkajYwJGwwJGgw\" target=\"_self\"><strong>Konvers 3<\/strong><\/a>\u00a0und dem\u00a0<a href=\"https:\/\/swissgliders.ch\/de\/produkt\/niviuk-kooper-p\/\" target=\"_self\"><strong>Kooper P<\/strong><\/a>. Es l\u00e4sst sich einfach an den Karabinern befestigen.<\/p>\n<p>Dieses praktisch Accessoire ist funktionell, praktisch und leicht zug\u00e4nglich, damit bildet es die perfekte Erg\u00e4nzung um w\u00e4hrend des Flugs deine Instrumente im Blick und deine Sachen in Reichweite zu haben. <br class=\"avia-permanent-lb\" \/><br class=\"avia-permanent-lb\" \/><br class=\"avia-permanent-lb\" \/><\/p>\n<p>https:\/\/youtu.be\/bDs-aMhycnk<\/p>\n<p>&nbsp;<\/p>\n<h4>Datenblatt <br class=\"avia-permanent-lb\" \/><br class=\"avia-permanent-lb\" \/><\/h4>\n<table border=\"0\" cellspacing=\"1\" cellpadding=\"1\">\n<tbody>\n<tr>\n<td><strong>Gewicht<\/strong><\/td>\n<td>470 g (380 g ohne Wechselplatte)<\/td>\n<\/tr>\n<tr>\n<td><strong>Volumen<\/strong><\/td>\n<td>4 L<\/td>\n<\/tr>\n<tr>\n<td><strong>H\u00f6he<\/strong><\/td>\n<td>19 cm<\/td>\n<\/tr>\n<tr>\n<td><strong>Breite<\/strong><\/td>\n<td>31 cm<\/td>\n<\/tr>\n<tr>\n<td><strong>Tiefe<\/strong><\/td>\n<td>17 cm<\/td>\n<\/tr>\n<\/tbody>\n<\/table>\n<p>&nbsp;<\/p>\n<h4>Produktdetail<\/h4>\n<p>\u2713 Haupttasche mit 4 l Fassungsverm\u00f6gen und Magnetverschluss, w\u00e4hrend des Fluges leicht zug\u00e4nglich.<br \/>\n\u2713 Rei\u00dfverschlusstasche innen zur Aufbewahrung wichtiger Gegenst\u00e4nde.<br \/>\n\u2713 Klettverschlussplatte f\u00fcr Instrumente, einschlie\u00dflich einer zus\u00e4tzlichen vollst\u00e4ndig abnehmbaren Platte.<br \/>\n\u2713 Schutz zum Abdecken und Sch\u00fctzen der Instrumentenbildschirme.<br \/>\n\u2713 Platz f\u00fcr einen externen Akku und eine \u00d6ffnung zur Durchf\u00fchrung des Ladekabels.<br \/>\n\u2713 Der NDesk besteht aus D70, einem \u00e4u\u00dferst widerstandsf\u00e4higen und langlebigen Material.<\/p>\n<p>&nbsp;<\/p>\n<p>&nbsp;<\/p>\n<p>Mehr <a href=\"https:\/\/niviuk.com\/de\/ndesk\">Infos<\/a><\/p>\n<p>Falls dieser Artikel nicht an Lager ist, wird er f\u00fcr dich bestellt. Lieferfrist auf Anfrage.<\/p>\n","protected":false},"featured_media":21965,"comment_status":"closed","ping_status":"closed","template":"","meta":[],"product_brand":[2602],"product_cat":[402],"product_tag":[410],"class_list":{"0":"post-21963","1":"product","2":"type-product","3":"status-publish","4":"has-post-thumbnail","6":"product_brand-niviuk","7":"product_cat-gleitschirm-zubehoer","8":"product_tag-zubehoer","9":"product_shipping_class-priority-2kg-de","11":"first","12":"instock","13":"shipping-taxable","14":"purchasable","15":"product-type-simple"},"yoast_head":"<!-- This site is optimized with the Yoast SEO Premium plugin v26.1 (Yoast SEO v27.3) - https:\/\/yoast.com\/product\/yoast-seo-premium-wordpress\/ -->\n<title>Niviuk NDesk Cockpit | Gleitschirmschule Thun, Bern, Interlaken<\/title>\n<meta name=\"description\" content=\"Der NDesk von Niviuk ist ein zus\u00e4tzliches und abnehmbares Cockpit mit Taschen, das du ganz einfach an deinem Gurtzeug anbauen kannst. Es ist mit jedem unserer Sitzgurtzeuge kompatibel,\" \/>\n<meta name=\"robots\" content=\"index, follow, max-snippet:-1, max-image-preview:large, max-video-preview:-1\" \/>\n<link rel=\"canonical\" href=\"https:\/\/swissgliders.ch\/de\/produkt\/niviuk-ndesk-cockpit\/\" \/>\n<meta property=\"og:locale\" content=\"de_DE\" \/>\n<meta property=\"og:type\" content=\"article\" \/>\n<meta property=\"og:title\" content=\"Niviuk NDesk Cockpit\" \/>\n<meta property=\"og:description\" content=\"Der NDesk von Niviuk ist ein zus\u00e4tzliches und abnehmbares Cockpit mit Taschen, das du ganz einfach an deinem Gurtzeug anbauen kannst. Es ist mit jedem unserer Sitzgurtzeuge kompatibel,\" \/>\n<meta property=\"og:url\" content=\"https:\/\/swissgliders.ch\/de\/produkt\/niviuk-ndesk-cockpit\/\" \/>\n<meta property=\"og:site_name\" content=\"Gleitschirmschule Thun, Bern, Interlaken\" \/>\n<meta property=\"article:publisher\" content=\"https:\/\/www.facebook.com\/swissgliders\" \/>\n<meta property=\"article:modified_time\" content=\"2026-01-10T19:05:05+00:00\" \/>\n<meta property=\"og:image\" content=\"https:\/\/swissgliders.ch\/wp-content\/uploads\/2026\/01\/Niviuk_Gleitsschirm-zubehoer_Cockpit_NDesk-1.jpg\" \/>\n\t<meta property=\"og:image:width\" content=\"959\" \/>\n\t<meta property=\"og:image:height\" content=\"637\" \/>\n\t<meta property=\"og:image:type\" content=\"image\/jpeg\" \/>\n<meta name=\"twitter:card\" content=\"summary_large_image\" \/>\n<meta name=\"twitter:site\" content=\"@Swissgliders\" \/>\n<meta name=\"twitter:label1\" content=\"Preis\" \/>\n\t<meta name=\"twitter:data1\" content=\"&#067;&#072;&#070;&nbsp;110.00\" \/>\n\t<meta name=\"twitter:label2\" content=\"Verf\u00fcgbarkeit\" \/>\n\t<meta name=\"twitter:data2\" content=\"Auf Lager\" \/>\n<script type=\"application\/ld+json\" class=\"yoast-schema-graph\">{\"@context\":\"https:\\\/\\\/schema.org\",\"@graph\":[{\"@type\":\"WebPage\",\"@id\":\"https:\\\/\\\/swissgliders.ch\\\/de\\\/produkt\\\/niviuk-ndesk-cockpit\\\/\",\"url\":\"https:\\\/\\\/swissgliders.ch\\\/de\\\/produkt\\\/niviuk-ndesk-cockpit\\\/\",\"name\":\"Niviuk NDesk Cockpit | Gleitschirmschule Thun, Bern, Interlaken\",\"isPartOf\":{\"@id\":\"https:\\\/\\\/swissgliders.ch\\\/de\\\/#website\"},\"primaryImageOfPage\":{\"@id\":\"https:\\\/\\\/swissgliders.ch\\\/de\\\/produkt\\\/niviuk-ndesk-cockpit\\\/#primaryimage\"},\"image\":{\"@id\":\"https:\\\/\\\/swissgliders.ch\\\/de\\\/produkt\\\/niviuk-ndesk-cockpit\\\/#primaryimage\"},\"thumbnailUrl\":\"https:\\\/\\\/swissgliders.ch\\\/wp-content\\\/uploads\\\/2026\\\/01\\\/Niviuk_Gleitsschirm-zubehoer_Cockpit_NDesk-1.jpg\",\"datePublished\":\"2026-01-08T07:47:14+00:00\",\"dateModified\":\"2026-01-10T19:05:05+00:00\",\"description\":\"Der NDesk von Niviuk ist ein zus\u00e4tzliches und abnehmbares Cockpit mit Taschen, das du ganz einfach an deinem Gurtzeug anbauen kannst. Es ist mit jedem unserer Sitzgurtzeuge kompatibel,\",\"breadcrumb\":{\"@id\":\"https:\\\/\\\/swissgliders.ch\\\/de\\\/produkt\\\/niviuk-ndesk-cockpit\\\/#breadcrumb\"},\"inLanguage\":\"de\",\"potentialAction\":[{\"@type\":\"ReadAction\",\"target\":[\"https:\\\/\\\/swissgliders.ch\\\/de\\\/produkt\\\/niviuk-ndesk-cockpit\\\/\"]}]},{\"@type\":\"ImageObject\",\"inLanguage\":\"de\",\"@id\":\"https:\\\/\\\/swissgliders.ch\\\/de\\\/produkt\\\/niviuk-ndesk-cockpit\\\/#primaryimage\",\"url\":\"https:\\\/\\\/swissgliders.ch\\\/wp-content\\\/uploads\\\/2026\\\/01\\\/Niviuk_Gleitsschirm-zubehoer_Cockpit_NDesk-1.jpg\",\"contentUrl\":\"https:\\\/\\\/swissgliders.ch\\\/wp-content\\\/uploads\\\/2026\\\/01\\\/Niviuk_Gleitsschirm-zubehoer_Cockpit_NDesk-1.jpg\",\"width\":959,\"height\":637,\"caption\":\"Niviuk_Gleitsschirm zubehoer_Cockpit_NDesk-1\"},{\"@type\":\"BreadcrumbList\",\"@id\":\"https:\\\/\\\/swissgliders.ch\\\/de\\\/produkt\\\/niviuk-ndesk-cockpit\\\/#breadcrumb\",\"itemListElement\":[{\"@type\":\"ListItem\",\"position\":1,\"name\":\"Startseite\",\"item\":\"https:\\\/\\\/swissgliders.ch\\\/de\\\/willkommen\\\/\"},{\"@type\":\"ListItem\",\"position\":2,\"name\":\"Gleitschirm Shop\",\"item\":\"https:\\\/\\\/swissgliders.ch\\\/de\\\/gleitschirm-shop\\\/\"},{\"@type\":\"ListItem\",\"position\":3,\"name\":\"Niviuk NDesk Cockpit\"}]},{\"@type\":\"WebSite\",\"@id\":\"https:\\\/\\\/swissgliders.ch\\\/de\\\/#website\",\"url\":\"https:\\\/\\\/swissgliders.ch\\\/de\\\/\",\"name\":\"Gleitschirmschule Thun, Bern, Interlaken\",\"description\":\"Gleitschirmschule Thun, Bern, Interlaken\",\"publisher\":{\"@id\":\"https:\\\/\\\/swissgliders.ch\\\/de\\\/#organization\"},\"potentialAction\":[{\"@type\":\"SearchAction\",\"target\":{\"@type\":\"EntryPoint\",\"urlTemplate\":\"https:\\\/\\\/swissgliders.ch\\\/de\\\/?s={search_term_string}\"},\"query-input\":{\"@type\":\"PropertyValueSpecification\",\"valueRequired\":true,\"valueName\":\"search_term_string\"}}],\"inLanguage\":\"de\"},{\"@type\":\"Organization\",\"@id\":\"https:\\\/\\\/swissgliders.ch\\\/de\\\/#organization\",\"name\":\"Swissgliders Gleitschirmflugschule Thun\",\"url\":\"https:\\\/\\\/swissgliders.ch\\\/de\\\/\",\"logo\":{\"@type\":\"ImageObject\",\"inLanguage\":\"de\",\"@id\":\"https:\\\/\\\/swissgliders.ch\\\/de\\\/#\\\/schema\\\/logo\\\/image\\\/\",\"url\":\"https:\\\/\\\/swissgliders.ch\\\/wp-content\\\/uploads\\\/2019\\\/12\\\/swissgliders-logo-rgb-square-L-no-ch-01.png\",\"contentUrl\":\"https:\\\/\\\/swissgliders.ch\\\/wp-content\\\/uploads\\\/2019\\\/12\\\/swissgliders-logo-rgb-square-L-no-ch-01.png\",\"width\":2500,\"height\":2500,\"caption\":\"Swissgliders Gleitschirmflugschule Thun\"},\"image\":{\"@id\":\"https:\\\/\\\/swissgliders.ch\\\/de\\\/#\\\/schema\\\/logo\\\/image\\\/\"},\"sameAs\":[\"https:\\\/\\\/www.facebook.com\\\/swissgliders\",\"https:\\\/\\\/x.com\\\/Swissgliders\",\"https:\\\/\\\/www.instagram.com\\\/swissgliders\\\/\",\"https:\\\/\\\/www.youtube.com\\\/channel\\\/UCMCtGdepy9vBhrhX3V_oJOA\"],\"hasMerchantReturnPolicy\":{\"@type\":\"MerchantReturnPolicy\",\"merchantReturnLink\":\"https:\\\/\\\/swissgliders.ch\\\/de\\\/allgemeine-geschaftsbedingungen\\\/\"}}]}<\/script>\n<meta property=\"product:price:amount\" content=\"110.00\" \/>\n<meta property=\"product:price:currency\" content=\"CHF\" \/>\n<meta property=\"og:availability\" content=\"instock\" \/>\n<meta property=\"product:availability\" content=\"instock\" \/>\n<meta property=\"product:condition\" content=\"new\" \/>\n<!-- \/ Yoast SEO Premium plugin. -->","yoast_head_json":{"title":"Niviuk NDesk Cockpit | Gleitschirmschule Thun, Bern, Interlaken","description":"Der NDesk von Niviuk ist ein zus\u00e4tzliches und abnehmbares Cockpit mit Taschen, das du ganz einfach an deinem Gurtzeug anbauen kannst. Es ist mit jedem unserer Sitzgurtzeuge kompatibel,","robots":{"index":"index","follow":"follow","max-snippet":"max-snippet:-1","max-image-preview":"max-image-preview:large","max-video-preview":"max-video-preview:-1"},"canonical":"https:\/\/swissgliders.ch\/de\/produkt\/niviuk-ndesk-cockpit\/","og_locale":"de_DE","og_type":"article","og_title":"Niviuk NDesk Cockpit","og_description":"Der NDesk von Niviuk ist ein zus\u00e4tzliches und abnehmbares Cockpit mit Taschen, das du ganz einfach an deinem Gurtzeug anbauen kannst. Es ist mit jedem unserer Sitzgurtzeuge kompatibel,","og_url":"https:\/\/swissgliders.ch\/de\/produkt\/niviuk-ndesk-cockpit\/","og_site_name":"Gleitschirmschule Thun, Bern, Interlaken","article_publisher":"https:\/\/www.facebook.com\/swissgliders","article_modified_time":"2026-01-10T19:05:05+00:00","og_image":[{"width":959,"height":637,"url":"https:\/\/swissgliders.ch\/wp-content\/uploads\/2026\/01\/Niviuk_Gleitsschirm-zubehoer_Cockpit_NDesk-1.jpg","type":"image\/jpeg"}],"twitter_card":"summary_large_image","twitter_site":"@Swissgliders","twitter_misc":{"Preis":"&#67;&#72;&#70;&nbsp;110.00","Verf\u00fcgbarkeit":"Auf Lager"},"schema":{"@context":"https:\/\/schema.org","@graph":[{"@type":"WebPage","@id":"https:\/\/swissgliders.ch\/de\/produkt\/niviuk-ndesk-cockpit\/","url":"https:\/\/swissgliders.ch\/de\/produkt\/niviuk-ndesk-cockpit\/","name":"Niviuk NDesk Cockpit | Gleitschirmschule Thun, Bern, Interlaken","isPartOf":{"@id":"https:\/\/swissgliders.ch\/de\/#website"},"primaryImageOfPage":{"@id":"https:\/\/swissgliders.ch\/de\/produkt\/niviuk-ndesk-cockpit\/#primaryimage"},"image":{"@id":"https:\/\/swissgliders.ch\/de\/produkt\/niviuk-ndesk-cockpit\/#primaryimage"},"thumbnailUrl":"https:\/\/swissgliders.ch\/wp-content\/uploads\/2026\/01\/Niviuk_Gleitsschirm-zubehoer_Cockpit_NDesk-1.jpg","datePublished":"2026-01-08T07:47:14+00:00","dateModified":"2026-01-10T19:05:05+00:00","description":"Der NDesk von Niviuk ist ein zus\u00e4tzliches und abnehmbares Cockpit mit Taschen, das du ganz einfach an deinem Gurtzeug anbauen kannst. Es ist mit jedem unserer Sitzgurtzeuge kompatibel,","breadcrumb":{"@id":"https:\/\/swissgliders.ch\/de\/produkt\/niviuk-ndesk-cockpit\/#breadcrumb"},"inLanguage":"de","potentialAction":[{"@type":"ReadAction","target":["https:\/\/swissgliders.ch\/de\/produkt\/niviuk-ndesk-cockpit\/"]}]},{"@type":"ImageObject","inLanguage":"de","@id":"https:\/\/swissgliders.ch\/de\/produkt\/niviuk-ndesk-cockpit\/#primaryimage","url":"https:\/\/swissgliders.ch\/wp-content\/uploads\/2026\/01\/Niviuk_Gleitsschirm-zubehoer_Cockpit_NDesk-1.jpg","contentUrl":"https:\/\/swissgliders.ch\/wp-content\/uploads\/2026\/01\/Niviuk_Gleitsschirm-zubehoer_Cockpit_NDesk-1.jpg","width":959,"height":637,"caption":"Niviuk_Gleitsschirm zubehoer_Cockpit_NDesk-1"},{"@type":"BreadcrumbList","@id":"https:\/\/swissgliders.ch\/de\/produkt\/niviuk-ndesk-cockpit\/#breadcrumb","itemListElement":[{"@type":"ListItem","position":1,"name":"Startseite","item":"https:\/\/swissgliders.ch\/de\/willkommen\/"},{"@type":"ListItem","position":2,"name":"Gleitschirm Shop","item":"https:\/\/swissgliders.ch\/de\/gleitschirm-shop\/"},{"@type":"ListItem","position":3,"name":"Niviuk NDesk Cockpit"}]},{"@type":"WebSite","@id":"https:\/\/swissgliders.ch\/de\/#website","url":"https:\/\/swissgliders.ch\/de\/","name":"Gleitschirmschule Thun, Bern, Interlaken","description":"Gleitschirmschule Thun, Bern, Interlaken","publisher":{"@id":"https:\/\/swissgliders.ch\/de\/#organization"},"potentialAction":[{"@type":"SearchAction","target":{"@type":"EntryPoint","urlTemplate":"https:\/\/swissgliders.ch\/de\/?s={search_term_string}"},"query-input":{"@type":"PropertyValueSpecification","valueRequired":true,"valueName":"search_term_string"}}],"inLanguage":"de"},{"@type":"Organization","@id":"https:\/\/swissgliders.ch\/de\/#organization","name":"Swissgliders Gleitschirmflugschule Thun","url":"https:\/\/swissgliders.ch\/de\/","logo":{"@type":"ImageObject","inLanguage":"de","@id":"https:\/\/swissgliders.ch\/de\/#\/schema\/logo\/image\/","url":"https:\/\/swissgliders.ch\/wp-content\/uploads\/2019\/12\/swissgliders-logo-rgb-square-L-no-ch-01.png","contentUrl":"https:\/\/swissgliders.ch\/wp-content\/uploads\/2019\/12\/swissgliders-logo-rgb-square-L-no-ch-01.png","width":2500,"height":2500,"caption":"Swissgliders Gleitschirmflugschule Thun"},"image":{"@id":"https:\/\/swissgliders.ch\/de\/#\/schema\/logo\/image\/"},"sameAs":["https:\/\/www.facebook.com\/swissgliders","https:\/\/x.com\/Swissgliders","https:\/\/www.instagram.com\/swissgliders\/","https:\/\/www.youtube.com\/channel\/UCMCtGdepy9vBhrhX3V_oJOA"],"hasMerchantReturnPolicy":{"@type":"MerchantReturnPolicy","merchantReturnLink":"https:\/\/swissgliders.ch\/de\/allgemeine-geschaftsbedingungen\/"}}]},"product_price_amount":"110.00","product_price_currency":"CHF","og_availability":"instock","product_availability":"instock","product_condition":"new"},"_links":{"self":[{"href":"https:\/\/swissgliders.ch\/de\/wp-json\/wp\/v2\/product\/21963","targetHints":{"allow":["GET"]}}],"collection":[{"href":"https:\/\/swissgliders.ch\/de\/wp-json\/wp\/v2\/product"}],"about":[{"href":"https:\/\/swissgliders.ch\/de\/wp-json\/wp\/v2\/types\/product"}],"replies":[{"embeddable":true,"href":"https:\/\/swissgliders.ch\/de\/wp-json\/wp\/v2\/comments?post=21963"}],"wp:featuredmedia":[{"embeddable":true,"href":"https:\/\/swissgliders.ch\/de\/wp-json\/wp\/v2\/media\/21965"}],"wp:attachment":[{"href":"https:\/\/swissgliders.ch\/de\/wp-json\/wp\/v2\/media?parent=21963"}],"wp:term":[{"taxonomy":"product_brand","embeddable":true,"href":"https:\/\/swissgliders.ch\/de\/wp-json\/wp\/v2\/product_brand?post=21963"},{"taxonomy":"product_cat","embeddable":true,"href":"https:\/\/swissgliders.ch\/de\/wp-json\/wp\/v2\/product_cat?post=21963"},{"taxonomy":"product_tag","embeddable":true,"href":"https:\/\/swissgliders.ch\/de\/wp-json\/wp\/v2\/product_tag?post=21963"}],"curies":[{"name":"wp","href":"https:\/\/api.w.org\/{rel}","templated":true}]}}