{"id":22214,"date":"2026-01-31T11:01:28","date_gmt":"2026-01-31T10:01:28","guid":{"rendered":"https:\/\/swissgliders.ch\/?post_type=product&#038;p=22214"},"modified":"2026-02-04T22:30:26","modified_gmt":"2026-02-04T21:30:26","slug":"skybean-soe-vario","status":"publish","type":"product","link":"https:\/\/swissgliders.ch\/de\/produkt\/skybean-soe-vario\/","title":{"rendered":"SkyBean S\u00d8 Vario"},"content":{"rendered":"<h3 class=\"heading-2\">SkyBean S\u00d8 Vario<\/h3>\n<p><img loading=\"lazy\" decoding=\"async\" class=\"\" src=\"https:\/\/media.skybean.eu\/691-large_default\/so-vario.jpg\" width=\"457\" height=\"457\" \/><\/p>\n<p>&nbsp;<\/p>\n<p>&nbsp;<\/p>\n<p>Hier sind die Standard-Farbkombinationen:<\/p>\n<ul>\n<li><a href=\"https:\/\/vps.skybean.eu\/SO\/color_designer.html?_gl=1*1dex1l0*_gcl_au*MjUxODc2ODQ3LjE3NTgwMTMyMTU.*_ga*MzM2NzQ3MDEwLjE3NjMzODcwNTE.*_ga_PBVVS6Z6GR*czE3NjMzODkyNzAkbzMxMiRnMSR0MTc2MzM5MTI2OSRqMzYkbDAkaDA.&amp;top=rgb(48,%20125,%20255)&amp;upd=rgb(48,%20125,%20255)&amp;pow=rgb(48,%20125,%20255)&amp;lin=rgb(0,%20255,%200)\" target=\"_blank\" rel=\"noopener\">Blau<\/a><\/li>\n<li><a href=\"https:\/\/vps.skybean.eu\/SO\/color_designer.html?_gl=1*1dex1l0*_gcl_au*MjUxODc2ODQ3LjE3NTgwMTMyMTU.*_ga*MzM2NzQ3MDEwLjE3NjMzODcwNTE.*_ga_PBVVS6Z6GR*czE3NjMzODkyNzAkbzMxMiRnMSR0MTc2MzM5MTI2OSRqMzYkbDAkaDA.&amp;top=rgb(255,%20102,%200)&amp;upd=rgb(255,%20102,%200)&amp;pow=rgb(255,%20102,%200)&amp;lin=rgb(255,%20102,%200)\" target=\"_blank\" rel=\"noopener\">Orange<\/a><\/li>\n<li><a href=\"https:\/\/vps.skybean.eu\/SO\/color_designer.html?_gl=1*1dex1l0*_gcl_au*MjUxODc2ODQ3LjE3NTgwMTMyMTU.*_ga*MzM2NzQ3MDEwLjE3NjMzODcwNTE.*_ga_PBVVS6Z6GR*czE3NjMzODkyNzAkbzMxMiRnMSR0MTc2MzM5MTI2OSRqMzYkbDAkaDA.&amp;top=rgb(255,%2029,%20206)&amp;upd=rgb(255,%2029,%20206)&amp;pow=rgb(255,%2029,%20206)&amp;lin=rgb(0,%20255,%200)\" target=\"_blank\" rel=\"noopener\">Magenta<\/a><\/li>\n<li><a href=\"https:\/\/vps.skybean.eu\/SO\/color_designer.html?_gl=1*1dex1l0*_gcl_au*MjUxODc2ODQ3LjE3NTgwMTMyMTU.*_ga*MzM2NzQ3MDEwLjE3NjMzODcwNTE.*_ga_PBVVS6Z6GR*czE3NjMzODkyNzAkbzMxMiRnMSR0MTc2MzM5MTI2OSRqMzYkbDAkaDA.&amp;top=rgb(255,%200,%200)&amp;upd=rgb(255,%200,%200)&amp;pow=rgb(255,%200,%200)&amp;lin=rgb(255,%20102,%200)\" target=\"_blank\" rel=\"noopener\">Rot<\/a><\/li>\n<li><a href=\"https:\/\/vps.skybean.eu\/SO\/color_designer.html?_gl=1*1dex1l0*_gcl_au*MjUxODc2ODQ3LjE3NTgwMTMyMTU.*_ga*MzM2NzQ3MDEwLjE3NjMzODcwNTE.*_ga_PBVVS6Z6GR*czE3NjMzODkyNzAkbzMxMiRnMSR0MTc2MzM5MTI2OSRqMzYkbDAkaDA.&amp;lin=rgb(255,%20102,%200)&amp;top=rgb(0,%200,%200)&amp;upd=rgb(255,%20102,%200)&amp;pow=rgb(255,%20102,%200)\" target=\"_blank\" rel=\"noopener\">Schwarz<\/a><\/li>\n<li><a href=\"https:\/\/vps.skybean.eu\/SO\/color_designer.html?_gl=1*1dex1l0*_gcl_au*MjUxODc2ODQ3LjE3NTgwMTMyMTU.*_ga*MzM2NzQ3MDEwLjE3NjMzODcwNTE.*_ga_PBVVS6Z6GR*czE3NjMzODkyNzAkbzMxMiRnMSR0MTc2MzM5MTI2OSRqMzYkbDAkaDA.&amp;lin=rgb(255,%20102,%200)&amp;top=rgb(255,%20255,%200)&amp;upd=rgb(255,%20255,%200)&amp;pow=rgb(255,%20255,%200)\" target=\"_blank\" rel=\"noopener\">Gelb<\/a><\/li>\n<li><a href=\"https:\/\/vps.skybean.eu\/SO\/color_designer.html?_gl=1*1dex1l0*_gcl_au*MjUxODc2ODQ3LjE3NTgwMTMyMTU.*_ga*MzM2NzQ3MDEwLjE3NjMzODcwNTE.*_ga_PBVVS6Z6GR*czE3NjMzODkyNzAkbzMxMiRnMSR0MTc2MzM5MTI2OSRqMzYkbDAkaDA.&amp;top=rgb(0,%20255,%200)&amp;upd=rgb(0,%20255,%200)&amp;pow=rgb(0,%20255,%200)&amp;lin=rgb(0,%20255,%200)\" target=\"_blank\" rel=\"noopener\">Neongr\u00fcn<\/a><\/li>\n<\/ul>\n<p>&nbsp;<\/p>\n<p><a href=\"https:\/\/www.instagram.com\/p\/DJJP_YZiXfV\/\" target=\"_blank\" rel=\"noopener\">Vario in Aktion Video<\/a><\/p>\n<p>&nbsp;<\/p>\n<p><a href=\"https:\/\/youtu.be\/UMh098ibdug\" target=\"_blank\" rel=\"noopener\">Wie man das Firmware-Video aktualisiert<\/a><\/p>\n<p>&nbsp;<\/p>\n<p>Kurzer Tipp \u2013 Update ist einfach f\u00fcr Leute, die einen eigenen Namen und Passwort im Heim-WLAN festlegen k\u00f6nnen.<\/p>\n<p>&nbsp;<\/p>\n<p><strong>Aktuelle Funktionen<\/strong><\/p>\n<ul>\n<li>Instant Vario (Beschleunigungsmesser &amp; Gyro-basiert)<\/li>\n<li>Verstellbarer Baro-H\u00f6henmesser<\/li>\n<li>GPS \u2013 Geschwindigkeit &amp; Kurs, H\u00f6henmesser<\/li>\n<li>IGC-Tracklog<\/li>\n<li>BLE-Telemetrie<\/li>\n<li>H\u00f6he \u00fcber der Erde \u2013 World Terrain Data vorgeladen<\/li>\n<li>KI-gest\u00fctzte Windberechnung \u2013 Geschwindigkeit und Richtung<\/li>\n<li>Positionsbasierter thermischer Assistent mit Windkompensation<\/li>\n<li>Gleitverh\u00e4ltnis<\/li>\n<li>Mehrere Bildschirme \u2013 Automatisches Schalten bei Thermalerkennung<\/li>\n<li>Sowohl Hoch- als auch Querformat werden unterst\u00fctzt.<\/li>\n<\/ul>\n<p>&nbsp;<\/p>\n<p>&nbsp;<\/p>\n<p><strong>NICHT implementierte Funktionen, keine Hardware an Bord<\/strong><\/p>\n<ul>\n<li>FANET\/FLARM<\/li>\n<\/ul>\n<p>&nbsp;<\/p>\n<p><strong>Physischer Bau<\/strong><\/p>\n<p>&nbsp;<\/p>\n<ul>\n<li>Superstarkes Antireflex-LCD<\/li>\n<li>Lesbarkeit von Sonnenlicht \u2013 der hellste Bildschirm auf dem Markt<\/li>\n<li>3 nippelf\u00f6rmige Kn\u00f6pfe auf der Seitenplatte<\/li>\n<li>USB-C<\/li>\n<li>Einfache SD-Karte zu entziehen<\/li>\n<li>3D-gedrucktes Geh\u00e4use \u2013 kein Bug, aber eine Funktion \ud83d\ude42<\/li>\n<\/ul>\n<p>&nbsp;<\/p>\n<p><strong>Spezifikation<\/strong><\/p>\n<p>&nbsp;<\/p>\n<ul>\n<li>4,2&#8243; LCD, 400 x 300 px (64 x 85 mm)<\/li>\n<li>115 x 77 mm, 150g<\/li>\n<li>60 Stunden Akkulaufzeit (getestet vom X-Alps-Piloten unter extremen Bedingungen)<\/li>\n<\/ul>\n<p>&nbsp;<\/p>\n<p><strong>Hardshell-Geh\u00e4use<\/strong><\/p>\n<p>Jeder S\u00d8-Vario hat jetzt eine schicke Hardshell-Tasche, im gleichen Stil wie SkyDrop oder Strato<br class=\"avia-permanent-lb\" \/><br class=\"avia-permanent-lb\" \/><\/p>\n<div class=\"panel-body\">\n<div id=\"beschreibung\" class=\"info_panel_accordion_tab_content\" data-update=\"beschreibung\">\n<div id=\"extra-0\" class=\"tab-pane fade in active\" aria-expanded=\"true\">\n<div id=\"an_bootstraptabs\">\n<p><img loading=\"lazy\" decoding=\"async\" class=\"\" src=\"https:\/\/media.skybean.eu\/703-large_default\/so-vario.jpg\" width=\"466\" height=\"466\" \/><\/p>\n<\/div>\n<\/div>\n<\/div>\n<\/div>\n<p><strong> <br class=\"avia-permanent-lb\" \/>3D-gedruckte Farben<\/strong><\/p>\n<p>Die Standardfarbkombination hat einen schwarzen Korpus, w\u00e4hrend der obere Rahmen und die Kn\u00f6pfe dieselbe Farbe haben \u2013 Schwarz, Blau, Neongr\u00fcn, Orange und Gelb. Wir drucken alle Farben aus ASA, nur Neongr\u00fcn ist PETG.<\/p>\n<p>&nbsp;<\/p>\n<p>Hier ist ein\u00a0<a href=\"https:\/\/vps.skybean.eu\/SO\/color_designer.html\" target=\"_blank\" rel=\"noopener\">individuelles Farbdesigner-Tool,<\/a> falls eine der Standard-Farbkombinationen nicht deinen Vorlieben entspricht. <a href=\"https:\/\/swissgliders.ch\/de\/kontakt\/\">Schreib uns<\/a><\/p>\n<div class=\"panel-body\">\n<div id=\"beschreibung\" class=\"info_panel_accordion_tab_content\" data-update=\"beschreibung\">\n<div id=\"extra-0\" class=\"tab-pane fade in active\" aria-expanded=\"true\">\n<div id=\"an_bootstraptabs\">\n<p>&nbsp;<\/p>\n<p><br class=\"avia-permanent-lb\" \/>Mehr<a href=\"https:\/\/skybean.eu\/so-vario#\/65-neon_green\" target=\"_blank\" rel=\"noopener noreferrer\"> Infos<\/a><\/p>\n<\/div>\n<\/div>\n<\/div>\n<\/div>\n<p>Lieferfrist 2-3 Tage<\/p>\n","protected":false},"excerpt":{"rendered":"<h3 class=\"heading-2\">SkyBean S\u00d8 Vario<\/h3>\n<p><img loading=\"lazy\" decoding=\"async\" class=\"\" src=\"https:\/\/media.skybean.eu\/691-large_default\/so-vario.jpg\" width=\"457\" height=\"457\" \/><\/p>\n<p>&nbsp;<\/p>\n<p>&nbsp;<\/p>\n<p>Hier sind die Standard-Farbkombinationen:<\/p>\n<ul>\n<li><a href=\"https:\/\/vps.skybean.eu\/SO\/color_designer.html?_gl=1*1dex1l0*_gcl_au*MjUxODc2ODQ3LjE3NTgwMTMyMTU.*_ga*MzM2NzQ3MDEwLjE3NjMzODcwNTE.*_ga_PBVVS6Z6GR*czE3NjMzODkyNzAkbzMxMiRnMSR0MTc2MzM5MTI2OSRqMzYkbDAkaDA.&amp;top=rgb(48,%20125,%20255)&amp;upd=rgb(48,%20125,%20255)&amp;pow=rgb(48,%20125,%20255)&amp;lin=rgb(0,%20255,%200)\" target=\"_blank\" rel=\"noopener\">Blau<\/a><\/li>\n<li><a href=\"https:\/\/vps.skybean.eu\/SO\/color_designer.html?_gl=1*1dex1l0*_gcl_au*MjUxODc2ODQ3LjE3NTgwMTMyMTU.*_ga*MzM2NzQ3MDEwLjE3NjMzODcwNTE.*_ga_PBVVS6Z6GR*czE3NjMzODkyNzAkbzMxMiRnMSR0MTc2MzM5MTI2OSRqMzYkbDAkaDA.&amp;top=rgb(255,%20102,%200)&amp;upd=rgb(255,%20102,%200)&amp;pow=rgb(255,%20102,%200)&amp;lin=rgb(255,%20102,%200)\" target=\"_blank\" rel=\"noopener\">Orange<\/a><\/li>\n<li><a href=\"https:\/\/vps.skybean.eu\/SO\/color_designer.html?_gl=1*1dex1l0*_gcl_au*MjUxODc2ODQ3LjE3NTgwMTMyMTU.*_ga*MzM2NzQ3MDEwLjE3NjMzODcwNTE.*_ga_PBVVS6Z6GR*czE3NjMzODkyNzAkbzMxMiRnMSR0MTc2MzM5MTI2OSRqMzYkbDAkaDA.&amp;top=rgb(255,%2029,%20206)&amp;upd=rgb(255,%2029,%20206)&amp;pow=rgb(255,%2029,%20206)&amp;lin=rgb(0,%20255,%200)\" target=\"_blank\" rel=\"noopener\">Magenta<\/a><\/li>\n<li><a href=\"https:\/\/vps.skybean.eu\/SO\/color_designer.html?_gl=1*1dex1l0*_gcl_au*MjUxODc2ODQ3LjE3NTgwMTMyMTU.*_ga*MzM2NzQ3MDEwLjE3NjMzODcwNTE.*_ga_PBVVS6Z6GR*czE3NjMzODkyNzAkbzMxMiRnMSR0MTc2MzM5MTI2OSRqMzYkbDAkaDA.&amp;top=rgb(255,%200,%200)&amp;upd=rgb(255,%200,%200)&amp;pow=rgb(255,%200,%200)&amp;lin=rgb(255,%20102,%200)\" target=\"_blank\" rel=\"noopener\">Rot<\/a><\/li>\n<li><a href=\"https:\/\/vps.skybean.eu\/SO\/color_designer.html?_gl=1*1dex1l0*_gcl_au*MjUxODc2ODQ3LjE3NTgwMTMyMTU.*_ga*MzM2NzQ3MDEwLjE3NjMzODcwNTE.*_ga_PBVVS6Z6GR*czE3NjMzODkyNzAkbzMxMiRnMSR0MTc2MzM5MTI2OSRqMzYkbDAkaDA.&amp;lin=rgb(255,%20102,%200)&amp;top=rgb(0,%200,%200)&amp;upd=rgb(255,%20102,%200)&amp;pow=rgb(255,%20102,%200)\" target=\"_blank\" rel=\"noopener\">Schwarz<\/a><\/li>\n<li><a href=\"https:\/\/vps.skybean.eu\/SO\/color_designer.html?_gl=1*1dex1l0*_gcl_au*MjUxODc2ODQ3LjE3NTgwMTMyMTU.*_ga*MzM2NzQ3MDEwLjE3NjMzODcwNTE.*_ga_PBVVS6Z6GR*czE3NjMzODkyNzAkbzMxMiRnMSR0MTc2MzM5MTI2OSRqMzYkbDAkaDA.&amp;lin=rgb(255,%20102,%200)&amp;top=rgb(255,%20255,%200)&amp;upd=rgb(255,%20255,%200)&amp;pow=rgb(255,%20255,%200)\" target=\"_blank\" rel=\"noopener\">Gelb<\/a><\/li>\n<li><a href=\"https:\/\/vps.skybean.eu\/SO\/color_designer.html?_gl=1*1dex1l0*_gcl_au*MjUxODc2ODQ3LjE3NTgwMTMyMTU.*_ga*MzM2NzQ3MDEwLjE3NjMzODcwNTE.*_ga_PBVVS6Z6GR*czE3NjMzODkyNzAkbzMxMiRnMSR0MTc2MzM5MTI2OSRqMzYkbDAkaDA.&amp;top=rgb(0,%20255,%200)&amp;upd=rgb(0,%20255,%200)&amp;pow=rgb(0,%20255,%200)&amp;lin=rgb(0,%20255,%200)\" target=\"_blank\" rel=\"noopener\">Neongr\u00fcn<\/a><\/li>\n<\/ul>\n<p>&nbsp;<\/p>\n<p><a href=\"https:\/\/www.instagram.com\/p\/DJJP_YZiXfV\/\" target=\"_blank\" rel=\"noopener\">Vario in Aktion Video<\/a><\/p>\n<p>&nbsp;<\/p>\n<p><a href=\"https:\/\/youtu.be\/UMh098ibdug\" target=\"_blank\" rel=\"noopener\">Wie man das Firmware-Video aktualisiert<\/a><\/p>\n<p>&nbsp;<\/p>\n<p>Kurzer Tipp \u2013 Update ist einfach f\u00fcr Leute, die einen eigenen Namen und Passwort im Heim-WLAN festlegen k\u00f6nnen.<\/p>\n<p>&nbsp;<\/p>\n<p><strong>Aktuelle Funktionen<\/strong><\/p>\n<ul>\n<li>Instant Vario (Beschleunigungsmesser &amp; Gyro-basiert)<\/li>\n<li>Verstellbarer Baro-H\u00f6henmesser<\/li>\n<li>GPS \u2013 Geschwindigkeit &amp; Kurs, H\u00f6henmesser<\/li>\n<li>IGC-Tracklog<\/li>\n<li>BLE-Telemetrie<\/li>\n<li>H\u00f6he \u00fcber der Erde \u2013 World Terrain Data vorgeladen<\/li>\n<li>KI-gest\u00fctzte Windberechnung \u2013 Geschwindigkeit und Richtung<\/li>\n<li>Positionsbasierter thermischer Assistent mit Windkompensation<\/li>\n<li>Gleitverh\u00e4ltnis<\/li>\n<li>Mehrere Bildschirme \u2013 Automatisches Schalten bei Thermalerkennung<\/li>\n<li>Sowohl Hoch- als auch Querformat werden unterst\u00fctzt.<\/li>\n<\/ul>\n<p>&nbsp;<\/p>\n<p>&nbsp;<\/p>\n<p><strong>NICHT implementierte Funktionen, keine Hardware an Bord<\/strong><\/p>\n<ul>\n<li>FANET\/FLARM<\/li>\n<\/ul>\n<p>&nbsp;<\/p>\n<p><strong>Physischer Bau<\/strong><\/p>\n<p>&nbsp;<\/p>\n<ul>\n<li>Superstarkes Antireflex-LCD<\/li>\n<li>Lesbarkeit von Sonnenlicht \u2013 der hellste Bildschirm auf dem Markt<\/li>\n<li>3 nippelf\u00f6rmige Kn\u00f6pfe auf der Seitenplatte<\/li>\n<li>USB-C<\/li>\n<li>Einfache SD-Karte zu entziehen<\/li>\n<li>3D-gedrucktes Geh\u00e4use \u2013 kein Bug, aber eine Funktion \ud83d\ude42<\/li>\n<\/ul>\n<p>&nbsp;<\/p>\n<p><strong>Spezifikation<\/strong><\/p>\n<p>&nbsp;<\/p>\n<ul>\n<li>4,2&#8243; LCD, 400 x 300 px (64 x 85 mm)<\/li>\n<li>115 x 77 mm, 150g<\/li>\n<li>60 Stunden Akkulaufzeit (getestet vom X-Alps-Piloten unter extremen Bedingungen)<\/li>\n<\/ul>\n<p>&nbsp;<\/p>\n<p><strong>Hardshell-Geh\u00e4use<\/strong><\/p>\n<p>Jeder S\u00d8-Vario hat jetzt eine schicke Hardshell-Tasche, im gleichen Stil wie SkyDrop oder Strato<br class=\"avia-permanent-lb\" \/><br class=\"avia-permanent-lb\" \/><\/p>\n<div class=\"panel-body\">\n<div id=\"beschreibung\" class=\"info_panel_accordion_tab_content\" data-update=\"beschreibung\">\n<div id=\"extra-0\" class=\"tab-pane fade in active\" aria-expanded=\"true\">\n<div id=\"an_bootstraptabs\">\n<p><img loading=\"lazy\" decoding=\"async\" class=\"\" src=\"https:\/\/media.skybean.eu\/703-large_default\/so-vario.jpg\" width=\"466\" height=\"466\" \/><\/p>\n<\/div>\n<\/div>\n<\/div>\n<\/div>\n<p><strong> <br class=\"avia-permanent-lb\" \/>3D-gedruckte Farben<\/strong><\/p>\n<p>Die Standardfarbkombination hat einen schwarzen Korpus, w\u00e4hrend der obere Rahmen und die Kn\u00f6pfe dieselbe Farbe haben \u2013 Schwarz, Blau, Neongr\u00fcn, Orange und Gelb. Wir drucken alle Farben aus ASA, nur Neongr\u00fcn ist PETG.<\/p>\n<p>&nbsp;<\/p>\n<p>Hier ist ein\u00a0<a href=\"https:\/\/vps.skybean.eu\/SO\/color_designer.html\" target=\"_blank\" rel=\"noopener\">individuelles Farbdesigner-Tool,<\/a> falls eine der Standard-Farbkombinationen nicht deinen Vorlieben entspricht. <a href=\"https:\/\/swissgliders.ch\/de\/kontakt\/\">Schreib uns<\/a><\/p>\n<div class=\"panel-body\">\n<div id=\"beschreibung\" class=\"info_panel_accordion_tab_content\" data-update=\"beschreibung\">\n<div id=\"extra-0\" class=\"tab-pane fade in active\" aria-expanded=\"true\">\n<div id=\"an_bootstraptabs\">\n<p>&nbsp;<\/p>\n<p><br class=\"avia-permanent-lb\" \/>Mehr<a href=\"https:\/\/skybean.eu\/so-vario#\/65-neon_green\" target=\"_blank\" rel=\"noopener noreferrer\"> Infos<\/a><\/p>\n<\/div>\n<\/div>\n<\/div>\n<\/div>\n<p>Lieferfrist 2-3 Tage<\/p>\n","protected":false},"featured_media":22224,"comment_status":"closed","ping_status":"closed","template":"","meta":[],"product_brand":[2710],"product_cat":[2113,402],"product_tag":[1545,410],"class_list":{"0":"post-22214","1":"product","2":"type-product","3":"status-publish","4":"has-post-thumbnail","6":"product_brand-skybean","7":"product_cat-gleitschirm-varios","8":"product_cat-gleitschirm-zubehoer","9":"product_tag-vario","10":"product_tag-zubehoer","11":"product_shipping_class-priority-2kg-de","13":"first","14":"instock","15":"shipping-taxable","16":"purchasable","17":"product-type-variable"},"yoast_head":"<!-- This site is optimized with the Yoast SEO Premium plugin v26.1 (Yoast SEO v27.3) - https:\/\/yoast.com\/product\/yoast-seo-premium-wordpress\/ -->\n<title>SkyBean S\u00d8 Vario | Gleitschirmschule Thun, Bern, Interlaken<\/title>\n<meta name=\"description\" content=\"Skybean S\u00d8 vario super hell und langlebig XC Vario in verschiedenen Farbkombinationen erh\u00e4ltlich - sogar gibt es ein neues Tool zum individuellen Farbdesigner\" \/>\n<meta name=\"robots\" content=\"index, follow, max-snippet:-1, max-image-preview:large, max-video-preview:-1\" \/>\n<link rel=\"canonical\" href=\"https:\/\/swissgliders.ch\/de\/produkt\/skybean-soe-vario\/\" \/>\n<meta property=\"og:locale\" content=\"de_DE\" \/>\n<meta property=\"og:type\" content=\"article\" \/>\n<meta property=\"og:title\" content=\"SkyBean S\u00d8 Vario\" \/>\n<meta property=\"og:description\" content=\"Skybean S\u00d8 vario super hell und langlebig XC Vario in verschiedenen Farbkombinationen erh\u00e4ltlich - sogar gibt es ein neues Tool zum individuellen Farbdesigner\" \/>\n<meta property=\"og:url\" content=\"https:\/\/swissgliders.ch\/de\/produkt\/skybean-soe-vario\/\" \/>\n<meta property=\"og:site_name\" content=\"Gleitschirmschule Thun, Bern, Interlaken\" \/>\n<meta property=\"article:publisher\" content=\"https:\/\/www.facebook.com\/swissgliders\" \/>\n<meta property=\"article:modified_time\" content=\"2026-02-04T21:30:26+00:00\" \/>\n<meta property=\"og:image\" content=\"https:\/\/swissgliders.ch\/wp-content\/uploads\/2026\/01\/Skybean_Vario_S0_Yellow-0.png\" \/>\n\t<meta property=\"og:image:width\" content=\"800\" \/>\n\t<meta property=\"og:image:height\" content=\"800\" \/>\n\t<meta property=\"og:image:type\" content=\"image\/png\" \/>\n<meta name=\"twitter:card\" content=\"summary_large_image\" \/>\n<meta name=\"twitter:site\" content=\"@Swissgliders\" \/>\n<meta name=\"twitter:label1\" content=\"Verf\u00fcgbarkeit\" \/>\n\t<meta name=\"twitter:data1\" content=\"Auf Lager\" \/>\n<script type=\"application\/ld+json\" class=\"yoast-schema-graph\">{\"@context\":\"https:\\\/\\\/schema.org\",\"@graph\":[{\"@type\":\"WebPage\",\"@id\":\"https:\\\/\\\/swissgliders.ch\\\/de\\\/produkt\\\/skybean-soe-vario\\\/\",\"url\":\"https:\\\/\\\/swissgliders.ch\\\/de\\\/produkt\\\/skybean-soe-vario\\\/\",\"name\":\"SkyBean S\u00d8 Vario | Gleitschirmschule Thun, Bern, Interlaken\",\"isPartOf\":{\"@id\":\"https:\\\/\\\/swissgliders.ch\\\/de\\\/#website\"},\"primaryImageOfPage\":{\"@id\":\"https:\\\/\\\/swissgliders.ch\\\/de\\\/produkt\\\/skybean-soe-vario\\\/#primaryimage\"},\"image\":{\"@id\":\"https:\\\/\\\/swissgliders.ch\\\/de\\\/produkt\\\/skybean-soe-vario\\\/#primaryimage\"},\"thumbnailUrl\":\"https:\\\/\\\/swissgliders.ch\\\/wp-content\\\/uploads\\\/2026\\\/01\\\/Skybean_Vario_S0_Yellow-0.png\",\"datePublished\":\"2026-01-31T10:01:28+00:00\",\"dateModified\":\"2026-02-04T21:30:26+00:00\",\"description\":\"Skybean S\u00d8 vario super hell und langlebig XC Vario in verschiedenen Farbkombinationen erh\u00e4ltlich - sogar gibt es ein neues Tool zum individuellen Farbdesigner\",\"breadcrumb\":{\"@id\":\"https:\\\/\\\/swissgliders.ch\\\/de\\\/produkt\\\/skybean-soe-vario\\\/#breadcrumb\"},\"inLanguage\":\"de\",\"potentialAction\":[{\"@type\":\"ReadAction\",\"target\":[\"https:\\\/\\\/swissgliders.ch\\\/de\\\/produkt\\\/skybean-soe-vario\\\/\"]}]},{\"@type\":\"ImageObject\",\"inLanguage\":\"de\",\"@id\":\"https:\\\/\\\/swissgliders.ch\\\/de\\\/produkt\\\/skybean-soe-vario\\\/#primaryimage\",\"url\":\"https:\\\/\\\/swissgliders.ch\\\/wp-content\\\/uploads\\\/2026\\\/01\\\/Skybean_Vario_S0_Yellow-0.png\",\"contentUrl\":\"https:\\\/\\\/swissgliders.ch\\\/wp-content\\\/uploads\\\/2026\\\/01\\\/Skybean_Vario_S0_Yellow-0.png\",\"width\":800,\"height\":800,\"caption\":\"Skybean_Vario_S0_Yellow-0\"},{\"@type\":\"BreadcrumbList\",\"@id\":\"https:\\\/\\\/swissgliders.ch\\\/de\\\/produkt\\\/skybean-soe-vario\\\/#breadcrumb\",\"itemListElement\":[{\"@type\":\"ListItem\",\"position\":1,\"name\":\"Startseite\",\"item\":\"https:\\\/\\\/swissgliders.ch\\\/de\\\/willkommen\\\/\"},{\"@type\":\"ListItem\",\"position\":2,\"name\":\"Gleitschirm Shop\",\"item\":\"https:\\\/\\\/swissgliders.ch\\\/de\\\/gleitschirm-shop\\\/\"},{\"@type\":\"ListItem\",\"position\":3,\"name\":\"SkyBean S\u00d8 Vario\"}]},{\"@type\":\"WebSite\",\"@id\":\"https:\\\/\\\/swissgliders.ch\\\/de\\\/#website\",\"url\":\"https:\\\/\\\/swissgliders.ch\\\/de\\\/\",\"name\":\"Gleitschirmschule Thun, Bern, Interlaken\",\"description\":\"Gleitschirmschule Thun, Bern, Interlaken\",\"publisher\":{\"@id\":\"https:\\\/\\\/swissgliders.ch\\\/de\\\/#organization\"},\"potentialAction\":[{\"@type\":\"SearchAction\",\"target\":{\"@type\":\"EntryPoint\",\"urlTemplate\":\"https:\\\/\\\/swissgliders.ch\\\/de\\\/?s={search_term_string}\"},\"query-input\":{\"@type\":\"PropertyValueSpecification\",\"valueRequired\":true,\"valueName\":\"search_term_string\"}}],\"inLanguage\":\"de\"},{\"@type\":\"Organization\",\"@id\":\"https:\\\/\\\/swissgliders.ch\\\/de\\\/#organization\",\"name\":\"Swissgliders Gleitschirmflugschule Thun\",\"url\":\"https:\\\/\\\/swissgliders.ch\\\/de\\\/\",\"logo\":{\"@type\":\"ImageObject\",\"inLanguage\":\"de\",\"@id\":\"https:\\\/\\\/swissgliders.ch\\\/de\\\/#\\\/schema\\\/logo\\\/image\\\/\",\"url\":\"https:\\\/\\\/swissgliders.ch\\\/wp-content\\\/uploads\\\/2019\\\/12\\\/swissgliders-logo-rgb-square-L-no-ch-01.png\",\"contentUrl\":\"https:\\\/\\\/swissgliders.ch\\\/wp-content\\\/uploads\\\/2019\\\/12\\\/swissgliders-logo-rgb-square-L-no-ch-01.png\",\"width\":2500,\"height\":2500,\"caption\":\"Swissgliders Gleitschirmflugschule Thun\"},\"image\":{\"@id\":\"https:\\\/\\\/swissgliders.ch\\\/de\\\/#\\\/schema\\\/logo\\\/image\\\/\"},\"sameAs\":[\"https:\\\/\\\/www.facebook.com\\\/swissgliders\",\"https:\\\/\\\/x.com\\\/Swissgliders\",\"https:\\\/\\\/www.instagram.com\\\/swissgliders\\\/\",\"https:\\\/\\\/www.youtube.com\\\/channel\\\/UCMCtGdepy9vBhrhX3V_oJOA\"],\"hasMerchantReturnPolicy\":{\"@type\":\"MerchantReturnPolicy\",\"merchantReturnLink\":\"https:\\\/\\\/swissgliders.ch\\\/de\\\/allgemeine-geschaftsbedingungen\\\/\"}}]}<\/script>\n<meta property=\"og:availability\" content=\"instock\" \/>\n<meta property=\"product:availability\" content=\"instock\" \/>\n<meta property=\"product:condition\" content=\"new\" \/>\n<!-- \/ Yoast SEO Premium plugin. -->","yoast_head_json":{"title":"SkyBean S\u00d8 Vario | Gleitschirmschule Thun, Bern, Interlaken","description":"Skybean S\u00d8 vario super hell und langlebig XC Vario in verschiedenen Farbkombinationen erh\u00e4ltlich - sogar gibt es ein neues Tool zum individuellen Farbdesigner","robots":{"index":"index","follow":"follow","max-snippet":"max-snippet:-1","max-image-preview":"max-image-preview:large","max-video-preview":"max-video-preview:-1"},"canonical":"https:\/\/swissgliders.ch\/de\/produkt\/skybean-soe-vario\/","og_locale":"de_DE","og_type":"article","og_title":"SkyBean S\u00d8 Vario","og_description":"Skybean S\u00d8 vario super hell und langlebig XC Vario in verschiedenen Farbkombinationen erh\u00e4ltlich - sogar gibt es ein neues Tool zum individuellen Farbdesigner","og_url":"https:\/\/swissgliders.ch\/de\/produkt\/skybean-soe-vario\/","og_site_name":"Gleitschirmschule Thun, Bern, Interlaken","article_publisher":"https:\/\/www.facebook.com\/swissgliders","article_modified_time":"2026-02-04T21:30:26+00:00","og_image":[{"width":800,"height":800,"url":"https:\/\/swissgliders.ch\/wp-content\/uploads\/2026\/01\/Skybean_Vario_S0_Yellow-0.png","type":"image\/png"}],"twitter_card":"summary_large_image","twitter_site":"@Swissgliders","twitter_misc":{"Verf\u00fcgbarkeit":"Auf Lager"},"schema":{"@context":"https:\/\/schema.org","@graph":[{"@type":"WebPage","@id":"https:\/\/swissgliders.ch\/de\/produkt\/skybean-soe-vario\/","url":"https:\/\/swissgliders.ch\/de\/produkt\/skybean-soe-vario\/","name":"SkyBean S\u00d8 Vario | Gleitschirmschule Thun, Bern, Interlaken","isPartOf":{"@id":"https:\/\/swissgliders.ch\/de\/#website"},"primaryImageOfPage":{"@id":"https:\/\/swissgliders.ch\/de\/produkt\/skybean-soe-vario\/#primaryimage"},"image":{"@id":"https:\/\/swissgliders.ch\/de\/produkt\/skybean-soe-vario\/#primaryimage"},"thumbnailUrl":"https:\/\/swissgliders.ch\/wp-content\/uploads\/2026\/01\/Skybean_Vario_S0_Yellow-0.png","datePublished":"2026-01-31T10:01:28+00:00","dateModified":"2026-02-04T21:30:26+00:00","description":"Skybean S\u00d8 vario super hell und langlebig XC Vario in verschiedenen Farbkombinationen erh\u00e4ltlich - sogar gibt es ein neues Tool zum individuellen Farbdesigner","breadcrumb":{"@id":"https:\/\/swissgliders.ch\/de\/produkt\/skybean-soe-vario\/#breadcrumb"},"inLanguage":"de","potentialAction":[{"@type":"ReadAction","target":["https:\/\/swissgliders.ch\/de\/produkt\/skybean-soe-vario\/"]}]},{"@type":"ImageObject","inLanguage":"de","@id":"https:\/\/swissgliders.ch\/de\/produkt\/skybean-soe-vario\/#primaryimage","url":"https:\/\/swissgliders.ch\/wp-content\/uploads\/2026\/01\/Skybean_Vario_S0_Yellow-0.png","contentUrl":"https:\/\/swissgliders.ch\/wp-content\/uploads\/2026\/01\/Skybean_Vario_S0_Yellow-0.png","width":800,"height":800,"caption":"Skybean_Vario_S0_Yellow-0"},{"@type":"BreadcrumbList","@id":"https:\/\/swissgliders.ch\/de\/produkt\/skybean-soe-vario\/#breadcrumb","itemListElement":[{"@type":"ListItem","position":1,"name":"Startseite","item":"https:\/\/swissgliders.ch\/de\/willkommen\/"},{"@type":"ListItem","position":2,"name":"Gleitschirm Shop","item":"https:\/\/swissgliders.ch\/de\/gleitschirm-shop\/"},{"@type":"ListItem","position":3,"name":"SkyBean S\u00d8 Vario"}]},{"@type":"WebSite","@id":"https:\/\/swissgliders.ch\/de\/#website","url":"https:\/\/swissgliders.ch\/de\/","name":"Gleitschirmschule Thun, Bern, Interlaken","description":"Gleitschirmschule Thun, Bern, Interlaken","publisher":{"@id":"https:\/\/swissgliders.ch\/de\/#organization"},"potentialAction":[{"@type":"SearchAction","target":{"@type":"EntryPoint","urlTemplate":"https:\/\/swissgliders.ch\/de\/?s={search_term_string}"},"query-input":{"@type":"PropertyValueSpecification","valueRequired":true,"valueName":"search_term_string"}}],"inLanguage":"de"},{"@type":"Organization","@id":"https:\/\/swissgliders.ch\/de\/#organization","name":"Swissgliders Gleitschirmflugschule Thun","url":"https:\/\/swissgliders.ch\/de\/","logo":{"@type":"ImageObject","inLanguage":"de","@id":"https:\/\/swissgliders.ch\/de\/#\/schema\/logo\/image\/","url":"https:\/\/swissgliders.ch\/wp-content\/uploads\/2019\/12\/swissgliders-logo-rgb-square-L-no-ch-01.png","contentUrl":"https:\/\/swissgliders.ch\/wp-content\/uploads\/2019\/12\/swissgliders-logo-rgb-square-L-no-ch-01.png","width":2500,"height":2500,"caption":"Swissgliders Gleitschirmflugschule Thun"},"image":{"@id":"https:\/\/swissgliders.ch\/de\/#\/schema\/logo\/image\/"},"sameAs":["https:\/\/www.facebook.com\/swissgliders","https:\/\/x.com\/Swissgliders","https:\/\/www.instagram.com\/swissgliders\/","https:\/\/www.youtube.com\/channel\/UCMCtGdepy9vBhrhX3V_oJOA"],"hasMerchantReturnPolicy":{"@type":"MerchantReturnPolicy","merchantReturnLink":"https:\/\/swissgliders.ch\/de\/allgemeine-geschaftsbedingungen\/"}}]},"og_availability":"instock","product_availability":"instock","product_condition":"new"},"_links":{"self":[{"href":"https:\/\/swissgliders.ch\/de\/wp-json\/wp\/v2\/product\/22214","targetHints":{"allow":["GET"]}}],"collection":[{"href":"https:\/\/swissgliders.ch\/de\/wp-json\/wp\/v2\/product"}],"about":[{"href":"https:\/\/swissgliders.ch\/de\/wp-json\/wp\/v2\/types\/product"}],"replies":[{"embeddable":true,"href":"https:\/\/swissgliders.ch\/de\/wp-json\/wp\/v2\/comments?post=22214"}],"wp:featuredmedia":[{"embeddable":true,"href":"https:\/\/swissgliders.ch\/de\/wp-json\/wp\/v2\/media\/22224"}],"wp:attachment":[{"href":"https:\/\/swissgliders.ch\/de\/wp-json\/wp\/v2\/media?parent=22214"}],"wp:term":[{"taxonomy":"product_brand","embeddable":true,"href":"https:\/\/swissgliders.ch\/de\/wp-json\/wp\/v2\/product_brand?post=22214"},{"taxonomy":"product_cat","embeddable":true,"href":"https:\/\/swissgliders.ch\/de\/wp-json\/wp\/v2\/product_cat?post=22214"},{"taxonomy":"product_tag","embeddable":true,"href":"https:\/\/swissgliders.ch\/de\/wp-json\/wp\/v2\/product_tag?post=22214"}],"curies":[{"name":"wp","href":"https:\/\/api.w.org\/{rel}","templated":true}]}}