{"id":22347,"date":"2026-02-17T08:02:00","date_gmt":"2026-02-17T07:02:00","guid":{"rendered":"https:\/\/swissgliders.ch\/?post_type=product&#038;p=22347"},"modified":"2026-02-17T08:53:25","modified_gmt":"2026-02-17T07:53:25","slug":"out-of-swordfish","status":"publish","type":"product","link":"https:\/\/swissgliders.ch\/de\/produkt\/out-of-swordfish\/","title":{"rendered":"Out of SWORDFISH"},"content":{"rendered":"<div class=\"et_pb_module et_pb_text et_pb_text_0 et_pb_bg_layout_light et_pb_text_align_left\">\n<h4 class=\"et_pb_text_inner\"><span style=\"font-size: 20px; font-weight: 600;\"> <br class=\"avia-permanent-lb\" \/>SWORDFISH- Alle technischen Funktionen, die du brauchst, verpackt in einem alltagstauglichen Rahmen<\/span><\/h4>\n<\/div>\n<h3><\/h3>\n<p><img loading=\"lazy\" decoding=\"async\" class=\"\" src=\"https:\/\/outof.b-cdn.net\/wp-content\/uploads\/2024\/12\/2S010523-1600x1600.jpg\" width=\"668\" height=\"668\" \/><\/p>\n<div id=\"technischeDetails\" class=\"notlenses inaktiv opener\"><\/div>\n<p>&nbsp;<\/p>\n<p>Die Swordfish-Sonnenbrillen sind die perfekten Begleiter f\u00fcr alle, die Stil und Leistung vereinen m\u00f6chten.<\/p>\n<p>&nbsp;<\/p>\n<p>Hergestellt in Italien aus Grilamid, sind sie so konzipiert, dass sie all deinen Abenteuern standhalten \u2013 sei es beim Skifahren, Klettern oder beim Aperitif mit Freunden.<\/p>\n<p>Die ber\u00fchmten\u00a0<strong>The One Gl\u00e4ser<\/strong>, fotochromatisch und polarisiert, passen sich den Lichtverh\u00e4ltnissen an, indem sie sich abdunkeln oder aufhellen. So erh\u00e4ltst du stets den besten optischen Schutzfilter.<br \/>\nDar\u00fcber hinaus eliminiert der Polarisationsfilter st\u00f6rende Reflexionen vollst\u00e4ndig und erm\u00f6glicht dir, jedes Detail klar zu erkennen.<\/p>\n<p>&nbsp;<\/p>\n<p><strong>Hauptmerkmale:<\/strong><\/p>\n<ol>\n<li><strong>Fotochromatische und polarisierte &#8222;The One&#8220;-Gl\u00e4ser<\/strong>, f\u00fcr stets optimale Sichtverh\u00e4ltnisse<\/li>\n<li>Hergestellt aus\u00a0<strong>Grilamid<\/strong>, einem robusten und leichten Material<\/li>\n<li><strong>Made in Italy<\/strong>, Qualit\u00e4t und Design vereint<\/li>\n<li><strong>Masse<\/strong>: 57x18x135<\/li>\n<\/ol>\n<p>&nbsp;<\/p>\n<div class=\"col-12 p-md-0\">\n<h2 class=\"mb-1 ml-md-1\">Technische Daten<\/h2>\n<\/div>\n<div class=\"tech_spec_section\">\n<p>&nbsp;<\/p>\n<div class=\"tech_spec_carousel\">\n<div class=\"py-4 px-md-5 pl-md-0 tech_spec_single tech_spec_1\">\n<div class=\"\"><\/div>\n<\/div>\n<div class=\"py-4 px-md-5 pl-md-0 tech_spec_single tech_spec_3\">\n<div class=\"\">\n<div>\n<div class=\"tech_specifications\">\n<div class=\"row p-0\">\n<div class=\"tech_spec_section\">\n<div class=\"tech_spec_carousel\">\n<div class=\"py-4 px-md-5 pl-md-0 tech_spec_single tech_spec_1\">\n<div class=\"\">\n<p><img decoding=\"async\" class=\"my-md-4 tech_spec_1_icon\" src=\"https:\/\/out-of.com\/wp-content\/themes\/outof\/tech-spec-icons\/Grilamid_construction.svg\" data-cmp-info=\"10\" \/><\/p>\n<h3 class=\"tech_spec_1_title\">Grilamid-Konstruktion<\/h3>\n<p class=\"mt-4 tech_spec_1_text\">Leicht und robust, f\u00fcr viele Jahre voller Abenteuer gemacht<\/p>\n<\/div>\n<\/div>\n<div class=\"py-4 px-md-5 pl-md-0 tech_spec_single tech_spec_2\">\n<div class=\"\">\n<p><br class=\"avia-permanent-lb\" \/><img decoding=\"async\" class=\"my-md-4 tech_spec_2_icon\" src=\"https:\/\/out-of.com\/wp-content\/themes\/outof\/tech-spec-icons\/The_One_lenses.svg\" data-cmp-info=\"10\" \/><\/p>\n<h3 class=\"tech_spec_2_title\">The One Gl\u00e4ser<\/h3>\n<p class=\"mt-4 tech_spec_2_text\">Dank einer chemischen Reaktion, die durch UV-Strahlen ausgel\u00f6st wird, passen sich die photochromen Gl\u00e4ser in ihrer T\u00f6nung dem Licht an und bieten so immer den besten Filter.<br \/>\nDie Polarisierung blockiert selektiv horizontale Reflexionen, sodass Sie mehr durch die Blendung sehen k\u00f6nnen.<\/p>\n<\/div>\n<\/div>\n<div class=\"py-4 px-md-5 pl-md-0 tech_spec_single tech_spec_3\">\n<div class=\"\">\n<p><br class=\"avia-permanent-lb\" \/><img decoding=\"async\" class=\"my-md-4 tech_spec_3_icon\" src=\"https:\/\/out-of.com\/wp-content\/themes\/outof\/tech-spec-icons\/Designed_for_life.svg\" data-cmp-info=\"10\" \/><\/p>\n<h3 class=\"tech_spec_3_title\">F\u00fcr das Leben gemacht<\/h3>\n<p class=\"mt-4 tech_spec_3_text\">Alles davon: langsam und schnell. Wenn Sie also nicht wissen, was der Tag f\u00fcr Sie bereith\u00e4lt, ist die Swordfish die perfekte Wahl<\/p>\n<\/div>\n<\/div>\n<\/div>\n<\/div>\n<\/div>\n<\/div>\n<\/div>\n<div class=\"bot2plus-container\"><\/div>\n<div class=\"container-fluid px-0 px-md-2\">\n<div>\n<div class=\"lens-simulator py-md-5\">\n<div class=\"row p-0 d-flex\">\n<div>\n<div class=\"rowtodo\">\n<div class=\"col-md-6todo\">\n<h3 class=\"mb-4 d-none d-md-block\">Kategorie filtern<\/h3>\n<p><img loading=\"lazy\" decoding=\"async\" id=\"lens_filter_category\" class=\"d-none d-md-block\" src=\"https:\/\/out-of.com\/wp-content\/themes\/outof\/lens-cat\/Desktop\/Occhiali\/Cat%202-4.svg\" width=\"137\" height=\"394\" data-cmp-info=\"10\" \/><\/p>\n<\/div>\n<\/div>\n<\/div>\n<\/div>\n<\/div>\n<\/div>\n<\/div>\n<\/div>\n<\/div>\n<div class=\"py-4 px-md-5 pl-md-0 tech_spec_single tech_spec_5\">\n<div class=\"\">\n<p><br class=\"avia-permanent-lb\" \/><br class=\"avia-permanent-lb\" \/><strong>Highlights<\/strong><\/p>\n<div class=\"sect_highlights\">\n<ul>\n<li>Leichter und strapazierf\u00e4higer Rahmen aus Grilamid<\/li>\n<li>B\u00fcgel f\u00fcr zus\u00e4tzlichen Halt<\/li>\n<li>The One mit photochromen und polarisierten Gl\u00e4sern<\/li>\n<li>Abmessungen: 147 X 156<\/li>\n<li>Made in italy<\/li>\n<\/ul>\n<\/div>\n<p class=\"mt-4 tech_spec_5_text\"><br class=\"avia-permanent-lb\" \/><br class=\"avia-permanent-lb\" \/><\/p>\n<\/div>\n<\/div>\n<\/div>\n<\/div>\n<p>&nbsp;<\/p>\n<p>Mehr <a href=\"https:\/\/out-of.com\/de\/product\/swordfish\/\" target=\"_blank\" rel=\"noopener noreferrer\">Infos<\/a><\/p>\n<p>Falls dieser Artikel nicht an Lager ist, wird er f\u00fcr dich bestellt. Lieferfrist auf Anfrage.<\/p>\n","protected":false},"excerpt":{"rendered":"<div class=\"et_pb_module et_pb_text et_pb_text_0 et_pb_bg_layout_light et_pb_text_align_left\">\n<h4 class=\"et_pb_text_inner\"><span style=\"font-size: 20px; font-weight: 600;\"><br class=\"avia-permanent-lb\" \/>SWORDFISH- Alle technischen Funktionen, die du brauchst, verpackt in einem alltagstauglichen Rahmen<\/span><\/h4>\n<\/div>\n<h3><\/h3>\n<p><img loading=\"lazy\" decoding=\"async\" class=\"\" src=\"https:\/\/outof.b-cdn.net\/wp-content\/uploads\/2024\/12\/2S010523-1600x1600.jpg\" width=\"668\" height=\"668\" \/><\/p>\n<div id=\"technischeDetails\" class=\"notlenses inaktiv opener\"><\/div>\n<p>&nbsp;<\/p>\n<p>Die Swordfish-Sonnenbrillen sind die perfekten Begleiter f\u00fcr alle, die Stil und Leistung vereinen m\u00f6chten.<\/p>\n<p>&nbsp;<\/p>\n<p>Hergestellt in Italien aus Grilamid, sind sie so konzipiert, dass sie all deinen Abenteuern standhalten \u2013 sei es beim Skifahren, Klettern oder beim Aperitif mit Freunden.<\/p>\n<p>Die ber\u00fchmten\u00a0<strong>The One Gl\u00e4ser<\/strong>, fotochromatisch und polarisiert, passen sich den Lichtverh\u00e4ltnissen an, indem sie sich abdunkeln oder aufhellen. So erh\u00e4ltst du stets den besten optischen Schutzfilter.<br \/>\nDar\u00fcber hinaus eliminiert der Polarisationsfilter st\u00f6rende Reflexionen vollst\u00e4ndig und erm\u00f6glicht dir, jedes Detail klar zu erkennen.<\/p>\n<p>&nbsp;<\/p>\n<p><strong>Hauptmerkmale:<\/strong><\/p>\n<ol>\n<li><strong>Fotochromatische und polarisierte &#8222;The One&#8220;-Gl\u00e4ser<\/strong>, f\u00fcr stets optimale Sichtverh\u00e4ltnisse<\/li>\n<li>Hergestellt aus\u00a0<strong>Grilamid<\/strong>, einem robusten und leichten Material<\/li>\n<li><strong>Made in Italy<\/strong>, Qualit\u00e4t und Design vereint<\/li>\n<li><strong>Masse<\/strong>: 57x18x135<\/li>\n<\/ol>\n<p>&nbsp;<\/p>\n<div class=\"col-12 p-md-0\">\n<h2 class=\"mb-1 ml-md-1\">Technische Daten<\/h2>\n<\/div>\n<div class=\"tech_spec_section\">\n<p>&nbsp;<\/p>\n<div class=\"tech_spec_carousel\">\n<div class=\"py-4 px-md-5 pl-md-0 tech_spec_single tech_spec_1\">\n<div class=\"\"><\/div>\n<\/div>\n<div class=\"py-4 px-md-5 pl-md-0 tech_spec_single tech_spec_3\">\n<div class=\"\">\n<div>\n<div class=\"tech_specifications\">\n<div class=\"row p-0\">\n<div class=\"tech_spec_section\">\n<div class=\"tech_spec_carousel\">\n<div class=\"py-4 px-md-5 pl-md-0 tech_spec_single tech_spec_1\">\n<div class=\"\">\n<p><img decoding=\"async\" class=\"my-md-4 tech_spec_1_icon\" src=\"https:\/\/out-of.com\/wp-content\/themes\/outof\/tech-spec-icons\/Grilamid_construction.svg\" data-cmp-info=\"10\" \/><\/p>\n<h3 class=\"tech_spec_1_title\">Grilamid-Konstruktion<\/h3>\n<p class=\"mt-4 tech_spec_1_text\">Leicht und robust, f\u00fcr viele Jahre voller Abenteuer gemacht<\/p>\n<\/div>\n<\/div>\n<div class=\"py-4 px-md-5 pl-md-0 tech_spec_single tech_spec_2\">\n<div class=\"\">\n<p><br class=\"avia-permanent-lb\" \/><img decoding=\"async\" class=\"my-md-4 tech_spec_2_icon\" src=\"https:\/\/out-of.com\/wp-content\/themes\/outof\/tech-spec-icons\/The_One_lenses.svg\" data-cmp-info=\"10\" \/><\/p>\n<h3 class=\"tech_spec_2_title\">The One Gl\u00e4ser<\/h3>\n<p class=\"mt-4 tech_spec_2_text\">Dank einer chemischen Reaktion, die durch UV-Strahlen ausgel\u00f6st wird, passen sich die photochromen Gl\u00e4ser in ihrer T\u00f6nung dem Licht an und bieten so immer den besten Filter.<br \/>\nDie Polarisierung blockiert selektiv horizontale Reflexionen, sodass Sie mehr durch die Blendung sehen k\u00f6nnen.<\/p>\n<\/div>\n<\/div>\n<div class=\"py-4 px-md-5 pl-md-0 tech_spec_single tech_spec_3\">\n<div class=\"\">\n<p><br class=\"avia-permanent-lb\" \/><img decoding=\"async\" class=\"my-md-4 tech_spec_3_icon\" src=\"https:\/\/out-of.com\/wp-content\/themes\/outof\/tech-spec-icons\/Designed_for_life.svg\" data-cmp-info=\"10\" \/><\/p>\n<h3 class=\"tech_spec_3_title\">F\u00fcr das Leben gemacht<\/h3>\n<p class=\"mt-4 tech_spec_3_text\">Alles davon: langsam und schnell. Wenn Sie also nicht wissen, was der Tag f\u00fcr Sie bereith\u00e4lt, ist die Swordfish die perfekte Wahl<\/p>\n<\/div>\n<\/div>\n<\/div>\n<\/div>\n<\/div>\n<\/div>\n<\/div>\n<div class=\"bot2plus-container\"><\/div>\n<div class=\"container-fluid px-0 px-md-2\">\n<div>\n<div class=\"lens-simulator py-md-5\">\n<div class=\"row p-0 d-flex\">\n<div>\n<div class=\"rowtodo\">\n<div class=\"col-md-6todo\">\n<h3 class=\"mb-4 d-none d-md-block\">Kategorie filtern<\/h3>\n<p><img loading=\"lazy\" decoding=\"async\" id=\"lens_filter_category\" class=\"d-none d-md-block\" src=\"https:\/\/out-of.com\/wp-content\/themes\/outof\/lens-cat\/Desktop\/Occhiali\/Cat%202-4.svg\" width=\"137\" height=\"394\" data-cmp-info=\"10\" \/><\/p>\n<\/div>\n<\/div>\n<\/div>\n<\/div>\n<\/div>\n<\/div>\n<\/div>\n<\/div>\n<\/div>\n<div class=\"py-4 px-md-5 pl-md-0 tech_spec_single tech_spec_5\">\n<div class=\"\">\n<p><br class=\"avia-permanent-lb\" \/><br class=\"avia-permanent-lb\" \/><strong>Highlights<\/strong><\/p>\n<div class=\"sect_highlights\">\n<ul>\n<li>Leichter und strapazierf\u00e4higer Rahmen aus Grilamid<\/li>\n<li>B\u00fcgel f\u00fcr zus\u00e4tzlichen Halt<\/li>\n<li>The One mit photochromen und polarisierten Gl\u00e4sern<\/li>\n<li>Abmessungen: 147 X 156<\/li>\n<li>Made in italy<\/li>\n<\/ul>\n<\/div>\n<p class=\"mt-4 tech_spec_5_text\"><br class=\"avia-permanent-lb\" \/><br class=\"avia-permanent-lb\" \/><\/p>\n<\/div>\n<\/div>\n<\/div>\n<\/div>\n<p>&nbsp;<\/p>\n<p>Mehr <a href=\"https:\/\/out-of.com\/de\/product\/swordfish\/\" target=\"_blank\" rel=\"noopener noreferrer\">Infos<\/a><\/p>\n<p>Falls dieser Artikel nicht an Lager ist, wird er f\u00fcr dich bestellt. Lieferfrist auf Anfrage.<\/p>\n","protected":false},"featured_media":22355,"comment_status":"closed","ping_status":"closed","template":"","meta":[],"product_brand":[2751],"product_cat":[2022],"product_tag":[918,1970,410],"class_list":{"0":"post-22347","1":"product","2":"type-product","3":"status-publish","4":"has-post-thumbnail","6":"product_brand-out-of","7":"product_cat-gleitschirm-bekleidung","8":"product_tag-bekleidung","9":"product_tag-sonnenbrille","10":"product_tag-zubehoer","11":"product_shipping_class-priority-2kg-de","13":"first","14":"instock","15":"shipping-taxable","16":"purchasable","17":"product-type-variable"},"yoast_head":"<!-- This site is optimized with the Yoast SEO Premium plugin v26.1 (Yoast SEO v27.3) - https:\/\/yoast.com\/product\/yoast-seo-premium-wordpress\/ -->\n<title>Out of SWORDFISH | Gleitschirmschule Thun, Bern, Interlaken<\/title>\n<meta name=\"description\" content=\"Die Swordfish-Sonnenbrillen von Out Of sind die perfekten Begleiter f\u00fcr alle, die Stil und Leistung vereinen m\u00f6chten. Alle technischen Features, die du brauchst, verpackt in einem allt\u00e4glichen Rahmen\" \/>\n<meta name=\"robots\" content=\"index, follow, max-snippet:-1, max-image-preview:large, max-video-preview:-1\" \/>\n<link rel=\"canonical\" href=\"https:\/\/swissgliders.ch\/de\/produkt\/out-of-swordfish\/\" \/>\n<meta property=\"og:locale\" content=\"de_DE\" \/>\n<meta property=\"og:type\" content=\"article\" \/>\n<meta property=\"og:title\" content=\"Out of SWORDFISH\" \/>\n<meta property=\"og:description\" content=\"Die Swordfish-Sonnenbrillen von Out Of sind die perfekten Begleiter f\u00fcr alle, die Stil und Leistung vereinen m\u00f6chten. Alle technischen Features, die du brauchst, verpackt in einem allt\u00e4glichen Rahmen\" \/>\n<meta property=\"og:url\" content=\"https:\/\/swissgliders.ch\/de\/produkt\/out-of-swordfish\/\" \/>\n<meta property=\"og:site_name\" content=\"Gleitschirmschule Thun, Bern, Interlaken\" \/>\n<meta property=\"article:publisher\" content=\"https:\/\/www.facebook.com\/swissgliders\" \/>\n<meta property=\"article:modified_time\" content=\"2026-02-17T07:53:25+00:00\" \/>\n<meta property=\"og:image\" content=\"https:\/\/swissgliders.ch\/wp-content\/uploads\/2026\/02\/Out-of_Sonnenbrille_Swordfish-0.jpg\" \/>\n\t<meta property=\"og:image:width\" content=\"485\" \/>\n\t<meta property=\"og:image:height\" content=\"376\" \/>\n\t<meta property=\"og:image:type\" content=\"image\/jpeg\" \/>\n<meta name=\"twitter:card\" content=\"summary_large_image\" \/>\n<meta name=\"twitter:site\" content=\"@Swissgliders\" \/>\n<meta name=\"twitter:label1\" content=\"Verf\u00fcgbarkeit\" \/>\n\t<meta name=\"twitter:data1\" content=\"Auf Lager\" \/>\n<script type=\"application\/ld+json\" class=\"yoast-schema-graph\">{\"@context\":\"https:\\\/\\\/schema.org\",\"@graph\":[{\"@type\":\"WebPage\",\"@id\":\"https:\\\/\\\/swissgliders.ch\\\/de\\\/produkt\\\/out-of-swordfish\\\/\",\"url\":\"https:\\\/\\\/swissgliders.ch\\\/de\\\/produkt\\\/out-of-swordfish\\\/\",\"name\":\"Out of SWORDFISH | Gleitschirmschule Thun, Bern, Interlaken\",\"isPartOf\":{\"@id\":\"https:\\\/\\\/swissgliders.ch\\\/de\\\/#website\"},\"primaryImageOfPage\":{\"@id\":\"https:\\\/\\\/swissgliders.ch\\\/de\\\/produkt\\\/out-of-swordfish\\\/#primaryimage\"},\"image\":{\"@id\":\"https:\\\/\\\/swissgliders.ch\\\/de\\\/produkt\\\/out-of-swordfish\\\/#primaryimage\"},\"thumbnailUrl\":\"https:\\\/\\\/swissgliders.ch\\\/wp-content\\\/uploads\\\/2026\\\/02\\\/Out-of_Sonnenbrille_Swordfish-0.jpg\",\"datePublished\":\"2026-02-17T07:02:00+00:00\",\"dateModified\":\"2026-02-17T07:53:25+00:00\",\"description\":\"Die Swordfish-Sonnenbrillen von Out Of sind die perfekten Begleiter f\u00fcr alle, die Stil und Leistung vereinen m\u00f6chten. Alle technischen Features, die du brauchst, verpackt in einem allt\u00e4glichen Rahmen\",\"breadcrumb\":{\"@id\":\"https:\\\/\\\/swissgliders.ch\\\/de\\\/produkt\\\/out-of-swordfish\\\/#breadcrumb\"},\"inLanguage\":\"de\",\"potentialAction\":[{\"@type\":\"ReadAction\",\"target\":[\"https:\\\/\\\/swissgliders.ch\\\/de\\\/produkt\\\/out-of-swordfish\\\/\"]}]},{\"@type\":\"ImageObject\",\"inLanguage\":\"de\",\"@id\":\"https:\\\/\\\/swissgliders.ch\\\/de\\\/produkt\\\/out-of-swordfish\\\/#primaryimage\",\"url\":\"https:\\\/\\\/swissgliders.ch\\\/wp-content\\\/uploads\\\/2026\\\/02\\\/Out-of_Sonnenbrille_Swordfish-0.jpg\",\"contentUrl\":\"https:\\\/\\\/swissgliders.ch\\\/wp-content\\\/uploads\\\/2026\\\/02\\\/Out-of_Sonnenbrille_Swordfish-0.jpg\",\"width\":485,\"height\":376,\"caption\":\"Out of_Sonnenbrille_Swordfish-0\"},{\"@type\":\"BreadcrumbList\",\"@id\":\"https:\\\/\\\/swissgliders.ch\\\/de\\\/produkt\\\/out-of-swordfish\\\/#breadcrumb\",\"itemListElement\":[{\"@type\":\"ListItem\",\"position\":1,\"name\":\"Startseite\",\"item\":\"https:\\\/\\\/swissgliders.ch\\\/de\\\/willkommen\\\/\"},{\"@type\":\"ListItem\",\"position\":2,\"name\":\"Gleitschirm Shop\",\"item\":\"https:\\\/\\\/swissgliders.ch\\\/de\\\/gleitschirm-shop\\\/\"},{\"@type\":\"ListItem\",\"position\":3,\"name\":\"Out of SWORDFISH\"}]},{\"@type\":\"WebSite\",\"@id\":\"https:\\\/\\\/swissgliders.ch\\\/de\\\/#website\",\"url\":\"https:\\\/\\\/swissgliders.ch\\\/de\\\/\",\"name\":\"Gleitschirmschule Thun, Bern, Interlaken\",\"description\":\"Gleitschirmschule Thun, Bern, Interlaken\",\"publisher\":{\"@id\":\"https:\\\/\\\/swissgliders.ch\\\/de\\\/#organization\"},\"potentialAction\":[{\"@type\":\"SearchAction\",\"target\":{\"@type\":\"EntryPoint\",\"urlTemplate\":\"https:\\\/\\\/swissgliders.ch\\\/de\\\/?s={search_term_string}\"},\"query-input\":{\"@type\":\"PropertyValueSpecification\",\"valueRequired\":true,\"valueName\":\"search_term_string\"}}],\"inLanguage\":\"de\"},{\"@type\":\"Organization\",\"@id\":\"https:\\\/\\\/swissgliders.ch\\\/de\\\/#organization\",\"name\":\"Swissgliders Gleitschirmflugschule Thun\",\"url\":\"https:\\\/\\\/swissgliders.ch\\\/de\\\/\",\"logo\":{\"@type\":\"ImageObject\",\"inLanguage\":\"de\",\"@id\":\"https:\\\/\\\/swissgliders.ch\\\/de\\\/#\\\/schema\\\/logo\\\/image\\\/\",\"url\":\"https:\\\/\\\/swissgliders.ch\\\/wp-content\\\/uploads\\\/2019\\\/12\\\/swissgliders-logo-rgb-square-L-no-ch-01.png\",\"contentUrl\":\"https:\\\/\\\/swissgliders.ch\\\/wp-content\\\/uploads\\\/2019\\\/12\\\/swissgliders-logo-rgb-square-L-no-ch-01.png\",\"width\":2500,\"height\":2500,\"caption\":\"Swissgliders Gleitschirmflugschule Thun\"},\"image\":{\"@id\":\"https:\\\/\\\/swissgliders.ch\\\/de\\\/#\\\/schema\\\/logo\\\/image\\\/\"},\"sameAs\":[\"https:\\\/\\\/www.facebook.com\\\/swissgliders\",\"https:\\\/\\\/x.com\\\/Swissgliders\",\"https:\\\/\\\/www.instagram.com\\\/swissgliders\\\/\",\"https:\\\/\\\/www.youtube.com\\\/channel\\\/UCMCtGdepy9vBhrhX3V_oJOA\"],\"hasMerchantReturnPolicy\":{\"@type\":\"MerchantReturnPolicy\",\"merchantReturnLink\":\"https:\\\/\\\/swissgliders.ch\\\/de\\\/allgemeine-geschaftsbedingungen\\\/\"}}]}<\/script>\n<meta property=\"og:availability\" content=\"instock\" \/>\n<meta property=\"product:availability\" content=\"instock\" \/>\n<meta property=\"product:condition\" content=\"new\" \/>\n<!-- \/ Yoast SEO Premium plugin. -->","yoast_head_json":{"title":"Out of SWORDFISH | Gleitschirmschule Thun, Bern, Interlaken","description":"Die Swordfish-Sonnenbrillen von Out Of sind die perfekten Begleiter f\u00fcr alle, die Stil und Leistung vereinen m\u00f6chten. Alle technischen Features, die du brauchst, verpackt in einem allt\u00e4glichen Rahmen","robots":{"index":"index","follow":"follow","max-snippet":"max-snippet:-1","max-image-preview":"max-image-preview:large","max-video-preview":"max-video-preview:-1"},"canonical":"https:\/\/swissgliders.ch\/de\/produkt\/out-of-swordfish\/","og_locale":"de_DE","og_type":"article","og_title":"Out of SWORDFISH","og_description":"Die Swordfish-Sonnenbrillen von Out Of sind die perfekten Begleiter f\u00fcr alle, die Stil und Leistung vereinen m\u00f6chten. Alle technischen Features, die du brauchst, verpackt in einem allt\u00e4glichen Rahmen","og_url":"https:\/\/swissgliders.ch\/de\/produkt\/out-of-swordfish\/","og_site_name":"Gleitschirmschule Thun, Bern, Interlaken","article_publisher":"https:\/\/www.facebook.com\/swissgliders","article_modified_time":"2026-02-17T07:53:25+00:00","og_image":[{"width":485,"height":376,"url":"https:\/\/swissgliders.ch\/wp-content\/uploads\/2026\/02\/Out-of_Sonnenbrille_Swordfish-0.jpg","type":"image\/jpeg"}],"twitter_card":"summary_large_image","twitter_site":"@Swissgliders","twitter_misc":{"Verf\u00fcgbarkeit":"Auf Lager"},"schema":{"@context":"https:\/\/schema.org","@graph":[{"@type":"WebPage","@id":"https:\/\/swissgliders.ch\/de\/produkt\/out-of-swordfish\/","url":"https:\/\/swissgliders.ch\/de\/produkt\/out-of-swordfish\/","name":"Out of SWORDFISH | Gleitschirmschule Thun, Bern, Interlaken","isPartOf":{"@id":"https:\/\/swissgliders.ch\/de\/#website"},"primaryImageOfPage":{"@id":"https:\/\/swissgliders.ch\/de\/produkt\/out-of-swordfish\/#primaryimage"},"image":{"@id":"https:\/\/swissgliders.ch\/de\/produkt\/out-of-swordfish\/#primaryimage"},"thumbnailUrl":"https:\/\/swissgliders.ch\/wp-content\/uploads\/2026\/02\/Out-of_Sonnenbrille_Swordfish-0.jpg","datePublished":"2026-02-17T07:02:00+00:00","dateModified":"2026-02-17T07:53:25+00:00","description":"Die Swordfish-Sonnenbrillen von Out Of sind die perfekten Begleiter f\u00fcr alle, die Stil und Leistung vereinen m\u00f6chten. Alle technischen Features, die du brauchst, verpackt in einem allt\u00e4glichen Rahmen","breadcrumb":{"@id":"https:\/\/swissgliders.ch\/de\/produkt\/out-of-swordfish\/#breadcrumb"},"inLanguage":"de","potentialAction":[{"@type":"ReadAction","target":["https:\/\/swissgliders.ch\/de\/produkt\/out-of-swordfish\/"]}]},{"@type":"ImageObject","inLanguage":"de","@id":"https:\/\/swissgliders.ch\/de\/produkt\/out-of-swordfish\/#primaryimage","url":"https:\/\/swissgliders.ch\/wp-content\/uploads\/2026\/02\/Out-of_Sonnenbrille_Swordfish-0.jpg","contentUrl":"https:\/\/swissgliders.ch\/wp-content\/uploads\/2026\/02\/Out-of_Sonnenbrille_Swordfish-0.jpg","width":485,"height":376,"caption":"Out of_Sonnenbrille_Swordfish-0"},{"@type":"BreadcrumbList","@id":"https:\/\/swissgliders.ch\/de\/produkt\/out-of-swordfish\/#breadcrumb","itemListElement":[{"@type":"ListItem","position":1,"name":"Startseite","item":"https:\/\/swissgliders.ch\/de\/willkommen\/"},{"@type":"ListItem","position":2,"name":"Gleitschirm Shop","item":"https:\/\/swissgliders.ch\/de\/gleitschirm-shop\/"},{"@type":"ListItem","position":3,"name":"Out of SWORDFISH"}]},{"@type":"WebSite","@id":"https:\/\/swissgliders.ch\/de\/#website","url":"https:\/\/swissgliders.ch\/de\/","name":"Gleitschirmschule Thun, Bern, Interlaken","description":"Gleitschirmschule Thun, Bern, Interlaken","publisher":{"@id":"https:\/\/swissgliders.ch\/de\/#organization"},"potentialAction":[{"@type":"SearchAction","target":{"@type":"EntryPoint","urlTemplate":"https:\/\/swissgliders.ch\/de\/?s={search_term_string}"},"query-input":{"@type":"PropertyValueSpecification","valueRequired":true,"valueName":"search_term_string"}}],"inLanguage":"de"},{"@type":"Organization","@id":"https:\/\/swissgliders.ch\/de\/#organization","name":"Swissgliders Gleitschirmflugschule Thun","url":"https:\/\/swissgliders.ch\/de\/","logo":{"@type":"ImageObject","inLanguage":"de","@id":"https:\/\/swissgliders.ch\/de\/#\/schema\/logo\/image\/","url":"https:\/\/swissgliders.ch\/wp-content\/uploads\/2019\/12\/swissgliders-logo-rgb-square-L-no-ch-01.png","contentUrl":"https:\/\/swissgliders.ch\/wp-content\/uploads\/2019\/12\/swissgliders-logo-rgb-square-L-no-ch-01.png","width":2500,"height":2500,"caption":"Swissgliders Gleitschirmflugschule Thun"},"image":{"@id":"https:\/\/swissgliders.ch\/de\/#\/schema\/logo\/image\/"},"sameAs":["https:\/\/www.facebook.com\/swissgliders","https:\/\/x.com\/Swissgliders","https:\/\/www.instagram.com\/swissgliders\/","https:\/\/www.youtube.com\/channel\/UCMCtGdepy9vBhrhX3V_oJOA"],"hasMerchantReturnPolicy":{"@type":"MerchantReturnPolicy","merchantReturnLink":"https:\/\/swissgliders.ch\/de\/allgemeine-geschaftsbedingungen\/"}}]},"og_availability":"instock","product_availability":"instock","product_condition":"new"},"_links":{"self":[{"href":"https:\/\/swissgliders.ch\/de\/wp-json\/wp\/v2\/product\/22347","targetHints":{"allow":["GET"]}}],"collection":[{"href":"https:\/\/swissgliders.ch\/de\/wp-json\/wp\/v2\/product"}],"about":[{"href":"https:\/\/swissgliders.ch\/de\/wp-json\/wp\/v2\/types\/product"}],"replies":[{"embeddable":true,"href":"https:\/\/swissgliders.ch\/de\/wp-json\/wp\/v2\/comments?post=22347"}],"wp:featuredmedia":[{"embeddable":true,"href":"https:\/\/swissgliders.ch\/de\/wp-json\/wp\/v2\/media\/22355"}],"wp:attachment":[{"href":"https:\/\/swissgliders.ch\/de\/wp-json\/wp\/v2\/media?parent=22347"}],"wp:term":[{"taxonomy":"product_brand","embeddable":true,"href":"https:\/\/swissgliders.ch\/de\/wp-json\/wp\/v2\/product_brand?post=22347"},{"taxonomy":"product_cat","embeddable":true,"href":"https:\/\/swissgliders.ch\/de\/wp-json\/wp\/v2\/product_cat?post=22347"},{"taxonomy":"product_tag","embeddable":true,"href":"https:\/\/swissgliders.ch\/de\/wp-json\/wp\/v2\/product_tag?post=22347"}],"curies":[{"name":"wp","href":"https:\/\/api.w.org\/{rel}","templated":true}]}}