{"id":22366,"date":"2026-02-17T08:57:29","date_gmt":"2026-02-17T07:57:29","guid":{"rendered":"https:\/\/swissgliders.ch\/?post_type=product&#038;p=22366"},"modified":"2026-02-17T09:29:25","modified_gmt":"2026-02-17T08:29:25","slug":"airdesign-airpack-xped","status":"publish","type":"product","link":"https:\/\/swissgliders.ch\/de\/produkt\/airdesign-airpack-xped\/","title":{"rendered":"AirDesign AirPack XPed"},"content":{"rendered":"<h3><br class=\"avia-permanent-lb\" \/>AirPack Xped<\/h3>\n<p>Erh\u00e4ltlich in den drei Gr\u00f6\u00dfen S (Flame), M (Azur) und L (Lime).<\/p>\n<p><img loading=\"lazy\" decoding=\"async\" class=\"\" src=\"https:\/\/ad-gliders.com\/wp-content\/uploads\/2025\/02\/Airpack-XPed-Airdesign-01.jpg\" width=\"232\" height=\"232\" \/>\u00a0 \u00a0\u00a0<img loading=\"lazy\" decoding=\"async\" class=\"\" src=\"https:\/\/ad-gliders.com\/wp-content\/uploads\/2025\/02\/Airpack-XPed-Airdesign-02.jpg\" width=\"231\" height=\"231\" \/> \u00a0<img loading=\"lazy\" decoding=\"async\" class=\"\" src=\"https:\/\/ad-gliders.com\/wp-content\/uploads\/2025\/02\/Airpack-XPed-Airdesign-03.jpg\" width=\"231\" height=\"231\" \/><\/p>\n<p><br class=\"avia-permanent-lb\" \/><br class=\"avia-permanent-lb\" \/>Passend zu deinem leichten Schirm kommt hier ist unser AirPack XPed! Verw\u00f6hne deinen Schirm, er wird es dir danken. Sorgf\u00e4ltiges Packen und schonende Lagerung sind die wichtigsten Faktoren der Alterung deines Gleitschirms. Moderne Fl\u00fcgel sollten so gefaltet werden, dass die St\u00e4be in der Vorderkante nicht geknickt werden. Der AirPack XPed erm\u00f6glicht ein einfaches 4-faches Falten, ohne die St\u00e4bchen zu knicken, und das bei einem Gewicht von 215 g in der Gr\u00f6\u00dfe M.<\/p>\n<p>\u2013 Die Bel\u00fcftung wird durch das atmungsaktive Netz auf der Oberseite des AirPack XPed gew\u00e4hrleistet.<br \/>\n\u2013 Befestigungsschlaufen f\u00fcr die Tragegurte.<br \/>\n\u2013 Zwei-Wege-Rei\u00dfverschluss (mit anti-pinch system).<br \/>\n\u2013 Kompressionsb\u00e4nder.<\/p>\n<p><em>Hinweis: F\u00fcr eine langfristige Lagerung empfehlen wir, den Schirm flach in dem ge\u00f6ffneten AirPack XPed aufzubewahren.<\/em><\/p>\n<p>&nbsp;<\/p>\n<h4>Zus\u00e4tzliche Informationen<\/h4>\n<p>Erh\u00e4ltlich in den drei Gr\u00f6\u00dfen S (Flame), M (Azur) und L (Lime).<\/p>\n<p><strong>Auswahl der richtigen Gr\u00f6\u00dfe: Die L\u00e4nge des XPed AirPack sollte etwas gr\u00f6\u00dfer sein als die maximale Fl\u00fcgeltiefe.<\/strong><\/p>\n<p><strong> <br class=\"avia-permanent-lb\" \/>Gr\u00f6\u00dfe S (200 g, Flame) mit einer L\u00e4nge von 2,25 m:<\/strong><br \/>\nSuSi 4 14, 16, 18; Soar 2 XXS, XS; Hero 2 XXS, XS.<\/p>\n<p><strong> <br class=\"avia-permanent-lb\" \/>Gr\u00f6\u00dfe M (215 g, Azur) mit einer L\u00e4nge von 2,60 m:<\/strong><br \/>\nSuSi 4 21, 23, 26; LiVi XXS, XS, S; Soar 2 S, M; Volt 5 XXS, XS, S, M; Hero 2 S, M.<\/p>\n<p><strong> <br class=\"avia-permanent-lb\" \/>Gr\u00f6\u00dfe L (245 g, Lime) mit einer L\u00e4nge von 2,90 m:<\/strong><br \/>\nLiVi M, L; Soar 2 L; Volt 5 ML, L; Hero 2 ML, L. <br class=\"avia-permanent-lb\" \/><br class=\"avia-permanent-lb\" \/><br class=\"avia-permanent-lb\" \/><br class=\"avia-permanent-lb\" \/><\/p>\n<div class='avia-iframe-wrap'><iframe loading=\"lazy\" title=\"AirDesign AirPack XPed, to pair with your light paraglider!\" width=\"1500\" height=\"844\" src=\"https:\/\/www.youtube.com\/embed\/rfTgAx17qQg?feature=oembed\" frameborder=\"0\" allow=\"accelerometer; autoplay; clipboard-write; encrypted-media; gyroscope; picture-in-picture; web-share\" referrerpolicy=\"strict-origin-when-cross-origin\" allowfullscreen><\/iframe><\/div>\n<p><br class=\"avia-permanent-lb\" \/>Mehr <a href=\"https:\/\/ad-gliders.com\/produkt\/airpack-xped\/\" target=\"_blank\" rel=\"noopener noreferrer\">Info<\/a><\/p>\n<p>Falls dieser Artikel nicht an Lager ist, wird er f\u00fcr dich bestellt. Lieferfrist auf Anfrage.<\/p>\n","protected":false},"excerpt":{"rendered":"<h3><br class=\"avia-permanent-lb\" \/>AirPack Xped<\/h3>\n<p>Erh\u00e4ltlich in den drei Gr\u00f6\u00dfen S (Flame), M (Azur) und L (Lime).<\/p>\n<p><img loading=\"lazy\" decoding=\"async\" class=\"\" src=\"https:\/\/ad-gliders.com\/wp-content\/uploads\/2025\/02\/Airpack-XPed-Airdesign-01.jpg\" width=\"232\" height=\"232\" \/>\u00a0 \u00a0\u00a0<img loading=\"lazy\" decoding=\"async\" class=\"\" src=\"https:\/\/ad-gliders.com\/wp-content\/uploads\/2025\/02\/Airpack-XPed-Airdesign-02.jpg\" width=\"231\" height=\"231\" \/> \u00a0<img loading=\"lazy\" decoding=\"async\" class=\"\" src=\"https:\/\/ad-gliders.com\/wp-content\/uploads\/2025\/02\/Airpack-XPed-Airdesign-03.jpg\" width=\"231\" height=\"231\" \/><\/p>\n<p><br class=\"avia-permanent-lb\" \/><br class=\"avia-permanent-lb\" \/>Passend zu deinem leichten Schirm kommt hier ist unser AirPack XPed! Verw\u00f6hne deinen Schirm, er wird es dir danken. Sorgf\u00e4ltiges Packen und schonende Lagerung sind die wichtigsten Faktoren der Alterung deines Gleitschirms. Moderne Fl\u00fcgel sollten so gefaltet werden, dass die St\u00e4be in der Vorderkante nicht geknickt werden. Der AirPack XPed erm\u00f6glicht ein einfaches 4-faches Falten, ohne die St\u00e4bchen zu knicken, und das bei einem Gewicht von 215 g in der Gr\u00f6\u00dfe M.<\/p>\n<p>\u2013 Die Bel\u00fcftung wird durch das atmungsaktive Netz auf der Oberseite des AirPack XPed gew\u00e4hrleistet.<br \/>\n\u2013 Befestigungsschlaufen f\u00fcr die Tragegurte.<br \/>\n\u2013 Zwei-Wege-Rei\u00dfverschluss (mit anti-pinch system).<br \/>\n\u2013 Kompressionsb\u00e4nder.<\/p>\n<p><em>Hinweis: F\u00fcr eine langfristige Lagerung empfehlen wir, den Schirm flach in dem ge\u00f6ffneten AirPack XPed aufzubewahren.<\/em><\/p>\n<p>&nbsp;<\/p>\n<h4>Zus\u00e4tzliche Informationen<\/h4>\n<p>Erh\u00e4ltlich in den drei Gr\u00f6\u00dfen S (Flame), M (Azur) und L (Lime).<\/p>\n<p><strong>Auswahl der richtigen Gr\u00f6\u00dfe: Die L\u00e4nge des XPed AirPack sollte etwas gr\u00f6\u00dfer sein als die maximale Fl\u00fcgeltiefe.<\/strong><\/p>\n<p><strong> <br class=\"avia-permanent-lb\" \/>Gr\u00f6\u00dfe S (200 g, Flame) mit einer L\u00e4nge von 2,25 m:<\/strong><br \/>\nSuSi 4 14, 16, 18; Soar 2 XXS, XS; Hero 2 XXS, XS.<\/p>\n<p><strong> <br class=\"avia-permanent-lb\" \/>Gr\u00f6\u00dfe M (215 g, Azur) mit einer L\u00e4nge von 2,60 m:<\/strong><br \/>\nSuSi 4 21, 23, 26; LiVi XXS, XS, S; Soar 2 S, M; Volt 5 XXS, XS, S, M; Hero 2 S, M.<\/p>\n<p><strong> <br class=\"avia-permanent-lb\" \/>Gr\u00f6\u00dfe L (245 g, Lime) mit einer L\u00e4nge von 2,90 m:<\/strong><br \/>\nLiVi M, L; Soar 2 L; Volt 5 ML, L; Hero 2 ML, L. <br class=\"avia-permanent-lb\" \/><br class=\"avia-permanent-lb\" \/><br class=\"avia-permanent-lb\" \/><br class=\"avia-permanent-lb\" \/><\/p>\n<p>https:\/\/youtu.be\/rfTgAx17qQg<\/p>\n<p><br class=\"avia-permanent-lb\" \/>Mehr <a href=\"https:\/\/ad-gliders.com\/produkt\/airpack-xped\/\" target=\"_blank\" rel=\"noopener noreferrer\">Info<\/a><\/p>\n<p>Falls dieser Artikel nicht an Lager ist, wird er f\u00fcr dich bestellt. Lieferfrist auf Anfrage.<\/p>\n","protected":false},"featured_media":22377,"comment_status":"closed","ping_status":"closed","template":"","meta":[],"product_brand":[2630],"product_cat":[2076],"product_tag":[2077],"class_list":{"0":"post-22366","1":"product","2":"type-product","3":"status-publish","4":"has-post-thumbnail","6":"product_brand-air-design","7":"product_cat-gleitschirm-packsaecke","8":"product_tag-packsack","9":"product_shipping_class-priority-2kg-de","11":"first","12":"instock","13":"shipping-taxable","14":"purchasable","15":"product-type-variable"},"yoast_head":"<!-- This site is optimized with the Yoast SEO Premium plugin v26.1 (Yoast SEO v27.3) - https:\/\/yoast.com\/product\/yoast-seo-premium-wordpress\/ -->\n<title>AirDesign AirPack XPed | Gleitschirmschule Thun, Bern, Interlaken<\/title>\n<meta name=\"description\" content=\"Passend zu deinem leichten Schirm kommt hier ist unser AirPack XPed von Air Design! Verw\u00f6hne deinen Schirm, er wird es dir danken. Sorgf\u00e4ltiges Packen und schonende Lagerung sind die wichtigsten Faktoren der Alterung deines Gleitschirms. Moderne Fl\u00fcgel sollten so gefaltet werden, dass die St\u00e4be in der Vorderkante nicht geknickt werden. Der AirPack XPed erm\u00f6glicht ein einfaches 4-faches Falten, ohne die St\u00e4bchen zu knicken, und das bei einem Gewicht von 215 g in der Gr\u00f6\u00dfe M.\" \/>\n<meta name=\"robots\" content=\"index, follow, max-snippet:-1, max-image-preview:large, max-video-preview:-1\" \/>\n<link rel=\"canonical\" href=\"https:\/\/swissgliders.ch\/de\/produkt\/airdesign-airpack-xped\/\" \/>\n<meta property=\"og:locale\" content=\"de_DE\" \/>\n<meta property=\"og:type\" content=\"article\" \/>\n<meta property=\"og:title\" content=\"AirDesign AirPack XPed\" \/>\n<meta property=\"og:description\" content=\"Passend zu deinem leichten Schirm kommt hier ist unser AirPack XPed von Air Design! Verw\u00f6hne deinen Schirm, er wird es dir danken. Sorgf\u00e4ltiges Packen und schonende Lagerung sind die wichtigsten Faktoren der Alterung deines Gleitschirms. Moderne Fl\u00fcgel sollten so gefaltet werden, dass die St\u00e4be in der Vorderkante nicht geknickt werden. Der AirPack XPed erm\u00f6glicht ein einfaches 4-faches Falten, ohne die St\u00e4bchen zu knicken, und das bei einem Gewicht von 215 g in der Gr\u00f6\u00dfe M.\" \/>\n<meta property=\"og:url\" content=\"https:\/\/swissgliders.ch\/de\/produkt\/airdesign-airpack-xped\/\" \/>\n<meta property=\"og:site_name\" content=\"Gleitschirmschule Thun, Bern, Interlaken\" \/>\n<meta property=\"article:publisher\" content=\"https:\/\/www.facebook.com\/swissgliders\" \/>\n<meta property=\"article:modified_time\" content=\"2026-02-17T08:29:25+00:00\" \/>\n<meta property=\"og:image\" content=\"https:\/\/swissgliders.ch\/wp-content\/uploads\/2026\/02\/AirDesign_Packsack_AirPack_Xped-8.jpg\" \/>\n\t<meta property=\"og:image:width\" content=\"1300\" \/>\n\t<meta property=\"og:image:height\" content=\"1300\" \/>\n\t<meta property=\"og:image:type\" content=\"image\/jpeg\" \/>\n<meta name=\"twitter:card\" content=\"summary_large_image\" \/>\n<meta name=\"twitter:site\" content=\"@Swissgliders\" \/>\n<meta name=\"twitter:label1\" content=\"Verf\u00fcgbarkeit\" \/>\n\t<meta name=\"twitter:data1\" content=\"Auf Lager\" \/>\n<script type=\"application\/ld+json\" class=\"yoast-schema-graph\">{\"@context\":\"https:\\\/\\\/schema.org\",\"@graph\":[{\"@type\":\"WebPage\",\"@id\":\"https:\\\/\\\/swissgliders.ch\\\/de\\\/produkt\\\/airdesign-airpack-xped\\\/\",\"url\":\"https:\\\/\\\/swissgliders.ch\\\/de\\\/produkt\\\/airdesign-airpack-xped\\\/\",\"name\":\"AirDesign AirPack XPed | Gleitschirmschule Thun, Bern, Interlaken\",\"isPartOf\":{\"@id\":\"https:\\\/\\\/swissgliders.ch\\\/de\\\/#website\"},\"primaryImageOfPage\":{\"@id\":\"https:\\\/\\\/swissgliders.ch\\\/de\\\/produkt\\\/airdesign-airpack-xped\\\/#primaryimage\"},\"image\":{\"@id\":\"https:\\\/\\\/swissgliders.ch\\\/de\\\/produkt\\\/airdesign-airpack-xped\\\/#primaryimage\"},\"thumbnailUrl\":\"https:\\\/\\\/swissgliders.ch\\\/wp-content\\\/uploads\\\/2026\\\/02\\\/AirDesign_Packsack_AirPack_Xped-8.jpg\",\"datePublished\":\"2026-02-17T07:57:29+00:00\",\"dateModified\":\"2026-02-17T08:29:25+00:00\",\"description\":\"Passend zu deinem leichten Schirm kommt hier ist unser AirPack XPed von Air Design! Verw\u00f6hne deinen Schirm, er wird es dir danken. Sorgf\u00e4ltiges Packen und schonende Lagerung sind die wichtigsten Faktoren der Alterung deines Gleitschirms. Moderne Fl\u00fcgel sollten so gefaltet werden, dass die St\u00e4be in der Vorderkante nicht geknickt werden. Der AirPack XPed erm\u00f6glicht ein einfaches 4-faches Falten, ohne die St\u00e4bchen zu knicken, und das bei einem Gewicht von 215 g in der Gr\u00f6\u00dfe M.\",\"breadcrumb\":{\"@id\":\"https:\\\/\\\/swissgliders.ch\\\/de\\\/produkt\\\/airdesign-airpack-xped\\\/#breadcrumb\"},\"inLanguage\":\"de\",\"potentialAction\":[{\"@type\":\"ReadAction\",\"target\":[\"https:\\\/\\\/swissgliders.ch\\\/de\\\/produkt\\\/airdesign-airpack-xped\\\/\"]}]},{\"@type\":\"ImageObject\",\"inLanguage\":\"de\",\"@id\":\"https:\\\/\\\/swissgliders.ch\\\/de\\\/produkt\\\/airdesign-airpack-xped\\\/#primaryimage\",\"url\":\"https:\\\/\\\/swissgliders.ch\\\/wp-content\\\/uploads\\\/2026\\\/02\\\/AirDesign_Packsack_AirPack_Xped-8.jpg\",\"contentUrl\":\"https:\\\/\\\/swissgliders.ch\\\/wp-content\\\/uploads\\\/2026\\\/02\\\/AirDesign_Packsack_AirPack_Xped-8.jpg\",\"width\":1300,\"height\":1300,\"caption\":\"AirDesign_Packsack_AirPack_Xped-8\"},{\"@type\":\"BreadcrumbList\",\"@id\":\"https:\\\/\\\/swissgliders.ch\\\/de\\\/produkt\\\/airdesign-airpack-xped\\\/#breadcrumb\",\"itemListElement\":[{\"@type\":\"ListItem\",\"position\":1,\"name\":\"Startseite\",\"item\":\"https:\\\/\\\/swissgliders.ch\\\/de\\\/willkommen\\\/\"},{\"@type\":\"ListItem\",\"position\":2,\"name\":\"Gleitschirm Shop\",\"item\":\"https:\\\/\\\/swissgliders.ch\\\/de\\\/gleitschirm-shop\\\/\"},{\"@type\":\"ListItem\",\"position\":3,\"name\":\"AirDesign AirPack XPed\"}]},{\"@type\":\"WebSite\",\"@id\":\"https:\\\/\\\/swissgliders.ch\\\/de\\\/#website\",\"url\":\"https:\\\/\\\/swissgliders.ch\\\/de\\\/\",\"name\":\"Gleitschirmschule Thun, Bern, Interlaken\",\"description\":\"Gleitschirmschule Thun, Bern, Interlaken\",\"publisher\":{\"@id\":\"https:\\\/\\\/swissgliders.ch\\\/de\\\/#organization\"},\"potentialAction\":[{\"@type\":\"SearchAction\",\"target\":{\"@type\":\"EntryPoint\",\"urlTemplate\":\"https:\\\/\\\/swissgliders.ch\\\/de\\\/?s={search_term_string}\"},\"query-input\":{\"@type\":\"PropertyValueSpecification\",\"valueRequired\":true,\"valueName\":\"search_term_string\"}}],\"inLanguage\":\"de\"},{\"@type\":\"Organization\",\"@id\":\"https:\\\/\\\/swissgliders.ch\\\/de\\\/#organization\",\"name\":\"Swissgliders Gleitschirmflugschule Thun\",\"url\":\"https:\\\/\\\/swissgliders.ch\\\/de\\\/\",\"logo\":{\"@type\":\"ImageObject\",\"inLanguage\":\"de\",\"@id\":\"https:\\\/\\\/swissgliders.ch\\\/de\\\/#\\\/schema\\\/logo\\\/image\\\/\",\"url\":\"https:\\\/\\\/swissgliders.ch\\\/wp-content\\\/uploads\\\/2019\\\/12\\\/swissgliders-logo-rgb-square-L-no-ch-01.png\",\"contentUrl\":\"https:\\\/\\\/swissgliders.ch\\\/wp-content\\\/uploads\\\/2019\\\/12\\\/swissgliders-logo-rgb-square-L-no-ch-01.png\",\"width\":2500,\"height\":2500,\"caption\":\"Swissgliders Gleitschirmflugschule Thun\"},\"image\":{\"@id\":\"https:\\\/\\\/swissgliders.ch\\\/de\\\/#\\\/schema\\\/logo\\\/image\\\/\"},\"sameAs\":[\"https:\\\/\\\/www.facebook.com\\\/swissgliders\",\"https:\\\/\\\/x.com\\\/Swissgliders\",\"https:\\\/\\\/www.instagram.com\\\/swissgliders\\\/\",\"https:\\\/\\\/www.youtube.com\\\/channel\\\/UCMCtGdepy9vBhrhX3V_oJOA\"],\"hasMerchantReturnPolicy\":{\"@type\":\"MerchantReturnPolicy\",\"merchantReturnLink\":\"https:\\\/\\\/swissgliders.ch\\\/de\\\/allgemeine-geschaftsbedingungen\\\/\"}}]}<\/script>\n<meta property=\"og:availability\" content=\"instock\" \/>\n<meta property=\"product:availability\" content=\"instock\" \/>\n<meta property=\"product:condition\" content=\"new\" \/>\n<!-- \/ Yoast SEO Premium plugin. -->","yoast_head_json":{"title":"AirDesign AirPack XPed | Gleitschirmschule Thun, Bern, Interlaken","description":"Passend zu deinem leichten Schirm kommt hier ist unser AirPack XPed von Air Design! Verw\u00f6hne deinen Schirm, er wird es dir danken. Sorgf\u00e4ltiges Packen und schonende Lagerung sind die wichtigsten Faktoren der Alterung deines Gleitschirms. Moderne Fl\u00fcgel sollten so gefaltet werden, dass die St\u00e4be in der Vorderkante nicht geknickt werden. Der AirPack XPed erm\u00f6glicht ein einfaches 4-faches Falten, ohne die St\u00e4bchen zu knicken, und das bei einem Gewicht von 215 g in der Gr\u00f6\u00dfe M.","robots":{"index":"index","follow":"follow","max-snippet":"max-snippet:-1","max-image-preview":"max-image-preview:large","max-video-preview":"max-video-preview:-1"},"canonical":"https:\/\/swissgliders.ch\/de\/produkt\/airdesign-airpack-xped\/","og_locale":"de_DE","og_type":"article","og_title":"AirDesign AirPack XPed","og_description":"Passend zu deinem leichten Schirm kommt hier ist unser AirPack XPed von Air Design! Verw\u00f6hne deinen Schirm, er wird es dir danken. Sorgf\u00e4ltiges Packen und schonende Lagerung sind die wichtigsten Faktoren der Alterung deines Gleitschirms. Moderne Fl\u00fcgel sollten so gefaltet werden, dass die St\u00e4be in der Vorderkante nicht geknickt werden. Der AirPack XPed erm\u00f6glicht ein einfaches 4-faches Falten, ohne die St\u00e4bchen zu knicken, und das bei einem Gewicht von 215 g in der Gr\u00f6\u00dfe M.","og_url":"https:\/\/swissgliders.ch\/de\/produkt\/airdesign-airpack-xped\/","og_site_name":"Gleitschirmschule Thun, Bern, Interlaken","article_publisher":"https:\/\/www.facebook.com\/swissgliders","article_modified_time":"2026-02-17T08:29:25+00:00","og_image":[{"width":1300,"height":1300,"url":"https:\/\/swissgliders.ch\/wp-content\/uploads\/2026\/02\/AirDesign_Packsack_AirPack_Xped-8.jpg","type":"image\/jpeg"}],"twitter_card":"summary_large_image","twitter_site":"@Swissgliders","twitter_misc":{"Verf\u00fcgbarkeit":"Auf Lager"},"schema":{"@context":"https:\/\/schema.org","@graph":[{"@type":"WebPage","@id":"https:\/\/swissgliders.ch\/de\/produkt\/airdesign-airpack-xped\/","url":"https:\/\/swissgliders.ch\/de\/produkt\/airdesign-airpack-xped\/","name":"AirDesign AirPack XPed | Gleitschirmschule Thun, Bern, Interlaken","isPartOf":{"@id":"https:\/\/swissgliders.ch\/de\/#website"},"primaryImageOfPage":{"@id":"https:\/\/swissgliders.ch\/de\/produkt\/airdesign-airpack-xped\/#primaryimage"},"image":{"@id":"https:\/\/swissgliders.ch\/de\/produkt\/airdesign-airpack-xped\/#primaryimage"},"thumbnailUrl":"https:\/\/swissgliders.ch\/wp-content\/uploads\/2026\/02\/AirDesign_Packsack_AirPack_Xped-8.jpg","datePublished":"2026-02-17T07:57:29+00:00","dateModified":"2026-02-17T08:29:25+00:00","description":"Passend zu deinem leichten Schirm kommt hier ist unser AirPack XPed von Air Design! Verw\u00f6hne deinen Schirm, er wird es dir danken. Sorgf\u00e4ltiges Packen und schonende Lagerung sind die wichtigsten Faktoren der Alterung deines Gleitschirms. Moderne Fl\u00fcgel sollten so gefaltet werden, dass die St\u00e4be in der Vorderkante nicht geknickt werden. Der AirPack XPed erm\u00f6glicht ein einfaches 4-faches Falten, ohne die St\u00e4bchen zu knicken, und das bei einem Gewicht von 215 g in der Gr\u00f6\u00dfe M.","breadcrumb":{"@id":"https:\/\/swissgliders.ch\/de\/produkt\/airdesign-airpack-xped\/#breadcrumb"},"inLanguage":"de","potentialAction":[{"@type":"ReadAction","target":["https:\/\/swissgliders.ch\/de\/produkt\/airdesign-airpack-xped\/"]}]},{"@type":"ImageObject","inLanguage":"de","@id":"https:\/\/swissgliders.ch\/de\/produkt\/airdesign-airpack-xped\/#primaryimage","url":"https:\/\/swissgliders.ch\/wp-content\/uploads\/2026\/02\/AirDesign_Packsack_AirPack_Xped-8.jpg","contentUrl":"https:\/\/swissgliders.ch\/wp-content\/uploads\/2026\/02\/AirDesign_Packsack_AirPack_Xped-8.jpg","width":1300,"height":1300,"caption":"AirDesign_Packsack_AirPack_Xped-8"},{"@type":"BreadcrumbList","@id":"https:\/\/swissgliders.ch\/de\/produkt\/airdesign-airpack-xped\/#breadcrumb","itemListElement":[{"@type":"ListItem","position":1,"name":"Startseite","item":"https:\/\/swissgliders.ch\/de\/willkommen\/"},{"@type":"ListItem","position":2,"name":"Gleitschirm Shop","item":"https:\/\/swissgliders.ch\/de\/gleitschirm-shop\/"},{"@type":"ListItem","position":3,"name":"AirDesign AirPack XPed"}]},{"@type":"WebSite","@id":"https:\/\/swissgliders.ch\/de\/#website","url":"https:\/\/swissgliders.ch\/de\/","name":"Gleitschirmschule Thun, Bern, Interlaken","description":"Gleitschirmschule Thun, Bern, Interlaken","publisher":{"@id":"https:\/\/swissgliders.ch\/de\/#organization"},"potentialAction":[{"@type":"SearchAction","target":{"@type":"EntryPoint","urlTemplate":"https:\/\/swissgliders.ch\/de\/?s={search_term_string}"},"query-input":{"@type":"PropertyValueSpecification","valueRequired":true,"valueName":"search_term_string"}}],"inLanguage":"de"},{"@type":"Organization","@id":"https:\/\/swissgliders.ch\/de\/#organization","name":"Swissgliders Gleitschirmflugschule Thun","url":"https:\/\/swissgliders.ch\/de\/","logo":{"@type":"ImageObject","inLanguage":"de","@id":"https:\/\/swissgliders.ch\/de\/#\/schema\/logo\/image\/","url":"https:\/\/swissgliders.ch\/wp-content\/uploads\/2019\/12\/swissgliders-logo-rgb-square-L-no-ch-01.png","contentUrl":"https:\/\/swissgliders.ch\/wp-content\/uploads\/2019\/12\/swissgliders-logo-rgb-square-L-no-ch-01.png","width":2500,"height":2500,"caption":"Swissgliders Gleitschirmflugschule Thun"},"image":{"@id":"https:\/\/swissgliders.ch\/de\/#\/schema\/logo\/image\/"},"sameAs":["https:\/\/www.facebook.com\/swissgliders","https:\/\/x.com\/Swissgliders","https:\/\/www.instagram.com\/swissgliders\/","https:\/\/www.youtube.com\/channel\/UCMCtGdepy9vBhrhX3V_oJOA"],"hasMerchantReturnPolicy":{"@type":"MerchantReturnPolicy","merchantReturnLink":"https:\/\/swissgliders.ch\/de\/allgemeine-geschaftsbedingungen\/"}}]},"og_availability":"instock","product_availability":"instock","product_condition":"new"},"_links":{"self":[{"href":"https:\/\/swissgliders.ch\/de\/wp-json\/wp\/v2\/product\/22366","targetHints":{"allow":["GET"]}}],"collection":[{"href":"https:\/\/swissgliders.ch\/de\/wp-json\/wp\/v2\/product"}],"about":[{"href":"https:\/\/swissgliders.ch\/de\/wp-json\/wp\/v2\/types\/product"}],"replies":[{"embeddable":true,"href":"https:\/\/swissgliders.ch\/de\/wp-json\/wp\/v2\/comments?post=22366"}],"wp:featuredmedia":[{"embeddable":true,"href":"https:\/\/swissgliders.ch\/de\/wp-json\/wp\/v2\/media\/22377"}],"wp:attachment":[{"href":"https:\/\/swissgliders.ch\/de\/wp-json\/wp\/v2\/media?parent=22366"}],"wp:term":[{"taxonomy":"product_brand","embeddable":true,"href":"https:\/\/swissgliders.ch\/de\/wp-json\/wp\/v2\/product_brand?post=22366"},{"taxonomy":"product_cat","embeddable":true,"href":"https:\/\/swissgliders.ch\/de\/wp-json\/wp\/v2\/product_cat?post=22366"},{"taxonomy":"product_tag","embeddable":true,"href":"https:\/\/swissgliders.ch\/de\/wp-json\/wp\/v2\/product_tag?post=22366"}],"curies":[{"name":"wp","href":"https:\/\/api.w.org\/{rel}","templated":true}]}}