{"id":23117,"date":"2026-04-27T05:29:52","date_gmt":"2026-04-27T04:29:52","guid":{"rendered":"https:\/\/swissgliders.ch\/?post_type=product&#038;p=23117"},"modified":"2026-04-27T15:05:34","modified_gmt":"2026-04-27T14:05:34","slug":"flymaster-vario-gps-ls-2","status":"publish","type":"product","link":"https:\/\/swissgliders.ch\/de\/produkt\/flymaster-vario-gps-ls-2\/","title":{"rendered":"Flymaster Vario GPS-LS 2 inkl. optionalem FLARM"},"content":{"rendered":"<p class=\"hfly1 text-center text-warning\"><br class=\"avia-permanent-lb\" \/><img loading=\"lazy\" decoding=\"async\" class=\"\" src=\"https:\/\/s3.eu-west-1.amazonaws.com\/imgs.flymaster.net\/site\/gpsls2\/gpsls2_render.png\" alt=\"GPS LS2\" width=\"469\" height=\"377\" \/><\/p>\n<p>&nbsp;<\/p>\n<h3 class=\"hfly1 text-center text-warning\">Wir haben zugeh\u00f6rt. Wir haben alles aufger\u00fcstet.<\/h3>\n<p class=\"hfly3 text-center\">Das\u00a0<strong>Flymaster GPS LS2<\/strong>\u00a0ist das perfekte erste Querfluginstrument, das die neueste Technologie mit einfacher Bedienung und dem besten Preis-Leistungs-Verh\u00e4ltnis aller Zeiten verbindet.<\/p>\n<p>&nbsp;<\/p>\n<table data-sr=\"\">\n<tbody>\n<tr>\n<td class=\"hfly3\" width=\"80%\">\n<h3>Volle Kontrolle mit der Flymaster Link App<\/h3>\n<\/td>\n<\/tr>\n<tr>\n<td class=\"hfly3\" width=\"80%\">Die Verwaltung Ihres\u00a0<strong>GPS LS2<\/strong>\u00a0war noch nie so einfach!<\/p>\n<p>Die Flymaster Link App, verf\u00fcgbar f\u00fcr iOS und Android, bietet eine benutzerfreundliche und leistungsstarke Oberfl\u00e4che, um Ihr Instrument m\u00fchelos zu steuern und zu konfigurieren.<\/p>\n<p>Mit Werkzeugen zum Konfigurieren, Herunterladen Ihrer Fl\u00fcge, zum Aktualisieren der Firmware und zum Senden von Wegpunkten sorgt die App daf\u00fcr, dass Sie das Beste aus Ihrem\u00a0<strong>GPS LS2<\/strong> herausholen \u2013 jederzeit und \u00fcberall.<\/p>\n<p><img loading=\"lazy\" decoding=\"async\" class=\"\" src=\"https:\/\/s3.eu-west-1.amazonaws.com\/imgs.flymaster.net\/site\/Link_logo_big.png\" width=\"111\" height=\"111\" \/><\/td>\n<\/tr>\n<\/tbody>\n<\/table>\n<p>&nbsp;<\/p>\n<div class=\"col col-md-4\">\n<p class=\"hfly2 text-warning\"><strong>Haupt-Hardwaremerkmale<\/strong><\/p>\n<\/div>\n<div class=\"col col-md-8\">\n<table class=\"table table-striped\">\n<tbody>\n<tr>\n<td width=\"50%\">Anzeigetyp<\/td>\n<td>400&#215;300 Pixel Hochkontrast-LCD<\/td>\n<\/tr>\n<tr>\n<td>Autonomie\u00a0<a class=\"small\" href=\"https:\/\/www.flymaster.net\/faq#11\" target=\"_blank\" rel=\"noopener\">Mehr erfahren<\/a><\/td>\n<td>&gt;20 Stunden mit einer Rate von einer Position pro Sekunde<\/td>\n<\/tr>\n<tr>\n<td>Gr\u00f6\u00dfe<\/td>\n<td>130x80x17 mm (L\u00e4nge x Breite x Dicke)<\/td>\n<\/tr>\n<tr>\n<td>Gewicht<\/td>\n<td>Ungef\u00e4hr 150g<\/td>\n<\/tr>\n<tr>\n<td>GPS<\/td>\n<td>72 GPS\/GLONASS-Kan\u00e4le<\/td>\n<\/tr>\n<tr>\n<td>Native USB-Verbindung<\/td>\n<td>Erm\u00f6glicht die Verbindung zu einem PC<\/td>\n<\/tr>\n<tr>\n<td>Batterieladung<\/td>\n<td>\u00dcber ein Netzteil oder einen Standard-USB-Anschluss<\/td>\n<\/tr>\n<tr>\n<td>Drucksensor<\/td>\n<td>Erm\u00f6glicht die Messung barometrischer Daten<\/td>\n<\/tr>\n<tr>\n<td>Bluetooth<\/td>\n<td>BLE Bluetooth 5.0 und Bluetooth-Mesh<\/td>\n<\/tr>\n<tr>\n<td>Flarm<\/td>\n<td>Nur Flarm und ADSL-M Ready<br \/>\n<strong>Beacon (TX)<\/strong><\/td>\n<\/tr>\n<tr>\n<td>WLAN<\/td>\n<td>Erm\u00f6glicht eine WLAN-Verbindung, bestimmte Funktionen auszuf\u00fchren<\/td>\n<\/tr>\n<\/tbody>\n<\/table>\n<\/div>\n<p>Mehr<a href=\"https:\/\/www.flymaster.net\/gpsls2#\"> Infos<\/a><\/p>\n<p>Lieferfrist 1-2 Tage<\/p>\n","protected":false},"excerpt":{"rendered":"<p class=\"hfly1 text-center text-warning\"><br class=\"avia-permanent-lb\" \/><img loading=\"lazy\" decoding=\"async\" class=\"\" src=\"https:\/\/s3.eu-west-1.amazonaws.com\/imgs.flymaster.net\/site\/gpsls2\/gpsls2_render.png\" alt=\"GPS LS2\" width=\"469\" height=\"377\" \/><\/p>\n<p>&nbsp;<\/p>\n<h3 class=\"hfly1 text-center text-warning\">Wir haben zugeh\u00f6rt. Wir haben alles aufger\u00fcstet.<\/h3>\n<p class=\"hfly3 text-center\">Das\u00a0<strong>Flymaster GPS LS2<\/strong>\u00a0ist das perfekte erste Querfluginstrument, das die neueste Technologie mit einfacher Bedienung und dem besten Preis-Leistungs-Verh\u00e4ltnis aller Zeiten verbindet.<\/p>\n<p>&nbsp;<\/p>\n<table data-sr=\"\">\n<tbody>\n<tr>\n<td class=\"hfly3\" width=\"80%\">\n<h3>Volle Kontrolle mit der Flymaster Link App<\/h3>\n<\/td>\n<\/tr>\n<tr>\n<td class=\"hfly3\" width=\"80%\">Die Verwaltung Ihres\u00a0<strong>GPS LS2<\/strong>\u00a0war noch nie so einfach!<\/p>\n<p>Die Flymaster Link App, verf\u00fcgbar f\u00fcr iOS und Android, bietet eine benutzerfreundliche und leistungsstarke Oberfl\u00e4che, um Ihr Instrument m\u00fchelos zu steuern und zu konfigurieren.<\/p>\n<p>Mit Werkzeugen zum Konfigurieren, Herunterladen Ihrer Fl\u00fcge, zum Aktualisieren der Firmware und zum Senden von Wegpunkten sorgt die App daf\u00fcr, dass Sie das Beste aus Ihrem\u00a0<strong>GPS LS2<\/strong> herausholen \u2013 jederzeit und \u00fcberall.<\/p>\n<p><img loading=\"lazy\" decoding=\"async\" class=\"\" src=\"https:\/\/s3.eu-west-1.amazonaws.com\/imgs.flymaster.net\/site\/Link_logo_big.png\" width=\"111\" height=\"111\" \/><\/td>\n<\/tr>\n<\/tbody>\n<\/table>\n<p>&nbsp;<\/p>\n<div class=\"col col-md-4\">\n<p class=\"hfly2 text-warning\"><strong>Haupt-Hardwaremerkmale<\/strong><\/p>\n<\/div>\n<div class=\"col col-md-8\">\n<table class=\"table table-striped\">\n<tbody>\n<tr>\n<td width=\"50%\">Anzeigetyp<\/td>\n<td>400&#215;300 Pixel Hochkontrast-LCD<\/td>\n<\/tr>\n<tr>\n<td>Autonomie\u00a0<a class=\"small\" href=\"https:\/\/www.flymaster.net\/faq#11\" target=\"_blank\" rel=\"noopener\">Mehr erfahren<\/a><\/td>\n<td>&gt;20 Stunden mit einer Rate von einer Position pro Sekunde<\/td>\n<\/tr>\n<tr>\n<td>Gr\u00f6\u00dfe<\/td>\n<td>130x80x17 mm (L\u00e4nge x Breite x Dicke)<\/td>\n<\/tr>\n<tr>\n<td>Gewicht<\/td>\n<td>Ungef\u00e4hr 150g<\/td>\n<\/tr>\n<tr>\n<td>GPS<\/td>\n<td>72 GPS\/GLONASS-Kan\u00e4le<\/td>\n<\/tr>\n<tr>\n<td>Native USB-Verbindung<\/td>\n<td>Erm\u00f6glicht die Verbindung zu einem PC<\/td>\n<\/tr>\n<tr>\n<td>Batterieladung<\/td>\n<td>\u00dcber ein Netzteil oder einen Standard-USB-Anschluss<\/td>\n<\/tr>\n<tr>\n<td>Drucksensor<\/td>\n<td>Erm\u00f6glicht die Messung barometrischer Daten<\/td>\n<\/tr>\n<tr>\n<td>Bluetooth<\/td>\n<td>BLE Bluetooth 5.0 und Bluetooth-Mesh<\/td>\n<\/tr>\n<tr>\n<td>Flarm<\/td>\n<td>Nur Flarm und ADSL-M Ready<br \/>\n<strong>Beacon (TX)<\/strong><\/td>\n<\/tr>\n<tr>\n<td>WLAN<\/td>\n<td>Erm\u00f6glicht eine WLAN-Verbindung, bestimmte Funktionen auszuf\u00fchren<\/td>\n<\/tr>\n<\/tbody>\n<\/table>\n<\/div>\n<p>Mehr<a href=\"https:\/\/www.flymaster.net\/gpsls2#\"> Infos<\/a><\/p>\n<p>Lieferfrist 1-2 Tage<\/p>\n","protected":false},"featured_media":23118,"comment_status":"closed","ping_status":"closed","template":"","meta":[],"product_brand":[2669],"product_cat":[2113,402],"product_tag":[1545,410],"class_list":{"0":"post-23117","1":"product","2":"type-product","3":"status-publish","4":"has-post-thumbnail","6":"product_brand-flymaster","7":"product_cat-gleitschirm-varios","8":"product_cat-gleitschirm-zubehoer","9":"product_tag-vario","10":"product_tag-zubehoer","11":"product_shipping_class-priority-2kg-de","13":"first","14":"instock","15":"taxable","16":"shipping-taxable","17":"purchasable","18":"product-type-simple"},"yoast_head":"<!-- This site is optimized with the Yoast SEO Premium plugin v26.1 (Yoast SEO v27.5) - https:\/\/yoast.com\/product\/yoast-seo-premium-wordpress\/ -->\n<title>Flymaster Vario GPS-LS 2 inkl. optionalem FLARM | Gleitschirmschule Thun, Bern, Interlaken<\/title>\n<meta name=\"description\" content=\"Das Flymaster GPS LS2 ist das perfekte erste Querfluginstrument, das die neueste Technologie mit einfacher Bedienung und dem besten Preis-Leistungs-Verh\u00e4ltnis aller Zeiten verbindet.\" \/>\n<meta name=\"robots\" content=\"index, follow, max-snippet:-1, max-image-preview:large, max-video-preview:-1\" \/>\n<link rel=\"canonical\" href=\"https:\/\/swissgliders.ch\/de\/produkt\/flymaster-vario-gps-ls-2\/\" \/>\n<meta property=\"og:locale\" content=\"de_DE\" \/>\n<meta property=\"og:type\" content=\"article\" \/>\n<meta property=\"og:title\" content=\"Flymaster Vario GPS-LS 2 inkl. optionalem FLARM\" \/>\n<meta property=\"og:description\" content=\"Das Flymaster GPS LS2 ist das perfekte erste Querfluginstrument, das die neueste Technologie mit einfacher Bedienung und dem besten Preis-Leistungs-Verh\u00e4ltnis aller Zeiten verbindet.\" \/>\n<meta property=\"og:url\" content=\"https:\/\/swissgliders.ch\/de\/produkt\/flymaster-vario-gps-ls-2\/\" \/>\n<meta property=\"og:site_name\" content=\"Gleitschirmschule Thun, Bern, Interlaken\" \/>\n<meta property=\"article:publisher\" content=\"https:\/\/www.facebook.com\/swissgliders\" \/>\n<meta property=\"article:modified_time\" content=\"2026-04-27T14:05:34+00:00\" \/>\n<meta property=\"og:image\" content=\"https:\/\/swissgliders.ch\/wp-content\/uploads\/2026\/04\/Flymaster_Vario_GPS-LS-2.png\" \/>\n\t<meta property=\"og:image:width\" content=\"1188\" \/>\n\t<meta property=\"og:image:height\" content=\"955\" \/>\n\t<meta property=\"og:image:type\" content=\"image\/png\" \/>\n<meta name=\"twitter:card\" content=\"summary_large_image\" \/>\n<meta name=\"twitter:site\" content=\"@Swissgliders\" \/>\n<meta name=\"twitter:label1\" content=\"Preis\" \/>\n\t<meta name=\"twitter:data1\" content=\"&#067;&#072;&#070;&nbsp;449.00\" \/>\n\t<meta name=\"twitter:label2\" content=\"Verf\u00fcgbarkeit\" \/>\n\t<meta name=\"twitter:data2\" content=\"Auf Lager\" \/>\n<script type=\"application\/ld+json\" class=\"yoast-schema-graph\">{\"@context\":\"https:\\\/\\\/schema.org\",\"@graph\":[{\"@type\":\"WebPage\",\"@id\":\"https:\\\/\\\/swissgliders.ch\\\/de\\\/produkt\\\/flymaster-vario-gps-ls-2\\\/\",\"url\":\"https:\\\/\\\/swissgliders.ch\\\/de\\\/produkt\\\/flymaster-vario-gps-ls-2\\\/\",\"name\":\"Flymaster Vario GPS-LS 2 inkl. optionalem FLARM | Gleitschirmschule Thun, Bern, Interlaken\",\"isPartOf\":{\"@id\":\"https:\\\/\\\/swissgliders.ch\\\/de\\\/#website\"},\"primaryImageOfPage\":{\"@id\":\"https:\\\/\\\/swissgliders.ch\\\/de\\\/produkt\\\/flymaster-vario-gps-ls-2\\\/#primaryimage\"},\"image\":{\"@id\":\"https:\\\/\\\/swissgliders.ch\\\/de\\\/produkt\\\/flymaster-vario-gps-ls-2\\\/#primaryimage\"},\"thumbnailUrl\":\"https:\\\/\\\/swissgliders.ch\\\/wp-content\\\/uploads\\\/2026\\\/04\\\/Flymaster_Vario_GPS-LS-2.png\",\"datePublished\":\"2026-04-27T04:29:52+00:00\",\"dateModified\":\"2026-04-27T14:05:34+00:00\",\"description\":\"Das Flymaster GPS LS2 ist das perfekte erste Querfluginstrument, das die neueste Technologie mit einfacher Bedienung und dem besten Preis-Leistungs-Verh\u00e4ltnis aller Zeiten verbindet.\",\"breadcrumb\":{\"@id\":\"https:\\\/\\\/swissgliders.ch\\\/de\\\/produkt\\\/flymaster-vario-gps-ls-2\\\/#breadcrumb\"},\"inLanguage\":\"de\",\"potentialAction\":[{\"@type\":\"ReadAction\",\"target\":[\"https:\\\/\\\/swissgliders.ch\\\/de\\\/produkt\\\/flymaster-vario-gps-ls-2\\\/\"]}]},{\"@type\":\"ImageObject\",\"inLanguage\":\"de\",\"@id\":\"https:\\\/\\\/swissgliders.ch\\\/de\\\/produkt\\\/flymaster-vario-gps-ls-2\\\/#primaryimage\",\"url\":\"https:\\\/\\\/swissgliders.ch\\\/wp-content\\\/uploads\\\/2026\\\/04\\\/Flymaster_Vario_GPS-LS-2.png\",\"contentUrl\":\"https:\\\/\\\/swissgliders.ch\\\/wp-content\\\/uploads\\\/2026\\\/04\\\/Flymaster_Vario_GPS-LS-2.png\",\"width\":1188,\"height\":955,\"caption\":\"Flymaster_Vario_GPS-LS 2\"},{\"@type\":\"BreadcrumbList\",\"@id\":\"https:\\\/\\\/swissgliders.ch\\\/de\\\/produkt\\\/flymaster-vario-gps-ls-2\\\/#breadcrumb\",\"itemListElement\":[{\"@type\":\"ListItem\",\"position\":1,\"name\":\"Startseite\",\"item\":\"https:\\\/\\\/swissgliders.ch\\\/de\\\/willkommen\\\/\"},{\"@type\":\"ListItem\",\"position\":2,\"name\":\"Gleitschirm Shop\",\"item\":\"https:\\\/\\\/swissgliders.ch\\\/de\\\/gleitschirm-shop\\\/\"},{\"@type\":\"ListItem\",\"position\":3,\"name\":\"Flymaster Vario GPS-LS 2 inkl. optionalem FLARM\"}]},{\"@type\":\"WebSite\",\"@id\":\"https:\\\/\\\/swissgliders.ch\\\/de\\\/#website\",\"url\":\"https:\\\/\\\/swissgliders.ch\\\/de\\\/\",\"name\":\"Gleitschirmschule Thun, Bern, Interlaken\",\"description\":\"Gleitschirmschule Thun, Bern, Interlaken\",\"publisher\":{\"@id\":\"https:\\\/\\\/swissgliders.ch\\\/de\\\/#organization\"},\"potentialAction\":[{\"@type\":\"SearchAction\",\"target\":{\"@type\":\"EntryPoint\",\"urlTemplate\":\"https:\\\/\\\/swissgliders.ch\\\/de\\\/?s={search_term_string}\"},\"query-input\":{\"@type\":\"PropertyValueSpecification\",\"valueRequired\":true,\"valueName\":\"search_term_string\"}}],\"inLanguage\":\"de\"},{\"@type\":\"Organization\",\"@id\":\"https:\\\/\\\/swissgliders.ch\\\/de\\\/#organization\",\"name\":\"Swissgliders Gleitschirmflugschule Thun\",\"url\":\"https:\\\/\\\/swissgliders.ch\\\/de\\\/\",\"logo\":{\"@type\":\"ImageObject\",\"inLanguage\":\"de\",\"@id\":\"https:\\\/\\\/swissgliders.ch\\\/de\\\/#\\\/schema\\\/logo\\\/image\\\/\",\"url\":\"https:\\\/\\\/swissgliders.ch\\\/wp-content\\\/uploads\\\/2019\\\/12\\\/swissgliders-logo-rgb-square-L-no-ch-01.png\",\"contentUrl\":\"https:\\\/\\\/swissgliders.ch\\\/wp-content\\\/uploads\\\/2019\\\/12\\\/swissgliders-logo-rgb-square-L-no-ch-01.png\",\"width\":2500,\"height\":2500,\"caption\":\"Swissgliders Gleitschirmflugschule Thun\"},\"image\":{\"@id\":\"https:\\\/\\\/swissgliders.ch\\\/de\\\/#\\\/schema\\\/logo\\\/image\\\/\"},\"sameAs\":[\"https:\\\/\\\/www.facebook.com\\\/swissgliders\",\"https:\\\/\\\/x.com\\\/Swissgliders\",\"https:\\\/\\\/www.instagram.com\\\/swissgliders\\\/\",\"https:\\\/\\\/www.youtube.com\\\/channel\\\/UCMCtGdepy9vBhrhX3V_oJOA\"],\"hasMerchantReturnPolicy\":{\"@type\":\"MerchantReturnPolicy\",\"merchantReturnLink\":\"https:\\\/\\\/swissgliders.ch\\\/de\\\/allgemeine-geschaftsbedingungen\\\/\"}}]}<\/script>\n<meta property=\"product:price:amount\" content=\"449.00\" \/>\n<meta property=\"product:price:currency\" content=\"CHF\" \/>\n<meta property=\"og:availability\" content=\"instock\" \/>\n<meta property=\"product:availability\" content=\"instock\" \/>\n<meta property=\"product:condition\" content=\"new\" \/>\n<!-- \/ Yoast SEO Premium plugin. -->","yoast_head_json":{"title":"Flymaster Vario GPS-LS 2 inkl. optionalem FLARM | Gleitschirmschule Thun, Bern, Interlaken","description":"Das Flymaster GPS LS2 ist das perfekte erste Querfluginstrument, das die neueste Technologie mit einfacher Bedienung und dem besten Preis-Leistungs-Verh\u00e4ltnis aller Zeiten verbindet.","robots":{"index":"index","follow":"follow","max-snippet":"max-snippet:-1","max-image-preview":"max-image-preview:large","max-video-preview":"max-video-preview:-1"},"canonical":"https:\/\/swissgliders.ch\/de\/produkt\/flymaster-vario-gps-ls-2\/","og_locale":"de_DE","og_type":"article","og_title":"Flymaster Vario GPS-LS 2 inkl. optionalem FLARM","og_description":"Das Flymaster GPS LS2 ist das perfekte erste Querfluginstrument, das die neueste Technologie mit einfacher Bedienung und dem besten Preis-Leistungs-Verh\u00e4ltnis aller Zeiten verbindet.","og_url":"https:\/\/swissgliders.ch\/de\/produkt\/flymaster-vario-gps-ls-2\/","og_site_name":"Gleitschirmschule Thun, Bern, Interlaken","article_publisher":"https:\/\/www.facebook.com\/swissgliders","article_modified_time":"2026-04-27T14:05:34+00:00","og_image":[{"width":1188,"height":955,"url":"https:\/\/swissgliders.ch\/wp-content\/uploads\/2026\/04\/Flymaster_Vario_GPS-LS-2.png","type":"image\/png"}],"twitter_card":"summary_large_image","twitter_site":"@Swissgliders","twitter_misc":{"Preis":"&#67;&#72;&#70;&nbsp;449.00","Verf\u00fcgbarkeit":"Auf Lager"},"schema":{"@context":"https:\/\/schema.org","@graph":[{"@type":"WebPage","@id":"https:\/\/swissgliders.ch\/de\/produkt\/flymaster-vario-gps-ls-2\/","url":"https:\/\/swissgliders.ch\/de\/produkt\/flymaster-vario-gps-ls-2\/","name":"Flymaster Vario GPS-LS 2 inkl. optionalem FLARM | Gleitschirmschule Thun, Bern, Interlaken","isPartOf":{"@id":"https:\/\/swissgliders.ch\/de\/#website"},"primaryImageOfPage":{"@id":"https:\/\/swissgliders.ch\/de\/produkt\/flymaster-vario-gps-ls-2\/#primaryimage"},"image":{"@id":"https:\/\/swissgliders.ch\/de\/produkt\/flymaster-vario-gps-ls-2\/#primaryimage"},"thumbnailUrl":"https:\/\/swissgliders.ch\/wp-content\/uploads\/2026\/04\/Flymaster_Vario_GPS-LS-2.png","datePublished":"2026-04-27T04:29:52+00:00","dateModified":"2026-04-27T14:05:34+00:00","description":"Das Flymaster GPS LS2 ist das perfekte erste Querfluginstrument, das die neueste Technologie mit einfacher Bedienung und dem besten Preis-Leistungs-Verh\u00e4ltnis aller Zeiten verbindet.","breadcrumb":{"@id":"https:\/\/swissgliders.ch\/de\/produkt\/flymaster-vario-gps-ls-2\/#breadcrumb"},"inLanguage":"de","potentialAction":[{"@type":"ReadAction","target":["https:\/\/swissgliders.ch\/de\/produkt\/flymaster-vario-gps-ls-2\/"]}]},{"@type":"ImageObject","inLanguage":"de","@id":"https:\/\/swissgliders.ch\/de\/produkt\/flymaster-vario-gps-ls-2\/#primaryimage","url":"https:\/\/swissgliders.ch\/wp-content\/uploads\/2026\/04\/Flymaster_Vario_GPS-LS-2.png","contentUrl":"https:\/\/swissgliders.ch\/wp-content\/uploads\/2026\/04\/Flymaster_Vario_GPS-LS-2.png","width":1188,"height":955,"caption":"Flymaster_Vario_GPS-LS 2"},{"@type":"BreadcrumbList","@id":"https:\/\/swissgliders.ch\/de\/produkt\/flymaster-vario-gps-ls-2\/#breadcrumb","itemListElement":[{"@type":"ListItem","position":1,"name":"Startseite","item":"https:\/\/swissgliders.ch\/de\/willkommen\/"},{"@type":"ListItem","position":2,"name":"Gleitschirm Shop","item":"https:\/\/swissgliders.ch\/de\/gleitschirm-shop\/"},{"@type":"ListItem","position":3,"name":"Flymaster Vario GPS-LS 2 inkl. optionalem FLARM"}]},{"@type":"WebSite","@id":"https:\/\/swissgliders.ch\/de\/#website","url":"https:\/\/swissgliders.ch\/de\/","name":"Gleitschirmschule Thun, Bern, Interlaken","description":"Gleitschirmschule Thun, Bern, Interlaken","publisher":{"@id":"https:\/\/swissgliders.ch\/de\/#organization"},"potentialAction":[{"@type":"SearchAction","target":{"@type":"EntryPoint","urlTemplate":"https:\/\/swissgliders.ch\/de\/?s={search_term_string}"},"query-input":{"@type":"PropertyValueSpecification","valueRequired":true,"valueName":"search_term_string"}}],"inLanguage":"de"},{"@type":"Organization","@id":"https:\/\/swissgliders.ch\/de\/#organization","name":"Swissgliders Gleitschirmflugschule Thun","url":"https:\/\/swissgliders.ch\/de\/","logo":{"@type":"ImageObject","inLanguage":"de","@id":"https:\/\/swissgliders.ch\/de\/#\/schema\/logo\/image\/","url":"https:\/\/swissgliders.ch\/wp-content\/uploads\/2019\/12\/swissgliders-logo-rgb-square-L-no-ch-01.png","contentUrl":"https:\/\/swissgliders.ch\/wp-content\/uploads\/2019\/12\/swissgliders-logo-rgb-square-L-no-ch-01.png","width":2500,"height":2500,"caption":"Swissgliders Gleitschirmflugschule Thun"},"image":{"@id":"https:\/\/swissgliders.ch\/de\/#\/schema\/logo\/image\/"},"sameAs":["https:\/\/www.facebook.com\/swissgliders","https:\/\/x.com\/Swissgliders","https:\/\/www.instagram.com\/swissgliders\/","https:\/\/www.youtube.com\/channel\/UCMCtGdepy9vBhrhX3V_oJOA"],"hasMerchantReturnPolicy":{"@type":"MerchantReturnPolicy","merchantReturnLink":"https:\/\/swissgliders.ch\/de\/allgemeine-geschaftsbedingungen\/"}}]},"product_price_amount":"449.00","product_price_currency":"CHF","og_availability":"instock","product_availability":"instock","product_condition":"new"},"_links":{"self":[{"href":"https:\/\/swissgliders.ch\/de\/wp-json\/wp\/v2\/product\/23117","targetHints":{"allow":["GET"]}}],"collection":[{"href":"https:\/\/swissgliders.ch\/de\/wp-json\/wp\/v2\/product"}],"about":[{"href":"https:\/\/swissgliders.ch\/de\/wp-json\/wp\/v2\/types\/product"}],"replies":[{"embeddable":true,"href":"https:\/\/swissgliders.ch\/de\/wp-json\/wp\/v2\/comments?post=23117"}],"wp:featuredmedia":[{"embeddable":true,"href":"https:\/\/swissgliders.ch\/de\/wp-json\/wp\/v2\/media\/23118"}],"wp:attachment":[{"href":"https:\/\/swissgliders.ch\/de\/wp-json\/wp\/v2\/media?parent=23117"}],"wp:term":[{"taxonomy":"product_brand","embeddable":true,"href":"https:\/\/swissgliders.ch\/de\/wp-json\/wp\/v2\/product_brand?post=23117"},{"taxonomy":"product_cat","embeddable":true,"href":"https:\/\/swissgliders.ch\/de\/wp-json\/wp\/v2\/product_cat?post=23117"},{"taxonomy":"product_tag","embeddable":true,"href":"https:\/\/swissgliders.ch\/de\/wp-json\/wp\/v2\/product_tag?post=23117"}],"curies":[{"name":"wp","href":"https:\/\/api.w.org\/{rel}","templated":true}]}}