{"id":23129,"date":"2026-04-27T14:48:13","date_gmt":"2026-04-27T13:48:13","guid":{"rendered":"https:\/\/swissgliders.ch\/?post_type=product&#038;p=23129"},"modified":"2026-04-27T14:58:07","modified_gmt":"2026-04-27T13:58:07","slug":"basisrausch-onyx-ng-gleischirmhandschuhe","status":"publish","type":"product","link":"https:\/\/swissgliders.ch\/de\/produkt\/basisrausch-onyx-ng-gleischirmhandschuhe\/","title":{"rendered":"Basisrausch Onyx NG Gleischirmhandschuhe"},"content":{"rendered":"<div>\n<p><strong><span class=\"cf0\">GLEITSCHIRM HANDSCHUHE ONYX NG<\/span><\/strong><\/p>\n<p class=\"pf0\">Die Gleitschirm Handschuhe Onyx NG sind ein Viersaison-Handschuh mit Windbreaker, vorgeformter Innenhand mit rutschfestem Siliconprint Design und Isolation, der in Verbindung mit dem bew\u00e4hrten Kristal FLEX Handschuh die H\u00e4nde nicht ausk\u00fchlen l\u00e4sst. Die ergonomisch vorgeformte Innenhand aus Polyester gew\u00e4hrleistet exzellenten Tragkomfort und hervorragender Griff. Die bew\u00e4hrte lange W\u00e4rmestulpe kommt auch hier zum Einsatz und sorgt daf\u00fcr, dass an den Handgelenken keine K\u00e4lte eintritt.<\/p>\n<p class=\"pf0\"><strong>Pflegeanleitung ONYX (PU)<\/strong><br \/>\nUnser PU Handschuh ONYX ist Waschmaschinenfest bis 30\u00b0C. Bitte verwenden sie ein Feinwaschmittel und vermeiden sie Weichsp\u00fcler. Die Handschuhe an der Luft trocknen lassen.<\/p>\n<\/div>\n<table class=\"product--properties-table\">\n<tbody>\n<tr class=\"product--properties-row\">\n<td class=\"product--properties-label is--bold\">Einsatz:<\/td>\n<td class=\"product--properties-value\">Fliegen<\/td>\n<\/tr>\n<tr class=\"product--properties-row\">\n<td class=\"product--properties-label is--bold\">Funktion:<\/td>\n<td class=\"product--properties-value\">wasserdicht, winddicht, isolierend<\/td>\n<\/tr>\n<tr class=\"product--properties-row\">\n<td class=\"product--properties-label is--bold\">Geschlecht:<\/td>\n<td class=\"product--properties-value\">Herren, Damen<\/td>\n<\/tr>\n<tr class=\"product--properties-row\">\n<td class=\"product--properties-label is--bold\">Komfort:<\/td>\n<td class=\"product--properties-value\">Winter, Sommer, Fr\u00fchling, Herbst<\/td>\n<\/tr>\n<tr class=\"product--properties-row\">\n<td class=\"product--properties-label is--bold\">Material:<\/td>\n<td class=\"product--properties-value\">Mischgewebe, Thinsulate\u2122, Aero Tex<\/td>\n<\/tr>\n<\/tbody>\n<\/table>\n<p><br class=\"avia-permanent-lb\" \/>Mehr<a href=\"https:\/\/shop.basisrausch.ch\/herren\/handschuhe\/303\/basisrausch-onyx-ng-gleitschirm-handschuhe\" target=\"_blank\" rel=\"noopener noreferrer\"> Infos<\/a><\/p>\n<p>Falls dieser Artikel nicht an Lager ist, wird er f\u00fcr dich bestellt. Lieferfrist auf Anfrage.<\/p>\n","protected":false},"excerpt":{"rendered":"<div>\n<p><strong><span class=\"cf0\">GLEITSCHIRM HANDSCHUHE ONYX NG<\/span><\/strong><\/p>\n<p class=\"pf0\">Die Gleitschirm Handschuhe Onyx NG sind ein Viersaison-Handschuh mit Windbreaker, vorgeformter Innenhand mit rutschfestem Siliconprint Design und Isolation, der in Verbindung mit dem bew\u00e4hrten Kristal FLEX Handschuh die H\u00e4nde nicht ausk\u00fchlen l\u00e4sst. Die ergonomisch vorgeformte Innenhand aus Polyester gew\u00e4hrleistet exzellenten Tragkomfort und hervorragender Griff. Die bew\u00e4hrte lange W\u00e4rmestulpe kommt auch hier zum Einsatz und sorgt daf\u00fcr, dass an den Handgelenken keine K\u00e4lte eintritt.<\/p>\n<p class=\"pf0\"><strong>Pflegeanleitung ONYX (PU)<\/strong><br \/>\nUnser PU Handschuh ONYX ist Waschmaschinenfest bis 30\u00b0C. Bitte verwenden sie ein Feinwaschmittel und vermeiden sie Weichsp\u00fcler. Die Handschuhe an der Luft trocknen lassen.<\/p>\n<\/div>\n<table class=\"product--properties-table\">\n<tbody>\n<tr class=\"product--properties-row\">\n<td class=\"product--properties-label is--bold\">Einsatz:<\/td>\n<td class=\"product--properties-value\">Fliegen<\/td>\n<\/tr>\n<tr class=\"product--properties-row\">\n<td class=\"product--properties-label is--bold\">Funktion:<\/td>\n<td class=\"product--properties-value\">wasserdicht, winddicht, isolierend<\/td>\n<\/tr>\n<tr class=\"product--properties-row\">\n<td class=\"product--properties-label is--bold\">Geschlecht:<\/td>\n<td class=\"product--properties-value\">Herren, Damen<\/td>\n<\/tr>\n<tr class=\"product--properties-row\">\n<td class=\"product--properties-label is--bold\">Komfort:<\/td>\n<td class=\"product--properties-value\">Winter, Sommer, Fr\u00fchling, Herbst<\/td>\n<\/tr>\n<tr class=\"product--properties-row\">\n<td class=\"product--properties-label is--bold\">Material:<\/td>\n<td class=\"product--properties-value\">Mischgewebe, Thinsulate\u2122, Aero Tex<\/td>\n<\/tr>\n<\/tbody>\n<\/table>\n<p><br class=\"avia-permanent-lb\" \/>Mehr<a href=\"https:\/\/shop.basisrausch.ch\/herren\/handschuhe\/303\/basisrausch-onyx-ng-gleitschirm-handschuhe\" target=\"_blank\" rel=\"noopener noreferrer\"> Infos<\/a><\/p>\n<p>Falls dieser Artikel nicht an Lager ist, wird er f\u00fcr dich bestellt. Lieferfrist auf Anfrage.<\/p>\n","protected":false},"featured_media":23131,"comment_status":"closed","ping_status":"closed","template":"","meta":[],"product_brand":[2618],"product_cat":[1947],"product_tag":[1742,90,410],"class_list":{"0":"post-23129","1":"product","2":"type-product","3":"status-publish","4":"has-post-thumbnail","6":"product_brand-basisrausch","7":"product_cat-gleitschirm-handschuhe","8":"product_tag-handschuhe","9":"product_tag-verkaufsartikel","10":"product_tag-zubehoer","11":"product_shipping_class-priority-2kg-de","13":"first","14":"instock","15":"taxable","16":"shipping-taxable","17":"purchasable","18":"product-type-variable"},"yoast_head":"<!-- This site is optimized with the Yoast SEO Premium plugin v26.1 (Yoast SEO v27.5) - https:\/\/yoast.com\/product\/yoast-seo-premium-wordpress\/ -->\n<title>Basisrausch Onyx NG Gleischirmhandschuhe | Gleitschirmschule Thun, Bern, Interlaken<\/title>\n<meta name=\"description\" content=\"Die Gleitschirm Winter-Handschuhe Onyx NG von Basisrausch ist der Nachfolger vom erfolgreichen Onyx.\" \/>\n<meta name=\"robots\" content=\"index, follow, max-snippet:-1, max-image-preview:large, max-video-preview:-1\" \/>\n<link rel=\"canonical\" href=\"https:\/\/swissgliders.ch\/de\/produkt\/basisrausch-onyx-ng-gleischirmhandschuhe\/\" \/>\n<meta property=\"og:locale\" content=\"de_DE\" \/>\n<meta property=\"og:type\" content=\"article\" \/>\n<meta property=\"og:title\" content=\"Basisrausch Onyx NG Gleischirmhandschuhe\" \/>\n<meta property=\"og:description\" content=\"Die Gleitschirm Winter-Handschuhe Onyx NG von Basisrausch ist der Nachfolger vom erfolgreichen Onyx.\" \/>\n<meta property=\"og:url\" content=\"https:\/\/swissgliders.ch\/de\/produkt\/basisrausch-onyx-ng-gleischirmhandschuhe\/\" \/>\n<meta property=\"og:site_name\" content=\"Gleitschirmschule Thun, Bern, Interlaken\" \/>\n<meta property=\"article:publisher\" content=\"https:\/\/www.facebook.com\/swissgliders\" \/>\n<meta property=\"article:modified_time\" content=\"2026-04-27T13:58:07+00:00\" \/>\n<meta property=\"og:image\" content=\"https:\/\/swissgliders.ch\/wp-content\/uploads\/2026\/04\/gleitschirm-handschuhe-onyx2.jpg\" \/>\n\t<meta property=\"og:image:width\" content=\"800\" \/>\n\t<meta property=\"og:image:height\" content=\"1000\" \/>\n\t<meta property=\"og:image:type\" content=\"image\/jpeg\" \/>\n<meta name=\"twitter:card\" content=\"summary_large_image\" \/>\n<meta name=\"twitter:site\" content=\"@Swissgliders\" \/>\n<meta name=\"twitter:label1\" content=\"Verf\u00fcgbarkeit\" \/>\n\t<meta name=\"twitter:data1\" content=\"Auf Lager\" \/>\n<script type=\"application\/ld+json\" class=\"yoast-schema-graph\">{\"@context\":\"https:\\\/\\\/schema.org\",\"@graph\":[{\"@type\":\"WebPage\",\"@id\":\"https:\\\/\\\/swissgliders.ch\\\/de\\\/produkt\\\/basisrausch-onyx-ng-gleischirmhandschuhe\\\/\",\"url\":\"https:\\\/\\\/swissgliders.ch\\\/de\\\/produkt\\\/basisrausch-onyx-ng-gleischirmhandschuhe\\\/\",\"name\":\"Basisrausch Onyx NG Gleischirmhandschuhe | Gleitschirmschule Thun, Bern, Interlaken\",\"isPartOf\":{\"@id\":\"https:\\\/\\\/swissgliders.ch\\\/de\\\/#website\"},\"primaryImageOfPage\":{\"@id\":\"https:\\\/\\\/swissgliders.ch\\\/de\\\/produkt\\\/basisrausch-onyx-ng-gleischirmhandschuhe\\\/#primaryimage\"},\"image\":{\"@id\":\"https:\\\/\\\/swissgliders.ch\\\/de\\\/produkt\\\/basisrausch-onyx-ng-gleischirmhandschuhe\\\/#primaryimage\"},\"thumbnailUrl\":\"https:\\\/\\\/swissgliders.ch\\\/wp-content\\\/uploads\\\/2026\\\/04\\\/gleitschirm-handschuhe-onyx2.jpg\",\"datePublished\":\"2026-04-27T13:48:13+00:00\",\"dateModified\":\"2026-04-27T13:58:07+00:00\",\"description\":\"Die Gleitschirm Winter-Handschuhe Onyx NG von Basisrausch ist der Nachfolger vom erfolgreichen Onyx.\",\"breadcrumb\":{\"@id\":\"https:\\\/\\\/swissgliders.ch\\\/de\\\/produkt\\\/basisrausch-onyx-ng-gleischirmhandschuhe\\\/#breadcrumb\"},\"inLanguage\":\"de\",\"potentialAction\":[{\"@type\":\"ReadAction\",\"target\":[\"https:\\\/\\\/swissgliders.ch\\\/de\\\/produkt\\\/basisrausch-onyx-ng-gleischirmhandschuhe\\\/\"]}]},{\"@type\":\"ImageObject\",\"inLanguage\":\"de\",\"@id\":\"https:\\\/\\\/swissgliders.ch\\\/de\\\/produkt\\\/basisrausch-onyx-ng-gleischirmhandschuhe\\\/#primaryimage\",\"url\":\"https:\\\/\\\/swissgliders.ch\\\/wp-content\\\/uploads\\\/2026\\\/04\\\/gleitschirm-handschuhe-onyx2.jpg\",\"contentUrl\":\"https:\\\/\\\/swissgliders.ch\\\/wp-content\\\/uploads\\\/2026\\\/04\\\/gleitschirm-handschuhe-onyx2.jpg\",\"width\":800,\"height\":1000,\"caption\":\"gleitschirm-handschuhe-onyx-ng-3\"},{\"@type\":\"BreadcrumbList\",\"@id\":\"https:\\\/\\\/swissgliders.ch\\\/de\\\/produkt\\\/basisrausch-onyx-ng-gleischirmhandschuhe\\\/#breadcrumb\",\"itemListElement\":[{\"@type\":\"ListItem\",\"position\":1,\"name\":\"Startseite\",\"item\":\"https:\\\/\\\/swissgliders.ch\\\/de\\\/willkommen\\\/\"},{\"@type\":\"ListItem\",\"position\":2,\"name\":\"Gleitschirm Shop\",\"item\":\"https:\\\/\\\/swissgliders.ch\\\/de\\\/gleitschirm-shop\\\/\"},{\"@type\":\"ListItem\",\"position\":3,\"name\":\"Basisrausch Onyx NG Gleischirmhandschuhe\"}]},{\"@type\":\"WebSite\",\"@id\":\"https:\\\/\\\/swissgliders.ch\\\/de\\\/#website\",\"url\":\"https:\\\/\\\/swissgliders.ch\\\/de\\\/\",\"name\":\"Gleitschirmschule Thun, Bern, Interlaken\",\"description\":\"Gleitschirmschule Thun, Bern, Interlaken\",\"publisher\":{\"@id\":\"https:\\\/\\\/swissgliders.ch\\\/de\\\/#organization\"},\"potentialAction\":[{\"@type\":\"SearchAction\",\"target\":{\"@type\":\"EntryPoint\",\"urlTemplate\":\"https:\\\/\\\/swissgliders.ch\\\/de\\\/?s={search_term_string}\"},\"query-input\":{\"@type\":\"PropertyValueSpecification\",\"valueRequired\":true,\"valueName\":\"search_term_string\"}}],\"inLanguage\":\"de\"},{\"@type\":\"Organization\",\"@id\":\"https:\\\/\\\/swissgliders.ch\\\/de\\\/#organization\",\"name\":\"Swissgliders Gleitschirmflugschule Thun\",\"url\":\"https:\\\/\\\/swissgliders.ch\\\/de\\\/\",\"logo\":{\"@type\":\"ImageObject\",\"inLanguage\":\"de\",\"@id\":\"https:\\\/\\\/swissgliders.ch\\\/de\\\/#\\\/schema\\\/logo\\\/image\\\/\",\"url\":\"https:\\\/\\\/swissgliders.ch\\\/wp-content\\\/uploads\\\/2019\\\/12\\\/swissgliders-logo-rgb-square-L-no-ch-01.png\",\"contentUrl\":\"https:\\\/\\\/swissgliders.ch\\\/wp-content\\\/uploads\\\/2019\\\/12\\\/swissgliders-logo-rgb-square-L-no-ch-01.png\",\"width\":2500,\"height\":2500,\"caption\":\"Swissgliders Gleitschirmflugschule Thun\"},\"image\":{\"@id\":\"https:\\\/\\\/swissgliders.ch\\\/de\\\/#\\\/schema\\\/logo\\\/image\\\/\"},\"sameAs\":[\"https:\\\/\\\/www.facebook.com\\\/swissgliders\",\"https:\\\/\\\/x.com\\\/Swissgliders\",\"https:\\\/\\\/www.instagram.com\\\/swissgliders\\\/\",\"https:\\\/\\\/www.youtube.com\\\/channel\\\/UCMCtGdepy9vBhrhX3V_oJOA\"],\"hasMerchantReturnPolicy\":{\"@type\":\"MerchantReturnPolicy\",\"merchantReturnLink\":\"https:\\\/\\\/swissgliders.ch\\\/de\\\/allgemeine-geschaftsbedingungen\\\/\"}}]}<\/script>\n<meta property=\"og:availability\" content=\"instock\" \/>\n<meta property=\"product:availability\" content=\"instock\" \/>\n<meta property=\"product:condition\" content=\"new\" \/>\n<!-- \/ Yoast SEO Premium plugin. -->","yoast_head_json":{"title":"Basisrausch Onyx NG Gleischirmhandschuhe | Gleitschirmschule Thun, Bern, Interlaken","description":"Die Gleitschirm Winter-Handschuhe Onyx NG von Basisrausch ist der Nachfolger vom erfolgreichen Onyx.","robots":{"index":"index","follow":"follow","max-snippet":"max-snippet:-1","max-image-preview":"max-image-preview:large","max-video-preview":"max-video-preview:-1"},"canonical":"https:\/\/swissgliders.ch\/de\/produkt\/basisrausch-onyx-ng-gleischirmhandschuhe\/","og_locale":"de_DE","og_type":"article","og_title":"Basisrausch Onyx NG Gleischirmhandschuhe","og_description":"Die Gleitschirm Winter-Handschuhe Onyx NG von Basisrausch ist der Nachfolger vom erfolgreichen Onyx.","og_url":"https:\/\/swissgliders.ch\/de\/produkt\/basisrausch-onyx-ng-gleischirmhandschuhe\/","og_site_name":"Gleitschirmschule Thun, Bern, Interlaken","article_publisher":"https:\/\/www.facebook.com\/swissgliders","article_modified_time":"2026-04-27T13:58:07+00:00","og_image":[{"width":800,"height":1000,"url":"https:\/\/swissgliders.ch\/wp-content\/uploads\/2026\/04\/gleitschirm-handschuhe-onyx2.jpg","type":"image\/jpeg"}],"twitter_card":"summary_large_image","twitter_site":"@Swissgliders","twitter_misc":{"Verf\u00fcgbarkeit":"Auf Lager"},"schema":{"@context":"https:\/\/schema.org","@graph":[{"@type":"WebPage","@id":"https:\/\/swissgliders.ch\/de\/produkt\/basisrausch-onyx-ng-gleischirmhandschuhe\/","url":"https:\/\/swissgliders.ch\/de\/produkt\/basisrausch-onyx-ng-gleischirmhandschuhe\/","name":"Basisrausch Onyx NG Gleischirmhandschuhe | Gleitschirmschule Thun, Bern, Interlaken","isPartOf":{"@id":"https:\/\/swissgliders.ch\/de\/#website"},"primaryImageOfPage":{"@id":"https:\/\/swissgliders.ch\/de\/produkt\/basisrausch-onyx-ng-gleischirmhandschuhe\/#primaryimage"},"image":{"@id":"https:\/\/swissgliders.ch\/de\/produkt\/basisrausch-onyx-ng-gleischirmhandschuhe\/#primaryimage"},"thumbnailUrl":"https:\/\/swissgliders.ch\/wp-content\/uploads\/2026\/04\/gleitschirm-handschuhe-onyx2.jpg","datePublished":"2026-04-27T13:48:13+00:00","dateModified":"2026-04-27T13:58:07+00:00","description":"Die Gleitschirm Winter-Handschuhe Onyx NG von Basisrausch ist der Nachfolger vom erfolgreichen Onyx.","breadcrumb":{"@id":"https:\/\/swissgliders.ch\/de\/produkt\/basisrausch-onyx-ng-gleischirmhandschuhe\/#breadcrumb"},"inLanguage":"de","potentialAction":[{"@type":"ReadAction","target":["https:\/\/swissgliders.ch\/de\/produkt\/basisrausch-onyx-ng-gleischirmhandschuhe\/"]}]},{"@type":"ImageObject","inLanguage":"de","@id":"https:\/\/swissgliders.ch\/de\/produkt\/basisrausch-onyx-ng-gleischirmhandschuhe\/#primaryimage","url":"https:\/\/swissgliders.ch\/wp-content\/uploads\/2026\/04\/gleitschirm-handschuhe-onyx2.jpg","contentUrl":"https:\/\/swissgliders.ch\/wp-content\/uploads\/2026\/04\/gleitschirm-handschuhe-onyx2.jpg","width":800,"height":1000,"caption":"gleitschirm-handschuhe-onyx-ng-3"},{"@type":"BreadcrumbList","@id":"https:\/\/swissgliders.ch\/de\/produkt\/basisrausch-onyx-ng-gleischirmhandschuhe\/#breadcrumb","itemListElement":[{"@type":"ListItem","position":1,"name":"Startseite","item":"https:\/\/swissgliders.ch\/de\/willkommen\/"},{"@type":"ListItem","position":2,"name":"Gleitschirm Shop","item":"https:\/\/swissgliders.ch\/de\/gleitschirm-shop\/"},{"@type":"ListItem","position":3,"name":"Basisrausch Onyx NG Gleischirmhandschuhe"}]},{"@type":"WebSite","@id":"https:\/\/swissgliders.ch\/de\/#website","url":"https:\/\/swissgliders.ch\/de\/","name":"Gleitschirmschule Thun, Bern, Interlaken","description":"Gleitschirmschule Thun, Bern, Interlaken","publisher":{"@id":"https:\/\/swissgliders.ch\/de\/#organization"},"potentialAction":[{"@type":"SearchAction","target":{"@type":"EntryPoint","urlTemplate":"https:\/\/swissgliders.ch\/de\/?s={search_term_string}"},"query-input":{"@type":"PropertyValueSpecification","valueRequired":true,"valueName":"search_term_string"}}],"inLanguage":"de"},{"@type":"Organization","@id":"https:\/\/swissgliders.ch\/de\/#organization","name":"Swissgliders Gleitschirmflugschule Thun","url":"https:\/\/swissgliders.ch\/de\/","logo":{"@type":"ImageObject","inLanguage":"de","@id":"https:\/\/swissgliders.ch\/de\/#\/schema\/logo\/image\/","url":"https:\/\/swissgliders.ch\/wp-content\/uploads\/2019\/12\/swissgliders-logo-rgb-square-L-no-ch-01.png","contentUrl":"https:\/\/swissgliders.ch\/wp-content\/uploads\/2019\/12\/swissgliders-logo-rgb-square-L-no-ch-01.png","width":2500,"height":2500,"caption":"Swissgliders Gleitschirmflugschule Thun"},"image":{"@id":"https:\/\/swissgliders.ch\/de\/#\/schema\/logo\/image\/"},"sameAs":["https:\/\/www.facebook.com\/swissgliders","https:\/\/x.com\/Swissgliders","https:\/\/www.instagram.com\/swissgliders\/","https:\/\/www.youtube.com\/channel\/UCMCtGdepy9vBhrhX3V_oJOA"],"hasMerchantReturnPolicy":{"@type":"MerchantReturnPolicy","merchantReturnLink":"https:\/\/swissgliders.ch\/de\/allgemeine-geschaftsbedingungen\/"}}]},"og_availability":"instock","product_availability":"instock","product_condition":"new"},"_links":{"self":[{"href":"https:\/\/swissgliders.ch\/de\/wp-json\/wp\/v2\/product\/23129","targetHints":{"allow":["GET"]}}],"collection":[{"href":"https:\/\/swissgliders.ch\/de\/wp-json\/wp\/v2\/product"}],"about":[{"href":"https:\/\/swissgliders.ch\/de\/wp-json\/wp\/v2\/types\/product"}],"replies":[{"embeddable":true,"href":"https:\/\/swissgliders.ch\/de\/wp-json\/wp\/v2\/comments?post=23129"}],"wp:featuredmedia":[{"embeddable":true,"href":"https:\/\/swissgliders.ch\/de\/wp-json\/wp\/v2\/media\/23131"}],"wp:attachment":[{"href":"https:\/\/swissgliders.ch\/de\/wp-json\/wp\/v2\/media?parent=23129"}],"wp:term":[{"taxonomy":"product_brand","embeddable":true,"href":"https:\/\/swissgliders.ch\/de\/wp-json\/wp\/v2\/product_brand?post=23129"},{"taxonomy":"product_cat","embeddable":true,"href":"https:\/\/swissgliders.ch\/de\/wp-json\/wp\/v2\/product_cat?post=23129"},{"taxonomy":"product_tag","embeddable":true,"href":"https:\/\/swissgliders.ch\/de\/wp-json\/wp\/v2\/product_tag?post=23129"}],"curies":[{"name":"wp","href":"https:\/\/api.w.org\/{rel}","templated":true}]}}