{"id":2525,"date":"2016-04-26T21:02:48","date_gmt":"2016-04-26T19:02:48","guid":{"rendered":"https:\/\/swissgliders.ch\/product\/gutschein\/"},"modified":"2022-01-10T20:24:47","modified_gmt":"2022-01-10T19:24:47","slug":"gutschein-tandem-gleitschirmflug","status":"publish","type":"product","link":"https:\/\/swissgliders.ch\/de\/produkt\/gutschein-tandem-gleitschirmflug\/","title":{"rendered":"Gutschein Tandem Gleitschirmflug"},"content":{"rendered":"<p>Tandem Gleitschirmfliegen als Geschenk-Gutschein \u2013 M\u00f6chtest du einen geliebten Menschen mit einem einzigartigen Geschenk \u00fcberraschen? Dann k\u00f6nnen wir dir w\u00e4rmsten einen unserer Gutscheine empfehlen. Nach dem Kauf, werden wir dir den Gutschein in Papierform mit dem Gutscheincode zusenden. So kann der oder die Beschenkte ganz einfach \u00fcber unsere Website den entsprechenden Flug buchen.<\/p>\n<p><strong>Hinweis:<\/strong> Bitte lass uns wissen <strong>wer<\/strong> die gl\u00fcckliche Person sein wird, die den Gutschein erh\u00e4lt. Bei den <strong>Bestellungsnotizen<\/strong> beim Checkout kannst du uns dies mitteilen. Vielen Dank!<\/p>\n","protected":false},"excerpt":{"rendered":"<p>Tandem Gleitschirmfliegen als Geschenk-Gutschein \u2013 M\u00f6chtest du einen geliebten Menschen mit einem einzigartigen Geschenk \u00fcberraschen? Dann k\u00f6nnen wir dir w\u00e4rmsten einen unserer Gutscheine empfehlen. Nach dem Kauf, werden wir dir den Gutschein in Papierform mit dem Gutscheincode zusenden. So kann der oder die Beschenkte ganz einfach \u00fcber unsere Website den entsprechenden Flug buchen.<\/p>\n<p><strong>Hinweis:<\/strong> Bitte lass uns wissen <strong>wer<\/strong> die gl\u00fcckliche Person sein wird, die den Gutschein erh\u00e4lt. Bei den <strong>Bestellungsnotizen<\/strong> beim Checkout kannst du uns dies mitteilen. Vielen Dank!<\/p>\n","protected":false},"featured_media":7835,"comment_status":"open","ping_status":"closed","template":"","meta":[],"product_brand":[],"product_cat":[1971],"product_tag":[89,92,94],"class_list":{"0":"post-2525","1":"product","2":"type-product","3":"status-publish","4":"has-post-thumbnail","6":"product_cat-tandem-gleitschirmflug","7":"product_tag-querformat","8":"product_tag-sommer","9":"product_tag-winter-de","10":"product_shipping_class-kostenlos","12":"first","13":"instock","14":"shipping-taxable","15":"purchasable","16":"product-type-variable","17":"has-default-attributes"},"yoast_head":"<!-- This site is optimized with the Yoast SEO Premium plugin v26.1 (Yoast SEO v27.3) - https:\/\/yoast.com\/product\/yoast-seo-premium-wordpress\/ -->\n<title>Gutschein Tandem Gleitschirmflug | Gleitschirmschule Thun, Bern, Interlaken<\/title>\n<meta name=\"description\" content=\"Tandem Gleitschirmfliegen als aussergew\u00f6hnlichen Geschenk-Gutschein f\u00fcr Freunde und Familie\" \/>\n<meta name=\"robots\" content=\"index, follow, max-snippet:-1, max-image-preview:large, max-video-preview:-1\" \/>\n<link rel=\"canonical\" href=\"https:\/\/swissgliders.ch\/de\/produkt\/gutschein-tandem-gleitschirmflug\/\" \/>\n<meta property=\"og:locale\" content=\"de_DE\" \/>\n<meta property=\"og:type\" content=\"article\" \/>\n<meta property=\"og:title\" content=\"Gutschein Tandem Gleitschirmflug\" \/>\n<meta property=\"og:description\" content=\"Tandem Gleitschirmfliegen als aussergew\u00f6hnlichen Geschenk-Gutschein f\u00fcr Freunde und Familie\" \/>\n<meta property=\"og:url\" content=\"https:\/\/swissgliders.ch\/de\/produkt\/gutschein-tandem-gleitschirmflug\/\" \/>\n<meta property=\"og:site_name\" content=\"Gleitschirmschule Thun, Bern, Interlaken\" \/>\n<meta property=\"article:publisher\" content=\"https:\/\/www.facebook.com\/swissgliders\" \/>\n<meta property=\"article:modified_time\" content=\"2022-01-10T19:24:47+00:00\" \/>\n<meta property=\"og:image\" content=\"https:\/\/swissgliders.ch\/wp-content\/uploads\/2016\/10\/Tandem_Adelboden.jpg\" \/>\n\t<meta property=\"og:image:width\" content=\"1280\" \/>\n\t<meta property=\"og:image:height\" content=\"720\" \/>\n\t<meta property=\"og:image:type\" content=\"image\/jpeg\" \/>\n<meta name=\"twitter:card\" content=\"summary_large_image\" \/>\n<meta name=\"twitter:site\" content=\"@Swissgliders\" \/>\n<meta name=\"twitter:label1\" content=\"Verf\u00fcgbarkeit\" \/>\n\t<meta name=\"twitter:data1\" content=\"Auf Lager\" \/>\n<script type=\"application\/ld+json\" class=\"yoast-schema-graph\">{\"@context\":\"https:\\\/\\\/schema.org\",\"@graph\":[{\"@type\":\"WebPage\",\"@id\":\"https:\\\/\\\/swissgliders.ch\\\/de\\\/produkt\\\/gutschein-tandem-gleitschirmflug\\\/\",\"url\":\"https:\\\/\\\/swissgliders.ch\\\/de\\\/produkt\\\/gutschein-tandem-gleitschirmflug\\\/\",\"name\":\"Gutschein Tandem Gleitschirmflug | Gleitschirmschule Thun, Bern, Interlaken\",\"isPartOf\":{\"@id\":\"https:\\\/\\\/swissgliders.ch\\\/de\\\/#website\"},\"primaryImageOfPage\":{\"@id\":\"https:\\\/\\\/swissgliders.ch\\\/de\\\/produkt\\\/gutschein-tandem-gleitschirmflug\\\/#primaryimage\"},\"image\":{\"@id\":\"https:\\\/\\\/swissgliders.ch\\\/de\\\/produkt\\\/gutschein-tandem-gleitschirmflug\\\/#primaryimage\"},\"thumbnailUrl\":\"https:\\\/\\\/swissgliders.ch\\\/wp-content\\\/uploads\\\/2016\\\/10\\\/Tandem_Adelboden.jpg\",\"datePublished\":\"2016-04-26T19:02:48+00:00\",\"dateModified\":\"2022-01-10T19:24:47+00:00\",\"description\":\"Tandem Gleitschirmfliegen als aussergew\u00f6hnlichen Geschenk-Gutschein f\u00fcr Freunde und Familie\",\"breadcrumb\":{\"@id\":\"https:\\\/\\\/swissgliders.ch\\\/de\\\/produkt\\\/gutschein-tandem-gleitschirmflug\\\/#breadcrumb\"},\"inLanguage\":\"de\",\"potentialAction\":[{\"@type\":\"ReadAction\",\"target\":[\"https:\\\/\\\/swissgliders.ch\\\/de\\\/produkt\\\/gutschein-tandem-gleitschirmflug\\\/\"]}]},{\"@type\":\"ImageObject\",\"inLanguage\":\"de\",\"@id\":\"https:\\\/\\\/swissgliders.ch\\\/de\\\/produkt\\\/gutschein-tandem-gleitschirmflug\\\/#primaryimage\",\"url\":\"https:\\\/\\\/swissgliders.ch\\\/wp-content\\\/uploads\\\/2016\\\/10\\\/Tandem_Adelboden.jpg\",\"contentUrl\":\"https:\\\/\\\/swissgliders.ch\\\/wp-content\\\/uploads\\\/2016\\\/10\\\/Tandem_Adelboden.jpg\",\"width\":1280,\"height\":720,\"caption\":\"Swissgliders_Tandem_Adelboden-1\"},{\"@type\":\"BreadcrumbList\",\"@id\":\"https:\\\/\\\/swissgliders.ch\\\/de\\\/produkt\\\/gutschein-tandem-gleitschirmflug\\\/#breadcrumb\",\"itemListElement\":[{\"@type\":\"ListItem\",\"position\":1,\"name\":\"Startseite\",\"item\":\"https:\\\/\\\/swissgliders.ch\\\/de\\\/willkommen\\\/\"},{\"@type\":\"ListItem\",\"position\":2,\"name\":\"Gleitschirm Shop\",\"item\":\"https:\\\/\\\/swissgliders.ch\\\/de\\\/gleitschirm-shop\\\/\"},{\"@type\":\"ListItem\",\"position\":3,\"name\":\"Gutschein Tandem Gleitschirmflug\"}]},{\"@type\":\"WebSite\",\"@id\":\"https:\\\/\\\/swissgliders.ch\\\/de\\\/#website\",\"url\":\"https:\\\/\\\/swissgliders.ch\\\/de\\\/\",\"name\":\"Gleitschirmschule Thun, Bern, Interlaken\",\"description\":\"Gleitschirmschule Thun, Bern, Interlaken\",\"publisher\":{\"@id\":\"https:\\\/\\\/swissgliders.ch\\\/de\\\/#organization\"},\"potentialAction\":[{\"@type\":\"SearchAction\",\"target\":{\"@type\":\"EntryPoint\",\"urlTemplate\":\"https:\\\/\\\/swissgliders.ch\\\/de\\\/?s={search_term_string}\"},\"query-input\":{\"@type\":\"PropertyValueSpecification\",\"valueRequired\":true,\"valueName\":\"search_term_string\"}}],\"inLanguage\":\"de\"},{\"@type\":\"Organization\",\"@id\":\"https:\\\/\\\/swissgliders.ch\\\/de\\\/#organization\",\"name\":\"Swissgliders Gleitschirmflugschule Thun\",\"url\":\"https:\\\/\\\/swissgliders.ch\\\/de\\\/\",\"logo\":{\"@type\":\"ImageObject\",\"inLanguage\":\"de\",\"@id\":\"https:\\\/\\\/swissgliders.ch\\\/de\\\/#\\\/schema\\\/logo\\\/image\\\/\",\"url\":\"https:\\\/\\\/swissgliders.ch\\\/wp-content\\\/uploads\\\/2019\\\/12\\\/swissgliders-logo-rgb-square-L-no-ch-01.png\",\"contentUrl\":\"https:\\\/\\\/swissgliders.ch\\\/wp-content\\\/uploads\\\/2019\\\/12\\\/swissgliders-logo-rgb-square-L-no-ch-01.png\",\"width\":2500,\"height\":2500,\"caption\":\"Swissgliders Gleitschirmflugschule Thun\"},\"image\":{\"@id\":\"https:\\\/\\\/swissgliders.ch\\\/de\\\/#\\\/schema\\\/logo\\\/image\\\/\"},\"sameAs\":[\"https:\\\/\\\/www.facebook.com\\\/swissgliders\",\"https:\\\/\\\/x.com\\\/Swissgliders\",\"https:\\\/\\\/www.instagram.com\\\/swissgliders\\\/\",\"https:\\\/\\\/www.youtube.com\\\/channel\\\/UCMCtGdepy9vBhrhX3V_oJOA\"],\"hasMerchantReturnPolicy\":{\"@type\":\"MerchantReturnPolicy\",\"merchantReturnLink\":\"https:\\\/\\\/swissgliders.ch\\\/de\\\/allgemeine-geschaftsbedingungen\\\/\"}}]}<\/script>\n<meta property=\"og:availability\" content=\"instock\" \/>\n<meta property=\"product:availability\" content=\"instock\" \/>\n<meta property=\"product:condition\" content=\"new\" \/>\n<!-- \/ Yoast SEO Premium plugin. -->","yoast_head_json":{"title":"Gutschein Tandem Gleitschirmflug | Gleitschirmschule Thun, Bern, Interlaken","description":"Tandem Gleitschirmfliegen als aussergew\u00f6hnlichen Geschenk-Gutschein f\u00fcr Freunde und Familie","robots":{"index":"index","follow":"follow","max-snippet":"max-snippet:-1","max-image-preview":"max-image-preview:large","max-video-preview":"max-video-preview:-1"},"canonical":"https:\/\/swissgliders.ch\/de\/produkt\/gutschein-tandem-gleitschirmflug\/","og_locale":"de_DE","og_type":"article","og_title":"Gutschein Tandem Gleitschirmflug","og_description":"Tandem Gleitschirmfliegen als aussergew\u00f6hnlichen Geschenk-Gutschein f\u00fcr Freunde und Familie","og_url":"https:\/\/swissgliders.ch\/de\/produkt\/gutschein-tandem-gleitschirmflug\/","og_site_name":"Gleitschirmschule Thun, Bern, Interlaken","article_publisher":"https:\/\/www.facebook.com\/swissgliders","article_modified_time":"2022-01-10T19:24:47+00:00","og_image":[{"width":1280,"height":720,"url":"https:\/\/swissgliders.ch\/wp-content\/uploads\/2016\/10\/Tandem_Adelboden.jpg","type":"image\/jpeg"}],"twitter_card":"summary_large_image","twitter_site":"@Swissgliders","twitter_misc":{"Verf\u00fcgbarkeit":"Auf Lager"},"schema":{"@context":"https:\/\/schema.org","@graph":[{"@type":"WebPage","@id":"https:\/\/swissgliders.ch\/de\/produkt\/gutschein-tandem-gleitschirmflug\/","url":"https:\/\/swissgliders.ch\/de\/produkt\/gutschein-tandem-gleitschirmflug\/","name":"Gutschein Tandem Gleitschirmflug | Gleitschirmschule Thun, Bern, Interlaken","isPartOf":{"@id":"https:\/\/swissgliders.ch\/de\/#website"},"primaryImageOfPage":{"@id":"https:\/\/swissgliders.ch\/de\/produkt\/gutschein-tandem-gleitschirmflug\/#primaryimage"},"image":{"@id":"https:\/\/swissgliders.ch\/de\/produkt\/gutschein-tandem-gleitschirmflug\/#primaryimage"},"thumbnailUrl":"https:\/\/swissgliders.ch\/wp-content\/uploads\/2016\/10\/Tandem_Adelboden.jpg","datePublished":"2016-04-26T19:02:48+00:00","dateModified":"2022-01-10T19:24:47+00:00","description":"Tandem Gleitschirmfliegen als aussergew\u00f6hnlichen Geschenk-Gutschein f\u00fcr Freunde und Familie","breadcrumb":{"@id":"https:\/\/swissgliders.ch\/de\/produkt\/gutschein-tandem-gleitschirmflug\/#breadcrumb"},"inLanguage":"de","potentialAction":[{"@type":"ReadAction","target":["https:\/\/swissgliders.ch\/de\/produkt\/gutschein-tandem-gleitschirmflug\/"]}]},{"@type":"ImageObject","inLanguage":"de","@id":"https:\/\/swissgliders.ch\/de\/produkt\/gutschein-tandem-gleitschirmflug\/#primaryimage","url":"https:\/\/swissgliders.ch\/wp-content\/uploads\/2016\/10\/Tandem_Adelboden.jpg","contentUrl":"https:\/\/swissgliders.ch\/wp-content\/uploads\/2016\/10\/Tandem_Adelboden.jpg","width":1280,"height":720,"caption":"Swissgliders_Tandem_Adelboden-1"},{"@type":"BreadcrumbList","@id":"https:\/\/swissgliders.ch\/de\/produkt\/gutschein-tandem-gleitschirmflug\/#breadcrumb","itemListElement":[{"@type":"ListItem","position":1,"name":"Startseite","item":"https:\/\/swissgliders.ch\/de\/willkommen\/"},{"@type":"ListItem","position":2,"name":"Gleitschirm Shop","item":"https:\/\/swissgliders.ch\/de\/gleitschirm-shop\/"},{"@type":"ListItem","position":3,"name":"Gutschein Tandem Gleitschirmflug"}]},{"@type":"WebSite","@id":"https:\/\/swissgliders.ch\/de\/#website","url":"https:\/\/swissgliders.ch\/de\/","name":"Gleitschirmschule Thun, Bern, Interlaken","description":"Gleitschirmschule Thun, Bern, Interlaken","publisher":{"@id":"https:\/\/swissgliders.ch\/de\/#organization"},"potentialAction":[{"@type":"SearchAction","target":{"@type":"EntryPoint","urlTemplate":"https:\/\/swissgliders.ch\/de\/?s={search_term_string}"},"query-input":{"@type":"PropertyValueSpecification","valueRequired":true,"valueName":"search_term_string"}}],"inLanguage":"de"},{"@type":"Organization","@id":"https:\/\/swissgliders.ch\/de\/#organization","name":"Swissgliders Gleitschirmflugschule Thun","url":"https:\/\/swissgliders.ch\/de\/","logo":{"@type":"ImageObject","inLanguage":"de","@id":"https:\/\/swissgliders.ch\/de\/#\/schema\/logo\/image\/","url":"https:\/\/swissgliders.ch\/wp-content\/uploads\/2019\/12\/swissgliders-logo-rgb-square-L-no-ch-01.png","contentUrl":"https:\/\/swissgliders.ch\/wp-content\/uploads\/2019\/12\/swissgliders-logo-rgb-square-L-no-ch-01.png","width":2500,"height":2500,"caption":"Swissgliders Gleitschirmflugschule Thun"},"image":{"@id":"https:\/\/swissgliders.ch\/de\/#\/schema\/logo\/image\/"},"sameAs":["https:\/\/www.facebook.com\/swissgliders","https:\/\/x.com\/Swissgliders","https:\/\/www.instagram.com\/swissgliders\/","https:\/\/www.youtube.com\/channel\/UCMCtGdepy9vBhrhX3V_oJOA"],"hasMerchantReturnPolicy":{"@type":"MerchantReturnPolicy","merchantReturnLink":"https:\/\/swissgliders.ch\/de\/allgemeine-geschaftsbedingungen\/"}}]},"og_availability":"instock","product_availability":"instock","product_condition":"new"},"_links":{"self":[{"href":"https:\/\/swissgliders.ch\/de\/wp-json\/wp\/v2\/product\/2525","targetHints":{"allow":["GET"]}}],"collection":[{"href":"https:\/\/swissgliders.ch\/de\/wp-json\/wp\/v2\/product"}],"about":[{"href":"https:\/\/swissgliders.ch\/de\/wp-json\/wp\/v2\/types\/product"}],"replies":[{"embeddable":true,"href":"https:\/\/swissgliders.ch\/de\/wp-json\/wp\/v2\/comments?post=2525"}],"wp:featuredmedia":[{"embeddable":true,"href":"https:\/\/swissgliders.ch\/de\/wp-json\/wp\/v2\/media\/7835"}],"wp:attachment":[{"href":"https:\/\/swissgliders.ch\/de\/wp-json\/wp\/v2\/media?parent=2525"}],"wp:term":[{"taxonomy":"product_brand","embeddable":true,"href":"https:\/\/swissgliders.ch\/de\/wp-json\/wp\/v2\/product_brand?post=2525"},{"taxonomy":"product_cat","embeddable":true,"href":"https:\/\/swissgliders.ch\/de\/wp-json\/wp\/v2\/product_cat?post=2525"},{"taxonomy":"product_tag","embeddable":true,"href":"https:\/\/swissgliders.ch\/de\/wp-json\/wp\/v2\/product_tag?post=2525"}],"curies":[{"name":"wp","href":"https:\/\/api.w.org\/{rel}","templated":true}]}}