{"id":3415,"date":"2019-11-30T16:19:33","date_gmt":"2019-11-30T15:19:33","guid":{"rendered":"https:\/\/swissgliders.ch\/?post_type=product&#038;p=3415"},"modified":"2020-09-10T20:31:38","modified_gmt":"2020-09-10T19:31:38","slug":"wintec-lava-lp-4011pmr","status":"publish","type":"product","link":"https:\/\/swissgliders.ch\/de\/produkt\/wintec-lava-lp-4011pmr\/","title":{"rendered":"Wintec Lava LP-4011+ PMR Radio"},"content":{"rendered":"<p>Ein hochwertiges Profifunkger\u00e4t &#8211; perfekt f\u00fcr den Gleitschirmsport und sonstige Outdoor-Aktivit\u00e4ten geeignet.<\/p>\n<p>Das robuste Polycarbonat-Geh\u00e4use mit Strukturoberfl\u00e4che umh\u00fcllt eine Alugussschale welche im professionellen Funkbetrieb eingesetzt wird.<br \/>\nSomit erf\u00fcllt das Wintec Lava LP-4011+ PMR Funkger\u00e4t mit seiner Best\u00e4ndigkeit gegen Regen, Feuchtigkeit, Staub, Vibration und Sto\u00df den IP54 und IP55 Standard.<\/p>\n<p>Weiter hat das Funkger\u00e4t einen grossen Lautsprecher f\u00fcr gute Klangqualit\u00e4t und eine lange Antenne f\u00fcr bessere Sende- und Empfangsleistung.<\/p>\n<p>Weitere technische Infos auch unter <a href=\"https:\/\/shop.basisrausch.ch\/fluginstrumente\/funkgeraete\/67\/wintec-lava-lp-4011-pmr-radio?c=46\" target=\"_blank\" rel=\"noopener noreferrer\">basisrausch.ch<\/a><\/p>\n","protected":false},"excerpt":{"rendered":"<p>Ein hochwertiges Profifunkger\u00e4t &#8211; perfekt f\u00fcr den Gleitschirmsport und sonstige Outdoor-Aktivit\u00e4ten geeignet.<\/p>\n<p>Das robuste Polycarbonat-Geh\u00e4use mit Strukturoberfl\u00e4che umh\u00fcllt eine Alugussschale welche im professionellen Funkbetrieb eingesetzt wird.<br \/>\nSomit erf\u00fcllt das Wintec Lava LP-4011+ PMR Funkger\u00e4t mit seiner Best\u00e4ndigkeit gegen Regen, Feuchtigkeit, Staub, Vibration und Sto\u00df den IP54 und IP55 Standard.<\/p>\n<p>Weiter hat das Funkger\u00e4t einen grossen Lautsprecher f\u00fcr gute Klangqualit\u00e4t und eine lange Antenne f\u00fcr bessere Sende- und Empfangsleistung.<\/p>\n<p>Weitere technische Infos auch unter <a href=\"https:\/\/shop.basisrausch.ch\/fluginstrumente\/funkgeraete\/67\/wintec-lava-lp-4011-pmr-radio?c=46\" target=\"_blank\" rel=\"noopener noreferrer\">basisrausch.ch<\/a><\/p>\n","protected":false},"featured_media":5549,"comment_status":"closed","ping_status":"closed","template":"","meta":[],"product_brand":[],"product_cat":[402],"product_tag":[410],"class_list":{"0":"post-3415","1":"product","2":"type-product","3":"status-publish","4":"has-post-thumbnail","6":"product_cat-gleitschirm-zubehoer","7":"product_tag-zubehoer","8":"product_shipping_class-priority-10kg-de","10":"first","11":"instock","12":"shipping-taxable","13":"purchasable","14":"product-type-simple"},"yoast_head":"<!-- This site is optimized with the Yoast SEO Premium plugin v26.1 (Yoast SEO v27.3) - https:\/\/yoast.com\/product\/yoast-seo-premium-wordpress\/ -->\n<title>Wintec Lava LP-4011+ PMR Radio | Gleitschirmschule Thun, Bern, Interlaken<\/title>\n<meta name=\"description\" content=\"Das vollausgestatte PMR-Funkger\u00e4t zum Gleitschirmfliegen mit langer Akkulaufzeit.\" \/>\n<meta name=\"robots\" content=\"index, follow, max-snippet:-1, max-image-preview:large, max-video-preview:-1\" \/>\n<link rel=\"canonical\" href=\"https:\/\/swissgliders.ch\/de\/produkt\/wintec-lava-lp-4011pmr\/\" \/>\n<meta property=\"og:locale\" content=\"de_DE\" \/>\n<meta property=\"og:type\" content=\"article\" \/>\n<meta property=\"og:title\" content=\"Wintec Lava LP-4011+ PMR Radio\" \/>\n<meta property=\"og:description\" content=\"Das vollausgestatte PMR-Funkger\u00e4t zum Gleitschirmfliegen mit langer Akkulaufzeit.\" \/>\n<meta property=\"og:url\" content=\"https:\/\/swissgliders.ch\/de\/produkt\/wintec-lava-lp-4011pmr\/\" \/>\n<meta property=\"og:site_name\" content=\"Gleitschirmschule Thun, Bern, Interlaken\" \/>\n<meta property=\"article:publisher\" content=\"https:\/\/www.facebook.com\/swissgliders\" \/>\n<meta property=\"article:modified_time\" content=\"2020-09-10T19:31:38+00:00\" \/>\n<meta property=\"og:image\" content=\"https:\/\/swissgliders.ch\/wp-content\/uploads\/2019\/11\/Wintec-Lava-PMR-radio-LP-4011-400-267.jpg\" \/>\n\t<meta property=\"og:image:width\" content=\"400\" \/>\n\t<meta property=\"og:image:height\" content=\"267\" \/>\n\t<meta property=\"og:image:type\" content=\"image\/jpeg\" \/>\n<meta name=\"twitter:card\" content=\"summary_large_image\" \/>\n<meta name=\"twitter:site\" content=\"@Swissgliders\" \/>\n<meta name=\"twitter:label1\" content=\"Preis\" \/>\n\t<meta name=\"twitter:data1\" content=\"&#067;&#072;&#070;&nbsp;229.00\" \/>\n\t<meta name=\"twitter:label2\" content=\"Verf\u00fcgbarkeit\" \/>\n\t<meta name=\"twitter:data2\" content=\"Auf Lager\" \/>\n<script type=\"application\/ld+json\" class=\"yoast-schema-graph\">{\"@context\":\"https:\\\/\\\/schema.org\",\"@graph\":[{\"@type\":\"WebPage\",\"@id\":\"https:\\\/\\\/swissgliders.ch\\\/de\\\/produkt\\\/wintec-lava-lp-4011pmr\\\/\",\"url\":\"https:\\\/\\\/swissgliders.ch\\\/de\\\/produkt\\\/wintec-lava-lp-4011pmr\\\/\",\"name\":\"Wintec Lava LP-4011+ PMR Radio | Gleitschirmschule Thun, Bern, Interlaken\",\"isPartOf\":{\"@id\":\"https:\\\/\\\/swissgliders.ch\\\/de\\\/#website\"},\"primaryImageOfPage\":{\"@id\":\"https:\\\/\\\/swissgliders.ch\\\/de\\\/produkt\\\/wintec-lava-lp-4011pmr\\\/#primaryimage\"},\"image\":{\"@id\":\"https:\\\/\\\/swissgliders.ch\\\/de\\\/produkt\\\/wintec-lava-lp-4011pmr\\\/#primaryimage\"},\"thumbnailUrl\":\"https:\\\/\\\/swissgliders.ch\\\/wp-content\\\/uploads\\\/2019\\\/11\\\/Wintec-Lava-PMR-radio-LP-4011-400-267.jpg\",\"datePublished\":\"2019-11-30T15:19:33+00:00\",\"dateModified\":\"2020-09-10T19:31:38+00:00\",\"description\":\"Das vollausgestatte PMR-Funkger\u00e4t zum Gleitschirmfliegen mit langer Akkulaufzeit.\",\"breadcrumb\":{\"@id\":\"https:\\\/\\\/swissgliders.ch\\\/de\\\/produkt\\\/wintec-lava-lp-4011pmr\\\/#breadcrumb\"},\"inLanguage\":\"de\",\"potentialAction\":[{\"@type\":\"ReadAction\",\"target\":[\"https:\\\/\\\/swissgliders.ch\\\/de\\\/produkt\\\/wintec-lava-lp-4011pmr\\\/\"]}]},{\"@type\":\"ImageObject\",\"inLanguage\":\"de\",\"@id\":\"https:\\\/\\\/swissgliders.ch\\\/de\\\/produkt\\\/wintec-lava-lp-4011pmr\\\/#primaryimage\",\"url\":\"https:\\\/\\\/swissgliders.ch\\\/wp-content\\\/uploads\\\/2019\\\/11\\\/Wintec-Lava-PMR-radio-LP-4011-400-267.jpg\",\"contentUrl\":\"https:\\\/\\\/swissgliders.ch\\\/wp-content\\\/uploads\\\/2019\\\/11\\\/Wintec-Lava-PMR-radio-LP-4011-400-267.jpg\",\"width\":400,\"height\":267,\"caption\":\"Wintec-Lava-PMR-radio-LP-4011\"},{\"@type\":\"BreadcrumbList\",\"@id\":\"https:\\\/\\\/swissgliders.ch\\\/de\\\/produkt\\\/wintec-lava-lp-4011pmr\\\/#breadcrumb\",\"itemListElement\":[{\"@type\":\"ListItem\",\"position\":1,\"name\":\"Startseite\",\"item\":\"https:\\\/\\\/swissgliders.ch\\\/de\\\/willkommen\\\/\"},{\"@type\":\"ListItem\",\"position\":2,\"name\":\"Gleitschirm Shop\",\"item\":\"https:\\\/\\\/swissgliders.ch\\\/de\\\/gleitschirm-shop\\\/\"},{\"@type\":\"ListItem\",\"position\":3,\"name\":\"Wintec Lava LP-4011+ PMR Radio\"}]},{\"@type\":\"WebSite\",\"@id\":\"https:\\\/\\\/swissgliders.ch\\\/de\\\/#website\",\"url\":\"https:\\\/\\\/swissgliders.ch\\\/de\\\/\",\"name\":\"Gleitschirmschule Thun, Bern, Interlaken\",\"description\":\"Gleitschirmschule Thun, Bern, Interlaken\",\"publisher\":{\"@id\":\"https:\\\/\\\/swissgliders.ch\\\/de\\\/#organization\"},\"potentialAction\":[{\"@type\":\"SearchAction\",\"target\":{\"@type\":\"EntryPoint\",\"urlTemplate\":\"https:\\\/\\\/swissgliders.ch\\\/de\\\/?s={search_term_string}\"},\"query-input\":{\"@type\":\"PropertyValueSpecification\",\"valueRequired\":true,\"valueName\":\"search_term_string\"}}],\"inLanguage\":\"de\"},{\"@type\":\"Organization\",\"@id\":\"https:\\\/\\\/swissgliders.ch\\\/de\\\/#organization\",\"name\":\"Swissgliders Gleitschirmflugschule Thun\",\"url\":\"https:\\\/\\\/swissgliders.ch\\\/de\\\/\",\"logo\":{\"@type\":\"ImageObject\",\"inLanguage\":\"de\",\"@id\":\"https:\\\/\\\/swissgliders.ch\\\/de\\\/#\\\/schema\\\/logo\\\/image\\\/\",\"url\":\"https:\\\/\\\/swissgliders.ch\\\/wp-content\\\/uploads\\\/2019\\\/12\\\/swissgliders-logo-rgb-square-L-no-ch-01.png\",\"contentUrl\":\"https:\\\/\\\/swissgliders.ch\\\/wp-content\\\/uploads\\\/2019\\\/12\\\/swissgliders-logo-rgb-square-L-no-ch-01.png\",\"width\":2500,\"height\":2500,\"caption\":\"Swissgliders Gleitschirmflugschule Thun\"},\"image\":{\"@id\":\"https:\\\/\\\/swissgliders.ch\\\/de\\\/#\\\/schema\\\/logo\\\/image\\\/\"},\"sameAs\":[\"https:\\\/\\\/www.facebook.com\\\/swissgliders\",\"https:\\\/\\\/x.com\\\/Swissgliders\",\"https:\\\/\\\/www.instagram.com\\\/swissgliders\\\/\",\"https:\\\/\\\/www.youtube.com\\\/channel\\\/UCMCtGdepy9vBhrhX3V_oJOA\"],\"hasMerchantReturnPolicy\":{\"@type\":\"MerchantReturnPolicy\",\"merchantReturnLink\":\"https:\\\/\\\/swissgliders.ch\\\/de\\\/allgemeine-geschaftsbedingungen\\\/\"}}]}<\/script>\n<meta property=\"product:price:amount\" content=\"229.00\" \/>\n<meta property=\"product:price:currency\" content=\"CHF\" \/>\n<meta property=\"og:availability\" content=\"instock\" \/>\n<meta property=\"product:availability\" content=\"instock\" \/>\n<meta property=\"product:condition\" content=\"new\" \/>\n<!-- \/ Yoast SEO Premium plugin. -->","yoast_head_json":{"title":"Wintec Lava LP-4011+ PMR Radio | Gleitschirmschule Thun, Bern, Interlaken","description":"Das vollausgestatte PMR-Funkger\u00e4t zum Gleitschirmfliegen mit langer Akkulaufzeit.","robots":{"index":"index","follow":"follow","max-snippet":"max-snippet:-1","max-image-preview":"max-image-preview:large","max-video-preview":"max-video-preview:-1"},"canonical":"https:\/\/swissgliders.ch\/de\/produkt\/wintec-lava-lp-4011pmr\/","og_locale":"de_DE","og_type":"article","og_title":"Wintec Lava LP-4011+ PMR Radio","og_description":"Das vollausgestatte PMR-Funkger\u00e4t zum Gleitschirmfliegen mit langer Akkulaufzeit.","og_url":"https:\/\/swissgliders.ch\/de\/produkt\/wintec-lava-lp-4011pmr\/","og_site_name":"Gleitschirmschule Thun, Bern, Interlaken","article_publisher":"https:\/\/www.facebook.com\/swissgliders","article_modified_time":"2020-09-10T19:31:38+00:00","og_image":[{"width":400,"height":267,"url":"https:\/\/swissgliders.ch\/wp-content\/uploads\/2019\/11\/Wintec-Lava-PMR-radio-LP-4011-400-267.jpg","type":"image\/jpeg"}],"twitter_card":"summary_large_image","twitter_site":"@Swissgliders","twitter_misc":{"Preis":"&#67;&#72;&#70;&nbsp;229.00","Verf\u00fcgbarkeit":"Auf Lager"},"schema":{"@context":"https:\/\/schema.org","@graph":[{"@type":"WebPage","@id":"https:\/\/swissgliders.ch\/de\/produkt\/wintec-lava-lp-4011pmr\/","url":"https:\/\/swissgliders.ch\/de\/produkt\/wintec-lava-lp-4011pmr\/","name":"Wintec Lava LP-4011+ PMR Radio | Gleitschirmschule Thun, Bern, Interlaken","isPartOf":{"@id":"https:\/\/swissgliders.ch\/de\/#website"},"primaryImageOfPage":{"@id":"https:\/\/swissgliders.ch\/de\/produkt\/wintec-lava-lp-4011pmr\/#primaryimage"},"image":{"@id":"https:\/\/swissgliders.ch\/de\/produkt\/wintec-lava-lp-4011pmr\/#primaryimage"},"thumbnailUrl":"https:\/\/swissgliders.ch\/wp-content\/uploads\/2019\/11\/Wintec-Lava-PMR-radio-LP-4011-400-267.jpg","datePublished":"2019-11-30T15:19:33+00:00","dateModified":"2020-09-10T19:31:38+00:00","description":"Das vollausgestatte PMR-Funkger\u00e4t zum Gleitschirmfliegen mit langer Akkulaufzeit.","breadcrumb":{"@id":"https:\/\/swissgliders.ch\/de\/produkt\/wintec-lava-lp-4011pmr\/#breadcrumb"},"inLanguage":"de","potentialAction":[{"@type":"ReadAction","target":["https:\/\/swissgliders.ch\/de\/produkt\/wintec-lava-lp-4011pmr\/"]}]},{"@type":"ImageObject","inLanguage":"de","@id":"https:\/\/swissgliders.ch\/de\/produkt\/wintec-lava-lp-4011pmr\/#primaryimage","url":"https:\/\/swissgliders.ch\/wp-content\/uploads\/2019\/11\/Wintec-Lava-PMR-radio-LP-4011-400-267.jpg","contentUrl":"https:\/\/swissgliders.ch\/wp-content\/uploads\/2019\/11\/Wintec-Lava-PMR-radio-LP-4011-400-267.jpg","width":400,"height":267,"caption":"Wintec-Lava-PMR-radio-LP-4011"},{"@type":"BreadcrumbList","@id":"https:\/\/swissgliders.ch\/de\/produkt\/wintec-lava-lp-4011pmr\/#breadcrumb","itemListElement":[{"@type":"ListItem","position":1,"name":"Startseite","item":"https:\/\/swissgliders.ch\/de\/willkommen\/"},{"@type":"ListItem","position":2,"name":"Gleitschirm Shop","item":"https:\/\/swissgliders.ch\/de\/gleitschirm-shop\/"},{"@type":"ListItem","position":3,"name":"Wintec Lava LP-4011+ PMR Radio"}]},{"@type":"WebSite","@id":"https:\/\/swissgliders.ch\/de\/#website","url":"https:\/\/swissgliders.ch\/de\/","name":"Gleitschirmschule Thun, Bern, Interlaken","description":"Gleitschirmschule Thun, Bern, Interlaken","publisher":{"@id":"https:\/\/swissgliders.ch\/de\/#organization"},"potentialAction":[{"@type":"SearchAction","target":{"@type":"EntryPoint","urlTemplate":"https:\/\/swissgliders.ch\/de\/?s={search_term_string}"},"query-input":{"@type":"PropertyValueSpecification","valueRequired":true,"valueName":"search_term_string"}}],"inLanguage":"de"},{"@type":"Organization","@id":"https:\/\/swissgliders.ch\/de\/#organization","name":"Swissgliders Gleitschirmflugschule Thun","url":"https:\/\/swissgliders.ch\/de\/","logo":{"@type":"ImageObject","inLanguage":"de","@id":"https:\/\/swissgliders.ch\/de\/#\/schema\/logo\/image\/","url":"https:\/\/swissgliders.ch\/wp-content\/uploads\/2019\/12\/swissgliders-logo-rgb-square-L-no-ch-01.png","contentUrl":"https:\/\/swissgliders.ch\/wp-content\/uploads\/2019\/12\/swissgliders-logo-rgb-square-L-no-ch-01.png","width":2500,"height":2500,"caption":"Swissgliders Gleitschirmflugschule Thun"},"image":{"@id":"https:\/\/swissgliders.ch\/de\/#\/schema\/logo\/image\/"},"sameAs":["https:\/\/www.facebook.com\/swissgliders","https:\/\/x.com\/Swissgliders","https:\/\/www.instagram.com\/swissgliders\/","https:\/\/www.youtube.com\/channel\/UCMCtGdepy9vBhrhX3V_oJOA"],"hasMerchantReturnPolicy":{"@type":"MerchantReturnPolicy","merchantReturnLink":"https:\/\/swissgliders.ch\/de\/allgemeine-geschaftsbedingungen\/"}}]},"product_price_amount":"229.00","product_price_currency":"CHF","og_availability":"instock","product_availability":"instock","product_condition":"new"},"_links":{"self":[{"href":"https:\/\/swissgliders.ch\/de\/wp-json\/wp\/v2\/product\/3415","targetHints":{"allow":["GET"]}}],"collection":[{"href":"https:\/\/swissgliders.ch\/de\/wp-json\/wp\/v2\/product"}],"about":[{"href":"https:\/\/swissgliders.ch\/de\/wp-json\/wp\/v2\/types\/product"}],"replies":[{"embeddable":true,"href":"https:\/\/swissgliders.ch\/de\/wp-json\/wp\/v2\/comments?post=3415"}],"wp:featuredmedia":[{"embeddable":true,"href":"https:\/\/swissgliders.ch\/de\/wp-json\/wp\/v2\/media\/5549"}],"wp:attachment":[{"href":"https:\/\/swissgliders.ch\/de\/wp-json\/wp\/v2\/media?parent=3415"}],"wp:term":[{"taxonomy":"product_brand","embeddable":true,"href":"https:\/\/swissgliders.ch\/de\/wp-json\/wp\/v2\/product_brand?post=3415"},{"taxonomy":"product_cat","embeddable":true,"href":"https:\/\/swissgliders.ch\/de\/wp-json\/wp\/v2\/product_cat?post=3415"},{"taxonomy":"product_tag","embeddable":true,"href":"https:\/\/swissgliders.ch\/de\/wp-json\/wp\/v2\/product_tag?post=3415"}],"curies":[{"name":"wp","href":"https:\/\/api.w.org\/{rel}","templated":true}]}}