{"id":3767,"date":"2019-12-25T11:38:56","date_gmt":"2019-12-25T10:38:56","guid":{"rendered":"https:\/\/swissgliders.ch\/?post_type=product&#038;p=3767"},"modified":"2026-03-01T12:13:35","modified_gmt":"2026-03-01T11:13:35","slug":"beheizbare-handschuhe-von-gin-gliders","status":"publish","type":"product","link":"https:\/\/swissgliders.ch\/de\/produkt\/beheizbare-handschuhe-von-gin-gliders\/","title":{"rendered":"Gin Heizhandschuhe"},"content":{"rendered":"<h3 class=\"pt-8 font-condensed font-bold text-3xl lg:text-4xl text-grey-8 uppercase leading-1\">BIS ANS LIMIT GETESTET<\/h3>\n<p><img loading=\"lazy\" decoding=\"async\" class=\"\" src=\"https:\/\/static.gingliders.com\/\/img\/gr-heated-gloves-ss2.jpg\" alt=\"Heated gloves\" width=\"412\" height=\"274\" \/><\/p>\n<p class=\"text-xl md:text-2xl lg:text-3xl leading-3 lg:leading-4 measure lg:measure-narrow pt-2 pb-0\">Und zwar von unseren Testpiloten, die in der extremen K\u00e4lte des koreanischen Winters fliegen. Die beheizten Handschuhe wurden speziell f\u00fcr den Gleitschirmsport entwickelt, sind langlebig, einfach zu bedienen und machen genau das, was sie sollen: die H\u00e4nde warm halten.<\/p>\n<p class=\"measure-wide mb-0\">Neben dem, was man normalerweise von einem Premium-Handschuh erwarten kann, bieten unsere beheizten Handschuhe einzigartige Vorteile:<\/p>\n<ul class=\"list-disc pl-4 py-2\">\n<li class=\"pb-1\">Langlebig dank dem bew\u00e4hrten Heizfilament-Design<\/li>\n<li class=\"pb-1\">Gleitschirm-spezifische Passform und W\u00e4rme bis in die Fingerspitzen<\/li>\n<li class=\"pb-1\">Einfache Regulierung der W\u00e4rme und Halteb\u00e4nder, damit die Handschuhe nicht verloren gehen<\/li>\n<\/ul>\n<div class=\"pt-2 lg:pb-8\">\n<p class=\"pt-2 font-bold\">Ein Leben lang Leistung<\/p>\n<p class=\"measure lg:measure-wide lg:leading-6\">Der empfindlichste Teil eines jeden beheizten Handschuhs ist der Heizfaden, der dem st\u00e4ndigen Biegen und Erhitzen standhalten muss. Das Filament in den GIN-Handschuhen wurde f\u00fcr den extremen Einsatz entwickelt und bei \u00fcber 200.000 Biegungen sowie unter kontinuierlicher Erw\u00e4rmung und Abk\u00fchlung getestet. Das Ergebnis ist eine sehr lange Lebensdauer mit zuverl\u00e4ssiger Heizleistung.<img decoding=\"async\" class=\"w-full mt-4\" src=\"https:\/\/www.gingliders.com\/de\/gear\/sportswear\/heated-gloves\/\" alt=\"\" \/><\/p>\n<p class=\"pt-2 font-bold\">Gleitschirmspezifisches Design und Passform<\/p>\n<p>Im Gegensatz zu einem Multisport-Handschuh erstreckt sich das Heizelement im GIN-Handschuh bis \u00fcber die Fingerspitzen.<\/p>\n<p>Dies sorgt f\u00fcr zus\u00e4tzliche W\u00e4rme dort, wo sie am meisten ben\u00f6tigt wird, was zu einer effizienteren Nutzung der Batterie f\u00fchrt.<\/p>\n<p>Das Leder wird an den Fingern nahtfrei \u00fcber die \u00fcber die Fingerspitzen gef\u00fchrt, was f\u00fcr zus\u00e4tzlichen Komfort und Haltbarkeit sorgt.<\/p>\n<p>&nbsp;<\/p>\n<\/div>\n<p>Mehr <a href=\"https:\/\/www.gingliders.com\/de\/gear\/sportswear\/heated-gloves\/\" target=\"_blank\" rel=\"noopener noreferrer\">Infos<\/a><\/p>\n<p>Lieferzeit 3-7 Tage<\/p>\n","protected":false},"excerpt":{"rendered":"<h3 class=\"pt-8 font-condensed font-bold text-3xl lg:text-4xl text-grey-8 uppercase leading-1\">BIS ANS LIMIT GETESTET<\/h3>\n<p><img loading=\"lazy\" decoding=\"async\" class=\"\" src=\"https:\/\/static.gingliders.com\/\/img\/gr-heated-gloves-ss2.jpg\" alt=\"Heated gloves\" width=\"412\" height=\"274\" \/><\/p>\n<p class=\"text-xl md:text-2xl lg:text-3xl leading-3 lg:leading-4 measure lg:measure-narrow pt-2 pb-0\">Und zwar von unseren Testpiloten, die in der extremen K\u00e4lte des koreanischen Winters fliegen. Die beheizten Handschuhe wurden speziell f\u00fcr den Gleitschirmsport entwickelt, sind langlebig, einfach zu bedienen und machen genau das, was sie sollen: die H\u00e4nde warm halten.<\/p>\n<p class=\"measure-wide mb-0\">Neben dem, was man normalerweise von einem Premium-Handschuh erwarten kann, bieten unsere beheizten Handschuhe einzigartige Vorteile:<\/p>\n<ul class=\"list-disc pl-4 py-2\">\n<li class=\"pb-1\">Langlebig dank dem bew\u00e4hrten Heizfilament-Design<\/li>\n<li class=\"pb-1\">Gleitschirm-spezifische Passform und W\u00e4rme bis in die Fingerspitzen<\/li>\n<li class=\"pb-1\">Einfache Regulierung der W\u00e4rme und Halteb\u00e4nder, damit die Handschuhe nicht verloren gehen<\/li>\n<\/ul>\n<div class=\"pt-2 lg:pb-8\">\n<p class=\"pt-2 font-bold\">Ein Leben lang Leistung<\/p>\n<p class=\"measure lg:measure-wide lg:leading-6\">Der empfindlichste Teil eines jeden beheizten Handschuhs ist der Heizfaden, der dem st\u00e4ndigen Biegen und Erhitzen standhalten muss. Das Filament in den GIN-Handschuhen wurde f\u00fcr den extremen Einsatz entwickelt und bei \u00fcber 200.000 Biegungen sowie unter kontinuierlicher Erw\u00e4rmung und Abk\u00fchlung getestet. Das Ergebnis ist eine sehr lange Lebensdauer mit zuverl\u00e4ssiger Heizleistung.<img decoding=\"async\" class=\"w-full mt-4\" src=\"https:\/\/www.gingliders.com\/de\/gear\/sportswear\/heated-gloves\/\" alt=\"\" \/><\/p>\n<p class=\"pt-2 font-bold\">Gleitschirmspezifisches Design und Passform<\/p>\n<p>Im Gegensatz zu einem Multisport-Handschuh erstreckt sich das Heizelement im GIN-Handschuh bis \u00fcber die Fingerspitzen.<\/p>\n<p>Dies sorgt f\u00fcr zus\u00e4tzliche W\u00e4rme dort, wo sie am meisten ben\u00f6tigt wird, was zu einer effizienteren Nutzung der Batterie f\u00fchrt.<\/p>\n<p>Das Leder wird an den Fingern nahtfrei \u00fcber die \u00fcber die Fingerspitzen gef\u00fchrt, was f\u00fcr zus\u00e4tzlichen Komfort und Haltbarkeit sorgt.<\/p>\n<p>&nbsp;<\/p>\n<\/div>\n<p>Mehr <a href=\"https:\/\/www.gingliders.com\/de\/gear\/sportswear\/heated-gloves\/\" target=\"_blank\" rel=\"noopener noreferrer\">Infos<\/a><\/p>\n<p>Lieferzeit 3-7 Tage<\/p>\n","protected":false},"featured_media":3769,"comment_status":"closed","ping_status":"closed","template":"","meta":[],"product_brand":[2603],"product_cat":[2022,1947,402],"product_tag":[918,1742,90],"class_list":{"0":"post-3767","1":"product","2":"type-product","3":"status-publish","4":"has-post-thumbnail","6":"product_brand-gin","7":"product_cat-gleitschirm-bekleidung","8":"product_cat-gleitschirm-handschuhe","9":"product_cat-gleitschirm-zubehoer","10":"product_tag-bekleidung","11":"product_tag-handschuhe","12":"product_tag-verkaufsartikel","13":"product_shipping_class-priority-2kg-de","15":"first","16":"instock","17":"sale","18":"shipping-taxable","19":"purchasable","20":"product-type-variable"},"yoast_head":"<!-- This site is optimized with the Yoast SEO Premium plugin v26.1 (Yoast SEO v27.3) - https:\/\/yoast.com\/product\/yoast-seo-premium-wordpress\/ -->\n<title>Gin Heizhandschuhe | Gleitschirmschule Thun, Bern, Interlaken<\/title>\n<meta name=\"description\" content=\"Gin Heated gloves BIS ANS LIMIT GETESTETUnd zwar von unseren Testpiloten, die in der extremen K\u00e4lte des koreanischen Winters fliegen. Die beheizten Handschuhe wurden speziell f\u00fcr den Gleitschirmsport entwickelt, sind langlebig, einfach zu bedienen und machen genau das, was sie sollen: die H\u00e4nde warm halten.Neben dem, was man normalerweise von einem Premium-Handschuh erwarten kann, bieten unsere beheizten Handschuhe einzigartige Vorteile:Langlebig dank dem bew\u00e4hrten Heizfilament-DesignGleitschirm-spezifische Passform und W\u00e4rme bis in die FingerspitzenEinfache Regulierung der W\u00e4rme und Halteb\u00e4nder, damit die Handschuhe nicht verloren gehen\" \/>\n<meta name=\"robots\" content=\"index, follow, max-snippet:-1, max-image-preview:large, max-video-preview:-1\" \/>\n<link rel=\"canonical\" href=\"https:\/\/swissgliders.ch\/de\/produkt\/beheizbare-handschuhe-von-gin-gliders\/\" \/>\n<meta property=\"og:locale\" content=\"de_DE\" \/>\n<meta property=\"og:type\" content=\"article\" \/>\n<meta property=\"og:title\" content=\"Gin Heizhandschuhe\" \/>\n<meta property=\"og:description\" content=\"Gin Heated gloves BIS ANS LIMIT GETESTETUnd zwar von unseren Testpiloten, die in der extremen K\u00e4lte des koreanischen Winters fliegen. Die beheizten Handschuhe wurden speziell f\u00fcr den Gleitschirmsport entwickelt, sind langlebig, einfach zu bedienen und machen genau das, was sie sollen: die H\u00e4nde warm halten.Neben dem, was man normalerweise von einem Premium-Handschuh erwarten kann, bieten unsere beheizten Handschuhe einzigartige Vorteile:Langlebig dank dem bew\u00e4hrten Heizfilament-DesignGleitschirm-spezifische Passform und W\u00e4rme bis in die FingerspitzenEinfache Regulierung der W\u00e4rme und Halteb\u00e4nder, damit die Handschuhe nicht verloren gehen\" \/>\n<meta property=\"og:url\" content=\"https:\/\/swissgliders.ch\/de\/produkt\/beheizbare-handschuhe-von-gin-gliders\/\" \/>\n<meta property=\"og:site_name\" content=\"Gleitschirmschule Thun, Bern, Interlaken\" \/>\n<meta property=\"article:publisher\" content=\"https:\/\/www.facebook.com\/swissgliders\" \/>\n<meta property=\"article:modified_time\" content=\"2026-03-01T11:13:35+00:00\" \/>\n<meta property=\"og:image\" content=\"https:\/\/swissgliders.ch\/wp-content\/uploads\/2019\/12\/gin-heated-gloves-ss2.jpg\" \/>\n\t<meta property=\"og:image:width\" content=\"770\" \/>\n\t<meta property=\"og:image:height\" content=\"512\" \/>\n\t<meta property=\"og:image:type\" content=\"image\/jpeg\" \/>\n<meta name=\"twitter:card\" content=\"summary_large_image\" \/>\n<meta name=\"twitter:site\" content=\"@Swissgliders\" \/>\n<meta name=\"twitter:label1\" content=\"Verf\u00fcgbarkeit\" \/>\n\t<meta name=\"twitter:data1\" content=\"Auf Lager\" \/>\n<script type=\"application\/ld+json\" class=\"yoast-schema-graph\">{\"@context\":\"https:\\\/\\\/schema.org\",\"@graph\":[{\"@type\":\"WebPage\",\"@id\":\"https:\\\/\\\/swissgliders.ch\\\/de\\\/produkt\\\/beheizbare-handschuhe-von-gin-gliders\\\/\",\"url\":\"https:\\\/\\\/swissgliders.ch\\\/de\\\/produkt\\\/beheizbare-handschuhe-von-gin-gliders\\\/\",\"name\":\"Gin Heizhandschuhe | Gleitschirmschule Thun, Bern, Interlaken\",\"isPartOf\":{\"@id\":\"https:\\\/\\\/swissgliders.ch\\\/de\\\/#website\"},\"primaryImageOfPage\":{\"@id\":\"https:\\\/\\\/swissgliders.ch\\\/de\\\/produkt\\\/beheizbare-handschuhe-von-gin-gliders\\\/#primaryimage\"},\"image\":{\"@id\":\"https:\\\/\\\/swissgliders.ch\\\/de\\\/produkt\\\/beheizbare-handschuhe-von-gin-gliders\\\/#primaryimage\"},\"thumbnailUrl\":\"https:\\\/\\\/swissgliders.ch\\\/wp-content\\\/uploads\\\/2019\\\/12\\\/gin-heated-gloves-ss2.jpg\",\"datePublished\":\"2019-12-25T10:38:56+00:00\",\"dateModified\":\"2026-03-01T11:13:35+00:00\",\"description\":\"Gin Heated gloves BIS ANS LIMIT GETESTETUnd zwar von unseren Testpiloten, die in der extremen K\u00e4lte des koreanischen Winters fliegen. Die beheizten Handschuhe wurden speziell f\u00fcr den Gleitschirmsport entwickelt, sind langlebig, einfach zu bedienen und machen genau das, was sie sollen: die H\u00e4nde warm halten.Neben dem, was man normalerweise von einem Premium-Handschuh erwarten kann, bieten unsere beheizten Handschuhe einzigartige Vorteile:Langlebig dank dem bew\u00e4hrten Heizfilament-DesignGleitschirm-spezifische Passform und W\u00e4rme bis in die FingerspitzenEinfache Regulierung der W\u00e4rme und Halteb\u00e4nder, damit die Handschuhe nicht verloren gehen\",\"breadcrumb\":{\"@id\":\"https:\\\/\\\/swissgliders.ch\\\/de\\\/produkt\\\/beheizbare-handschuhe-von-gin-gliders\\\/#breadcrumb\"},\"inLanguage\":\"de\",\"potentialAction\":[{\"@type\":\"ReadAction\",\"target\":[\"https:\\\/\\\/swissgliders.ch\\\/de\\\/produkt\\\/beheizbare-handschuhe-von-gin-gliders\\\/\"]}]},{\"@type\":\"ImageObject\",\"inLanguage\":\"de\",\"@id\":\"https:\\\/\\\/swissgliders.ch\\\/de\\\/produkt\\\/beheizbare-handschuhe-von-gin-gliders\\\/#primaryimage\",\"url\":\"https:\\\/\\\/swissgliders.ch\\\/wp-content\\\/uploads\\\/2019\\\/12\\\/gin-heated-gloves-ss2.jpg\",\"contentUrl\":\"https:\\\/\\\/swissgliders.ch\\\/wp-content\\\/uploads\\\/2019\\\/12\\\/gin-heated-gloves-ss2.jpg\",\"width\":770,\"height\":512,\"caption\":\"gin-heated-gloves\"},{\"@type\":\"BreadcrumbList\",\"@id\":\"https:\\\/\\\/swissgliders.ch\\\/de\\\/produkt\\\/beheizbare-handschuhe-von-gin-gliders\\\/#breadcrumb\",\"itemListElement\":[{\"@type\":\"ListItem\",\"position\":1,\"name\":\"Startseite\",\"item\":\"https:\\\/\\\/swissgliders.ch\\\/de\\\/willkommen\\\/\"},{\"@type\":\"ListItem\",\"position\":2,\"name\":\"Gleitschirm Shop\",\"item\":\"https:\\\/\\\/swissgliders.ch\\\/de\\\/gleitschirm-shop\\\/\"},{\"@type\":\"ListItem\",\"position\":3,\"name\":\"Gin Heizhandschuhe\"}]},{\"@type\":\"WebSite\",\"@id\":\"https:\\\/\\\/swissgliders.ch\\\/de\\\/#website\",\"url\":\"https:\\\/\\\/swissgliders.ch\\\/de\\\/\",\"name\":\"Gleitschirmschule Thun, Bern, Interlaken\",\"description\":\"Gleitschirmschule Thun, Bern, Interlaken\",\"publisher\":{\"@id\":\"https:\\\/\\\/swissgliders.ch\\\/de\\\/#organization\"},\"potentialAction\":[{\"@type\":\"SearchAction\",\"target\":{\"@type\":\"EntryPoint\",\"urlTemplate\":\"https:\\\/\\\/swissgliders.ch\\\/de\\\/?s={search_term_string}\"},\"query-input\":{\"@type\":\"PropertyValueSpecification\",\"valueRequired\":true,\"valueName\":\"search_term_string\"}}],\"inLanguage\":\"de\"},{\"@type\":\"Organization\",\"@id\":\"https:\\\/\\\/swissgliders.ch\\\/de\\\/#organization\",\"name\":\"Swissgliders Gleitschirmflugschule Thun\",\"url\":\"https:\\\/\\\/swissgliders.ch\\\/de\\\/\",\"logo\":{\"@type\":\"ImageObject\",\"inLanguage\":\"de\",\"@id\":\"https:\\\/\\\/swissgliders.ch\\\/de\\\/#\\\/schema\\\/logo\\\/image\\\/\",\"url\":\"https:\\\/\\\/swissgliders.ch\\\/wp-content\\\/uploads\\\/2019\\\/12\\\/swissgliders-logo-rgb-square-L-no-ch-01.png\",\"contentUrl\":\"https:\\\/\\\/swissgliders.ch\\\/wp-content\\\/uploads\\\/2019\\\/12\\\/swissgliders-logo-rgb-square-L-no-ch-01.png\",\"width\":2500,\"height\":2500,\"caption\":\"Swissgliders Gleitschirmflugschule Thun\"},\"image\":{\"@id\":\"https:\\\/\\\/swissgliders.ch\\\/de\\\/#\\\/schema\\\/logo\\\/image\\\/\"},\"sameAs\":[\"https:\\\/\\\/www.facebook.com\\\/swissgliders\",\"https:\\\/\\\/x.com\\\/Swissgliders\",\"https:\\\/\\\/www.instagram.com\\\/swissgliders\\\/\",\"https:\\\/\\\/www.youtube.com\\\/channel\\\/UCMCtGdepy9vBhrhX3V_oJOA\"],\"hasMerchantReturnPolicy\":{\"@type\":\"MerchantReturnPolicy\",\"merchantReturnLink\":\"https:\\\/\\\/swissgliders.ch\\\/de\\\/allgemeine-geschaftsbedingungen\\\/\"}}]}<\/script>\n<meta property=\"og:availability\" content=\"instock\" \/>\n<meta property=\"product:availability\" content=\"instock\" \/>\n<meta property=\"product:condition\" content=\"new\" \/>\n<!-- \/ Yoast SEO Premium plugin. -->","yoast_head_json":{"title":"Gin Heizhandschuhe | Gleitschirmschule Thun, Bern, Interlaken","description":"Gin Heated gloves BIS ANS LIMIT GETESTETUnd zwar von unseren Testpiloten, die in der extremen K\u00e4lte des koreanischen Winters fliegen. Die beheizten Handschuhe wurden speziell f\u00fcr den Gleitschirmsport entwickelt, sind langlebig, einfach zu bedienen und machen genau das, was sie sollen: die H\u00e4nde warm halten.Neben dem, was man normalerweise von einem Premium-Handschuh erwarten kann, bieten unsere beheizten Handschuhe einzigartige Vorteile:Langlebig dank dem bew\u00e4hrten Heizfilament-DesignGleitschirm-spezifische Passform und W\u00e4rme bis in die FingerspitzenEinfache Regulierung der W\u00e4rme und Halteb\u00e4nder, damit die Handschuhe nicht verloren gehen","robots":{"index":"index","follow":"follow","max-snippet":"max-snippet:-1","max-image-preview":"max-image-preview:large","max-video-preview":"max-video-preview:-1"},"canonical":"https:\/\/swissgliders.ch\/de\/produkt\/beheizbare-handschuhe-von-gin-gliders\/","og_locale":"de_DE","og_type":"article","og_title":"Gin Heizhandschuhe","og_description":"Gin Heated gloves BIS ANS LIMIT GETESTETUnd zwar von unseren Testpiloten, die in der extremen K\u00e4lte des koreanischen Winters fliegen. Die beheizten Handschuhe wurden speziell f\u00fcr den Gleitschirmsport entwickelt, sind langlebig, einfach zu bedienen und machen genau das, was sie sollen: die H\u00e4nde warm halten.Neben dem, was man normalerweise von einem Premium-Handschuh erwarten kann, bieten unsere beheizten Handschuhe einzigartige Vorteile:Langlebig dank dem bew\u00e4hrten Heizfilament-DesignGleitschirm-spezifische Passform und W\u00e4rme bis in die FingerspitzenEinfache Regulierung der W\u00e4rme und Halteb\u00e4nder, damit die Handschuhe nicht verloren gehen","og_url":"https:\/\/swissgliders.ch\/de\/produkt\/beheizbare-handschuhe-von-gin-gliders\/","og_site_name":"Gleitschirmschule Thun, Bern, Interlaken","article_publisher":"https:\/\/www.facebook.com\/swissgliders","article_modified_time":"2026-03-01T11:13:35+00:00","og_image":[{"width":770,"height":512,"url":"https:\/\/swissgliders.ch\/wp-content\/uploads\/2019\/12\/gin-heated-gloves-ss2.jpg","type":"image\/jpeg"}],"twitter_card":"summary_large_image","twitter_site":"@Swissgliders","twitter_misc":{"Verf\u00fcgbarkeit":"Auf Lager"},"schema":{"@context":"https:\/\/schema.org","@graph":[{"@type":"WebPage","@id":"https:\/\/swissgliders.ch\/de\/produkt\/beheizbare-handschuhe-von-gin-gliders\/","url":"https:\/\/swissgliders.ch\/de\/produkt\/beheizbare-handschuhe-von-gin-gliders\/","name":"Gin Heizhandschuhe | Gleitschirmschule Thun, Bern, Interlaken","isPartOf":{"@id":"https:\/\/swissgliders.ch\/de\/#website"},"primaryImageOfPage":{"@id":"https:\/\/swissgliders.ch\/de\/produkt\/beheizbare-handschuhe-von-gin-gliders\/#primaryimage"},"image":{"@id":"https:\/\/swissgliders.ch\/de\/produkt\/beheizbare-handschuhe-von-gin-gliders\/#primaryimage"},"thumbnailUrl":"https:\/\/swissgliders.ch\/wp-content\/uploads\/2019\/12\/gin-heated-gloves-ss2.jpg","datePublished":"2019-12-25T10:38:56+00:00","dateModified":"2026-03-01T11:13:35+00:00","description":"Gin Heated gloves BIS ANS LIMIT GETESTETUnd zwar von unseren Testpiloten, die in der extremen K\u00e4lte des koreanischen Winters fliegen. Die beheizten Handschuhe wurden speziell f\u00fcr den Gleitschirmsport entwickelt, sind langlebig, einfach zu bedienen und machen genau das, was sie sollen: die H\u00e4nde warm halten.Neben dem, was man normalerweise von einem Premium-Handschuh erwarten kann, bieten unsere beheizten Handschuhe einzigartige Vorteile:Langlebig dank dem bew\u00e4hrten Heizfilament-DesignGleitschirm-spezifische Passform und W\u00e4rme bis in die FingerspitzenEinfache Regulierung der W\u00e4rme und Halteb\u00e4nder, damit die Handschuhe nicht verloren gehen","breadcrumb":{"@id":"https:\/\/swissgliders.ch\/de\/produkt\/beheizbare-handschuhe-von-gin-gliders\/#breadcrumb"},"inLanguage":"de","potentialAction":[{"@type":"ReadAction","target":["https:\/\/swissgliders.ch\/de\/produkt\/beheizbare-handschuhe-von-gin-gliders\/"]}]},{"@type":"ImageObject","inLanguage":"de","@id":"https:\/\/swissgliders.ch\/de\/produkt\/beheizbare-handschuhe-von-gin-gliders\/#primaryimage","url":"https:\/\/swissgliders.ch\/wp-content\/uploads\/2019\/12\/gin-heated-gloves-ss2.jpg","contentUrl":"https:\/\/swissgliders.ch\/wp-content\/uploads\/2019\/12\/gin-heated-gloves-ss2.jpg","width":770,"height":512,"caption":"gin-heated-gloves"},{"@type":"BreadcrumbList","@id":"https:\/\/swissgliders.ch\/de\/produkt\/beheizbare-handschuhe-von-gin-gliders\/#breadcrumb","itemListElement":[{"@type":"ListItem","position":1,"name":"Startseite","item":"https:\/\/swissgliders.ch\/de\/willkommen\/"},{"@type":"ListItem","position":2,"name":"Gleitschirm Shop","item":"https:\/\/swissgliders.ch\/de\/gleitschirm-shop\/"},{"@type":"ListItem","position":3,"name":"Gin Heizhandschuhe"}]},{"@type":"WebSite","@id":"https:\/\/swissgliders.ch\/de\/#website","url":"https:\/\/swissgliders.ch\/de\/","name":"Gleitschirmschule Thun, Bern, Interlaken","description":"Gleitschirmschule Thun, Bern, Interlaken","publisher":{"@id":"https:\/\/swissgliders.ch\/de\/#organization"},"potentialAction":[{"@type":"SearchAction","target":{"@type":"EntryPoint","urlTemplate":"https:\/\/swissgliders.ch\/de\/?s={search_term_string}"},"query-input":{"@type":"PropertyValueSpecification","valueRequired":true,"valueName":"search_term_string"}}],"inLanguage":"de"},{"@type":"Organization","@id":"https:\/\/swissgliders.ch\/de\/#organization","name":"Swissgliders Gleitschirmflugschule Thun","url":"https:\/\/swissgliders.ch\/de\/","logo":{"@type":"ImageObject","inLanguage":"de","@id":"https:\/\/swissgliders.ch\/de\/#\/schema\/logo\/image\/","url":"https:\/\/swissgliders.ch\/wp-content\/uploads\/2019\/12\/swissgliders-logo-rgb-square-L-no-ch-01.png","contentUrl":"https:\/\/swissgliders.ch\/wp-content\/uploads\/2019\/12\/swissgliders-logo-rgb-square-L-no-ch-01.png","width":2500,"height":2500,"caption":"Swissgliders Gleitschirmflugschule Thun"},"image":{"@id":"https:\/\/swissgliders.ch\/de\/#\/schema\/logo\/image\/"},"sameAs":["https:\/\/www.facebook.com\/swissgliders","https:\/\/x.com\/Swissgliders","https:\/\/www.instagram.com\/swissgliders\/","https:\/\/www.youtube.com\/channel\/UCMCtGdepy9vBhrhX3V_oJOA"],"hasMerchantReturnPolicy":{"@type":"MerchantReturnPolicy","merchantReturnLink":"https:\/\/swissgliders.ch\/de\/allgemeine-geschaftsbedingungen\/"}}]},"og_availability":"instock","product_availability":"instock","product_condition":"new"},"_links":{"self":[{"href":"https:\/\/swissgliders.ch\/de\/wp-json\/wp\/v2\/product\/3767","targetHints":{"allow":["GET"]}}],"collection":[{"href":"https:\/\/swissgliders.ch\/de\/wp-json\/wp\/v2\/product"}],"about":[{"href":"https:\/\/swissgliders.ch\/de\/wp-json\/wp\/v2\/types\/product"}],"replies":[{"embeddable":true,"href":"https:\/\/swissgliders.ch\/de\/wp-json\/wp\/v2\/comments?post=3767"}],"wp:featuredmedia":[{"embeddable":true,"href":"https:\/\/swissgliders.ch\/de\/wp-json\/wp\/v2\/media\/3769"}],"wp:attachment":[{"href":"https:\/\/swissgliders.ch\/de\/wp-json\/wp\/v2\/media?parent=3767"}],"wp:term":[{"taxonomy":"product_brand","embeddable":true,"href":"https:\/\/swissgliders.ch\/de\/wp-json\/wp\/v2\/product_brand?post=3767"},{"taxonomy":"product_cat","embeddable":true,"href":"https:\/\/swissgliders.ch\/de\/wp-json\/wp\/v2\/product_cat?post=3767"},{"taxonomy":"product_tag","embeddable":true,"href":"https:\/\/swissgliders.ch\/de\/wp-json\/wp\/v2\/product_tag?post=3767"}],"curies":[{"name":"wp","href":"https:\/\/api.w.org\/{rel}","templated":true}]}}