{"id":3786,"date":"2019-12-28T16:53:58","date_gmt":"2019-12-28T15:53:58","guid":{"rendered":"https:\/\/swissgliders.ch\/?post_type=product&#038;p=3786"},"modified":"2025-11-06T15:36:54","modified_gmt":"2025-11-06T14:36:54","slug":"skyparagliding-reverse-5","status":"publish","type":"product","link":"https:\/\/swissgliders.ch\/de\/produkt\/skyparagliding-reverse-5\/","title":{"rendered":"Sky Paragliding Reverse 5"},"content":{"rendered":"<h3><br class=\"avia-permanent-lb\" \/>Sky Paragliding glaubt an praktische, effiziente L\u00f6sungen die anwenderfreundlich, sicher und bequem sind.<\/h3>\n<h3><br class=\"avia-permanent-lb\" \/>Mit diesem Gedanken haben sie das REVERSE 5 entwickelt; ein Wendegurtzeug als idealen Begleiter f\u00fcr Biwakfl\u00fcge, Hike &amp; Fly oder Reisen, die dank der Wandlungsf\u00e4higkeit vom Gurtzeug in einen komfortablen Rucksack ganz entspannt sein werden. <br class=\"avia-permanent-lb\" \/><br class=\"avia-permanent-lb\" \/><\/h3>\n<p><img loading=\"lazy\" decoding=\"async\" class=\"\" src=\"https:\/\/sky-cz.com\/data\/filecache\/a0\/@1920x0\/DSC_0205new.jpg\" width=\"330\" height=\"495\" \/><\/p>\n<p>&nbsp;<\/p>\n<p>Das\u00a0<strong>REVERSE 5<\/strong>\u00a0ist ein neues EN\/LTF-mustergepr\u00fcftes Wendegurtzeug, das Ihrer Flugausr\u00fcstung einzigartige technische L\u00f6sungen und einen neuen Level von Flug- wie Tragekomfort hinzuf\u00fcgt.<\/p>\n<p>Es eignet sich am besten f\u00fcr Piloten, die st\u00e4ndig in Bewegung sind; ob nun auf Biwakfl\u00fcgen, bei Walk &amp; Fly oder beim h\u00e4ufigen Fliegen am Lieblingsstartplatz.<\/p>\n<p><strong> <br class=\"avia-permanent-lb\" \/>Was lieben die Piloten am REVERSE 5?<\/strong><\/p>\n<ul>\n<li>Es ist einfach und innerhalb von Sekunden vom Gurtzeug zum bequemen Rucksack zu wenden.<\/li>\n<li>Der Airbag ist effizient und dank Nylonverst\u00e4rkungen schon vor dem Start vorbef\u00fcllt.<\/li>\n<li>Es ist mit 2,95 kg in Gr\u00f6\u00dfe M sehr leicht (inkl. CarbonSitzbrett, Karabiner und Speedsystem). Packen Sie einen\u00a0<a href=\"https:\/\/sky-cz.com\/de\/kea2\">KEA 2<\/a>\u00a0(2,95 kg in M) und eine\u00a0<a href=\"https:\/\/sky-cz.com\/de\/sky-lite\">SKY LITE L<\/a>\u00a0Rettung (1,2 kg) dazu und sie haben eine Flugausr\u00fcstung mit gerade mal 7,1 kg!<\/li>\n<li>Das Hineinsetzen nach dem Start funktioniert einfach und selbstverst\u00e4ndlich.<\/li>\n<\/ul>\n<p>Das\u00a0<strong>REVERSE 5<\/strong>\u00a0wird in den Gr\u00f6\u00dfen S, M, L und XL angeboten, bitte konsultieren Sie die Gr\u00f6\u00dfentabelle. Die Wahl der korrekten Gr\u00f6\u00dfe des Gurtzeugs ist ma\u00dfgeblich f\u00fcr den Komfort des Piloten im Flug verantwortlich weshalb wir ein Testen des Gurtzeugs vor dem Kauf empfehlen. Ihr SKY-H\u00e4ndler ber\u00e4t Sie gerne. <br class=\"avia-permanent-lb\" \/><br class=\"avia-permanent-lb\" \/><\/p>\n<p><strong>Haupteigenschaften Gurtzeug<\/strong><\/p>\n<ul>\n<li>gro\u00dfe Seitentaschen, die im Flug leicht zu erreichen sind.<\/li>\n<li>CarbonSitzbrett f\u00fcr weiche und komfortable Gewichtssteuerung<\/li>\n<li>Ein gro\u00dfes Rucksackfach f\u00fcr alles, was mit muss. Das Gep\u00e4cksfach kann im CARGO MODE erweitert werden und bietet dann zus\u00e4tzlichen Stauraum f\u00fcr Biwakfl\u00fcge.<\/li>\n<li>Gro\u00dfes Retterfach, das auch gr\u00f6\u00dfere Rettungsschirme aufnimmt.<\/li>\n<li>ABS (Anti Balancing System) f\u00fcr Sicherheit und Komfort im Flug. <br class=\"avia-permanent-lb\" \/><br class=\"avia-permanent-lb\" \/><\/li>\n<\/ul>\n<p><strong>Haupteigenschaften Airbag<\/strong><\/p>\n<ul>\n<li>h\u00f6chst effizenter LTFzertifizierter Airbag<\/li>\n<li>Nylonst\u00e4bchen sorgen f\u00fcr eine Vorbef\u00fcllung und bieten damit auch maximale Sicherheit, wenn am Start mal etwas schiefgeht. <br class=\"avia-permanent-lb\" \/><br class=\"avia-permanent-lb\" \/><\/li>\n<\/ul>\n<p><strong>Haupteigenschaften Rucksack<\/strong><\/p>\n<ul>\n<li>in den Rucksack passen ein Standardschirm, Helm und die \u00fcbliche Ausr\u00fcstung. Zus\u00e4tzlich l\u00e4sst sich das Volumen im CARGO MODE betr\u00e4chtlich erweitern, was im Rucksack sowie im Gurtzeugmodus nutzbar ist. Dieses Feature werden Sie lieben, wenn einmal mehr eingepackt werden muss als sonst.<\/li>\n<li>ergonomischer Schnitt und gepolsterte, bel\u00fcftete R\u00fcckenplatte<\/li>\n<li>vier Kompressionsgurte halten das Volumen so klein wie m\u00f6glich<\/li>\n<li>zwei gro\u00dfe seitliche Netztaschen nehmen einen kleinen Camelbag auf<\/li>\n<li>im H\u00fcftgurt befindet sich eine Tasche mit Reissverschluss f\u00fcr all die kleinen Dinge<\/li>\n<li>ergonomische Schultergurte mit Brustgurt<\/li>\n<\/ul>\n<p><br class=\"avia-permanent-lb\" \/><br class=\"avia-permanent-lb\" \/><strong>Technische Daten<\/strong><\/p>\n<table>\n<tbody>\n<tr>\n<td><strong>REVERSE 5<\/strong><\/td>\n<td><strong>S<\/strong><\/td>\n<td><strong>M<\/strong><\/td>\n<td><strong>L<\/strong><\/td>\n<td><strong>XL<\/strong><\/td>\n<\/tr>\n<tr>\n<td>Ungef\u00e4hre Piloth\u00f6he (cm)<\/td>\n<td>152-168<\/td>\n<td>163-183<\/td>\n<td>175-195<\/td>\n<td>185-210<\/td>\n<\/tr>\n<tr>\n<td>Breite der Sitzplatte (cm)<\/td>\n<td>32<\/td>\n<td>34<\/td>\n<td>36.5<\/td>\n<td>39<\/td>\n<\/tr>\n<tr>\n<td>Sitztiefe (cm)<\/td>\n<td>35<\/td>\n<td>37,5<\/td>\n<td>40<\/td>\n<td>41,5<\/td>\n<\/tr>\n<tr>\n<td>H\u00f6he des Scharniers (cm)<\/td>\n<td>42<\/td>\n<td>45<\/td>\n<td>48<\/td>\n<td>51<\/td>\n<\/tr>\n<tr>\n<td>L\u00e4nge des Piloten zur\u00fcck (cm)<\/td>\n<td>37-43<\/td>\n<td>40-46<\/td>\n<td>43-49<\/td>\n<td>46-52<\/td>\n<\/tr>\n<tr>\n<td>Gewicht des Sitzes* (kg)<\/td>\n<td>2,7<\/td>\n<td>2,95<\/td>\n<td>3,15<\/td>\n<td>3,4<\/td>\n<\/tr>\n<tr>\n<td>Zertifizierung<\/td>\n<td colspan=\"4\" rowspan=\"1\">\u00a0EN \/ LTF<\/td>\n<\/tr>\n<\/tbody>\n<\/table>\n<p><br class=\"avia-permanent-lb\" \/><br class=\"avia-permanent-lb\" \/><\/p>\n<p><strong>Lieferumfang:<\/strong><\/p>\n<ul>\n<li><a href=\"https:\/\/sky-cz.com\/de\/hauptkarabiner30mm\">Sky Paragliders 30 mm TwistLockKarabiner<\/a><\/li>\n<li>Service Kit \u2013 als Hilfe f\u00fcr das Schlie\u00dfen des Rettungscontainers<\/li>\n<li><a href=\"https:\/\/sky-cz.com\/de\/speed-system---standard\">Speedsystem<\/a><\/li>\n<li>Notschirmgriff<\/li>\n<li>V Verbindungsleine<\/li>\n<li>CarbonSitzbrett<\/li>\n<\/ul>\n<p><br class=\"avia-permanent-lb\" \/><br class=\"avia-permanent-lb\" \/>Mehr\u00a0<a href=\"https:\/\/sky-cz.com\/de\/reverse5\" target=\"_blank\" rel=\"noopener\">Infos<\/a><\/p>\n<p>Falls dieser Artikel nicht an Lager ist, wird er f\u00fcr dich bestellt. Lieferfrist auf Anfrage.<\/p>\n","protected":false},"excerpt":{"rendered":"<h3><br class=\"avia-permanent-lb\" \/>Sky Paragliding glaubt an praktische, effiziente L\u00f6sungen die anwenderfreundlich, sicher und bequem sind.<\/h3>\n<h3><br class=\"avia-permanent-lb\" \/>Mit diesem Gedanken haben sie das REVERSE 5 entwickelt; ein Wendegurtzeug als idealen Begleiter f\u00fcr Biwakfl\u00fcge, Hike &amp; Fly oder Reisen, die dank der Wandlungsf\u00e4higkeit vom Gurtzeug in einen komfortablen Rucksack ganz entspannt sein werden. <br class=\"avia-permanent-lb\" \/><br class=\"avia-permanent-lb\" \/><\/h3>\n<p><img loading=\"lazy\" decoding=\"async\" class=\"\" src=\"https:\/\/sky-cz.com\/data\/filecache\/a0\/@1920x0\/DSC_0205new.jpg\" width=\"330\" height=\"495\" \/><\/p>\n<p>&nbsp;<\/p>\n<p>Das\u00a0<strong>REVERSE 5<\/strong>\u00a0ist ein neues EN\/LTF-mustergepr\u00fcftes Wendegurtzeug, das Ihrer Flugausr\u00fcstung einzigartige technische L\u00f6sungen und einen neuen Level von Flug- wie Tragekomfort hinzuf\u00fcgt.<\/p>\n<p>Es eignet sich am besten f\u00fcr Piloten, die st\u00e4ndig in Bewegung sind; ob nun auf Biwakfl\u00fcgen, bei Walk &amp; Fly oder beim h\u00e4ufigen Fliegen am Lieblingsstartplatz.<\/p>\n<p><strong> <br class=\"avia-permanent-lb\" \/>Was lieben die Piloten am REVERSE 5?<\/strong><\/p>\n<ul>\n<li>Es ist einfach und innerhalb von Sekunden vom Gurtzeug zum bequemen Rucksack zu wenden.<\/li>\n<li>Der Airbag ist effizient und dank Nylonverst\u00e4rkungen schon vor dem Start vorbef\u00fcllt.<\/li>\n<li>Es ist mit 2,95 kg in Gr\u00f6\u00dfe M sehr leicht (inkl. CarbonSitzbrett, Karabiner und Speedsystem). Packen Sie einen\u00a0<a href=\"https:\/\/sky-cz.com\/de\/kea2\">KEA 2<\/a>\u00a0(2,95 kg in M) und eine\u00a0<a href=\"https:\/\/sky-cz.com\/de\/sky-lite\">SKY LITE L<\/a>\u00a0Rettung (1,2 kg) dazu und sie haben eine Flugausr\u00fcstung mit gerade mal 7,1 kg!<\/li>\n<li>Das Hineinsetzen nach dem Start funktioniert einfach und selbstverst\u00e4ndlich.<\/li>\n<\/ul>\n<p>Das\u00a0<strong>REVERSE 5<\/strong>\u00a0wird in den Gr\u00f6\u00dfen S, M, L und XL angeboten, bitte konsultieren Sie die Gr\u00f6\u00dfentabelle. Die Wahl der korrekten Gr\u00f6\u00dfe des Gurtzeugs ist ma\u00dfgeblich f\u00fcr den Komfort des Piloten im Flug verantwortlich weshalb wir ein Testen des Gurtzeugs vor dem Kauf empfehlen. Ihr SKY-H\u00e4ndler ber\u00e4t Sie gerne. <br class=\"avia-permanent-lb\" \/><br class=\"avia-permanent-lb\" \/><\/p>\n<p><strong>Haupteigenschaften Gurtzeug<\/strong><\/p>\n<ul>\n<li>gro\u00dfe Seitentaschen, die im Flug leicht zu erreichen sind.<\/li>\n<li>CarbonSitzbrett f\u00fcr weiche und komfortable Gewichtssteuerung<\/li>\n<li>Ein gro\u00dfes Rucksackfach f\u00fcr alles, was mit muss. Das Gep\u00e4cksfach kann im CARGO MODE erweitert werden und bietet dann zus\u00e4tzlichen Stauraum f\u00fcr Biwakfl\u00fcge.<\/li>\n<li>Gro\u00dfes Retterfach, das auch gr\u00f6\u00dfere Rettungsschirme aufnimmt.<\/li>\n<li>ABS (Anti Balancing System) f\u00fcr Sicherheit und Komfort im Flug. <br class=\"avia-permanent-lb\" \/><br class=\"avia-permanent-lb\" \/><\/li>\n<\/ul>\n<p><strong>Haupteigenschaften Airbag<\/strong><\/p>\n<ul>\n<li>h\u00f6chst effizenter LTFzertifizierter Airbag<\/li>\n<li>Nylonst\u00e4bchen sorgen f\u00fcr eine Vorbef\u00fcllung und bieten damit auch maximale Sicherheit, wenn am Start mal etwas schiefgeht. <br class=\"avia-permanent-lb\" \/><br class=\"avia-permanent-lb\" \/><\/li>\n<\/ul>\n<p><strong>Haupteigenschaften Rucksack<\/strong><\/p>\n<ul>\n<li>in den Rucksack passen ein Standardschirm, Helm und die \u00fcbliche Ausr\u00fcstung. Zus\u00e4tzlich l\u00e4sst sich das Volumen im CARGO MODE betr\u00e4chtlich erweitern, was im Rucksack sowie im Gurtzeugmodus nutzbar ist. Dieses Feature werden Sie lieben, wenn einmal mehr eingepackt werden muss als sonst.<\/li>\n<li>ergonomischer Schnitt und gepolsterte, bel\u00fcftete R\u00fcckenplatte<\/li>\n<li>vier Kompressionsgurte halten das Volumen so klein wie m\u00f6glich<\/li>\n<li>zwei gro\u00dfe seitliche Netztaschen nehmen einen kleinen Camelbag auf<\/li>\n<li>im H\u00fcftgurt befindet sich eine Tasche mit Reissverschluss f\u00fcr all die kleinen Dinge<\/li>\n<li>ergonomische Schultergurte mit Brustgurt<\/li>\n<\/ul>\n<p><br class=\"avia-permanent-lb\" \/><br class=\"avia-permanent-lb\" \/><strong>Technische Daten<\/strong><\/p>\n<table>\n<tbody>\n<tr>\n<td><strong>REVERSE 5<\/strong><\/td>\n<td><strong>S<\/strong><\/td>\n<td><strong>M<\/strong><\/td>\n<td><strong>L<\/strong><\/td>\n<td><strong>XL<\/strong><\/td>\n<\/tr>\n<tr>\n<td>Ungef\u00e4hre Piloth\u00f6he (cm)<\/td>\n<td>152-168<\/td>\n<td>163-183<\/td>\n<td>175-195<\/td>\n<td>185-210<\/td>\n<\/tr>\n<tr>\n<td>Breite der Sitzplatte (cm)<\/td>\n<td>32<\/td>\n<td>34<\/td>\n<td>36.5<\/td>\n<td>39<\/td>\n<\/tr>\n<tr>\n<td>Sitztiefe (cm)<\/td>\n<td>35<\/td>\n<td>37,5<\/td>\n<td>40<\/td>\n<td>41,5<\/td>\n<\/tr>\n<tr>\n<td>H\u00f6he des Scharniers (cm)<\/td>\n<td>42<\/td>\n<td>45<\/td>\n<td>48<\/td>\n<td>51<\/td>\n<\/tr>\n<tr>\n<td>L\u00e4nge des Piloten zur\u00fcck (cm)<\/td>\n<td>37-43<\/td>\n<td>40-46<\/td>\n<td>43-49<\/td>\n<td>46-52<\/td>\n<\/tr>\n<tr>\n<td>Gewicht des Sitzes* (kg)<\/td>\n<td>2,7<\/td>\n<td>2,95<\/td>\n<td>3,15<\/td>\n<td>3,4<\/td>\n<\/tr>\n<tr>\n<td>Zertifizierung<\/td>\n<td colspan=\"4\" rowspan=\"1\">\u00a0EN \/ LTF<\/td>\n<\/tr>\n<\/tbody>\n<\/table>\n<p><br class=\"avia-permanent-lb\" \/><br class=\"avia-permanent-lb\" \/><\/p>\n<p><strong>Lieferumfang:<\/strong><\/p>\n<ul>\n<li><a href=\"https:\/\/sky-cz.com\/de\/hauptkarabiner30mm\">Sky Paragliders 30 mm TwistLockKarabiner<\/a><\/li>\n<li>Service Kit \u2013 als Hilfe f\u00fcr das Schlie\u00dfen des Rettungscontainers<\/li>\n<li><a href=\"https:\/\/sky-cz.com\/de\/speed-system---standard\">Speedsystem<\/a><\/li>\n<li>Notschirmgriff<\/li>\n<li>V Verbindungsleine<\/li>\n<li>CarbonSitzbrett<\/li>\n<\/ul>\n<p><br class=\"avia-permanent-lb\" \/><br class=\"avia-permanent-lb\" \/>Mehr\u00a0<a href=\"https:\/\/sky-cz.com\/de\/reverse5\" target=\"_blank\" rel=\"noopener\">Infos<\/a><\/p>\n<p>Falls dieser Artikel nicht an Lager ist, wird er f\u00fcr dich bestellt. Lieferfrist auf Anfrage.<\/p>\n","protected":false},"featured_media":3788,"comment_status":"closed","ping_status":"closed","template":"","meta":[],"product_brand":[2609],"product_cat":[1042],"product_tag":[90,998],"class_list":{"0":"post-3786","1":"product","2":"type-product","3":"status-publish","4":"has-post-thumbnail","6":"product_brand-sky-paragliders","7":"product_cat-gleitschirm-wendegurtzeuge","8":"product_tag-verkaufsartikel","9":"product_tag-wendegurtzeug","10":"product_shipping_class-priority-10kg-de","12":"first","13":"instock","14":"sale","15":"shipping-taxable","16":"purchasable","17":"product-type-variable"},"yoast_head":"<!-- This site is optimized with the Yoast SEO Premium plugin v26.1 (Yoast SEO v27.3) - https:\/\/yoast.com\/product\/yoast-seo-premium-wordpress\/ -->\n<title>Sky Paragliding Reverse 5 | Gleitschirmschule Thun, Bern, Interlaken<\/title>\n<meta name=\"description\" content=\"Das Wendegurtzeug Reverse 5 von Sky Paragliders Wir glauben an praktische, effiziente L\u00f6sungen die anwenderfreundlich, sicher und bequem sind. Mit diesem Gedanken haben wir das REVERSE 5 entwickelt; ein Wendegurtzeug als idealen Begleiter f\u00fcr Biwakfl\u00fcge, Walk &amp; Fly oder Reisen, die dank der Wandlungsf\u00e4higkeit vom Gurtzeug in einen komfortablen Rucksack ganz entspannt sein werden.\" \/>\n<meta name=\"robots\" content=\"index, follow, max-snippet:-1, max-image-preview:large, max-video-preview:-1\" \/>\n<link rel=\"canonical\" href=\"https:\/\/swissgliders.ch\/de\/produkt\/skyparagliding-reverse-5\/\" \/>\n<meta property=\"og:locale\" content=\"de_DE\" \/>\n<meta property=\"og:type\" content=\"article\" \/>\n<meta property=\"og:title\" content=\"Sky Paragliding Reverse 5\" \/>\n<meta property=\"og:description\" content=\"Das Wendegurtzeug Reverse 5 von Sky Paragliders Wir glauben an praktische, effiziente L\u00f6sungen die anwenderfreundlich, sicher und bequem sind. Mit diesem Gedanken haben wir das REVERSE 5 entwickelt; ein Wendegurtzeug als idealen Begleiter f\u00fcr Biwakfl\u00fcge, Walk &amp; Fly oder Reisen, die dank der Wandlungsf\u00e4higkeit vom Gurtzeug in einen komfortablen Rucksack ganz entspannt sein werden.\" \/>\n<meta property=\"og:url\" content=\"https:\/\/swissgliders.ch\/de\/produkt\/skyparagliding-reverse-5\/\" \/>\n<meta property=\"og:site_name\" content=\"Gleitschirmschule Thun, Bern, Interlaken\" \/>\n<meta property=\"article:publisher\" content=\"https:\/\/www.facebook.com\/swissgliders\" \/>\n<meta property=\"article:modified_time\" content=\"2025-11-06T14:36:54+00:00\" \/>\n<meta property=\"og:image\" content=\"https:\/\/swissgliders.ch\/wp-content\/uploads\/2019\/12\/sky-reverse5-sitzgurtzeug.jpg\" \/>\n\t<meta property=\"og:image:width\" content=\"2000\" \/>\n\t<meta property=\"og:image:height\" content=\"1333\" \/>\n\t<meta property=\"og:image:type\" content=\"image\/jpeg\" \/>\n<meta name=\"twitter:card\" content=\"summary_large_image\" \/>\n<meta name=\"twitter:site\" content=\"@Swissgliders\" \/>\n<meta name=\"twitter:label1\" content=\"Verf\u00fcgbarkeit\" \/>\n\t<meta name=\"twitter:data1\" content=\"Auf Lager\" \/>\n<script type=\"application\/ld+json\" class=\"yoast-schema-graph\">{\"@context\":\"https:\\\/\\\/schema.org\",\"@graph\":[{\"@type\":\"WebPage\",\"@id\":\"https:\\\/\\\/swissgliders.ch\\\/de\\\/produkt\\\/skyparagliding-reverse-5\\\/\",\"url\":\"https:\\\/\\\/swissgliders.ch\\\/de\\\/produkt\\\/skyparagliding-reverse-5\\\/\",\"name\":\"Sky Paragliding Reverse 5 | Gleitschirmschule Thun, Bern, Interlaken\",\"isPartOf\":{\"@id\":\"https:\\\/\\\/swissgliders.ch\\\/de\\\/#website\"},\"primaryImageOfPage\":{\"@id\":\"https:\\\/\\\/swissgliders.ch\\\/de\\\/produkt\\\/skyparagliding-reverse-5\\\/#primaryimage\"},\"image\":{\"@id\":\"https:\\\/\\\/swissgliders.ch\\\/de\\\/produkt\\\/skyparagliding-reverse-5\\\/#primaryimage\"},\"thumbnailUrl\":\"https:\\\/\\\/swissgliders.ch\\\/wp-content\\\/uploads\\\/2019\\\/12\\\/sky-reverse5-sitzgurtzeug.jpg\",\"datePublished\":\"2019-12-28T15:53:58+00:00\",\"dateModified\":\"2025-11-06T14:36:54+00:00\",\"description\":\"Das Wendegurtzeug Reverse 5 von Sky Paragliders Wir glauben an praktische, effiziente L\u00f6sungen die anwenderfreundlich, sicher und bequem sind. Mit diesem Gedanken haben wir das REVERSE 5 entwickelt; ein Wendegurtzeug als idealen Begleiter f\u00fcr Biwakfl\u00fcge, Walk & Fly oder Reisen, die dank der Wandlungsf\u00e4higkeit vom Gurtzeug in einen komfortablen Rucksack ganz entspannt sein werden.\",\"breadcrumb\":{\"@id\":\"https:\\\/\\\/swissgliders.ch\\\/de\\\/produkt\\\/skyparagliding-reverse-5\\\/#breadcrumb\"},\"inLanguage\":\"de\",\"potentialAction\":[{\"@type\":\"ReadAction\",\"target\":[\"https:\\\/\\\/swissgliders.ch\\\/de\\\/produkt\\\/skyparagliding-reverse-5\\\/\"]}]},{\"@type\":\"ImageObject\",\"inLanguage\":\"de\",\"@id\":\"https:\\\/\\\/swissgliders.ch\\\/de\\\/produkt\\\/skyparagliding-reverse-5\\\/#primaryimage\",\"url\":\"https:\\\/\\\/swissgliders.ch\\\/wp-content\\\/uploads\\\/2019\\\/12\\\/sky-reverse5-sitzgurtzeug.jpg\",\"contentUrl\":\"https:\\\/\\\/swissgliders.ch\\\/wp-content\\\/uploads\\\/2019\\\/12\\\/sky-reverse5-sitzgurtzeug.jpg\",\"width\":2000,\"height\":1333,\"caption\":\"sky-reverse5-sitzgurtzeug\"},{\"@type\":\"BreadcrumbList\",\"@id\":\"https:\\\/\\\/swissgliders.ch\\\/de\\\/produkt\\\/skyparagliding-reverse-5\\\/#breadcrumb\",\"itemListElement\":[{\"@type\":\"ListItem\",\"position\":1,\"name\":\"Startseite\",\"item\":\"https:\\\/\\\/swissgliders.ch\\\/de\\\/willkommen\\\/\"},{\"@type\":\"ListItem\",\"position\":2,\"name\":\"Gleitschirm Shop\",\"item\":\"https:\\\/\\\/swissgliders.ch\\\/de\\\/gleitschirm-shop\\\/\"},{\"@type\":\"ListItem\",\"position\":3,\"name\":\"Sky Paragliding Reverse 5\"}]},{\"@type\":\"WebSite\",\"@id\":\"https:\\\/\\\/swissgliders.ch\\\/de\\\/#website\",\"url\":\"https:\\\/\\\/swissgliders.ch\\\/de\\\/\",\"name\":\"Gleitschirmschule Thun, Bern, Interlaken\",\"description\":\"Gleitschirmschule Thun, Bern, Interlaken\",\"publisher\":{\"@id\":\"https:\\\/\\\/swissgliders.ch\\\/de\\\/#organization\"},\"potentialAction\":[{\"@type\":\"SearchAction\",\"target\":{\"@type\":\"EntryPoint\",\"urlTemplate\":\"https:\\\/\\\/swissgliders.ch\\\/de\\\/?s={search_term_string}\"},\"query-input\":{\"@type\":\"PropertyValueSpecification\",\"valueRequired\":true,\"valueName\":\"search_term_string\"}}],\"inLanguage\":\"de\"},{\"@type\":\"Organization\",\"@id\":\"https:\\\/\\\/swissgliders.ch\\\/de\\\/#organization\",\"name\":\"Swissgliders Gleitschirmflugschule Thun\",\"url\":\"https:\\\/\\\/swissgliders.ch\\\/de\\\/\",\"logo\":{\"@type\":\"ImageObject\",\"inLanguage\":\"de\",\"@id\":\"https:\\\/\\\/swissgliders.ch\\\/de\\\/#\\\/schema\\\/logo\\\/image\\\/\",\"url\":\"https:\\\/\\\/swissgliders.ch\\\/wp-content\\\/uploads\\\/2019\\\/12\\\/swissgliders-logo-rgb-square-L-no-ch-01.png\",\"contentUrl\":\"https:\\\/\\\/swissgliders.ch\\\/wp-content\\\/uploads\\\/2019\\\/12\\\/swissgliders-logo-rgb-square-L-no-ch-01.png\",\"width\":2500,\"height\":2500,\"caption\":\"Swissgliders Gleitschirmflugschule Thun\"},\"image\":{\"@id\":\"https:\\\/\\\/swissgliders.ch\\\/de\\\/#\\\/schema\\\/logo\\\/image\\\/\"},\"sameAs\":[\"https:\\\/\\\/www.facebook.com\\\/swissgliders\",\"https:\\\/\\\/x.com\\\/Swissgliders\",\"https:\\\/\\\/www.instagram.com\\\/swissgliders\\\/\",\"https:\\\/\\\/www.youtube.com\\\/channel\\\/UCMCtGdepy9vBhrhX3V_oJOA\"],\"hasMerchantReturnPolicy\":{\"@type\":\"MerchantReturnPolicy\",\"merchantReturnLink\":\"https:\\\/\\\/swissgliders.ch\\\/de\\\/allgemeine-geschaftsbedingungen\\\/\"}}]}<\/script>\n<meta property=\"og:availability\" content=\"instock\" \/>\n<meta property=\"product:availability\" content=\"instock\" \/>\n<meta property=\"product:condition\" content=\"new\" \/>\n<!-- \/ Yoast SEO Premium plugin. -->","yoast_head_json":{"title":"Sky Paragliding Reverse 5 | Gleitschirmschule Thun, Bern, Interlaken","description":"Das Wendegurtzeug Reverse 5 von Sky Paragliders Wir glauben an praktische, effiziente L\u00f6sungen die anwenderfreundlich, sicher und bequem sind. Mit diesem Gedanken haben wir das REVERSE 5 entwickelt; ein Wendegurtzeug als idealen Begleiter f\u00fcr Biwakfl\u00fcge, Walk & Fly oder Reisen, die dank der Wandlungsf\u00e4higkeit vom Gurtzeug in einen komfortablen Rucksack ganz entspannt sein werden.","robots":{"index":"index","follow":"follow","max-snippet":"max-snippet:-1","max-image-preview":"max-image-preview:large","max-video-preview":"max-video-preview:-1"},"canonical":"https:\/\/swissgliders.ch\/de\/produkt\/skyparagliding-reverse-5\/","og_locale":"de_DE","og_type":"article","og_title":"Sky Paragliding Reverse 5","og_description":"Das Wendegurtzeug Reverse 5 von Sky Paragliders Wir glauben an praktische, effiziente L\u00f6sungen die anwenderfreundlich, sicher und bequem sind. Mit diesem Gedanken haben wir das REVERSE 5 entwickelt; ein Wendegurtzeug als idealen Begleiter f\u00fcr Biwakfl\u00fcge, Walk & Fly oder Reisen, die dank der Wandlungsf\u00e4higkeit vom Gurtzeug in einen komfortablen Rucksack ganz entspannt sein werden.","og_url":"https:\/\/swissgliders.ch\/de\/produkt\/skyparagliding-reverse-5\/","og_site_name":"Gleitschirmschule Thun, Bern, Interlaken","article_publisher":"https:\/\/www.facebook.com\/swissgliders","article_modified_time":"2025-11-06T14:36:54+00:00","og_image":[{"width":2000,"height":1333,"url":"https:\/\/swissgliders.ch\/wp-content\/uploads\/2019\/12\/sky-reverse5-sitzgurtzeug.jpg","type":"image\/jpeg"}],"twitter_card":"summary_large_image","twitter_site":"@Swissgliders","twitter_misc":{"Verf\u00fcgbarkeit":"Auf Lager"},"schema":{"@context":"https:\/\/schema.org","@graph":[{"@type":"WebPage","@id":"https:\/\/swissgliders.ch\/de\/produkt\/skyparagliding-reverse-5\/","url":"https:\/\/swissgliders.ch\/de\/produkt\/skyparagliding-reverse-5\/","name":"Sky Paragliding Reverse 5 | Gleitschirmschule Thun, Bern, Interlaken","isPartOf":{"@id":"https:\/\/swissgliders.ch\/de\/#website"},"primaryImageOfPage":{"@id":"https:\/\/swissgliders.ch\/de\/produkt\/skyparagliding-reverse-5\/#primaryimage"},"image":{"@id":"https:\/\/swissgliders.ch\/de\/produkt\/skyparagliding-reverse-5\/#primaryimage"},"thumbnailUrl":"https:\/\/swissgliders.ch\/wp-content\/uploads\/2019\/12\/sky-reverse5-sitzgurtzeug.jpg","datePublished":"2019-12-28T15:53:58+00:00","dateModified":"2025-11-06T14:36:54+00:00","description":"Das Wendegurtzeug Reverse 5 von Sky Paragliders Wir glauben an praktische, effiziente L\u00f6sungen die anwenderfreundlich, sicher und bequem sind. Mit diesem Gedanken haben wir das REVERSE 5 entwickelt; ein Wendegurtzeug als idealen Begleiter f\u00fcr Biwakfl\u00fcge, Walk & Fly oder Reisen, die dank der Wandlungsf\u00e4higkeit vom Gurtzeug in einen komfortablen Rucksack ganz entspannt sein werden.","breadcrumb":{"@id":"https:\/\/swissgliders.ch\/de\/produkt\/skyparagliding-reverse-5\/#breadcrumb"},"inLanguage":"de","potentialAction":[{"@type":"ReadAction","target":["https:\/\/swissgliders.ch\/de\/produkt\/skyparagliding-reverse-5\/"]}]},{"@type":"ImageObject","inLanguage":"de","@id":"https:\/\/swissgliders.ch\/de\/produkt\/skyparagliding-reverse-5\/#primaryimage","url":"https:\/\/swissgliders.ch\/wp-content\/uploads\/2019\/12\/sky-reverse5-sitzgurtzeug.jpg","contentUrl":"https:\/\/swissgliders.ch\/wp-content\/uploads\/2019\/12\/sky-reverse5-sitzgurtzeug.jpg","width":2000,"height":1333,"caption":"sky-reverse5-sitzgurtzeug"},{"@type":"BreadcrumbList","@id":"https:\/\/swissgliders.ch\/de\/produkt\/skyparagliding-reverse-5\/#breadcrumb","itemListElement":[{"@type":"ListItem","position":1,"name":"Startseite","item":"https:\/\/swissgliders.ch\/de\/willkommen\/"},{"@type":"ListItem","position":2,"name":"Gleitschirm Shop","item":"https:\/\/swissgliders.ch\/de\/gleitschirm-shop\/"},{"@type":"ListItem","position":3,"name":"Sky Paragliding Reverse 5"}]},{"@type":"WebSite","@id":"https:\/\/swissgliders.ch\/de\/#website","url":"https:\/\/swissgliders.ch\/de\/","name":"Gleitschirmschule Thun, Bern, Interlaken","description":"Gleitschirmschule Thun, Bern, Interlaken","publisher":{"@id":"https:\/\/swissgliders.ch\/de\/#organization"},"potentialAction":[{"@type":"SearchAction","target":{"@type":"EntryPoint","urlTemplate":"https:\/\/swissgliders.ch\/de\/?s={search_term_string}"},"query-input":{"@type":"PropertyValueSpecification","valueRequired":true,"valueName":"search_term_string"}}],"inLanguage":"de"},{"@type":"Organization","@id":"https:\/\/swissgliders.ch\/de\/#organization","name":"Swissgliders Gleitschirmflugschule Thun","url":"https:\/\/swissgliders.ch\/de\/","logo":{"@type":"ImageObject","inLanguage":"de","@id":"https:\/\/swissgliders.ch\/de\/#\/schema\/logo\/image\/","url":"https:\/\/swissgliders.ch\/wp-content\/uploads\/2019\/12\/swissgliders-logo-rgb-square-L-no-ch-01.png","contentUrl":"https:\/\/swissgliders.ch\/wp-content\/uploads\/2019\/12\/swissgliders-logo-rgb-square-L-no-ch-01.png","width":2500,"height":2500,"caption":"Swissgliders Gleitschirmflugschule Thun"},"image":{"@id":"https:\/\/swissgliders.ch\/de\/#\/schema\/logo\/image\/"},"sameAs":["https:\/\/www.facebook.com\/swissgliders","https:\/\/x.com\/Swissgliders","https:\/\/www.instagram.com\/swissgliders\/","https:\/\/www.youtube.com\/channel\/UCMCtGdepy9vBhrhX3V_oJOA"],"hasMerchantReturnPolicy":{"@type":"MerchantReturnPolicy","merchantReturnLink":"https:\/\/swissgliders.ch\/de\/allgemeine-geschaftsbedingungen\/"}}]},"og_availability":"instock","product_availability":"instock","product_condition":"new"},"_links":{"self":[{"href":"https:\/\/swissgliders.ch\/de\/wp-json\/wp\/v2\/product\/3786","targetHints":{"allow":["GET"]}}],"collection":[{"href":"https:\/\/swissgliders.ch\/de\/wp-json\/wp\/v2\/product"}],"about":[{"href":"https:\/\/swissgliders.ch\/de\/wp-json\/wp\/v2\/types\/product"}],"replies":[{"embeddable":true,"href":"https:\/\/swissgliders.ch\/de\/wp-json\/wp\/v2\/comments?post=3786"}],"wp:featuredmedia":[{"embeddable":true,"href":"https:\/\/swissgliders.ch\/de\/wp-json\/wp\/v2\/media\/3788"}],"wp:attachment":[{"href":"https:\/\/swissgliders.ch\/de\/wp-json\/wp\/v2\/media?parent=3786"}],"wp:term":[{"taxonomy":"product_brand","embeddable":true,"href":"https:\/\/swissgliders.ch\/de\/wp-json\/wp\/v2\/product_brand?post=3786"},{"taxonomy":"product_cat","embeddable":true,"href":"https:\/\/swissgliders.ch\/de\/wp-json\/wp\/v2\/product_cat?post=3786"},{"taxonomy":"product_tag","embeddable":true,"href":"https:\/\/swissgliders.ch\/de\/wp-json\/wp\/v2\/product_tag?post=3786"}],"curies":[{"name":"wp","href":"https:\/\/api.w.org\/{rel}","templated":true}]}}