{"id":3791,"date":"2019-12-28T17:01:17","date_gmt":"2019-12-28T16:01:17","guid":{"rendered":"https:\/\/swissgliders.ch\/?post_type=product&#038;p=3791"},"modified":"2025-06-10T11:49:08","modified_gmt":"2025-06-10T10:49:08","slug":"woodyvalley-gto-light-2","status":"publish","type":"product","link":"https:\/\/swissgliders.ch\/de\/produkt\/woodyvalley-gto-light-2\/","title":{"rendered":"Woody Valley GTO light 2"},"content":{"rendered":"<div class=\"imTALeft\"><span class=\"cf1\"><img loading=\"lazy\" decoding=\"async\" class=\"\" src=\"https:\/\/www.woodyvalley.com\/wp-content\/uploads\/2023\/02\/woodyvalley-harness-gto-light2-img100.jpg\" width=\"635\" height=\"319\" \/><\/p>\n<p>Das GTO light 2 ist das beste was es f\u00fcr Hike &amp; Fly und zum Streckenfliegen gibt. Jetzt noch sichererund auf die pers\u00f6nlichen Bed\u00fcrfnisse anpassbar, dank des einstellbaren ABS Systems. Mit abnehmbarer Windschutzscheibe, aus stabileren Materialien und der M\u00f6glichkeit zwischen einem aufblasbaren AIR Protektor oder Schaum zu w\u00e4hlen.<\/span><\/div>\n<ul>\n<li class=\"imTALeft\"><span class=\"cf1\">Revolution\u00e4res Design<\/span><\/li>\n<li class=\"imTALeft\">Stabilere Materialien<\/li>\n<li class=\"imTALeft\">Neues Verschlusssystem des Gurtzeugs<\/li>\n<li class=\"imTALeft\">Inklusive dreistufigem Beschleuniger<\/li>\n<li class=\"imTALeft\">Inklusive dreistufigem Beschleuniger<\/li>\n<li class=\"imTALeft\">Neuer und sicherer Rettungsgriff<\/li>\n<li class=\"imTALeft\">Neues ABS-System mit Stabilit\u00e4tskontrolle des Gurtzeuges<\/li>\n<li class=\"imTALeft\">Optionale Windschutzscheibe<\/li>\n<li class=\"imTALeft\">Lightshield R\u00fcckenschutz<\/li>\n<\/ul>\n<p>Mit Luft-Protektor (falls Schaumstoff gew\u00fcnscht ist bei der Bestellung erw\u00e4hnen &#8211; ist etwas g\u00fcnstiger)<\/p>\n<p><em>Die GTO light 2 werden ausschliesslich mit dem Beinsack-Innenschutz verkauft<\/em><\/p>\n<p>\u00abDieses Produkt wird ausschliesslich von einem unserer ausgebildeten Spezialisten mit deinem Gurtzeug bzw. Rettungsschirm kombiniert oder \u00fcber einen von dir gew\u00fcnschten Rettungsschirmpacker SHV ausgeliefert.\u00bb<\/p>\n<p>&nbsp;<\/p>\n<p>Mehr <a href=\"https:\/\/www.woodyvalley.com\/de\/gto-light_2\/\" target=\"_blank\" rel=\"noopener noreferrer\">Infos<\/a><\/p>\n<p>Lieferzeit 2-3 Tage<\/p>\n","protected":false},"excerpt":{"rendered":"<div class=\"imTALeft\"><span class=\"cf1\"><img loading=\"lazy\" decoding=\"async\" class=\"\" src=\"https:\/\/www.woodyvalley.com\/wp-content\/uploads\/2023\/02\/woodyvalley-harness-gto-light2-img100.jpg\" width=\"635\" height=\"319\" \/><\/p>\n<p>Das GTO light 2 ist das beste was es f\u00fcr Hike &amp; Fly und zum Streckenfliegen gibt. Jetzt noch sichererund auf die pers\u00f6nlichen Bed\u00fcrfnisse anpassbar, dank des einstellbaren ABS Systems. Mit abnehmbarer Windschutzscheibe, aus stabileren Materialien und der M\u00f6glichkeit zwischen einem aufblasbaren AIR Protektor oder Schaum zu w\u00e4hlen.<\/span><\/div>\n<ul>\n<li class=\"imTALeft\"><span class=\"cf1\">Revolution\u00e4res Design<\/span><\/li>\n<li class=\"imTALeft\">Stabilere Materialien<\/li>\n<li class=\"imTALeft\">Neues Verschlusssystem des Gurtzeugs<\/li>\n<li class=\"imTALeft\">Inklusive dreistufigem Beschleuniger<\/li>\n<li class=\"imTALeft\">Inklusive dreistufigem Beschleuniger<\/li>\n<li class=\"imTALeft\">Neuer und sicherer Rettungsgriff<\/li>\n<li class=\"imTALeft\">Neues ABS-System mit Stabilit\u00e4tskontrolle des Gurtzeuges<\/li>\n<li class=\"imTALeft\">Optionale Windschutzscheibe<\/li>\n<li class=\"imTALeft\">Lightshield R\u00fcckenschutz<\/li>\n<\/ul>\n<p>Mit Luft-Protektor (falls Schaumstoff gew\u00fcnscht ist bei der Bestellung erw\u00e4hnen &#8211; ist etwas g\u00fcnstiger)<\/p>\n<p><em>Die GTO light 2 werden ausschliesslich mit dem Beinsack-Innenschutz verkauft<\/em><\/p>\n<p>\u00abDieses Produkt wird ausschliesslich von einem unserer ausgebildeten Spezialisten mit deinem Gurtzeug bzw. Rettungsschirm kombiniert oder \u00fcber einen von dir gew\u00fcnschten Rettungsschirmpacker SHV ausgeliefert.\u00bb<\/p>\n<p>&nbsp;<\/p>\n<p>Mehr <a href=\"https:\/\/www.woodyvalley.com\/de\/gto-light_2\/\" target=\"_blank\" rel=\"noopener noreferrer\">Infos<\/a><\/p>\n<p>Lieferzeit 2-3 Tage<\/p>\n","protected":false},"featured_media":6708,"comment_status":"closed","ping_status":"closed","template":"","meta":[],"product_brand":[],"product_cat":[1041],"product_tag":[999,90],"class_list":{"0":"post-3791","1":"product","2":"type-product","3":"status-publish","4":"has-post-thumbnail","6":"product_cat-gleitschirm-liegegurtzeuge","7":"product_tag-liegegurtzeug","8":"product_tag-verkaufsartikel","9":"product_shipping_class-priority-10kg-de","11":"first","12":"instock","13":"sale","14":"shipping-taxable","15":"purchasable","16":"product-type-variable"},"yoast_head":"<!-- This site is optimized with the Yoast SEO Premium plugin v26.1 (Yoast SEO v27.3) - https:\/\/yoast.com\/product\/yoast-seo-premium-wordpress\/ -->\n<title>Woody Valley GTO light 2 | Gleitschirmschule Thun, Bern, Interlaken<\/title>\n<meta name=\"description\" content=\"Das GTO light 2 ist das beste was es f\u00fcr Hike &amp; Fly und zum Streckenfliegen gibt. Jetzt noch sichererund auf die pers\u00f6nlichen Bed\u00fcrfnisse anpassbar, dank des einstellbaren ABS Systems. Mit abnehmbarer Windschutzscheibe, aus stabileren Materialien und der M\u00f6glichkeit zwischen einem aufblasbaren AIR Protektor oder Schaum zu w\u00e4hlen.\" \/>\n<meta name=\"robots\" content=\"index, follow, max-snippet:-1, max-image-preview:large, max-video-preview:-1\" \/>\n<link rel=\"canonical\" href=\"https:\/\/swissgliders.ch\/de\/produkt\/woodyvalley-gto-light-2\/\" \/>\n<meta property=\"og:locale\" content=\"de_DE\" \/>\n<meta property=\"og:type\" content=\"article\" \/>\n<meta property=\"og:title\" content=\"Woody Valley GTO light 2\" \/>\n<meta property=\"og:description\" content=\"Das GTO light 2 ist das beste was es f\u00fcr Hike &amp; Fly und zum Streckenfliegen gibt. Jetzt noch sichererund auf die pers\u00f6nlichen Bed\u00fcrfnisse anpassbar, dank des einstellbaren ABS Systems. Mit abnehmbarer Windschutzscheibe, aus stabileren Materialien und der M\u00f6glichkeit zwischen einem aufblasbaren AIR Protektor oder Schaum zu w\u00e4hlen.\" \/>\n<meta property=\"og:url\" content=\"https:\/\/swissgliders.ch\/de\/produkt\/woodyvalley-gto-light-2\/\" \/>\n<meta property=\"og:site_name\" content=\"Gleitschirmschule Thun, Bern, Interlaken\" \/>\n<meta property=\"article:publisher\" content=\"https:\/\/www.facebook.com\/swissgliders\" \/>\n<meta property=\"article:modified_time\" content=\"2025-06-10T10:49:08+00:00\" \/>\n<meta property=\"og:image\" content=\"https:\/\/swissgliders.ch\/wp-content\/uploads\/2019\/12\/GTO_Light2-con-windhield.jpg\" \/>\n\t<meta property=\"og:image:width\" content=\"1024\" \/>\n\t<meta property=\"og:image:height\" content=\"1024\" \/>\n\t<meta property=\"og:image:type\" content=\"image\/jpeg\" \/>\n<meta name=\"twitter:card\" content=\"summary_large_image\" \/>\n<meta name=\"twitter:site\" content=\"@Swissgliders\" \/>\n<meta name=\"twitter:label1\" content=\"Verf\u00fcgbarkeit\" \/>\n\t<meta name=\"twitter:data1\" content=\"Auf Lager\" \/>\n<script type=\"application\/ld+json\" class=\"yoast-schema-graph\">{\"@context\":\"https:\\\/\\\/schema.org\",\"@graph\":[{\"@type\":\"WebPage\",\"@id\":\"https:\\\/\\\/swissgliders.ch\\\/de\\\/produkt\\\/woodyvalley-gto-light-2\\\/\",\"url\":\"https:\\\/\\\/swissgliders.ch\\\/de\\\/produkt\\\/woodyvalley-gto-light-2\\\/\",\"name\":\"Woody Valley GTO light 2 | Gleitschirmschule Thun, Bern, Interlaken\",\"isPartOf\":{\"@id\":\"https:\\\/\\\/swissgliders.ch\\\/de\\\/#website\"},\"primaryImageOfPage\":{\"@id\":\"https:\\\/\\\/swissgliders.ch\\\/de\\\/produkt\\\/woodyvalley-gto-light-2\\\/#primaryimage\"},\"image\":{\"@id\":\"https:\\\/\\\/swissgliders.ch\\\/de\\\/produkt\\\/woodyvalley-gto-light-2\\\/#primaryimage\"},\"thumbnailUrl\":\"https:\\\/\\\/swissgliders.ch\\\/wp-content\\\/uploads\\\/2019\\\/12\\\/GTO_Light2-con-windhield.jpg\",\"datePublished\":\"2019-12-28T16:01:17+00:00\",\"dateModified\":\"2025-06-10T10:49:08+00:00\",\"description\":\"Das GTO light 2 ist das beste was es f\u00fcr Hike & Fly und zum Streckenfliegen gibt. Jetzt noch sichererund auf die pers\u00f6nlichen Bed\u00fcrfnisse anpassbar, dank des einstellbaren ABS Systems. Mit abnehmbarer Windschutzscheibe, aus stabileren Materialien und der M\u00f6glichkeit zwischen einem aufblasbaren AIR Protektor oder Schaum zu w\u00e4hlen.\",\"breadcrumb\":{\"@id\":\"https:\\\/\\\/swissgliders.ch\\\/de\\\/produkt\\\/woodyvalley-gto-light-2\\\/#breadcrumb\"},\"inLanguage\":\"de\",\"potentialAction\":[{\"@type\":\"ReadAction\",\"target\":[\"https:\\\/\\\/swissgliders.ch\\\/de\\\/produkt\\\/woodyvalley-gto-light-2\\\/\"]}]},{\"@type\":\"ImageObject\",\"inLanguage\":\"de\",\"@id\":\"https:\\\/\\\/swissgliders.ch\\\/de\\\/produkt\\\/woodyvalley-gto-light-2\\\/#primaryimage\",\"url\":\"https:\\\/\\\/swissgliders.ch\\\/wp-content\\\/uploads\\\/2019\\\/12\\\/GTO_Light2-con-windhield.jpg\",\"contentUrl\":\"https:\\\/\\\/swissgliders.ch\\\/wp-content\\\/uploads\\\/2019\\\/12\\\/GTO_Light2-con-windhield.jpg\",\"width\":1024,\"height\":1024,\"caption\":\"GTO_Light2-con-windhield\"},{\"@type\":\"BreadcrumbList\",\"@id\":\"https:\\\/\\\/swissgliders.ch\\\/de\\\/produkt\\\/woodyvalley-gto-light-2\\\/#breadcrumb\",\"itemListElement\":[{\"@type\":\"ListItem\",\"position\":1,\"name\":\"Startseite\",\"item\":\"https:\\\/\\\/swissgliders.ch\\\/de\\\/willkommen\\\/\"},{\"@type\":\"ListItem\",\"position\":2,\"name\":\"Gleitschirm Shop\",\"item\":\"https:\\\/\\\/swissgliders.ch\\\/de\\\/gleitschirm-shop\\\/\"},{\"@type\":\"ListItem\",\"position\":3,\"name\":\"Woody Valley GTO light 2\"}]},{\"@type\":\"WebSite\",\"@id\":\"https:\\\/\\\/swissgliders.ch\\\/de\\\/#website\",\"url\":\"https:\\\/\\\/swissgliders.ch\\\/de\\\/\",\"name\":\"Gleitschirmschule Thun, Bern, Interlaken\",\"description\":\"Gleitschirmschule Thun, Bern, Interlaken\",\"publisher\":{\"@id\":\"https:\\\/\\\/swissgliders.ch\\\/de\\\/#organization\"},\"potentialAction\":[{\"@type\":\"SearchAction\",\"target\":{\"@type\":\"EntryPoint\",\"urlTemplate\":\"https:\\\/\\\/swissgliders.ch\\\/de\\\/?s={search_term_string}\"},\"query-input\":{\"@type\":\"PropertyValueSpecification\",\"valueRequired\":true,\"valueName\":\"search_term_string\"}}],\"inLanguage\":\"de\"},{\"@type\":\"Organization\",\"@id\":\"https:\\\/\\\/swissgliders.ch\\\/de\\\/#organization\",\"name\":\"Swissgliders Gleitschirmflugschule Thun\",\"url\":\"https:\\\/\\\/swissgliders.ch\\\/de\\\/\",\"logo\":{\"@type\":\"ImageObject\",\"inLanguage\":\"de\",\"@id\":\"https:\\\/\\\/swissgliders.ch\\\/de\\\/#\\\/schema\\\/logo\\\/image\\\/\",\"url\":\"https:\\\/\\\/swissgliders.ch\\\/wp-content\\\/uploads\\\/2019\\\/12\\\/swissgliders-logo-rgb-square-L-no-ch-01.png\",\"contentUrl\":\"https:\\\/\\\/swissgliders.ch\\\/wp-content\\\/uploads\\\/2019\\\/12\\\/swissgliders-logo-rgb-square-L-no-ch-01.png\",\"width\":2500,\"height\":2500,\"caption\":\"Swissgliders Gleitschirmflugschule Thun\"},\"image\":{\"@id\":\"https:\\\/\\\/swissgliders.ch\\\/de\\\/#\\\/schema\\\/logo\\\/image\\\/\"},\"sameAs\":[\"https:\\\/\\\/www.facebook.com\\\/swissgliders\",\"https:\\\/\\\/x.com\\\/Swissgliders\",\"https:\\\/\\\/www.instagram.com\\\/swissgliders\\\/\",\"https:\\\/\\\/www.youtube.com\\\/channel\\\/UCMCtGdepy9vBhrhX3V_oJOA\"],\"hasMerchantReturnPolicy\":{\"@type\":\"MerchantReturnPolicy\",\"merchantReturnLink\":\"https:\\\/\\\/swissgliders.ch\\\/de\\\/allgemeine-geschaftsbedingungen\\\/\"}}]}<\/script>\n<meta property=\"og:availability\" content=\"instock\" \/>\n<meta property=\"product:availability\" content=\"instock\" \/>\n<meta property=\"product:condition\" content=\"new\" \/>\n<!-- \/ Yoast SEO Premium plugin. -->","yoast_head_json":{"title":"Woody Valley GTO light 2 | Gleitschirmschule Thun, Bern, Interlaken","description":"Das GTO light 2 ist das beste was es f\u00fcr Hike & Fly und zum Streckenfliegen gibt. Jetzt noch sichererund auf die pers\u00f6nlichen Bed\u00fcrfnisse anpassbar, dank des einstellbaren ABS Systems. Mit abnehmbarer Windschutzscheibe, aus stabileren Materialien und der M\u00f6glichkeit zwischen einem aufblasbaren AIR Protektor oder Schaum zu w\u00e4hlen.","robots":{"index":"index","follow":"follow","max-snippet":"max-snippet:-1","max-image-preview":"max-image-preview:large","max-video-preview":"max-video-preview:-1"},"canonical":"https:\/\/swissgliders.ch\/de\/produkt\/woodyvalley-gto-light-2\/","og_locale":"de_DE","og_type":"article","og_title":"Woody Valley GTO light 2","og_description":"Das GTO light 2 ist das beste was es f\u00fcr Hike & Fly und zum Streckenfliegen gibt. Jetzt noch sichererund auf die pers\u00f6nlichen Bed\u00fcrfnisse anpassbar, dank des einstellbaren ABS Systems. Mit abnehmbarer Windschutzscheibe, aus stabileren Materialien und der M\u00f6glichkeit zwischen einem aufblasbaren AIR Protektor oder Schaum zu w\u00e4hlen.","og_url":"https:\/\/swissgliders.ch\/de\/produkt\/woodyvalley-gto-light-2\/","og_site_name":"Gleitschirmschule Thun, Bern, Interlaken","article_publisher":"https:\/\/www.facebook.com\/swissgliders","article_modified_time":"2025-06-10T10:49:08+00:00","og_image":[{"width":1024,"height":1024,"url":"https:\/\/swissgliders.ch\/wp-content\/uploads\/2019\/12\/GTO_Light2-con-windhield.jpg","type":"image\/jpeg"}],"twitter_card":"summary_large_image","twitter_site":"@Swissgliders","twitter_misc":{"Verf\u00fcgbarkeit":"Auf Lager"},"schema":{"@context":"https:\/\/schema.org","@graph":[{"@type":"WebPage","@id":"https:\/\/swissgliders.ch\/de\/produkt\/woodyvalley-gto-light-2\/","url":"https:\/\/swissgliders.ch\/de\/produkt\/woodyvalley-gto-light-2\/","name":"Woody Valley GTO light 2 | Gleitschirmschule Thun, Bern, Interlaken","isPartOf":{"@id":"https:\/\/swissgliders.ch\/de\/#website"},"primaryImageOfPage":{"@id":"https:\/\/swissgliders.ch\/de\/produkt\/woodyvalley-gto-light-2\/#primaryimage"},"image":{"@id":"https:\/\/swissgliders.ch\/de\/produkt\/woodyvalley-gto-light-2\/#primaryimage"},"thumbnailUrl":"https:\/\/swissgliders.ch\/wp-content\/uploads\/2019\/12\/GTO_Light2-con-windhield.jpg","datePublished":"2019-12-28T16:01:17+00:00","dateModified":"2025-06-10T10:49:08+00:00","description":"Das GTO light 2 ist das beste was es f\u00fcr Hike & Fly und zum Streckenfliegen gibt. Jetzt noch sichererund auf die pers\u00f6nlichen Bed\u00fcrfnisse anpassbar, dank des einstellbaren ABS Systems. Mit abnehmbarer Windschutzscheibe, aus stabileren Materialien und der M\u00f6glichkeit zwischen einem aufblasbaren AIR Protektor oder Schaum zu w\u00e4hlen.","breadcrumb":{"@id":"https:\/\/swissgliders.ch\/de\/produkt\/woodyvalley-gto-light-2\/#breadcrumb"},"inLanguage":"de","potentialAction":[{"@type":"ReadAction","target":["https:\/\/swissgliders.ch\/de\/produkt\/woodyvalley-gto-light-2\/"]}]},{"@type":"ImageObject","inLanguage":"de","@id":"https:\/\/swissgliders.ch\/de\/produkt\/woodyvalley-gto-light-2\/#primaryimage","url":"https:\/\/swissgliders.ch\/wp-content\/uploads\/2019\/12\/GTO_Light2-con-windhield.jpg","contentUrl":"https:\/\/swissgliders.ch\/wp-content\/uploads\/2019\/12\/GTO_Light2-con-windhield.jpg","width":1024,"height":1024,"caption":"GTO_Light2-con-windhield"},{"@type":"BreadcrumbList","@id":"https:\/\/swissgliders.ch\/de\/produkt\/woodyvalley-gto-light-2\/#breadcrumb","itemListElement":[{"@type":"ListItem","position":1,"name":"Startseite","item":"https:\/\/swissgliders.ch\/de\/willkommen\/"},{"@type":"ListItem","position":2,"name":"Gleitschirm Shop","item":"https:\/\/swissgliders.ch\/de\/gleitschirm-shop\/"},{"@type":"ListItem","position":3,"name":"Woody Valley GTO light 2"}]},{"@type":"WebSite","@id":"https:\/\/swissgliders.ch\/de\/#website","url":"https:\/\/swissgliders.ch\/de\/","name":"Gleitschirmschule Thun, Bern, Interlaken","description":"Gleitschirmschule Thun, Bern, Interlaken","publisher":{"@id":"https:\/\/swissgliders.ch\/de\/#organization"},"potentialAction":[{"@type":"SearchAction","target":{"@type":"EntryPoint","urlTemplate":"https:\/\/swissgliders.ch\/de\/?s={search_term_string}"},"query-input":{"@type":"PropertyValueSpecification","valueRequired":true,"valueName":"search_term_string"}}],"inLanguage":"de"},{"@type":"Organization","@id":"https:\/\/swissgliders.ch\/de\/#organization","name":"Swissgliders Gleitschirmflugschule Thun","url":"https:\/\/swissgliders.ch\/de\/","logo":{"@type":"ImageObject","inLanguage":"de","@id":"https:\/\/swissgliders.ch\/de\/#\/schema\/logo\/image\/","url":"https:\/\/swissgliders.ch\/wp-content\/uploads\/2019\/12\/swissgliders-logo-rgb-square-L-no-ch-01.png","contentUrl":"https:\/\/swissgliders.ch\/wp-content\/uploads\/2019\/12\/swissgliders-logo-rgb-square-L-no-ch-01.png","width":2500,"height":2500,"caption":"Swissgliders Gleitschirmflugschule Thun"},"image":{"@id":"https:\/\/swissgliders.ch\/de\/#\/schema\/logo\/image\/"},"sameAs":["https:\/\/www.facebook.com\/swissgliders","https:\/\/x.com\/Swissgliders","https:\/\/www.instagram.com\/swissgliders\/","https:\/\/www.youtube.com\/channel\/UCMCtGdepy9vBhrhX3V_oJOA"],"hasMerchantReturnPolicy":{"@type":"MerchantReturnPolicy","merchantReturnLink":"https:\/\/swissgliders.ch\/de\/allgemeine-geschaftsbedingungen\/"}}]},"og_availability":"instock","product_availability":"instock","product_condition":"new"},"_links":{"self":[{"href":"https:\/\/swissgliders.ch\/de\/wp-json\/wp\/v2\/product\/3791","targetHints":{"allow":["GET"]}}],"collection":[{"href":"https:\/\/swissgliders.ch\/de\/wp-json\/wp\/v2\/product"}],"about":[{"href":"https:\/\/swissgliders.ch\/de\/wp-json\/wp\/v2\/types\/product"}],"replies":[{"embeddable":true,"href":"https:\/\/swissgliders.ch\/de\/wp-json\/wp\/v2\/comments?post=3791"}],"wp:featuredmedia":[{"embeddable":true,"href":"https:\/\/swissgliders.ch\/de\/wp-json\/wp\/v2\/media\/6708"}],"wp:attachment":[{"href":"https:\/\/swissgliders.ch\/de\/wp-json\/wp\/v2\/media?parent=3791"}],"wp:term":[{"taxonomy":"product_brand","embeddable":true,"href":"https:\/\/swissgliders.ch\/de\/wp-json\/wp\/v2\/product_brand?post=3791"},{"taxonomy":"product_cat","embeddable":true,"href":"https:\/\/swissgliders.ch\/de\/wp-json\/wp\/v2\/product_cat?post=3791"},{"taxonomy":"product_tag","embeddable":true,"href":"https:\/\/swissgliders.ch\/de\/wp-json\/wp\/v2\/product_tag?post=3791"}],"curies":[{"name":"wp","href":"https:\/\/api.w.org\/{rel}","templated":true}]}}