{"id":3882,"date":"2020-01-05T10:58:20","date_gmt":"2020-01-05T09:58:20","guid":{"rendered":"https:\/\/swissgliders.ch\/?post_type=product&#038;p=3882"},"modified":"2025-04-02T10:11:21","modified_gmt":"2025-04-02T09:11:21","slug":"gin-yeti-convertible-2","status":"publish","type":"product","link":"https:\/\/swissgliders.ch\/de\/produkt\/gin-yeti-convertible-2\/","title":{"rendered":"Gin Yeti Convertible 2"},"content":{"rendered":"<div class=\"et_pb_module et_pb_text et_pb_text_0 et_pb_bg_layout_light et_pb_text_align_left\">\n<div class=\"et_pb_text_inner\">\n<h3 class=\"pt-8 font-condensed font-bold text-3xl lg:text-4xl text-grey-8 uppercase leading-1\">MAXIMALER KOMFORT UND EINFACHHEIT<\/h3>\n<p><img loading=\"lazy\" decoding=\"async\" class=\"\" src=\"https:\/\/parapente-shop.ch\/3362-thickbox_default\/gin-yeti-convertible-2.jpg\" alt=\"Gin Yeti Convertible 2 - Parapente-Shop.ch\" width=\"354\" height=\"354\" \/><\/p>\n<p class=\"text-xl md:text-2xl lg:text-3xl leading-3 lg:leading-4 measure lg:measure-narrow pt-2 pb-0\">Das Yeti Convertible 2 ist ein leichtes Wendegurtzeug mit geteilten Beinschlaufen. Es eignet sich ideal f\u00fcr Hike\u2019n Fly, Para-Alpinismus, zum Reisen und zum Soaren. Das Yeti Convertible 2 wurde hinsichtlich der Materialien weiterentwickelt: Leichteres Material in Verbindung mit einer sorgf\u00e4ltig optimierten Geometrie sorgt nun f\u00fcr maximalen Komfort und Benutzerfreundlichkeit.<\/p>\n<p>&nbsp;<\/p>\n<p class=\"pt-2 font-bold\"><strong>Extra Komfort auf dem Boden und in der Luft<\/strong><\/p>\n<p class=\"measure lg:measure-wide lg:leading-6\">Das Yeti convertible 2 verf\u00fcgt weiter \u00fcber einen neu entworfenen Rucksack, der eine verbesserte Lastverteilung bietet &#8211; etwa 30\/70 zwischen Schultern und Taille. Auch wurden weitere Komfortfeatures hinzugef\u00fcgt, aber das Gewicht bleibt mit kompakten 1,8kg gering.<\/p>\n<p><img decoding=\"async\" class=\"w-48 mx-4 mt-4\" src=\"https:\/\/www.gingliders.com\/de\/harnesses\/yeti-convertible-2\/\" alt=\"\" \/><img decoding=\"async\" class=\"w-full mt-4\" src=\"https:\/\/www.gingliders.com\/de\/harnesses\/yeti-convertible-2\/\" alt=\"\" \/><\/p>\n<p class=\"pt-2 font-bold\"><strong>Verbesserter Airbag<\/strong><\/p>\n<p class=\"measure lg:measure-wide lg:leading-6\">Der neue Airbag ist mit einem integrierten Rettungsfach ausgestattet, das mit allen leichten GIN-Notschirmen kompatibel ist. Der vordere Lufteinlass verbessert das Aufblasen und die innere Struktur des Airbags tr\u00e4gt dazu bei, Aufprallkr\u00e4fte zu reduzieren und die Effizienz zu maximieren. Die neue Titan-Drahtstruktur verbessert das Vorf\u00fcllen und ist widerstandsf\u00e4hig gegen Biegen oder Verformung, wodurch das Packen einfacher und das Fliegen sicherer ist.<\/p>\n<p><strong><img decoding=\"async\" class=\"w-48 mx-4 mt-4\" src=\"https:\/\/www.gingliders.com\/de\/harnesses\/yeti-convertible-2\/\" alt=\"\" \/><img decoding=\"async\" class=\"w-full mt-4\" src=\"https:\/\/www.gingliders.com\/de\/harnesses\/yeti-convertible-2\/\" alt=\"\" \/><\/strong><\/p>\n<p class=\"pt-2 font-bold\"><strong>Teil des Yeti Leichtgewichts-Systems<\/strong><\/p>\n<p class=\"measure lg:measure-wide lg:leading-6\">Das Yeti convertible 2 ist Teil unserer vielseitigen Yeti-Serie, die alle Bed\u00fcrfnisse im Bereich der Leichtschirme abdeckt. F\u00fcr noch h\u00f6here Sicherheit kann man den optionalen Airbag mit dem Notschirm an das Convertible 2 h\u00e4ngen. Nun noch einen Yeti Schirm nehmen und los geht das Abenteuer!<\/p>\n<h4 class=\"font-condensed font-bold text-lg md:text-xl lg:text-2xl uppercase pt-4 text-grey-6 tracking-slight\">Technische Details: Wendegurtzeug<\/h4>\n<ul>\n<li class=\"pb-1 measure-wide\">Verstellbare R\u00fcckenposition<\/li>\n<li class=\"pb-1 measure-wide\">Low-friction Umlenkung f\u00fcr den Beschleuniger<\/li>\n<li class=\"pb-1 measure-wide\">Notschirm kann via Tunnel mit den Schultergurten verbunden werden<\/li>\n<li class=\"pb-1 measure-wide\">Verstellbares Volumen der R\u00fcckentasche<\/li>\n<li class=\"pb-1 measure-wide\">Verstellbarer Sitzwinkel<\/li>\n<li class=\"pb-1 measure-wide\">Manuelle Schnallen f\u00fcr das Get-Up-System<\/li>\n<li class=\"pb-1 measure-wide\">12mm Kevlar \/ 25mm Dyneema Gurte<\/li>\n<li class=\"pb-1 measure-wide\">Zertifiziert nach EN 1651<\/li>\n<li class=\"pb-1 measure-wide\">Airbag (500g)<\/li>\n<\/ul>\n<h4 class=\"font-condensed font-bold text-lg md:text-xl lg:text-2xl uppercase pt-4 text-grey-6 tracking-slight\">Technische Details: Rucksack<\/h4>\n<ul>\n<li class=\"pb-1 measure-wide\">Mesh-Seitentasche<\/li>\n<li class=\"pb-1 measure-wide\">Ergonomische R\u00fcckenform<\/li>\n<li class=\"pb-1 measure-wide\">Mesh-Material an den Schultergurten und dem H\u00fcftgurt f\u00fcr gute Atmungsaktivit\u00e4t<\/li>\n<li class=\"pb-1 measure-wide\">Seitliche Kompressionsriemen<\/li>\n<li class=\"pb-1 measure-wide\">Anbringungsm\u00f6glichkeit f\u00fcr Wanderst\u00f6cke, Steigeisen, Eispickel usw<\/li>\n<\/ul>\n<h4 class=\"font-condensed font-bold text-lg md:text-xl lg:text-2xl uppercase pt-4 text-grey-6 tracking-slight\">Technische Daten<\/h4>\n<div class=\"relative overflow-x-auto\">\n<table class=\"g-table-striped w-full text-xs sm:text-sm text-left border-b\">\n<thead class=\"font-condensed text-grey-7 uppercase bg-white border-t border-grey-2 px-2 py-1 lg:px-4 lg:py-2\">\n<tr>\n<th class=\"px-2 py-1 lg:px-4 lg:py-2\" scope=\"col\">Gr\u00f6ssen<\/th>\n<th scope=\"col\">S<\/th>\n<th scope=\"col\">M<\/th>\n<th scope=\"col\">L<\/th>\n<\/tr>\n<\/thead>\n<tbody>\n<tr>\n<th class=\"px-2 py-1 lg:px-4 lg:py-2 text-grey-9 whitespace-nowrap\" scope=\"row\">Gr\u00f6sse des Piloten (cm)<\/th>\n<td>160-175<\/td>\n<td>170-185<\/td>\n<td>&gt;180<\/td>\n<\/tr>\n<tr>\n<th class=\"px-2 py-1 lg:px-4 lg:py-2 text-grey-9 whitespace-nowrap\" scope=\"row\">Gewicht (kg)<\/th>\n<td>1.32<\/td>\n<td>1.36<\/td>\n<td>1.54<\/td>\n<\/tr>\n<\/tbody>\n<\/table>\n<\/div>\n<p class=\"text-xs md:text-sm pb-2\"><i>Quoted weight excluding removable helmet holder, speedbar, carabiners and optional airbag.<\/i><\/p>\n<p><strong>Volumen des Rucksacks:<\/strong>\u00a040L<\/p>\n<p><img decoding=\"async\" src=\"https:\/\/www.gingliders.com\/img\/hs-yeti-xtrem-2-size-guide.png\" \/><\/p>\n<\/div>\n<\/div>\n<p><strong>&#8211; Inklusive optionalem Airbag mit Retterfach<\/strong><\/p>\n<p>&nbsp;<\/p>\n<p>Mehr <a href=\"https:\/\/www.gingliders.com\/de\/harnesses\/yeti-convertible-2\/\" target=\"_blank\" rel=\"noopener noreferrer\">Infos<\/a><\/p>\n<p>Falls dieser Artikel nicht an Lager ist, wird er f\u00fcr dich bestellt. Lieferfrist auf Anfrage.<\/p>\n","protected":false},"excerpt":{"rendered":"<div class=\"et_pb_module et_pb_text et_pb_text_0 et_pb_bg_layout_light et_pb_text_align_left\">\n<div class=\"et_pb_text_inner\">\n<h3 class=\"pt-8 font-condensed font-bold text-3xl lg:text-4xl text-grey-8 uppercase leading-1\">MAXIMALER KOMFORT UND EINFACHHEIT<\/h3>\n<p><img loading=\"lazy\" decoding=\"async\" class=\"\" src=\"https:\/\/parapente-shop.ch\/3362-thickbox_default\/gin-yeti-convertible-2.jpg\" alt=\"Gin Yeti Convertible 2 - Parapente-Shop.ch\" width=\"354\" height=\"354\" \/><\/p>\n<p class=\"text-xl md:text-2xl lg:text-3xl leading-3 lg:leading-4 measure lg:measure-narrow pt-2 pb-0\">Das Yeti Convertible 2 ist ein leichtes Wendegurtzeug mit geteilten Beinschlaufen. Es eignet sich ideal f\u00fcr Hike\u2019n Fly, Para-Alpinismus, zum Reisen und zum Soaren. Das Yeti Convertible 2 wurde hinsichtlich der Materialien weiterentwickelt: Leichteres Material in Verbindung mit einer sorgf\u00e4ltig optimierten Geometrie sorgt nun f\u00fcr maximalen Komfort und Benutzerfreundlichkeit.<\/p>\n<p>&nbsp;<\/p>\n<p class=\"pt-2 font-bold\"><strong>Extra Komfort auf dem Boden und in der Luft<\/strong><\/p>\n<p class=\"measure lg:measure-wide lg:leading-6\">Das Yeti convertible 2 verf\u00fcgt weiter \u00fcber einen neu entworfenen Rucksack, der eine verbesserte Lastverteilung bietet &#8211; etwa 30\/70 zwischen Schultern und Taille. Auch wurden weitere Komfortfeatures hinzugef\u00fcgt, aber das Gewicht bleibt mit kompakten 1,8kg gering.<\/p>\n<p><img decoding=\"async\" class=\"w-48 mx-4 mt-4\" src=\"https:\/\/www.gingliders.com\/de\/harnesses\/yeti-convertible-2\/\" alt=\"\" \/><img decoding=\"async\" class=\"w-full mt-4\" src=\"https:\/\/www.gingliders.com\/de\/harnesses\/yeti-convertible-2\/\" alt=\"\" \/><\/p>\n<p class=\"pt-2 font-bold\"><strong>Verbesserter Airbag<\/strong><\/p>\n<p class=\"measure lg:measure-wide lg:leading-6\">Der neue Airbag ist mit einem integrierten Rettungsfach ausgestattet, das mit allen leichten GIN-Notschirmen kompatibel ist. Der vordere Lufteinlass verbessert das Aufblasen und die innere Struktur des Airbags tr\u00e4gt dazu bei, Aufprallkr\u00e4fte zu reduzieren und die Effizienz zu maximieren. Die neue Titan-Drahtstruktur verbessert das Vorf\u00fcllen und ist widerstandsf\u00e4hig gegen Biegen oder Verformung, wodurch das Packen einfacher und das Fliegen sicherer ist.<\/p>\n<p><strong><img decoding=\"async\" class=\"w-48 mx-4 mt-4\" src=\"https:\/\/www.gingliders.com\/de\/harnesses\/yeti-convertible-2\/\" alt=\"\" \/><img decoding=\"async\" class=\"w-full mt-4\" src=\"https:\/\/www.gingliders.com\/de\/harnesses\/yeti-convertible-2\/\" alt=\"\" \/><\/strong><\/p>\n<p class=\"pt-2 font-bold\"><strong>Teil des Yeti Leichtgewichts-Systems<\/strong><\/p>\n<p class=\"measure lg:measure-wide lg:leading-6\">Das Yeti convertible 2 ist Teil unserer vielseitigen Yeti-Serie, die alle Bed\u00fcrfnisse im Bereich der Leichtschirme abdeckt. F\u00fcr noch h\u00f6here Sicherheit kann man den optionalen Airbag mit dem Notschirm an das Convertible 2 h\u00e4ngen. Nun noch einen Yeti Schirm nehmen und los geht das Abenteuer!<\/p>\n<h4 class=\"font-condensed font-bold text-lg md:text-xl lg:text-2xl uppercase pt-4 text-grey-6 tracking-slight\">Technische Details: Wendegurtzeug<\/h4>\n<ul>\n<li class=\"pb-1 measure-wide\">Verstellbare R\u00fcckenposition<\/li>\n<li class=\"pb-1 measure-wide\">Low-friction Umlenkung f\u00fcr den Beschleuniger<\/li>\n<li class=\"pb-1 measure-wide\">Notschirm kann via Tunnel mit den Schultergurten verbunden werden<\/li>\n<li class=\"pb-1 measure-wide\">Verstellbares Volumen der R\u00fcckentasche<\/li>\n<li class=\"pb-1 measure-wide\">Verstellbarer Sitzwinkel<\/li>\n<li class=\"pb-1 measure-wide\">Manuelle Schnallen f\u00fcr das Get-Up-System<\/li>\n<li class=\"pb-1 measure-wide\">12mm Kevlar \/ 25mm Dyneema Gurte<\/li>\n<li class=\"pb-1 measure-wide\">Zertifiziert nach EN 1651<\/li>\n<li class=\"pb-1 measure-wide\">Airbag (500g)<\/li>\n<\/ul>\n<h4 class=\"font-condensed font-bold text-lg md:text-xl lg:text-2xl uppercase pt-4 text-grey-6 tracking-slight\">Technische Details: Rucksack<\/h4>\n<ul>\n<li class=\"pb-1 measure-wide\">Mesh-Seitentasche<\/li>\n<li class=\"pb-1 measure-wide\">Ergonomische R\u00fcckenform<\/li>\n<li class=\"pb-1 measure-wide\">Mesh-Material an den Schultergurten und dem H\u00fcftgurt f\u00fcr gute Atmungsaktivit\u00e4t<\/li>\n<li class=\"pb-1 measure-wide\">Seitliche Kompressionsriemen<\/li>\n<li class=\"pb-1 measure-wide\">Anbringungsm\u00f6glichkeit f\u00fcr Wanderst\u00f6cke, Steigeisen, Eispickel usw<\/li>\n<\/ul>\n<h4 class=\"font-condensed font-bold text-lg md:text-xl lg:text-2xl uppercase pt-4 text-grey-6 tracking-slight\">Technische Daten<\/h4>\n<div class=\"relative overflow-x-auto\">\n<table class=\"g-table-striped w-full text-xs sm:text-sm text-left border-b\">\n<thead class=\"font-condensed text-grey-7 uppercase bg-white border-t border-grey-2 px-2 py-1 lg:px-4 lg:py-2\">\n<tr>\n<th class=\"px-2 py-1 lg:px-4 lg:py-2\" scope=\"col\">Gr\u00f6ssen<\/th>\n<th scope=\"col\">S<\/th>\n<th scope=\"col\">M<\/th>\n<th scope=\"col\">L<\/th>\n<\/tr>\n<\/thead>\n<tbody>\n<tr>\n<th class=\"px-2 py-1 lg:px-4 lg:py-2 text-grey-9 whitespace-nowrap\" scope=\"row\">Gr\u00f6sse des Piloten (cm)<\/th>\n<td>160-175<\/td>\n<td>170-185<\/td>\n<td>&gt;180<\/td>\n<\/tr>\n<tr>\n<th class=\"px-2 py-1 lg:px-4 lg:py-2 text-grey-9 whitespace-nowrap\" scope=\"row\">Gewicht (kg)<\/th>\n<td>1.32<\/td>\n<td>1.36<\/td>\n<td>1.54<\/td>\n<\/tr>\n<\/tbody>\n<\/table>\n<\/div>\n<p class=\"text-xs md:text-sm pb-2\"><i>Quoted weight excluding removable helmet holder, speedbar, carabiners and optional airbag.<\/i><\/p>\n<p><strong>Volumen des Rucksacks:<\/strong>\u00a040L<\/p>\n<p><img decoding=\"async\" src=\"https:\/\/www.gingliders.com\/img\/hs-yeti-xtrem-2-size-guide.png\" \/><\/p>\n<\/div>\n<\/div>\n<p><strong>&#8211; Inklusive optionalem Airbag mit Retterfach<\/strong><\/p>\n<p>&nbsp;<\/p>\n<p>Mehr <a href=\"https:\/\/www.gingliders.com\/de\/harnesses\/yeti-convertible-2\/\" target=\"_blank\" rel=\"noopener noreferrer\">Infos<\/a><\/p>\n<p>Falls dieser Artikel nicht an Lager ist, wird er f\u00fcr dich bestellt. Lieferfrist auf Anfrage.<\/p>\n","protected":false},"featured_media":9969,"comment_status":"closed","ping_status":"closed","template":"","meta":[],"product_brand":[],"product_cat":[1042,1026],"product_tag":[1040,1000,90,998],"class_list":{"0":"post-3882","1":"product","2":"type-product","3":"status-publish","4":"has-post-thumbnail","6":"product_cat-gleitschirm-wendegurtzeuge","7":"product_cat-leichte-gleitschirmgurtzeuge","8":"product_tag-leichtgurtzeug","9":"product_tag-sitzgurtzeug","10":"product_tag-verkaufsartikel","11":"product_tag-wendegurtzeug","12":"product_shipping_class-priority-10kg-de","14":"first","15":"instock","16":"sale","17":"shipping-taxable","18":"purchasable","19":"product-type-variable"},"yoast_head":"<!-- This site is optimized with the Yoast SEO Premium plugin v26.1 (Yoast SEO v27.4) - https:\/\/yoast.com\/product\/yoast-seo-premium-wordpress\/ -->\n<title>Gin Yeti Convertible 2 | Gleitschirmschule Thun, Bern, Interlaken<\/title>\n<meta name=\"description\" content=\"Das Yeti Convertible 2 ist ein leichtes Wendegurtzeug mit geteilten Beinschlaufen. Es eignet sich ideal f\u00fcr Hike\u2019n Fly, Para-Alpinismus, zum Reisen und zum Soaren. Das Yeti Convertible 2 wurde hinsichtlich der Materialien weiterentwickelt: Leichteres Material in Verbindung mit einer sorgf\u00e4ltig optimierten Geometrie sorgt nun f\u00fcr maximalen Komfort und Benutzerfreundlichkeit.\" \/>\n<meta name=\"robots\" content=\"index, follow, max-snippet:-1, max-image-preview:large, max-video-preview:-1\" \/>\n<link rel=\"canonical\" href=\"https:\/\/swissgliders.ch\/de\/produkt\/gin-yeti-convertible-2\/\" \/>\n<meta property=\"og:locale\" content=\"de_DE\" \/>\n<meta property=\"og:type\" content=\"article\" \/>\n<meta property=\"og:title\" content=\"Gin Yeti Convertible 2\" \/>\n<meta property=\"og:description\" content=\"Das Yeti Convertible 2 ist ein leichtes Wendegurtzeug mit geteilten Beinschlaufen. Es eignet sich ideal f\u00fcr Hike\u2019n Fly, Para-Alpinismus, zum Reisen und zum Soaren. Das Yeti Convertible 2 wurde hinsichtlich der Materialien weiterentwickelt: Leichteres Material in Verbindung mit einer sorgf\u00e4ltig optimierten Geometrie sorgt nun f\u00fcr maximalen Komfort und Benutzerfreundlichkeit.\" \/>\n<meta property=\"og:url\" content=\"https:\/\/swissgliders.ch\/de\/produkt\/gin-yeti-convertible-2\/\" \/>\n<meta property=\"og:site_name\" content=\"Gleitschirmschule Thun, Bern, Interlaken\" \/>\n<meta property=\"article:publisher\" content=\"https:\/\/www.facebook.com\/swissgliders\" \/>\n<meta property=\"article:modified_time\" content=\"2025-04-02T09:11:21+00:00\" \/>\n<meta property=\"og:image\" content=\"https:\/\/swissgliders.ch\/wp-content\/uploads\/2020\/01\/Gin_Gurtzeug_Yeti_Convertible_2-1.jpg\" \/>\n\t<meta property=\"og:image:width\" content=\"770\" \/>\n\t<meta property=\"og:image:height\" content=\"512\" \/>\n\t<meta property=\"og:image:type\" content=\"image\/jpeg\" \/>\n<meta name=\"twitter:card\" content=\"summary_large_image\" \/>\n<meta name=\"twitter:site\" content=\"@Swissgliders\" \/>\n<meta name=\"twitter:label1\" content=\"Verf\u00fcgbarkeit\" \/>\n\t<meta name=\"twitter:data1\" content=\"Auf Lager\" \/>\n<script type=\"application\/ld+json\" class=\"yoast-schema-graph\">{\"@context\":\"https:\\\/\\\/schema.org\",\"@graph\":[{\"@type\":\"WebPage\",\"@id\":\"https:\\\/\\\/swissgliders.ch\\\/de\\\/produkt\\\/gin-yeti-convertible-2\\\/\",\"url\":\"https:\\\/\\\/swissgliders.ch\\\/de\\\/produkt\\\/gin-yeti-convertible-2\\\/\",\"name\":\"Gin Yeti Convertible 2 | Gleitschirmschule Thun, Bern, Interlaken\",\"isPartOf\":{\"@id\":\"https:\\\/\\\/swissgliders.ch\\\/de\\\/#website\"},\"primaryImageOfPage\":{\"@id\":\"https:\\\/\\\/swissgliders.ch\\\/de\\\/produkt\\\/gin-yeti-convertible-2\\\/#primaryimage\"},\"image\":{\"@id\":\"https:\\\/\\\/swissgliders.ch\\\/de\\\/produkt\\\/gin-yeti-convertible-2\\\/#primaryimage\"},\"thumbnailUrl\":\"https:\\\/\\\/swissgliders.ch\\\/wp-content\\\/uploads\\\/2020\\\/01\\\/Gin_Gurtzeug_Yeti_Convertible_2-1.jpg\",\"datePublished\":\"2020-01-05T09:58:20+00:00\",\"dateModified\":\"2025-04-02T09:11:21+00:00\",\"description\":\"Das Yeti Convertible 2 ist ein leichtes Wendegurtzeug mit geteilten Beinschlaufen. Es eignet sich ideal f\u00fcr Hike\u2019n Fly, Para-Alpinismus, zum Reisen und zum Soaren. Das Yeti Convertible 2 wurde hinsichtlich der Materialien weiterentwickelt: Leichteres Material in Verbindung mit einer sorgf\u00e4ltig optimierten Geometrie sorgt nun f\u00fcr maximalen Komfort und Benutzerfreundlichkeit.\",\"breadcrumb\":{\"@id\":\"https:\\\/\\\/swissgliders.ch\\\/de\\\/produkt\\\/gin-yeti-convertible-2\\\/#breadcrumb\"},\"inLanguage\":\"de\",\"potentialAction\":[{\"@type\":\"ReadAction\",\"target\":[\"https:\\\/\\\/swissgliders.ch\\\/de\\\/produkt\\\/gin-yeti-convertible-2\\\/\"]}]},{\"@type\":\"ImageObject\",\"inLanguage\":\"de\",\"@id\":\"https:\\\/\\\/swissgliders.ch\\\/de\\\/produkt\\\/gin-yeti-convertible-2\\\/#primaryimage\",\"url\":\"https:\\\/\\\/swissgliders.ch\\\/wp-content\\\/uploads\\\/2020\\\/01\\\/Gin_Gurtzeug_Yeti_Convertible_2-1.jpg\",\"contentUrl\":\"https:\\\/\\\/swissgliders.ch\\\/wp-content\\\/uploads\\\/2020\\\/01\\\/Gin_Gurtzeug_Yeti_Convertible_2-1.jpg\",\"width\":770,\"height\":512,\"caption\":\"Gin_Gurtzeug_Yeti_Convertible_2-1\"},{\"@type\":\"BreadcrumbList\",\"@id\":\"https:\\\/\\\/swissgliders.ch\\\/de\\\/produkt\\\/gin-yeti-convertible-2\\\/#breadcrumb\",\"itemListElement\":[{\"@type\":\"ListItem\",\"position\":1,\"name\":\"Startseite\",\"item\":\"https:\\\/\\\/swissgliders.ch\\\/de\\\/willkommen\\\/\"},{\"@type\":\"ListItem\",\"position\":2,\"name\":\"Gleitschirm Shop\",\"item\":\"https:\\\/\\\/swissgliders.ch\\\/de\\\/gleitschirm-shop\\\/\"},{\"@type\":\"ListItem\",\"position\":3,\"name\":\"Gin Yeti Convertible 2\"}]},{\"@type\":\"WebSite\",\"@id\":\"https:\\\/\\\/swissgliders.ch\\\/de\\\/#website\",\"url\":\"https:\\\/\\\/swissgliders.ch\\\/de\\\/\",\"name\":\"Gleitschirmschule Thun, Bern, Interlaken\",\"description\":\"Gleitschirmschule Thun, Bern, Interlaken\",\"publisher\":{\"@id\":\"https:\\\/\\\/swissgliders.ch\\\/de\\\/#organization\"},\"potentialAction\":[{\"@type\":\"SearchAction\",\"target\":{\"@type\":\"EntryPoint\",\"urlTemplate\":\"https:\\\/\\\/swissgliders.ch\\\/de\\\/?s={search_term_string}\"},\"query-input\":{\"@type\":\"PropertyValueSpecification\",\"valueRequired\":true,\"valueName\":\"search_term_string\"}}],\"inLanguage\":\"de\"},{\"@type\":\"Organization\",\"@id\":\"https:\\\/\\\/swissgliders.ch\\\/de\\\/#organization\",\"name\":\"Swissgliders Gleitschirmflugschule Thun\",\"url\":\"https:\\\/\\\/swissgliders.ch\\\/de\\\/\",\"logo\":{\"@type\":\"ImageObject\",\"inLanguage\":\"de\",\"@id\":\"https:\\\/\\\/swissgliders.ch\\\/de\\\/#\\\/schema\\\/logo\\\/image\\\/\",\"url\":\"https:\\\/\\\/swissgliders.ch\\\/wp-content\\\/uploads\\\/2019\\\/12\\\/swissgliders-logo-rgb-square-L-no-ch-01.png\",\"contentUrl\":\"https:\\\/\\\/swissgliders.ch\\\/wp-content\\\/uploads\\\/2019\\\/12\\\/swissgliders-logo-rgb-square-L-no-ch-01.png\",\"width\":2500,\"height\":2500,\"caption\":\"Swissgliders Gleitschirmflugschule Thun\"},\"image\":{\"@id\":\"https:\\\/\\\/swissgliders.ch\\\/de\\\/#\\\/schema\\\/logo\\\/image\\\/\"},\"sameAs\":[\"https:\\\/\\\/www.facebook.com\\\/swissgliders\",\"https:\\\/\\\/x.com\\\/Swissgliders\",\"https:\\\/\\\/www.instagram.com\\\/swissgliders\\\/\",\"https:\\\/\\\/www.youtube.com\\\/channel\\\/UCMCtGdepy9vBhrhX3V_oJOA\"],\"hasMerchantReturnPolicy\":{\"@type\":\"MerchantReturnPolicy\",\"merchantReturnLink\":\"https:\\\/\\\/swissgliders.ch\\\/de\\\/allgemeine-geschaftsbedingungen\\\/\"}}]}<\/script>\n<meta property=\"og:availability\" content=\"instock\" \/>\n<meta property=\"product:availability\" content=\"instock\" \/>\n<meta property=\"product:condition\" content=\"new\" \/>\n<!-- \/ Yoast SEO Premium plugin. -->","yoast_head_json":{"title":"Gin Yeti Convertible 2 | Gleitschirmschule Thun, Bern, Interlaken","description":"Das Yeti Convertible 2 ist ein leichtes Wendegurtzeug mit geteilten Beinschlaufen. Es eignet sich ideal f\u00fcr Hike\u2019n Fly, Para-Alpinismus, zum Reisen und zum Soaren. Das Yeti Convertible 2 wurde hinsichtlich der Materialien weiterentwickelt: Leichteres Material in Verbindung mit einer sorgf\u00e4ltig optimierten Geometrie sorgt nun f\u00fcr maximalen Komfort und Benutzerfreundlichkeit.","robots":{"index":"index","follow":"follow","max-snippet":"max-snippet:-1","max-image-preview":"max-image-preview:large","max-video-preview":"max-video-preview:-1"},"canonical":"https:\/\/swissgliders.ch\/de\/produkt\/gin-yeti-convertible-2\/","og_locale":"de_DE","og_type":"article","og_title":"Gin Yeti Convertible 2","og_description":"Das Yeti Convertible 2 ist ein leichtes Wendegurtzeug mit geteilten Beinschlaufen. Es eignet sich ideal f\u00fcr Hike\u2019n Fly, Para-Alpinismus, zum Reisen und zum Soaren. Das Yeti Convertible 2 wurde hinsichtlich der Materialien weiterentwickelt: Leichteres Material in Verbindung mit einer sorgf\u00e4ltig optimierten Geometrie sorgt nun f\u00fcr maximalen Komfort und Benutzerfreundlichkeit.","og_url":"https:\/\/swissgliders.ch\/de\/produkt\/gin-yeti-convertible-2\/","og_site_name":"Gleitschirmschule Thun, Bern, Interlaken","article_publisher":"https:\/\/www.facebook.com\/swissgliders","article_modified_time":"2025-04-02T09:11:21+00:00","og_image":[{"width":770,"height":512,"url":"https:\/\/swissgliders.ch\/wp-content\/uploads\/2020\/01\/Gin_Gurtzeug_Yeti_Convertible_2-1.jpg","type":"image\/jpeg"}],"twitter_card":"summary_large_image","twitter_site":"@Swissgliders","twitter_misc":{"Verf\u00fcgbarkeit":"Auf Lager"},"schema":{"@context":"https:\/\/schema.org","@graph":[{"@type":"WebPage","@id":"https:\/\/swissgliders.ch\/de\/produkt\/gin-yeti-convertible-2\/","url":"https:\/\/swissgliders.ch\/de\/produkt\/gin-yeti-convertible-2\/","name":"Gin Yeti Convertible 2 | Gleitschirmschule Thun, Bern, Interlaken","isPartOf":{"@id":"https:\/\/swissgliders.ch\/de\/#website"},"primaryImageOfPage":{"@id":"https:\/\/swissgliders.ch\/de\/produkt\/gin-yeti-convertible-2\/#primaryimage"},"image":{"@id":"https:\/\/swissgliders.ch\/de\/produkt\/gin-yeti-convertible-2\/#primaryimage"},"thumbnailUrl":"https:\/\/swissgliders.ch\/wp-content\/uploads\/2020\/01\/Gin_Gurtzeug_Yeti_Convertible_2-1.jpg","datePublished":"2020-01-05T09:58:20+00:00","dateModified":"2025-04-02T09:11:21+00:00","description":"Das Yeti Convertible 2 ist ein leichtes Wendegurtzeug mit geteilten Beinschlaufen. Es eignet sich ideal f\u00fcr Hike\u2019n Fly, Para-Alpinismus, zum Reisen und zum Soaren. Das Yeti Convertible 2 wurde hinsichtlich der Materialien weiterentwickelt: Leichteres Material in Verbindung mit einer sorgf\u00e4ltig optimierten Geometrie sorgt nun f\u00fcr maximalen Komfort und Benutzerfreundlichkeit.","breadcrumb":{"@id":"https:\/\/swissgliders.ch\/de\/produkt\/gin-yeti-convertible-2\/#breadcrumb"},"inLanguage":"de","potentialAction":[{"@type":"ReadAction","target":["https:\/\/swissgliders.ch\/de\/produkt\/gin-yeti-convertible-2\/"]}]},{"@type":"ImageObject","inLanguage":"de","@id":"https:\/\/swissgliders.ch\/de\/produkt\/gin-yeti-convertible-2\/#primaryimage","url":"https:\/\/swissgliders.ch\/wp-content\/uploads\/2020\/01\/Gin_Gurtzeug_Yeti_Convertible_2-1.jpg","contentUrl":"https:\/\/swissgliders.ch\/wp-content\/uploads\/2020\/01\/Gin_Gurtzeug_Yeti_Convertible_2-1.jpg","width":770,"height":512,"caption":"Gin_Gurtzeug_Yeti_Convertible_2-1"},{"@type":"BreadcrumbList","@id":"https:\/\/swissgliders.ch\/de\/produkt\/gin-yeti-convertible-2\/#breadcrumb","itemListElement":[{"@type":"ListItem","position":1,"name":"Startseite","item":"https:\/\/swissgliders.ch\/de\/willkommen\/"},{"@type":"ListItem","position":2,"name":"Gleitschirm Shop","item":"https:\/\/swissgliders.ch\/de\/gleitschirm-shop\/"},{"@type":"ListItem","position":3,"name":"Gin Yeti Convertible 2"}]},{"@type":"WebSite","@id":"https:\/\/swissgliders.ch\/de\/#website","url":"https:\/\/swissgliders.ch\/de\/","name":"Gleitschirmschule Thun, Bern, Interlaken","description":"Gleitschirmschule Thun, Bern, Interlaken","publisher":{"@id":"https:\/\/swissgliders.ch\/de\/#organization"},"potentialAction":[{"@type":"SearchAction","target":{"@type":"EntryPoint","urlTemplate":"https:\/\/swissgliders.ch\/de\/?s={search_term_string}"},"query-input":{"@type":"PropertyValueSpecification","valueRequired":true,"valueName":"search_term_string"}}],"inLanguage":"de"},{"@type":"Organization","@id":"https:\/\/swissgliders.ch\/de\/#organization","name":"Swissgliders Gleitschirmflugschule Thun","url":"https:\/\/swissgliders.ch\/de\/","logo":{"@type":"ImageObject","inLanguage":"de","@id":"https:\/\/swissgliders.ch\/de\/#\/schema\/logo\/image\/","url":"https:\/\/swissgliders.ch\/wp-content\/uploads\/2019\/12\/swissgliders-logo-rgb-square-L-no-ch-01.png","contentUrl":"https:\/\/swissgliders.ch\/wp-content\/uploads\/2019\/12\/swissgliders-logo-rgb-square-L-no-ch-01.png","width":2500,"height":2500,"caption":"Swissgliders Gleitschirmflugschule Thun"},"image":{"@id":"https:\/\/swissgliders.ch\/de\/#\/schema\/logo\/image\/"},"sameAs":["https:\/\/www.facebook.com\/swissgliders","https:\/\/x.com\/Swissgliders","https:\/\/www.instagram.com\/swissgliders\/","https:\/\/www.youtube.com\/channel\/UCMCtGdepy9vBhrhX3V_oJOA"],"hasMerchantReturnPolicy":{"@type":"MerchantReturnPolicy","merchantReturnLink":"https:\/\/swissgliders.ch\/de\/allgemeine-geschaftsbedingungen\/"}}]},"og_availability":"instock","product_availability":"instock","product_condition":"new"},"_links":{"self":[{"href":"https:\/\/swissgliders.ch\/de\/wp-json\/wp\/v2\/product\/3882","targetHints":{"allow":["GET"]}}],"collection":[{"href":"https:\/\/swissgliders.ch\/de\/wp-json\/wp\/v2\/product"}],"about":[{"href":"https:\/\/swissgliders.ch\/de\/wp-json\/wp\/v2\/types\/product"}],"replies":[{"embeddable":true,"href":"https:\/\/swissgliders.ch\/de\/wp-json\/wp\/v2\/comments?post=3882"}],"wp:featuredmedia":[{"embeddable":true,"href":"https:\/\/swissgliders.ch\/de\/wp-json\/wp\/v2\/media\/9969"}],"wp:attachment":[{"href":"https:\/\/swissgliders.ch\/de\/wp-json\/wp\/v2\/media?parent=3882"}],"wp:term":[{"taxonomy":"product_brand","embeddable":true,"href":"https:\/\/swissgliders.ch\/de\/wp-json\/wp\/v2\/product_brand?post=3882"},{"taxonomy":"product_cat","embeddable":true,"href":"https:\/\/swissgliders.ch\/de\/wp-json\/wp\/v2\/product_cat?post=3882"},{"taxonomy":"product_tag","embeddable":true,"href":"https:\/\/swissgliders.ch\/de\/wp-json\/wp\/v2\/product_tag?post=3882"}],"curies":[{"name":"wp","href":"https:\/\/api.w.org\/{rel}","templated":true}]}}