{"id":3980,"date":"2020-01-16T22:20:10","date_gmt":"2020-01-16T21:20:10","guid":{"rendered":"https:\/\/swissgliders.ch\/?post_type=product&#038;p=3980"},"modified":"2025-09-26T18:15:56","modified_gmt":"2025-09-26T17:15:56","slug":"niviuk-konvers-3","status":"publish","type":"product","link":"https:\/\/swissgliders.ch\/de\/produkt\/niviuk-konvers-3\/","title":{"rendered":"Niviuk Konvers 3"},"content":{"rendered":"<h3>Niviuk Konvers 3 Wendegurtzeug<\/h3>\n<p><strong><br \/>\nVIELSEITIG UND FUNKTIONAL<\/strong><\/p>\n<p>Konvers 3 &#8211; das vielseitige Gurtzeug mit Sitzbrett. Es ist bequem, ergonomisch und deckt praktisch alle Bed\u00fcrfnisse des Piloten ab: Ausgestattet mit Wendefunktion und abnehmbarem Rucksack, passt es sich jedem Einsatzzweck an.<\/p>\n<p>Das 3D-Design bietet Stabilit\u00e4t, Pr\u00e4zision und maximale Bewegungsfreiheit. Es eignet sich perfekt f\u00fcr Thermikfl\u00fcge, Genussfliegen und Bodenhandling. Es ist kompakt und sicher und verf\u00fcgt \u00fcber einen vorgef\u00fcllten Airbag sowie ein integriertes Rettungsschirmfach.<\/p>\n<div class='avia-iframe-wrap'><iframe loading=\"lazy\" title=\"Konvers 3 harness | Versatile and functional | Niviuk Paragliders\" width=\"1500\" height=\"844\" src=\"https:\/\/www.youtube.com\/embed\/QRm8GAPnh6o?feature=oembed\" frameborder=\"0\" allow=\"accelerometer; autoplay; clipboard-write; encrypted-media; gyroscope; picture-in-picture; web-share\" referrerpolicy=\"strict-origin-when-cross-origin\" allowfullscreen><\/iframe><\/div>\n<p>&nbsp;<\/p>\n<h4 class=\"titol titol_generic_producte aos-init aos-animate\" data-aos=\"fade-up\">Zielgruppe<\/h4>\n<div class=\"desc\">\n<div class=\"aos-init aos-animate\" data-aos=\"fade-up\"><strong>F\u00fcr Einsteiger und Fortgeschrittene<\/strong><br \/>\nDieses Gurtzeug ist einfach in der Handhabung, es eignet sich perfekt f\u00fcr Einsteiger und fortgeschrittene Piloten, die beim Thermikfliegen Wert auf Leichtigkeit und Stabilit\u00e4t legen.<\/div>\n<div class=\"aos-init aos-animate\" data-aos=\"fade-up\"><strong>Flugvergn\u00fcgen jeden Tag und f\u00fcr jeden Piloten<\/strong><br \/>\nDas Konvers 3 ist sehr vielseitig und ideal f\u00fcr ein breites Spektrum an Piloten, von Anf\u00e4ngern bis zu erfahrenen Piloten, die ein bequemes und funktionelles Sitzgurtzeug suchen.<\/div>\n<div class=\"aos-init aos-animate\" data-aos=\"fade-up\"><strong>Hike &amp; Fly<\/strong><br \/>\nDer Konvers 3 ist wendbar \u2013 eine ausgezeichnete Option, um zu Fu\u00df zum Startplatz zu wandern und zum Genuss- oder Thermikflug abzuheben.<\/div>\n<\/div>\n<p>&nbsp;<\/p>\n<div class=\"titol\">\n<p><strong>Wenden oder nicht?<\/strong><\/p>\n<\/div>\n<div>\n<p>Der Konvers 3 ist optional wendbar. Gurt und Rucksack werden zusammen geliefert, k\u00f6nnen aber getrennt werden. Wenn du das Wendesystem nutzen m\u00f6chtest, zippe sie einfach zusammen. Wenn du deinen Gurt lieber in einem anderen Rucksack transportieren m\u00f6chtest, kannst du den Rei\u00dfverschluss \u00f6ffnen und ihn unabh\u00e4ngig voneinander verwenden.<\/p>\n<p>Der Rucksack mit seinem cleveren Wendesystem ist so konzipiert, dass der Schirm direkt auf deinem R\u00fccken aufliegt, das verleiht ihm Struktur und optimiert damit den Tragekomfort.<\/p>\n<\/div>\n<p>&nbsp;<\/p>\n<div class=\"\">\n<h4 class=\"titol titol_generic aos-init aos-animate\" data-aos=\"fade-in\">Technische Daten<\/h4>\n<\/div>\n<div id=\"content_especificaciones\">\n<table id=\"tabla_especificaciones\" class=\"aos-init aos-animate\" cellspacing=\"0\" data-aos=\"fade-up\">\n<thead>\n<tr>\n<th><\/th>\n<th><\/th>\n<th><\/th>\n<th width=\"165\"><b>S<\/b><\/th>\n<th width=\"165\"><b>M<\/b><\/th>\n<th width=\"165\"><b>L<\/b><\/th>\n<th width=\"165\"><b>XL<\/b><\/th>\n<\/tr>\n<\/thead>\n<tbody>\n<tr>\n<td><b>GEWICHT<\/b><\/td>\n<td><\/td>\n<td>kg<\/td>\n<td>3,24<\/td>\n<td>3,37<\/td>\n<td>3,62<\/td>\n<td>3,84<\/td>\n<\/tr>\n<tr>\n<td><b>PILOTENGR\u00d6\u00dfE<\/b><\/td>\n<td><\/td>\n<td>cm<\/td>\n<td>155-173<\/td>\n<td>167-183<\/td>\n<td>178-190<\/td>\n<td>185-200<\/td>\n<\/tr>\n<tr>\n<td><b>L\u00c4NGE R\u00dcCKENTEIL<\/b><\/td>\n<td><\/td>\n<td>cm<\/td>\n<td>58<\/td>\n<td>65<\/td>\n<td>69<\/td>\n<td>71<\/td>\n<\/tr>\n<tr>\n<td><b>SITZFL\u00c4CHE<\/b><\/td>\n<td>BREITE<\/td>\n<td>cm<\/td>\n<td>35<\/td>\n<td>37<\/td>\n<td>38,5<\/td>\n<td>45<\/td>\n<\/tr>\n<tr>\n<td class=\"no_content\"><\/td>\n<td>LANGE<\/td>\n<td>cm<\/td>\n<td>46,5<\/td>\n<td>48<\/td>\n<td>53,5<\/td>\n<td>56<\/td>\n<\/tr>\n<tr>\n<td><b>VOLUMEN R\u00dcCKENFACH<\/b><\/td>\n<td><\/td>\n<td>L<\/td>\n<td>15<\/td>\n<td>17<\/td>\n<td>20<\/td>\n<td>30<\/td>\n<\/tr>\n<tr>\n<td><b>VOLUMEN RETTERFACH<\/b><\/td>\n<td><\/td>\n<td>L<\/td>\n<td>2,5-5,5<\/td>\n<td>2,5-6<\/td>\n<td>2,5-6<\/td>\n<td>2,5-6,7<\/td>\n<\/tr>\n<tr>\n<td><b>INHALT RUCKSACK<\/b><\/td>\n<td><\/td>\n<td>L<\/td>\n<td>85<\/td>\n<td>85<\/td>\n<td>100<\/td>\n<td>100<\/td>\n<\/tr>\n<tr>\n<td><b>INHALT GURTZEUG<\/b><\/td>\n<td><\/td>\n<td>L<\/td>\n<td>28<\/td>\n<td>32<\/td>\n<td>35<\/td>\n<td>40<\/td>\n<\/tr>\n<tr>\n<td><b>KARABINERABSTAND<\/b><\/td>\n<td><\/td>\n<td>cm<\/td>\n<td>45-55<\/td>\n<td>45-55<\/td>\n<td>45-55<\/td>\n<td>45-55<\/td>\n<\/tr>\n<tr>\n<td><b>MAX. ZULADUNG<\/b><\/td>\n<td><\/td>\n<td>kg<\/td>\n<td>120<\/td>\n<td>120<\/td>\n<td>120<\/td>\n<td>120<\/td>\n<\/tr>\n<tr>\n<td><b>ZERTIFIZIERUNG<\/b><\/td>\n<td><\/td>\n<td><\/td>\n<td>\n<div>EN\/LTF<\/div>\n<\/td>\n<td>\n<div>EN\/LTF<\/div>\n<\/td>\n<td>\n<div>EN\/LTF<\/div>\n<\/td>\n<td>\n<div>EN\/LTF<\/div>\n<\/td>\n<\/tr>\n<\/tbody>\n<\/table>\n<\/div>\n<p>Mehr <a href=\"https:\/\/niviuk.com\/de\/konvers-3\" target=\"_blank\" rel=\"noopener noreferrer\">Infos<\/a><\/p>\n<p>Falls dieser Artikel nicht an Lager ist, wird er f\u00fcr dich bestellt. Lieferfrist auf Anfrage.<\/p>\n","protected":false},"excerpt":{"rendered":"<h3>Niviuk Konvers 3 Wendegurtzeug<\/h3>\n<p><strong><br \/>\nVIELSEITIG UND FUNKTIONAL<\/strong><\/p>\n<p>Konvers 3 &#8211; das vielseitige Gurtzeug mit Sitzbrett. Es ist bequem, ergonomisch und deckt praktisch alle Bed\u00fcrfnisse des Piloten ab: Ausgestattet mit Wendefunktion und abnehmbarem Rucksack, passt es sich jedem Einsatzzweck an.<\/p>\n<p>Das 3D-Design bietet Stabilit\u00e4t, Pr\u00e4zision und maximale Bewegungsfreiheit. Es eignet sich perfekt f\u00fcr Thermikfl\u00fcge, Genussfliegen und Bodenhandling. Es ist kompakt und sicher und verf\u00fcgt \u00fcber einen vorgef\u00fcllten Airbag sowie ein integriertes Rettungsschirmfach.<\/p>\n<p>https:\/\/youtu.be\/QRm8GAPnh6o<\/p>\n<p>&nbsp;<\/p>\n<h4 class=\"titol titol_generic_producte aos-init aos-animate\" data-aos=\"fade-up\">Zielgruppe<\/h4>\n<div class=\"desc\">\n<div class=\"aos-init aos-animate\" data-aos=\"fade-up\"><strong>F\u00fcr Einsteiger und Fortgeschrittene<\/strong><br \/>\nDieses Gurtzeug ist einfach in der Handhabung, es eignet sich perfekt f\u00fcr Einsteiger und fortgeschrittene Piloten, die beim Thermikfliegen Wert auf Leichtigkeit und Stabilit\u00e4t legen.<\/div>\n<div class=\"aos-init aos-animate\" data-aos=\"fade-up\"><strong>Flugvergn\u00fcgen jeden Tag und f\u00fcr jeden Piloten<\/strong><br \/>\nDas Konvers 3 ist sehr vielseitig und ideal f\u00fcr ein breites Spektrum an Piloten, von Anf\u00e4ngern bis zu erfahrenen Piloten, die ein bequemes und funktionelles Sitzgurtzeug suchen.<\/div>\n<div class=\"aos-init aos-animate\" data-aos=\"fade-up\"><strong>Hike &amp; Fly<\/strong><br \/>\nDer Konvers 3 ist wendbar \u2013 eine ausgezeichnete Option, um zu Fu\u00df zum Startplatz zu wandern und zum Genuss- oder Thermikflug abzuheben.<\/div>\n<\/div>\n<p>&nbsp;<\/p>\n<div class=\"titol\">\n<p><strong>Wenden oder nicht?<\/strong><\/p>\n<\/div>\n<div>\n<p>Der Konvers 3 ist optional wendbar. Gurt und Rucksack werden zusammen geliefert, k\u00f6nnen aber getrennt werden. Wenn du das Wendesystem nutzen m\u00f6chtest, zippe sie einfach zusammen. Wenn du deinen Gurt lieber in einem anderen Rucksack transportieren m\u00f6chtest, kannst du den Rei\u00dfverschluss \u00f6ffnen und ihn unabh\u00e4ngig voneinander verwenden.<\/p>\n<p>Der Rucksack mit seinem cleveren Wendesystem ist so konzipiert, dass der Schirm direkt auf deinem R\u00fccken aufliegt, das verleiht ihm Struktur und optimiert damit den Tragekomfort.<\/p>\n<\/div>\n<p>&nbsp;<\/p>\n<div class=\"\">\n<h4 class=\"titol titol_generic aos-init aos-animate\" data-aos=\"fade-in\">Technische Daten<\/h4>\n<\/div>\n<div id=\"content_especificaciones\">\n<table id=\"tabla_especificaciones\" class=\"aos-init aos-animate\" cellspacing=\"0\" data-aos=\"fade-up\">\n<thead>\n<tr>\n<th><\/th>\n<th><\/th>\n<th><\/th>\n<th width=\"165\"><b>S<\/b><\/th>\n<th width=\"165\"><b>M<\/b><\/th>\n<th width=\"165\"><b>L<\/b><\/th>\n<th width=\"165\"><b>XL<\/b><\/th>\n<\/tr>\n<\/thead>\n<tbody>\n<tr>\n<td><b>GEWICHT<\/b><\/td>\n<td><\/td>\n<td>kg<\/td>\n<td>3,24<\/td>\n<td>3,37<\/td>\n<td>3,62<\/td>\n<td>3,84<\/td>\n<\/tr>\n<tr>\n<td><b>PILOTENGR\u00d6\u00dfE<\/b><\/td>\n<td><\/td>\n<td>cm<\/td>\n<td>155-173<\/td>\n<td>167-183<\/td>\n<td>178-190<\/td>\n<td>185-200<\/td>\n<\/tr>\n<tr>\n<td><b>L\u00c4NGE R\u00dcCKENTEIL<\/b><\/td>\n<td><\/td>\n<td>cm<\/td>\n<td>58<\/td>\n<td>65<\/td>\n<td>69<\/td>\n<td>71<\/td>\n<\/tr>\n<tr>\n<td><b>SITZFL\u00c4CHE<\/b><\/td>\n<td>BREITE<\/td>\n<td>cm<\/td>\n<td>35<\/td>\n<td>37<\/td>\n<td>38,5<\/td>\n<td>45<\/td>\n<\/tr>\n<tr>\n<td class=\"no_content\"><\/td>\n<td>LANGE<\/td>\n<td>cm<\/td>\n<td>46,5<\/td>\n<td>48<\/td>\n<td>53,5<\/td>\n<td>56<\/td>\n<\/tr>\n<tr>\n<td><b>VOLUMEN R\u00dcCKENFACH<\/b><\/td>\n<td><\/td>\n<td>L<\/td>\n<td>15<\/td>\n<td>17<\/td>\n<td>20<\/td>\n<td>30<\/td>\n<\/tr>\n<tr>\n<td><b>VOLUMEN RETTERFACH<\/b><\/td>\n<td><\/td>\n<td>L<\/td>\n<td>2,5-5,5<\/td>\n<td>2,5-6<\/td>\n<td>2,5-6<\/td>\n<td>2,5-6,7<\/td>\n<\/tr>\n<tr>\n<td><b>INHALT RUCKSACK<\/b><\/td>\n<td><\/td>\n<td>L<\/td>\n<td>85<\/td>\n<td>85<\/td>\n<td>100<\/td>\n<td>100<\/td>\n<\/tr>\n<tr>\n<td><b>INHALT GURTZEUG<\/b><\/td>\n<td><\/td>\n<td>L<\/td>\n<td>28<\/td>\n<td>32<\/td>\n<td>35<\/td>\n<td>40<\/td>\n<\/tr>\n<tr>\n<td><b>KARABINERABSTAND<\/b><\/td>\n<td><\/td>\n<td>cm<\/td>\n<td>45-55<\/td>\n<td>45-55<\/td>\n<td>45-55<\/td>\n<td>45-55<\/td>\n<\/tr>\n<tr>\n<td><b>MAX. ZULADUNG<\/b><\/td>\n<td><\/td>\n<td>kg<\/td>\n<td>120<\/td>\n<td>120<\/td>\n<td>120<\/td>\n<td>120<\/td>\n<\/tr>\n<tr>\n<td><b>ZERTIFIZIERUNG<\/b><\/td>\n<td><\/td>\n<td><\/td>\n<td>\n<div>EN\/LTF<\/div>\n<\/td>\n<td>\n<div>EN\/LTF<\/div>\n<\/td>\n<td>\n<div>EN\/LTF<\/div>\n<\/td>\n<td>\n<div>EN\/LTF<\/div>\n<\/td>\n<\/tr>\n<\/tbody>\n<\/table>\n<\/div>\n<p><strong>ALS DEMO IN GR\u00d6SSE M BEI UNS IM SHOP IN THUN VERF\u00dcGBAR.<\/strong><\/p>\n<p>Mehr <a href=\"https:\/\/niviuk.com\/de\/konvers-3\" target=\"_blank\" rel=\"noopener noreferrer\">Infos<\/a><\/p>\n<p>Falls dieser Artikel nicht an Lager ist, wird er f\u00fcr dich bestellt. Lieferfrist auf Anfrage.<\/p>\n","protected":false},"featured_media":19110,"comment_status":"closed","ping_status":"closed","template":"","meta":[],"product_brand":[2602],"product_cat":[1042],"product_tag":[1000,90,998],"class_list":{"0":"post-3980","1":"product","2":"type-product","3":"status-publish","4":"has-post-thumbnail","6":"product_brand-niviuk","7":"product_cat-gleitschirm-wendegurtzeuge","8":"product_tag-sitzgurtzeug","9":"product_tag-verkaufsartikel","10":"product_tag-wendegurtzeug","11":"product_shipping_class-priority-10kg-de","13":"first","14":"instock","15":"sale","16":"shipping-taxable","17":"purchasable","18":"product-type-variable"},"yoast_head":"<!-- This site is optimized with the Yoast SEO Premium plugin v26.1 (Yoast SEO v27.3) - https:\/\/yoast.com\/product\/yoast-seo-premium-wordpress\/ -->\n<title>Niviuk Konvers 3 | Gleitschirmschule Thun, Bern, Interlaken<\/title>\n<meta name=\"description\" content=\"Erlebe unvergleichliche Vielseitigkeit mit dem Niviuk Konvers 3 Wendegurtzeug. Sein ergonomisches Design und seine Funktionen garantieren Komfort und Sicherheit f\u00fcr jeden Piloten!\" \/>\n<meta name=\"robots\" content=\"index, follow, max-snippet:-1, max-image-preview:large, max-video-preview:-1\" \/>\n<link rel=\"canonical\" href=\"https:\/\/swissgliders.ch\/de\/produkt\/niviuk-konvers-3\/\" \/>\n<meta property=\"og:locale\" content=\"de_DE\" \/>\n<meta property=\"og:type\" content=\"article\" \/>\n<meta property=\"og:title\" content=\"Niviuk Konvers 3\" \/>\n<meta property=\"og:description\" content=\"Erlebe unvergleichliche Vielseitigkeit mit dem Niviuk Konvers 3 Wendegurtzeug. Sein ergonomisches Design und seine Funktionen garantieren Komfort und Sicherheit f\u00fcr jeden Piloten!\" \/>\n<meta property=\"og:url\" content=\"https:\/\/swissgliders.ch\/de\/produkt\/niviuk-konvers-3\/\" \/>\n<meta property=\"og:site_name\" content=\"Gleitschirmschule Thun, Bern, Interlaken\" \/>\n<meta property=\"article:publisher\" content=\"https:\/\/www.facebook.com\/swissgliders\" \/>\n<meta property=\"article:modified_time\" content=\"2025-09-26T17:15:56+00:00\" \/>\n<meta property=\"og:image\" content=\"https:\/\/swissgliders.ch\/wp-content\/uploads\/2020\/01\/Niviuk_Gurtzeug_Konvers-3-1.jpg\" \/>\n\t<meta property=\"og:image:width\" content=\"2190\" \/>\n\t<meta property=\"og:image:height\" content=\"1125\" \/>\n\t<meta property=\"og:image:type\" content=\"image\/jpeg\" \/>\n<meta name=\"twitter:card\" content=\"summary_large_image\" \/>\n<meta name=\"twitter:site\" content=\"@Swissgliders\" \/>\n<meta name=\"twitter:label1\" content=\"Verf\u00fcgbarkeit\" \/>\n\t<meta name=\"twitter:data1\" content=\"Auf Lager\" \/>\n<script type=\"application\/ld+json\" class=\"yoast-schema-graph\">{\"@context\":\"https:\\\/\\\/schema.org\",\"@graph\":[{\"@type\":\"WebPage\",\"@id\":\"https:\\\/\\\/swissgliders.ch\\\/de\\\/produkt\\\/niviuk-konvers-3\\\/\",\"url\":\"https:\\\/\\\/swissgliders.ch\\\/de\\\/produkt\\\/niviuk-konvers-3\\\/\",\"name\":\"Niviuk Konvers 3 | Gleitschirmschule Thun, Bern, Interlaken\",\"isPartOf\":{\"@id\":\"https:\\\/\\\/swissgliders.ch\\\/de\\\/#website\"},\"primaryImageOfPage\":{\"@id\":\"https:\\\/\\\/swissgliders.ch\\\/de\\\/produkt\\\/niviuk-konvers-3\\\/#primaryimage\"},\"image\":{\"@id\":\"https:\\\/\\\/swissgliders.ch\\\/de\\\/produkt\\\/niviuk-konvers-3\\\/#primaryimage\"},\"thumbnailUrl\":\"https:\\\/\\\/swissgliders.ch\\\/wp-content\\\/uploads\\\/2020\\\/01\\\/Niviuk_Gurtzeug_Konvers-3-1.jpg\",\"datePublished\":\"2020-01-16T21:20:10+00:00\",\"dateModified\":\"2025-09-26T17:15:56+00:00\",\"description\":\"Erlebe unvergleichliche Vielseitigkeit mit dem Niviuk Konvers 3 Wendegurtzeug. Sein ergonomisches Design und seine Funktionen garantieren Komfort und Sicherheit f\u00fcr jeden Piloten!\",\"breadcrumb\":{\"@id\":\"https:\\\/\\\/swissgliders.ch\\\/de\\\/produkt\\\/niviuk-konvers-3\\\/#breadcrumb\"},\"inLanguage\":\"de\",\"potentialAction\":[{\"@type\":\"ReadAction\",\"target\":[\"https:\\\/\\\/swissgliders.ch\\\/de\\\/produkt\\\/niviuk-konvers-3\\\/\"]}]},{\"@type\":\"ImageObject\",\"inLanguage\":\"de\",\"@id\":\"https:\\\/\\\/swissgliders.ch\\\/de\\\/produkt\\\/niviuk-konvers-3\\\/#primaryimage\",\"url\":\"https:\\\/\\\/swissgliders.ch\\\/wp-content\\\/uploads\\\/2020\\\/01\\\/Niviuk_Gurtzeug_Konvers-3-1.jpg\",\"contentUrl\":\"https:\\\/\\\/swissgliders.ch\\\/wp-content\\\/uploads\\\/2020\\\/01\\\/Niviuk_Gurtzeug_Konvers-3-1.jpg\",\"width\":2190,\"height\":1125,\"caption\":\"Niviuk_Gurtzeug_Konvers 3-1\"},{\"@type\":\"BreadcrumbList\",\"@id\":\"https:\\\/\\\/swissgliders.ch\\\/de\\\/produkt\\\/niviuk-konvers-3\\\/#breadcrumb\",\"itemListElement\":[{\"@type\":\"ListItem\",\"position\":1,\"name\":\"Startseite\",\"item\":\"https:\\\/\\\/swissgliders.ch\\\/de\\\/willkommen\\\/\"},{\"@type\":\"ListItem\",\"position\":2,\"name\":\"Gleitschirm Shop\",\"item\":\"https:\\\/\\\/swissgliders.ch\\\/de\\\/gleitschirm-shop\\\/\"},{\"@type\":\"ListItem\",\"position\":3,\"name\":\"Niviuk Konvers 3\"}]},{\"@type\":\"WebSite\",\"@id\":\"https:\\\/\\\/swissgliders.ch\\\/de\\\/#website\",\"url\":\"https:\\\/\\\/swissgliders.ch\\\/de\\\/\",\"name\":\"Gleitschirmschule Thun, Bern, Interlaken\",\"description\":\"Gleitschirmschule Thun, Bern, Interlaken\",\"publisher\":{\"@id\":\"https:\\\/\\\/swissgliders.ch\\\/de\\\/#organization\"},\"potentialAction\":[{\"@type\":\"SearchAction\",\"target\":{\"@type\":\"EntryPoint\",\"urlTemplate\":\"https:\\\/\\\/swissgliders.ch\\\/de\\\/?s={search_term_string}\"},\"query-input\":{\"@type\":\"PropertyValueSpecification\",\"valueRequired\":true,\"valueName\":\"search_term_string\"}}],\"inLanguage\":\"de\"},{\"@type\":\"Organization\",\"@id\":\"https:\\\/\\\/swissgliders.ch\\\/de\\\/#organization\",\"name\":\"Swissgliders Gleitschirmflugschule Thun\",\"url\":\"https:\\\/\\\/swissgliders.ch\\\/de\\\/\",\"logo\":{\"@type\":\"ImageObject\",\"inLanguage\":\"de\",\"@id\":\"https:\\\/\\\/swissgliders.ch\\\/de\\\/#\\\/schema\\\/logo\\\/image\\\/\",\"url\":\"https:\\\/\\\/swissgliders.ch\\\/wp-content\\\/uploads\\\/2019\\\/12\\\/swissgliders-logo-rgb-square-L-no-ch-01.png\",\"contentUrl\":\"https:\\\/\\\/swissgliders.ch\\\/wp-content\\\/uploads\\\/2019\\\/12\\\/swissgliders-logo-rgb-square-L-no-ch-01.png\",\"width\":2500,\"height\":2500,\"caption\":\"Swissgliders Gleitschirmflugschule Thun\"},\"image\":{\"@id\":\"https:\\\/\\\/swissgliders.ch\\\/de\\\/#\\\/schema\\\/logo\\\/image\\\/\"},\"sameAs\":[\"https:\\\/\\\/www.facebook.com\\\/swissgliders\",\"https:\\\/\\\/x.com\\\/Swissgliders\",\"https:\\\/\\\/www.instagram.com\\\/swissgliders\\\/\",\"https:\\\/\\\/www.youtube.com\\\/channel\\\/UCMCtGdepy9vBhrhX3V_oJOA\"],\"hasMerchantReturnPolicy\":{\"@type\":\"MerchantReturnPolicy\",\"merchantReturnLink\":\"https:\\\/\\\/swissgliders.ch\\\/de\\\/allgemeine-geschaftsbedingungen\\\/\"}}]}<\/script>\n<meta property=\"og:availability\" content=\"instock\" \/>\n<meta property=\"product:availability\" content=\"instock\" \/>\n<meta property=\"product:condition\" content=\"new\" \/>\n<!-- \/ Yoast SEO Premium plugin. -->","yoast_head_json":{"title":"Niviuk Konvers 3 | Gleitschirmschule Thun, Bern, Interlaken","description":"Erlebe unvergleichliche Vielseitigkeit mit dem Niviuk Konvers 3 Wendegurtzeug. Sein ergonomisches Design und seine Funktionen garantieren Komfort und Sicherheit f\u00fcr jeden Piloten!","robots":{"index":"index","follow":"follow","max-snippet":"max-snippet:-1","max-image-preview":"max-image-preview:large","max-video-preview":"max-video-preview:-1"},"canonical":"https:\/\/swissgliders.ch\/de\/produkt\/niviuk-konvers-3\/","og_locale":"de_DE","og_type":"article","og_title":"Niviuk Konvers 3","og_description":"Erlebe unvergleichliche Vielseitigkeit mit dem Niviuk Konvers 3 Wendegurtzeug. Sein ergonomisches Design und seine Funktionen garantieren Komfort und Sicherheit f\u00fcr jeden Piloten!","og_url":"https:\/\/swissgliders.ch\/de\/produkt\/niviuk-konvers-3\/","og_site_name":"Gleitschirmschule Thun, Bern, Interlaken","article_publisher":"https:\/\/www.facebook.com\/swissgliders","article_modified_time":"2025-09-26T17:15:56+00:00","og_image":[{"width":2190,"height":1125,"url":"https:\/\/swissgliders.ch\/wp-content\/uploads\/2020\/01\/Niviuk_Gurtzeug_Konvers-3-1.jpg","type":"image\/jpeg"}],"twitter_card":"summary_large_image","twitter_site":"@Swissgliders","twitter_misc":{"Verf\u00fcgbarkeit":"Auf Lager"},"schema":{"@context":"https:\/\/schema.org","@graph":[{"@type":"WebPage","@id":"https:\/\/swissgliders.ch\/de\/produkt\/niviuk-konvers-3\/","url":"https:\/\/swissgliders.ch\/de\/produkt\/niviuk-konvers-3\/","name":"Niviuk Konvers 3 | Gleitschirmschule Thun, Bern, Interlaken","isPartOf":{"@id":"https:\/\/swissgliders.ch\/de\/#website"},"primaryImageOfPage":{"@id":"https:\/\/swissgliders.ch\/de\/produkt\/niviuk-konvers-3\/#primaryimage"},"image":{"@id":"https:\/\/swissgliders.ch\/de\/produkt\/niviuk-konvers-3\/#primaryimage"},"thumbnailUrl":"https:\/\/swissgliders.ch\/wp-content\/uploads\/2020\/01\/Niviuk_Gurtzeug_Konvers-3-1.jpg","datePublished":"2020-01-16T21:20:10+00:00","dateModified":"2025-09-26T17:15:56+00:00","description":"Erlebe unvergleichliche Vielseitigkeit mit dem Niviuk Konvers 3 Wendegurtzeug. Sein ergonomisches Design und seine Funktionen garantieren Komfort und Sicherheit f\u00fcr jeden Piloten!","breadcrumb":{"@id":"https:\/\/swissgliders.ch\/de\/produkt\/niviuk-konvers-3\/#breadcrumb"},"inLanguage":"de","potentialAction":[{"@type":"ReadAction","target":["https:\/\/swissgliders.ch\/de\/produkt\/niviuk-konvers-3\/"]}]},{"@type":"ImageObject","inLanguage":"de","@id":"https:\/\/swissgliders.ch\/de\/produkt\/niviuk-konvers-3\/#primaryimage","url":"https:\/\/swissgliders.ch\/wp-content\/uploads\/2020\/01\/Niviuk_Gurtzeug_Konvers-3-1.jpg","contentUrl":"https:\/\/swissgliders.ch\/wp-content\/uploads\/2020\/01\/Niviuk_Gurtzeug_Konvers-3-1.jpg","width":2190,"height":1125,"caption":"Niviuk_Gurtzeug_Konvers 3-1"},{"@type":"BreadcrumbList","@id":"https:\/\/swissgliders.ch\/de\/produkt\/niviuk-konvers-3\/#breadcrumb","itemListElement":[{"@type":"ListItem","position":1,"name":"Startseite","item":"https:\/\/swissgliders.ch\/de\/willkommen\/"},{"@type":"ListItem","position":2,"name":"Gleitschirm Shop","item":"https:\/\/swissgliders.ch\/de\/gleitschirm-shop\/"},{"@type":"ListItem","position":3,"name":"Niviuk Konvers 3"}]},{"@type":"WebSite","@id":"https:\/\/swissgliders.ch\/de\/#website","url":"https:\/\/swissgliders.ch\/de\/","name":"Gleitschirmschule Thun, Bern, Interlaken","description":"Gleitschirmschule Thun, Bern, Interlaken","publisher":{"@id":"https:\/\/swissgliders.ch\/de\/#organization"},"potentialAction":[{"@type":"SearchAction","target":{"@type":"EntryPoint","urlTemplate":"https:\/\/swissgliders.ch\/de\/?s={search_term_string}"},"query-input":{"@type":"PropertyValueSpecification","valueRequired":true,"valueName":"search_term_string"}}],"inLanguage":"de"},{"@type":"Organization","@id":"https:\/\/swissgliders.ch\/de\/#organization","name":"Swissgliders Gleitschirmflugschule Thun","url":"https:\/\/swissgliders.ch\/de\/","logo":{"@type":"ImageObject","inLanguage":"de","@id":"https:\/\/swissgliders.ch\/de\/#\/schema\/logo\/image\/","url":"https:\/\/swissgliders.ch\/wp-content\/uploads\/2019\/12\/swissgliders-logo-rgb-square-L-no-ch-01.png","contentUrl":"https:\/\/swissgliders.ch\/wp-content\/uploads\/2019\/12\/swissgliders-logo-rgb-square-L-no-ch-01.png","width":2500,"height":2500,"caption":"Swissgliders Gleitschirmflugschule Thun"},"image":{"@id":"https:\/\/swissgliders.ch\/de\/#\/schema\/logo\/image\/"},"sameAs":["https:\/\/www.facebook.com\/swissgliders","https:\/\/x.com\/Swissgliders","https:\/\/www.instagram.com\/swissgliders\/","https:\/\/www.youtube.com\/channel\/UCMCtGdepy9vBhrhX3V_oJOA"],"hasMerchantReturnPolicy":{"@type":"MerchantReturnPolicy","merchantReturnLink":"https:\/\/swissgliders.ch\/de\/allgemeine-geschaftsbedingungen\/"}}]},"og_availability":"instock","product_availability":"instock","product_condition":"new"},"_links":{"self":[{"href":"https:\/\/swissgliders.ch\/de\/wp-json\/wp\/v2\/product\/3980","targetHints":{"allow":["GET"]}}],"collection":[{"href":"https:\/\/swissgliders.ch\/de\/wp-json\/wp\/v2\/product"}],"about":[{"href":"https:\/\/swissgliders.ch\/de\/wp-json\/wp\/v2\/types\/product"}],"replies":[{"embeddable":true,"href":"https:\/\/swissgliders.ch\/de\/wp-json\/wp\/v2\/comments?post=3980"}],"wp:featuredmedia":[{"embeddable":true,"href":"https:\/\/swissgliders.ch\/de\/wp-json\/wp\/v2\/media\/19110"}],"wp:attachment":[{"href":"https:\/\/swissgliders.ch\/de\/wp-json\/wp\/v2\/media?parent=3980"}],"wp:term":[{"taxonomy":"product_brand","embeddable":true,"href":"https:\/\/swissgliders.ch\/de\/wp-json\/wp\/v2\/product_brand?post=3980"},{"taxonomy":"product_cat","embeddable":true,"href":"https:\/\/swissgliders.ch\/de\/wp-json\/wp\/v2\/product_cat?post=3980"},{"taxonomy":"product_tag","embeddable":true,"href":"https:\/\/swissgliders.ch\/de\/wp-json\/wp\/v2\/product_tag?post=3980"}],"curies":[{"name":"wp","href":"https:\/\/api.w.org\/{rel}","templated":true}]}}