{"id":4021,"date":"2020-01-17T21:14:36","date_gmt":"2020-01-17T20:14:36","guid":{"rendered":"https:\/\/swissgliders.ch\/?post_type=product&#038;p=4021"},"modified":"2026-01-26T09:15:46","modified_gmt":"2026-01-26T08:15:46","slug":"neo-string","status":"publish","type":"product","link":"https:\/\/swissgliders.ch\/de\/produkt\/neo-string\/","title":{"rendered":"Neo String 3.0"},"content":{"rendered":"<div class=\"et_pb_module et_pb_text et_pb_text_0 et_pb_bg_layout_light et_pb_text_align_left\">\n<div class=\"et_pb_text_inner\">\n<div class=\"pt16 pb16 o_colored_level col-lg-6\">\n<h6><\/h6>\n<h4>ULTRA-LEICHTES GURTZEUG<\/h4>\n<h1><img decoding=\"async\" class=\"img-fluid o_we_custom_image\" src=\"https:\/\/fly.neoatelier.fr\/web\/image\/20854-0a3dae44\/Neo-headline-string_1-8.png?access_token=c8f6b437-987e-4845-ac9d-ff09b535e1f1\" alt=\"\" data-original-id=\"20852\" data-original-src=\"\/web\/image\/20852-3d523765\/Neo-headline-string_1-8.png\" data-mimetype=\"image\/png\" data-resize-width=\"316\" \/><\/h1>\n<p><img loading=\"lazy\" decoding=\"async\" class=\"\" src=\"https:\/\/fly.neoatelier.fr\/web\/image\/20849-166fb289\/neo-string-photo2.jpg\" width=\"380\" height=\"305\" \/><\/p>\n<\/div>\n<p class=\"pt16 pb16 o_colored_level col-lg-5 offset-lg-1\">Das ultraleichte Gurtzeug von NEO gibt es jetzt in der\u00a0 3. Generation. Es ist Dein idealer Partner f\u00fcr Hike&amp;Fly, Para-Alpinismus und f\u00fcrs Reisen. Und es ist so kompakt und leicht, da\u00df Du es am Boden und in der Luft kaum sp\u00fcrst.LEICHT UND ROBUSTUnser Ziel war eine konstruktionsbedingte Leichtbauweise ohne Kompromisse bei den Materialien. Das String ist daher komplett aus extrem rei\u00dffestem und verformungsbest\u00e4ndigem Dyneema-Ripstop-Gewebe gefertigt. Das Grundger\u00fcst besteht aus HMPE-Gewebe (hochmodulares Polyethylen): der st\u00e4rksten und leichtesten Kunstfaser auf dem Markt. Das NEO String ist deshalb sehr robust und dabei ultraleicht.<\/p>\n<div>\n<p><strong>KOMFORTABEL<\/strong><\/p>\n<p>Der Sitzkomfort des Strings wurde stark verbessert, indem der Zuschnitt bereits so vorgeformt wurde, dass sich die vern\u00e4hten St\u00fccke ideal der K\u00f6rperform anpassen (3D-Shaping).<span class=\"Apple-converted-space\">\u00a0<\/span>Die Beinschlaufen umschlie\u00dfen jeweils die Oberschenkel und st\u00fctzen die Beine w\u00e4hrend des Fluges somit optimal. Die von NEO erfundene ABS-Gurtzeug-Geometrie sorgt f\u00fcr die n\u00f6tige Stabilit\u00e4t und Pr\u00e4zision, um Dir ein perfektes Flugerlebnis zu garantieren. Das String in seiner dritten Generation sitzt wie angegossen, denn Beinschlaufen und Bauchgurt sind direkt mit dem Hauptkarabiner verbunden. Zwei Klicks und schon bist Du zum Fliegen bereit. Du musst Dich um keine weiteren Einstellungen mehr k\u00fcmmern, das String sorgt alleine f\u00fcr den n\u00f6tigen Komfort.<\/p>\n<\/div>\n<h4>TECHNISCHE DATEN<\/h4>\n<p>Technische Beschreibung des Produktes<\/p>\n<p><strong>TYP<\/strong><\/p>\n<p>Ultra-leichtes Gurtezug, ideal f\u00fcr Hike and Fly<\/p>\n<p><strong>KONZEPT<\/strong><\/p>\n<p>Ultra-leichtes Gurtzeug, kompakt, bequem und robust<\/p>\n<p><strong>GEWICHT<\/strong><\/p>\n<p>230 g (S) &#8211; 240 g (M) &#8211; 250 g (L)<\/p>\n<p><strong>GEOMETRIE<\/strong><\/p>\n<p>ABS (Anti-Balance-System) mit zu \u00f6ffnenden Beinschlaufen (NEO-Fronteinstieg)<\/p>\n<p><strong>GR\u00d6SSEN<\/strong><\/p>\n<p>S &#8211; M &#8211; L<\/p>\n<p><strong>ZERTIFIZIERUNG<\/strong><\/p>\n<p>EN 1651 &#8211;\u00a0 LTF &#8211; CE (120 kg)<\/p>\n<p><strong>OPTIONALER PROTEKTOR<\/strong><\/p>\n<p>Zertifizierter NEO String Airbag<\/p>\n<p><strong>OPTIONALE KARABINER\u00a0<\/strong><\/p>\n<p>AUSTRIALPIN Rocket (64 g)<\/p>\n<p><strong>OPTIONALES ZUBEH\u00d6R<\/strong><\/p>\n<p>NEO String Speedsystem \/ NEO Frontcontainer \/ NEO String Airbag<\/p>\n<p><strong>HAUPTMATERIALIEN<\/strong><\/p>\n<p>Dyneema-Ripstop, Hypalon, PE-Schaum, Dyneema-Gurte , HMPE-Gurte<\/p>\n<p><strong>HERSTELLUNG<\/strong><\/p>\n<p>Frankreich<\/p>\n<p>&nbsp;<\/p>\n<\/div>\n<\/div>\n<p>Mehr <a href=\"https:\/\/fly.neoatelier.fr\/de\/shop\/string-3-0-1725\" target=\"_blank\" rel=\"noopener noreferrer\">Infos<\/a><\/p>\n<p>Falls dieser Artikel nicht an Lager ist, wird er f\u00fcr dich bestellt. Lieferfrist auf Anfrage.<\/p>\n","protected":false},"excerpt":{"rendered":"<div class=\"et_pb_module et_pb_text et_pb_text_0 et_pb_bg_layout_light et_pb_text_align_left\">\n<div class=\"et_pb_text_inner\">\n<div class=\"pt16 pb16 o_colored_level col-lg-6\">\n<h6><\/h6>\n<h4>ULTRA-LEICHTES GURTZEUG<\/h4>\n<h1><img decoding=\"async\" class=\"img-fluid o_we_custom_image\" src=\"https:\/\/fly.neoatelier.fr\/web\/image\/20854-0a3dae44\/Neo-headline-string_1-8.png?access_token=c8f6b437-987e-4845-ac9d-ff09b535e1f1\" alt=\"\" data-original-id=\"20852\" data-original-src=\"\/web\/image\/20852-3d523765\/Neo-headline-string_1-8.png\" data-mimetype=\"image\/png\" data-resize-width=\"316\" \/><\/h1>\n<p><img loading=\"lazy\" decoding=\"async\" class=\"\" src=\"https:\/\/fly.neoatelier.fr\/web\/image\/20849-166fb289\/neo-string-photo2.jpg\" width=\"380\" height=\"305\" \/><\/p>\n<\/div>\n<p class=\"pt16 pb16 o_colored_level col-lg-5 offset-lg-1\">Das ultraleichte Gurtzeug von NEO gibt es jetzt in der\u00a0 3. Generation. Es ist Dein idealer Partner f\u00fcr Hike&amp;Fly, Para-Alpinismus und f\u00fcrs Reisen. Und es ist so kompakt und leicht, da\u00df Du es am Boden und in der Luft kaum sp\u00fcrst.LEICHT UND ROBUSTUnser Ziel war eine konstruktionsbedingte Leichtbauweise ohne Kompromisse bei den Materialien. Das String ist daher komplett aus extrem rei\u00dffestem und verformungsbest\u00e4ndigem Dyneema-Ripstop-Gewebe gefertigt. Das Grundger\u00fcst besteht aus HMPE-Gewebe (hochmodulares Polyethylen): der st\u00e4rksten und leichtesten Kunstfaser auf dem Markt. Das NEO String ist deshalb sehr robust und dabei ultraleicht.<\/p>\n<div>\n<p><strong>KOMFORTABEL<\/strong><\/p>\n<p>Der Sitzkomfort des Strings wurde stark verbessert, indem der Zuschnitt bereits so vorgeformt wurde, dass sich die vern\u00e4hten St\u00fccke ideal der K\u00f6rperform anpassen (3D-Shaping). Die Beinschlaufen umschlie\u00dfen jeweils die Oberschenkel und st\u00fctzen die Beine w\u00e4hrend des Fluges somit optimal. Die von NEO erfundene ABS-Gurtzeug-Geometrie sorgt f\u00fcr die n\u00f6tige Stabilit\u00e4t und Pr\u00e4zision, um Dir ein perfektes Flugerlebnis zu garantieren. Das String in seiner dritten Generation sitzt wie angegossen, denn Beinschlaufen und Bauchgurt sind direkt mit dem Hauptkarabiner verbunden. Zwei Klicks und schon bist Du zum Fliegen bereit. Du musst Dich um keine weiteren Einstellungen mehr k\u00fcmmern, das String sorgt alleine f\u00fcr den n\u00f6tigen Komfort.<\/p>\n<\/div>\n<h4>TECHNISCHE DATEN<\/h4>\n<p>Technische Beschreibung des Produktes<\/p>\n<p><strong>TYP<\/strong><\/p>\n<p>Ultra-leichtes Gurtezug, ideal f\u00fcr Hike and Fly<\/p>\n<p><strong>KONZEPT<\/strong><\/p>\n<p>Ultra-leichtes Gurtzeug, kompakt, bequem und robust<\/p>\n<p><strong>GEWICHT<\/strong><\/p>\n<p>230 g (S) &#8211; 240 g (M) &#8211; 250 g (L)<\/p>\n<p><strong>GEOMETRIE<\/strong><\/p>\n<p>ABS (Anti-Balance-System) mit zu \u00f6ffnenden Beinschlaufen (NEO-Fronteinstieg)<\/p>\n<p><strong>GR\u00d6SSEN<\/strong><\/p>\n<p>S &#8211; M &#8211; L<\/p>\n<p><strong>ZERTIFIZIERUNG<\/strong><\/p>\n<p>EN 1651 &#8211;\u00a0 LTF &#8211; CE (120 kg)<\/p>\n<p><strong>OPTIONALER PROTEKTOR<\/strong><\/p>\n<p>Zertifizierter NEO String Airbag<\/p>\n<p><strong>OPTIONALE KARABINER\u00a0<\/strong><\/p>\n<p>AUSTRIALPIN Rocket (64 g)<\/p>\n<p><strong>OPTIONALES ZUBEH\u00d6R<\/strong><\/p>\n<p>NEO String Speedsystem \/ NEO Frontcontainer \/ NEO String Airbag<\/p>\n<p><strong>HAUPTMATERIALIEN<\/strong><\/p>\n<p>Dyneema-Ripstop, Hypalon, PE-Schaum, Dyneema-Gurte , HMPE-Gurte<\/p>\n<p><strong>HERSTELLUNG<\/strong><\/p>\n<p>Frankreich<\/p>\n<p>&nbsp;<\/p>\n<\/div>\n<\/div>\n<p>Mehr <a href=\"https:\/\/fly.neoatelier.fr\/de\/shop\/string-3-0-1725\" target=\"_blank\" rel=\"noopener noreferrer\">Infos<\/a><\/p>\n<p>Falls dieser Artikel nicht an Lager ist, wird er f\u00fcr dich bestellt. Lieferfrist auf Anfrage.<\/p>\n","protected":false},"featured_media":6529,"comment_status":"closed","ping_status":"closed","template":"","meta":[],"product_brand":[],"product_cat":[1026],"product_tag":[1040,1965,90],"class_list":{"0":"post-4021","1":"product","2":"type-product","3":"status-publish","4":"has-post-thumbnail","6":"product_cat-leichte-gleitschirmgurtzeuge","7":"product_tag-leichtgurtzeug","8":"product_tag-ultraleichtgurtzeug","9":"product_tag-verkaufsartikel","10":"product_shipping_class-priority-2kg-de","12":"first","13":"instock","14":"sale","15":"shipping-taxable","16":"purchasable","17":"product-type-variable"},"yoast_head":"<!-- This site is optimized with the Yoast SEO Premium plugin v26.1 (Yoast SEO v27.3) - https:\/\/yoast.com\/product\/yoast-seo-premium-wordpress\/ -->\n<title>Neo String 3.0 | Gleitschirmschule Thun, Bern, Interlaken<\/title>\n<meta name=\"description\" content=\"Neo String Ultraleicht-Gurtzeug. Es ist Dein idealer Partner f\u00fcr Hike&amp;Fly, Para-Alpinismus und f\u00fcrs Reisen.\" \/>\n<meta name=\"robots\" content=\"index, follow, max-snippet:-1, max-image-preview:large, max-video-preview:-1\" \/>\n<link rel=\"canonical\" href=\"https:\/\/swissgliders.ch\/de\/produkt\/neo-string\/\" \/>\n<meta property=\"og:locale\" content=\"de_DE\" \/>\n<meta property=\"og:type\" content=\"article\" \/>\n<meta property=\"og:title\" content=\"Neo String 3.0\" \/>\n<meta property=\"og:description\" content=\"Neo String Ultraleicht-Gurtzeug. Es ist Dein idealer Partner f\u00fcr Hike&amp;Fly, Para-Alpinismus und f\u00fcrs Reisen.\" \/>\n<meta property=\"og:url\" content=\"https:\/\/swissgliders.ch\/de\/produkt\/neo-string\/\" \/>\n<meta property=\"og:site_name\" content=\"Gleitschirmschule Thun, Bern, Interlaken\" \/>\n<meta property=\"article:publisher\" content=\"https:\/\/www.facebook.com\/swissgliders\" \/>\n<meta property=\"article:modified_time\" content=\"2026-01-26T08:15:46+00:00\" \/>\n<meta property=\"og:image\" content=\"https:\/\/swissgliders.ch\/wp-content\/uploads\/2020\/01\/1.jpg\" \/>\n\t<meta property=\"og:image:width\" content=\"400\" \/>\n\t<meta property=\"og:image:height\" content=\"400\" \/>\n\t<meta property=\"og:image:type\" content=\"image\/jpeg\" \/>\n<meta name=\"twitter:card\" content=\"summary_large_image\" \/>\n<meta name=\"twitter:site\" content=\"@Swissgliders\" \/>\n<meta name=\"twitter:label1\" content=\"Verf\u00fcgbarkeit\" \/>\n\t<meta name=\"twitter:data1\" content=\"Auf Lager\" \/>\n<script type=\"application\/ld+json\" class=\"yoast-schema-graph\">{\"@context\":\"https:\\\/\\\/schema.org\",\"@graph\":[{\"@type\":\"WebPage\",\"@id\":\"https:\\\/\\\/swissgliders.ch\\\/de\\\/produkt\\\/neo-string\\\/\",\"url\":\"https:\\\/\\\/swissgliders.ch\\\/de\\\/produkt\\\/neo-string\\\/\",\"name\":\"Neo String 3.0 | Gleitschirmschule Thun, Bern, Interlaken\",\"isPartOf\":{\"@id\":\"https:\\\/\\\/swissgliders.ch\\\/de\\\/#website\"},\"primaryImageOfPage\":{\"@id\":\"https:\\\/\\\/swissgliders.ch\\\/de\\\/produkt\\\/neo-string\\\/#primaryimage\"},\"image\":{\"@id\":\"https:\\\/\\\/swissgliders.ch\\\/de\\\/produkt\\\/neo-string\\\/#primaryimage\"},\"thumbnailUrl\":\"https:\\\/\\\/swissgliders.ch\\\/wp-content\\\/uploads\\\/2020\\\/01\\\/1.jpg\",\"datePublished\":\"2020-01-17T20:14:36+00:00\",\"dateModified\":\"2026-01-26T08:15:46+00:00\",\"description\":\"Neo String Ultraleicht-Gurtzeug. Es ist Dein idealer Partner f\u00fcr Hike&Fly, Para-Alpinismus und f\u00fcrs Reisen.\",\"breadcrumb\":{\"@id\":\"https:\\\/\\\/swissgliders.ch\\\/de\\\/produkt\\\/neo-string\\\/#breadcrumb\"},\"inLanguage\":\"de\",\"potentialAction\":[{\"@type\":\"ReadAction\",\"target\":[\"https:\\\/\\\/swissgliders.ch\\\/de\\\/produkt\\\/neo-string\\\/\"]}]},{\"@type\":\"ImageObject\",\"inLanguage\":\"de\",\"@id\":\"https:\\\/\\\/swissgliders.ch\\\/de\\\/produkt\\\/neo-string\\\/#primaryimage\",\"url\":\"https:\\\/\\\/swissgliders.ch\\\/wp-content\\\/uploads\\\/2020\\\/01\\\/1.jpg\",\"contentUrl\":\"https:\\\/\\\/swissgliders.ch\\\/wp-content\\\/uploads\\\/2020\\\/01\\\/1.jpg\",\"width\":400,\"height\":400},{\"@type\":\"BreadcrumbList\",\"@id\":\"https:\\\/\\\/swissgliders.ch\\\/de\\\/produkt\\\/neo-string\\\/#breadcrumb\",\"itemListElement\":[{\"@type\":\"ListItem\",\"position\":1,\"name\":\"Startseite\",\"item\":\"https:\\\/\\\/swissgliders.ch\\\/de\\\/willkommen\\\/\"},{\"@type\":\"ListItem\",\"position\":2,\"name\":\"Gleitschirm Shop\",\"item\":\"https:\\\/\\\/swissgliders.ch\\\/de\\\/gleitschirm-shop\\\/\"},{\"@type\":\"ListItem\",\"position\":3,\"name\":\"Neo String 3.0\"}]},{\"@type\":\"WebSite\",\"@id\":\"https:\\\/\\\/swissgliders.ch\\\/de\\\/#website\",\"url\":\"https:\\\/\\\/swissgliders.ch\\\/de\\\/\",\"name\":\"Gleitschirmschule Thun, Bern, Interlaken\",\"description\":\"Gleitschirmschule Thun, Bern, Interlaken\",\"publisher\":{\"@id\":\"https:\\\/\\\/swissgliders.ch\\\/de\\\/#organization\"},\"potentialAction\":[{\"@type\":\"SearchAction\",\"target\":{\"@type\":\"EntryPoint\",\"urlTemplate\":\"https:\\\/\\\/swissgliders.ch\\\/de\\\/?s={search_term_string}\"},\"query-input\":{\"@type\":\"PropertyValueSpecification\",\"valueRequired\":true,\"valueName\":\"search_term_string\"}}],\"inLanguage\":\"de\"},{\"@type\":\"Organization\",\"@id\":\"https:\\\/\\\/swissgliders.ch\\\/de\\\/#organization\",\"name\":\"Swissgliders Gleitschirmflugschule Thun\",\"url\":\"https:\\\/\\\/swissgliders.ch\\\/de\\\/\",\"logo\":{\"@type\":\"ImageObject\",\"inLanguage\":\"de\",\"@id\":\"https:\\\/\\\/swissgliders.ch\\\/de\\\/#\\\/schema\\\/logo\\\/image\\\/\",\"url\":\"https:\\\/\\\/swissgliders.ch\\\/wp-content\\\/uploads\\\/2019\\\/12\\\/swissgliders-logo-rgb-square-L-no-ch-01.png\",\"contentUrl\":\"https:\\\/\\\/swissgliders.ch\\\/wp-content\\\/uploads\\\/2019\\\/12\\\/swissgliders-logo-rgb-square-L-no-ch-01.png\",\"width\":2500,\"height\":2500,\"caption\":\"Swissgliders Gleitschirmflugschule Thun\"},\"image\":{\"@id\":\"https:\\\/\\\/swissgliders.ch\\\/de\\\/#\\\/schema\\\/logo\\\/image\\\/\"},\"sameAs\":[\"https:\\\/\\\/www.facebook.com\\\/swissgliders\",\"https:\\\/\\\/x.com\\\/Swissgliders\",\"https:\\\/\\\/www.instagram.com\\\/swissgliders\\\/\",\"https:\\\/\\\/www.youtube.com\\\/channel\\\/UCMCtGdepy9vBhrhX3V_oJOA\"],\"hasMerchantReturnPolicy\":{\"@type\":\"MerchantReturnPolicy\",\"merchantReturnLink\":\"https:\\\/\\\/swissgliders.ch\\\/de\\\/allgemeine-geschaftsbedingungen\\\/\"}}]}<\/script>\n<meta property=\"og:availability\" content=\"instock\" \/>\n<meta property=\"product:availability\" content=\"instock\" \/>\n<meta property=\"product:condition\" content=\"new\" \/>\n<!-- \/ Yoast SEO Premium plugin. -->","yoast_head_json":{"title":"Neo String 3.0 | Gleitschirmschule Thun, Bern, Interlaken","description":"Neo String Ultraleicht-Gurtzeug. Es ist Dein idealer Partner f\u00fcr Hike&Fly, Para-Alpinismus und f\u00fcrs Reisen.","robots":{"index":"index","follow":"follow","max-snippet":"max-snippet:-1","max-image-preview":"max-image-preview:large","max-video-preview":"max-video-preview:-1"},"canonical":"https:\/\/swissgliders.ch\/de\/produkt\/neo-string\/","og_locale":"de_DE","og_type":"article","og_title":"Neo String 3.0","og_description":"Neo String Ultraleicht-Gurtzeug. Es ist Dein idealer Partner f\u00fcr Hike&Fly, Para-Alpinismus und f\u00fcrs Reisen.","og_url":"https:\/\/swissgliders.ch\/de\/produkt\/neo-string\/","og_site_name":"Gleitschirmschule Thun, Bern, Interlaken","article_publisher":"https:\/\/www.facebook.com\/swissgliders","article_modified_time":"2026-01-26T08:15:46+00:00","og_image":[{"width":400,"height":400,"url":"https:\/\/swissgliders.ch\/wp-content\/uploads\/2020\/01\/1.jpg","type":"image\/jpeg"}],"twitter_card":"summary_large_image","twitter_site":"@Swissgliders","twitter_misc":{"Verf\u00fcgbarkeit":"Auf Lager"},"schema":{"@context":"https:\/\/schema.org","@graph":[{"@type":"WebPage","@id":"https:\/\/swissgliders.ch\/de\/produkt\/neo-string\/","url":"https:\/\/swissgliders.ch\/de\/produkt\/neo-string\/","name":"Neo String 3.0 | Gleitschirmschule Thun, Bern, Interlaken","isPartOf":{"@id":"https:\/\/swissgliders.ch\/de\/#website"},"primaryImageOfPage":{"@id":"https:\/\/swissgliders.ch\/de\/produkt\/neo-string\/#primaryimage"},"image":{"@id":"https:\/\/swissgliders.ch\/de\/produkt\/neo-string\/#primaryimage"},"thumbnailUrl":"https:\/\/swissgliders.ch\/wp-content\/uploads\/2020\/01\/1.jpg","datePublished":"2020-01-17T20:14:36+00:00","dateModified":"2026-01-26T08:15:46+00:00","description":"Neo String Ultraleicht-Gurtzeug. Es ist Dein idealer Partner f\u00fcr Hike&Fly, Para-Alpinismus und f\u00fcrs Reisen.","breadcrumb":{"@id":"https:\/\/swissgliders.ch\/de\/produkt\/neo-string\/#breadcrumb"},"inLanguage":"de","potentialAction":[{"@type":"ReadAction","target":["https:\/\/swissgliders.ch\/de\/produkt\/neo-string\/"]}]},{"@type":"ImageObject","inLanguage":"de","@id":"https:\/\/swissgliders.ch\/de\/produkt\/neo-string\/#primaryimage","url":"https:\/\/swissgliders.ch\/wp-content\/uploads\/2020\/01\/1.jpg","contentUrl":"https:\/\/swissgliders.ch\/wp-content\/uploads\/2020\/01\/1.jpg","width":400,"height":400},{"@type":"BreadcrumbList","@id":"https:\/\/swissgliders.ch\/de\/produkt\/neo-string\/#breadcrumb","itemListElement":[{"@type":"ListItem","position":1,"name":"Startseite","item":"https:\/\/swissgliders.ch\/de\/willkommen\/"},{"@type":"ListItem","position":2,"name":"Gleitschirm Shop","item":"https:\/\/swissgliders.ch\/de\/gleitschirm-shop\/"},{"@type":"ListItem","position":3,"name":"Neo String 3.0"}]},{"@type":"WebSite","@id":"https:\/\/swissgliders.ch\/de\/#website","url":"https:\/\/swissgliders.ch\/de\/","name":"Gleitschirmschule Thun, Bern, Interlaken","description":"Gleitschirmschule Thun, Bern, Interlaken","publisher":{"@id":"https:\/\/swissgliders.ch\/de\/#organization"},"potentialAction":[{"@type":"SearchAction","target":{"@type":"EntryPoint","urlTemplate":"https:\/\/swissgliders.ch\/de\/?s={search_term_string}"},"query-input":{"@type":"PropertyValueSpecification","valueRequired":true,"valueName":"search_term_string"}}],"inLanguage":"de"},{"@type":"Organization","@id":"https:\/\/swissgliders.ch\/de\/#organization","name":"Swissgliders Gleitschirmflugschule Thun","url":"https:\/\/swissgliders.ch\/de\/","logo":{"@type":"ImageObject","inLanguage":"de","@id":"https:\/\/swissgliders.ch\/de\/#\/schema\/logo\/image\/","url":"https:\/\/swissgliders.ch\/wp-content\/uploads\/2019\/12\/swissgliders-logo-rgb-square-L-no-ch-01.png","contentUrl":"https:\/\/swissgliders.ch\/wp-content\/uploads\/2019\/12\/swissgliders-logo-rgb-square-L-no-ch-01.png","width":2500,"height":2500,"caption":"Swissgliders Gleitschirmflugschule Thun"},"image":{"@id":"https:\/\/swissgliders.ch\/de\/#\/schema\/logo\/image\/"},"sameAs":["https:\/\/www.facebook.com\/swissgliders","https:\/\/x.com\/Swissgliders","https:\/\/www.instagram.com\/swissgliders\/","https:\/\/www.youtube.com\/channel\/UCMCtGdepy9vBhrhX3V_oJOA"],"hasMerchantReturnPolicy":{"@type":"MerchantReturnPolicy","merchantReturnLink":"https:\/\/swissgliders.ch\/de\/allgemeine-geschaftsbedingungen\/"}}]},"og_availability":"instock","product_availability":"instock","product_condition":"new"},"_links":{"self":[{"href":"https:\/\/swissgliders.ch\/de\/wp-json\/wp\/v2\/product\/4021","targetHints":{"allow":["GET"]}}],"collection":[{"href":"https:\/\/swissgliders.ch\/de\/wp-json\/wp\/v2\/product"}],"about":[{"href":"https:\/\/swissgliders.ch\/de\/wp-json\/wp\/v2\/types\/product"}],"replies":[{"embeddable":true,"href":"https:\/\/swissgliders.ch\/de\/wp-json\/wp\/v2\/comments?post=4021"}],"wp:featuredmedia":[{"embeddable":true,"href":"https:\/\/swissgliders.ch\/de\/wp-json\/wp\/v2\/media\/6529"}],"wp:attachment":[{"href":"https:\/\/swissgliders.ch\/de\/wp-json\/wp\/v2\/media?parent=4021"}],"wp:term":[{"taxonomy":"product_brand","embeddable":true,"href":"https:\/\/swissgliders.ch\/de\/wp-json\/wp\/v2\/product_brand?post=4021"},{"taxonomy":"product_cat","embeddable":true,"href":"https:\/\/swissgliders.ch\/de\/wp-json\/wp\/v2\/product_cat?post=4021"},{"taxonomy":"product_tag","embeddable":true,"href":"https:\/\/swissgliders.ch\/de\/wp-json\/wp\/v2\/product_tag?post=4021"}],"curies":[{"name":"wp","href":"https:\/\/api.w.org\/{rel}","templated":true}]}}