{"id":4041,"date":"2020-01-17T21:38:13","date_gmt":"2020-01-17T20:38:13","guid":{"rendered":"https:\/\/swissgliders.ch\/?post_type=product&#038;p=4041"},"modified":"2025-01-11T16:55:57","modified_gmt":"2025-01-11T15:55:57","slug":"gin-genie-lite-3","status":"publish","type":"product","link":"https:\/\/swissgliders.ch\/de\/produkt\/gin-genie-lite-3\/","title":{"rendered":"Gin Genie Lite 3 XC"},"content":{"rendered":"<div class=\"et_pb_module et_pb_text et_pb_text_0 et_pb_bg_layout_light et_pb_text_align_left\">\n<div class=\"et_pb_text_inner\">\n<h3 class=\"pt-8 font-condensed font-bold text-3xl lg:text-4xl text-grey-8 uppercase leading-1\">DER INBEGRIFF EINES XC-LIEGEGURTZEUGS<\/h3>\n<p class=\"pt-8 font-condensed font-bold text-3xl lg:text-4xl text-grey-8 uppercase leading-1\"><img loading=\"lazy\" decoding=\"async\" class=\"\" src=\"https:\/\/static.gingliders.com\/\/img\/hs-genie-lite-3-001.jpg\" width=\"538\" height=\"428\" \/><br \/>\nDas Genie lite 3 ist der Inbegriff eines modernen XC-Gurtzeuges &#8211; obwohl kompakt und leicht, macht es keine Kompromisse bei den wesentlichen Eigenschaften. Es bietet die ultimative Kombination aus Komfort, Sicherheit, Stabilit\u00e4t und Robustheit.<\/p>\n<ul class=\"list-disc pl-4 py-2\">\n<li class=\"pb-1\">stabilisierende Gurtzeuggeometrie f\u00fcr viel Komfort bei Turbulenzen<\/li>\n<li class=\"pb-1\">unterst\u00fctzende Struktur bietet h\u00f6chsten Komfort<\/li>\n<li class=\"pb-1\">Patentierter Neo\/Koroyd-R\u00fcckenschutz, der dem letzten Stand der Technik entspricht<\/li>\n<li class=\"pb-1\">sehr kompakt f\u00fcr ein XC Gurtzeug<\/li>\n<\/ul>\n<h4 class=\"font-condensed font-bold text-lg md:text-xl lg:text-2xl uppercase pt-4 text-grey-6 tracking-slight\">Technische Details<\/h4>\n<ul class=\"pl-4 list-disc\">\n<li class=\"pb-1 measure-wide\">9cm Neo-Koroyd-Protektor f\u00fcr umfassenden R\u00fcckenschutz<\/li>\n<li class=\"pb-1 measure-wide\">Notschirm ist hinter dem Sitzbrett und hat ein einfaches Ausl\u00f6sesystem<\/li>\n<li class=\"pb-1 measure-wide\">Triplex-Sitzbrett<\/li>\n<li class=\"pb-1 measure-wide\">ABS-Geometrie mit leicht zug\u00e4nglichem Verstellsystem und Herausfallsicherung<\/li>\n<li class=\"pb-1 measure-wide\">Flugdeck mit gro\u00dfem Instrumentenbrett, Windabweiser und 5L Stauraum<\/li>\n<li class=\"pb-1 measure-wide\">leicht zu verpackender Aerocone<\/li>\n<li class=\"pb-1 measure-wide\">Doppelklingen-Trennmesser, das sogar Gurtband schneidet<\/li>\n<li class=\"pb-1 measure-wide\">G-Chute-Tasche (f\u00fcr &#8222;Anti-G&#8220;-Schirme)<\/li>\n<li class=\"pb-1 measure-wide\">gro\u00dfe R\u00fcckentasche mit Unterteilung und F\u00fchrung f\u00fcr ein Trinksystem (z.B. Camelbak) und ein Funkger\u00e4t, sowie eine Rei\u00dfverschlusstasche zur sicheren Aufbewahrung von Kleinteilen<\/li>\n<li class=\"pb-1 measure-wide\">Seitentasche mit Rei\u00dfverschluss (linke Seite)<\/li>\n<li class=\"pb-1 measure-wide\">Tasche unter dem Sitz (4L)<\/li>\n<li class=\"pb-1 measure-wide\">integrierter 3-stufiger Beschleuniger und Harken-Rollen<\/li>\n<li class=\"pb-1 measure-wide\">Auslass f\u00fcr Kathetersystem (Pinkelschlauch)<\/li>\n<li class=\"pb-1 measure-wide\">Ein optionaler Frontcontainer f\u00fcr einen 2. Rettungsschirm befindet sich in Arbeit (sp\u00e4ter im Jahr 2020 verf\u00fcgbar)<\/li>\n<\/ul>\n<h4 class=\"font-condensed font-bold text-lg md:text-xl lg:text-2xl uppercase pt-4 text-grey-6 tracking-slight\">Technische Daten<\/h4>\n<div class=\"relative overflow-x-auto\">\n<table class=\"g-table-striped w-full text-xs sm:text-sm text-left border-b\">\n<thead class=\"font-condensed text-grey-7 uppercase bg-white border-t border-grey-2 px-2 py-1 lg:px-4 lg:py-2\">\n<tr>\n<th class=\"px-2 py-1 lg:px-4 lg:py-2\" scope=\"col\">Gr\u00f6ssen<\/th>\n<th scope=\"col\">XS<\/th>\n<th scope=\"col\">S<\/th>\n<th scope=\"col\">M<\/th>\n<th scope=\"col\">L<\/th>\n<\/tr>\n<\/thead>\n<tbody>\n<tr>\n<th class=\"px-2 py-1 lg:px-4 lg:py-2 text-grey-9 whitespace-nowrap\" scope=\"row\">Gr\u00f6sse des Piloten (cm)<\/th>\n<td>&lt;165<\/td>\n<td>165-175<\/td>\n<td>170-185<\/td>\n<td>185-200<\/td>\n<\/tr>\n<tr>\n<th class=\"px-2 py-1 lg:px-4 lg:py-2 text-grey-9 whitespace-nowrap\" scope=\"row\">Gewicht (kg)<\/th>\n<td>&#8211;<\/td>\n<td>4.4<\/td>\n<td>4.8<\/td>\n<td>5.0<\/td>\n<\/tr>\n<\/tbody>\n<\/table>\n<\/div>\n<\/div>\n<\/div>\n<p><img loading=\"lazy\" decoding=\"async\" class=\"\" src=\"https:\/\/www.gingliders.com\/img\/hs-genie-lite-3-size-guide.svg\" width=\"701\" height=\"361\" \/><\/p>\n<div class='avia-iframe-wrap'><iframe loading=\"lazy\" title=\"GIN GLIDERS ::: Genie Lite 3 -- Compact XC harness\" width=\"1500\" height=\"844\" src=\"https:\/\/www.youtube.com\/embed\/96RZdrwuzTA?feature=oembed\" frameborder=\"0\" allow=\"accelerometer; autoplay; clipboard-write; encrypted-media; gyroscope; picture-in-picture; web-share\" referrerpolicy=\"strict-origin-when-cross-origin\" allowfullscreen><\/iframe><\/div>\n<p>&nbsp;<\/p>\n<p>Mehr <a href=\"https:\/\/www.gingliders.com\/de\/harnesses\/genie-lite-3\/\" target=\"_blank\" rel=\"noopener noreferrer\">Infos<\/a><\/p>\n<p>Falls dieser Artikel nicht an Lager ist, wird er f\u00fcr dich bestellt. Lieferfrist auf Anfrage.<\/p>\n","protected":false},"excerpt":{"rendered":"<div class=\"et_pb_module et_pb_text et_pb_text_0 et_pb_bg_layout_light et_pb_text_align_left\">\n<div class=\"et_pb_text_inner\">\n<h3 class=\"pt-8 font-condensed font-bold text-3xl lg:text-4xl text-grey-8 uppercase leading-1\">DER INBEGRIFF EINES XC-LIEGEGURTZEUGS<\/h3>\n<p class=\"pt-8 font-condensed font-bold text-3xl lg:text-4xl text-grey-8 uppercase leading-1\"><img loading=\"lazy\" decoding=\"async\" class=\"\" src=\"https:\/\/static.gingliders.com\/\/img\/hs-genie-lite-3-001.jpg\" width=\"538\" height=\"428\" \/><br \/>\nDas Genie lite 3 ist der Inbegriff eines modernen XC-Gurtzeuges &#8211; obwohl kompakt und leicht, macht es keine Kompromisse bei den wesentlichen Eigenschaften. Es bietet die ultimative Kombination aus Komfort, Sicherheit, Stabilit\u00e4t und Robustheit.<\/p>\n<ul class=\"list-disc pl-4 py-2\">\n<li class=\"pb-1\">stabilisierende Gurtzeuggeometrie f\u00fcr viel Komfort bei Turbulenzen<\/li>\n<li class=\"pb-1\">unterst\u00fctzende Struktur bietet h\u00f6chsten Komfort<\/li>\n<li class=\"pb-1\">Patentierter Neo\/Koroyd-R\u00fcckenschutz, der dem letzten Stand der Technik entspricht<\/li>\n<li class=\"pb-1\">sehr kompakt f\u00fcr ein XC Gurtzeug<\/li>\n<\/ul>\n<h4 class=\"font-condensed font-bold text-lg md:text-xl lg:text-2xl uppercase pt-4 text-grey-6 tracking-slight\">Technische Details<\/h4>\n<ul class=\"pl-4 list-disc\">\n<li class=\"pb-1 measure-wide\">9cm Neo-Koroyd-Protektor f\u00fcr umfassenden R\u00fcckenschutz<\/li>\n<li class=\"pb-1 measure-wide\">Notschirm ist hinter dem Sitzbrett und hat ein einfaches Ausl\u00f6sesystem<\/li>\n<li class=\"pb-1 measure-wide\">Triplex-Sitzbrett<\/li>\n<li class=\"pb-1 measure-wide\">ABS-Geometrie mit leicht zug\u00e4nglichem Verstellsystem und Herausfallsicherung<\/li>\n<li class=\"pb-1 measure-wide\">Flugdeck mit gro\u00dfem Instrumentenbrett, Windabweiser und 5L Stauraum<\/li>\n<li class=\"pb-1 measure-wide\">leicht zu verpackender Aerocone<\/li>\n<li class=\"pb-1 measure-wide\">Doppelklingen-Trennmesser, das sogar Gurtband schneidet<\/li>\n<li class=\"pb-1 measure-wide\">G-Chute-Tasche (f\u00fcr &#8222;Anti-G&#8220;-Schirme)<\/li>\n<li class=\"pb-1 measure-wide\">gro\u00dfe R\u00fcckentasche mit Unterteilung und F\u00fchrung f\u00fcr ein Trinksystem (z.B. Camelbak) und ein Funkger\u00e4t, sowie eine Rei\u00dfverschlusstasche zur sicheren Aufbewahrung von Kleinteilen<\/li>\n<li class=\"pb-1 measure-wide\">Seitentasche mit Rei\u00dfverschluss (linke Seite)<\/li>\n<li class=\"pb-1 measure-wide\">Tasche unter dem Sitz (4L)<\/li>\n<li class=\"pb-1 measure-wide\">integrierter 3-stufiger Beschleuniger und Harken-Rollen<\/li>\n<li class=\"pb-1 measure-wide\">Auslass f\u00fcr Kathetersystem (Pinkelschlauch)<\/li>\n<li class=\"pb-1 measure-wide\">Ein optionaler Frontcontainer f\u00fcr einen 2. Rettungsschirm befindet sich in Arbeit (sp\u00e4ter im Jahr 2020 verf\u00fcgbar)<\/li>\n<\/ul>\n<h4 class=\"font-condensed font-bold text-lg md:text-xl lg:text-2xl uppercase pt-4 text-grey-6 tracking-slight\">Technische Daten<\/h4>\n<div class=\"relative overflow-x-auto\">\n<table class=\"g-table-striped w-full text-xs sm:text-sm text-left border-b\">\n<thead class=\"font-condensed text-grey-7 uppercase bg-white border-t border-grey-2 px-2 py-1 lg:px-4 lg:py-2\">\n<tr>\n<th class=\"px-2 py-1 lg:px-4 lg:py-2\" scope=\"col\">Gr\u00f6ssen<\/th>\n<th scope=\"col\">XS<\/th>\n<th scope=\"col\">S<\/th>\n<th scope=\"col\">M<\/th>\n<th scope=\"col\">L<\/th>\n<\/tr>\n<\/thead>\n<tbody>\n<tr>\n<th class=\"px-2 py-1 lg:px-4 lg:py-2 text-grey-9 whitespace-nowrap\" scope=\"row\">Gr\u00f6sse des Piloten (cm)<\/th>\n<td>&lt;165<\/td>\n<td>165-175<\/td>\n<td>170-185<\/td>\n<td>185-200<\/td>\n<\/tr>\n<tr>\n<th class=\"px-2 py-1 lg:px-4 lg:py-2 text-grey-9 whitespace-nowrap\" scope=\"row\">Gewicht (kg)<\/th>\n<td>&#8211;<\/td>\n<td>4.4<\/td>\n<td>4.8<\/td>\n<td>5.0<\/td>\n<\/tr>\n<\/tbody>\n<\/table>\n<\/div>\n<\/div>\n<\/div>\n<p><img loading=\"lazy\" decoding=\"async\" class=\"\" src=\"https:\/\/www.gingliders.com\/img\/hs-genie-lite-3-size-guide.svg\" width=\"701\" height=\"361\" \/><\/p>\n<p>https:\/\/youtu.be\/96RZdrwuzTA<\/p>\n<p>&nbsp;<\/p>\n<p>Mehr <a href=\"https:\/\/www.gingliders.com\/de\/harnesses\/genie-lite-3\/\" target=\"_blank\" rel=\"noopener noreferrer\">Infos<\/a><\/p>\n<p>Falls dieser Artikel nicht an Lager ist, wird er f\u00fcr dich bestellt. Lieferfrist auf Anfrage.<\/p>\n","protected":false},"featured_media":4062,"comment_status":"closed","ping_status":"closed","template":"","meta":[],"product_brand":[],"product_cat":[1041],"product_tag":[999,90],"class_list":{"0":"post-4041","1":"product","2":"type-product","3":"status-publish","4":"has-post-thumbnail","6":"product_cat-gleitschirm-liegegurtzeuge","7":"product_tag-liegegurtzeug","8":"product_tag-verkaufsartikel","9":"product_shipping_class-priority-10kg-de","11":"first","12":"instock","13":"sale","14":"shipping-taxable","15":"purchasable","16":"product-type-variable"},"yoast_head":"<!-- This site is optimized with the Yoast SEO Premium plugin v26.1 (Yoast SEO v27.3) - https:\/\/yoast.com\/product\/yoast-seo-premium-wordpress\/ -->\n<title>Gin Genie Lite 3 XC | Gleitschirmschule Thun, Bern, Interlaken<\/title>\n<meta name=\"description\" content=\"Swissgliders Gleitschirmflugschule Thun | Shop | Gleitschirme, Ausr\u00fcstung und Zubeh\u00f6r\" \/>\n<meta name=\"robots\" content=\"index, follow, max-snippet:-1, max-image-preview:large, max-video-preview:-1\" \/>\n<link rel=\"canonical\" href=\"https:\/\/swissgliders.ch\/de\/produkt\/gin-genie-lite-3\/\" \/>\n<meta property=\"og:locale\" content=\"de_DE\" \/>\n<meta property=\"og:type\" content=\"article\" \/>\n<meta property=\"og:title\" content=\"Gin Genie Lite 3 XC\" \/>\n<meta property=\"og:description\" content=\"Swissgliders Gleitschirmflugschule Thun | Shop | Gleitschirme, Ausr\u00fcstung und Zubeh\u00f6r\" \/>\n<meta property=\"og:url\" content=\"https:\/\/swissgliders.ch\/de\/produkt\/gin-genie-lite-3\/\" \/>\n<meta property=\"og:site_name\" content=\"Gleitschirmschule Thun, Bern, Interlaken\" \/>\n<meta property=\"article:publisher\" content=\"https:\/\/www.facebook.com\/swissgliders\" \/>\n<meta property=\"article:modified_time\" content=\"2025-01-11T15:55:57+00:00\" \/>\n<meta property=\"og:image\" content=\"https:\/\/swissgliders.ch\/wp-content\/uploads\/2020\/01\/hs-genie-lite-3-ss1.jpg\" \/>\n\t<meta property=\"og:image:width\" content=\"770\" \/>\n\t<meta property=\"og:image:height\" content=\"512\" \/>\n\t<meta property=\"og:image:type\" content=\"image\/jpeg\" \/>\n<meta name=\"twitter:card\" content=\"summary_large_image\" \/>\n<meta name=\"twitter:site\" content=\"@Swissgliders\" \/>\n<meta name=\"twitter:label1\" content=\"Verf\u00fcgbarkeit\" \/>\n\t<meta name=\"twitter:data1\" content=\"Auf Lager\" \/>\n<script type=\"application\/ld+json\" class=\"yoast-schema-graph\">{\"@context\":\"https:\\\/\\\/schema.org\",\"@graph\":[{\"@type\":\"WebPage\",\"@id\":\"https:\\\/\\\/swissgliders.ch\\\/de\\\/produkt\\\/gin-genie-lite-3\\\/\",\"url\":\"https:\\\/\\\/swissgliders.ch\\\/de\\\/produkt\\\/gin-genie-lite-3\\\/\",\"name\":\"Gin Genie Lite 3 XC | Gleitschirmschule Thun, Bern, Interlaken\",\"isPartOf\":{\"@id\":\"https:\\\/\\\/swissgliders.ch\\\/de\\\/#website\"},\"primaryImageOfPage\":{\"@id\":\"https:\\\/\\\/swissgliders.ch\\\/de\\\/produkt\\\/gin-genie-lite-3\\\/#primaryimage\"},\"image\":{\"@id\":\"https:\\\/\\\/swissgliders.ch\\\/de\\\/produkt\\\/gin-genie-lite-3\\\/#primaryimage\"},\"thumbnailUrl\":\"https:\\\/\\\/swissgliders.ch\\\/wp-content\\\/uploads\\\/2020\\\/01\\\/hs-genie-lite-3-ss1.jpg\",\"datePublished\":\"2020-01-17T20:38:13+00:00\",\"dateModified\":\"2025-01-11T15:55:57+00:00\",\"description\":\"Swissgliders Gleitschirmflugschule Thun | Shop | Gleitschirme, Ausr\u00fcstung und Zubeh\u00f6r\",\"breadcrumb\":{\"@id\":\"https:\\\/\\\/swissgliders.ch\\\/de\\\/produkt\\\/gin-genie-lite-3\\\/#breadcrumb\"},\"inLanguage\":\"de\",\"potentialAction\":[{\"@type\":\"ReadAction\",\"target\":[\"https:\\\/\\\/swissgliders.ch\\\/de\\\/produkt\\\/gin-genie-lite-3\\\/\"]}]},{\"@type\":\"ImageObject\",\"inLanguage\":\"de\",\"@id\":\"https:\\\/\\\/swissgliders.ch\\\/de\\\/produkt\\\/gin-genie-lite-3\\\/#primaryimage\",\"url\":\"https:\\\/\\\/swissgliders.ch\\\/wp-content\\\/uploads\\\/2020\\\/01\\\/hs-genie-lite-3-ss1.jpg\",\"contentUrl\":\"https:\\\/\\\/swissgliders.ch\\\/wp-content\\\/uploads\\\/2020\\\/01\\\/hs-genie-lite-3-ss1.jpg\",\"width\":770,\"height\":512,\"caption\":\"gin-genie-lite-3-1\"},{\"@type\":\"BreadcrumbList\",\"@id\":\"https:\\\/\\\/swissgliders.ch\\\/de\\\/produkt\\\/gin-genie-lite-3\\\/#breadcrumb\",\"itemListElement\":[{\"@type\":\"ListItem\",\"position\":1,\"name\":\"Startseite\",\"item\":\"https:\\\/\\\/swissgliders.ch\\\/de\\\/willkommen\\\/\"},{\"@type\":\"ListItem\",\"position\":2,\"name\":\"Gleitschirm Shop\",\"item\":\"https:\\\/\\\/swissgliders.ch\\\/de\\\/gleitschirm-shop\\\/\"},{\"@type\":\"ListItem\",\"position\":3,\"name\":\"Gin Genie Lite 3 XC\"}]},{\"@type\":\"WebSite\",\"@id\":\"https:\\\/\\\/swissgliders.ch\\\/de\\\/#website\",\"url\":\"https:\\\/\\\/swissgliders.ch\\\/de\\\/\",\"name\":\"Gleitschirmschule Thun, Bern, Interlaken\",\"description\":\"Gleitschirmschule Thun, Bern, Interlaken\",\"publisher\":{\"@id\":\"https:\\\/\\\/swissgliders.ch\\\/de\\\/#organization\"},\"potentialAction\":[{\"@type\":\"SearchAction\",\"target\":{\"@type\":\"EntryPoint\",\"urlTemplate\":\"https:\\\/\\\/swissgliders.ch\\\/de\\\/?s={search_term_string}\"},\"query-input\":{\"@type\":\"PropertyValueSpecification\",\"valueRequired\":true,\"valueName\":\"search_term_string\"}}],\"inLanguage\":\"de\"},{\"@type\":\"Organization\",\"@id\":\"https:\\\/\\\/swissgliders.ch\\\/de\\\/#organization\",\"name\":\"Swissgliders Gleitschirmflugschule Thun\",\"url\":\"https:\\\/\\\/swissgliders.ch\\\/de\\\/\",\"logo\":{\"@type\":\"ImageObject\",\"inLanguage\":\"de\",\"@id\":\"https:\\\/\\\/swissgliders.ch\\\/de\\\/#\\\/schema\\\/logo\\\/image\\\/\",\"url\":\"https:\\\/\\\/swissgliders.ch\\\/wp-content\\\/uploads\\\/2019\\\/12\\\/swissgliders-logo-rgb-square-L-no-ch-01.png\",\"contentUrl\":\"https:\\\/\\\/swissgliders.ch\\\/wp-content\\\/uploads\\\/2019\\\/12\\\/swissgliders-logo-rgb-square-L-no-ch-01.png\",\"width\":2500,\"height\":2500,\"caption\":\"Swissgliders Gleitschirmflugschule Thun\"},\"image\":{\"@id\":\"https:\\\/\\\/swissgliders.ch\\\/de\\\/#\\\/schema\\\/logo\\\/image\\\/\"},\"sameAs\":[\"https:\\\/\\\/www.facebook.com\\\/swissgliders\",\"https:\\\/\\\/x.com\\\/Swissgliders\",\"https:\\\/\\\/www.instagram.com\\\/swissgliders\\\/\",\"https:\\\/\\\/www.youtube.com\\\/channel\\\/UCMCtGdepy9vBhrhX3V_oJOA\"],\"hasMerchantReturnPolicy\":{\"@type\":\"MerchantReturnPolicy\",\"merchantReturnLink\":\"https:\\\/\\\/swissgliders.ch\\\/de\\\/allgemeine-geschaftsbedingungen\\\/\"}}]}<\/script>\n<meta property=\"og:availability\" content=\"instock\" \/>\n<meta property=\"product:availability\" content=\"instock\" \/>\n<meta property=\"product:condition\" content=\"new\" \/>\n<!-- \/ Yoast SEO Premium plugin. -->","yoast_head_json":{"title":"Gin Genie Lite 3 XC | Gleitschirmschule Thun, Bern, Interlaken","description":"Swissgliders Gleitschirmflugschule Thun | Shop | Gleitschirme, Ausr\u00fcstung und Zubeh\u00f6r","robots":{"index":"index","follow":"follow","max-snippet":"max-snippet:-1","max-image-preview":"max-image-preview:large","max-video-preview":"max-video-preview:-1"},"canonical":"https:\/\/swissgliders.ch\/de\/produkt\/gin-genie-lite-3\/","og_locale":"de_DE","og_type":"article","og_title":"Gin Genie Lite 3 XC","og_description":"Swissgliders Gleitschirmflugschule Thun | Shop | Gleitschirme, Ausr\u00fcstung und Zubeh\u00f6r","og_url":"https:\/\/swissgliders.ch\/de\/produkt\/gin-genie-lite-3\/","og_site_name":"Gleitschirmschule Thun, Bern, Interlaken","article_publisher":"https:\/\/www.facebook.com\/swissgliders","article_modified_time":"2025-01-11T15:55:57+00:00","og_image":[{"width":770,"height":512,"url":"https:\/\/swissgliders.ch\/wp-content\/uploads\/2020\/01\/hs-genie-lite-3-ss1.jpg","type":"image\/jpeg"}],"twitter_card":"summary_large_image","twitter_site":"@Swissgliders","twitter_misc":{"Verf\u00fcgbarkeit":"Auf Lager"},"schema":{"@context":"https:\/\/schema.org","@graph":[{"@type":"WebPage","@id":"https:\/\/swissgliders.ch\/de\/produkt\/gin-genie-lite-3\/","url":"https:\/\/swissgliders.ch\/de\/produkt\/gin-genie-lite-3\/","name":"Gin Genie Lite 3 XC | Gleitschirmschule Thun, Bern, Interlaken","isPartOf":{"@id":"https:\/\/swissgliders.ch\/de\/#website"},"primaryImageOfPage":{"@id":"https:\/\/swissgliders.ch\/de\/produkt\/gin-genie-lite-3\/#primaryimage"},"image":{"@id":"https:\/\/swissgliders.ch\/de\/produkt\/gin-genie-lite-3\/#primaryimage"},"thumbnailUrl":"https:\/\/swissgliders.ch\/wp-content\/uploads\/2020\/01\/hs-genie-lite-3-ss1.jpg","datePublished":"2020-01-17T20:38:13+00:00","dateModified":"2025-01-11T15:55:57+00:00","description":"Swissgliders Gleitschirmflugschule Thun | Shop | Gleitschirme, Ausr\u00fcstung und Zubeh\u00f6r","breadcrumb":{"@id":"https:\/\/swissgliders.ch\/de\/produkt\/gin-genie-lite-3\/#breadcrumb"},"inLanguage":"de","potentialAction":[{"@type":"ReadAction","target":["https:\/\/swissgliders.ch\/de\/produkt\/gin-genie-lite-3\/"]}]},{"@type":"ImageObject","inLanguage":"de","@id":"https:\/\/swissgliders.ch\/de\/produkt\/gin-genie-lite-3\/#primaryimage","url":"https:\/\/swissgliders.ch\/wp-content\/uploads\/2020\/01\/hs-genie-lite-3-ss1.jpg","contentUrl":"https:\/\/swissgliders.ch\/wp-content\/uploads\/2020\/01\/hs-genie-lite-3-ss1.jpg","width":770,"height":512,"caption":"gin-genie-lite-3-1"},{"@type":"BreadcrumbList","@id":"https:\/\/swissgliders.ch\/de\/produkt\/gin-genie-lite-3\/#breadcrumb","itemListElement":[{"@type":"ListItem","position":1,"name":"Startseite","item":"https:\/\/swissgliders.ch\/de\/willkommen\/"},{"@type":"ListItem","position":2,"name":"Gleitschirm Shop","item":"https:\/\/swissgliders.ch\/de\/gleitschirm-shop\/"},{"@type":"ListItem","position":3,"name":"Gin Genie Lite 3 XC"}]},{"@type":"WebSite","@id":"https:\/\/swissgliders.ch\/de\/#website","url":"https:\/\/swissgliders.ch\/de\/","name":"Gleitschirmschule Thun, Bern, Interlaken","description":"Gleitschirmschule Thun, Bern, Interlaken","publisher":{"@id":"https:\/\/swissgliders.ch\/de\/#organization"},"potentialAction":[{"@type":"SearchAction","target":{"@type":"EntryPoint","urlTemplate":"https:\/\/swissgliders.ch\/de\/?s={search_term_string}"},"query-input":{"@type":"PropertyValueSpecification","valueRequired":true,"valueName":"search_term_string"}}],"inLanguage":"de"},{"@type":"Organization","@id":"https:\/\/swissgliders.ch\/de\/#organization","name":"Swissgliders Gleitschirmflugschule Thun","url":"https:\/\/swissgliders.ch\/de\/","logo":{"@type":"ImageObject","inLanguage":"de","@id":"https:\/\/swissgliders.ch\/de\/#\/schema\/logo\/image\/","url":"https:\/\/swissgliders.ch\/wp-content\/uploads\/2019\/12\/swissgliders-logo-rgb-square-L-no-ch-01.png","contentUrl":"https:\/\/swissgliders.ch\/wp-content\/uploads\/2019\/12\/swissgliders-logo-rgb-square-L-no-ch-01.png","width":2500,"height":2500,"caption":"Swissgliders Gleitschirmflugschule Thun"},"image":{"@id":"https:\/\/swissgliders.ch\/de\/#\/schema\/logo\/image\/"},"sameAs":["https:\/\/www.facebook.com\/swissgliders","https:\/\/x.com\/Swissgliders","https:\/\/www.instagram.com\/swissgliders\/","https:\/\/www.youtube.com\/channel\/UCMCtGdepy9vBhrhX3V_oJOA"],"hasMerchantReturnPolicy":{"@type":"MerchantReturnPolicy","merchantReturnLink":"https:\/\/swissgliders.ch\/de\/allgemeine-geschaftsbedingungen\/"}}]},"og_availability":"instock","product_availability":"instock","product_condition":"new"},"_links":{"self":[{"href":"https:\/\/swissgliders.ch\/de\/wp-json\/wp\/v2\/product\/4041","targetHints":{"allow":["GET"]}}],"collection":[{"href":"https:\/\/swissgliders.ch\/de\/wp-json\/wp\/v2\/product"}],"about":[{"href":"https:\/\/swissgliders.ch\/de\/wp-json\/wp\/v2\/types\/product"}],"replies":[{"embeddable":true,"href":"https:\/\/swissgliders.ch\/de\/wp-json\/wp\/v2\/comments?post=4041"}],"wp:featuredmedia":[{"embeddable":true,"href":"https:\/\/swissgliders.ch\/de\/wp-json\/wp\/v2\/media\/4062"}],"wp:attachment":[{"href":"https:\/\/swissgliders.ch\/de\/wp-json\/wp\/v2\/media?parent=4041"}],"wp:term":[{"taxonomy":"product_brand","embeddable":true,"href":"https:\/\/swissgliders.ch\/de\/wp-json\/wp\/v2\/product_brand?post=4041"},{"taxonomy":"product_cat","embeddable":true,"href":"https:\/\/swissgliders.ch\/de\/wp-json\/wp\/v2\/product_cat?post=4041"},{"taxonomy":"product_tag","embeddable":true,"href":"https:\/\/swissgliders.ch\/de\/wp-json\/wp\/v2\/product_tag?post=4041"}],"curies":[{"name":"wp","href":"https:\/\/api.w.org\/{rel}","templated":true}]}}