{"id":4099,"date":"2020-01-21T20:46:46","date_gmt":"2020-01-21T19:46:46","guid":{"rendered":"https:\/\/swissgliders.ch\/?post_type=product&#038;p=4099"},"modified":"2024-08-22T12:03:31","modified_gmt":"2024-08-22T11:03:31","slug":"airdesign-rise-4-en-b","status":"publish","type":"product","link":"https:\/\/swissgliders.ch\/de\/produkt\/airdesign-rise-4-en-b\/","title":{"rendered":"AirDesign Rise 5 EN-B"},"content":{"rendered":"<div class=\"et_pb_module et_pb_text et_pb_text_1 et_pb_text_align_left et_pb_bg_layout_light\">\n<div class=\"et_pb_text_inner\">\n<div class=\"et_pb_module et_pb_text et_pb_text_5 et_pb_text_align_left et_pb_bg_layout_light et_had_animation\">\n<div class=\"et_pb_text_inner\">\n<div class=\"et_pb_row et_pb_row_1\">\n<div class=\"et_pb_column et_pb_column_4_4 et_pb_column_1 et_pb_css_mix_blend_mode_passthrough et-last-child\">\n<div class=\"et_pb_module et_pb_text et_pb_text_0 et_pb_text_align_left et_pb_bg_layout_light\">\n<div class=\"et_pb_text_inner\">\n<h3>Rise 5 \u2013 #whatsthetrick<\/h3>\n<\/div>\n<\/div>\n<\/div>\n<\/div>\n<div class=\"et_pb_row et_pb_row_2 et_pb_row_3-4_1-4\">\n<div class=\"et_pb_column et_pb_column_3_4 et_pb_column_2 et_pb_css_mix_blend_mode_passthrough\">\n<div class=\"et_pb_module et_pb_text et_pb_text_1 et_pb_text_align_left et_pb_bg_layout_light\">\n<div class=\"et_pb_text_inner\">\n<h4>Die Wissenschaft steht vor einem R\u00e4tsel: Der Rise 5 entspricht \u00fcberhaupt nicht der g\u00e4ngigen Formel der so genannten High-B-Schirme.<\/h4>\n<\/div>\n<\/div>\n<div class=\"et_pb_module et_pb_text et_pb_text_2 et_pb_text_align_left et_pb_bg_layout_light et_had_animation\">\n<div class=\"et_pb_text_inner\">\n<p>Verschiedenste Theorien kommen auf, um sein bemerkenswertes Leistungs-\/Zug\u00e4nglichkeits-Verh\u00e4ltnis zu erkl\u00e4ren. Die wissenschaftliche Gemeinschaft befindet sich in Aufruhr, denn der gro\u00dfe Professor Stieglair hat angeblich das Winglet-zum-Quadrat-Theorem entdeckt und angewendet. Oder ist es doch Magie?<br \/>\nEN-B-Zulassung + 2,5-Leiner-Konstruktion + 2(Paar Winglets)<br \/>\n= die neuesten verf\u00fcgbaren Technologien zur Verbesserung der Leistung im beschleunigten Flug bei zeitgleich garantiertem eleganten und verzeihenden Schirmverhalten.<\/p>\n<p><img loading=\"lazy\" decoding=\"async\" class=\"\" src=\"https:\/\/ad-gliders.com\/wp-content\/uploads\/2024\/02\/Logo-Rise-5.-coul.svg\" width=\"279\" height=\"225\" \/><\/p>\n<div class=\"et_pb_row et_pb_row_6\">\n<div>\n<div id=\"konstruktionundfeatures\" class=\"et_pb_module et_pb_text et_pb_text_5 et_pb_text_align_left et_pb_bg_layout_light et_had_animation\">\n<div class=\"et_pb_text_inner\">\n<h4>Konstruktion &amp; Features<\/h4>\n<\/div>\n<\/div>\n<div class=\"et_pb_with_border et_pb_module et_pb_blurb et_pb_blurb_0 et_pb_text_align_left et_pb_blurb_position_left et_pb_bg_layout_light\">\n<div class=\"et_pb_blurb_content\">\n<ol>\n<li>Hybrid-2,5-Leiner-Konstruktion: drei Leinenebenen in der Mitte, zwei Ebenen an den Fl\u00fcgelspitzen. Dadurch werden Leinen eingespart und der Luftwiderstand reduziert, wodurch sich die Leistung beim beschleunigten Fliegen erheblich erh\u00f6ht.<\/li>\n<li>Die Kombination von Winglets an den Stabilos mit Winglets an der Oberseite des Schirms bieten das beste Leistungs-\/Zug\u00e4nglichkeits-Verh\u00e4ltnis. Das ist der Winglet\u00b2 Effect!<\/li>\n<li>Duralight-Bauweise: Die Mischung aus leichtem und langlebigem Material in Kombination mit einer gewichtsparenden Bauweise. Entsprechend ist das Ergebnis ein leichter und langlebiger Schirm<\/li>\n<li>Neue Nose Guard Patches (eine Verst\u00e4rkung gegen Durchscheuern an der Nase): Es muss robust sein!<\/li>\n<\/ol>\n<\/div>\n<\/div>\n<div class=\"et_pb_with_border et_pb_module et_pb_blurb et_pb_blurb_2 et_pb_text_align_left et_pb_blurb_position_left et_pb_bg_layout_light\">\n<div class=\"et_pb_blurb_content\"><\/div>\n<\/div>\n<div class=\"et_pb_with_border et_pb_module et_pb_blurb et_pb_blurb_3 et_pb_text_align_left et_pb_blurb_position_left et_pb_bg_layout_light\">\n<div class=\"et_pb_blurb_content\"><\/div>\n<\/div>\n<\/div>\n<\/div>\n<\/div>\n<\/div>\n<\/div>\n<\/div>\n<\/div>\n<\/div>\n<div id=\"technischedatenund\" class=\"et_pb_module et_pb_text et_pb_text_6 et_pb_text_align_left et_pb_bg_layout_light et_had_animation\">\n<div class=\"et_pb_text_inner\">\n<h4>Technische Daten<\/h4>\n<\/div>\n<\/div>\n<div class=\"et_pb_module et_pb_text et_pb_text_7 et_pb_text_align_left et_pb_bg_layout_light et_had_animation\">\n<div class=\"et_pb_text_inner\">\n<p>\u201eDas Beste aus beiden Welten\u201c: die Verbindung der Leistung eines High-B-Schirms mit dem in dieser Klasse unerwartet verzeihenden Flugverhalten. Dank dieser Kombination wird der Rise 5 seine Piloten und Pilotinnen leistungsf\u00e4hig, selbstbewusst und sehr gl\u00fccklich machen. An der Seele der Serie \u00e4ndert sich nichts, denn der Rise 5 bleibt in seiner Klasse ein wirklich komfortabler Schirm.<\/p>\n<p>&nbsp;<\/p>\n<div class=\"et_pb_row et_pb_row_5\">\n<div class=\"et_pb_column et_pb_column_4_4 et_pb_column_7 et_pb_css_mix_blend_mode_passthrough et-last-child\">\n<div class=\"et_pb_module et_pb_toggle et_pb_toggle_0 et_pb_toggle_item et_pb_toggle_close\">\n<div id=\"wieersichfliegt\" class=\"et_pb_module et_pb_text et_pb_text_3 et_pb_text_align_left et_pb_bg_layout_light et_had_animation\">\n<div class=\"et_pb_text_inner\"><em>Und was sagt der Designer?<\/em><\/div>\n<div><\/div>\n<\/div>\n<div class=\"et_pb_module et_pb_testimonial et_pb_testimonial_0 clearfix et_pb_text_align_left et_pb_bg_layout_light et_pb_testimonial_no_image\">\n<div class=\"et_pb_testimonial_description\">\n<div class=\"et_pb_testimonial_description_inner\">\n<div class=\"et_pb_testimonial_content\"><em>Der Rise 5 verf\u00fcgt \u00fcber die Leistung eines High-B-Schirms, bleibt dabei aber ein ehrlicher B-Schirm und profitiert zudem von den aktuellsten technischen Entwicklungen. Daher haben wir uns f\u00fcr den Hashtag #whatsthetrick und den Claim The winglet\u00b2 effect entschieden. Streckenfliegen war noch nie so einfach! Leg los!<\/em><\/div>\n<\/div>\n<\/div>\n<\/div>\n<\/div>\n<\/div>\n<\/div>\n<div class=\"et_pb_row et_pb_row_6\">\n<div class=\"et_pb_column et_pb_column_2_3 et_pb_column_8 et_pb_css_mix_blend_mode_passthrough\">\n<div><\/div>\n<div class=\"et_pb_text_inner\">Stephan Stiegler<br \/>\nDesigner<\/div>\n<\/div>\n<div><\/div>\n<\/div>\n<\/div>\n<\/div>\n<\/div>\n<\/div>\n<p>Mehr <a href=\"https:\/\/ad-gliders.com\/project\/rise-5-whatsthetrick\/\" target=\"_blank\" rel=\"noopener noreferrer\">Infos<\/a><\/p>\n<p>Falls dieser Artikel nicht an Lager ist, wird er f\u00fcr dich bestellt. Lieferfrist auf Anfrage.<\/p>\n","protected":false},"excerpt":{"rendered":"<div class=\"et_pb_module et_pb_text et_pb_text_1 et_pb_text_align_left et_pb_bg_layout_light\">\n<div class=\"et_pb_text_inner\">\n<div class=\"et_pb_module et_pb_text et_pb_text_5 et_pb_text_align_left et_pb_bg_layout_light et_had_animation\">\n<div class=\"et_pb_text_inner\">\n<div class=\"et_pb_row et_pb_row_1\">\n<div class=\"et_pb_column et_pb_column_4_4 et_pb_column_1 et_pb_css_mix_blend_mode_passthrough et-last-child\">\n<div class=\"et_pb_module et_pb_text et_pb_text_0 et_pb_text_align_left et_pb_bg_layout_light\">\n<div class=\"et_pb_text_inner\">\n<h3>Rise 5 \u2013 #whatsthetrick<\/h3>\n<\/div>\n<\/div>\n<\/div>\n<\/div>\n<div class=\"et_pb_row et_pb_row_2 et_pb_row_3-4_1-4\">\n<div class=\"et_pb_column et_pb_column_3_4 et_pb_column_2 et_pb_css_mix_blend_mode_passthrough\">\n<div class=\"et_pb_module et_pb_text et_pb_text_1 et_pb_text_align_left et_pb_bg_layout_light\">\n<div class=\"et_pb_text_inner\">\n<h4>Die Wissenschaft steht vor einem R\u00e4tsel: Der Rise 5 entspricht \u00fcberhaupt nicht der g\u00e4ngigen Formel der so genannten High-B-Schirme.<\/h4>\n<\/div>\n<\/div>\n<div class=\"et_pb_module et_pb_text et_pb_text_2 et_pb_text_align_left et_pb_bg_layout_light et_had_animation\">\n<div class=\"et_pb_text_inner\">\n<p>Verschiedenste Theorien kommen auf, um sein bemerkenswertes Leistungs-\/Zug\u00e4nglichkeits-Verh\u00e4ltnis zu erkl\u00e4ren. Die wissenschaftliche Gemeinschaft befindet sich in Aufruhr, denn der gro\u00dfe Professor Stieglair hat angeblich das Winglet-zum-Quadrat-Theorem entdeckt und angewendet. Oder ist es doch Magie?<br \/>\nEN-B-Zulassung + 2,5-Leiner-Konstruktion + 2(Paar Winglets)<br \/>\n= die neuesten verf\u00fcgbaren Technologien zur Verbesserung der Leistung im beschleunigten Flug bei zeitgleich garantiertem eleganten und verzeihenden Schirmverhalten.<\/p>\n<p><img loading=\"lazy\" decoding=\"async\" class=\"\" src=\"https:\/\/ad-gliders.com\/wp-content\/uploads\/2024\/02\/Logo-Rise-5.-coul.svg\" width=\"279\" height=\"225\" \/><\/p>\n<div class=\"et_pb_row et_pb_row_6\">\n<div>\n<div id=\"konstruktionundfeatures\" class=\"et_pb_module et_pb_text et_pb_text_5 et_pb_text_align_left et_pb_bg_layout_light et_had_animation\">\n<div class=\"et_pb_text_inner\">\n<h4>Konstruktion &amp; Features<\/h4>\n<\/div>\n<\/div>\n<div class=\"et_pb_with_border et_pb_module et_pb_blurb et_pb_blurb_0 et_pb_text_align_left et_pb_blurb_position_left et_pb_bg_layout_light\">\n<div class=\"et_pb_blurb_content\">\n<ol>\n<li>Hybrid-2,5-Leiner-Konstruktion: drei Leinenebenen in der Mitte, zwei Ebenen an den Fl\u00fcgelspitzen. Dadurch werden Leinen eingespart und der Luftwiderstand reduziert, wodurch sich die Leistung beim beschleunigten Fliegen erheblich erh\u00f6ht.<\/li>\n<li>Die Kombination von Winglets an den Stabilos mit Winglets an der Oberseite des Schirms bieten das beste Leistungs-\/Zug\u00e4nglichkeits-Verh\u00e4ltnis. Das ist der Winglet\u00b2 Effect!<\/li>\n<li>Duralight-Bauweise: Die Mischung aus leichtem und langlebigem Material in Kombination mit einer gewichtsparenden Bauweise. Entsprechend ist das Ergebnis ein leichter und langlebiger Schirm<\/li>\n<li>Neue Nose Guard Patches (eine Verst\u00e4rkung gegen Durchscheuern an der Nase): Es muss robust sein!<\/li>\n<\/ol>\n<\/div>\n<\/div>\n<div class=\"et_pb_with_border et_pb_module et_pb_blurb et_pb_blurb_2 et_pb_text_align_left et_pb_blurb_position_left et_pb_bg_layout_light\">\n<div class=\"et_pb_blurb_content\"><\/div>\n<\/div>\n<div class=\"et_pb_with_border et_pb_module et_pb_blurb et_pb_blurb_3 et_pb_text_align_left et_pb_blurb_position_left et_pb_bg_layout_light\">\n<div class=\"et_pb_blurb_content\"><\/div>\n<\/div>\n<\/div>\n<\/div>\n<\/div>\n<\/div>\n<\/div>\n<\/div>\n<\/div>\n<\/div>\n<div id=\"technischedatenund\" class=\"et_pb_module et_pb_text et_pb_text_6 et_pb_text_align_left et_pb_bg_layout_light et_had_animation\">\n<div class=\"et_pb_text_inner\">\n<h4>Technische Daten<\/h4>\n<\/div>\n<\/div>\n<div class=\"et_pb_module et_pb_text et_pb_text_7 et_pb_text_align_left et_pb_bg_layout_light et_had_animation\">\n<div class=\"et_pb_text_inner\">\n<p>\u201eDas Beste aus beiden Welten\u201c: die Verbindung der Leistung eines High-B-Schirms mit dem in dieser Klasse unerwartet verzeihenden Flugverhalten. Dank dieser Kombination wird der Rise 5 seine Piloten und Pilotinnen leistungsf\u00e4hig, selbstbewusst und sehr gl\u00fccklich machen. An der Seele der Serie \u00e4ndert sich nichts, denn der Rise 5 bleibt in seiner Klasse ein wirklich komfortabler Schirm.<\/p>\n<p>&nbsp;<\/p>\n<div class=\"et_pb_row et_pb_row_5\">\n<div class=\"et_pb_column et_pb_column_4_4 et_pb_column_7 et_pb_css_mix_blend_mode_passthrough et-last-child\">\n<div class=\"et_pb_module et_pb_toggle et_pb_toggle_0 et_pb_toggle_item et_pb_toggle_close\">\n<div id=\"wieersichfliegt\" class=\"et_pb_module et_pb_text et_pb_text_3 et_pb_text_align_left et_pb_bg_layout_light et_had_animation\">\n<div class=\"et_pb_text_inner\"><em>Und was sagt der Designer?<\/em><\/div>\n<div><\/div>\n<\/div>\n<div class=\"et_pb_module et_pb_testimonial et_pb_testimonial_0 clearfix et_pb_text_align_left et_pb_bg_layout_light et_pb_testimonial_no_image\">\n<div class=\"et_pb_testimonial_description\">\n<div class=\"et_pb_testimonial_description_inner\">\n<div class=\"et_pb_testimonial_content\"><em>Der Rise 5 verf\u00fcgt \u00fcber die Leistung eines High-B-Schirms, bleibt dabei aber ein ehrlicher B-Schirm und profitiert zudem von den aktuellsten technischen Entwicklungen. Daher haben wir uns f\u00fcr den Hashtag #whatsthetrick und den Claim The winglet\u00b2 effect entschieden. Streckenfliegen war noch nie so einfach! Leg los!<\/em><\/div>\n<\/div>\n<\/div>\n<\/div>\n<\/div>\n<\/div>\n<\/div>\n<div class=\"et_pb_row et_pb_row_6\">\n<div class=\"et_pb_column et_pb_column_2_3 et_pb_column_8 et_pb_css_mix_blend_mode_passthrough\">\n<div><\/div>\n<div class=\"et_pb_text_inner\">Stephan Stiegler<br \/>\nDesigner<\/div>\n<\/div>\n<div><\/div>\n<\/div>\n<\/div>\n<\/div>\n<\/div>\n<\/div>\n<p>Mehr <a href=\"https:\/\/ad-gliders.com\/project\/rise-5-whatsthetrick\/\" target=\"_blank\" rel=\"noopener noreferrer\">Infos<\/a><\/p>\n<p>Falls dieser Artikel nicht an Lager ist, wird er f\u00fcr dich bestellt. Lieferfrist auf Anfrage.<\/p>\n","protected":false},"featured_media":12434,"comment_status":"closed","ping_status":"closed","template":"","meta":[],"product_brand":[],"product_cat":[86],"product_tag":[1176,917,90],"class_list":{"0":"post-4099","1":"product","2":"type-product","3":"status-publish","4":"has-post-thumbnail","6":"product_cat-gleitschirme","7":"product_tag-en-b","8":"product_tag-gleitschirm","9":"product_tag-verkaufsartikel","11":"first","12":"instock","13":"sale","14":"shipping-taxable","15":"purchasable","16":"product-type-variable"},"yoast_head":"<!-- This site is optimized with the Yoast SEO Premium plugin v26.1 (Yoast SEO v27.3) - https:\/\/yoast.com\/product\/yoast-seo-premium-wordpress\/ -->\n<title>AirDesign Rise 5 EN-B | Gleitschirmschule Thun, Bern, Interlaken<\/title>\n<meta name=\"description\" content=\"&quot;Das Beste aus beiden Welten\u201c: die Verbindung der Leistung eines High-B-Schirms mit dem in dieser Klasse unerwartet verzeihenden Flugverhalten. Dank dieser Kombination wird der Rise 5 seine Piloten und Pilotinnen leistungsf\u00e4hig, selbstbewusst und sehr gl\u00fccklich machen. An der Seele der Serie \u00e4ndert sich nichts, denn der Rise 5 bleibt in seiner Klasse ein wirklich komfortabler Schirm.\" \/>\n<meta name=\"robots\" content=\"index, follow, max-snippet:-1, max-image-preview:large, max-video-preview:-1\" \/>\n<link rel=\"canonical\" href=\"https:\/\/swissgliders.ch\/de\/produkt\/airdesign-rise-4-en-b\/\" \/>\n<meta property=\"og:locale\" content=\"de_DE\" \/>\n<meta property=\"og:type\" content=\"article\" \/>\n<meta property=\"og:title\" content=\"AirDesign Rise 5 EN-B\" \/>\n<meta property=\"og:description\" content=\"&quot;Das Beste aus beiden Welten\u201c: die Verbindung der Leistung eines High-B-Schirms mit dem in dieser Klasse unerwartet verzeihenden Flugverhalten. Dank dieser Kombination wird der Rise 5 seine Piloten und Pilotinnen leistungsf\u00e4hig, selbstbewusst und sehr gl\u00fccklich machen. An der Seele der Serie \u00e4ndert sich nichts, denn der Rise 5 bleibt in seiner Klasse ein wirklich komfortabler Schirm.\" \/>\n<meta property=\"og:url\" content=\"https:\/\/swissgliders.ch\/de\/produkt\/airdesign-rise-4-en-b\/\" \/>\n<meta property=\"og:site_name\" content=\"Gleitschirmschule Thun, Bern, Interlaken\" \/>\n<meta property=\"article:publisher\" content=\"https:\/\/www.facebook.com\/swissgliders\" \/>\n<meta property=\"article:modified_time\" content=\"2024-08-22T11:03:31+00:00\" \/>\n<meta property=\"og:image\" content=\"https:\/\/swissgliders.ch\/wp-content\/uploads\/2020\/01\/AD_Gleitschirm_Rise5-1.jpg\" \/>\n\t<meta property=\"og:image:width\" content=\"900\" \/>\n\t<meta property=\"og:image:height\" content=\"600\" \/>\n\t<meta property=\"og:image:type\" content=\"image\/jpeg\" \/>\n<meta name=\"twitter:card\" content=\"summary_large_image\" \/>\n<meta name=\"twitter:site\" content=\"@Swissgliders\" \/>\n<meta name=\"twitter:label1\" content=\"Verf\u00fcgbarkeit\" \/>\n\t<meta name=\"twitter:data1\" content=\"Auf Lager\" \/>\n<script type=\"application\/ld+json\" class=\"yoast-schema-graph\">{\"@context\":\"https:\\\/\\\/schema.org\",\"@graph\":[{\"@type\":\"WebPage\",\"@id\":\"https:\\\/\\\/swissgliders.ch\\\/de\\\/produkt\\\/airdesign-rise-4-en-b\\\/\",\"url\":\"https:\\\/\\\/swissgliders.ch\\\/de\\\/produkt\\\/airdesign-rise-4-en-b\\\/\",\"name\":\"AirDesign Rise 5 EN-B | Gleitschirmschule Thun, Bern, Interlaken\",\"isPartOf\":{\"@id\":\"https:\\\/\\\/swissgliders.ch\\\/de\\\/#website\"},\"primaryImageOfPage\":{\"@id\":\"https:\\\/\\\/swissgliders.ch\\\/de\\\/produkt\\\/airdesign-rise-4-en-b\\\/#primaryimage\"},\"image\":{\"@id\":\"https:\\\/\\\/swissgliders.ch\\\/de\\\/produkt\\\/airdesign-rise-4-en-b\\\/#primaryimage\"},\"thumbnailUrl\":\"https:\\\/\\\/swissgliders.ch\\\/wp-content\\\/uploads\\\/2020\\\/01\\\/AD_Gleitschirm_Rise5-1.jpg\",\"datePublished\":\"2020-01-21T19:46:46+00:00\",\"dateModified\":\"2024-08-22T11:03:31+00:00\",\"description\":\"\\\"Das Beste aus beiden Welten\u201c: die Verbindung der Leistung eines High-B-Schirms mit dem in dieser Klasse unerwartet verzeihenden Flugverhalten. Dank dieser Kombination wird der Rise 5 seine Piloten und Pilotinnen leistungsf\u00e4hig, selbstbewusst und sehr gl\u00fccklich machen. An der Seele der Serie \u00e4ndert sich nichts, denn der Rise 5 bleibt in seiner Klasse ein wirklich komfortabler Schirm.\",\"breadcrumb\":{\"@id\":\"https:\\\/\\\/swissgliders.ch\\\/de\\\/produkt\\\/airdesign-rise-4-en-b\\\/#breadcrumb\"},\"inLanguage\":\"de\",\"potentialAction\":[{\"@type\":\"ReadAction\",\"target\":[\"https:\\\/\\\/swissgliders.ch\\\/de\\\/produkt\\\/airdesign-rise-4-en-b\\\/\"]}]},{\"@type\":\"ImageObject\",\"inLanguage\":\"de\",\"@id\":\"https:\\\/\\\/swissgliders.ch\\\/de\\\/produkt\\\/airdesign-rise-4-en-b\\\/#primaryimage\",\"url\":\"https:\\\/\\\/swissgliders.ch\\\/wp-content\\\/uploads\\\/2020\\\/01\\\/AD_Gleitschirm_Rise5-1.jpg\",\"contentUrl\":\"https:\\\/\\\/swissgliders.ch\\\/wp-content\\\/uploads\\\/2020\\\/01\\\/AD_Gleitschirm_Rise5-1.jpg\",\"width\":900,\"height\":600,\"caption\":\"AD_Gleitschirm_Rise5-1\"},{\"@type\":\"BreadcrumbList\",\"@id\":\"https:\\\/\\\/swissgliders.ch\\\/de\\\/produkt\\\/airdesign-rise-4-en-b\\\/#breadcrumb\",\"itemListElement\":[{\"@type\":\"ListItem\",\"position\":1,\"name\":\"Startseite\",\"item\":\"https:\\\/\\\/swissgliders.ch\\\/de\\\/willkommen\\\/\"},{\"@type\":\"ListItem\",\"position\":2,\"name\":\"Gleitschirm Shop\",\"item\":\"https:\\\/\\\/swissgliders.ch\\\/de\\\/gleitschirm-shop\\\/\"},{\"@type\":\"ListItem\",\"position\":3,\"name\":\"AirDesign Rise 5 EN-B\"}]},{\"@type\":\"WebSite\",\"@id\":\"https:\\\/\\\/swissgliders.ch\\\/de\\\/#website\",\"url\":\"https:\\\/\\\/swissgliders.ch\\\/de\\\/\",\"name\":\"Gleitschirmschule Thun, Bern, Interlaken\",\"description\":\"Gleitschirmschule Thun, Bern, Interlaken\",\"publisher\":{\"@id\":\"https:\\\/\\\/swissgliders.ch\\\/de\\\/#organization\"},\"potentialAction\":[{\"@type\":\"SearchAction\",\"target\":{\"@type\":\"EntryPoint\",\"urlTemplate\":\"https:\\\/\\\/swissgliders.ch\\\/de\\\/?s={search_term_string}\"},\"query-input\":{\"@type\":\"PropertyValueSpecification\",\"valueRequired\":true,\"valueName\":\"search_term_string\"}}],\"inLanguage\":\"de\"},{\"@type\":\"Organization\",\"@id\":\"https:\\\/\\\/swissgliders.ch\\\/de\\\/#organization\",\"name\":\"Swissgliders Gleitschirmflugschule Thun\",\"url\":\"https:\\\/\\\/swissgliders.ch\\\/de\\\/\",\"logo\":{\"@type\":\"ImageObject\",\"inLanguage\":\"de\",\"@id\":\"https:\\\/\\\/swissgliders.ch\\\/de\\\/#\\\/schema\\\/logo\\\/image\\\/\",\"url\":\"https:\\\/\\\/swissgliders.ch\\\/wp-content\\\/uploads\\\/2019\\\/12\\\/swissgliders-logo-rgb-square-L-no-ch-01.png\",\"contentUrl\":\"https:\\\/\\\/swissgliders.ch\\\/wp-content\\\/uploads\\\/2019\\\/12\\\/swissgliders-logo-rgb-square-L-no-ch-01.png\",\"width\":2500,\"height\":2500,\"caption\":\"Swissgliders Gleitschirmflugschule Thun\"},\"image\":{\"@id\":\"https:\\\/\\\/swissgliders.ch\\\/de\\\/#\\\/schema\\\/logo\\\/image\\\/\"},\"sameAs\":[\"https:\\\/\\\/www.facebook.com\\\/swissgliders\",\"https:\\\/\\\/x.com\\\/Swissgliders\",\"https:\\\/\\\/www.instagram.com\\\/swissgliders\\\/\",\"https:\\\/\\\/www.youtube.com\\\/channel\\\/UCMCtGdepy9vBhrhX3V_oJOA\"],\"hasMerchantReturnPolicy\":{\"@type\":\"MerchantReturnPolicy\",\"merchantReturnLink\":\"https:\\\/\\\/swissgliders.ch\\\/de\\\/allgemeine-geschaftsbedingungen\\\/\"}}]}<\/script>\n<meta property=\"og:availability\" content=\"instock\" \/>\n<meta property=\"product:availability\" content=\"instock\" \/>\n<meta property=\"product:condition\" content=\"new\" \/>\n<!-- \/ Yoast SEO Premium plugin. -->","yoast_head_json":{"title":"AirDesign Rise 5 EN-B | Gleitschirmschule Thun, Bern, Interlaken","description":"\"Das Beste aus beiden Welten\u201c: die Verbindung der Leistung eines High-B-Schirms mit dem in dieser Klasse unerwartet verzeihenden Flugverhalten. Dank dieser Kombination wird der Rise 5 seine Piloten und Pilotinnen leistungsf\u00e4hig, selbstbewusst und sehr gl\u00fccklich machen. An der Seele der Serie \u00e4ndert sich nichts, denn der Rise 5 bleibt in seiner Klasse ein wirklich komfortabler Schirm.","robots":{"index":"index","follow":"follow","max-snippet":"max-snippet:-1","max-image-preview":"max-image-preview:large","max-video-preview":"max-video-preview:-1"},"canonical":"https:\/\/swissgliders.ch\/de\/produkt\/airdesign-rise-4-en-b\/","og_locale":"de_DE","og_type":"article","og_title":"AirDesign Rise 5 EN-B","og_description":"\"Das Beste aus beiden Welten\u201c: die Verbindung der Leistung eines High-B-Schirms mit dem in dieser Klasse unerwartet verzeihenden Flugverhalten. Dank dieser Kombination wird der Rise 5 seine Piloten und Pilotinnen leistungsf\u00e4hig, selbstbewusst und sehr gl\u00fccklich machen. An der Seele der Serie \u00e4ndert sich nichts, denn der Rise 5 bleibt in seiner Klasse ein wirklich komfortabler Schirm.","og_url":"https:\/\/swissgliders.ch\/de\/produkt\/airdesign-rise-4-en-b\/","og_site_name":"Gleitschirmschule Thun, Bern, Interlaken","article_publisher":"https:\/\/www.facebook.com\/swissgliders","article_modified_time":"2024-08-22T11:03:31+00:00","og_image":[{"width":900,"height":600,"url":"https:\/\/swissgliders.ch\/wp-content\/uploads\/2020\/01\/AD_Gleitschirm_Rise5-1.jpg","type":"image\/jpeg"}],"twitter_card":"summary_large_image","twitter_site":"@Swissgliders","twitter_misc":{"Verf\u00fcgbarkeit":"Auf Lager"},"schema":{"@context":"https:\/\/schema.org","@graph":[{"@type":"WebPage","@id":"https:\/\/swissgliders.ch\/de\/produkt\/airdesign-rise-4-en-b\/","url":"https:\/\/swissgliders.ch\/de\/produkt\/airdesign-rise-4-en-b\/","name":"AirDesign Rise 5 EN-B | Gleitschirmschule Thun, Bern, Interlaken","isPartOf":{"@id":"https:\/\/swissgliders.ch\/de\/#website"},"primaryImageOfPage":{"@id":"https:\/\/swissgliders.ch\/de\/produkt\/airdesign-rise-4-en-b\/#primaryimage"},"image":{"@id":"https:\/\/swissgliders.ch\/de\/produkt\/airdesign-rise-4-en-b\/#primaryimage"},"thumbnailUrl":"https:\/\/swissgliders.ch\/wp-content\/uploads\/2020\/01\/AD_Gleitschirm_Rise5-1.jpg","datePublished":"2020-01-21T19:46:46+00:00","dateModified":"2024-08-22T11:03:31+00:00","description":"\"Das Beste aus beiden Welten\u201c: die Verbindung der Leistung eines High-B-Schirms mit dem in dieser Klasse unerwartet verzeihenden Flugverhalten. Dank dieser Kombination wird der Rise 5 seine Piloten und Pilotinnen leistungsf\u00e4hig, selbstbewusst und sehr gl\u00fccklich machen. An der Seele der Serie \u00e4ndert sich nichts, denn der Rise 5 bleibt in seiner Klasse ein wirklich komfortabler Schirm.","breadcrumb":{"@id":"https:\/\/swissgliders.ch\/de\/produkt\/airdesign-rise-4-en-b\/#breadcrumb"},"inLanguage":"de","potentialAction":[{"@type":"ReadAction","target":["https:\/\/swissgliders.ch\/de\/produkt\/airdesign-rise-4-en-b\/"]}]},{"@type":"ImageObject","inLanguage":"de","@id":"https:\/\/swissgliders.ch\/de\/produkt\/airdesign-rise-4-en-b\/#primaryimage","url":"https:\/\/swissgliders.ch\/wp-content\/uploads\/2020\/01\/AD_Gleitschirm_Rise5-1.jpg","contentUrl":"https:\/\/swissgliders.ch\/wp-content\/uploads\/2020\/01\/AD_Gleitschirm_Rise5-1.jpg","width":900,"height":600,"caption":"AD_Gleitschirm_Rise5-1"},{"@type":"BreadcrumbList","@id":"https:\/\/swissgliders.ch\/de\/produkt\/airdesign-rise-4-en-b\/#breadcrumb","itemListElement":[{"@type":"ListItem","position":1,"name":"Startseite","item":"https:\/\/swissgliders.ch\/de\/willkommen\/"},{"@type":"ListItem","position":2,"name":"Gleitschirm Shop","item":"https:\/\/swissgliders.ch\/de\/gleitschirm-shop\/"},{"@type":"ListItem","position":3,"name":"AirDesign Rise 5 EN-B"}]},{"@type":"WebSite","@id":"https:\/\/swissgliders.ch\/de\/#website","url":"https:\/\/swissgliders.ch\/de\/","name":"Gleitschirmschule Thun, Bern, Interlaken","description":"Gleitschirmschule Thun, Bern, Interlaken","publisher":{"@id":"https:\/\/swissgliders.ch\/de\/#organization"},"potentialAction":[{"@type":"SearchAction","target":{"@type":"EntryPoint","urlTemplate":"https:\/\/swissgliders.ch\/de\/?s={search_term_string}"},"query-input":{"@type":"PropertyValueSpecification","valueRequired":true,"valueName":"search_term_string"}}],"inLanguage":"de"},{"@type":"Organization","@id":"https:\/\/swissgliders.ch\/de\/#organization","name":"Swissgliders Gleitschirmflugschule Thun","url":"https:\/\/swissgliders.ch\/de\/","logo":{"@type":"ImageObject","inLanguage":"de","@id":"https:\/\/swissgliders.ch\/de\/#\/schema\/logo\/image\/","url":"https:\/\/swissgliders.ch\/wp-content\/uploads\/2019\/12\/swissgliders-logo-rgb-square-L-no-ch-01.png","contentUrl":"https:\/\/swissgliders.ch\/wp-content\/uploads\/2019\/12\/swissgliders-logo-rgb-square-L-no-ch-01.png","width":2500,"height":2500,"caption":"Swissgliders Gleitschirmflugschule Thun"},"image":{"@id":"https:\/\/swissgliders.ch\/de\/#\/schema\/logo\/image\/"},"sameAs":["https:\/\/www.facebook.com\/swissgliders","https:\/\/x.com\/Swissgliders","https:\/\/www.instagram.com\/swissgliders\/","https:\/\/www.youtube.com\/channel\/UCMCtGdepy9vBhrhX3V_oJOA"],"hasMerchantReturnPolicy":{"@type":"MerchantReturnPolicy","merchantReturnLink":"https:\/\/swissgliders.ch\/de\/allgemeine-geschaftsbedingungen\/"}}]},"og_availability":"instock","product_availability":"instock","product_condition":"new"},"_links":{"self":[{"href":"https:\/\/swissgliders.ch\/de\/wp-json\/wp\/v2\/product\/4099","targetHints":{"allow":["GET"]}}],"collection":[{"href":"https:\/\/swissgliders.ch\/de\/wp-json\/wp\/v2\/product"}],"about":[{"href":"https:\/\/swissgliders.ch\/de\/wp-json\/wp\/v2\/types\/product"}],"replies":[{"embeddable":true,"href":"https:\/\/swissgliders.ch\/de\/wp-json\/wp\/v2\/comments?post=4099"}],"wp:featuredmedia":[{"embeddable":true,"href":"https:\/\/swissgliders.ch\/de\/wp-json\/wp\/v2\/media\/12434"}],"wp:attachment":[{"href":"https:\/\/swissgliders.ch\/de\/wp-json\/wp\/v2\/media?parent=4099"}],"wp:term":[{"taxonomy":"product_brand","embeddable":true,"href":"https:\/\/swissgliders.ch\/de\/wp-json\/wp\/v2\/product_brand?post=4099"},{"taxonomy":"product_cat","embeddable":true,"href":"https:\/\/swissgliders.ch\/de\/wp-json\/wp\/v2\/product_cat?post=4099"},{"taxonomy":"product_tag","embeddable":true,"href":"https:\/\/swissgliders.ch\/de\/wp-json\/wp\/v2\/product_tag?post=4099"}],"curies":[{"name":"wp","href":"https:\/\/api.w.org\/{rel}","templated":true}]}}