{"id":4127,"date":"2020-01-21T21:12:35","date_gmt":"2020-01-21T20:12:35","guid":{"rendered":"https:\/\/swissgliders.ch\/?post_type=product&#038;p=4127"},"modified":"2024-03-22T19:39:30","modified_gmt":"2024-03-22T18:39:30","slug":"skywalk-tonic-2-en-c","status":"publish","type":"product","link":"https:\/\/swissgliders.ch\/de\/produkt\/skywalk-tonic-2-en-c\/","title":{"rendered":"Skywalk Tonic2 EN-B\/C"},"content":{"rendered":"<div class=\"et_pb_module et_pb_text et_pb_text_0 et_pb_bg_layout_light et_pb_text_align_left\">\n<h3 class=\"et_pb_text_inner\">Die Spa\u00dfmaschine<\/h3>\n<\/div>\n<div class=\"et_pb_module et_pb_text et_pb_text_1 et_pb_bg_layout_light et_pb_text_align_left\">\n<div class=\"et_pb_text_inner\">\n<div class=\"et_pb_module et_pb_text et_pb_text_0 et_pb_text_align_left et_pb_bg_layout_light\">\n<div class=\"et_pb_text_inner\">\n<h4>Spritzig. Direkt.<\/h4>\n<\/div>\n<\/div>\n<div class=\"et_pb_module et_pb_text et_pb_text_1 et_pb_text_align_left et_pb_bg_layout_light\">\n<div class=\"et_pb_text_inner\">\n<div>\n<p>Der TONIC2 ist die Spa\u00dfmaschine in unserer Miniwing-Palette. Der superkompakte Fl\u00fcgel mit geringer Spannweite und kurzen Leinen richtet sich an alle, die gerne bei Starkwind soaren oder nah am Hang herumturnen. Wir nennen ihn deswegen gerne das \u201eGo-Kart\u201c der Luft. Denn der TONIC2 setzt Steuerimpulse super direkt und pr\u00e4zise um und liebt Schr\u00e4glage und Dynamik. Dennoch ist der Einsatzbereich \u00fcberraschend vielseitig \u2013 je nachdem, welche Gr\u00f6\u00dfe Du w\u00e4hlst.<\/p>\n<p>Der TONIC2 ist nicht nur ein perfekter Starkwindschirm, sondern auch ein idealer \u00dcbungsschirm f\u00fcr das Groundhandling, zum Trainieren von Wingovern und Loopings sowie ein perfekter Begleiter f\u00fcr Hike&amp;Fly-Touren. Die Leistung ist dabei ausreichend um aus jedem Tal zu gleiten oder sogar an thermischen Tagen oben zu bleiben.<\/p>\n<p>Ein sorgf\u00e4ltig ausgew\u00e4hlter Materialmix sorgt f\u00fcr die n\u00f6tige Robustheit im D\u00fcneneinsatz sowie f\u00fcr ein geringes Gewicht beim Hike&amp;Fly. Eine Besonderheit sind die Trimmertragegurte, mit denen sich das Geschwindigkeitsfenster nochmals deutlich erh\u00f6hen l\u00e4sst. Eines ist allen Gr\u00f6\u00dfen gemeinsam: Der TONIC2 ist extrem einfach in der Handhabung, extrem spa\u00dfig in der Luft und dabei extrem hart im Nehmen!<\/p>\n<h4><strong>\u201cDie Spa\u00dfmaschine f\u00fcr jedermann. Egal ob an der D\u00fcne oder zum Freestyle \u2013 den TONIC habe ich immer im Urlaubsgep\u00e4ck!\u201d<\/strong><\/h4>\n<\/div>\n<\/div>\n<\/div>\n<p>Demoschirme in Gr\u00f6sse S und XS bei uns verf\u00fcgbar! <a href=\"https:\/\/swissgliders.ch\/de\/kontakt\/\">Kontaktiere<\/a> uns f\u00fcr einen Testflug.<\/p>\n<p>&nbsp;<\/p>\n<\/div>\n<\/div>\n<p>Mehr<a href=\"https:\/\/skywalk.info\/de\/project\/tonic-2\/\"> Infos<\/a><\/p>\n<p>Falls dieser Artikel nicht an Lager ist, wird er f\u00fcr dich bestellt. Lieferfrist auf Anfrage.<\/p>\n","protected":false},"excerpt":{"rendered":"<div class=\"et_pb_module et_pb_text et_pb_text_1 et_pb_bg_layout_light et_pb_text_align_left\">\n<div class=\"et_pb_text_inner\">\n<div>\n<div class=\"et_pb_module et_pb_text et_pb_text_0 et_pb_text_align_left et_pb_bg_layout_light\">\n<div class=\"et_pb_text_inner\">\n<h3>Die Spa\u00dfmaschine<\/h3>\n<h4>Spritzig. Direkt.<\/h4>\n<\/div>\n<\/div>\n<div class=\"et_pb_module et_pb_text et_pb_text_1 et_pb_text_align_left et_pb_bg_layout_light\">\n<div class=\"et_pb_text_inner\">\n<div>\n<p>Der TONIC2 ist die Spa\u00dfmaschine in unserer Miniwing-Palette. Der superkompakte Fl\u00fcgel mit geringer Spannweite und kurzen Leinen richtet sich an alle, die gerne bei Starkwind soaren oder nah am Hang herumturnen. Wir nennen ihn deswegen gerne das \u201eGo-Kart\u201c der Luft. Denn der TONIC2 setzt Steuerimpulse super direkt und pr\u00e4zise um und liebt Schr\u00e4glage und Dynamik. Dennoch ist der Einsatzbereich \u00fcberraschend vielseitig \u2013 je nachdem, welche Gr\u00f6\u00dfe Du w\u00e4hlst.<\/p>\n<p>Der TONIC2 ist nicht nur ein perfekter Starkwindschirm, sondern auch ein idealer \u00dcbungsschirm f\u00fcr das Groundhandling, zum Trainieren von Wingovern und Loopings sowie ein perfekter Begleiter f\u00fcr Hike&amp;Fly-Touren. Die Leistung ist dabei ausreichend um aus jedem Tal zu gleiten oder sogar an thermischen Tagen oben zu bleiben.<\/p>\n<p>Ein sorgf\u00e4ltig ausgew\u00e4hlter Materialmix sorgt f\u00fcr die n\u00f6tige Robustheit im D\u00fcneneinsatz sowie f\u00fcr ein geringes Gewicht beim Hike&amp;Fly. Eine Besonderheit sind die Trimmertragegurte, mit denen sich das Geschwindigkeitsfenster nochmals deutlich erh\u00f6hen l\u00e4sst. Eines ist allen Gr\u00f6\u00dfen gemeinsam: Der TONIC2 ist extrem einfach in der Handhabung, extrem spa\u00dfig in der Luft und dabei extrem hart im Nehmen!<\/p>\n<h4><strong>\u201cDie Spa\u00dfmaschine f\u00fcr jedermann. Egal ob an der D\u00fcne oder zum Freestyle \u2013 den TONIC habe ich immer im Urlaubsgep\u00e4ck!\u201d<\/strong><\/h4>\n<\/div>\n<\/div>\n<\/div>\n<p>Demoschirme in Gr\u00f6sse S und XS bei uns verf\u00fcgbar! <a href=\"https:\/\/swissgliders.ch\/de\/kontakt\/\">Kontaktiere<\/a> uns f\u00fcr einen Testflug.<\/p>\n<p>&nbsp;<\/p>\n<\/div>\n<\/div>\n<\/div>\n<p>Mehr<a href=\"https:\/\/skywalk.info\/de\/project\/tonic-2\/\"> Infos<\/a><\/p>\n<p>Falls dieser Artikel nicht an Lager ist, wird er f\u00fcr dich bestellt. Lieferfrist auf Anfrage.<\/p>\n","protected":false},"featured_media":4131,"comment_status":"closed","ping_status":"closed","template":"","meta":[],"product_brand":[],"product_cat":[1207,86],"product_tag":[917,1208,90],"class_list":{"0":"post-4127","1":"product","2":"type-product","3":"status-publish","4":"has-post-thumbnail","6":"product_cat-gleitschirm-miniwings","7":"product_cat-gleitschirme","8":"product_tag-gleitschirm","9":"product_tag-miniwing","10":"product_tag-verkaufsartikel","12":"first","13":"instock","14":"sale","15":"shipping-taxable","16":"purchasable","17":"product-type-variable"},"yoast_head":"<!-- This site is optimized with the Yoast SEO Premium plugin v26.1 (Yoast SEO v27.3) - https:\/\/yoast.com\/product\/yoast-seo-premium-wordpress\/ -->\n<title>Skywalk Tonic2 EN-B\/C | Gleitschirmschule Thun, Bern, Interlaken<\/title>\n<meta name=\"description\" content=\"Skywalk Tonic 2 - der Fun-Gleitschirm schlechthin! Frage uns f\u00fcr einen Testflug - wir haben Demos verf\u00fcgbar! Die Spa\u00dfmaschine, Spritzig. Direkt. Der TONIC2 ist die Spa\u00dfmaschine in unserer Miniwing-Palette. Der superkompakte Fl\u00fcgel mit geringer Spannweite und kurzen Leinen richtet sich an alle, die gerne bei Starkwind soaren oder nah am Hang herumturnen. Wir nennen ihn deswegen gerne das \u201eGo-Kart\u201c der Luft. Denn der TONIC2 setzt Steuerimpulse super direkt und pr\u00e4zise um und liebt Schr\u00e4glage und Dynamik. Dennoch ist der Einsatzbereich \u00fcberraschend vielseitig \u2013 je nachdem, welche Gr\u00f6\u00dfe Du w\u00e4hlst.Der TONIC2 ist nicht nur ein perfekter Starkwindschirm, sondern auch ein idealer \u00dcbungsschirm f\u00fcr das Groundhandling, zum Trainieren von Wingovern und Loopings sowie ein perfekter Begleiter f\u00fcr Hike&amp;Fly-Touren. Die Leistung ist dabei ausreichend um aus jedem Tal zu gleiten oder sogar an thermischen Tagen oben zu bleiben.Ein sorgf\u00e4ltig ausgew\u00e4hlter Materialmix sorgt f\u00fcr die n\u00f6tige Robustheit im D\u00fcneneinsatz sowie f\u00fcr ein geringes Gewicht beim Hike&amp;Fly. Eine Besonderheit sind die Trimmertragegurte, mit denen sich das Geschwindigkeitsfenster nochmals deutlich erh\u00f6hen l\u00e4sst. Eines ist allen Gr\u00f6\u00dfen gemeinsam: Der TONIC2 ist extrem einfach in der Handhabung, extrem spa\u00dfig in der Luft und dabei extrem hart im Nehmen!\" \/>\n<meta name=\"robots\" content=\"index, follow, max-snippet:-1, max-image-preview:large, max-video-preview:-1\" \/>\n<link rel=\"canonical\" href=\"https:\/\/swissgliders.ch\/de\/produkt\/skywalk-tonic-2-en-c\/\" \/>\n<meta property=\"og:locale\" content=\"de_DE\" \/>\n<meta property=\"og:type\" content=\"article\" \/>\n<meta property=\"og:title\" content=\"Skywalk Tonic2 EN-B\/C\" \/>\n<meta property=\"og:description\" content=\"Skywalk Tonic 2 - der Fun-Gleitschirm schlechthin! Frage uns f\u00fcr einen Testflug - wir haben Demos verf\u00fcgbar! Die Spa\u00dfmaschine, Spritzig. Direkt. Der TONIC2 ist die Spa\u00dfmaschine in unserer Miniwing-Palette. Der superkompakte Fl\u00fcgel mit geringer Spannweite und kurzen Leinen richtet sich an alle, die gerne bei Starkwind soaren oder nah am Hang herumturnen. Wir nennen ihn deswegen gerne das \u201eGo-Kart\u201c der Luft. Denn der TONIC2 setzt Steuerimpulse super direkt und pr\u00e4zise um und liebt Schr\u00e4glage und Dynamik. Dennoch ist der Einsatzbereich \u00fcberraschend vielseitig \u2013 je nachdem, welche Gr\u00f6\u00dfe Du w\u00e4hlst.Der TONIC2 ist nicht nur ein perfekter Starkwindschirm, sondern auch ein idealer \u00dcbungsschirm f\u00fcr das Groundhandling, zum Trainieren von Wingovern und Loopings sowie ein perfekter Begleiter f\u00fcr Hike&amp;Fly-Touren. Die Leistung ist dabei ausreichend um aus jedem Tal zu gleiten oder sogar an thermischen Tagen oben zu bleiben.Ein sorgf\u00e4ltig ausgew\u00e4hlter Materialmix sorgt f\u00fcr die n\u00f6tige Robustheit im D\u00fcneneinsatz sowie f\u00fcr ein geringes Gewicht beim Hike&amp;Fly. Eine Besonderheit sind die Trimmertragegurte, mit denen sich das Geschwindigkeitsfenster nochmals deutlich erh\u00f6hen l\u00e4sst. Eines ist allen Gr\u00f6\u00dfen gemeinsam: Der TONIC2 ist extrem einfach in der Handhabung, extrem spa\u00dfig in der Luft und dabei extrem hart im Nehmen!\" \/>\n<meta property=\"og:url\" content=\"https:\/\/swissgliders.ch\/de\/produkt\/skywalk-tonic-2-en-c\/\" \/>\n<meta property=\"og:site_name\" content=\"Gleitschirmschule Thun, Bern, Interlaken\" \/>\n<meta property=\"article:publisher\" content=\"https:\/\/www.facebook.com\/swissgliders\" \/>\n<meta property=\"article:modified_time\" content=\"2024-03-22T18:39:30+00:00\" \/>\n<meta property=\"og:image\" content=\"https:\/\/swissgliders.ch\/wp-content\/uploads\/2020\/01\/DSC5556r.jpg\" \/>\n\t<meta property=\"og:image:width\" content=\"4000\" \/>\n\t<meta property=\"og:image:height\" content=\"2667\" \/>\n\t<meta property=\"og:image:type\" content=\"image\/jpeg\" \/>\n<meta name=\"twitter:card\" content=\"summary_large_image\" \/>\n<meta name=\"twitter:site\" content=\"@Swissgliders\" \/>\n<meta name=\"twitter:label1\" content=\"Verf\u00fcgbarkeit\" \/>\n\t<meta name=\"twitter:data1\" content=\"Auf Lager\" \/>\n<script type=\"application\/ld+json\" class=\"yoast-schema-graph\">{\"@context\":\"https:\\\/\\\/schema.org\",\"@graph\":[{\"@type\":\"WebPage\",\"@id\":\"https:\\\/\\\/swissgliders.ch\\\/de\\\/produkt\\\/skywalk-tonic-2-en-c\\\/\",\"url\":\"https:\\\/\\\/swissgliders.ch\\\/de\\\/produkt\\\/skywalk-tonic-2-en-c\\\/\",\"name\":\"Skywalk Tonic2 EN-B\\\/C | Gleitschirmschule Thun, Bern, Interlaken\",\"isPartOf\":{\"@id\":\"https:\\\/\\\/swissgliders.ch\\\/de\\\/#website\"},\"primaryImageOfPage\":{\"@id\":\"https:\\\/\\\/swissgliders.ch\\\/de\\\/produkt\\\/skywalk-tonic-2-en-c\\\/#primaryimage\"},\"image\":{\"@id\":\"https:\\\/\\\/swissgliders.ch\\\/de\\\/produkt\\\/skywalk-tonic-2-en-c\\\/#primaryimage\"},\"thumbnailUrl\":\"https:\\\/\\\/swissgliders.ch\\\/wp-content\\\/uploads\\\/2020\\\/01\\\/DSC5556r.jpg\",\"datePublished\":\"2020-01-21T20:12:35+00:00\",\"dateModified\":\"2024-03-22T18:39:30+00:00\",\"description\":\"Skywalk Tonic 2 - der Fun-Gleitschirm schlechthin! Frage uns f\u00fcr einen Testflug - wir haben Demos verf\u00fcgbar! Die Spa\u00dfmaschine, Spritzig. Direkt. Der TONIC2 ist die Spa\u00dfmaschine in unserer Miniwing-Palette. Der superkompakte Fl\u00fcgel mit geringer Spannweite und kurzen Leinen richtet sich an alle, die gerne bei Starkwind soaren oder nah am Hang herumturnen. Wir nennen ihn deswegen gerne das \u201eGo-Kart\u201c der Luft. Denn der TONIC2 setzt Steuerimpulse super direkt und pr\u00e4zise um und liebt Schr\u00e4glage und Dynamik. Dennoch ist der Einsatzbereich \u00fcberraschend vielseitig \u2013 je nachdem, welche Gr\u00f6\u00dfe Du w\u00e4hlst.Der TONIC2 ist nicht nur ein perfekter Starkwindschirm, sondern auch ein idealer \u00dcbungsschirm f\u00fcr das Groundhandling, zum Trainieren von Wingovern und Loopings sowie ein perfekter Begleiter f\u00fcr Hike&Fly-Touren. Die Leistung ist dabei ausreichend um aus jedem Tal zu gleiten oder sogar an thermischen Tagen oben zu bleiben.Ein sorgf\u00e4ltig ausgew\u00e4hlter Materialmix sorgt f\u00fcr die n\u00f6tige Robustheit im D\u00fcneneinsatz sowie f\u00fcr ein geringes Gewicht beim Hike&Fly. Eine Besonderheit sind die Trimmertragegurte, mit denen sich das Geschwindigkeitsfenster nochmals deutlich erh\u00f6hen l\u00e4sst. Eines ist allen Gr\u00f6\u00dfen gemeinsam: Der TONIC2 ist extrem einfach in der Handhabung, extrem spa\u00dfig in der Luft und dabei extrem hart im Nehmen!\",\"breadcrumb\":{\"@id\":\"https:\\\/\\\/swissgliders.ch\\\/de\\\/produkt\\\/skywalk-tonic-2-en-c\\\/#breadcrumb\"},\"inLanguage\":\"de\",\"potentialAction\":[{\"@type\":\"ReadAction\",\"target\":[\"https:\\\/\\\/swissgliders.ch\\\/de\\\/produkt\\\/skywalk-tonic-2-en-c\\\/\"]}]},{\"@type\":\"ImageObject\",\"inLanguage\":\"de\",\"@id\":\"https:\\\/\\\/swissgliders.ch\\\/de\\\/produkt\\\/skywalk-tonic-2-en-c\\\/#primaryimage\",\"url\":\"https:\\\/\\\/swissgliders.ch\\\/wp-content\\\/uploads\\\/2020\\\/01\\\/DSC5556r.jpg\",\"contentUrl\":\"https:\\\/\\\/swissgliders.ch\\\/wp-content\\\/uploads\\\/2020\\\/01\\\/DSC5556r.jpg\",\"width\":4000,\"height\":2667,\"caption\":\"skywalk-tonic2-2\"},{\"@type\":\"BreadcrumbList\",\"@id\":\"https:\\\/\\\/swissgliders.ch\\\/de\\\/produkt\\\/skywalk-tonic-2-en-c\\\/#breadcrumb\",\"itemListElement\":[{\"@type\":\"ListItem\",\"position\":1,\"name\":\"Startseite\",\"item\":\"https:\\\/\\\/swissgliders.ch\\\/de\\\/willkommen\\\/\"},{\"@type\":\"ListItem\",\"position\":2,\"name\":\"Gleitschirm Shop\",\"item\":\"https:\\\/\\\/swissgliders.ch\\\/de\\\/gleitschirm-shop\\\/\"},{\"@type\":\"ListItem\",\"position\":3,\"name\":\"Skywalk Tonic2 EN-B\\\/C\"}]},{\"@type\":\"WebSite\",\"@id\":\"https:\\\/\\\/swissgliders.ch\\\/de\\\/#website\",\"url\":\"https:\\\/\\\/swissgliders.ch\\\/de\\\/\",\"name\":\"Gleitschirmschule Thun, Bern, Interlaken\",\"description\":\"Gleitschirmschule Thun, Bern, Interlaken\",\"publisher\":{\"@id\":\"https:\\\/\\\/swissgliders.ch\\\/de\\\/#organization\"},\"potentialAction\":[{\"@type\":\"SearchAction\",\"target\":{\"@type\":\"EntryPoint\",\"urlTemplate\":\"https:\\\/\\\/swissgliders.ch\\\/de\\\/?s={search_term_string}\"},\"query-input\":{\"@type\":\"PropertyValueSpecification\",\"valueRequired\":true,\"valueName\":\"search_term_string\"}}],\"inLanguage\":\"de\"},{\"@type\":\"Organization\",\"@id\":\"https:\\\/\\\/swissgliders.ch\\\/de\\\/#organization\",\"name\":\"Swissgliders Gleitschirmflugschule Thun\",\"url\":\"https:\\\/\\\/swissgliders.ch\\\/de\\\/\",\"logo\":{\"@type\":\"ImageObject\",\"inLanguage\":\"de\",\"@id\":\"https:\\\/\\\/swissgliders.ch\\\/de\\\/#\\\/schema\\\/logo\\\/image\\\/\",\"url\":\"https:\\\/\\\/swissgliders.ch\\\/wp-content\\\/uploads\\\/2019\\\/12\\\/swissgliders-logo-rgb-square-L-no-ch-01.png\",\"contentUrl\":\"https:\\\/\\\/swissgliders.ch\\\/wp-content\\\/uploads\\\/2019\\\/12\\\/swissgliders-logo-rgb-square-L-no-ch-01.png\",\"width\":2500,\"height\":2500,\"caption\":\"Swissgliders Gleitschirmflugschule Thun\"},\"image\":{\"@id\":\"https:\\\/\\\/swissgliders.ch\\\/de\\\/#\\\/schema\\\/logo\\\/image\\\/\"},\"sameAs\":[\"https:\\\/\\\/www.facebook.com\\\/swissgliders\",\"https:\\\/\\\/x.com\\\/Swissgliders\",\"https:\\\/\\\/www.instagram.com\\\/swissgliders\\\/\",\"https:\\\/\\\/www.youtube.com\\\/channel\\\/UCMCtGdepy9vBhrhX3V_oJOA\"],\"hasMerchantReturnPolicy\":{\"@type\":\"MerchantReturnPolicy\",\"merchantReturnLink\":\"https:\\\/\\\/swissgliders.ch\\\/de\\\/allgemeine-geschaftsbedingungen\\\/\"}}]}<\/script>\n<meta property=\"og:availability\" content=\"instock\" \/>\n<meta property=\"product:availability\" content=\"instock\" \/>\n<meta property=\"product:condition\" content=\"new\" \/>\n<!-- \/ Yoast SEO Premium plugin. -->","yoast_head_json":{"title":"Skywalk Tonic2 EN-B\/C | Gleitschirmschule Thun, Bern, Interlaken","description":"Skywalk Tonic 2 - der Fun-Gleitschirm schlechthin! Frage uns f\u00fcr einen Testflug - wir haben Demos verf\u00fcgbar! Die Spa\u00dfmaschine, Spritzig. Direkt. Der TONIC2 ist die Spa\u00dfmaschine in unserer Miniwing-Palette. Der superkompakte Fl\u00fcgel mit geringer Spannweite und kurzen Leinen richtet sich an alle, die gerne bei Starkwind soaren oder nah am Hang herumturnen. Wir nennen ihn deswegen gerne das \u201eGo-Kart\u201c der Luft. Denn der TONIC2 setzt Steuerimpulse super direkt und pr\u00e4zise um und liebt Schr\u00e4glage und Dynamik. Dennoch ist der Einsatzbereich \u00fcberraschend vielseitig \u2013 je nachdem, welche Gr\u00f6\u00dfe Du w\u00e4hlst.Der TONIC2 ist nicht nur ein perfekter Starkwindschirm, sondern auch ein idealer \u00dcbungsschirm f\u00fcr das Groundhandling, zum Trainieren von Wingovern und Loopings sowie ein perfekter Begleiter f\u00fcr Hike&Fly-Touren. Die Leistung ist dabei ausreichend um aus jedem Tal zu gleiten oder sogar an thermischen Tagen oben zu bleiben.Ein sorgf\u00e4ltig ausgew\u00e4hlter Materialmix sorgt f\u00fcr die n\u00f6tige Robustheit im D\u00fcneneinsatz sowie f\u00fcr ein geringes Gewicht beim Hike&Fly. Eine Besonderheit sind die Trimmertragegurte, mit denen sich das Geschwindigkeitsfenster nochmals deutlich erh\u00f6hen l\u00e4sst. Eines ist allen Gr\u00f6\u00dfen gemeinsam: Der TONIC2 ist extrem einfach in der Handhabung, extrem spa\u00dfig in der Luft und dabei extrem hart im Nehmen!","robots":{"index":"index","follow":"follow","max-snippet":"max-snippet:-1","max-image-preview":"max-image-preview:large","max-video-preview":"max-video-preview:-1"},"canonical":"https:\/\/swissgliders.ch\/de\/produkt\/skywalk-tonic-2-en-c\/","og_locale":"de_DE","og_type":"article","og_title":"Skywalk Tonic2 EN-B\/C","og_description":"Skywalk Tonic 2 - der Fun-Gleitschirm schlechthin! Frage uns f\u00fcr einen Testflug - wir haben Demos verf\u00fcgbar! Die Spa\u00dfmaschine, Spritzig. Direkt. Der TONIC2 ist die Spa\u00dfmaschine in unserer Miniwing-Palette. Der superkompakte Fl\u00fcgel mit geringer Spannweite und kurzen Leinen richtet sich an alle, die gerne bei Starkwind soaren oder nah am Hang herumturnen. Wir nennen ihn deswegen gerne das \u201eGo-Kart\u201c der Luft. Denn der TONIC2 setzt Steuerimpulse super direkt und pr\u00e4zise um und liebt Schr\u00e4glage und Dynamik. Dennoch ist der Einsatzbereich \u00fcberraschend vielseitig \u2013 je nachdem, welche Gr\u00f6\u00dfe Du w\u00e4hlst.Der TONIC2 ist nicht nur ein perfekter Starkwindschirm, sondern auch ein idealer \u00dcbungsschirm f\u00fcr das Groundhandling, zum Trainieren von Wingovern und Loopings sowie ein perfekter Begleiter f\u00fcr Hike&Fly-Touren. Die Leistung ist dabei ausreichend um aus jedem Tal zu gleiten oder sogar an thermischen Tagen oben zu bleiben.Ein sorgf\u00e4ltig ausgew\u00e4hlter Materialmix sorgt f\u00fcr die n\u00f6tige Robustheit im D\u00fcneneinsatz sowie f\u00fcr ein geringes Gewicht beim Hike&Fly. Eine Besonderheit sind die Trimmertragegurte, mit denen sich das Geschwindigkeitsfenster nochmals deutlich erh\u00f6hen l\u00e4sst. Eines ist allen Gr\u00f6\u00dfen gemeinsam: Der TONIC2 ist extrem einfach in der Handhabung, extrem spa\u00dfig in der Luft und dabei extrem hart im Nehmen!","og_url":"https:\/\/swissgliders.ch\/de\/produkt\/skywalk-tonic-2-en-c\/","og_site_name":"Gleitschirmschule Thun, Bern, Interlaken","article_publisher":"https:\/\/www.facebook.com\/swissgliders","article_modified_time":"2024-03-22T18:39:30+00:00","og_image":[{"width":4000,"height":2667,"url":"https:\/\/swissgliders.ch\/wp-content\/uploads\/2020\/01\/DSC5556r.jpg","type":"image\/jpeg"}],"twitter_card":"summary_large_image","twitter_site":"@Swissgliders","twitter_misc":{"Verf\u00fcgbarkeit":"Auf Lager"},"schema":{"@context":"https:\/\/schema.org","@graph":[{"@type":"WebPage","@id":"https:\/\/swissgliders.ch\/de\/produkt\/skywalk-tonic-2-en-c\/","url":"https:\/\/swissgliders.ch\/de\/produkt\/skywalk-tonic-2-en-c\/","name":"Skywalk Tonic2 EN-B\/C | Gleitschirmschule Thun, Bern, Interlaken","isPartOf":{"@id":"https:\/\/swissgliders.ch\/de\/#website"},"primaryImageOfPage":{"@id":"https:\/\/swissgliders.ch\/de\/produkt\/skywalk-tonic-2-en-c\/#primaryimage"},"image":{"@id":"https:\/\/swissgliders.ch\/de\/produkt\/skywalk-tonic-2-en-c\/#primaryimage"},"thumbnailUrl":"https:\/\/swissgliders.ch\/wp-content\/uploads\/2020\/01\/DSC5556r.jpg","datePublished":"2020-01-21T20:12:35+00:00","dateModified":"2024-03-22T18:39:30+00:00","description":"Skywalk Tonic 2 - der Fun-Gleitschirm schlechthin! Frage uns f\u00fcr einen Testflug - wir haben Demos verf\u00fcgbar! Die Spa\u00dfmaschine, Spritzig. Direkt. Der TONIC2 ist die Spa\u00dfmaschine in unserer Miniwing-Palette. Der superkompakte Fl\u00fcgel mit geringer Spannweite und kurzen Leinen richtet sich an alle, die gerne bei Starkwind soaren oder nah am Hang herumturnen. Wir nennen ihn deswegen gerne das \u201eGo-Kart\u201c der Luft. Denn der TONIC2 setzt Steuerimpulse super direkt und pr\u00e4zise um und liebt Schr\u00e4glage und Dynamik. Dennoch ist der Einsatzbereich \u00fcberraschend vielseitig \u2013 je nachdem, welche Gr\u00f6\u00dfe Du w\u00e4hlst.Der TONIC2 ist nicht nur ein perfekter Starkwindschirm, sondern auch ein idealer \u00dcbungsschirm f\u00fcr das Groundhandling, zum Trainieren von Wingovern und Loopings sowie ein perfekter Begleiter f\u00fcr Hike&Fly-Touren. Die Leistung ist dabei ausreichend um aus jedem Tal zu gleiten oder sogar an thermischen Tagen oben zu bleiben.Ein sorgf\u00e4ltig ausgew\u00e4hlter Materialmix sorgt f\u00fcr die n\u00f6tige Robustheit im D\u00fcneneinsatz sowie f\u00fcr ein geringes Gewicht beim Hike&Fly. Eine Besonderheit sind die Trimmertragegurte, mit denen sich das Geschwindigkeitsfenster nochmals deutlich erh\u00f6hen l\u00e4sst. Eines ist allen Gr\u00f6\u00dfen gemeinsam: Der TONIC2 ist extrem einfach in der Handhabung, extrem spa\u00dfig in der Luft und dabei extrem hart im Nehmen!","breadcrumb":{"@id":"https:\/\/swissgliders.ch\/de\/produkt\/skywalk-tonic-2-en-c\/#breadcrumb"},"inLanguage":"de","potentialAction":[{"@type":"ReadAction","target":["https:\/\/swissgliders.ch\/de\/produkt\/skywalk-tonic-2-en-c\/"]}]},{"@type":"ImageObject","inLanguage":"de","@id":"https:\/\/swissgliders.ch\/de\/produkt\/skywalk-tonic-2-en-c\/#primaryimage","url":"https:\/\/swissgliders.ch\/wp-content\/uploads\/2020\/01\/DSC5556r.jpg","contentUrl":"https:\/\/swissgliders.ch\/wp-content\/uploads\/2020\/01\/DSC5556r.jpg","width":4000,"height":2667,"caption":"skywalk-tonic2-2"},{"@type":"BreadcrumbList","@id":"https:\/\/swissgliders.ch\/de\/produkt\/skywalk-tonic-2-en-c\/#breadcrumb","itemListElement":[{"@type":"ListItem","position":1,"name":"Startseite","item":"https:\/\/swissgliders.ch\/de\/willkommen\/"},{"@type":"ListItem","position":2,"name":"Gleitschirm Shop","item":"https:\/\/swissgliders.ch\/de\/gleitschirm-shop\/"},{"@type":"ListItem","position":3,"name":"Skywalk Tonic2 EN-B\/C"}]},{"@type":"WebSite","@id":"https:\/\/swissgliders.ch\/de\/#website","url":"https:\/\/swissgliders.ch\/de\/","name":"Gleitschirmschule Thun, Bern, Interlaken","description":"Gleitschirmschule Thun, Bern, Interlaken","publisher":{"@id":"https:\/\/swissgliders.ch\/de\/#organization"},"potentialAction":[{"@type":"SearchAction","target":{"@type":"EntryPoint","urlTemplate":"https:\/\/swissgliders.ch\/de\/?s={search_term_string}"},"query-input":{"@type":"PropertyValueSpecification","valueRequired":true,"valueName":"search_term_string"}}],"inLanguage":"de"},{"@type":"Organization","@id":"https:\/\/swissgliders.ch\/de\/#organization","name":"Swissgliders Gleitschirmflugschule Thun","url":"https:\/\/swissgliders.ch\/de\/","logo":{"@type":"ImageObject","inLanguage":"de","@id":"https:\/\/swissgliders.ch\/de\/#\/schema\/logo\/image\/","url":"https:\/\/swissgliders.ch\/wp-content\/uploads\/2019\/12\/swissgliders-logo-rgb-square-L-no-ch-01.png","contentUrl":"https:\/\/swissgliders.ch\/wp-content\/uploads\/2019\/12\/swissgliders-logo-rgb-square-L-no-ch-01.png","width":2500,"height":2500,"caption":"Swissgliders Gleitschirmflugschule Thun"},"image":{"@id":"https:\/\/swissgliders.ch\/de\/#\/schema\/logo\/image\/"},"sameAs":["https:\/\/www.facebook.com\/swissgliders","https:\/\/x.com\/Swissgliders","https:\/\/www.instagram.com\/swissgliders\/","https:\/\/www.youtube.com\/channel\/UCMCtGdepy9vBhrhX3V_oJOA"],"hasMerchantReturnPolicy":{"@type":"MerchantReturnPolicy","merchantReturnLink":"https:\/\/swissgliders.ch\/de\/allgemeine-geschaftsbedingungen\/"}}]},"og_availability":"instock","product_availability":"instock","product_condition":"new"},"_links":{"self":[{"href":"https:\/\/swissgliders.ch\/de\/wp-json\/wp\/v2\/product\/4127","targetHints":{"allow":["GET"]}}],"collection":[{"href":"https:\/\/swissgliders.ch\/de\/wp-json\/wp\/v2\/product"}],"about":[{"href":"https:\/\/swissgliders.ch\/de\/wp-json\/wp\/v2\/types\/product"}],"replies":[{"embeddable":true,"href":"https:\/\/swissgliders.ch\/de\/wp-json\/wp\/v2\/comments?post=4127"}],"wp:featuredmedia":[{"embeddable":true,"href":"https:\/\/swissgliders.ch\/de\/wp-json\/wp\/v2\/media\/4131"}],"wp:attachment":[{"href":"https:\/\/swissgliders.ch\/de\/wp-json\/wp\/v2\/media?parent=4127"}],"wp:term":[{"taxonomy":"product_brand","embeddable":true,"href":"https:\/\/swissgliders.ch\/de\/wp-json\/wp\/v2\/product_brand?post=4127"},{"taxonomy":"product_cat","embeddable":true,"href":"https:\/\/swissgliders.ch\/de\/wp-json\/wp\/v2\/product_cat?post=4127"},{"taxonomy":"product_tag","embeddable":true,"href":"https:\/\/swissgliders.ch\/de\/wp-json\/wp\/v2\/product_tag?post=4127"}],"curies":[{"name":"wp","href":"https:\/\/api.w.org\/{rel}","templated":true}]}}