{"id":4315,"date":"2020-01-31T17:33:32","date_gmt":"2020-01-31T16:33:32","guid":{"rendered":"https:\/\/swissgliders.ch\/?post_type=product&#038;p=4315"},"modified":"2025-05-08T19:19:03","modified_gmt":"2025-05-08T18:19:03","slug":"niviuk-hook-6-gleitschirm-en-b","status":"publish","type":"product","link":"https:\/\/swissgliders.ch\/de\/produkt\/niviuk-hook-6-gleitschirm-en-b\/","title":{"rendered":"Niviuk Hook 6 EN-B"},"content":{"rendered":"<div class=\"contenidor_petit desc aos-init aos-animate\" data-aos=\"fade-in\">\n<div>\n<p><strong>BEREIT F\u00dcR DEN N\u00c4CHSTEN SCHRITT<\/strong><\/p>\n<p>Der neue Hook 6 ist der perfekte Begleiter, um neue Abenteuer zu erleben und dein fliegerisches K\u00f6nnen zu verbessern.<\/p>\n<p>Die exzellenten Eigenschaften des Hook 5 wurden nochmals optimiert um mehr Stabilit\u00e4t, Kontrolle, Komfort und Leistung zu bieten.<\/p>\n<\/div>\n<div><\/div>\n<\/div>\n<div><strong>Fortschritt<\/strong><br \/>\nMit diesem intuitiven, stabilen und sicheren Schirm bist du bereit f\u00fcr den n\u00e4chsten Schritt. Mit noch besserer Leistung als sein Vorg\u00e4nger und optimiertem Handling ist er der ideale Begleiter, um neue Herausforderungen in Angriff zu nehmen.<\/div>\n<p>Mehr<a href=\"https:\/\/niviuk.com\/de\/hook-6\"> Infos<\/a><\/p>\n<p>Lieferzeit 5 Tage<\/p>\n","protected":false},"excerpt":{"rendered":"<div class=\"contenidor_petit desc aos-init aos-animate\" data-aos=\"fade-in\">\n<div>\n<p><strong>BEREIT F\u00dcR DEN N\u00c4CHSTEN SCHRITT<\/strong><\/p>\n<p>Der neue Hook 6 ist der perfekte Begleiter, um neue Abenteuer zu erleben und dein fliegerisches K\u00f6nnen zu verbessern.<\/p>\n<p>Die exzellenten Eigenschaften des Hook 5 wurden nochmals optimiert um mehr Stabilit\u00e4t, Kontrolle, Komfort und Leistung zu bieten.<\/p>\n<\/div>\n<div><\/div>\n<\/div>\n<div><strong>Fortschritt<\/strong><br \/>\nMit diesem intuitiven, stabilen und sicheren Schirm bist du bereit f\u00fcr den n\u00e4chsten Schritt. Mit noch besserer Leistung als sein Vorg\u00e4nger und optimiertem Handling ist er der ideale Begleiter, um neue Herausforderungen in Angriff zu nehmen.<\/div>\n<p>Mehr<a href=\"https:\/\/niviuk.com\/de\/hook-6\"> Infos<\/a><\/p>\n<p>Lieferzeit 5 Tage<\/p>\n","protected":false},"featured_media":9239,"comment_status":"closed","ping_status":"closed","template":"","meta":[],"product_brand":[],"product_cat":[86],"product_tag":[917,1151,90],"class_list":{"0":"post-4315","1":"product","2":"type-product","3":"status-publish","4":"has-post-thumbnail","6":"product_cat-gleitschirme","7":"product_tag-gleitschirm","8":"product_tag-schulung","9":"product_tag-verkaufsartikel","10":"product_shipping_class-priority-10kg-de","12":"first","13":"instock","14":"sale","15":"shipping-taxable","16":"purchasable","17":"product-type-variable"},"yoast_head":"<!-- This site is optimized with the Yoast SEO Premium plugin v26.1 (Yoast SEO v27.3) - https:\/\/yoast.com\/product\/yoast-seo-premium-wordpress\/ -->\n<title>Niviuk Hook 6 EN-B | Gleitschirmschule Thun, Bern, Interlaken<\/title>\n<meta name=\"description\" content=\"BEREIT F\u00dcR DEN N\u00c4CHSTEN SCHRITTDer neue Hook 6 ist der perfekte Begleiter, um neue Abenteuer zu erleben und dein fliegerisches K\u00f6nnen zu verbessern.Die exzellenten Eigenschaften des Hook 5 wurden nochmals optimiert um mehr Stabilit\u00e4t, Kontrolle, Komfort und Leistung zu bieten.FortschrittMit diesem intuitiven, stabilen und sicheren Schirm bist du bereit f\u00fcr den n\u00e4chsten Schritt. Mit noch besserer Leistung als sein Vorg\u00e4nger und optimiertem Handling ist er der ideale Begleiter, um neue Herausforderungen in Angriff zu nehmen.\" \/>\n<meta name=\"robots\" content=\"index, follow, max-snippet:-1, max-image-preview:large, max-video-preview:-1\" \/>\n<link rel=\"canonical\" href=\"https:\/\/swissgliders.ch\/de\/produkt\/niviuk-hook-6-gleitschirm-en-b\/\" \/>\n<meta property=\"og:locale\" content=\"de_DE\" \/>\n<meta property=\"og:type\" content=\"article\" \/>\n<meta property=\"og:title\" content=\"Niviuk Hook 6 EN-B\" \/>\n<meta property=\"og:description\" content=\"BEREIT F\u00dcR DEN N\u00c4CHSTEN SCHRITTDer neue Hook 6 ist der perfekte Begleiter, um neue Abenteuer zu erleben und dein fliegerisches K\u00f6nnen zu verbessern.Die exzellenten Eigenschaften des Hook 5 wurden nochmals optimiert um mehr Stabilit\u00e4t, Kontrolle, Komfort und Leistung zu bieten.FortschrittMit diesem intuitiven, stabilen und sicheren Schirm bist du bereit f\u00fcr den n\u00e4chsten Schritt. Mit noch besserer Leistung als sein Vorg\u00e4nger und optimiertem Handling ist er der ideale Begleiter, um neue Herausforderungen in Angriff zu nehmen.\" \/>\n<meta property=\"og:url\" content=\"https:\/\/swissgliders.ch\/de\/produkt\/niviuk-hook-6-gleitschirm-en-b\/\" \/>\n<meta property=\"og:site_name\" content=\"Gleitschirmschule Thun, Bern, Interlaken\" \/>\n<meta property=\"article:publisher\" content=\"https:\/\/www.facebook.com\/swissgliders\" \/>\n<meta property=\"article:modified_time\" content=\"2025-05-08T18:19:03+00:00\" \/>\n<meta property=\"og:image\" content=\"https:\/\/swissgliders.ch\/wp-content\/uploads\/2020\/01\/Niviuk_Gleitschirm_Hook-6-1.jpg\" \/>\n\t<meta property=\"og:image:width\" content=\"1916\" \/>\n\t<meta property=\"og:image:height\" content=\"1277\" \/>\n\t<meta property=\"og:image:type\" content=\"image\/jpeg\" \/>\n<meta name=\"twitter:card\" content=\"summary_large_image\" \/>\n<meta name=\"twitter:site\" content=\"@Swissgliders\" \/>\n<meta name=\"twitter:label1\" content=\"Verf\u00fcgbarkeit\" \/>\n\t<meta name=\"twitter:data1\" content=\"Auf Lager\" \/>\n<script type=\"application\/ld+json\" class=\"yoast-schema-graph\">{\"@context\":\"https:\\\/\\\/schema.org\",\"@graph\":[{\"@type\":\"WebPage\",\"@id\":\"https:\\\/\\\/swissgliders.ch\\\/de\\\/produkt\\\/niviuk-hook-6-gleitschirm-en-b\\\/\",\"url\":\"https:\\\/\\\/swissgliders.ch\\\/de\\\/produkt\\\/niviuk-hook-6-gleitschirm-en-b\\\/\",\"name\":\"Niviuk Hook 6 EN-B | Gleitschirmschule Thun, Bern, Interlaken\",\"isPartOf\":{\"@id\":\"https:\\\/\\\/swissgliders.ch\\\/de\\\/#website\"},\"primaryImageOfPage\":{\"@id\":\"https:\\\/\\\/swissgliders.ch\\\/de\\\/produkt\\\/niviuk-hook-6-gleitschirm-en-b\\\/#primaryimage\"},\"image\":{\"@id\":\"https:\\\/\\\/swissgliders.ch\\\/de\\\/produkt\\\/niviuk-hook-6-gleitschirm-en-b\\\/#primaryimage\"},\"thumbnailUrl\":\"https:\\\/\\\/swissgliders.ch\\\/wp-content\\\/uploads\\\/2020\\\/01\\\/Niviuk_Gleitschirm_Hook-6-1.jpg\",\"datePublished\":\"2020-01-31T16:33:32+00:00\",\"dateModified\":\"2025-05-08T18:19:03+00:00\",\"description\":\"BEREIT F\u00dcR DEN N\u00c4CHSTEN SCHRITTDer neue Hook 6 ist der perfekte Begleiter, um neue Abenteuer zu erleben und dein fliegerisches K\u00f6nnen zu verbessern.Die exzellenten Eigenschaften des Hook 5 wurden nochmals optimiert um mehr Stabilit\u00e4t, Kontrolle, Komfort und Leistung zu bieten.FortschrittMit diesem intuitiven, stabilen und sicheren Schirm bist du bereit f\u00fcr den n\u00e4chsten Schritt. Mit noch besserer Leistung als sein Vorg\u00e4nger und optimiertem Handling ist er der ideale Begleiter, um neue Herausforderungen in Angriff zu nehmen.\",\"breadcrumb\":{\"@id\":\"https:\\\/\\\/swissgliders.ch\\\/de\\\/produkt\\\/niviuk-hook-6-gleitschirm-en-b\\\/#breadcrumb\"},\"inLanguage\":\"de\",\"potentialAction\":[{\"@type\":\"ReadAction\",\"target\":[\"https:\\\/\\\/swissgliders.ch\\\/de\\\/produkt\\\/niviuk-hook-6-gleitschirm-en-b\\\/\"]}]},{\"@type\":\"ImageObject\",\"inLanguage\":\"de\",\"@id\":\"https:\\\/\\\/swissgliders.ch\\\/de\\\/produkt\\\/niviuk-hook-6-gleitschirm-en-b\\\/#primaryimage\",\"url\":\"https:\\\/\\\/swissgliders.ch\\\/wp-content\\\/uploads\\\/2020\\\/01\\\/Niviuk_Gleitschirm_Hook-6-1.jpg\",\"contentUrl\":\"https:\\\/\\\/swissgliders.ch\\\/wp-content\\\/uploads\\\/2020\\\/01\\\/Niviuk_Gleitschirm_Hook-6-1.jpg\",\"width\":1916,\"height\":1277,\"caption\":\"Niviuk_Gleitschirm_Hook 6-1\"},{\"@type\":\"BreadcrumbList\",\"@id\":\"https:\\\/\\\/swissgliders.ch\\\/de\\\/produkt\\\/niviuk-hook-6-gleitschirm-en-b\\\/#breadcrumb\",\"itemListElement\":[{\"@type\":\"ListItem\",\"position\":1,\"name\":\"Startseite\",\"item\":\"https:\\\/\\\/swissgliders.ch\\\/de\\\/willkommen\\\/\"},{\"@type\":\"ListItem\",\"position\":2,\"name\":\"Gleitschirm Shop\",\"item\":\"https:\\\/\\\/swissgliders.ch\\\/de\\\/gleitschirm-shop\\\/\"},{\"@type\":\"ListItem\",\"position\":3,\"name\":\"Niviuk Hook 6 EN-B\"}]},{\"@type\":\"WebSite\",\"@id\":\"https:\\\/\\\/swissgliders.ch\\\/de\\\/#website\",\"url\":\"https:\\\/\\\/swissgliders.ch\\\/de\\\/\",\"name\":\"Gleitschirmschule Thun, Bern, Interlaken\",\"description\":\"Gleitschirmschule Thun, Bern, Interlaken\",\"publisher\":{\"@id\":\"https:\\\/\\\/swissgliders.ch\\\/de\\\/#organization\"},\"potentialAction\":[{\"@type\":\"SearchAction\",\"target\":{\"@type\":\"EntryPoint\",\"urlTemplate\":\"https:\\\/\\\/swissgliders.ch\\\/de\\\/?s={search_term_string}\"},\"query-input\":{\"@type\":\"PropertyValueSpecification\",\"valueRequired\":true,\"valueName\":\"search_term_string\"}}],\"inLanguage\":\"de\"},{\"@type\":\"Organization\",\"@id\":\"https:\\\/\\\/swissgliders.ch\\\/de\\\/#organization\",\"name\":\"Swissgliders Gleitschirmflugschule Thun\",\"url\":\"https:\\\/\\\/swissgliders.ch\\\/de\\\/\",\"logo\":{\"@type\":\"ImageObject\",\"inLanguage\":\"de\",\"@id\":\"https:\\\/\\\/swissgliders.ch\\\/de\\\/#\\\/schema\\\/logo\\\/image\\\/\",\"url\":\"https:\\\/\\\/swissgliders.ch\\\/wp-content\\\/uploads\\\/2019\\\/12\\\/swissgliders-logo-rgb-square-L-no-ch-01.png\",\"contentUrl\":\"https:\\\/\\\/swissgliders.ch\\\/wp-content\\\/uploads\\\/2019\\\/12\\\/swissgliders-logo-rgb-square-L-no-ch-01.png\",\"width\":2500,\"height\":2500,\"caption\":\"Swissgliders Gleitschirmflugschule Thun\"},\"image\":{\"@id\":\"https:\\\/\\\/swissgliders.ch\\\/de\\\/#\\\/schema\\\/logo\\\/image\\\/\"},\"sameAs\":[\"https:\\\/\\\/www.facebook.com\\\/swissgliders\",\"https:\\\/\\\/x.com\\\/Swissgliders\",\"https:\\\/\\\/www.instagram.com\\\/swissgliders\\\/\",\"https:\\\/\\\/www.youtube.com\\\/channel\\\/UCMCtGdepy9vBhrhX3V_oJOA\"],\"hasMerchantReturnPolicy\":{\"@type\":\"MerchantReturnPolicy\",\"merchantReturnLink\":\"https:\\\/\\\/swissgliders.ch\\\/de\\\/allgemeine-geschaftsbedingungen\\\/\"}}]}<\/script>\n<meta property=\"og:availability\" content=\"instock\" \/>\n<meta property=\"product:availability\" content=\"instock\" \/>\n<meta property=\"product:condition\" content=\"new\" \/>\n<!-- \/ Yoast SEO Premium plugin. -->","yoast_head_json":{"title":"Niviuk Hook 6 EN-B | Gleitschirmschule Thun, Bern, Interlaken","description":"BEREIT F\u00dcR DEN N\u00c4CHSTEN SCHRITTDer neue Hook 6 ist der perfekte Begleiter, um neue Abenteuer zu erleben und dein fliegerisches K\u00f6nnen zu verbessern.Die exzellenten Eigenschaften des Hook 5 wurden nochmals optimiert um mehr Stabilit\u00e4t, Kontrolle, Komfort und Leistung zu bieten.FortschrittMit diesem intuitiven, stabilen und sicheren Schirm bist du bereit f\u00fcr den n\u00e4chsten Schritt. Mit noch besserer Leistung als sein Vorg\u00e4nger und optimiertem Handling ist er der ideale Begleiter, um neue Herausforderungen in Angriff zu nehmen.","robots":{"index":"index","follow":"follow","max-snippet":"max-snippet:-1","max-image-preview":"max-image-preview:large","max-video-preview":"max-video-preview:-1"},"canonical":"https:\/\/swissgliders.ch\/de\/produkt\/niviuk-hook-6-gleitschirm-en-b\/","og_locale":"de_DE","og_type":"article","og_title":"Niviuk Hook 6 EN-B","og_description":"BEREIT F\u00dcR DEN N\u00c4CHSTEN SCHRITTDer neue Hook 6 ist der perfekte Begleiter, um neue Abenteuer zu erleben und dein fliegerisches K\u00f6nnen zu verbessern.Die exzellenten Eigenschaften des Hook 5 wurden nochmals optimiert um mehr Stabilit\u00e4t, Kontrolle, Komfort und Leistung zu bieten.FortschrittMit diesem intuitiven, stabilen und sicheren Schirm bist du bereit f\u00fcr den n\u00e4chsten Schritt. Mit noch besserer Leistung als sein Vorg\u00e4nger und optimiertem Handling ist er der ideale Begleiter, um neue Herausforderungen in Angriff zu nehmen.","og_url":"https:\/\/swissgliders.ch\/de\/produkt\/niviuk-hook-6-gleitschirm-en-b\/","og_site_name":"Gleitschirmschule Thun, Bern, Interlaken","article_publisher":"https:\/\/www.facebook.com\/swissgliders","article_modified_time":"2025-05-08T18:19:03+00:00","og_image":[{"width":1916,"height":1277,"url":"https:\/\/swissgliders.ch\/wp-content\/uploads\/2020\/01\/Niviuk_Gleitschirm_Hook-6-1.jpg","type":"image\/jpeg"}],"twitter_card":"summary_large_image","twitter_site":"@Swissgliders","twitter_misc":{"Verf\u00fcgbarkeit":"Auf Lager"},"schema":{"@context":"https:\/\/schema.org","@graph":[{"@type":"WebPage","@id":"https:\/\/swissgliders.ch\/de\/produkt\/niviuk-hook-6-gleitschirm-en-b\/","url":"https:\/\/swissgliders.ch\/de\/produkt\/niviuk-hook-6-gleitschirm-en-b\/","name":"Niviuk Hook 6 EN-B | Gleitschirmschule Thun, Bern, Interlaken","isPartOf":{"@id":"https:\/\/swissgliders.ch\/de\/#website"},"primaryImageOfPage":{"@id":"https:\/\/swissgliders.ch\/de\/produkt\/niviuk-hook-6-gleitschirm-en-b\/#primaryimage"},"image":{"@id":"https:\/\/swissgliders.ch\/de\/produkt\/niviuk-hook-6-gleitschirm-en-b\/#primaryimage"},"thumbnailUrl":"https:\/\/swissgliders.ch\/wp-content\/uploads\/2020\/01\/Niviuk_Gleitschirm_Hook-6-1.jpg","datePublished":"2020-01-31T16:33:32+00:00","dateModified":"2025-05-08T18:19:03+00:00","description":"BEREIT F\u00dcR DEN N\u00c4CHSTEN SCHRITTDer neue Hook 6 ist der perfekte Begleiter, um neue Abenteuer zu erleben und dein fliegerisches K\u00f6nnen zu verbessern.Die exzellenten Eigenschaften des Hook 5 wurden nochmals optimiert um mehr Stabilit\u00e4t, Kontrolle, Komfort und Leistung zu bieten.FortschrittMit diesem intuitiven, stabilen und sicheren Schirm bist du bereit f\u00fcr den n\u00e4chsten Schritt. Mit noch besserer Leistung als sein Vorg\u00e4nger und optimiertem Handling ist er der ideale Begleiter, um neue Herausforderungen in Angriff zu nehmen.","breadcrumb":{"@id":"https:\/\/swissgliders.ch\/de\/produkt\/niviuk-hook-6-gleitschirm-en-b\/#breadcrumb"},"inLanguage":"de","potentialAction":[{"@type":"ReadAction","target":["https:\/\/swissgliders.ch\/de\/produkt\/niviuk-hook-6-gleitschirm-en-b\/"]}]},{"@type":"ImageObject","inLanguage":"de","@id":"https:\/\/swissgliders.ch\/de\/produkt\/niviuk-hook-6-gleitschirm-en-b\/#primaryimage","url":"https:\/\/swissgliders.ch\/wp-content\/uploads\/2020\/01\/Niviuk_Gleitschirm_Hook-6-1.jpg","contentUrl":"https:\/\/swissgliders.ch\/wp-content\/uploads\/2020\/01\/Niviuk_Gleitschirm_Hook-6-1.jpg","width":1916,"height":1277,"caption":"Niviuk_Gleitschirm_Hook 6-1"},{"@type":"BreadcrumbList","@id":"https:\/\/swissgliders.ch\/de\/produkt\/niviuk-hook-6-gleitschirm-en-b\/#breadcrumb","itemListElement":[{"@type":"ListItem","position":1,"name":"Startseite","item":"https:\/\/swissgliders.ch\/de\/willkommen\/"},{"@type":"ListItem","position":2,"name":"Gleitschirm Shop","item":"https:\/\/swissgliders.ch\/de\/gleitschirm-shop\/"},{"@type":"ListItem","position":3,"name":"Niviuk Hook 6 EN-B"}]},{"@type":"WebSite","@id":"https:\/\/swissgliders.ch\/de\/#website","url":"https:\/\/swissgliders.ch\/de\/","name":"Gleitschirmschule Thun, Bern, Interlaken","description":"Gleitschirmschule Thun, Bern, Interlaken","publisher":{"@id":"https:\/\/swissgliders.ch\/de\/#organization"},"potentialAction":[{"@type":"SearchAction","target":{"@type":"EntryPoint","urlTemplate":"https:\/\/swissgliders.ch\/de\/?s={search_term_string}"},"query-input":{"@type":"PropertyValueSpecification","valueRequired":true,"valueName":"search_term_string"}}],"inLanguage":"de"},{"@type":"Organization","@id":"https:\/\/swissgliders.ch\/de\/#organization","name":"Swissgliders Gleitschirmflugschule Thun","url":"https:\/\/swissgliders.ch\/de\/","logo":{"@type":"ImageObject","inLanguage":"de","@id":"https:\/\/swissgliders.ch\/de\/#\/schema\/logo\/image\/","url":"https:\/\/swissgliders.ch\/wp-content\/uploads\/2019\/12\/swissgliders-logo-rgb-square-L-no-ch-01.png","contentUrl":"https:\/\/swissgliders.ch\/wp-content\/uploads\/2019\/12\/swissgliders-logo-rgb-square-L-no-ch-01.png","width":2500,"height":2500,"caption":"Swissgliders Gleitschirmflugschule Thun"},"image":{"@id":"https:\/\/swissgliders.ch\/de\/#\/schema\/logo\/image\/"},"sameAs":["https:\/\/www.facebook.com\/swissgliders","https:\/\/x.com\/Swissgliders","https:\/\/www.instagram.com\/swissgliders\/","https:\/\/www.youtube.com\/channel\/UCMCtGdepy9vBhrhX3V_oJOA"],"hasMerchantReturnPolicy":{"@type":"MerchantReturnPolicy","merchantReturnLink":"https:\/\/swissgliders.ch\/de\/allgemeine-geschaftsbedingungen\/"}}]},"og_availability":"instock","product_availability":"instock","product_condition":"new"},"_links":{"self":[{"href":"https:\/\/swissgliders.ch\/de\/wp-json\/wp\/v2\/product\/4315","targetHints":{"allow":["GET"]}}],"collection":[{"href":"https:\/\/swissgliders.ch\/de\/wp-json\/wp\/v2\/product"}],"about":[{"href":"https:\/\/swissgliders.ch\/de\/wp-json\/wp\/v2\/types\/product"}],"replies":[{"embeddable":true,"href":"https:\/\/swissgliders.ch\/de\/wp-json\/wp\/v2\/comments?post=4315"}],"wp:featuredmedia":[{"embeddable":true,"href":"https:\/\/swissgliders.ch\/de\/wp-json\/wp\/v2\/media\/9239"}],"wp:attachment":[{"href":"https:\/\/swissgliders.ch\/de\/wp-json\/wp\/v2\/media?parent=4315"}],"wp:term":[{"taxonomy":"product_brand","embeddable":true,"href":"https:\/\/swissgliders.ch\/de\/wp-json\/wp\/v2\/product_brand?post=4315"},{"taxonomy":"product_cat","embeddable":true,"href":"https:\/\/swissgliders.ch\/de\/wp-json\/wp\/v2\/product_cat?post=4315"},{"taxonomy":"product_tag","embeddable":true,"href":"https:\/\/swissgliders.ch\/de\/wp-json\/wp\/v2\/product_tag?post=4315"}],"curies":[{"name":"wp","href":"https:\/\/api.w.org\/{rel}","templated":true}]}}