{"id":4395,"date":"2020-02-02T22:25:10","date_gmt":"2020-02-02T21:25:10","guid":{"rendered":"https:\/\/swissgliders.ch\/?post_type=product&#038;p=4395"},"modified":"2025-02-12T08:22:36","modified_gmt":"2025-02-12T07:22:36","slug":"independence-ultra-cross","status":"publish","type":"product","link":"https:\/\/swissgliders.ch\/de\/produkt\/independence-ultra-cross\/","title":{"rendered":"Independence Ultra Cross"},"content":{"rendered":"<h3>ULTRALEICHTER RETTUNGSFALLSCHIRM<\/h3>\n<p>Die Serie Ultra Cross, unsere leichteste und leistungsst\u00e4rkste Rettung, verk\u00f6rpert derzeit das technisch Machbare im Rettungsger\u00e4tebau. Mit nur 975 Gramm ist der Ultra Cross 100 ein extrem leichtes Rettungsger\u00e4t, das nach nach LTF und EN zugelassen ist.<strong>\u00a0<\/strong>Die neue Ultra Cross 210 ist das weltweit leichteste Tandem-Rettungsger\u00e4t mit LTF und EN-Zulassung.<\/p>\n<div class=\"h1-special\">\n<h3>KONZEPTION<\/h3>\n<\/div>\n<p>Ein exklusiv f\u00fcr uns entwickeltes, weltweit einzigartiges 10D Gewebe aus hochfestem Nylon 6.6 mit nur 22 g\/m\u00b2 Gewicht und die Verwendung von extrem leichten, aber hochfesten Dyneema-Leinen und -B\u00e4ndern machten diese Entwicklungen \u00fcberhaupt erst m\u00f6glich.<\/p>\n<p>Aufgrund der effektiven Kreuzkappen-Konstruktion mit Austritts\u00f6ffnungen an allen Ecken, bieten die Ultra Cross wie die Evo Cross eine au\u00dfergew\u00f6hnliche Pendelstabilit\u00e4t.<br \/>\nExakt kalkulierte Aufh\u00e4ngepunkte der Fangleinen maximieren die projizierte Fl\u00e4che und reduzieren obenauf die Sinkrate. Durch diese Neuerungen konnte der bereits sehr niedrige Wert der Sinkgeschwindigkeit von 5,5 m\/s der EN Bauvorschrift EN 12491 um bis zu 15% unterboten werden.<\/p>\n<p>Die extrem kurze \u00d6ffnungszeit, die nahe dem theoretischen Minimum liegt, wurde durch eine sehr geringe und damit effiziente Kappenh\u00f6he erreicht. Durch die kurze Systeml\u00e4nge und sehr einfache Packweise konnte die maximal zul\u00e4ssige \u00d6ffnungszeit der Bauvorschrift um bis zu 40% unterboten werden.<\/p>\n<ul>\n<li>Extrem schnelle \u00d6ffnungszeit, bis zu 40% unter dem vorschriftsm\u00e4\u00dfigen Limit von 5 Sekunden; nahe dem theoretischen Minimum.<\/li>\n<li>Geringste Sinkrate, bis zu 15% unter dem strengen Zulassungswert von 5,5 m\/s der EN und weit unter den 6,8 m\/sec der deutschen LTF<\/li>\n<li>Keine Pendelbewegungen beim Abstieg<\/li>\n<li>Hohe Sicherheit bei der \u00d6ffnung, selbst im Spiralsturz und bei Negativrotationen<\/li>\n<li>Innencontainer mit separatem Leinenfach<\/li>\n<li>Sehr leicht durch das unbeschichtete und nur 22 g schwere 10D Material; nur 975 Gramm bei 100 kg Anh\u00e4ngelast<\/li>\n<li>Tuch in Gelb<\/li>\n<li>gem\u00e4\u00df LTF 91\/09 und EN 12491 getestet<\/li>\n<\/ul>\n<p>&nbsp;<\/p>\n<p>Mehr<a href=\"https:\/\/www.independence.aero\/de\/produkte\/rettungsfallschirme\/ultra_cross.html\" target=\"_blank\" rel=\"noopener noreferrer\"> Infos<\/a><\/p>\n<p>Falls dieser Artikel nicht an Lager ist, wird er f\u00fcr dich bestellt. Lieferfrist auf Anfrage.<\/p>\n","protected":false},"excerpt":{"rendered":"<h3>ULTRALEICHTER RETTUNGSFALLSCHIRM<\/h3>\n<p>Die Serie Ultra Cross, unsere leichteste und leistungsst\u00e4rkste Rettung, verk\u00f6rpert derzeit das technisch Machbare im Rettungsger\u00e4tebau. Mit nur 975 Gramm ist der Ultra Cross 100 ein extrem leichtes Rettungsger\u00e4t, das nach nach LTF und EN zugelassen ist.<strong>\u00a0<\/strong>Die neue Ultra Cross 210 ist das weltweit leichteste Tandem-Rettungsger\u00e4t mit LTF und EN-Zulassung.<\/p>\n<div class=\"h1-special\">\n<h3>KONZEPTION<\/h3>\n<\/div>\n<p>Ein exklusiv f\u00fcr uns entwickeltes, weltweit einzigartiges 10D Gewebe aus hochfestem Nylon 6.6 mit nur 22 g\/m\u00b2 Gewicht und die Verwendung von extrem leichten, aber hochfesten Dyneema-Leinen und -B\u00e4ndern machten diese Entwicklungen \u00fcberhaupt erst m\u00f6glich.<\/p>\n<p>Aufgrund der effektiven Kreuzkappen-Konstruktion mit Austritts\u00f6ffnungen an allen Ecken, bieten die Ultra Cross wie die Evo Cross eine au\u00dfergew\u00f6hnliche Pendelstabilit\u00e4t.<br \/>\nExakt kalkulierte Aufh\u00e4ngepunkte der Fangleinen maximieren die projizierte Fl\u00e4che und reduzieren obenauf die Sinkrate. Durch diese Neuerungen konnte der bereits sehr niedrige Wert der Sinkgeschwindigkeit von 5,5 m\/s der EN Bauvorschrift EN 12491 um bis zu 15% unterboten werden.<\/p>\n<p>Die extrem kurze \u00d6ffnungszeit, die nahe dem theoretischen Minimum liegt, wurde durch eine sehr geringe und damit effiziente Kappenh\u00f6he erreicht. Durch die kurze Systeml\u00e4nge und sehr einfache Packweise konnte die maximal zul\u00e4ssige \u00d6ffnungszeit der Bauvorschrift um bis zu 40% unterboten werden.<\/p>\n<ul>\n<li>Extrem schnelle \u00d6ffnungszeit, bis zu 40% unter dem vorschriftsm\u00e4\u00dfigen Limit von 5 Sekunden; nahe dem theoretischen Minimum.<\/li>\n<li>Geringste Sinkrate, bis zu 15% unter dem strengen Zulassungswert von 5,5 m\/s der EN und weit unter den 6,8 m\/sec der deutschen LTF<\/li>\n<li>Keine Pendelbewegungen beim Abstieg<\/li>\n<li>Hohe Sicherheit bei der \u00d6ffnung, selbst im Spiralsturz und bei Negativrotationen<\/li>\n<li>Innencontainer mit separatem Leinenfach<\/li>\n<li>Sehr leicht durch das unbeschichtete und nur 22 g schwere 10D Material; nur 975 Gramm bei 100 kg Anh\u00e4ngelast<\/li>\n<li>Tuch in Gelb<\/li>\n<li>gem\u00e4\u00df LTF 91\/09 und EN 12491 getestet<\/li>\n<\/ul>\n<p>&nbsp;<\/p>\n<p>Mehr<a href=\"https:\/\/www.independence.aero\/de\/produkte\/rettungsfallschirme\/ultra_cross.html\" target=\"_blank\" rel=\"noopener noreferrer\"> Infos<\/a><\/p>\n<p>Falls dieser Artikel nicht an Lager ist, wird er f\u00fcr dich bestellt. Lieferfrist auf Anfrage.<\/p>\n","protected":false},"featured_media":4399,"comment_status":"closed","ping_status":"closed","template":"","meta":[],"product_brand":[],"product_cat":[1309],"product_tag":[1310,1311,90],"class_list":{"0":"post-4395","1":"product","2":"type-product","3":"status-publish","4":"has-post-thumbnail","6":"product_cat-gleitschirm-rettungsgeraete","7":"product_tag-notschirm","8":"product_tag-retter","9":"product_tag-verkaufsartikel","10":"product_shipping_class-priority-2kg-de","12":"first","13":"instock","14":"sale","15":"shipping-taxable","16":"purchasable","17":"product-type-variable"},"yoast_head":"<!-- This site is optimized with the Yoast SEO Premium plugin v26.1 (Yoast SEO v27.3) - https:\/\/yoast.com\/product\/yoast-seo-premium-wordpress\/ -->\n<title>Independence Ultra Cross<\/title>\n<meta name=\"description\" content=\"ULTRALEICHTER RETTUNGSFALLSCHIRM Die Serie Ultra Cross, unsere leichteste und leistungsst\u00e4rkste Rettung, verk\u00f6rpert derzeit das technisch Machbare im Rettungsger\u00e4tebau. Mit nur 975 Gramm ist der Ultra Cross 100 ein extrem leichtes Rettungsger\u00e4t, das nach nach LTF und EN zugelassen ist.\u00a0Die neue Ultra Cross 210 ist das weltweit leichteste Tandem-Rettungsger\u00e4t mit LTF und EN-Zulassung. KONZEPTIONEin exklusiv f\u00fcr uns entwickeltes, weltweit einzigartiges 10D Gewebe aus hochfestem Nylon 6.6 mit nur 22 g\/m\u00b2 Gewicht und die Verwendung von extrem leichten, aber hochfesten Dyneema-Leinen und -B\u00e4ndern machten diese Entwicklungen \u00fcberhaupt erst m\u00f6glich. Aufgrund der effektiven Kreuzkappen-Konstruktion mit Austritts\u00f6ffnungen an allen Ecken, bieten die Ultra Cross wie die Evo Cross eine au\u00dfergew\u00f6hnliche Pendelstabilit\u00e4t. Exakt kalkulierte Aufh\u00e4ngepunkte der Fangleinen maximieren die projizierte Fl\u00e4che und reduzieren obenauf die Sinkrate. Durch diese Neuerungen konnte der bereits sehr niedrige Wert der Sinkgeschwindigkeit von 5,5 m\/s der EN Bauvorschrift EN 12491 um bis zu 15% unterboten werden. Die extrem kurze \u00d6ffnungszeit, die nahe dem theoretischen Minimum liegt, wurde durch eine sehr geringe und damit effiziente Kappenh\u00f6he erreicht. Durch die kurze Systeml\u00e4nge und sehr einfache Packweise konnte die maximal zul\u00e4ssige \u00d6ffnungszeit der Bauvorschrift um bis zu 40% unterboten werden.\" \/>\n<meta name=\"robots\" content=\"index, follow, max-snippet:-1, max-image-preview:large, max-video-preview:-1\" \/>\n<link rel=\"canonical\" href=\"https:\/\/swissgliders.ch\/de\/produkt\/independence-ultra-cross\/\" \/>\n<meta property=\"og:locale\" content=\"de_DE\" \/>\n<meta property=\"og:type\" content=\"article\" \/>\n<meta property=\"og:title\" content=\"Independence Ultra Cross\" \/>\n<meta property=\"og:description\" content=\"ULTRALEICHTER RETTUNGSFALLSCHIRM Die Serie Ultra Cross, unsere leichteste und leistungsst\u00e4rkste Rettung, verk\u00f6rpert derzeit das technisch Machbare im Rettungsger\u00e4tebau. Mit nur 975 Gramm ist der Ultra Cross 100 ein extrem leichtes Rettungsger\u00e4t, das nach nach LTF und EN zugelassen ist.\u00a0Die neue Ultra Cross 210 ist das weltweit leichteste Tandem-Rettungsger\u00e4t mit LTF und EN-Zulassung. KONZEPTIONEin exklusiv f\u00fcr uns entwickeltes, weltweit einzigartiges 10D Gewebe aus hochfestem Nylon 6.6 mit nur 22 g\/m\u00b2 Gewicht und die Verwendung von extrem leichten, aber hochfesten Dyneema-Leinen und -B\u00e4ndern machten diese Entwicklungen \u00fcberhaupt erst m\u00f6glich. Aufgrund der effektiven Kreuzkappen-Konstruktion mit Austritts\u00f6ffnungen an allen Ecken, bieten die Ultra Cross wie die Evo Cross eine au\u00dfergew\u00f6hnliche Pendelstabilit\u00e4t. Exakt kalkulierte Aufh\u00e4ngepunkte der Fangleinen maximieren die projizierte Fl\u00e4che und reduzieren obenauf die Sinkrate. Durch diese Neuerungen konnte der bereits sehr niedrige Wert der Sinkgeschwindigkeit von 5,5 m\/s der EN Bauvorschrift EN 12491 um bis zu 15% unterboten werden. Die extrem kurze \u00d6ffnungszeit, die nahe dem theoretischen Minimum liegt, wurde durch eine sehr geringe und damit effiziente Kappenh\u00f6he erreicht. Durch die kurze Systeml\u00e4nge und sehr einfache Packweise konnte die maximal zul\u00e4ssige \u00d6ffnungszeit der Bauvorschrift um bis zu 40% unterboten werden.\" \/>\n<meta property=\"og:url\" content=\"https:\/\/swissgliders.ch\/de\/produkt\/independence-ultra-cross\/\" \/>\n<meta property=\"og:site_name\" content=\"Gleitschirmschule Thun, Bern, Interlaken\" \/>\n<meta property=\"article:publisher\" content=\"https:\/\/www.facebook.com\/swissgliders\" \/>\n<meta property=\"article:modified_time\" content=\"2025-02-12T07:22:36+00:00\" \/>\n<meta property=\"og:image\" content=\"https:\/\/swissgliders.ch\/wp-content\/uploads\/2020\/02\/Independence_Ultra_Cross.jpg\" \/>\n\t<meta property=\"og:image:width\" content=\"800\" \/>\n\t<meta property=\"og:image:height\" content=\"533\" \/>\n\t<meta property=\"og:image:type\" content=\"image\/jpeg\" \/>\n<meta name=\"twitter:card\" content=\"summary_large_image\" \/>\n<meta name=\"twitter:site\" content=\"@Swissgliders\" \/>\n<meta name=\"twitter:label1\" content=\"Verf\u00fcgbarkeit\" \/>\n\t<meta name=\"twitter:data1\" content=\"Auf Lager\" \/>\n<script type=\"application\/ld+json\" class=\"yoast-schema-graph\">{\"@context\":\"https:\\\/\\\/schema.org\",\"@graph\":[{\"@type\":\"WebPage\",\"@id\":\"https:\\\/\\\/swissgliders.ch\\\/de\\\/produkt\\\/independence-ultra-cross\\\/\",\"url\":\"https:\\\/\\\/swissgliders.ch\\\/de\\\/produkt\\\/independence-ultra-cross\\\/\",\"name\":\"Independence Ultra Cross\",\"isPartOf\":{\"@id\":\"https:\\\/\\\/swissgliders.ch\\\/de\\\/#website\"},\"primaryImageOfPage\":{\"@id\":\"https:\\\/\\\/swissgliders.ch\\\/de\\\/produkt\\\/independence-ultra-cross\\\/#primaryimage\"},\"image\":{\"@id\":\"https:\\\/\\\/swissgliders.ch\\\/de\\\/produkt\\\/independence-ultra-cross\\\/#primaryimage\"},\"thumbnailUrl\":\"https:\\\/\\\/swissgliders.ch\\\/wp-content\\\/uploads\\\/2020\\\/02\\\/Independence_Ultra_Cross.jpg\",\"datePublished\":\"2020-02-02T21:25:10+00:00\",\"dateModified\":\"2025-02-12T07:22:36+00:00\",\"description\":\"ULTRALEICHTER RETTUNGSFALLSCHIRM Die Serie Ultra Cross, unsere leichteste und leistungsst\u00e4rkste Rettung, verk\u00f6rpert derzeit das technisch Machbare im Rettungsger\u00e4tebau. Mit nur 975 Gramm ist der Ultra Cross 100 ein extrem leichtes Rettungsger\u00e4t, das nach nach LTF und EN zugelassen ist.\u00a0Die neue Ultra Cross 210 ist das weltweit leichteste Tandem-Rettungsger\u00e4t mit LTF und EN-Zulassung. KONZEPTIONEin exklusiv f\u00fcr uns entwickeltes, weltweit einzigartiges 10D Gewebe aus hochfestem Nylon 6.6 mit nur 22 g\\\/m\u00b2 Gewicht und die Verwendung von extrem leichten, aber hochfesten Dyneema-Leinen und -B\u00e4ndern machten diese Entwicklungen \u00fcberhaupt erst m\u00f6glich. Aufgrund der effektiven Kreuzkappen-Konstruktion mit Austritts\u00f6ffnungen an allen Ecken, bieten die Ultra Cross wie die Evo Cross eine au\u00dfergew\u00f6hnliche Pendelstabilit\u00e4t. Exakt kalkulierte Aufh\u00e4ngepunkte der Fangleinen maximieren die projizierte Fl\u00e4che und reduzieren obenauf die Sinkrate. Durch diese Neuerungen konnte der bereits sehr niedrige Wert der Sinkgeschwindigkeit von 5,5 m\\\/s der EN Bauvorschrift EN 12491 um bis zu 15% unterboten werden. Die extrem kurze \u00d6ffnungszeit, die nahe dem theoretischen Minimum liegt, wurde durch eine sehr geringe und damit effiziente Kappenh\u00f6he erreicht. Durch die kurze Systeml\u00e4nge und sehr einfache Packweise konnte die maximal zul\u00e4ssige \u00d6ffnungszeit der Bauvorschrift um bis zu 40% unterboten werden.\",\"breadcrumb\":{\"@id\":\"https:\\\/\\\/swissgliders.ch\\\/de\\\/produkt\\\/independence-ultra-cross\\\/#breadcrumb\"},\"inLanguage\":\"de\",\"potentialAction\":[{\"@type\":\"ReadAction\",\"target\":[\"https:\\\/\\\/swissgliders.ch\\\/de\\\/produkt\\\/independence-ultra-cross\\\/\"]}]},{\"@type\":\"ImageObject\",\"inLanguage\":\"de\",\"@id\":\"https:\\\/\\\/swissgliders.ch\\\/de\\\/produkt\\\/independence-ultra-cross\\\/#primaryimage\",\"url\":\"https:\\\/\\\/swissgliders.ch\\\/wp-content\\\/uploads\\\/2020\\\/02\\\/Independence_Ultra_Cross.jpg\",\"contentUrl\":\"https:\\\/\\\/swissgliders.ch\\\/wp-content\\\/uploads\\\/2020\\\/02\\\/Independence_Ultra_Cross.jpg\",\"width\":800,\"height\":533,\"caption\":\"Independence_Ultra_Cross\"},{\"@type\":\"BreadcrumbList\",\"@id\":\"https:\\\/\\\/swissgliders.ch\\\/de\\\/produkt\\\/independence-ultra-cross\\\/#breadcrumb\",\"itemListElement\":[{\"@type\":\"ListItem\",\"position\":1,\"name\":\"Startseite\",\"item\":\"https:\\\/\\\/swissgliders.ch\\\/de\\\/willkommen\\\/\"},{\"@type\":\"ListItem\",\"position\":2,\"name\":\"Gleitschirm Shop\",\"item\":\"https:\\\/\\\/swissgliders.ch\\\/de\\\/gleitschirm-shop\\\/\"},{\"@type\":\"ListItem\",\"position\":3,\"name\":\"Independence Ultra Cross\"}]},{\"@type\":\"WebSite\",\"@id\":\"https:\\\/\\\/swissgliders.ch\\\/de\\\/#website\",\"url\":\"https:\\\/\\\/swissgliders.ch\\\/de\\\/\",\"name\":\"Gleitschirmschule Thun, Bern, Interlaken\",\"description\":\"Gleitschirmschule Thun, Bern, Interlaken\",\"publisher\":{\"@id\":\"https:\\\/\\\/swissgliders.ch\\\/de\\\/#organization\"},\"potentialAction\":[{\"@type\":\"SearchAction\",\"target\":{\"@type\":\"EntryPoint\",\"urlTemplate\":\"https:\\\/\\\/swissgliders.ch\\\/de\\\/?s={search_term_string}\"},\"query-input\":{\"@type\":\"PropertyValueSpecification\",\"valueRequired\":true,\"valueName\":\"search_term_string\"}}],\"inLanguage\":\"de\"},{\"@type\":\"Organization\",\"@id\":\"https:\\\/\\\/swissgliders.ch\\\/de\\\/#organization\",\"name\":\"Swissgliders Gleitschirmflugschule Thun\",\"url\":\"https:\\\/\\\/swissgliders.ch\\\/de\\\/\",\"logo\":{\"@type\":\"ImageObject\",\"inLanguage\":\"de\",\"@id\":\"https:\\\/\\\/swissgliders.ch\\\/de\\\/#\\\/schema\\\/logo\\\/image\\\/\",\"url\":\"https:\\\/\\\/swissgliders.ch\\\/wp-content\\\/uploads\\\/2019\\\/12\\\/swissgliders-logo-rgb-square-L-no-ch-01.png\",\"contentUrl\":\"https:\\\/\\\/swissgliders.ch\\\/wp-content\\\/uploads\\\/2019\\\/12\\\/swissgliders-logo-rgb-square-L-no-ch-01.png\",\"width\":2500,\"height\":2500,\"caption\":\"Swissgliders Gleitschirmflugschule Thun\"},\"image\":{\"@id\":\"https:\\\/\\\/swissgliders.ch\\\/de\\\/#\\\/schema\\\/logo\\\/image\\\/\"},\"sameAs\":[\"https:\\\/\\\/www.facebook.com\\\/swissgliders\",\"https:\\\/\\\/x.com\\\/Swissgliders\",\"https:\\\/\\\/www.instagram.com\\\/swissgliders\\\/\",\"https:\\\/\\\/www.youtube.com\\\/channel\\\/UCMCtGdepy9vBhrhX3V_oJOA\"],\"hasMerchantReturnPolicy\":{\"@type\":\"MerchantReturnPolicy\",\"merchantReturnLink\":\"https:\\\/\\\/swissgliders.ch\\\/de\\\/allgemeine-geschaftsbedingungen\\\/\"}}]}<\/script>\n<meta property=\"og:availability\" content=\"instock\" \/>\n<meta property=\"product:availability\" content=\"instock\" \/>\n<meta property=\"product:condition\" content=\"new\" \/>\n<!-- \/ Yoast SEO Premium plugin. -->","yoast_head_json":{"title":"Independence Ultra Cross","description":"ULTRALEICHTER RETTUNGSFALLSCHIRM Die Serie Ultra Cross, unsere leichteste und leistungsst\u00e4rkste Rettung, verk\u00f6rpert derzeit das technisch Machbare im Rettungsger\u00e4tebau. Mit nur 975 Gramm ist der Ultra Cross 100 ein extrem leichtes Rettungsger\u00e4t, das nach nach LTF und EN zugelassen ist.\u00a0Die neue Ultra Cross 210 ist das weltweit leichteste Tandem-Rettungsger\u00e4t mit LTF und EN-Zulassung. KONZEPTIONEin exklusiv f\u00fcr uns entwickeltes, weltweit einzigartiges 10D Gewebe aus hochfestem Nylon 6.6 mit nur 22 g\/m\u00b2 Gewicht und die Verwendung von extrem leichten, aber hochfesten Dyneema-Leinen und -B\u00e4ndern machten diese Entwicklungen \u00fcberhaupt erst m\u00f6glich. Aufgrund der effektiven Kreuzkappen-Konstruktion mit Austritts\u00f6ffnungen an allen Ecken, bieten die Ultra Cross wie die Evo Cross eine au\u00dfergew\u00f6hnliche Pendelstabilit\u00e4t. Exakt kalkulierte Aufh\u00e4ngepunkte der Fangleinen maximieren die projizierte Fl\u00e4che und reduzieren obenauf die Sinkrate. Durch diese Neuerungen konnte der bereits sehr niedrige Wert der Sinkgeschwindigkeit von 5,5 m\/s der EN Bauvorschrift EN 12491 um bis zu 15% unterboten werden. Die extrem kurze \u00d6ffnungszeit, die nahe dem theoretischen Minimum liegt, wurde durch eine sehr geringe und damit effiziente Kappenh\u00f6he erreicht. Durch die kurze Systeml\u00e4nge und sehr einfache Packweise konnte die maximal zul\u00e4ssige \u00d6ffnungszeit der Bauvorschrift um bis zu 40% unterboten werden.","robots":{"index":"index","follow":"follow","max-snippet":"max-snippet:-1","max-image-preview":"max-image-preview:large","max-video-preview":"max-video-preview:-1"},"canonical":"https:\/\/swissgliders.ch\/de\/produkt\/independence-ultra-cross\/","og_locale":"de_DE","og_type":"article","og_title":"Independence Ultra Cross","og_description":"ULTRALEICHTER RETTUNGSFALLSCHIRM Die Serie Ultra Cross, unsere leichteste und leistungsst\u00e4rkste Rettung, verk\u00f6rpert derzeit das technisch Machbare im Rettungsger\u00e4tebau. Mit nur 975 Gramm ist der Ultra Cross 100 ein extrem leichtes Rettungsger\u00e4t, das nach nach LTF und EN zugelassen ist.\u00a0Die neue Ultra Cross 210 ist das weltweit leichteste Tandem-Rettungsger\u00e4t mit LTF und EN-Zulassung. KONZEPTIONEin exklusiv f\u00fcr uns entwickeltes, weltweit einzigartiges 10D Gewebe aus hochfestem Nylon 6.6 mit nur 22 g\/m\u00b2 Gewicht und die Verwendung von extrem leichten, aber hochfesten Dyneema-Leinen und -B\u00e4ndern machten diese Entwicklungen \u00fcberhaupt erst m\u00f6glich. Aufgrund der effektiven Kreuzkappen-Konstruktion mit Austritts\u00f6ffnungen an allen Ecken, bieten die Ultra Cross wie die Evo Cross eine au\u00dfergew\u00f6hnliche Pendelstabilit\u00e4t. Exakt kalkulierte Aufh\u00e4ngepunkte der Fangleinen maximieren die projizierte Fl\u00e4che und reduzieren obenauf die Sinkrate. Durch diese Neuerungen konnte der bereits sehr niedrige Wert der Sinkgeschwindigkeit von 5,5 m\/s der EN Bauvorschrift EN 12491 um bis zu 15% unterboten werden. Die extrem kurze \u00d6ffnungszeit, die nahe dem theoretischen Minimum liegt, wurde durch eine sehr geringe und damit effiziente Kappenh\u00f6he erreicht. Durch die kurze Systeml\u00e4nge und sehr einfache Packweise konnte die maximal zul\u00e4ssige \u00d6ffnungszeit der Bauvorschrift um bis zu 40% unterboten werden.","og_url":"https:\/\/swissgliders.ch\/de\/produkt\/independence-ultra-cross\/","og_site_name":"Gleitschirmschule Thun, Bern, Interlaken","article_publisher":"https:\/\/www.facebook.com\/swissgliders","article_modified_time":"2025-02-12T07:22:36+00:00","og_image":[{"width":800,"height":533,"url":"https:\/\/swissgliders.ch\/wp-content\/uploads\/2020\/02\/Independence_Ultra_Cross.jpg","type":"image\/jpeg"}],"twitter_card":"summary_large_image","twitter_site":"@Swissgliders","twitter_misc":{"Verf\u00fcgbarkeit":"Auf Lager"},"schema":{"@context":"https:\/\/schema.org","@graph":[{"@type":"WebPage","@id":"https:\/\/swissgliders.ch\/de\/produkt\/independence-ultra-cross\/","url":"https:\/\/swissgliders.ch\/de\/produkt\/independence-ultra-cross\/","name":"Independence Ultra Cross","isPartOf":{"@id":"https:\/\/swissgliders.ch\/de\/#website"},"primaryImageOfPage":{"@id":"https:\/\/swissgliders.ch\/de\/produkt\/independence-ultra-cross\/#primaryimage"},"image":{"@id":"https:\/\/swissgliders.ch\/de\/produkt\/independence-ultra-cross\/#primaryimage"},"thumbnailUrl":"https:\/\/swissgliders.ch\/wp-content\/uploads\/2020\/02\/Independence_Ultra_Cross.jpg","datePublished":"2020-02-02T21:25:10+00:00","dateModified":"2025-02-12T07:22:36+00:00","description":"ULTRALEICHTER RETTUNGSFALLSCHIRM Die Serie Ultra Cross, unsere leichteste und leistungsst\u00e4rkste Rettung, verk\u00f6rpert derzeit das technisch Machbare im Rettungsger\u00e4tebau. Mit nur 975 Gramm ist der Ultra Cross 100 ein extrem leichtes Rettungsger\u00e4t, das nach nach LTF und EN zugelassen ist.\u00a0Die neue Ultra Cross 210 ist das weltweit leichteste Tandem-Rettungsger\u00e4t mit LTF und EN-Zulassung. KONZEPTIONEin exklusiv f\u00fcr uns entwickeltes, weltweit einzigartiges 10D Gewebe aus hochfestem Nylon 6.6 mit nur 22 g\/m\u00b2 Gewicht und die Verwendung von extrem leichten, aber hochfesten Dyneema-Leinen und -B\u00e4ndern machten diese Entwicklungen \u00fcberhaupt erst m\u00f6glich. Aufgrund der effektiven Kreuzkappen-Konstruktion mit Austritts\u00f6ffnungen an allen Ecken, bieten die Ultra Cross wie die Evo Cross eine au\u00dfergew\u00f6hnliche Pendelstabilit\u00e4t. Exakt kalkulierte Aufh\u00e4ngepunkte der Fangleinen maximieren die projizierte Fl\u00e4che und reduzieren obenauf die Sinkrate. Durch diese Neuerungen konnte der bereits sehr niedrige Wert der Sinkgeschwindigkeit von 5,5 m\/s der EN Bauvorschrift EN 12491 um bis zu 15% unterboten werden. Die extrem kurze \u00d6ffnungszeit, die nahe dem theoretischen Minimum liegt, wurde durch eine sehr geringe und damit effiziente Kappenh\u00f6he erreicht. Durch die kurze Systeml\u00e4nge und sehr einfache Packweise konnte die maximal zul\u00e4ssige \u00d6ffnungszeit der Bauvorschrift um bis zu 40% unterboten werden.","breadcrumb":{"@id":"https:\/\/swissgliders.ch\/de\/produkt\/independence-ultra-cross\/#breadcrumb"},"inLanguage":"de","potentialAction":[{"@type":"ReadAction","target":["https:\/\/swissgliders.ch\/de\/produkt\/independence-ultra-cross\/"]}]},{"@type":"ImageObject","inLanguage":"de","@id":"https:\/\/swissgliders.ch\/de\/produkt\/independence-ultra-cross\/#primaryimage","url":"https:\/\/swissgliders.ch\/wp-content\/uploads\/2020\/02\/Independence_Ultra_Cross.jpg","contentUrl":"https:\/\/swissgliders.ch\/wp-content\/uploads\/2020\/02\/Independence_Ultra_Cross.jpg","width":800,"height":533,"caption":"Independence_Ultra_Cross"},{"@type":"BreadcrumbList","@id":"https:\/\/swissgliders.ch\/de\/produkt\/independence-ultra-cross\/#breadcrumb","itemListElement":[{"@type":"ListItem","position":1,"name":"Startseite","item":"https:\/\/swissgliders.ch\/de\/willkommen\/"},{"@type":"ListItem","position":2,"name":"Gleitschirm Shop","item":"https:\/\/swissgliders.ch\/de\/gleitschirm-shop\/"},{"@type":"ListItem","position":3,"name":"Independence Ultra Cross"}]},{"@type":"WebSite","@id":"https:\/\/swissgliders.ch\/de\/#website","url":"https:\/\/swissgliders.ch\/de\/","name":"Gleitschirmschule Thun, Bern, Interlaken","description":"Gleitschirmschule Thun, Bern, Interlaken","publisher":{"@id":"https:\/\/swissgliders.ch\/de\/#organization"},"potentialAction":[{"@type":"SearchAction","target":{"@type":"EntryPoint","urlTemplate":"https:\/\/swissgliders.ch\/de\/?s={search_term_string}"},"query-input":{"@type":"PropertyValueSpecification","valueRequired":true,"valueName":"search_term_string"}}],"inLanguage":"de"},{"@type":"Organization","@id":"https:\/\/swissgliders.ch\/de\/#organization","name":"Swissgliders Gleitschirmflugschule Thun","url":"https:\/\/swissgliders.ch\/de\/","logo":{"@type":"ImageObject","inLanguage":"de","@id":"https:\/\/swissgliders.ch\/de\/#\/schema\/logo\/image\/","url":"https:\/\/swissgliders.ch\/wp-content\/uploads\/2019\/12\/swissgliders-logo-rgb-square-L-no-ch-01.png","contentUrl":"https:\/\/swissgliders.ch\/wp-content\/uploads\/2019\/12\/swissgliders-logo-rgb-square-L-no-ch-01.png","width":2500,"height":2500,"caption":"Swissgliders Gleitschirmflugschule Thun"},"image":{"@id":"https:\/\/swissgliders.ch\/de\/#\/schema\/logo\/image\/"},"sameAs":["https:\/\/www.facebook.com\/swissgliders","https:\/\/x.com\/Swissgliders","https:\/\/www.instagram.com\/swissgliders\/","https:\/\/www.youtube.com\/channel\/UCMCtGdepy9vBhrhX3V_oJOA"],"hasMerchantReturnPolicy":{"@type":"MerchantReturnPolicy","merchantReturnLink":"https:\/\/swissgliders.ch\/de\/allgemeine-geschaftsbedingungen\/"}}]},"og_availability":"instock","product_availability":"instock","product_condition":"new"},"_links":{"self":[{"href":"https:\/\/swissgliders.ch\/de\/wp-json\/wp\/v2\/product\/4395","targetHints":{"allow":["GET"]}}],"collection":[{"href":"https:\/\/swissgliders.ch\/de\/wp-json\/wp\/v2\/product"}],"about":[{"href":"https:\/\/swissgliders.ch\/de\/wp-json\/wp\/v2\/types\/product"}],"replies":[{"embeddable":true,"href":"https:\/\/swissgliders.ch\/de\/wp-json\/wp\/v2\/comments?post=4395"}],"wp:featuredmedia":[{"embeddable":true,"href":"https:\/\/swissgliders.ch\/de\/wp-json\/wp\/v2\/media\/4399"}],"wp:attachment":[{"href":"https:\/\/swissgliders.ch\/de\/wp-json\/wp\/v2\/media?parent=4395"}],"wp:term":[{"taxonomy":"product_brand","embeddable":true,"href":"https:\/\/swissgliders.ch\/de\/wp-json\/wp\/v2\/product_brand?post=4395"},{"taxonomy":"product_cat","embeddable":true,"href":"https:\/\/swissgliders.ch\/de\/wp-json\/wp\/v2\/product_cat?post=4395"},{"taxonomy":"product_tag","embeddable":true,"href":"https:\/\/swissgliders.ch\/de\/wp-json\/wp\/v2\/product_tag?post=4395"}],"curies":[{"name":"wp","href":"https:\/\/api.w.org\/{rel}","templated":true}]}}