{"id":4448,"date":"2020-02-05T21:00:32","date_gmt":"2020-02-05T20:00:32","guid":{"rendered":"https:\/\/swissgliders.ch\/?post_type=product&#038;p=4448"},"modified":"2024-11-05T20:06:49","modified_gmt":"2024-11-05T19:06:49","slug":"niviuk-roamer-p","status":"publish","type":"product","link":"https:\/\/swissgliders.ch\/de\/produkt\/niviuk-roamer-p\/","title":{"rendered":"Niviuk Roamer 2 P"},"content":{"rendered":"<div class=\"et_pb_module et_pb_text et_pb_text_0 et_pb_bg_layout_light et_pb_text_align_left\">\n<h3 class=\"et_pb_text_inner\"><strong>KLEIN PACKEN, LEICHT FLIEGEN<\/strong><\/h3>\n<p><img loading=\"lazy\" decoding=\"async\" class=\"\" src=\"https:\/\/niviuk.com\/tmp\/images\/BIBLIOTECA_ITEMS_1860_4_ROAMER_2_P_LIGHT_AND_DURABLE_NIVIUK_PARAGLIDERS_W_820.PNG\" alt=\"Roamer 2 P | Gurtzeug Hike &amp; Fly | P-Series | Niviuk Paragliders\" width=\"413\" height=\"389\" \/><\/p>\n<p>Das Roamer 2 P wurde komplett neu entwickelt, um dir noch mehr Komfort zu bieten. Dieser extraleichte Niviuk-Gurt richtet sich an Hike &amp; Fly-Liebhaber sowie Para-Bergsteiger.<\/p>\n<p>Der ergonomische, in 3D modellierte Gurt passt sich perfekt an den K\u00f6rper an, und das innovative, integrierte Verbindungssystem macht die Flugvorbereitung einfach und reduziert das Gesamtgewicht der Ausr\u00fcstung.<\/p>\n<p>Du wirst gar nicht merken, dass du ihn tr\u00e4gst &#8211; er wiegt nur 189 g.<\/p>\n<\/div>\n<div class=\"et_pb_module et_pb_text et_pb_text_0 et_pb_bg_layout_light et_pb_text_align_left\"><strong>Wandern &amp; Fliegen<\/strong><\/div>\n<div class=\"et_pb_module et_pb_text et_pb_text_0 et_pb_bg_layout_light et_pb_text_align_left\">Mit nur 189 g ist der Roamer 2 P das leichteste Gurtzeug von Niviuk. Es ist der beste Partner f\u00fcr Hike &amp; Fly-Enthusiasten, und Abenteurer, die Gewicht und Volumen ihrer Ausr\u00fcstung so weit wie m\u00f6glich reduzieren m\u00f6chten.<\/div>\n<div><\/div>\n<div class=\"titol\"><strong>Komfort und 3D-Design<\/strong><\/div>\n<div><\/div>\n<div>Leichter und ergonomischer als je zuvor. Die 3D-Modellierung von Form und Struktur maximiert den Komfort. Die Beinschlaufen wurden verl\u00e4ngert, und die Form des R\u00fcckenteils optimiert. Deine Position als Piloten bleibt aufrecht und stabil, auch wenn du mit einem schweren Rucksack oder Skiern fliegt.<\/div>\n<div><\/div>\n<div>\n<div class=\"titol\"><strong>Kompakt und leicht zu verpacken<\/strong><\/div>\n<div><\/div>\n<div>Das Roamer 2 P ist ultrakompakt &#8211; ohne Schaumstoff hergestellt und nimmt zusammengeklappt weniger Platz ein als die Vorg\u00e4ngerversion. Der R\u00fcckenbereich und die Beinschlaufen sind mit Nitinol-St\u00e4ben (TNT-Technologie) ausgestattet, die f\u00fcr hervorragenden Komfort sorgen. Au\u00dferdem l\u00e4sst es sich schnell und einfach in der mitgelieferten Tasche verstauen und beh\u00e4lt dabei seine Form.<\/div>\n<\/div>\n<div><\/div>\n<div>\n<div class=\"\">\n<h4 class=\"titol titol_generic aos-init aos-animate\" data-aos=\"fade-in\">Technische Daten<\/h4>\n<\/div>\n<div id=\"content_especificaciones\">\n<table id=\"tabla_especificaciones\" class=\"aos-init aos-animate\" cellspacing=\"0\" data-aos=\"fade-up\">\n<thead>\n<tr>\n<th><\/th>\n<th><\/th>\n<th><\/th>\n<th width=\"165\"><b>S<\/b><\/th>\n<th width=\"165\"><b>M<\/b><\/th>\n<th width=\"165\"><b>L<\/b><\/th>\n<\/tr>\n<\/thead>\n<tbody>\n<tr>\n<td><b>GEWICHT<\/b><\/td>\n<td><\/td>\n<td>kg<\/td>\n<td>0,189<\/td>\n<td>0,205<\/td>\n<td>0,223<\/td>\n<\/tr>\n<tr>\n<td><b>PILOTENGR\u00d6\u00dfE<\/b><\/td>\n<td><\/td>\n<td>cm<\/td>\n<td>155 &#8211; 170<\/td>\n<td>167 &#8211; 183<\/td>\n<td>180 &#8211; 195<\/td>\n<\/tr>\n<tr>\n<td><b>KARABINERABSTAND<\/b><\/td>\n<td><\/td>\n<td>cm<\/td>\n<td>28<\/td>\n<td>28<\/td>\n<td>28<\/td>\n<\/tr>\n<tr>\n<td><b>MAX. ZULADUNG<\/b><\/td>\n<td><\/td>\n<td>kg<\/td>\n<td>120<\/td>\n<td>120<\/td>\n<td>120<\/td>\n<\/tr>\n<tr>\n<td><b>ZERTIFIZIERUNG<\/b><\/td>\n<td><\/td>\n<td><\/td>\n<td>\n<div>EN<\/div>\n<\/td>\n<td>\n<div>EN<\/div>\n<\/td>\n<td>\n<div>EN<\/div>\n<\/td>\n<\/tr>\n<\/tbody>\n<\/table>\n<\/div>\n<\/div>\n<div class=\"et_pb_module et_pb_text et_pb_text_0 et_pb_bg_layout_light et_pb_text_align_left\">\n<div class=\"et_pb_text_inner\">\n<p>&nbsp;<\/p>\n<p>Mehr <a href=\"https:\/\/niviuk.com\/de\/roamer-2-p\" target=\"_blank\" rel=\"noopener noreferrer\">Infos<\/a><\/p>\n<\/div>\n<\/div>\n<p>Falls dieser Artikel nicht an Lager ist, wird er f\u00fcr dich bestellt. Lieferfrist auf Anfrage.<\/p>\n","protected":false},"excerpt":{"rendered":"<div class=\"et_pb_module et_pb_text et_pb_text_0 et_pb_bg_layout_light et_pb_text_align_left\">\n<h3 class=\"et_pb_text_inner\"><strong>KLEIN PACKEN, LEICHT FLIEGEN<\/strong><\/h3>\n<p><img loading=\"lazy\" decoding=\"async\" class=\"\" src=\"https:\/\/niviuk.com\/tmp\/images\/BIBLIOTECA_ITEMS_1860_4_ROAMER_2_P_LIGHT_AND_DURABLE_NIVIUK_PARAGLIDERS_W_820.PNG\" alt=\"Roamer 2 P | Gurtzeug Hike &amp; Fly | P-Series | Niviuk Paragliders\" width=\"413\" height=\"389\" \/><\/p>\n<p>Das Roamer 2 P wurde komplett neu entwickelt, um dir noch mehr Komfort zu bieten. Dieser extraleichte Niviuk-Gurt richtet sich an Hike &amp; Fly-Liebhaber sowie Para-Bergsteiger.<\/p>\n<p>Der ergonomische, in 3D modellierte Gurt passt sich perfekt an den K\u00f6rper an, und das innovative, integrierte Verbindungssystem macht die Flugvorbereitung einfach und reduziert das Gesamtgewicht der Ausr\u00fcstung.<\/p>\n<p>Du wirst gar nicht merken, dass du ihn tr\u00e4gst &#8211; er wiegt nur 189 g.<\/p>\n<\/div>\n<div class=\"et_pb_module et_pb_text et_pb_text_0 et_pb_bg_layout_light et_pb_text_align_left\"><strong>Wandern &amp; Fliegen<\/strong><\/div>\n<div class=\"et_pb_module et_pb_text et_pb_text_0 et_pb_bg_layout_light et_pb_text_align_left\">Mit nur 189 g ist der Roamer 2 P das leichteste Gurtzeug von Niviuk. Es ist der beste Partner f\u00fcr Hike &amp; Fly-Enthusiasten, und Abenteurer, die Gewicht und Volumen ihrer Ausr\u00fcstung so weit wie m\u00f6glich reduzieren m\u00f6chten.<\/div>\n<div><\/div>\n<div class=\"titol\"><strong>Komfort und 3D-Design<\/strong><\/div>\n<div><\/div>\n<div>Leichter und ergonomischer als je zuvor. Die 3D-Modellierung von Form und Struktur maximiert den Komfort. Die Beinschlaufen wurden verl\u00e4ngert, und die Form des R\u00fcckenteils optimiert. Deine Position als Piloten bleibt aufrecht und stabil, auch wenn du mit einem schweren Rucksack oder Skiern fliegt.<\/div>\n<div><\/div>\n<div>\n<div class=\"titol\"><strong>Kompakt und leicht zu verpacken<\/strong><\/div>\n<div><\/div>\n<div>Das Roamer 2 P ist ultrakompakt &#8211; ohne Schaumstoff hergestellt und nimmt zusammengeklappt weniger Platz ein als die Vorg\u00e4ngerversion. Der R\u00fcckenbereich und die Beinschlaufen sind mit Nitinol-St\u00e4ben (TNT-Technologie) ausgestattet, die f\u00fcr hervorragenden Komfort sorgen. Au\u00dferdem l\u00e4sst es sich schnell und einfach in der mitgelieferten Tasche verstauen und beh\u00e4lt dabei seine Form.<\/div>\n<\/div>\n<div><\/div>\n<div>\n<div class=\"\">\n<h4 class=\"titol titol_generic aos-init aos-animate\" data-aos=\"fade-in\">Technische Daten<\/h4>\n<\/div>\n<div id=\"content_especificaciones\">\n<table id=\"tabla_especificaciones\" class=\"aos-init aos-animate\" cellspacing=\"0\" data-aos=\"fade-up\">\n<thead>\n<tr>\n<th><\/th>\n<th><\/th>\n<th><\/th>\n<th width=\"165\"><b>S<\/b><\/th>\n<th width=\"165\"><b>M<\/b><\/th>\n<th width=\"165\"><b>L<\/b><\/th>\n<\/tr>\n<\/thead>\n<tbody>\n<tr>\n<td><b>GEWICHT<\/b><\/td>\n<td><\/td>\n<td>kg<\/td>\n<td>0,189<\/td>\n<td>0,205<\/td>\n<td>0,223<\/td>\n<\/tr>\n<tr>\n<td><b>PILOTENGR\u00d6\u00dfE<\/b><\/td>\n<td><\/td>\n<td>cm<\/td>\n<td>155 &#8211; 170<\/td>\n<td>167 &#8211; 183<\/td>\n<td>180 &#8211; 195<\/td>\n<\/tr>\n<tr>\n<td><b>KARABINERABSTAND<\/b><\/td>\n<td><\/td>\n<td>cm<\/td>\n<td>28<\/td>\n<td>28<\/td>\n<td>28<\/td>\n<\/tr>\n<tr>\n<td><b>MAX. ZULADUNG<\/b><\/td>\n<td><\/td>\n<td>kg<\/td>\n<td>120<\/td>\n<td>120<\/td>\n<td>120<\/td>\n<\/tr>\n<tr>\n<td><b>ZERTIFIZIERUNG<\/b><\/td>\n<td><\/td>\n<td><\/td>\n<td>\n<div>EN<\/div>\n<\/td>\n<td>\n<div>EN<\/div>\n<\/td>\n<td>\n<div>EN<\/div>\n<\/td>\n<\/tr>\n<\/tbody>\n<\/table>\n<\/div>\n<\/div>\n<div class=\"et_pb_module et_pb_text et_pb_text_0 et_pb_bg_layout_light et_pb_text_align_left\">\n<div class=\"et_pb_text_inner\">\n<p>&nbsp;<\/p>\n<p>Mehr <a href=\"https:\/\/niviuk.com\/de\/roamer-2-p\" target=\"_blank\" rel=\"noopener noreferrer\">Infos<\/a><\/p>\n<\/div>\n<\/div>\n<p>Falls dieser Artikel nicht an Lager ist, wird er f\u00fcr dich bestellt. Lieferfrist auf Anfrage.<\/p>\n","protected":false},"featured_media":14785,"comment_status":"closed","ping_status":"closed","template":"","meta":[],"product_brand":[],"product_cat":[1026],"product_tag":[1040,1965,90],"class_list":{"0":"post-4448","1":"product","2":"type-product","3":"status-publish","4":"has-post-thumbnail","6":"product_cat-leichte-gleitschirmgurtzeuge","7":"product_tag-leichtgurtzeug","8":"product_tag-ultraleichtgurtzeug","9":"product_tag-verkaufsartikel","10":"product_shipping_class-priority-10kg-de","12":"first","13":"instock","14":"sale","15":"shipping-taxable","16":"purchasable","17":"product-type-variable"},"yoast_head":"<!-- This site is optimized with the Yoast SEO Premium plugin v26.1 (Yoast SEO v27.3) - https:\/\/yoast.com\/product\/yoast-seo-premium-wordpress\/ -->\n<title>Niviuk Roamer 2 P | Gleitschirmschule Thun, Bern, Interlaken<\/title>\n<meta name=\"description\" content=\"Niviuk Roamer 2 P Hike &amp; Fly Minimalistisches Gurtzeug in Bezug auf das Gewicht - der perfekte Partner f\u00fcr Hike &amp; Fly-Enthusiasten.\" \/>\n<meta name=\"robots\" content=\"index, follow, max-snippet:-1, max-image-preview:large, max-video-preview:-1\" \/>\n<link rel=\"canonical\" href=\"https:\/\/swissgliders.ch\/de\/produkt\/niviuk-roamer-p\/\" \/>\n<meta property=\"og:locale\" content=\"de_DE\" \/>\n<meta property=\"og:type\" content=\"article\" \/>\n<meta property=\"og:title\" content=\"Niviuk Roamer 2 P\" \/>\n<meta property=\"og:description\" content=\"Niviuk Roamer 2 P Hike &amp; Fly Minimalistisches Gurtzeug in Bezug auf das Gewicht - der perfekte Partner f\u00fcr Hike &amp; Fly-Enthusiasten.\" \/>\n<meta property=\"og:url\" content=\"https:\/\/swissgliders.ch\/de\/produkt\/niviuk-roamer-p\/\" \/>\n<meta property=\"og:site_name\" content=\"Gleitschirmschule Thun, Bern, Interlaken\" \/>\n<meta property=\"article:publisher\" content=\"https:\/\/www.facebook.com\/swissgliders\" \/>\n<meta property=\"article:modified_time\" content=\"2024-11-05T19:06:49+00:00\" \/>\n<meta property=\"og:image\" content=\"https:\/\/swissgliders.ch\/wp-content\/uploads\/2020\/02\/Niviuk_Gurtzeug_Roamer-2-P-1.jpg\" \/>\n\t<meta property=\"og:image:width\" content=\"1266\" \/>\n\t<meta property=\"og:image:height\" content=\"1033\" \/>\n\t<meta property=\"og:image:type\" content=\"image\/jpeg\" \/>\n<meta name=\"twitter:card\" content=\"summary_large_image\" \/>\n<meta name=\"twitter:site\" content=\"@Swissgliders\" \/>\n<meta name=\"twitter:label1\" content=\"Verf\u00fcgbarkeit\" \/>\n\t<meta name=\"twitter:data1\" content=\"Auf Lager\" \/>\n<script type=\"application\/ld+json\" class=\"yoast-schema-graph\">{\"@context\":\"https:\\\/\\\/schema.org\",\"@graph\":[{\"@type\":\"WebPage\",\"@id\":\"https:\\\/\\\/swissgliders.ch\\\/de\\\/produkt\\\/niviuk-roamer-p\\\/\",\"url\":\"https:\\\/\\\/swissgliders.ch\\\/de\\\/produkt\\\/niviuk-roamer-p\\\/\",\"name\":\"Niviuk Roamer 2 P | Gleitschirmschule Thun, Bern, Interlaken\",\"isPartOf\":{\"@id\":\"https:\\\/\\\/swissgliders.ch\\\/de\\\/#website\"},\"primaryImageOfPage\":{\"@id\":\"https:\\\/\\\/swissgliders.ch\\\/de\\\/produkt\\\/niviuk-roamer-p\\\/#primaryimage\"},\"image\":{\"@id\":\"https:\\\/\\\/swissgliders.ch\\\/de\\\/produkt\\\/niviuk-roamer-p\\\/#primaryimage\"},\"thumbnailUrl\":\"https:\\\/\\\/swissgliders.ch\\\/wp-content\\\/uploads\\\/2020\\\/02\\\/Niviuk_Gurtzeug_Roamer-2-P-1.jpg\",\"datePublished\":\"2020-02-05T20:00:32+00:00\",\"dateModified\":\"2024-11-05T19:06:49+00:00\",\"description\":\"Niviuk Roamer 2 P Hike & Fly Minimalistisches Gurtzeug in Bezug auf das Gewicht - der perfekte Partner f\u00fcr Hike & Fly-Enthusiasten.\",\"breadcrumb\":{\"@id\":\"https:\\\/\\\/swissgliders.ch\\\/de\\\/produkt\\\/niviuk-roamer-p\\\/#breadcrumb\"},\"inLanguage\":\"de\",\"potentialAction\":[{\"@type\":\"ReadAction\",\"target\":[\"https:\\\/\\\/swissgliders.ch\\\/de\\\/produkt\\\/niviuk-roamer-p\\\/\"]}]},{\"@type\":\"ImageObject\",\"inLanguage\":\"de\",\"@id\":\"https:\\\/\\\/swissgliders.ch\\\/de\\\/produkt\\\/niviuk-roamer-p\\\/#primaryimage\",\"url\":\"https:\\\/\\\/swissgliders.ch\\\/wp-content\\\/uploads\\\/2020\\\/02\\\/Niviuk_Gurtzeug_Roamer-2-P-1.jpg\",\"contentUrl\":\"https:\\\/\\\/swissgliders.ch\\\/wp-content\\\/uploads\\\/2020\\\/02\\\/Niviuk_Gurtzeug_Roamer-2-P-1.jpg\",\"width\":1266,\"height\":1033,\"caption\":\"Niviuk_Gurtzeug_Roamer 2 P-1\"},{\"@type\":\"BreadcrumbList\",\"@id\":\"https:\\\/\\\/swissgliders.ch\\\/de\\\/produkt\\\/niviuk-roamer-p\\\/#breadcrumb\",\"itemListElement\":[{\"@type\":\"ListItem\",\"position\":1,\"name\":\"Startseite\",\"item\":\"https:\\\/\\\/swissgliders.ch\\\/de\\\/willkommen\\\/\"},{\"@type\":\"ListItem\",\"position\":2,\"name\":\"Gleitschirm Shop\",\"item\":\"https:\\\/\\\/swissgliders.ch\\\/de\\\/gleitschirm-shop\\\/\"},{\"@type\":\"ListItem\",\"position\":3,\"name\":\"Niviuk Roamer 2 P\"}]},{\"@type\":\"WebSite\",\"@id\":\"https:\\\/\\\/swissgliders.ch\\\/de\\\/#website\",\"url\":\"https:\\\/\\\/swissgliders.ch\\\/de\\\/\",\"name\":\"Gleitschirmschule Thun, Bern, Interlaken\",\"description\":\"Gleitschirmschule Thun, Bern, Interlaken\",\"publisher\":{\"@id\":\"https:\\\/\\\/swissgliders.ch\\\/de\\\/#organization\"},\"potentialAction\":[{\"@type\":\"SearchAction\",\"target\":{\"@type\":\"EntryPoint\",\"urlTemplate\":\"https:\\\/\\\/swissgliders.ch\\\/de\\\/?s={search_term_string}\"},\"query-input\":{\"@type\":\"PropertyValueSpecification\",\"valueRequired\":true,\"valueName\":\"search_term_string\"}}],\"inLanguage\":\"de\"},{\"@type\":\"Organization\",\"@id\":\"https:\\\/\\\/swissgliders.ch\\\/de\\\/#organization\",\"name\":\"Swissgliders Gleitschirmflugschule Thun\",\"url\":\"https:\\\/\\\/swissgliders.ch\\\/de\\\/\",\"logo\":{\"@type\":\"ImageObject\",\"inLanguage\":\"de\",\"@id\":\"https:\\\/\\\/swissgliders.ch\\\/de\\\/#\\\/schema\\\/logo\\\/image\\\/\",\"url\":\"https:\\\/\\\/swissgliders.ch\\\/wp-content\\\/uploads\\\/2019\\\/12\\\/swissgliders-logo-rgb-square-L-no-ch-01.png\",\"contentUrl\":\"https:\\\/\\\/swissgliders.ch\\\/wp-content\\\/uploads\\\/2019\\\/12\\\/swissgliders-logo-rgb-square-L-no-ch-01.png\",\"width\":2500,\"height\":2500,\"caption\":\"Swissgliders Gleitschirmflugschule Thun\"},\"image\":{\"@id\":\"https:\\\/\\\/swissgliders.ch\\\/de\\\/#\\\/schema\\\/logo\\\/image\\\/\"},\"sameAs\":[\"https:\\\/\\\/www.facebook.com\\\/swissgliders\",\"https:\\\/\\\/x.com\\\/Swissgliders\",\"https:\\\/\\\/www.instagram.com\\\/swissgliders\\\/\",\"https:\\\/\\\/www.youtube.com\\\/channel\\\/UCMCtGdepy9vBhrhX3V_oJOA\"],\"hasMerchantReturnPolicy\":{\"@type\":\"MerchantReturnPolicy\",\"merchantReturnLink\":\"https:\\\/\\\/swissgliders.ch\\\/de\\\/allgemeine-geschaftsbedingungen\\\/\"}}]}<\/script>\n<meta property=\"og:availability\" content=\"instock\" \/>\n<meta property=\"product:availability\" content=\"instock\" \/>\n<meta property=\"product:condition\" content=\"new\" \/>\n<!-- \/ Yoast SEO Premium plugin. -->","yoast_head_json":{"title":"Niviuk Roamer 2 P | Gleitschirmschule Thun, Bern, Interlaken","description":"Niviuk Roamer 2 P Hike & Fly Minimalistisches Gurtzeug in Bezug auf das Gewicht - der perfekte Partner f\u00fcr Hike & Fly-Enthusiasten.","robots":{"index":"index","follow":"follow","max-snippet":"max-snippet:-1","max-image-preview":"max-image-preview:large","max-video-preview":"max-video-preview:-1"},"canonical":"https:\/\/swissgliders.ch\/de\/produkt\/niviuk-roamer-p\/","og_locale":"de_DE","og_type":"article","og_title":"Niviuk Roamer 2 P","og_description":"Niviuk Roamer 2 P Hike & Fly Minimalistisches Gurtzeug in Bezug auf das Gewicht - der perfekte Partner f\u00fcr Hike & Fly-Enthusiasten.","og_url":"https:\/\/swissgliders.ch\/de\/produkt\/niviuk-roamer-p\/","og_site_name":"Gleitschirmschule Thun, Bern, Interlaken","article_publisher":"https:\/\/www.facebook.com\/swissgliders","article_modified_time":"2024-11-05T19:06:49+00:00","og_image":[{"width":1266,"height":1033,"url":"https:\/\/swissgliders.ch\/wp-content\/uploads\/2020\/02\/Niviuk_Gurtzeug_Roamer-2-P-1.jpg","type":"image\/jpeg"}],"twitter_card":"summary_large_image","twitter_site":"@Swissgliders","twitter_misc":{"Verf\u00fcgbarkeit":"Auf Lager"},"schema":{"@context":"https:\/\/schema.org","@graph":[{"@type":"WebPage","@id":"https:\/\/swissgliders.ch\/de\/produkt\/niviuk-roamer-p\/","url":"https:\/\/swissgliders.ch\/de\/produkt\/niviuk-roamer-p\/","name":"Niviuk Roamer 2 P | Gleitschirmschule Thun, Bern, Interlaken","isPartOf":{"@id":"https:\/\/swissgliders.ch\/de\/#website"},"primaryImageOfPage":{"@id":"https:\/\/swissgliders.ch\/de\/produkt\/niviuk-roamer-p\/#primaryimage"},"image":{"@id":"https:\/\/swissgliders.ch\/de\/produkt\/niviuk-roamer-p\/#primaryimage"},"thumbnailUrl":"https:\/\/swissgliders.ch\/wp-content\/uploads\/2020\/02\/Niviuk_Gurtzeug_Roamer-2-P-1.jpg","datePublished":"2020-02-05T20:00:32+00:00","dateModified":"2024-11-05T19:06:49+00:00","description":"Niviuk Roamer 2 P Hike & Fly Minimalistisches Gurtzeug in Bezug auf das Gewicht - der perfekte Partner f\u00fcr Hike & Fly-Enthusiasten.","breadcrumb":{"@id":"https:\/\/swissgliders.ch\/de\/produkt\/niviuk-roamer-p\/#breadcrumb"},"inLanguage":"de","potentialAction":[{"@type":"ReadAction","target":["https:\/\/swissgliders.ch\/de\/produkt\/niviuk-roamer-p\/"]}]},{"@type":"ImageObject","inLanguage":"de","@id":"https:\/\/swissgliders.ch\/de\/produkt\/niviuk-roamer-p\/#primaryimage","url":"https:\/\/swissgliders.ch\/wp-content\/uploads\/2020\/02\/Niviuk_Gurtzeug_Roamer-2-P-1.jpg","contentUrl":"https:\/\/swissgliders.ch\/wp-content\/uploads\/2020\/02\/Niviuk_Gurtzeug_Roamer-2-P-1.jpg","width":1266,"height":1033,"caption":"Niviuk_Gurtzeug_Roamer 2 P-1"},{"@type":"BreadcrumbList","@id":"https:\/\/swissgliders.ch\/de\/produkt\/niviuk-roamer-p\/#breadcrumb","itemListElement":[{"@type":"ListItem","position":1,"name":"Startseite","item":"https:\/\/swissgliders.ch\/de\/willkommen\/"},{"@type":"ListItem","position":2,"name":"Gleitschirm Shop","item":"https:\/\/swissgliders.ch\/de\/gleitschirm-shop\/"},{"@type":"ListItem","position":3,"name":"Niviuk Roamer 2 P"}]},{"@type":"WebSite","@id":"https:\/\/swissgliders.ch\/de\/#website","url":"https:\/\/swissgliders.ch\/de\/","name":"Gleitschirmschule Thun, Bern, Interlaken","description":"Gleitschirmschule Thun, Bern, Interlaken","publisher":{"@id":"https:\/\/swissgliders.ch\/de\/#organization"},"potentialAction":[{"@type":"SearchAction","target":{"@type":"EntryPoint","urlTemplate":"https:\/\/swissgliders.ch\/de\/?s={search_term_string}"},"query-input":{"@type":"PropertyValueSpecification","valueRequired":true,"valueName":"search_term_string"}}],"inLanguage":"de"},{"@type":"Organization","@id":"https:\/\/swissgliders.ch\/de\/#organization","name":"Swissgliders Gleitschirmflugschule Thun","url":"https:\/\/swissgliders.ch\/de\/","logo":{"@type":"ImageObject","inLanguage":"de","@id":"https:\/\/swissgliders.ch\/de\/#\/schema\/logo\/image\/","url":"https:\/\/swissgliders.ch\/wp-content\/uploads\/2019\/12\/swissgliders-logo-rgb-square-L-no-ch-01.png","contentUrl":"https:\/\/swissgliders.ch\/wp-content\/uploads\/2019\/12\/swissgliders-logo-rgb-square-L-no-ch-01.png","width":2500,"height":2500,"caption":"Swissgliders Gleitschirmflugschule Thun"},"image":{"@id":"https:\/\/swissgliders.ch\/de\/#\/schema\/logo\/image\/"},"sameAs":["https:\/\/www.facebook.com\/swissgliders","https:\/\/x.com\/Swissgliders","https:\/\/www.instagram.com\/swissgliders\/","https:\/\/www.youtube.com\/channel\/UCMCtGdepy9vBhrhX3V_oJOA"],"hasMerchantReturnPolicy":{"@type":"MerchantReturnPolicy","merchantReturnLink":"https:\/\/swissgliders.ch\/de\/allgemeine-geschaftsbedingungen\/"}}]},"og_availability":"instock","product_availability":"instock","product_condition":"new"},"_links":{"self":[{"href":"https:\/\/swissgliders.ch\/de\/wp-json\/wp\/v2\/product\/4448","targetHints":{"allow":["GET"]}}],"collection":[{"href":"https:\/\/swissgliders.ch\/de\/wp-json\/wp\/v2\/product"}],"about":[{"href":"https:\/\/swissgliders.ch\/de\/wp-json\/wp\/v2\/types\/product"}],"replies":[{"embeddable":true,"href":"https:\/\/swissgliders.ch\/de\/wp-json\/wp\/v2\/comments?post=4448"}],"wp:featuredmedia":[{"embeddable":true,"href":"https:\/\/swissgliders.ch\/de\/wp-json\/wp\/v2\/media\/14785"}],"wp:attachment":[{"href":"https:\/\/swissgliders.ch\/de\/wp-json\/wp\/v2\/media?parent=4448"}],"wp:term":[{"taxonomy":"product_brand","embeddable":true,"href":"https:\/\/swissgliders.ch\/de\/wp-json\/wp\/v2\/product_brand?post=4448"},{"taxonomy":"product_cat","embeddable":true,"href":"https:\/\/swissgliders.ch\/de\/wp-json\/wp\/v2\/product_cat?post=4448"},{"taxonomy":"product_tag","embeddable":true,"href":"https:\/\/swissgliders.ch\/de\/wp-json\/wp\/v2\/product_tag?post=4448"}],"curies":[{"name":"wp","href":"https:\/\/api.w.org\/{rel}","templated":true}]}}