{"id":4966,"date":"2020-05-02T11:01:49","date_gmt":"2020-05-02T10:01:49","guid":{"rendered":"https:\/\/swissgliders.ch\/?post_type=product&#038;p=4966"},"modified":"2025-06-10T11:44:09","modified_gmt":"2025-06-10T10:44:09","slug":"woody-valley-quadro-100-light","status":"publish","type":"product","link":"https:\/\/swissgliders.ch\/de\/produkt\/woody-valley-quadro-100-light\/","title":{"rendered":"Woody Valley Quadro Light"},"content":{"rendered":"<p><img decoding=\"async\" src=\"https:\/\/www.woodyvalley.com\/wp-content\/uploads\/2022\/11\/quadro_09whhx3y.jpg\" \/><\/p>\n<p>Mit Quadro 100 light und Quadro 115 sind sie die Rettungsschirme, nach denen du gesucht hast!<\/p>\n<p>Immer gr\u00f6sser wird die Nachfrage nach leichter Ausr\u00fcstung, daher war es nun an der Zeit, Rettungsschirme auf den Markt zu bringen, die diese W\u00fcnsche erf\u00fcllen.<br \/>\nDiese Rettungsger\u00e4te der neuen Generation vereinen alle Eigenschaften, die ein sicheres modernes Rettungsger\u00e4t haben muss:<\/p>\n<p><strong>Quadro 100 light:<br \/>\n<\/strong>schnelle \u00d6ffnungszeit: 2.8 s<br \/>\nsehr geringe Sinkgeschwindigkeit bei maximaler Anh\u00e4ngelast: 5.2 m\/s<br \/>\nsuperleichtes Gewicht: 0,985 kg<br \/>\nkleinstes Packmass: 23*23*7 cm\u00b3<br \/>\nlange Betriebszeit: 15 Jahre<\/p>\n<p>Diese Leistungsdaten konnten durch die Verwendung von neustem und hochwertigstem Material aus Deutschland erreicht werden:<\/p>\n<p>ultraleichtes, hochfestes, wasserabweisendes Tuch von UTT<br \/>\nleichte und \u00e4usserst bruchfeste Leinen von Liros<br \/>\nqualitativ hochwertige Einfassb\u00e4nder von G\u00fcth &amp; Wolf<\/p>\n<p>Zertifiziert wurde der Quadro nach den strengen und weltweit anerkannten EN Normen bei Air Turquoise in der Schweiz. Die EN Zulassung verlangt jeweils zwei Schocktests und zwei \u00d6ffnungstests und zwei Sinktests mit ein und demselben Exemplar des Rettungssystems. Die maximal zul\u00e4ssige Sinkrate liegt bei diesem EN-Verfahren bei 5,5 m\/s (bei der LTF-Zertifizierung ist eine viel h\u00f6here Sinkrate n\u00e4mlich 6,8 m\/s, erlaubt). Wer besonderen Wert auf eine pendelstabile Rettung mit geringer Sinkgeschwindigkeit und \u00e4usserst leichtem Eigengewicht legt, der wird sich f\u00fcr eine Quadro Rettung entscheiden<\/p>\n<table class=\"ea-advanced-data-table ea-advanced-data-table-static ea-advanced-data-table-fde53be\" data-id=\"fde53be\">\n<thead>\n<tr>\n<th><strong>Rescue chutes<\/strong><\/th>\n<th><strong>Quadro 80 light<\/strong><\/th>\n<th><strong>Quadro 100 light<\/strong><\/th>\n<th><strong>Quadro 115<\/strong><\/th>\n<th><strong>Quadro 120 light<\/strong><\/th>\n<th><strong>Quadro 140 light<\/strong><\/th>\n<th><strong>Quadro 220 light<\/strong><\/th>\n<\/tr>\n<\/thead>\n<tbody>\n<tr>\n<td>Certification<\/td>\n<td>LTF\/EN<\/td>\n<td>LTF\/EN<\/td>\n<td>LTF\/EN<\/td>\n<td>LTF\/EN<\/td>\n<td>LTF\/EN<\/td>\n<td>LTF\/EN<\/td>\n<\/tr>\n<tr>\n<td>Working load<\/td>\n<td>80 Kg<\/td>\n<td>100 kg<\/td>\n<td>115 kg<\/td>\n<td>120 kg<\/td>\n<td>140 kg<\/td>\n<td>220 kg<\/td>\n<\/tr>\n<tr>\n<td>Zulassungsnummer<\/td>\n<td>EP 336.2022<\/td>\n<td>EO 239.2018<\/td>\n<td>EP 220.2018<\/td>\n<td>EP 329.2021<\/td>\n<td>EP 253.2019<\/td>\n<td>EP297.2020<\/td>\n<\/tr>\n<tr>\n<td>Area (m2)<\/td>\n<td>23.20<\/td>\n<td>32.20<\/td>\n<td>36,20<\/td>\n<td>35.50<\/td>\n<td>44.80<\/td>\n<td>69<\/td>\n<\/tr>\n<tr>\n<td>Number of cells<\/td>\n<td>20<\/td>\n<td>20<\/td>\n<td>20<\/td>\n<td>24<\/td>\n<td>24<\/td>\n<td>28<\/td>\n<\/tr>\n<tr>\n<td>Weight including container (kg)<\/td>\n<td>0.93<\/td>\n<td>0.98<\/td>\n<td>1,250<\/td>\n<td>1.31<\/td>\n<td>1.51<\/td>\n<td>2.43<\/td>\n<\/tr>\n<tr>\n<td>Volume ripiegata<\/td>\n<td>3,6 L<\/td>\n<td>4,1 L<\/td>\n<td>4,26 L<\/td>\n<td>5,2L<\/td>\n<td>5,6 L<\/td>\n<td>9L<\/td>\n<\/tr>\n<tr>\n<td>Maximum payload(kg)<\/td>\n<td>80<\/td>\n<td>100<\/td>\n<td>115<\/td>\n<td>120<\/td>\n<td>140<\/td>\n<td>220<\/td>\n<\/tr>\n<tr>\n<td>Minimum payload(kg)<\/td>\n<td>52<\/td>\n<td>65<\/td>\n<td>75<\/td>\n<td>80<\/td>\n<td>95<\/td>\n<td>150<\/td>\n<\/tr>\n<tr>\n<td>Middle line<\/td>\n<td>1<\/td>\n<td>1<\/td>\n<td>1<\/td>\n<td>1<\/td>\n<td>1<\/td>\n<td>1<\/td>\n<\/tr>\n<tr>\n<td>Maximale Abstiegsgeschwindigkeit Nutzlast (m\/s)<\/td>\n<td>5.37 m\/s<\/td>\n<td>5.47 m\/s<\/td>\n<td>5.49 m\/s<\/td>\n<td>5.25 m\/s<\/td>\n<td>5.47 m\/s<\/td>\n<td>5.14 m\/s<\/td>\n<\/tr>\n<tr>\n<td>Opening time(s)<\/td>\n<td>3.35<\/td>\n<td>3.23<\/td>\n<td>3,71<\/td>\n<td>3.99<\/td>\n<td>3.12<\/td>\n<td>3.99<\/td>\n<\/tr>\n<\/tbody>\n<\/table>\n<p>\u00abDieses Produkt wird ausschliesslich von einem unserer ausgebildeten Spezialisten mit deinem Gurtzeug bzw. Rettungsschirm kombiniert oder \u00fcber einen von dir gew\u00fcnschten Rettungsschirmpacker SHV ausgeliefert.\u00bb<\/p>\n<p>&nbsp;<\/p>\n<p>Mehr<a href=\"https:\/\/www.highadventure.ch\/de\/woody-valley-quadro.html\" target=\"_blank\" rel=\"noopener\"> Infos<\/a><\/p>\n<p>Falls dieser Artikel nicht an Lager ist, wird er f\u00fcr dich bestellt. Lieferfrist auf Anfrage.<\/p>\n","protected":false},"excerpt":{"rendered":"<p><img decoding=\"async\" src=\"https:\/\/www.woodyvalley.com\/wp-content\/uploads\/2022\/11\/quadro_09whhx3y.jpg\" \/><\/p>\n<p>Mit Quadro 100 light und Quadro 115 sind sie die Rettungsschirme, nach denen du gesucht hast!<\/p>\n<p>Immer gr\u00f6sser wird die Nachfrage nach leichter Ausr\u00fcstung, daher war es nun an der Zeit, Rettungsschirme auf den Markt zu bringen, die diese W\u00fcnsche erf\u00fcllen.<br \/>\nDiese Rettungsger\u00e4te der neuen Generation vereinen alle Eigenschaften, die ein sicheres modernes Rettungsger\u00e4t haben muss:<\/p>\n<p><strong>Quadro 100 light:<br \/>\n<\/strong>schnelle \u00d6ffnungszeit: 2.8 s<br \/>\nsehr geringe Sinkgeschwindigkeit bei maximaler Anh\u00e4ngelast: 5.2 m\/s<br \/>\nsuperleichtes Gewicht: 0,985 kg<br \/>\nkleinstes Packmass: 23*23*7 cm\u00b3<br \/>\nlange Betriebszeit: 15 Jahre<\/p>\n<p>Diese Leistungsdaten konnten durch die Verwendung von neustem und hochwertigstem Material aus Deutschland erreicht werden:<\/p>\n<p>ultraleichtes, hochfestes, wasserabweisendes Tuch von UTT<br \/>\nleichte und \u00e4usserst bruchfeste Leinen von Liros<br \/>\nqualitativ hochwertige Einfassb\u00e4nder von G\u00fcth &amp; Wolf<\/p>\n<p>Zertifiziert wurde der Quadro nach den strengen und weltweit anerkannten EN Normen bei Air Turquoise in der Schweiz. Die EN Zulassung verlangt jeweils zwei Schocktests und zwei \u00d6ffnungstests und zwei Sinktests mit ein und demselben Exemplar des Rettungssystems. Die maximal zul\u00e4ssige Sinkrate liegt bei diesem EN-Verfahren bei 5,5 m\/s (bei der LTF-Zertifizierung ist eine viel h\u00f6here Sinkrate n\u00e4mlich 6,8 m\/s, erlaubt). Wer besonderen Wert auf eine pendelstabile Rettung mit geringer Sinkgeschwindigkeit und \u00e4usserst leichtem Eigengewicht legt, der wird sich f\u00fcr eine Quadro Rettung entscheiden<\/p>\n<table class=\"ea-advanced-data-table ea-advanced-data-table-static ea-advanced-data-table-fde53be\" data-id=\"fde53be\">\n<thead>\n<tr>\n<th><strong>Rescue chutes<\/strong><\/th>\n<th><strong>Quadro 80 light<\/strong><\/th>\n<th><strong>Quadro 100 light<\/strong><\/th>\n<th><strong>Quadro 115<\/strong><\/th>\n<th><strong>Quadro 120 light<\/strong><\/th>\n<th><strong>Quadro 140 light<\/strong><\/th>\n<th><strong>Quadro 220 light<\/strong><\/th>\n<\/tr>\n<\/thead>\n<tbody>\n<tr>\n<td>Certification<\/td>\n<td>LTF\/EN<\/td>\n<td>LTF\/EN<\/td>\n<td>LTF\/EN<\/td>\n<td>LTF\/EN<\/td>\n<td>LTF\/EN<\/td>\n<td>LTF\/EN<\/td>\n<\/tr>\n<tr>\n<td>Working load<\/td>\n<td>80 Kg<\/td>\n<td>100 kg<\/td>\n<td>115 kg<\/td>\n<td>120 kg<\/td>\n<td>140 kg<\/td>\n<td>220 kg<\/td>\n<\/tr>\n<tr>\n<td>Zulassungsnummer<\/td>\n<td>EP 336.2022<\/td>\n<td>EO 239.2018<\/td>\n<td>EP 220.2018<\/td>\n<td>EP 329.2021<\/td>\n<td>EP 253.2019<\/td>\n<td>EP297.2020<\/td>\n<\/tr>\n<tr>\n<td>Area (m2)<\/td>\n<td>23.20<\/td>\n<td>32.20<\/td>\n<td>36,20<\/td>\n<td>35.50<\/td>\n<td>44.80<\/td>\n<td>69<\/td>\n<\/tr>\n<tr>\n<td>Number of cells<\/td>\n<td>20<\/td>\n<td>20<\/td>\n<td>20<\/td>\n<td>24<\/td>\n<td>24<\/td>\n<td>28<\/td>\n<\/tr>\n<tr>\n<td>Weight including container (kg)<\/td>\n<td>0.93<\/td>\n<td>0.98<\/td>\n<td>1,250<\/td>\n<td>1.31<\/td>\n<td>1.51<\/td>\n<td>2.43<\/td>\n<\/tr>\n<tr>\n<td>Volume ripiegata<\/td>\n<td>3,6 L<\/td>\n<td>4,1 L<\/td>\n<td>4,26 L<\/td>\n<td>5,2L<\/td>\n<td>5,6 L<\/td>\n<td>9L<\/td>\n<\/tr>\n<tr>\n<td>Maximum payload(kg)<\/td>\n<td>80<\/td>\n<td>100<\/td>\n<td>115<\/td>\n<td>120<\/td>\n<td>140<\/td>\n<td>220<\/td>\n<\/tr>\n<tr>\n<td>Minimum payload(kg)<\/td>\n<td>52<\/td>\n<td>65<\/td>\n<td>75<\/td>\n<td>80<\/td>\n<td>95<\/td>\n<td>150<\/td>\n<\/tr>\n<tr>\n<td>Middle line<\/td>\n<td>1<\/td>\n<td>1<\/td>\n<td>1<\/td>\n<td>1<\/td>\n<td>1<\/td>\n<td>1<\/td>\n<\/tr>\n<tr>\n<td>Maximale Abstiegsgeschwindigkeit Nutzlast (m\/s)<\/td>\n<td>5.37 m\/s<\/td>\n<td>5.47 m\/s<\/td>\n<td>5.49 m\/s<\/td>\n<td>5.25 m\/s<\/td>\n<td>5.47 m\/s<\/td>\n<td>5.14 m\/s<\/td>\n<\/tr>\n<tr>\n<td>Opening time(s)<\/td>\n<td>3.35<\/td>\n<td>3.23<\/td>\n<td>3,71<\/td>\n<td>3.99<\/td>\n<td>3.12<\/td>\n<td>3.99<\/td>\n<\/tr>\n<\/tbody>\n<\/table>\n<p>\u00abDieses Produkt wird ausschliesslich von einem unserer ausgebildeten Spezialisten mit deinem Gurtzeug bzw. Rettungsschirm kombiniert oder \u00fcber einen von dir gew\u00fcnschten Rettungsschirmpacker SHV ausgeliefert.\u00bb<\/p>\n<p>&nbsp;<\/p>\n<p>Mehr<a href=\"https:\/\/www.highadventure.ch\/de\/woody-valley-quadro.html\" target=\"_blank\" rel=\"noopener\"> Infos<\/a><\/p>\n<p>Falls dieser Artikel nicht an Lager ist, wird er f\u00fcr dich bestellt. Lieferfrist auf Anfrage.<\/p>\n","protected":false},"featured_media":4972,"comment_status":"closed","ping_status":"closed","template":"","meta":[],"product_brand":[],"product_cat":[1309],"product_tag":[1310,1311,90],"class_list":{"0":"post-4966","1":"product","2":"type-product","3":"status-publish","4":"has-post-thumbnail","6":"product_cat-gleitschirm-rettungsgeraete","7":"product_tag-notschirm","8":"product_tag-retter","9":"product_tag-verkaufsartikel","10":"product_shipping_class-priority-2kg-de","12":"first","13":"instock","14":"sale","15":"shipping-taxable","16":"purchasable","17":"product-type-variable"},"yoast_head":"<!-- This site is optimized with the Yoast SEO Premium plugin v26.1 (Yoast SEO v27.3) - https:\/\/yoast.com\/product\/yoast-seo-premium-wordpress\/ -->\n<title>Woody Valley Quadro Light | Gleitschirmschule Thun, Bern, Interlaken<\/title>\n<meta name=\"description\" content=\"Mit dem Quadro 100 light und Quadro 115 sind die Rettungsschirme, nach denen Sie gesucht haben.\" \/>\n<meta name=\"robots\" content=\"index, follow, max-snippet:-1, max-image-preview:large, max-video-preview:-1\" \/>\n<link rel=\"canonical\" href=\"https:\/\/swissgliders.ch\/de\/produkt\/woody-valley-quadro-100-light\/\" \/>\n<meta property=\"og:locale\" content=\"de_DE\" \/>\n<meta property=\"og:type\" content=\"article\" \/>\n<meta property=\"og:title\" content=\"Woody Valley Quadro Light\" \/>\n<meta property=\"og:description\" content=\"Mit dem Quadro 100 light und Quadro 115 sind die Rettungsschirme, nach denen Sie gesucht haben.\" \/>\n<meta property=\"og:url\" content=\"https:\/\/swissgliders.ch\/de\/produkt\/woody-valley-quadro-100-light\/\" \/>\n<meta property=\"og:site_name\" content=\"Gleitschirmschule Thun, Bern, Interlaken\" \/>\n<meta property=\"article:publisher\" content=\"https:\/\/www.facebook.com\/swissgliders\" \/>\n<meta property=\"article:modified_time\" content=\"2025-06-10T10:44:09+00:00\" \/>\n<meta property=\"og:image\" content=\"https:\/\/swissgliders.ch\/wp-content\/uploads\/2020\/05\/quadro.jpg\" \/>\n\t<meta property=\"og:image:width\" content=\"915\" \/>\n\t<meta property=\"og:image:height\" content=\"540\" \/>\n\t<meta property=\"og:image:type\" content=\"image\/jpeg\" \/>\n<meta name=\"twitter:card\" content=\"summary_large_image\" \/>\n<meta name=\"twitter:site\" content=\"@Swissgliders\" \/>\n<meta name=\"twitter:label1\" content=\"Verf\u00fcgbarkeit\" \/>\n\t<meta name=\"twitter:data1\" content=\"Auf Lager\" \/>\n<script type=\"application\/ld+json\" class=\"yoast-schema-graph\">{\"@context\":\"https:\\\/\\\/schema.org\",\"@graph\":[{\"@type\":\"WebPage\",\"@id\":\"https:\\\/\\\/swissgliders.ch\\\/de\\\/produkt\\\/woody-valley-quadro-100-light\\\/\",\"url\":\"https:\\\/\\\/swissgliders.ch\\\/de\\\/produkt\\\/woody-valley-quadro-100-light\\\/\",\"name\":\"Woody Valley Quadro Light | Gleitschirmschule Thun, Bern, Interlaken\",\"isPartOf\":{\"@id\":\"https:\\\/\\\/swissgliders.ch\\\/de\\\/#website\"},\"primaryImageOfPage\":{\"@id\":\"https:\\\/\\\/swissgliders.ch\\\/de\\\/produkt\\\/woody-valley-quadro-100-light\\\/#primaryimage\"},\"image\":{\"@id\":\"https:\\\/\\\/swissgliders.ch\\\/de\\\/produkt\\\/woody-valley-quadro-100-light\\\/#primaryimage\"},\"thumbnailUrl\":\"https:\\\/\\\/swissgliders.ch\\\/wp-content\\\/uploads\\\/2020\\\/05\\\/quadro.jpg\",\"datePublished\":\"2020-05-02T10:01:49+00:00\",\"dateModified\":\"2025-06-10T10:44:09+00:00\",\"description\":\"Mit dem Quadro 100 light und Quadro 115 sind die Rettungsschirme, nach denen Sie gesucht haben.\",\"breadcrumb\":{\"@id\":\"https:\\\/\\\/swissgliders.ch\\\/de\\\/produkt\\\/woody-valley-quadro-100-light\\\/#breadcrumb\"},\"inLanguage\":\"de\",\"potentialAction\":[{\"@type\":\"ReadAction\",\"target\":[\"https:\\\/\\\/swissgliders.ch\\\/de\\\/produkt\\\/woody-valley-quadro-100-light\\\/\"]}]},{\"@type\":\"ImageObject\",\"inLanguage\":\"de\",\"@id\":\"https:\\\/\\\/swissgliders.ch\\\/de\\\/produkt\\\/woody-valley-quadro-100-light\\\/#primaryimage\",\"url\":\"https:\\\/\\\/swissgliders.ch\\\/wp-content\\\/uploads\\\/2020\\\/05\\\/quadro.jpg\",\"contentUrl\":\"https:\\\/\\\/swissgliders.ch\\\/wp-content\\\/uploads\\\/2020\\\/05\\\/quadro.jpg\",\"width\":915,\"height\":540,\"caption\":\"woody-valley-rescue-quadro\"},{\"@type\":\"BreadcrumbList\",\"@id\":\"https:\\\/\\\/swissgliders.ch\\\/de\\\/produkt\\\/woody-valley-quadro-100-light\\\/#breadcrumb\",\"itemListElement\":[{\"@type\":\"ListItem\",\"position\":1,\"name\":\"Startseite\",\"item\":\"https:\\\/\\\/swissgliders.ch\\\/de\\\/willkommen\\\/\"},{\"@type\":\"ListItem\",\"position\":2,\"name\":\"Gleitschirm Shop\",\"item\":\"https:\\\/\\\/swissgliders.ch\\\/de\\\/gleitschirm-shop\\\/\"},{\"@type\":\"ListItem\",\"position\":3,\"name\":\"Woody Valley Quadro Light\"}]},{\"@type\":\"WebSite\",\"@id\":\"https:\\\/\\\/swissgliders.ch\\\/de\\\/#website\",\"url\":\"https:\\\/\\\/swissgliders.ch\\\/de\\\/\",\"name\":\"Gleitschirmschule Thun, Bern, Interlaken\",\"description\":\"Gleitschirmschule Thun, Bern, Interlaken\",\"publisher\":{\"@id\":\"https:\\\/\\\/swissgliders.ch\\\/de\\\/#organization\"},\"potentialAction\":[{\"@type\":\"SearchAction\",\"target\":{\"@type\":\"EntryPoint\",\"urlTemplate\":\"https:\\\/\\\/swissgliders.ch\\\/de\\\/?s={search_term_string}\"},\"query-input\":{\"@type\":\"PropertyValueSpecification\",\"valueRequired\":true,\"valueName\":\"search_term_string\"}}],\"inLanguage\":\"de\"},{\"@type\":\"Organization\",\"@id\":\"https:\\\/\\\/swissgliders.ch\\\/de\\\/#organization\",\"name\":\"Swissgliders Gleitschirmflugschule Thun\",\"url\":\"https:\\\/\\\/swissgliders.ch\\\/de\\\/\",\"logo\":{\"@type\":\"ImageObject\",\"inLanguage\":\"de\",\"@id\":\"https:\\\/\\\/swissgliders.ch\\\/de\\\/#\\\/schema\\\/logo\\\/image\\\/\",\"url\":\"https:\\\/\\\/swissgliders.ch\\\/wp-content\\\/uploads\\\/2019\\\/12\\\/swissgliders-logo-rgb-square-L-no-ch-01.png\",\"contentUrl\":\"https:\\\/\\\/swissgliders.ch\\\/wp-content\\\/uploads\\\/2019\\\/12\\\/swissgliders-logo-rgb-square-L-no-ch-01.png\",\"width\":2500,\"height\":2500,\"caption\":\"Swissgliders Gleitschirmflugschule Thun\"},\"image\":{\"@id\":\"https:\\\/\\\/swissgliders.ch\\\/de\\\/#\\\/schema\\\/logo\\\/image\\\/\"},\"sameAs\":[\"https:\\\/\\\/www.facebook.com\\\/swissgliders\",\"https:\\\/\\\/x.com\\\/Swissgliders\",\"https:\\\/\\\/www.instagram.com\\\/swissgliders\\\/\",\"https:\\\/\\\/www.youtube.com\\\/channel\\\/UCMCtGdepy9vBhrhX3V_oJOA\"],\"hasMerchantReturnPolicy\":{\"@type\":\"MerchantReturnPolicy\",\"merchantReturnLink\":\"https:\\\/\\\/swissgliders.ch\\\/de\\\/allgemeine-geschaftsbedingungen\\\/\"}}]}<\/script>\n<meta property=\"og:availability\" content=\"instock\" \/>\n<meta property=\"product:availability\" content=\"instock\" \/>\n<meta property=\"product:condition\" content=\"new\" \/>\n<!-- \/ Yoast SEO Premium plugin. -->","yoast_head_json":{"title":"Woody Valley Quadro Light | Gleitschirmschule Thun, Bern, Interlaken","description":"Mit dem Quadro 100 light und Quadro 115 sind die Rettungsschirme, nach denen Sie gesucht haben.","robots":{"index":"index","follow":"follow","max-snippet":"max-snippet:-1","max-image-preview":"max-image-preview:large","max-video-preview":"max-video-preview:-1"},"canonical":"https:\/\/swissgliders.ch\/de\/produkt\/woody-valley-quadro-100-light\/","og_locale":"de_DE","og_type":"article","og_title":"Woody Valley Quadro Light","og_description":"Mit dem Quadro 100 light und Quadro 115 sind die Rettungsschirme, nach denen Sie gesucht haben.","og_url":"https:\/\/swissgliders.ch\/de\/produkt\/woody-valley-quadro-100-light\/","og_site_name":"Gleitschirmschule Thun, Bern, Interlaken","article_publisher":"https:\/\/www.facebook.com\/swissgliders","article_modified_time":"2025-06-10T10:44:09+00:00","og_image":[{"width":915,"height":540,"url":"https:\/\/swissgliders.ch\/wp-content\/uploads\/2020\/05\/quadro.jpg","type":"image\/jpeg"}],"twitter_card":"summary_large_image","twitter_site":"@Swissgliders","twitter_misc":{"Verf\u00fcgbarkeit":"Auf Lager"},"schema":{"@context":"https:\/\/schema.org","@graph":[{"@type":"WebPage","@id":"https:\/\/swissgliders.ch\/de\/produkt\/woody-valley-quadro-100-light\/","url":"https:\/\/swissgliders.ch\/de\/produkt\/woody-valley-quadro-100-light\/","name":"Woody Valley Quadro Light | Gleitschirmschule Thun, Bern, Interlaken","isPartOf":{"@id":"https:\/\/swissgliders.ch\/de\/#website"},"primaryImageOfPage":{"@id":"https:\/\/swissgliders.ch\/de\/produkt\/woody-valley-quadro-100-light\/#primaryimage"},"image":{"@id":"https:\/\/swissgliders.ch\/de\/produkt\/woody-valley-quadro-100-light\/#primaryimage"},"thumbnailUrl":"https:\/\/swissgliders.ch\/wp-content\/uploads\/2020\/05\/quadro.jpg","datePublished":"2020-05-02T10:01:49+00:00","dateModified":"2025-06-10T10:44:09+00:00","description":"Mit dem Quadro 100 light und Quadro 115 sind die Rettungsschirme, nach denen Sie gesucht haben.","breadcrumb":{"@id":"https:\/\/swissgliders.ch\/de\/produkt\/woody-valley-quadro-100-light\/#breadcrumb"},"inLanguage":"de","potentialAction":[{"@type":"ReadAction","target":["https:\/\/swissgliders.ch\/de\/produkt\/woody-valley-quadro-100-light\/"]}]},{"@type":"ImageObject","inLanguage":"de","@id":"https:\/\/swissgliders.ch\/de\/produkt\/woody-valley-quadro-100-light\/#primaryimage","url":"https:\/\/swissgliders.ch\/wp-content\/uploads\/2020\/05\/quadro.jpg","contentUrl":"https:\/\/swissgliders.ch\/wp-content\/uploads\/2020\/05\/quadro.jpg","width":915,"height":540,"caption":"woody-valley-rescue-quadro"},{"@type":"BreadcrumbList","@id":"https:\/\/swissgliders.ch\/de\/produkt\/woody-valley-quadro-100-light\/#breadcrumb","itemListElement":[{"@type":"ListItem","position":1,"name":"Startseite","item":"https:\/\/swissgliders.ch\/de\/willkommen\/"},{"@type":"ListItem","position":2,"name":"Gleitschirm Shop","item":"https:\/\/swissgliders.ch\/de\/gleitschirm-shop\/"},{"@type":"ListItem","position":3,"name":"Woody Valley Quadro Light"}]},{"@type":"WebSite","@id":"https:\/\/swissgliders.ch\/de\/#website","url":"https:\/\/swissgliders.ch\/de\/","name":"Gleitschirmschule Thun, Bern, Interlaken","description":"Gleitschirmschule Thun, Bern, Interlaken","publisher":{"@id":"https:\/\/swissgliders.ch\/de\/#organization"},"potentialAction":[{"@type":"SearchAction","target":{"@type":"EntryPoint","urlTemplate":"https:\/\/swissgliders.ch\/de\/?s={search_term_string}"},"query-input":{"@type":"PropertyValueSpecification","valueRequired":true,"valueName":"search_term_string"}}],"inLanguage":"de"},{"@type":"Organization","@id":"https:\/\/swissgliders.ch\/de\/#organization","name":"Swissgliders Gleitschirmflugschule Thun","url":"https:\/\/swissgliders.ch\/de\/","logo":{"@type":"ImageObject","inLanguage":"de","@id":"https:\/\/swissgliders.ch\/de\/#\/schema\/logo\/image\/","url":"https:\/\/swissgliders.ch\/wp-content\/uploads\/2019\/12\/swissgliders-logo-rgb-square-L-no-ch-01.png","contentUrl":"https:\/\/swissgliders.ch\/wp-content\/uploads\/2019\/12\/swissgliders-logo-rgb-square-L-no-ch-01.png","width":2500,"height":2500,"caption":"Swissgliders Gleitschirmflugschule Thun"},"image":{"@id":"https:\/\/swissgliders.ch\/de\/#\/schema\/logo\/image\/"},"sameAs":["https:\/\/www.facebook.com\/swissgliders","https:\/\/x.com\/Swissgliders","https:\/\/www.instagram.com\/swissgliders\/","https:\/\/www.youtube.com\/channel\/UCMCtGdepy9vBhrhX3V_oJOA"],"hasMerchantReturnPolicy":{"@type":"MerchantReturnPolicy","merchantReturnLink":"https:\/\/swissgliders.ch\/de\/allgemeine-geschaftsbedingungen\/"}}]},"og_availability":"instock","product_availability":"instock","product_condition":"new"},"_links":{"self":[{"href":"https:\/\/swissgliders.ch\/de\/wp-json\/wp\/v2\/product\/4966","targetHints":{"allow":["GET"]}}],"collection":[{"href":"https:\/\/swissgliders.ch\/de\/wp-json\/wp\/v2\/product"}],"about":[{"href":"https:\/\/swissgliders.ch\/de\/wp-json\/wp\/v2\/types\/product"}],"replies":[{"embeddable":true,"href":"https:\/\/swissgliders.ch\/de\/wp-json\/wp\/v2\/comments?post=4966"}],"wp:featuredmedia":[{"embeddable":true,"href":"https:\/\/swissgliders.ch\/de\/wp-json\/wp\/v2\/media\/4972"}],"wp:attachment":[{"href":"https:\/\/swissgliders.ch\/de\/wp-json\/wp\/v2\/media?parent=4966"}],"wp:term":[{"taxonomy":"product_brand","embeddable":true,"href":"https:\/\/swissgliders.ch\/de\/wp-json\/wp\/v2\/product_brand?post=4966"},{"taxonomy":"product_cat","embeddable":true,"href":"https:\/\/swissgliders.ch\/de\/wp-json\/wp\/v2\/product_cat?post=4966"},{"taxonomy":"product_tag","embeddable":true,"href":"https:\/\/swissgliders.ch\/de\/wp-json\/wp\/v2\/product_tag?post=4966"}],"curies":[{"name":"wp","href":"https:\/\/api.w.org\/{rel}","templated":true}]}}