{"id":4975,"date":"2020-05-02T11:16:32","date_gmt":"2020-05-02T10:16:32","guid":{"rendered":"https:\/\/swissgliders.ch\/?post_type=product&#038;p=4975"},"modified":"2023-11-24T17:35:23","modified_gmt":"2023-11-24T16:35:23","slug":"mcc-retter-sos-micro","status":"publish","type":"product","link":"https:\/\/swissgliders.ch\/de\/produkt\/mcc-retter-sos-micro\/","title":{"rendered":"MCC SOS Micro"},"content":{"rendered":"<p>Die meisten Retterabg\u00e4nge ereignen sich in Bodenn\u00e4he; jede Sekunde z\u00e4hlt. Die \u00d6ffnung des SOS Micro ist zugleich schnell und zuverl\u00e4ssig.<\/p>\n<h3><b>Kaum geworfen, schon offen<\/b><\/h3>\n<p>Der SOS Micro richtet sich an Piloten, die eine leichte und kompakte Rettung suchen. An diesem High-End Retter von bester Qualit\u00e4t haben wir bis ins kleinste Detail gearbeitet. Das geringe Gewicht und Volumen sind das Ergebnis vieler ausgekl\u00fcgelter Details im Bereich Materialien, Konzeption und Konstruktion.<\/p>\n<h3><b>Ein leichtes, noch besseres Tuch<\/b><\/h3>\n<p>Die Wahl des Tuchs PN9 von Porcher Sport ist sicherlich ein entscheidendes Element. Momentan gibt es kein anderes Tuch am Markt, das gleichzeitig so leicht, reissfest und luftundurchl\u00e4ssig ist, wie das PN9. Durch die Verwendung des luftundurchl\u00e4ssigen, leichten Tuches wird nicht nur Gewicht gespart sondern auch die Zeit bis zur \u00d6ffnung verk\u00fcrzt.<\/p>\n<h3><b>Geh\u00f6rt immer zur Ausr\u00fcstung<\/b><\/h3>\n<p>Mit dem SOS Micro gibt es fast keine Ausrede mehr, ohne Retter zu fliegen. Mit weniger als 1.2 kg in Gr\u00f6sse M (max. Anh\u00e4ngelast 95 kg) kann der SOS Micro auf fast jeden Gipfel mitgenommen werden.<\/p>\n<p>Mehr <a href=\"https:\/\/mccaviation.ch\/secours\/sos-micro\/\" target=\"_blank\" rel=\"noopener noreferrer\">Infos<\/a><\/p>\n<p>Lieferzeit 2-3 Tage<\/p>\n","protected":false},"excerpt":{"rendered":"<p>Die meisten Retterabg\u00e4nge ereignen sich in Bodenn\u00e4he; jede Sekunde z\u00e4hlt. Die \u00d6ffnung des SOS Micro ist zugleich schnell und zuverl\u00e4ssig.<\/p>\n<h3><b>Kaum geworfen, schon offen<\/b><\/h3>\n<p>Der SOS Micro richtet sich an Piloten, die eine leichte und kompakte Rettung suchen. An diesem High-End Retter von bester Qualit\u00e4t haben wir bis ins kleinste Detail gearbeitet. Das geringe Gewicht und Volumen sind das Ergebnis vieler ausgekl\u00fcgelter Details im Bereich Materialien, Konzeption und Konstruktion.<\/p>\n<h3><b>Ein leichtes, noch besseres Tuch<\/b><\/h3>\n<p>Die Wahl des Tuchs PN9 von Porcher Sport ist sicherlich ein entscheidendes Element. Momentan gibt es kein anderes Tuch am Markt, das gleichzeitig so leicht, reissfest und luftundurchl\u00e4ssig ist, wie das PN9. Durch die Verwendung des luftundurchl\u00e4ssigen, leichten Tuches wird nicht nur Gewicht gespart sondern auch die Zeit bis zur \u00d6ffnung verk\u00fcrzt.<\/p>\n<h3><b>Geh\u00f6rt immer zur Ausr\u00fcstung<\/b><\/h3>\n<p>Mit dem SOS Micro gibt es fast keine Ausrede mehr, ohne Retter zu fliegen. Mit weniger als 1.2 kg in Gr\u00f6sse M (max. Anh\u00e4ngelast 95 kg) kann der SOS Micro auf fast jeden Gipfel mitgenommen werden.<\/p>\n<p>Mehr <a href=\"https:\/\/mccaviation.ch\/secours\/sos-micro\/\" target=\"_blank\" rel=\"noopener noreferrer\">Infos<\/a><\/p>\n<p>Lieferzeit 2-3 Tage<\/p>\n","protected":false},"featured_media":4980,"comment_status":"closed","ping_status":"closed","template":"","meta":[],"product_brand":[],"product_cat":[1309],"product_tag":[1310,1311,90],"class_list":{"0":"post-4975","1":"product","2":"type-product","3":"status-publish","4":"has-post-thumbnail","6":"product_cat-gleitschirm-rettungsgeraete","7":"product_tag-notschirm","8":"product_tag-retter","9":"product_tag-verkaufsartikel","10":"product_shipping_class-priority-2kg-de","12":"first","13":"instock","14":"shipping-taxable","15":"purchasable","16":"product-type-variable"},"yoast_head":"<!-- This site is optimized with the Yoast SEO Premium plugin v26.1 (Yoast SEO v27.3) - https:\/\/yoast.com\/product\/yoast-seo-premium-wordpress\/ -->\n<title>MCC SOS Micro | Gleitschirmschule Thun, Bern, Interlaken<\/title>\n<meta name=\"description\" content=\"Der SOS Micro richtet sich an Piloten, die eine leichte und kompakte Rettung suchen.\" \/>\n<meta name=\"robots\" content=\"index, follow, max-snippet:-1, max-image-preview:large, max-video-preview:-1\" \/>\n<link rel=\"canonical\" href=\"https:\/\/swissgliders.ch\/de\/produkt\/mcc-retter-sos-micro\/\" \/>\n<meta property=\"og:locale\" content=\"de_DE\" \/>\n<meta property=\"og:type\" content=\"article\" \/>\n<meta property=\"og:title\" content=\"MCC SOS Micro\" \/>\n<meta property=\"og:description\" content=\"Der SOS Micro richtet sich an Piloten, die eine leichte und kompakte Rettung suchen.\" \/>\n<meta property=\"og:url\" content=\"https:\/\/swissgliders.ch\/de\/produkt\/mcc-retter-sos-micro\/\" \/>\n<meta property=\"og:site_name\" content=\"Gleitschirmschule Thun, Bern, Interlaken\" \/>\n<meta property=\"article:publisher\" content=\"https:\/\/www.facebook.com\/swissgliders\" \/>\n<meta property=\"article:modified_time\" content=\"2023-11-24T16:35:23+00:00\" \/>\n<meta property=\"og:image\" content=\"https:\/\/swissgliders.ch\/wp-content\/uploads\/2020\/05\/sosmicro_1.jpg\" \/>\n\t<meta property=\"og:image:width\" content=\"720\" \/>\n\t<meta property=\"og:image:height\" content=\"405\" \/>\n\t<meta property=\"og:image:type\" content=\"image\/jpeg\" \/>\n<meta name=\"twitter:card\" content=\"summary_large_image\" \/>\n<meta name=\"twitter:site\" content=\"@Swissgliders\" \/>\n<meta name=\"twitter:label1\" content=\"Verf\u00fcgbarkeit\" \/>\n\t<meta name=\"twitter:data1\" content=\"Auf Lager\" \/>\n<script type=\"application\/ld+json\" class=\"yoast-schema-graph\">{\"@context\":\"https:\\\/\\\/schema.org\",\"@graph\":[{\"@type\":\"WebPage\",\"@id\":\"https:\\\/\\\/swissgliders.ch\\\/de\\\/produkt\\\/mcc-retter-sos-micro\\\/\",\"url\":\"https:\\\/\\\/swissgliders.ch\\\/de\\\/produkt\\\/mcc-retter-sos-micro\\\/\",\"name\":\"MCC SOS Micro | Gleitschirmschule Thun, Bern, Interlaken\",\"isPartOf\":{\"@id\":\"https:\\\/\\\/swissgliders.ch\\\/de\\\/#website\"},\"primaryImageOfPage\":{\"@id\":\"https:\\\/\\\/swissgliders.ch\\\/de\\\/produkt\\\/mcc-retter-sos-micro\\\/#primaryimage\"},\"image\":{\"@id\":\"https:\\\/\\\/swissgliders.ch\\\/de\\\/produkt\\\/mcc-retter-sos-micro\\\/#primaryimage\"},\"thumbnailUrl\":\"https:\\\/\\\/swissgliders.ch\\\/wp-content\\\/uploads\\\/2020\\\/05\\\/sosmicro_1.jpg\",\"datePublished\":\"2020-05-02T10:16:32+00:00\",\"dateModified\":\"2023-11-24T16:35:23+00:00\",\"description\":\"Der SOS Micro richtet sich an Piloten, die eine leichte und kompakte Rettung suchen.\",\"breadcrumb\":{\"@id\":\"https:\\\/\\\/swissgliders.ch\\\/de\\\/produkt\\\/mcc-retter-sos-micro\\\/#breadcrumb\"},\"inLanguage\":\"de\",\"potentialAction\":[{\"@type\":\"ReadAction\",\"target\":[\"https:\\\/\\\/swissgliders.ch\\\/de\\\/produkt\\\/mcc-retter-sos-micro\\\/\"]}]},{\"@type\":\"ImageObject\",\"inLanguage\":\"de\",\"@id\":\"https:\\\/\\\/swissgliders.ch\\\/de\\\/produkt\\\/mcc-retter-sos-micro\\\/#primaryimage\",\"url\":\"https:\\\/\\\/swissgliders.ch\\\/wp-content\\\/uploads\\\/2020\\\/05\\\/sosmicro_1.jpg\",\"contentUrl\":\"https:\\\/\\\/swissgliders.ch\\\/wp-content\\\/uploads\\\/2020\\\/05\\\/sosmicro_1.jpg\",\"width\":720,\"height\":405,\"caption\":\"mcc-retter-sos-micro-1\"},{\"@type\":\"BreadcrumbList\",\"@id\":\"https:\\\/\\\/swissgliders.ch\\\/de\\\/produkt\\\/mcc-retter-sos-micro\\\/#breadcrumb\",\"itemListElement\":[{\"@type\":\"ListItem\",\"position\":1,\"name\":\"Startseite\",\"item\":\"https:\\\/\\\/swissgliders.ch\\\/de\\\/willkommen\\\/\"},{\"@type\":\"ListItem\",\"position\":2,\"name\":\"Gleitschirm Shop\",\"item\":\"https:\\\/\\\/swissgliders.ch\\\/de\\\/gleitschirm-shop\\\/\"},{\"@type\":\"ListItem\",\"position\":3,\"name\":\"MCC SOS Micro\"}]},{\"@type\":\"WebSite\",\"@id\":\"https:\\\/\\\/swissgliders.ch\\\/de\\\/#website\",\"url\":\"https:\\\/\\\/swissgliders.ch\\\/de\\\/\",\"name\":\"Gleitschirmschule Thun, Bern, Interlaken\",\"description\":\"Gleitschirmschule Thun, Bern, Interlaken\",\"publisher\":{\"@id\":\"https:\\\/\\\/swissgliders.ch\\\/de\\\/#organization\"},\"potentialAction\":[{\"@type\":\"SearchAction\",\"target\":{\"@type\":\"EntryPoint\",\"urlTemplate\":\"https:\\\/\\\/swissgliders.ch\\\/de\\\/?s={search_term_string}\"},\"query-input\":{\"@type\":\"PropertyValueSpecification\",\"valueRequired\":true,\"valueName\":\"search_term_string\"}}],\"inLanguage\":\"de\"},{\"@type\":\"Organization\",\"@id\":\"https:\\\/\\\/swissgliders.ch\\\/de\\\/#organization\",\"name\":\"Swissgliders Gleitschirmflugschule Thun\",\"url\":\"https:\\\/\\\/swissgliders.ch\\\/de\\\/\",\"logo\":{\"@type\":\"ImageObject\",\"inLanguage\":\"de\",\"@id\":\"https:\\\/\\\/swissgliders.ch\\\/de\\\/#\\\/schema\\\/logo\\\/image\\\/\",\"url\":\"https:\\\/\\\/swissgliders.ch\\\/wp-content\\\/uploads\\\/2019\\\/12\\\/swissgliders-logo-rgb-square-L-no-ch-01.png\",\"contentUrl\":\"https:\\\/\\\/swissgliders.ch\\\/wp-content\\\/uploads\\\/2019\\\/12\\\/swissgliders-logo-rgb-square-L-no-ch-01.png\",\"width\":2500,\"height\":2500,\"caption\":\"Swissgliders Gleitschirmflugschule Thun\"},\"image\":{\"@id\":\"https:\\\/\\\/swissgliders.ch\\\/de\\\/#\\\/schema\\\/logo\\\/image\\\/\"},\"sameAs\":[\"https:\\\/\\\/www.facebook.com\\\/swissgliders\",\"https:\\\/\\\/x.com\\\/Swissgliders\",\"https:\\\/\\\/www.instagram.com\\\/swissgliders\\\/\",\"https:\\\/\\\/www.youtube.com\\\/channel\\\/UCMCtGdepy9vBhrhX3V_oJOA\"],\"hasMerchantReturnPolicy\":{\"@type\":\"MerchantReturnPolicy\",\"merchantReturnLink\":\"https:\\\/\\\/swissgliders.ch\\\/de\\\/allgemeine-geschaftsbedingungen\\\/\"}}]}<\/script>\n<meta property=\"og:availability\" content=\"instock\" \/>\n<meta property=\"product:availability\" content=\"instock\" \/>\n<meta property=\"product:condition\" content=\"new\" \/>\n<!-- \/ Yoast SEO Premium plugin. -->","yoast_head_json":{"title":"MCC SOS Micro | Gleitschirmschule Thun, Bern, Interlaken","description":"Der SOS Micro richtet sich an Piloten, die eine leichte und kompakte Rettung suchen.","robots":{"index":"index","follow":"follow","max-snippet":"max-snippet:-1","max-image-preview":"max-image-preview:large","max-video-preview":"max-video-preview:-1"},"canonical":"https:\/\/swissgliders.ch\/de\/produkt\/mcc-retter-sos-micro\/","og_locale":"de_DE","og_type":"article","og_title":"MCC SOS Micro","og_description":"Der SOS Micro richtet sich an Piloten, die eine leichte und kompakte Rettung suchen.","og_url":"https:\/\/swissgliders.ch\/de\/produkt\/mcc-retter-sos-micro\/","og_site_name":"Gleitschirmschule Thun, Bern, Interlaken","article_publisher":"https:\/\/www.facebook.com\/swissgliders","article_modified_time":"2023-11-24T16:35:23+00:00","og_image":[{"width":720,"height":405,"url":"https:\/\/swissgliders.ch\/wp-content\/uploads\/2020\/05\/sosmicro_1.jpg","type":"image\/jpeg"}],"twitter_card":"summary_large_image","twitter_site":"@Swissgliders","twitter_misc":{"Verf\u00fcgbarkeit":"Auf Lager"},"schema":{"@context":"https:\/\/schema.org","@graph":[{"@type":"WebPage","@id":"https:\/\/swissgliders.ch\/de\/produkt\/mcc-retter-sos-micro\/","url":"https:\/\/swissgliders.ch\/de\/produkt\/mcc-retter-sos-micro\/","name":"MCC SOS Micro | Gleitschirmschule Thun, Bern, Interlaken","isPartOf":{"@id":"https:\/\/swissgliders.ch\/de\/#website"},"primaryImageOfPage":{"@id":"https:\/\/swissgliders.ch\/de\/produkt\/mcc-retter-sos-micro\/#primaryimage"},"image":{"@id":"https:\/\/swissgliders.ch\/de\/produkt\/mcc-retter-sos-micro\/#primaryimage"},"thumbnailUrl":"https:\/\/swissgliders.ch\/wp-content\/uploads\/2020\/05\/sosmicro_1.jpg","datePublished":"2020-05-02T10:16:32+00:00","dateModified":"2023-11-24T16:35:23+00:00","description":"Der SOS Micro richtet sich an Piloten, die eine leichte und kompakte Rettung suchen.","breadcrumb":{"@id":"https:\/\/swissgliders.ch\/de\/produkt\/mcc-retter-sos-micro\/#breadcrumb"},"inLanguage":"de","potentialAction":[{"@type":"ReadAction","target":["https:\/\/swissgliders.ch\/de\/produkt\/mcc-retter-sos-micro\/"]}]},{"@type":"ImageObject","inLanguage":"de","@id":"https:\/\/swissgliders.ch\/de\/produkt\/mcc-retter-sos-micro\/#primaryimage","url":"https:\/\/swissgliders.ch\/wp-content\/uploads\/2020\/05\/sosmicro_1.jpg","contentUrl":"https:\/\/swissgliders.ch\/wp-content\/uploads\/2020\/05\/sosmicro_1.jpg","width":720,"height":405,"caption":"mcc-retter-sos-micro-1"},{"@type":"BreadcrumbList","@id":"https:\/\/swissgliders.ch\/de\/produkt\/mcc-retter-sos-micro\/#breadcrumb","itemListElement":[{"@type":"ListItem","position":1,"name":"Startseite","item":"https:\/\/swissgliders.ch\/de\/willkommen\/"},{"@type":"ListItem","position":2,"name":"Gleitschirm Shop","item":"https:\/\/swissgliders.ch\/de\/gleitschirm-shop\/"},{"@type":"ListItem","position":3,"name":"MCC SOS Micro"}]},{"@type":"WebSite","@id":"https:\/\/swissgliders.ch\/de\/#website","url":"https:\/\/swissgliders.ch\/de\/","name":"Gleitschirmschule Thun, Bern, Interlaken","description":"Gleitschirmschule Thun, Bern, Interlaken","publisher":{"@id":"https:\/\/swissgliders.ch\/de\/#organization"},"potentialAction":[{"@type":"SearchAction","target":{"@type":"EntryPoint","urlTemplate":"https:\/\/swissgliders.ch\/de\/?s={search_term_string}"},"query-input":{"@type":"PropertyValueSpecification","valueRequired":true,"valueName":"search_term_string"}}],"inLanguage":"de"},{"@type":"Organization","@id":"https:\/\/swissgliders.ch\/de\/#organization","name":"Swissgliders Gleitschirmflugschule Thun","url":"https:\/\/swissgliders.ch\/de\/","logo":{"@type":"ImageObject","inLanguage":"de","@id":"https:\/\/swissgliders.ch\/de\/#\/schema\/logo\/image\/","url":"https:\/\/swissgliders.ch\/wp-content\/uploads\/2019\/12\/swissgliders-logo-rgb-square-L-no-ch-01.png","contentUrl":"https:\/\/swissgliders.ch\/wp-content\/uploads\/2019\/12\/swissgliders-logo-rgb-square-L-no-ch-01.png","width":2500,"height":2500,"caption":"Swissgliders Gleitschirmflugschule Thun"},"image":{"@id":"https:\/\/swissgliders.ch\/de\/#\/schema\/logo\/image\/"},"sameAs":["https:\/\/www.facebook.com\/swissgliders","https:\/\/x.com\/Swissgliders","https:\/\/www.instagram.com\/swissgliders\/","https:\/\/www.youtube.com\/channel\/UCMCtGdepy9vBhrhX3V_oJOA"],"hasMerchantReturnPolicy":{"@type":"MerchantReturnPolicy","merchantReturnLink":"https:\/\/swissgliders.ch\/de\/allgemeine-geschaftsbedingungen\/"}}]},"og_availability":"instock","product_availability":"instock","product_condition":"new"},"_links":{"self":[{"href":"https:\/\/swissgliders.ch\/de\/wp-json\/wp\/v2\/product\/4975","targetHints":{"allow":["GET"]}}],"collection":[{"href":"https:\/\/swissgliders.ch\/de\/wp-json\/wp\/v2\/product"}],"about":[{"href":"https:\/\/swissgliders.ch\/de\/wp-json\/wp\/v2\/types\/product"}],"replies":[{"embeddable":true,"href":"https:\/\/swissgliders.ch\/de\/wp-json\/wp\/v2\/comments?post=4975"}],"wp:featuredmedia":[{"embeddable":true,"href":"https:\/\/swissgliders.ch\/de\/wp-json\/wp\/v2\/media\/4980"}],"wp:attachment":[{"href":"https:\/\/swissgliders.ch\/de\/wp-json\/wp\/v2\/media?parent=4975"}],"wp:term":[{"taxonomy":"product_brand","embeddable":true,"href":"https:\/\/swissgliders.ch\/de\/wp-json\/wp\/v2\/product_brand?post=4975"},{"taxonomy":"product_cat","embeddable":true,"href":"https:\/\/swissgliders.ch\/de\/wp-json\/wp\/v2\/product_cat?post=4975"},{"taxonomy":"product_tag","embeddable":true,"href":"https:\/\/swissgliders.ch\/de\/wp-json\/wp\/v2\/product_tag?post=4975"}],"curies":[{"name":"wp","href":"https:\/\/api.w.org\/{rel}","templated":true}]}}