{"id":4987,"date":"2020-05-02T17:41:13","date_gmt":"2020-05-02T16:41:13","guid":{"rendered":"https:\/\/swissgliders.ch\/?post_type=product&#038;p=4987"},"modified":"2023-11-24T17:34:19","modified_gmt":"2023-11-24T16:34:19","slug":"mcc-retter-sos-light","status":"publish","type":"product","link":"https:\/\/swissgliders.ch\/de\/produkt\/mcc-retter-sos-light\/","title":{"rendered":"MCC SOS Light"},"content":{"rendered":"<p>Mit 1.3 kg in Gr\u00f6sse M bietet der SOS Light ein hervorragendes Verh\u00e4ltnis von Qualit\u00e4t, Preis und Gewicht. Die \u00d6ffnung des SOS Light ist sowohl schnell wie auch zuverl\u00e4ssig.<\/p>\n<h3><b>Gutes Preis-Leistungsverh\u00e4ltnis<\/b><\/h3>\n<p>Der SOS Light ist ein robuster Retter hergestellt aus hochwertigen Materialien (Tuch Porcher Sport 9082 &amp; Leinen Cousinn 2411). Er bietet eine hohe Pendelstabilit\u00e4t, unangefochtene Zuverl\u00e4ssigkeit und eine schnelle \u00d6ffnung, die Dank den Leinen aus Nylon 6.6 ged\u00e4mpft wird. Dieser Retter richtet sich an all jene Piloten, die ein gutes Preis-Leistungsverh\u00e4ltnis w\u00fcnschen und dennoch Wert auf das Gewicht ihrer Ausr\u00fcstung legen.<\/p>\n<h3><b>Schutz vor Abn\u00fctzung, abgestimmt auf die Materialien<\/b><\/h3>\n<p>Die Leinen wie auch die Mittelleine sind gespleisst und gen\u00e4ht. Eine Manschette sch\u00fctzt die Verbindungsleine vor UV-Strahlung. Die Schlaufe der Verbindungsleine ist verst\u00e4rkt.<\/p>\n<p>Mehr <a href=\"https:\/\/mccaviation.ch\/de\/notschirme\/sos-light\/\" target=\"_blank\" rel=\"noopener noreferrer\">Infos<\/a><\/p>\n<p>Lieferzeit 2-3 Tage<\/p>\n","protected":false},"excerpt":{"rendered":"<p>Mit 1.3 kg in Gr\u00f6sse M bietet der SOS Light ein hervorragendes Verh\u00e4ltnis von Qualit\u00e4t, Preis und Gewicht. Die \u00d6ffnung des SOS Light ist sowohl schnell wie auch zuverl\u00e4ssig.<\/p>\n<h3><b>Gutes Preis-Leistungsverh\u00e4ltnis<\/b><\/h3>\n<p>Der SOS Light ist ein robuster Retter hergestellt aus hochwertigen Materialien (Tuch Porcher Sport 9082 &amp; Leinen Cousinn 2411). Er bietet eine hohe Pendelstabilit\u00e4t, unangefochtene Zuverl\u00e4ssigkeit und eine schnelle \u00d6ffnung, die Dank den Leinen aus Nylon 6.6 ged\u00e4mpft wird. Dieser Retter richtet sich an all jene Piloten, die ein gutes Preis-Leistungsverh\u00e4ltnis w\u00fcnschen und dennoch Wert auf das Gewicht ihrer Ausr\u00fcstung legen.<\/p>\n<h3><b>Schutz vor Abn\u00fctzung, abgestimmt auf die Materialien<\/b><\/h3>\n<p>Die Leinen wie auch die Mittelleine sind gespleisst und gen\u00e4ht. Eine Manschette sch\u00fctzt die Verbindungsleine vor UV-Strahlung. Die Schlaufe der Verbindungsleine ist verst\u00e4rkt.<\/p>\n<p>Mehr <a href=\"https:\/\/mccaviation.ch\/de\/notschirme\/sos-light\/\" target=\"_blank\" rel=\"noopener noreferrer\">Infos<\/a><\/p>\n<p>Lieferzeit 2-3 Tage<\/p>\n","protected":false},"featured_media":4992,"comment_status":"closed","ping_status":"closed","template":"","meta":[],"product_brand":[],"product_cat":[1309],"product_tag":[1310,1311,90],"class_list":{"0":"post-4987","1":"product","2":"type-product","3":"status-publish","4":"has-post-thumbnail","6":"product_cat-gleitschirm-rettungsgeraete","7":"product_tag-notschirm","8":"product_tag-retter","9":"product_tag-verkaufsartikel","10":"product_shipping_class-priority-2kg-de","12":"first","13":"instock","14":"shipping-taxable","15":"purchasable","16":"product-type-variable"},"yoast_head":"<!-- This site is optimized with the Yoast SEO Premium plugin v26.1 (Yoast SEO v27.3) - https:\/\/yoast.com\/product\/yoast-seo-premium-wordpress\/ -->\n<title>MCC SOS Light | Gleitschirmschule Thun, Bern, Interlaken<\/title>\n<meta name=\"description\" content=\"Mit 1.3 kg in Gr\u00f6sse M bietet der SOS Light ein hervorragendes Verh\u00e4ltnis von Qualit\u00e4t, Preis und Gewicht. Die \u00d6ffnung des SOS Light ist sowohl schnell wie auch zuverl\u00e4ssig.\" \/>\n<meta name=\"robots\" content=\"index, follow, max-snippet:-1, max-image-preview:large, max-video-preview:-1\" \/>\n<link rel=\"canonical\" href=\"https:\/\/swissgliders.ch\/de\/produkt\/mcc-retter-sos-light\/\" \/>\n<meta property=\"og:locale\" content=\"de_DE\" \/>\n<meta property=\"og:type\" content=\"article\" \/>\n<meta property=\"og:title\" content=\"MCC SOS Light\" \/>\n<meta property=\"og:description\" content=\"Mit 1.3 kg in Gr\u00f6sse M bietet der SOS Light ein hervorragendes Verh\u00e4ltnis von Qualit\u00e4t, Preis und Gewicht. Die \u00d6ffnung des SOS Light ist sowohl schnell wie auch zuverl\u00e4ssig.\" \/>\n<meta property=\"og:url\" content=\"https:\/\/swissgliders.ch\/de\/produkt\/mcc-retter-sos-light\/\" \/>\n<meta property=\"og:site_name\" content=\"Gleitschirmschule Thun, Bern, Interlaken\" \/>\n<meta property=\"article:publisher\" content=\"https:\/\/www.facebook.com\/swissgliders\" \/>\n<meta property=\"article:modified_time\" content=\"2023-11-24T16:34:19+00:00\" \/>\n<meta property=\"og:image\" content=\"https:\/\/swissgliders.ch\/wp-content\/uploads\/2020\/05\/soslight_2.jpg\" \/>\n\t<meta property=\"og:image:width\" content=\"720\" \/>\n\t<meta property=\"og:image:height\" content=\"405\" \/>\n\t<meta property=\"og:image:type\" content=\"image\/jpeg\" \/>\n<meta name=\"twitter:card\" content=\"summary_large_image\" \/>\n<meta name=\"twitter:site\" content=\"@Swissgliders\" \/>\n<meta name=\"twitter:label1\" content=\"Verf\u00fcgbarkeit\" \/>\n\t<meta name=\"twitter:data1\" content=\"Auf Lager\" \/>\n<script type=\"application\/ld+json\" class=\"yoast-schema-graph\">{\"@context\":\"https:\\\/\\\/schema.org\",\"@graph\":[{\"@type\":\"WebPage\",\"@id\":\"https:\\\/\\\/swissgliders.ch\\\/de\\\/produkt\\\/mcc-retter-sos-light\\\/\",\"url\":\"https:\\\/\\\/swissgliders.ch\\\/de\\\/produkt\\\/mcc-retter-sos-light\\\/\",\"name\":\"MCC SOS Light | Gleitschirmschule Thun, Bern, Interlaken\",\"isPartOf\":{\"@id\":\"https:\\\/\\\/swissgliders.ch\\\/de\\\/#website\"},\"primaryImageOfPage\":{\"@id\":\"https:\\\/\\\/swissgliders.ch\\\/de\\\/produkt\\\/mcc-retter-sos-light\\\/#primaryimage\"},\"image\":{\"@id\":\"https:\\\/\\\/swissgliders.ch\\\/de\\\/produkt\\\/mcc-retter-sos-light\\\/#primaryimage\"},\"thumbnailUrl\":\"https:\\\/\\\/swissgliders.ch\\\/wp-content\\\/uploads\\\/2020\\\/05\\\/soslight_2.jpg\",\"datePublished\":\"2020-05-02T16:41:13+00:00\",\"dateModified\":\"2023-11-24T16:34:19+00:00\",\"description\":\"Mit 1.3 kg in Gr\u00f6sse M bietet der SOS Light ein hervorragendes Verh\u00e4ltnis von Qualit\u00e4t, Preis und Gewicht. Die \u00d6ffnung des SOS Light ist sowohl schnell wie auch zuverl\u00e4ssig.\",\"breadcrumb\":{\"@id\":\"https:\\\/\\\/swissgliders.ch\\\/de\\\/produkt\\\/mcc-retter-sos-light\\\/#breadcrumb\"},\"inLanguage\":\"de\",\"potentialAction\":[{\"@type\":\"ReadAction\",\"target\":[\"https:\\\/\\\/swissgliders.ch\\\/de\\\/produkt\\\/mcc-retter-sos-light\\\/\"]}]},{\"@type\":\"ImageObject\",\"inLanguage\":\"de\",\"@id\":\"https:\\\/\\\/swissgliders.ch\\\/de\\\/produkt\\\/mcc-retter-sos-light\\\/#primaryimage\",\"url\":\"https:\\\/\\\/swissgliders.ch\\\/wp-content\\\/uploads\\\/2020\\\/05\\\/soslight_2.jpg\",\"contentUrl\":\"https:\\\/\\\/swissgliders.ch\\\/wp-content\\\/uploads\\\/2020\\\/05\\\/soslight_2.jpg\",\"width\":720,\"height\":405,\"caption\":\"mcc-retter-sos-light-2\"},{\"@type\":\"BreadcrumbList\",\"@id\":\"https:\\\/\\\/swissgliders.ch\\\/de\\\/produkt\\\/mcc-retter-sos-light\\\/#breadcrumb\",\"itemListElement\":[{\"@type\":\"ListItem\",\"position\":1,\"name\":\"Startseite\",\"item\":\"https:\\\/\\\/swissgliders.ch\\\/de\\\/willkommen\\\/\"},{\"@type\":\"ListItem\",\"position\":2,\"name\":\"Gleitschirm Shop\",\"item\":\"https:\\\/\\\/swissgliders.ch\\\/de\\\/gleitschirm-shop\\\/\"},{\"@type\":\"ListItem\",\"position\":3,\"name\":\"MCC SOS Light\"}]},{\"@type\":\"WebSite\",\"@id\":\"https:\\\/\\\/swissgliders.ch\\\/de\\\/#website\",\"url\":\"https:\\\/\\\/swissgliders.ch\\\/de\\\/\",\"name\":\"Gleitschirmschule Thun, Bern, Interlaken\",\"description\":\"Gleitschirmschule Thun, Bern, Interlaken\",\"publisher\":{\"@id\":\"https:\\\/\\\/swissgliders.ch\\\/de\\\/#organization\"},\"potentialAction\":[{\"@type\":\"SearchAction\",\"target\":{\"@type\":\"EntryPoint\",\"urlTemplate\":\"https:\\\/\\\/swissgliders.ch\\\/de\\\/?s={search_term_string}\"},\"query-input\":{\"@type\":\"PropertyValueSpecification\",\"valueRequired\":true,\"valueName\":\"search_term_string\"}}],\"inLanguage\":\"de\"},{\"@type\":\"Organization\",\"@id\":\"https:\\\/\\\/swissgliders.ch\\\/de\\\/#organization\",\"name\":\"Swissgliders Gleitschirmflugschule Thun\",\"url\":\"https:\\\/\\\/swissgliders.ch\\\/de\\\/\",\"logo\":{\"@type\":\"ImageObject\",\"inLanguage\":\"de\",\"@id\":\"https:\\\/\\\/swissgliders.ch\\\/de\\\/#\\\/schema\\\/logo\\\/image\\\/\",\"url\":\"https:\\\/\\\/swissgliders.ch\\\/wp-content\\\/uploads\\\/2019\\\/12\\\/swissgliders-logo-rgb-square-L-no-ch-01.png\",\"contentUrl\":\"https:\\\/\\\/swissgliders.ch\\\/wp-content\\\/uploads\\\/2019\\\/12\\\/swissgliders-logo-rgb-square-L-no-ch-01.png\",\"width\":2500,\"height\":2500,\"caption\":\"Swissgliders Gleitschirmflugschule Thun\"},\"image\":{\"@id\":\"https:\\\/\\\/swissgliders.ch\\\/de\\\/#\\\/schema\\\/logo\\\/image\\\/\"},\"sameAs\":[\"https:\\\/\\\/www.facebook.com\\\/swissgliders\",\"https:\\\/\\\/x.com\\\/Swissgliders\",\"https:\\\/\\\/www.instagram.com\\\/swissgliders\\\/\",\"https:\\\/\\\/www.youtube.com\\\/channel\\\/UCMCtGdepy9vBhrhX3V_oJOA\"],\"hasMerchantReturnPolicy\":{\"@type\":\"MerchantReturnPolicy\",\"merchantReturnLink\":\"https:\\\/\\\/swissgliders.ch\\\/de\\\/allgemeine-geschaftsbedingungen\\\/\"}}]}<\/script>\n<meta property=\"og:availability\" content=\"instock\" \/>\n<meta property=\"product:availability\" content=\"instock\" \/>\n<meta property=\"product:condition\" content=\"new\" \/>\n<!-- \/ Yoast SEO Premium plugin. -->","yoast_head_json":{"title":"MCC SOS Light | Gleitschirmschule Thun, Bern, Interlaken","description":"Mit 1.3 kg in Gr\u00f6sse M bietet der SOS Light ein hervorragendes Verh\u00e4ltnis von Qualit\u00e4t, Preis und Gewicht. Die \u00d6ffnung des SOS Light ist sowohl schnell wie auch zuverl\u00e4ssig.","robots":{"index":"index","follow":"follow","max-snippet":"max-snippet:-1","max-image-preview":"max-image-preview:large","max-video-preview":"max-video-preview:-1"},"canonical":"https:\/\/swissgliders.ch\/de\/produkt\/mcc-retter-sos-light\/","og_locale":"de_DE","og_type":"article","og_title":"MCC SOS Light","og_description":"Mit 1.3 kg in Gr\u00f6sse M bietet der SOS Light ein hervorragendes Verh\u00e4ltnis von Qualit\u00e4t, Preis und Gewicht. Die \u00d6ffnung des SOS Light ist sowohl schnell wie auch zuverl\u00e4ssig.","og_url":"https:\/\/swissgliders.ch\/de\/produkt\/mcc-retter-sos-light\/","og_site_name":"Gleitschirmschule Thun, Bern, Interlaken","article_publisher":"https:\/\/www.facebook.com\/swissgliders","article_modified_time":"2023-11-24T16:34:19+00:00","og_image":[{"width":720,"height":405,"url":"https:\/\/swissgliders.ch\/wp-content\/uploads\/2020\/05\/soslight_2.jpg","type":"image\/jpeg"}],"twitter_card":"summary_large_image","twitter_site":"@Swissgliders","twitter_misc":{"Verf\u00fcgbarkeit":"Auf Lager"},"schema":{"@context":"https:\/\/schema.org","@graph":[{"@type":"WebPage","@id":"https:\/\/swissgliders.ch\/de\/produkt\/mcc-retter-sos-light\/","url":"https:\/\/swissgliders.ch\/de\/produkt\/mcc-retter-sos-light\/","name":"MCC SOS Light | Gleitschirmschule Thun, Bern, Interlaken","isPartOf":{"@id":"https:\/\/swissgliders.ch\/de\/#website"},"primaryImageOfPage":{"@id":"https:\/\/swissgliders.ch\/de\/produkt\/mcc-retter-sos-light\/#primaryimage"},"image":{"@id":"https:\/\/swissgliders.ch\/de\/produkt\/mcc-retter-sos-light\/#primaryimage"},"thumbnailUrl":"https:\/\/swissgliders.ch\/wp-content\/uploads\/2020\/05\/soslight_2.jpg","datePublished":"2020-05-02T16:41:13+00:00","dateModified":"2023-11-24T16:34:19+00:00","description":"Mit 1.3 kg in Gr\u00f6sse M bietet der SOS Light ein hervorragendes Verh\u00e4ltnis von Qualit\u00e4t, Preis und Gewicht. Die \u00d6ffnung des SOS Light ist sowohl schnell wie auch zuverl\u00e4ssig.","breadcrumb":{"@id":"https:\/\/swissgliders.ch\/de\/produkt\/mcc-retter-sos-light\/#breadcrumb"},"inLanguage":"de","potentialAction":[{"@type":"ReadAction","target":["https:\/\/swissgliders.ch\/de\/produkt\/mcc-retter-sos-light\/"]}]},{"@type":"ImageObject","inLanguage":"de","@id":"https:\/\/swissgliders.ch\/de\/produkt\/mcc-retter-sos-light\/#primaryimage","url":"https:\/\/swissgliders.ch\/wp-content\/uploads\/2020\/05\/soslight_2.jpg","contentUrl":"https:\/\/swissgliders.ch\/wp-content\/uploads\/2020\/05\/soslight_2.jpg","width":720,"height":405,"caption":"mcc-retter-sos-light-2"},{"@type":"BreadcrumbList","@id":"https:\/\/swissgliders.ch\/de\/produkt\/mcc-retter-sos-light\/#breadcrumb","itemListElement":[{"@type":"ListItem","position":1,"name":"Startseite","item":"https:\/\/swissgliders.ch\/de\/willkommen\/"},{"@type":"ListItem","position":2,"name":"Gleitschirm Shop","item":"https:\/\/swissgliders.ch\/de\/gleitschirm-shop\/"},{"@type":"ListItem","position":3,"name":"MCC SOS Light"}]},{"@type":"WebSite","@id":"https:\/\/swissgliders.ch\/de\/#website","url":"https:\/\/swissgliders.ch\/de\/","name":"Gleitschirmschule Thun, Bern, Interlaken","description":"Gleitschirmschule Thun, Bern, Interlaken","publisher":{"@id":"https:\/\/swissgliders.ch\/de\/#organization"},"potentialAction":[{"@type":"SearchAction","target":{"@type":"EntryPoint","urlTemplate":"https:\/\/swissgliders.ch\/de\/?s={search_term_string}"},"query-input":{"@type":"PropertyValueSpecification","valueRequired":true,"valueName":"search_term_string"}}],"inLanguage":"de"},{"@type":"Organization","@id":"https:\/\/swissgliders.ch\/de\/#organization","name":"Swissgliders Gleitschirmflugschule Thun","url":"https:\/\/swissgliders.ch\/de\/","logo":{"@type":"ImageObject","inLanguage":"de","@id":"https:\/\/swissgliders.ch\/de\/#\/schema\/logo\/image\/","url":"https:\/\/swissgliders.ch\/wp-content\/uploads\/2019\/12\/swissgliders-logo-rgb-square-L-no-ch-01.png","contentUrl":"https:\/\/swissgliders.ch\/wp-content\/uploads\/2019\/12\/swissgliders-logo-rgb-square-L-no-ch-01.png","width":2500,"height":2500,"caption":"Swissgliders Gleitschirmflugschule Thun"},"image":{"@id":"https:\/\/swissgliders.ch\/de\/#\/schema\/logo\/image\/"},"sameAs":["https:\/\/www.facebook.com\/swissgliders","https:\/\/x.com\/Swissgliders","https:\/\/www.instagram.com\/swissgliders\/","https:\/\/www.youtube.com\/channel\/UCMCtGdepy9vBhrhX3V_oJOA"],"hasMerchantReturnPolicy":{"@type":"MerchantReturnPolicy","merchantReturnLink":"https:\/\/swissgliders.ch\/de\/allgemeine-geschaftsbedingungen\/"}}]},"og_availability":"instock","product_availability":"instock","product_condition":"new"},"_links":{"self":[{"href":"https:\/\/swissgliders.ch\/de\/wp-json\/wp\/v2\/product\/4987","targetHints":{"allow":["GET"]}}],"collection":[{"href":"https:\/\/swissgliders.ch\/de\/wp-json\/wp\/v2\/product"}],"about":[{"href":"https:\/\/swissgliders.ch\/de\/wp-json\/wp\/v2\/types\/product"}],"replies":[{"embeddable":true,"href":"https:\/\/swissgliders.ch\/de\/wp-json\/wp\/v2\/comments?post=4987"}],"wp:featuredmedia":[{"embeddable":true,"href":"https:\/\/swissgliders.ch\/de\/wp-json\/wp\/v2\/media\/4992"}],"wp:attachment":[{"href":"https:\/\/swissgliders.ch\/de\/wp-json\/wp\/v2\/media?parent=4987"}],"wp:term":[{"taxonomy":"product_brand","embeddable":true,"href":"https:\/\/swissgliders.ch\/de\/wp-json\/wp\/v2\/product_brand?post=4987"},{"taxonomy":"product_cat","embeddable":true,"href":"https:\/\/swissgliders.ch\/de\/wp-json\/wp\/v2\/product_cat?post=4987"},{"taxonomy":"product_tag","embeddable":true,"href":"https:\/\/swissgliders.ch\/de\/wp-json\/wp\/v2\/product_tag?post=4987"}],"curies":[{"name":"wp","href":"https:\/\/api.w.org\/{rel}","templated":true}]}}