{"id":5142,"date":"2020-06-17T20:52:59","date_gmt":"2020-06-17T19:52:59","guid":{"rendered":"https:\/\/swissgliders.ch\/?post_type=product&#038;p=5142"},"modified":"2024-08-22T15:07:32","modified_gmt":"2024-08-22T14:07:32","slug":"air-design-soar-2-en-b","status":"publish","type":"product","link":"https:\/\/swissgliders.ch\/de\/produkt\/air-design-soar-2-en-b\/","title":{"rendered":"AirDesign Soar 2 EN-B"},"content":{"rendered":"<div class=\"et_pb_row et_pb_row_1\">\n<div class=\"et_pb_column et_pb_column_4_4 et_pb_column_1 et_pb_css_mix_blend_mode_passthrough et-last-child\">\n<div class=\"et_pb_module et_pb_text et_pb_text_0 et_pb_text_align_left et_pb_bg_layout_light\">\n<div class=\"et_pb_text_inner\">\n<h3>Soar 2 \u2013 #cloudhopper<\/h3>\n<\/div>\n<\/div>\n<\/div>\n<\/div>\n<div class=\"et_pb_row et_pb_row_2 et_pb_row_3-4_1-4\">\n<div class=\"et_pb_column et_pb_column_3_4 et_pb_column_2 et_pb_css_mix_blend_mode_passthrough\">\n<div class=\"et_pb_module et_pb_text et_pb_text_1 et_pb_text_align_left et_pb_bg_layout_light\">\n<div class=\"et_pb_text_inner\">\n<h4>Sie wartete bis er neben ihr, nahe des Gipfels, gelandet war.<\/h4>\n<\/div>\n<\/div>\n<div class=\"et_pb_module et_pb_text et_pb_text_2 et_pb_text_align_left et_pb_bg_layout_light et_had_animation\">\n<div class=\"et_pb_text_inner\">\n<p>Sobald sein Fu\u00df den Boden ber\u00fchrte, h\u00f6rte sie, wie er laut zu lachen began.<br \/>\n\u201eDu hast Gl\u00fcck, dass ich bei dir gelandet bin, denn ich bin derjenige mit dem Kocher!\u201c<br \/>\n\u201eDu meinst, wie gl\u00fccklich\u00a0<em>wir<\/em>\u00a0sind! Ich bin schlussendlich diejenige, mit dem Zelt!\u201c<br \/>\nIhr erstes vol-biv. Mit dem Soar 2.<\/p>\n<p><strong>Soar 2 \u2013 Rising superlight<\/strong><\/p>\n<p>Das Leben ist bereits ein Abenteuer und der Soar 2 macht es noch sch\u00f6ner. Also, schnapp dir deine Freiheit und trage leicht!<\/p>\n<p><img loading=\"lazy\" decoding=\"async\" class=\"\" src=\"https:\/\/ad-gliders.com\/wp-content\/uploads\/2024\/04\/Logo-Soar2-coul.png\" width=\"372\" height=\"301\" \/><\/p>\n<div id=\"wieersichfliegt\" class=\"et_pb_module et_pb_text et_pb_text_3 et_pb_text_align_left et_pb_bg_layout_light et_had_animation\">\n<div class=\"et_pb_text_inner\">\n<p><em>Und was sagt der Designer?<\/em><\/p>\n<\/div>\n<\/div>\n<div class=\"et_pb_testimonial_description\">\n<div class=\"et_pb_testimonial_description_inner\">\n<div class=\"et_pb_testimonial_content\"><em>Der erste Soar #cloudhopper hat so viele Piloten und Pilotinnen gl\u00fccklich gemacht, dass sein Nachfolger in gro\u00dfe Fu\u00dfstapfen treten musste. Durch die Anwendung neuer Tricks (2.5 Liner, neues Profil, zwei Paar Winglets\u2026) und die Beibehaltung seiner urspr\u00fcnglichen DNA ist es uns gelungen, einen Schirm zu entwickeln, der die Erwartungen der meisten Pilotinnen und Piloten heutzutage erf\u00fcllt: superleichtes (auf)steigen und mit einem breiten L\u00e4cheln landen.<\/em><\/div>\n<\/div>\n<\/div>\n<div class=\"et_pb_module et_pb_text et_pb_text_4 et_pb_text_align_left et_pb_bg_layout_light\">\n<div class=\"et_pb_text_inner\">\n<p>Stephan Stiegler<br \/>\nDesigner<\/p>\n<p>&nbsp;<\/p>\n<div id=\"konstruktionundfeatures\" class=\"et_pb_module et_pb_text et_pb_text_5 et_pb_text_align_left et_pb_bg_layout_light et_had_animation\">\n<div class=\"et_pb_text_inner\">\n<h4>Konstruktion &amp; Features<\/h4>\n<\/div>\n<\/div>\n<div class=\"et_pb_module et_pb_divider et_pb_divider_1 et_pb_divider_position_ et_pb_space et_had_animation\">\n<ul>\n<li>Neue Nose Guard Patches (eine Verst\u00e4rkung gegen Durchscheuern an der Nase): Es muss robust sein!<\/li>\n<\/ul>\n<\/div>\n<div class=\"et_pb_with_border et_pb_module et_pb_blurb et_pb_blurb_1 et_pb_text_align_left et_pb_blurb_position_left et_pb_bg_layout_light\">\n<div class=\"et_pb_blurb_content\">\n<ul>\n<li class=\"et_pb_main_blurb_image\">Hybrid-2,5-Leiner-Konstruktion: drei Leinenebenen in der Mitte, zwei Ebenen an den Fl\u00fcgelspitzen. Dadurch werden Leinen eingespart und der Luftwiderstand reduziert, wodurch sich die Leistung beim beschleunigten Fliegen erheblich erh\u00f6ht.<\/li>\n<\/ul>\n<\/div>\n<\/div>\n<div class=\"et_pb_with_border et_pb_module et_pb_blurb et_pb_blurb_2 et_pb_text_align_left et_pb_blurb_position_left et_pb_bg_layout_light\">\n<div class=\"et_pb_blurb_content\">\n<ul>\n<li class=\"et_pb_main_blurb_image\">Ober- und Untersegel aus doppelt beschichtetem Dominico DOKDO-10DSF: strapazierf\u00e4hige Superlight-Konstruktion<\/li>\n<\/ul>\n<\/div>\n<\/div>\n<div class=\"et_pb_with_border et_pb_module et_pb_blurb et_pb_blurb_3 et_pb_text_align_left et_pb_blurb_position_left et_pb_bg_layout_light\">\n<div class=\"et_pb_blurb_content\">\n<ul>\n<li class=\"et_pb_main_blurb_image\">Einsatz von Nitinol-St\u00e4bchen, um Gewicht zu sparen und kompaktes Packen zu gew\u00e4hrleisten<\/li>\n<\/ul>\n<\/div>\n<\/div>\n<div class=\"et_pb_with_border et_pb_module et_pb_blurb et_pb_blurb_4 et_pb_text_align_left et_pb_blurb_position_left et_pb_bg_layout_light\">\n<div class=\"et_pb_blurb_content\">\n<ul>\n<li class=\"et_pb_main_blurb_image\">Die Kombination von Winglets an den Stabilos mit Winglets an der Oberseite des Schirms bieten das beste Leistungs-\/Zug\u00e4nglichkeits-Verh\u00e4ltnis<\/li>\n<\/ul>\n<div id=\"technischedatenund\" class=\"et_pb_module et_pb_text et_pb_text_6 et_pb_text_align_left et_pb_bg_layout_light et_had_animation\">\n<div class=\"et_pb_text_inner\">\n<p>&nbsp;<\/p>\n<h4>Technische Daten<\/h4>\n<\/div>\n<\/div>\n<div class=\"et_pb_module et_pb_text et_pb_text_7 et_pb_text_align_left et_pb_bg_layout_light et_had_animation\">\n<div class=\"et_pb_text_inner\">\n<p>Der Soar 2 ist die Inkarnation der Freiheit beim Gleitschirmfliegen. Er ist leicht, leistungsstark und robust \u2013 der perfekte Begleiter f\u00fcr alle deine Abenteuer: von deinem Hausberg bis zu deinen weitesten Reisen. H\u00f6r auf zu quatschen, schnapp dir deine Freiheit und flieg los!<\/p>\n<\/div>\n<\/div>\n<p>&nbsp;<\/p>\n<p>Mehr<a href=\"https:\/\/ad-gliders.com\/project\/soar-2-cloudhopper\/\" target=\"_blank\" rel=\"noopener noreferrer\"> Infos<\/a><\/p>\n<\/div>\n<\/div>\n<\/div>\n<\/div>\n<\/div>\n<p>Falls dieser Artikel nicht an Lager ist, wird er f\u00fcr dich bestellt. Lieferfrist auf Anfrage.<\/p>\n<\/div>\n<\/div>\n<\/div>\n","protected":false},"excerpt":{"rendered":"<div class=\"et_pb_row et_pb_row_1\">\n<div class=\"et_pb_column et_pb_column_4_4 et_pb_column_1 et_pb_css_mix_blend_mode_passthrough et-last-child\">\n<div class=\"et_pb_module et_pb_text et_pb_text_0 et_pb_text_align_left et_pb_bg_layout_light\">\n<div class=\"et_pb_text_inner\">\n<h3>Soar 2 \u2013 #cloudhopper<\/h3>\n<\/div>\n<\/div>\n<\/div>\n<\/div>\n<div class=\"et_pb_row et_pb_row_2 et_pb_row_3-4_1-4\">\n<div class=\"et_pb_column et_pb_column_3_4 et_pb_column_2 et_pb_css_mix_blend_mode_passthrough\">\n<div class=\"et_pb_module et_pb_text et_pb_text_1 et_pb_text_align_left et_pb_bg_layout_light\">\n<div class=\"et_pb_text_inner\">\n<h4>Sie wartete bis er neben ihr, nahe des Gipfels, gelandet war.<\/h4>\n<\/div>\n<\/div>\n<div class=\"et_pb_module et_pb_text et_pb_text_2 et_pb_text_align_left et_pb_bg_layout_light et_had_animation\">\n<div class=\"et_pb_text_inner\">\n<p>Sobald sein Fu\u00df den Boden ber\u00fchrte, h\u00f6rte sie, wie er laut zu lachen began.<br \/>\n\u201eDu hast Gl\u00fcck, dass ich bei dir gelandet bin, denn ich bin derjenige mit dem Kocher!\u201c<br \/>\n\u201eDu meinst, wie gl\u00fccklich\u00a0<em>wir<\/em>\u00a0sind! Ich bin schlussendlich diejenige, mit dem Zelt!\u201c<br \/>\nIhr erstes vol-biv. Mit dem Soar 2.<\/p>\n<p><strong>Soar 2 \u2013 Rising superlight<\/strong><\/p>\n<p>Das Leben ist bereits ein Abenteuer und der Soar 2 macht es noch sch\u00f6ner. Also, schnapp dir deine Freiheit und trage leicht!<\/p>\n<p><img loading=\"lazy\" decoding=\"async\" class=\"\" src=\"https:\/\/ad-gliders.com\/wp-content\/uploads\/2024\/04\/Logo-Soar2-coul.png\" width=\"372\" height=\"301\" \/><\/p>\n<div id=\"wieersichfliegt\" class=\"et_pb_module et_pb_text et_pb_text_3 et_pb_text_align_left et_pb_bg_layout_light et_had_animation\">\n<div class=\"et_pb_text_inner\">\n<p><em>Und was sagt der Designer?<\/em><\/p>\n<\/div>\n<\/div>\n<div class=\"et_pb_testimonial_description\">\n<div class=\"et_pb_testimonial_description_inner\">\n<div class=\"et_pb_testimonial_content\"><em>Der erste Soar #cloudhopper hat so viele Piloten und Pilotinnen gl\u00fccklich gemacht, dass sein Nachfolger in gro\u00dfe Fu\u00dfstapfen treten musste. Durch die Anwendung neuer Tricks (2.5 Liner, neues Profil, zwei Paar Winglets\u2026) und die Beibehaltung seiner urspr\u00fcnglichen DNA ist es uns gelungen, einen Schirm zu entwickeln, der die Erwartungen der meisten Pilotinnen und Piloten heutzutage erf\u00fcllt: superleichtes (auf)steigen und mit einem breiten L\u00e4cheln landen.<\/em><\/div>\n<\/div>\n<\/div>\n<div class=\"et_pb_module et_pb_text et_pb_text_4 et_pb_text_align_left et_pb_bg_layout_light\">\n<div class=\"et_pb_text_inner\">\n<p>Stephan Stiegler<br \/>\nDesigner<\/p>\n<p>&nbsp;<\/p>\n<div id=\"konstruktionundfeatures\" class=\"et_pb_module et_pb_text et_pb_text_5 et_pb_text_align_left et_pb_bg_layout_light et_had_animation\">\n<div class=\"et_pb_text_inner\">\n<h4>Konstruktion &amp; Features<\/h4>\n<\/div>\n<\/div>\n<div class=\"et_pb_module et_pb_divider et_pb_divider_1 et_pb_divider_position_ et_pb_space et_had_animation\">\n<ul>\n<li>Neue Nose Guard Patches (eine Verst\u00e4rkung gegen Durchscheuern an der Nase): Es muss robust sein!<\/li>\n<\/ul>\n<\/div>\n<div class=\"et_pb_with_border et_pb_module et_pb_blurb et_pb_blurb_1 et_pb_text_align_left et_pb_blurb_position_left et_pb_bg_layout_light\">\n<div class=\"et_pb_blurb_content\">\n<ul>\n<li class=\"et_pb_main_blurb_image\">Hybrid-2,5-Leiner-Konstruktion: drei Leinenebenen in der Mitte, zwei Ebenen an den Fl\u00fcgelspitzen. Dadurch werden Leinen eingespart und der Luftwiderstand reduziert, wodurch sich die Leistung beim beschleunigten Fliegen erheblich erh\u00f6ht.<\/li>\n<\/ul>\n<\/div>\n<\/div>\n<div class=\"et_pb_with_border et_pb_module et_pb_blurb et_pb_blurb_2 et_pb_text_align_left et_pb_blurb_position_left et_pb_bg_layout_light\">\n<div class=\"et_pb_blurb_content\">\n<ul>\n<li class=\"et_pb_main_blurb_image\">Ober- und Untersegel aus doppelt beschichtetem Dominico DOKDO-10DSF: strapazierf\u00e4hige Superlight-Konstruktion<\/li>\n<\/ul>\n<\/div>\n<\/div>\n<div class=\"et_pb_with_border et_pb_module et_pb_blurb et_pb_blurb_3 et_pb_text_align_left et_pb_blurb_position_left et_pb_bg_layout_light\">\n<div class=\"et_pb_blurb_content\">\n<ul>\n<li class=\"et_pb_main_blurb_image\">Einsatz von Nitinol-St\u00e4bchen, um Gewicht zu sparen und kompaktes Packen zu gew\u00e4hrleisten<\/li>\n<\/ul>\n<\/div>\n<\/div>\n<div class=\"et_pb_with_border et_pb_module et_pb_blurb et_pb_blurb_4 et_pb_text_align_left et_pb_blurb_position_left et_pb_bg_layout_light\">\n<div class=\"et_pb_blurb_content\">\n<ul>\n<li class=\"et_pb_main_blurb_image\">Die Kombination von Winglets an den Stabilos mit Winglets an der Oberseite des Schirms bieten das beste Leistungs-\/Zug\u00e4nglichkeits-Verh\u00e4ltnis<\/li>\n<\/ul>\n<div id=\"technischedatenund\" class=\"et_pb_module et_pb_text et_pb_text_6 et_pb_text_align_left et_pb_bg_layout_light et_had_animation\">\n<div class=\"et_pb_text_inner\">\n<p>&nbsp;<\/p>\n<h4>Technische Daten<\/h4>\n<\/div>\n<\/div>\n<div class=\"et_pb_module et_pb_text et_pb_text_7 et_pb_text_align_left et_pb_bg_layout_light et_had_animation\">\n<div class=\"et_pb_text_inner\">\n<p>Der Soar 2 ist die Inkarnation der Freiheit beim Gleitschirmfliegen. Er ist leicht, leistungsstark und robust \u2013 der perfekte Begleiter f\u00fcr alle deine Abenteuer: von deinem Hausberg bis zu deinen weitesten Reisen. H\u00f6r auf zu quatschen, schnapp dir deine Freiheit und flieg los!<\/p>\n<\/div>\n<\/div>\n<p>&nbsp;<\/p>\n<p>Mehr<a href=\"https:\/\/ad-gliders.com\/project\/soar-2-cloudhopper\/\" target=\"_blank\" rel=\"noopener noreferrer\"> Infos<\/a><\/p>\n<\/div>\n<\/div>\n<\/div>\n<\/div>\n<\/div>\n<p>Falls dieser Artikel nicht an Lager ist, wird er f\u00fcr dich bestellt. Lieferfrist auf Anfrage.<\/p>\n<\/div>\n<\/div>\n<\/div>\n","protected":false},"featured_media":13154,"comment_status":"closed","ping_status":"closed","template":"","meta":[],"product_brand":[],"product_cat":[86,1293],"product_tag":[917,1295],"class_list":{"0":"post-5142","1":"product","2":"type-product","3":"status-publish","4":"has-post-thumbnail","6":"product_cat-gleitschirme","7":"product_cat-leichte-gleitschirme","8":"product_tag-gleitschirm","9":"product_tag-leichtschirm","11":"first","12":"instock","13":"sale","14":"shipping-taxable","15":"purchasable","16":"product-type-variable"},"yoast_head":"<!-- This site is optimized with the Yoast SEO Premium plugin v26.1 (Yoast SEO v27.3) - https:\/\/yoast.com\/product\/yoast-seo-premium-wordpress\/ -->\n<title>AirDesign Soar 2 EN-B | Gleitschirmschule Thun, Bern, Interlaken<\/title>\n<meta name=\"description\" content=\"AirDesign Soar 2 EN-B superleicht mit Abenteuer Der erste Soar #cloudhopper hat so viele Piloten und Pilotinnen gl\u00fccklich gemacht, dass sein Nachfolger in gro\u00dfe Fu\u00dfstapfen treten musste. Durch die Anwendung neuer Tricks (2.5 Liner, neues Profil, zwei Paar Winglets\u2026) und die Beibehaltung seiner urspr\u00fcnglichen DNA ist es uns gelungen, einen Schirm zu entwickeln, der die Erwartungen der meisten Pilotinnen und Piloten heutzutage erf\u00fcllt: superleichtes (auf)steigen und mit einem breiten L\u00e4cheln landen.\" \/>\n<meta name=\"robots\" content=\"index, follow, max-snippet:-1, max-image-preview:large, max-video-preview:-1\" \/>\n<link rel=\"canonical\" href=\"https:\/\/swissgliders.ch\/de\/produkt\/air-design-soar-2-en-b\/\" \/>\n<meta property=\"og:locale\" content=\"de_DE\" \/>\n<meta property=\"og:type\" content=\"article\" \/>\n<meta property=\"og:title\" content=\"AirDesign Soar 2 EN-B\" \/>\n<meta property=\"og:description\" content=\"AirDesign Soar 2 EN-B superleicht mit Abenteuer Der erste Soar #cloudhopper hat so viele Piloten und Pilotinnen gl\u00fccklich gemacht, dass sein Nachfolger in gro\u00dfe Fu\u00dfstapfen treten musste. Durch die Anwendung neuer Tricks (2.5 Liner, neues Profil, zwei Paar Winglets\u2026) und die Beibehaltung seiner urspr\u00fcnglichen DNA ist es uns gelungen, einen Schirm zu entwickeln, der die Erwartungen der meisten Pilotinnen und Piloten heutzutage erf\u00fcllt: superleichtes (auf)steigen und mit einem breiten L\u00e4cheln landen.\" \/>\n<meta property=\"og:url\" content=\"https:\/\/swissgliders.ch\/de\/produkt\/air-design-soar-2-en-b\/\" \/>\n<meta property=\"og:site_name\" content=\"Gleitschirmschule Thun, Bern, Interlaken\" \/>\n<meta property=\"article:publisher\" content=\"https:\/\/www.facebook.com\/swissgliders\" \/>\n<meta property=\"article:modified_time\" content=\"2024-08-22T14:07:32+00:00\" \/>\n<meta property=\"og:image\" content=\"https:\/\/swissgliders.ch\/wp-content\/uploads\/2020\/06\/AD_Gleitschirm_Soar-2-1.jpg\" \/>\n\t<meta property=\"og:image:width\" content=\"900\" \/>\n\t<meta property=\"og:image:height\" content=\"600\" \/>\n\t<meta property=\"og:image:type\" content=\"image\/jpeg\" \/>\n<meta name=\"twitter:card\" content=\"summary_large_image\" \/>\n<meta name=\"twitter:site\" content=\"@Swissgliders\" \/>\n<meta name=\"twitter:label1\" content=\"Verf\u00fcgbarkeit\" \/>\n\t<meta name=\"twitter:data1\" content=\"Auf Lager\" \/>\n<script type=\"application\/ld+json\" class=\"yoast-schema-graph\">{\"@context\":\"https:\\\/\\\/schema.org\",\"@graph\":[{\"@type\":\"WebPage\",\"@id\":\"https:\\\/\\\/swissgliders.ch\\\/de\\\/produkt\\\/air-design-soar-2-en-b\\\/\",\"url\":\"https:\\\/\\\/swissgliders.ch\\\/de\\\/produkt\\\/air-design-soar-2-en-b\\\/\",\"name\":\"AirDesign Soar 2 EN-B | Gleitschirmschule Thun, Bern, Interlaken\",\"isPartOf\":{\"@id\":\"https:\\\/\\\/swissgliders.ch\\\/de\\\/#website\"},\"primaryImageOfPage\":{\"@id\":\"https:\\\/\\\/swissgliders.ch\\\/de\\\/produkt\\\/air-design-soar-2-en-b\\\/#primaryimage\"},\"image\":{\"@id\":\"https:\\\/\\\/swissgliders.ch\\\/de\\\/produkt\\\/air-design-soar-2-en-b\\\/#primaryimage\"},\"thumbnailUrl\":\"https:\\\/\\\/swissgliders.ch\\\/wp-content\\\/uploads\\\/2020\\\/06\\\/AD_Gleitschirm_Soar-2-1.jpg\",\"datePublished\":\"2020-06-17T19:52:59+00:00\",\"dateModified\":\"2024-08-22T14:07:32+00:00\",\"description\":\"AirDesign Soar 2 EN-B superleicht mit Abenteuer Der erste Soar #cloudhopper hat so viele Piloten und Pilotinnen gl\u00fccklich gemacht, dass sein Nachfolger in gro\u00dfe Fu\u00dfstapfen treten musste. Durch die Anwendung neuer Tricks (2.5 Liner, neues Profil, zwei Paar Winglets\u2026) und die Beibehaltung seiner urspr\u00fcnglichen DNA ist es uns gelungen, einen Schirm zu entwickeln, der die Erwartungen der meisten Pilotinnen und Piloten heutzutage erf\u00fcllt: superleichtes (auf)steigen und mit einem breiten L\u00e4cheln landen.\",\"breadcrumb\":{\"@id\":\"https:\\\/\\\/swissgliders.ch\\\/de\\\/produkt\\\/air-design-soar-2-en-b\\\/#breadcrumb\"},\"inLanguage\":\"de\",\"potentialAction\":[{\"@type\":\"ReadAction\",\"target\":[\"https:\\\/\\\/swissgliders.ch\\\/de\\\/produkt\\\/air-design-soar-2-en-b\\\/\"]}]},{\"@type\":\"ImageObject\",\"inLanguage\":\"de\",\"@id\":\"https:\\\/\\\/swissgliders.ch\\\/de\\\/produkt\\\/air-design-soar-2-en-b\\\/#primaryimage\",\"url\":\"https:\\\/\\\/swissgliders.ch\\\/wp-content\\\/uploads\\\/2020\\\/06\\\/AD_Gleitschirm_Soar-2-1.jpg\",\"contentUrl\":\"https:\\\/\\\/swissgliders.ch\\\/wp-content\\\/uploads\\\/2020\\\/06\\\/AD_Gleitschirm_Soar-2-1.jpg\",\"width\":900,\"height\":600,\"caption\":\"AD_Gleitschirm_Soar 2-1\"},{\"@type\":\"BreadcrumbList\",\"@id\":\"https:\\\/\\\/swissgliders.ch\\\/de\\\/produkt\\\/air-design-soar-2-en-b\\\/#breadcrumb\",\"itemListElement\":[{\"@type\":\"ListItem\",\"position\":1,\"name\":\"Startseite\",\"item\":\"https:\\\/\\\/swissgliders.ch\\\/de\\\/willkommen\\\/\"},{\"@type\":\"ListItem\",\"position\":2,\"name\":\"Gleitschirm Shop\",\"item\":\"https:\\\/\\\/swissgliders.ch\\\/de\\\/gleitschirm-shop\\\/\"},{\"@type\":\"ListItem\",\"position\":3,\"name\":\"AirDesign Soar 2 EN-B\"}]},{\"@type\":\"WebSite\",\"@id\":\"https:\\\/\\\/swissgliders.ch\\\/de\\\/#website\",\"url\":\"https:\\\/\\\/swissgliders.ch\\\/de\\\/\",\"name\":\"Gleitschirmschule Thun, Bern, Interlaken\",\"description\":\"Gleitschirmschule Thun, Bern, Interlaken\",\"publisher\":{\"@id\":\"https:\\\/\\\/swissgliders.ch\\\/de\\\/#organization\"},\"potentialAction\":[{\"@type\":\"SearchAction\",\"target\":{\"@type\":\"EntryPoint\",\"urlTemplate\":\"https:\\\/\\\/swissgliders.ch\\\/de\\\/?s={search_term_string}\"},\"query-input\":{\"@type\":\"PropertyValueSpecification\",\"valueRequired\":true,\"valueName\":\"search_term_string\"}}],\"inLanguage\":\"de\"},{\"@type\":\"Organization\",\"@id\":\"https:\\\/\\\/swissgliders.ch\\\/de\\\/#organization\",\"name\":\"Swissgliders Gleitschirmflugschule Thun\",\"url\":\"https:\\\/\\\/swissgliders.ch\\\/de\\\/\",\"logo\":{\"@type\":\"ImageObject\",\"inLanguage\":\"de\",\"@id\":\"https:\\\/\\\/swissgliders.ch\\\/de\\\/#\\\/schema\\\/logo\\\/image\\\/\",\"url\":\"https:\\\/\\\/swissgliders.ch\\\/wp-content\\\/uploads\\\/2019\\\/12\\\/swissgliders-logo-rgb-square-L-no-ch-01.png\",\"contentUrl\":\"https:\\\/\\\/swissgliders.ch\\\/wp-content\\\/uploads\\\/2019\\\/12\\\/swissgliders-logo-rgb-square-L-no-ch-01.png\",\"width\":2500,\"height\":2500,\"caption\":\"Swissgliders Gleitschirmflugschule Thun\"},\"image\":{\"@id\":\"https:\\\/\\\/swissgliders.ch\\\/de\\\/#\\\/schema\\\/logo\\\/image\\\/\"},\"sameAs\":[\"https:\\\/\\\/www.facebook.com\\\/swissgliders\",\"https:\\\/\\\/x.com\\\/Swissgliders\",\"https:\\\/\\\/www.instagram.com\\\/swissgliders\\\/\",\"https:\\\/\\\/www.youtube.com\\\/channel\\\/UCMCtGdepy9vBhrhX3V_oJOA\"],\"hasMerchantReturnPolicy\":{\"@type\":\"MerchantReturnPolicy\",\"merchantReturnLink\":\"https:\\\/\\\/swissgliders.ch\\\/de\\\/allgemeine-geschaftsbedingungen\\\/\"}}]}<\/script>\n<meta property=\"og:availability\" content=\"instock\" \/>\n<meta property=\"product:availability\" content=\"instock\" \/>\n<meta property=\"product:condition\" content=\"new\" \/>\n<!-- \/ Yoast SEO Premium plugin. -->","yoast_head_json":{"title":"AirDesign Soar 2 EN-B | Gleitschirmschule Thun, Bern, Interlaken","description":"AirDesign Soar 2 EN-B superleicht mit Abenteuer Der erste Soar #cloudhopper hat so viele Piloten und Pilotinnen gl\u00fccklich gemacht, dass sein Nachfolger in gro\u00dfe Fu\u00dfstapfen treten musste. Durch die Anwendung neuer Tricks (2.5 Liner, neues Profil, zwei Paar Winglets\u2026) und die Beibehaltung seiner urspr\u00fcnglichen DNA ist es uns gelungen, einen Schirm zu entwickeln, der die Erwartungen der meisten Pilotinnen und Piloten heutzutage erf\u00fcllt: superleichtes (auf)steigen und mit einem breiten L\u00e4cheln landen.","robots":{"index":"index","follow":"follow","max-snippet":"max-snippet:-1","max-image-preview":"max-image-preview:large","max-video-preview":"max-video-preview:-1"},"canonical":"https:\/\/swissgliders.ch\/de\/produkt\/air-design-soar-2-en-b\/","og_locale":"de_DE","og_type":"article","og_title":"AirDesign Soar 2 EN-B","og_description":"AirDesign Soar 2 EN-B superleicht mit Abenteuer Der erste Soar #cloudhopper hat so viele Piloten und Pilotinnen gl\u00fccklich gemacht, dass sein Nachfolger in gro\u00dfe Fu\u00dfstapfen treten musste. Durch die Anwendung neuer Tricks (2.5 Liner, neues Profil, zwei Paar Winglets\u2026) und die Beibehaltung seiner urspr\u00fcnglichen DNA ist es uns gelungen, einen Schirm zu entwickeln, der die Erwartungen der meisten Pilotinnen und Piloten heutzutage erf\u00fcllt: superleichtes (auf)steigen und mit einem breiten L\u00e4cheln landen.","og_url":"https:\/\/swissgliders.ch\/de\/produkt\/air-design-soar-2-en-b\/","og_site_name":"Gleitschirmschule Thun, Bern, Interlaken","article_publisher":"https:\/\/www.facebook.com\/swissgliders","article_modified_time":"2024-08-22T14:07:32+00:00","og_image":[{"width":900,"height":600,"url":"https:\/\/swissgliders.ch\/wp-content\/uploads\/2020\/06\/AD_Gleitschirm_Soar-2-1.jpg","type":"image\/jpeg"}],"twitter_card":"summary_large_image","twitter_site":"@Swissgliders","twitter_misc":{"Verf\u00fcgbarkeit":"Auf Lager"},"schema":{"@context":"https:\/\/schema.org","@graph":[{"@type":"WebPage","@id":"https:\/\/swissgliders.ch\/de\/produkt\/air-design-soar-2-en-b\/","url":"https:\/\/swissgliders.ch\/de\/produkt\/air-design-soar-2-en-b\/","name":"AirDesign Soar 2 EN-B | Gleitschirmschule Thun, Bern, Interlaken","isPartOf":{"@id":"https:\/\/swissgliders.ch\/de\/#website"},"primaryImageOfPage":{"@id":"https:\/\/swissgliders.ch\/de\/produkt\/air-design-soar-2-en-b\/#primaryimage"},"image":{"@id":"https:\/\/swissgliders.ch\/de\/produkt\/air-design-soar-2-en-b\/#primaryimage"},"thumbnailUrl":"https:\/\/swissgliders.ch\/wp-content\/uploads\/2020\/06\/AD_Gleitschirm_Soar-2-1.jpg","datePublished":"2020-06-17T19:52:59+00:00","dateModified":"2024-08-22T14:07:32+00:00","description":"AirDesign Soar 2 EN-B superleicht mit Abenteuer Der erste Soar #cloudhopper hat so viele Piloten und Pilotinnen gl\u00fccklich gemacht, dass sein Nachfolger in gro\u00dfe Fu\u00dfstapfen treten musste. Durch die Anwendung neuer Tricks (2.5 Liner, neues Profil, zwei Paar Winglets\u2026) und die Beibehaltung seiner urspr\u00fcnglichen DNA ist es uns gelungen, einen Schirm zu entwickeln, der die Erwartungen der meisten Pilotinnen und Piloten heutzutage erf\u00fcllt: superleichtes (auf)steigen und mit einem breiten L\u00e4cheln landen.","breadcrumb":{"@id":"https:\/\/swissgliders.ch\/de\/produkt\/air-design-soar-2-en-b\/#breadcrumb"},"inLanguage":"de","potentialAction":[{"@type":"ReadAction","target":["https:\/\/swissgliders.ch\/de\/produkt\/air-design-soar-2-en-b\/"]}]},{"@type":"ImageObject","inLanguage":"de","@id":"https:\/\/swissgliders.ch\/de\/produkt\/air-design-soar-2-en-b\/#primaryimage","url":"https:\/\/swissgliders.ch\/wp-content\/uploads\/2020\/06\/AD_Gleitschirm_Soar-2-1.jpg","contentUrl":"https:\/\/swissgliders.ch\/wp-content\/uploads\/2020\/06\/AD_Gleitschirm_Soar-2-1.jpg","width":900,"height":600,"caption":"AD_Gleitschirm_Soar 2-1"},{"@type":"BreadcrumbList","@id":"https:\/\/swissgliders.ch\/de\/produkt\/air-design-soar-2-en-b\/#breadcrumb","itemListElement":[{"@type":"ListItem","position":1,"name":"Startseite","item":"https:\/\/swissgliders.ch\/de\/willkommen\/"},{"@type":"ListItem","position":2,"name":"Gleitschirm Shop","item":"https:\/\/swissgliders.ch\/de\/gleitschirm-shop\/"},{"@type":"ListItem","position":3,"name":"AirDesign Soar 2 EN-B"}]},{"@type":"WebSite","@id":"https:\/\/swissgliders.ch\/de\/#website","url":"https:\/\/swissgliders.ch\/de\/","name":"Gleitschirmschule Thun, Bern, Interlaken","description":"Gleitschirmschule Thun, Bern, Interlaken","publisher":{"@id":"https:\/\/swissgliders.ch\/de\/#organization"},"potentialAction":[{"@type":"SearchAction","target":{"@type":"EntryPoint","urlTemplate":"https:\/\/swissgliders.ch\/de\/?s={search_term_string}"},"query-input":{"@type":"PropertyValueSpecification","valueRequired":true,"valueName":"search_term_string"}}],"inLanguage":"de"},{"@type":"Organization","@id":"https:\/\/swissgliders.ch\/de\/#organization","name":"Swissgliders Gleitschirmflugschule Thun","url":"https:\/\/swissgliders.ch\/de\/","logo":{"@type":"ImageObject","inLanguage":"de","@id":"https:\/\/swissgliders.ch\/de\/#\/schema\/logo\/image\/","url":"https:\/\/swissgliders.ch\/wp-content\/uploads\/2019\/12\/swissgliders-logo-rgb-square-L-no-ch-01.png","contentUrl":"https:\/\/swissgliders.ch\/wp-content\/uploads\/2019\/12\/swissgliders-logo-rgb-square-L-no-ch-01.png","width":2500,"height":2500,"caption":"Swissgliders Gleitschirmflugschule Thun"},"image":{"@id":"https:\/\/swissgliders.ch\/de\/#\/schema\/logo\/image\/"},"sameAs":["https:\/\/www.facebook.com\/swissgliders","https:\/\/x.com\/Swissgliders","https:\/\/www.instagram.com\/swissgliders\/","https:\/\/www.youtube.com\/channel\/UCMCtGdepy9vBhrhX3V_oJOA"],"hasMerchantReturnPolicy":{"@type":"MerchantReturnPolicy","merchantReturnLink":"https:\/\/swissgliders.ch\/de\/allgemeine-geschaftsbedingungen\/"}}]},"og_availability":"instock","product_availability":"instock","product_condition":"new"},"_links":{"self":[{"href":"https:\/\/swissgliders.ch\/de\/wp-json\/wp\/v2\/product\/5142","targetHints":{"allow":["GET"]}}],"collection":[{"href":"https:\/\/swissgliders.ch\/de\/wp-json\/wp\/v2\/product"}],"about":[{"href":"https:\/\/swissgliders.ch\/de\/wp-json\/wp\/v2\/types\/product"}],"replies":[{"embeddable":true,"href":"https:\/\/swissgliders.ch\/de\/wp-json\/wp\/v2\/comments?post=5142"}],"wp:featuredmedia":[{"embeddable":true,"href":"https:\/\/swissgliders.ch\/de\/wp-json\/wp\/v2\/media\/13154"}],"wp:attachment":[{"href":"https:\/\/swissgliders.ch\/de\/wp-json\/wp\/v2\/media?parent=5142"}],"wp:term":[{"taxonomy":"product_brand","embeddable":true,"href":"https:\/\/swissgliders.ch\/de\/wp-json\/wp\/v2\/product_brand?post=5142"},{"taxonomy":"product_cat","embeddable":true,"href":"https:\/\/swissgliders.ch\/de\/wp-json\/wp\/v2\/product_cat?post=5142"},{"taxonomy":"product_tag","embeddable":true,"href":"https:\/\/swissgliders.ch\/de\/wp-json\/wp\/v2\/product_tag?post=5142"}],"curies":[{"name":"wp","href":"https:\/\/api.w.org\/{rel}","templated":true}]}}