{"id":5361,"date":"2020-08-03T20:44:22","date_gmt":"2020-08-03T19:44:22","guid":{"rendered":"https:\/\/swissgliders.ch\/?post_type=product&#038;p=5361"},"modified":"2023-01-09T17:48:06","modified_gmt":"2023-01-09T16:48:06","slug":"tandem-gleitschirmschnupperflug","status":"publish","type":"product","link":"https:\/\/swissgliders.ch\/de\/produkt\/tandem-gleitschirmschnupperflug\/","title":{"rendered":"Tandem Gleitschirmschnupperflug"},"content":{"rendered":"<p>Bist du fasziniert vom Gleitschirmfliegen? Du m\u00f6chtest wissen wie es sich anf\u00fchlt bei einem kurzen Tandemflug? Dann ist der Gleitschirmschnupperflug w\u00e4hrend unseren H\u00f6henfl\u00fcgen jederzeit m\u00f6glich. Melde dich direkt via <a href=\"https:\/\/swissgliders.ch\/de\/kontakt\/\">Kontaktformular<\/a> an.<\/p>\n<p><strong>Vorkenntnisse<\/strong><br \/>\nGut zu Fuss<\/p>\n<p><strong>Voraussetzungen<\/strong><br \/>\nUnfallversicherung<\/p>\n<p><strong>Kosten<\/strong><br \/>\nCHF 120.00<\/p>\n<p><strong>Wann<\/strong><br \/>\nJederzeit w\u00e4hrend der Schulung<\/p>\n","protected":false},"excerpt":{"rendered":"<p>Bist du fasziniert vom Gleitschirmfliegen? Du m\u00f6chtest wissen wie es sich anf\u00fchlt bei einem kurzen Tandemflug? Dann ist der Gleitschirmschnupperflug w\u00e4hrend unseren H\u00f6henfl\u00fcgen jederzeit m\u00f6glich. Melde dich direkt via <a href=\"https:\/\/swissgliders.ch\/de\/kontakt\/\">Kontaktformular<\/a> an.<\/p>\n<p><strong>Vorkenntnisse<\/strong><br \/>\nGut zu Fuss<\/p>\n<p><strong>Voraussetzungen<\/strong><br \/>\nUnfallversicherung<\/p>\n<p><strong>Kosten<\/strong><br \/>\nCHF 120.00<\/p>\n<p><strong>Wann<\/strong><br \/>\nJederzeit w\u00e4hrend der Schulung<\/p>\n","protected":false},"featured_media":2375,"comment_status":"closed","ping_status":"closed","template":"","meta":[],"product_brand":[],"product_cat":[2099],"product_tag":[1964,90],"class_list":{"0":"post-5361","1":"product","2":"type-product","3":"status-publish","4":"has-post-thumbnail","6":"product_cat-gleitschirm-geschenke","7":"product_tag-geschenke","8":"product_tag-verkaufsartikel","10":"first","11":"instock","12":"virtual","13":"purchasable","14":"product-type-simple"},"yoast_head":"<!-- This site is optimized with the Yoast SEO Premium plugin v26.1 (Yoast SEO v27.3) - https:\/\/yoast.com\/product\/yoast-seo-premium-wordpress\/ -->\n<title>Tandem Gleitschirmschnupperflug | Gleitschirmschule Thun, Bern, Interlaken<\/title>\n<meta name=\"description\" content=\"Ein Tandem-Gleitschirmschnupperflug w\u00e4hrend der Schulung ist die Gelegenheit auf einfache Art f\u00fcr einen kurzen Moment Gleitschirmluft zu schnuppern\" \/>\n<meta name=\"robots\" content=\"index, follow, max-snippet:-1, max-image-preview:large, max-video-preview:-1\" \/>\n<link rel=\"canonical\" href=\"https:\/\/swissgliders.ch\/de\/produkt\/tandem-gleitschirmschnupperflug\/\" \/>\n<meta property=\"og:locale\" content=\"de_DE\" \/>\n<meta property=\"og:type\" content=\"article\" \/>\n<meta property=\"og:title\" content=\"Tandem Gleitschirmschnupperflug\" \/>\n<meta property=\"og:description\" content=\"Ein Tandem-Gleitschirmschnupperflug w\u00e4hrend der Schulung ist die Gelegenheit auf einfache Art f\u00fcr einen kurzen Moment Gleitschirmluft zu schnuppern\" \/>\n<meta property=\"og:url\" content=\"https:\/\/swissgliders.ch\/de\/produkt\/tandem-gleitschirmschnupperflug\/\" \/>\n<meta property=\"og:site_name\" content=\"Gleitschirmschule Thun, Bern, Interlaken\" \/>\n<meta property=\"article:publisher\" content=\"https:\/\/www.facebook.com\/swissgliders\" \/>\n<meta property=\"article:modified_time\" content=\"2023-01-09T16:48:06+00:00\" \/>\n<meta property=\"og:image\" content=\"https:\/\/swissgliders.ch\/wp-content\/uploads\/2017\/06\/GOPR0828-1030x773.jpg\" \/>\n\t<meta property=\"og:image:width\" content=\"1030\" \/>\n\t<meta property=\"og:image:height\" content=\"773\" \/>\n\t<meta property=\"og:image:type\" content=\"image\/jpeg\" \/>\n<meta name=\"twitter:card\" content=\"summary_large_image\" \/>\n<meta name=\"twitter:site\" content=\"@Swissgliders\" \/>\n<meta name=\"twitter:label1\" content=\"Preis\" \/>\n\t<meta name=\"twitter:data1\" content=\"&#067;&#072;&#070;&nbsp;120.00\" \/>\n\t<meta name=\"twitter:label2\" content=\"Verf\u00fcgbarkeit\" \/>\n\t<meta name=\"twitter:data2\" content=\"Auf Lager\" \/>\n<script type=\"application\/ld+json\" class=\"yoast-schema-graph\">{\"@context\":\"https:\\\/\\\/schema.org\",\"@graph\":[{\"@type\":\"WebPage\",\"@id\":\"https:\\\/\\\/swissgliders.ch\\\/de\\\/produkt\\\/tandem-gleitschirmschnupperflug\\\/\",\"url\":\"https:\\\/\\\/swissgliders.ch\\\/de\\\/produkt\\\/tandem-gleitschirmschnupperflug\\\/\",\"name\":\"Tandem Gleitschirmschnupperflug | Gleitschirmschule Thun, Bern, Interlaken\",\"isPartOf\":{\"@id\":\"https:\\\/\\\/swissgliders.ch\\\/de\\\/#website\"},\"primaryImageOfPage\":{\"@id\":\"https:\\\/\\\/swissgliders.ch\\\/de\\\/produkt\\\/tandem-gleitschirmschnupperflug\\\/#primaryimage\"},\"image\":{\"@id\":\"https:\\\/\\\/swissgliders.ch\\\/de\\\/produkt\\\/tandem-gleitschirmschnupperflug\\\/#primaryimage\"},\"thumbnailUrl\":\"https:\\\/\\\/swissgliders.ch\\\/wp-content\\\/uploads\\\/2017\\\/06\\\/GOPR0828.jpg\",\"datePublished\":\"2020-08-03T19:44:22+00:00\",\"dateModified\":\"2023-01-09T16:48:06+00:00\",\"description\":\"Ein Tandem-Gleitschirmschnupperflug w\u00e4hrend der Schulung ist die Gelegenheit auf einfache Art f\u00fcr einen kurzen Moment Gleitschirmluft zu schnuppern\",\"breadcrumb\":{\"@id\":\"https:\\\/\\\/swissgliders.ch\\\/de\\\/produkt\\\/tandem-gleitschirmschnupperflug\\\/#breadcrumb\"},\"inLanguage\":\"de\",\"potentialAction\":[{\"@type\":\"ReadAction\",\"target\":[\"https:\\\/\\\/swissgliders.ch\\\/de\\\/produkt\\\/tandem-gleitschirmschnupperflug\\\/\"]}]},{\"@type\":\"ImageObject\",\"inLanguage\":\"de\",\"@id\":\"https:\\\/\\\/swissgliders.ch\\\/de\\\/produkt\\\/tandem-gleitschirmschnupperflug\\\/#primaryimage\",\"url\":\"https:\\\/\\\/swissgliders.ch\\\/wp-content\\\/uploads\\\/2017\\\/06\\\/GOPR0828.jpg\",\"contentUrl\":\"https:\\\/\\\/swissgliders.ch\\\/wp-content\\\/uploads\\\/2017\\\/06\\\/GOPR0828.jpg\",\"width\":4000,\"height\":3000,\"caption\":\"DCIM100GOPRO\"},{\"@type\":\"BreadcrumbList\",\"@id\":\"https:\\\/\\\/swissgliders.ch\\\/de\\\/produkt\\\/tandem-gleitschirmschnupperflug\\\/#breadcrumb\",\"itemListElement\":[{\"@type\":\"ListItem\",\"position\":1,\"name\":\"Startseite\",\"item\":\"https:\\\/\\\/swissgliders.ch\\\/de\\\/willkommen\\\/\"},{\"@type\":\"ListItem\",\"position\":2,\"name\":\"Gleitschirm Shop\",\"item\":\"https:\\\/\\\/swissgliders.ch\\\/de\\\/gleitschirm-shop\\\/\"},{\"@type\":\"ListItem\",\"position\":3,\"name\":\"Tandem Gleitschirmschnupperflug\"}]},{\"@type\":\"WebSite\",\"@id\":\"https:\\\/\\\/swissgliders.ch\\\/de\\\/#website\",\"url\":\"https:\\\/\\\/swissgliders.ch\\\/de\\\/\",\"name\":\"Gleitschirmschule Thun, Bern, Interlaken\",\"description\":\"Gleitschirmschule Thun, Bern, Interlaken\",\"publisher\":{\"@id\":\"https:\\\/\\\/swissgliders.ch\\\/de\\\/#organization\"},\"potentialAction\":[{\"@type\":\"SearchAction\",\"target\":{\"@type\":\"EntryPoint\",\"urlTemplate\":\"https:\\\/\\\/swissgliders.ch\\\/de\\\/?s={search_term_string}\"},\"query-input\":{\"@type\":\"PropertyValueSpecification\",\"valueRequired\":true,\"valueName\":\"search_term_string\"}}],\"inLanguage\":\"de\"},{\"@type\":\"Organization\",\"@id\":\"https:\\\/\\\/swissgliders.ch\\\/de\\\/#organization\",\"name\":\"Swissgliders Gleitschirmflugschule Thun\",\"url\":\"https:\\\/\\\/swissgliders.ch\\\/de\\\/\",\"logo\":{\"@type\":\"ImageObject\",\"inLanguage\":\"de\",\"@id\":\"https:\\\/\\\/swissgliders.ch\\\/de\\\/#\\\/schema\\\/logo\\\/image\\\/\",\"url\":\"https:\\\/\\\/swissgliders.ch\\\/wp-content\\\/uploads\\\/2019\\\/12\\\/swissgliders-logo-rgb-square-L-no-ch-01.png\",\"contentUrl\":\"https:\\\/\\\/swissgliders.ch\\\/wp-content\\\/uploads\\\/2019\\\/12\\\/swissgliders-logo-rgb-square-L-no-ch-01.png\",\"width\":2500,\"height\":2500,\"caption\":\"Swissgliders Gleitschirmflugschule Thun\"},\"image\":{\"@id\":\"https:\\\/\\\/swissgliders.ch\\\/de\\\/#\\\/schema\\\/logo\\\/image\\\/\"},\"sameAs\":[\"https:\\\/\\\/www.facebook.com\\\/swissgliders\",\"https:\\\/\\\/x.com\\\/Swissgliders\",\"https:\\\/\\\/www.instagram.com\\\/swissgliders\\\/\",\"https:\\\/\\\/www.youtube.com\\\/channel\\\/UCMCtGdepy9vBhrhX3V_oJOA\"],\"hasMerchantReturnPolicy\":{\"@type\":\"MerchantReturnPolicy\",\"merchantReturnLink\":\"https:\\\/\\\/swissgliders.ch\\\/de\\\/allgemeine-geschaftsbedingungen\\\/\"}}]}<\/script>\n<meta property=\"product:price:amount\" content=\"120.00\" \/>\n<meta property=\"product:price:currency\" content=\"CHF\" \/>\n<meta property=\"og:availability\" content=\"instock\" \/>\n<meta property=\"product:availability\" content=\"instock\" \/>\n<meta property=\"product:condition\" content=\"new\" \/>\n<!-- \/ Yoast SEO Premium plugin. -->","yoast_head_json":{"title":"Tandem Gleitschirmschnupperflug | Gleitschirmschule Thun, Bern, Interlaken","description":"Ein Tandem-Gleitschirmschnupperflug w\u00e4hrend der Schulung ist die Gelegenheit auf einfache Art f\u00fcr einen kurzen Moment Gleitschirmluft zu schnuppern","robots":{"index":"index","follow":"follow","max-snippet":"max-snippet:-1","max-image-preview":"max-image-preview:large","max-video-preview":"max-video-preview:-1"},"canonical":"https:\/\/swissgliders.ch\/de\/produkt\/tandem-gleitschirmschnupperflug\/","og_locale":"de_DE","og_type":"article","og_title":"Tandem Gleitschirmschnupperflug","og_description":"Ein Tandem-Gleitschirmschnupperflug w\u00e4hrend der Schulung ist die Gelegenheit auf einfache Art f\u00fcr einen kurzen Moment Gleitschirmluft zu schnuppern","og_url":"https:\/\/swissgliders.ch\/de\/produkt\/tandem-gleitschirmschnupperflug\/","og_site_name":"Gleitschirmschule Thun, Bern, Interlaken","article_publisher":"https:\/\/www.facebook.com\/swissgliders","article_modified_time":"2023-01-09T16:48:06+00:00","og_image":[{"width":1030,"height":773,"url":"https:\/\/swissgliders.ch\/wp-content\/uploads\/2017\/06\/GOPR0828-1030x773.jpg","type":"image\/jpeg"}],"twitter_card":"summary_large_image","twitter_site":"@Swissgliders","twitter_misc":{"Preis":"&#67;&#72;&#70;&nbsp;120.00","Verf\u00fcgbarkeit":"Auf Lager"},"schema":{"@context":"https:\/\/schema.org","@graph":[{"@type":"WebPage","@id":"https:\/\/swissgliders.ch\/de\/produkt\/tandem-gleitschirmschnupperflug\/","url":"https:\/\/swissgliders.ch\/de\/produkt\/tandem-gleitschirmschnupperflug\/","name":"Tandem Gleitschirmschnupperflug | Gleitschirmschule Thun, Bern, Interlaken","isPartOf":{"@id":"https:\/\/swissgliders.ch\/de\/#website"},"primaryImageOfPage":{"@id":"https:\/\/swissgliders.ch\/de\/produkt\/tandem-gleitschirmschnupperflug\/#primaryimage"},"image":{"@id":"https:\/\/swissgliders.ch\/de\/produkt\/tandem-gleitschirmschnupperflug\/#primaryimage"},"thumbnailUrl":"https:\/\/swissgliders.ch\/wp-content\/uploads\/2017\/06\/GOPR0828.jpg","datePublished":"2020-08-03T19:44:22+00:00","dateModified":"2023-01-09T16:48:06+00:00","description":"Ein Tandem-Gleitschirmschnupperflug w\u00e4hrend der Schulung ist die Gelegenheit auf einfache Art f\u00fcr einen kurzen Moment Gleitschirmluft zu schnuppern","breadcrumb":{"@id":"https:\/\/swissgliders.ch\/de\/produkt\/tandem-gleitschirmschnupperflug\/#breadcrumb"},"inLanguage":"de","potentialAction":[{"@type":"ReadAction","target":["https:\/\/swissgliders.ch\/de\/produkt\/tandem-gleitschirmschnupperflug\/"]}]},{"@type":"ImageObject","inLanguage":"de","@id":"https:\/\/swissgliders.ch\/de\/produkt\/tandem-gleitschirmschnupperflug\/#primaryimage","url":"https:\/\/swissgliders.ch\/wp-content\/uploads\/2017\/06\/GOPR0828.jpg","contentUrl":"https:\/\/swissgliders.ch\/wp-content\/uploads\/2017\/06\/GOPR0828.jpg","width":4000,"height":3000,"caption":"DCIM100GOPRO"},{"@type":"BreadcrumbList","@id":"https:\/\/swissgliders.ch\/de\/produkt\/tandem-gleitschirmschnupperflug\/#breadcrumb","itemListElement":[{"@type":"ListItem","position":1,"name":"Startseite","item":"https:\/\/swissgliders.ch\/de\/willkommen\/"},{"@type":"ListItem","position":2,"name":"Gleitschirm Shop","item":"https:\/\/swissgliders.ch\/de\/gleitschirm-shop\/"},{"@type":"ListItem","position":3,"name":"Tandem Gleitschirmschnupperflug"}]},{"@type":"WebSite","@id":"https:\/\/swissgliders.ch\/de\/#website","url":"https:\/\/swissgliders.ch\/de\/","name":"Gleitschirmschule Thun, Bern, Interlaken","description":"Gleitschirmschule Thun, Bern, Interlaken","publisher":{"@id":"https:\/\/swissgliders.ch\/de\/#organization"},"potentialAction":[{"@type":"SearchAction","target":{"@type":"EntryPoint","urlTemplate":"https:\/\/swissgliders.ch\/de\/?s={search_term_string}"},"query-input":{"@type":"PropertyValueSpecification","valueRequired":true,"valueName":"search_term_string"}}],"inLanguage":"de"},{"@type":"Organization","@id":"https:\/\/swissgliders.ch\/de\/#organization","name":"Swissgliders Gleitschirmflugschule Thun","url":"https:\/\/swissgliders.ch\/de\/","logo":{"@type":"ImageObject","inLanguage":"de","@id":"https:\/\/swissgliders.ch\/de\/#\/schema\/logo\/image\/","url":"https:\/\/swissgliders.ch\/wp-content\/uploads\/2019\/12\/swissgliders-logo-rgb-square-L-no-ch-01.png","contentUrl":"https:\/\/swissgliders.ch\/wp-content\/uploads\/2019\/12\/swissgliders-logo-rgb-square-L-no-ch-01.png","width":2500,"height":2500,"caption":"Swissgliders Gleitschirmflugschule Thun"},"image":{"@id":"https:\/\/swissgliders.ch\/de\/#\/schema\/logo\/image\/"},"sameAs":["https:\/\/www.facebook.com\/swissgliders","https:\/\/x.com\/Swissgliders","https:\/\/www.instagram.com\/swissgliders\/","https:\/\/www.youtube.com\/channel\/UCMCtGdepy9vBhrhX3V_oJOA"],"hasMerchantReturnPolicy":{"@type":"MerchantReturnPolicy","merchantReturnLink":"https:\/\/swissgliders.ch\/de\/allgemeine-geschaftsbedingungen\/"}}]},"product_price_amount":"120.00","product_price_currency":"CHF","og_availability":"instock","product_availability":"instock","product_condition":"new"},"_links":{"self":[{"href":"https:\/\/swissgliders.ch\/de\/wp-json\/wp\/v2\/product\/5361","targetHints":{"allow":["GET"]}}],"collection":[{"href":"https:\/\/swissgliders.ch\/de\/wp-json\/wp\/v2\/product"}],"about":[{"href":"https:\/\/swissgliders.ch\/de\/wp-json\/wp\/v2\/types\/product"}],"replies":[{"embeddable":true,"href":"https:\/\/swissgliders.ch\/de\/wp-json\/wp\/v2\/comments?post=5361"}],"wp:featuredmedia":[{"embeddable":true,"href":"https:\/\/swissgliders.ch\/de\/wp-json\/wp\/v2\/media\/2375"}],"wp:attachment":[{"href":"https:\/\/swissgliders.ch\/de\/wp-json\/wp\/v2\/media?parent=5361"}],"wp:term":[{"taxonomy":"product_brand","embeddable":true,"href":"https:\/\/swissgliders.ch\/de\/wp-json\/wp\/v2\/product_brand?post=5361"},{"taxonomy":"product_cat","embeddable":true,"href":"https:\/\/swissgliders.ch\/de\/wp-json\/wp\/v2\/product_cat?post=5361"},{"taxonomy":"product_tag","embeddable":true,"href":"https:\/\/swissgliders.ch\/de\/wp-json\/wp\/v2\/product_tag?post=5361"}],"curies":[{"name":"wp","href":"https:\/\/api.w.org\/{rel}","templated":true}]}}