{"id":5580,"date":"2020-09-25T20:48:08","date_gmt":"2020-09-25T19:48:08","guid":{"rendered":"https:\/\/swissgliders.ch\/?post_type=product&#038;p=5580"},"modified":"2025-06-12T20:15:05","modified_gmt":"2025-06-12T19:15:05","slug":"ozone-ultralite-5-en-a","status":"publish","type":"product","link":"https:\/\/swissgliders.ch\/de\/produkt\/ozone-ultralite-5-en-a\/","title":{"rendered":"Ozone Ultralite 5 EN-A"},"content":{"rendered":"<h3>PRODUKTINFO<\/h3>\n<p><img loading=\"lazy\" decoding=\"async\" class=\"\" src=\"https:\/\/cdn.sanity.io\/images\/lbhlofgm\/production\/97b47cc10c42af0e8ccf9d0727cc5b4e9d3fffd5-4000x2667.jpg\" width=\"501\" height=\"334\" \/><\/p>\n<div class=\"product-info\" data-cy=\"gliders-product-info\">\n<div class=\"blockRenderer\">\n<div>\n<p>Das ultimative Ultraleicht-Fliegen ist wieder da&#8230;und das leichter und mit mehr Leistung als je zuvor. Der brandneue Ultralite 5 zeigt einen Leistungszuwachs von unglaublichen 0,8 und ist mit 100 Gramm weniger auf der Waage um 7 km\/h schneller als sein Vorg\u00e4nger. Durch zwei zus\u00e4tzliche neue Gr\u00f6\u00dfen k\u00f6nnen wir den Ultralite 5 von 13 bis 25 qm anbieten. Da sollte f\u00fcr jeden Piloten und jede Art von Auf- und Abstieg etwas dabei sein.<\/p>\n<h3>DIE TECHNOLOGIE<\/h3>\n<p>Eine brandneue, Ultralite-spezifische SharkNose ist das Herz dieses Designs der n\u00e4chsten Generation. Das hat das F\u00fcllverhalten verbessert, die Leistung, den Komfort und die einfache Handhabung.<\/p>\n<p>Eine neue Streckung hat den Schirm kompakter gemacht, und ihm ein intuitiveres und direkteres Handling beschert. Eine neue Formgestaltung der Bahnen und eine verbesserte Schr\u00e4nkung des Schirmes haben den Widerstand betr\u00e4chtlich verringert, und dabei wahre Leistung (True Performance) und Effizienz gesteigert \u2013 ohne auf Kosten von Sicherheit nat\u00fcrlich.<\/p>\n<h3>DAS GEWICHT<\/h3>\n<p>Mit 1,76 kg in der Gr\u00f6\u00dfe 17 qm ist der Ultralite 5 der leichteste zugelassene Gleitschirm mit Doppelsegel pro Quadratmeter auf die ausgelegte Fl\u00e4che. In den Gr\u00f6\u00dfen 15 qm und 13 qm (nur Last getestet) bringt er gerade einmal 1,59 kg und 1,42 kg auf die Waage.<\/p>\n<h3>DER PILOT<\/h3>\n<p>Egal ob du eine Leidenschaft f\u00fcr ultra leichte Schirme zum Rennen &amp; Fliegen, Hike &amp; Fly oder Berggehen hast, oder gerade nach deiner ersten Ultraleicht-Ausr\u00fcstung suchst, der Ultralite 5 hat, was du brauchst. Seine Balance aus Leistung und Leichtigkeit ist un\u00fcbertroffen. Das ist der zug\u00e4nglichste und verl\u00e4sslichste Schirm mit dem h\u00f6chsten Spa\u00dffaktor f\u00fcr Hike &amp; Fly, Run &amp; Fly etc., den wir je geflogen sind.<\/p>\n<h3>DAS LITE VERM\u00c4CHTNIS<\/h3>\n<p>W\u00e4hrend der vergangenen 20 Jahre Entwicklung von leichtgewichtigen Schirmen hier bei OZONE sind unsere Leichtschirme vom Gipfel des Everest gestartet, sind bei jeder Ausgabe der X-Alps erfolgreich an den Start gegangen, und haben vol-biv Rekorde auf der ganzen Welt gebrochen. Der Ultralite 5 bietet genug Leistung um mit ihm Thermik zu fliegen, ausgiebig zu soaren oder sogar mit Sicherheit und Komfort auf XC Tour zu gehen. Diese neue Version wird deine Aktionsm\u00f6glichkeiten dank deutlichem Leistungszuwachs erweitern. Ohne Kompromisse in Sachen Sicherheit.<\/p>\n<h4>Spezifikationen<\/h4>\n<div class=\"desktop\">\n<div class=\"specs-table-wrapper\">\n<table>\n<thead>\n<tr>\n<th>Gr\u00f6ssen<\/th>\n<th>13<\/th>\n<th>15<\/th>\n<th>17<\/th>\n<th>19<\/th>\n<th>21<\/th>\n<th>23<\/th>\n<th>25<\/th>\n<\/tr>\n<\/thead>\n<tbody>\n<tr class=\"\">\n<td>Anzahl der Zellen<\/td>\n<td>34<\/td>\n<td>34<\/td>\n<td>34<\/td>\n<td>34<\/td>\n<td>34<\/td>\n<td>34<\/td>\n<td>34<\/td>\n<\/tr>\n<tr class=\"\">\n<td>Projected area (m2)<\/td>\n<td>11.4<\/td>\n<td>13.1<\/td>\n<td>14.7<\/td>\n<td>16.5<\/td>\n<td>18.1<\/td>\n<td>19.9<\/td>\n<td>21.9<\/td>\n<\/tr>\n<tr class=\"\">\n<td>Ausgelegte Fl\u00e4che (m2)<\/td>\n<td>12.9<\/td>\n<td>14.9<\/td>\n<td>16.9<\/td>\n<td>18.9<\/td>\n<td>20.8<\/td>\n<td>22.8<\/td>\n<td>25.1<\/td>\n<\/tr>\n<tr class=\"\">\n<td>projizierte Spannweite (m)<\/td>\n<td>6.3<\/td>\n<td>6.7<\/td>\n<td>7.1<\/td>\n<td>7.5<\/td>\n<td>7.9<\/td>\n<td>8.3<\/td>\n<td>8.7<\/td>\n<\/tr>\n<tr class=\"\">\n<td>ausgelegte Spannweite (m)<\/td>\n<td>7.7<\/td>\n<td>8.2<\/td>\n<td>8.8<\/td>\n<td>9.3<\/td>\n<td>9.7<\/td>\n<td>10.2<\/td>\n<td>10.7<\/td>\n<\/tr>\n<tr class=\"\">\n<td>projizierte Streckung<\/td>\n<td>3.4<\/td>\n<td>3.4<\/td>\n<td>3.4<\/td>\n<td>3.4<\/td>\n<td>3.4<\/td>\n<td>3.4<\/td>\n<td>3.4<\/td>\n<\/tr>\n<tr class=\"\">\n<td>ausgelegte Streckung<\/td>\n<td>4.56<\/td>\n<td>4.56<\/td>\n<td>4.56<\/td>\n<td>4.56<\/td>\n<td>4.56<\/td>\n<td>4.56<\/td>\n<td>4.56<\/td>\n<\/tr>\n<tr class=\"\">\n<td>Fl\u00fcgeltiefe (m)<\/td>\n<td>2.1<\/td>\n<td>2.25<\/td>\n<td>2.4<\/td>\n<td>2.54<\/td>\n<td>2.66<\/td>\n<td>2.79<\/td>\n<td>2.92<\/td>\n<\/tr>\n<tr class=\"\">\n<td>Gleitschirmgewicht (kg)<\/td>\n<td>1.44<\/td>\n<td>1.59<\/td>\n<td>1.76<\/td>\n<td>1.93<\/td>\n<td>2.07<\/td>\n<td>2.23<\/td>\n<td>2.41<\/td>\n<\/tr>\n<tr class=\"\">\n<td>Gewichtsbereich (kg)<\/td>\n<td>55-90<\/td>\n<td>55-90<\/td>\n<td>55-90<\/td>\n<td>55-95<\/td>\n<td>55-100<\/td>\n<td>65-110<\/td>\n<td>75-120<\/td>\n<\/tr>\n<tr class=\"\">\n<td>Certification<\/td>\n<td>*<\/td>\n<td>*<\/td>\n<td>C<\/td>\n<td>B<\/td>\n<td>A<\/td>\n<td>A<\/td>\n<td>A<\/td>\n<\/tr>\n<\/tbody>\n<\/table>\n<\/div>\n<\/div>\n<p class=\"specs-table specs-table-note-translation\">* Weights may vary up to 50gm per size due to slight variations in the manufacturing of the fabric used.<\/p>\n<h3>Lieferumfang<\/h3>\n<div class=\"blockRenderer\">\n<p>Standardm\u00e4\u00dfig wird unser OZONE mit folgendem Zubeh\u00f6r ausgeliefert:<\/p>\n<p>Innensack, Gleitschirm-Gurtband, Speed Bar, OZONE Aufkleber, Reparaturtuch und OZONE Schl\u00fcsselanh\u00e4nger.<\/p>\n<\/div>\n<div class=\"blockRenderer\">\n<p>Vielleicht m\u00f6chtest du deiner Bestellung noch etwas hinzuf\u00fcgen, wie etwa:\u00a0Gleitschirmrucksack, Easy Bag (Schnellpacksack) oder Ozone Kleidung und Accessoires.<\/p>\n<\/div>\n<p>&nbsp;<\/p>\n<\/div>\n<\/div>\n<\/div>\n<p>Mehr<a href=\"https:\/\/flyozone.com\/paragliders\/de\/products\/gliders\/ultralite-5\" target=\"_blank\" rel=\"noopener noreferrer\"> Infos<\/a><\/p>\n<p>Falls dieser Artikel nicht an Lager ist, wird er f\u00fcr dich bestellt. Lieferfrist auf Anfrage.<\/p>\n<p>&nbsp;<\/p>\n","protected":false},"excerpt":{"rendered":"<h3>PRODUKTINFO<\/h3>\n<p><img loading=\"lazy\" decoding=\"async\" class=\"\" src=\"https:\/\/cdn.sanity.io\/images\/lbhlofgm\/production\/97b47cc10c42af0e8ccf9d0727cc5b4e9d3fffd5-4000x2667.jpg\" width=\"501\" height=\"334\" \/><\/p>\n<div class=\"product-info\" data-cy=\"gliders-product-info\">\n<div class=\"blockRenderer\">\n<div>\n<p>Das ultimative Ultraleicht-Fliegen ist wieder da&#8230;und das leichter und mit mehr Leistung als je zuvor. Der brandneue Ultralite 5 zeigt einen Leistungszuwachs von unglaublichen 0,8 und ist mit 100 Gramm weniger auf der Waage um 7 km\/h schneller als sein Vorg\u00e4nger. Durch zwei zus\u00e4tzliche neue Gr\u00f6\u00dfen k\u00f6nnen wir den Ultralite 5 von 13 bis 25 qm anbieten. Da sollte f\u00fcr jeden Piloten und jede Art von Auf- und Abstieg etwas dabei sein.<\/p>\n<h3>DIE TECHNOLOGIE<\/h3>\n<p>Eine brandneue, Ultralite-spezifische SharkNose ist das Herz dieses Designs der n\u00e4chsten Generation. Das hat das F\u00fcllverhalten verbessert, die Leistung, den Komfort und die einfache Handhabung.<\/p>\n<p>Eine neue Streckung hat den Schirm kompakter gemacht, und ihm ein intuitiveres und direkteres Handling beschert. Eine neue Formgestaltung der Bahnen und eine verbesserte Schr\u00e4nkung des Schirmes haben den Widerstand betr\u00e4chtlich verringert, und dabei wahre Leistung (True Performance) und Effizienz gesteigert \u2013 ohne auf Kosten von Sicherheit nat\u00fcrlich.<\/p>\n<h3>DAS GEWICHT<\/h3>\n<p>Mit 1,76 kg in der Gr\u00f6\u00dfe 17 qm ist der Ultralite 5 der leichteste zugelassene Gleitschirm mit Doppelsegel pro Quadratmeter auf die ausgelegte Fl\u00e4che. In den Gr\u00f6\u00dfen 15 qm und 13 qm (nur Last getestet) bringt er gerade einmal 1,59 kg und 1,42 kg auf die Waage.<\/p>\n<h3>DER PILOT<\/h3>\n<p>Egal ob du eine Leidenschaft f\u00fcr ultra leichte Schirme zum Rennen &amp; Fliegen, Hike &amp; Fly oder Berggehen hast, oder gerade nach deiner ersten Ultraleicht-Ausr\u00fcstung suchst, der Ultralite 5 hat, was du brauchst. Seine Balance aus Leistung und Leichtigkeit ist un\u00fcbertroffen. Das ist der zug\u00e4nglichste und verl\u00e4sslichste Schirm mit dem h\u00f6chsten Spa\u00dffaktor f\u00fcr Hike &amp; Fly, Run &amp; Fly etc., den wir je geflogen sind.<\/p>\n<h3>DAS LITE VERM\u00c4CHTNIS<\/h3>\n<p>W\u00e4hrend der vergangenen 20 Jahre Entwicklung von leichtgewichtigen Schirmen hier bei OZONE sind unsere Leichtschirme vom Gipfel des Everest gestartet, sind bei jeder Ausgabe der X-Alps erfolgreich an den Start gegangen, und haben vol-biv Rekorde auf der ganzen Welt gebrochen. Der Ultralite 5 bietet genug Leistung um mit ihm Thermik zu fliegen, ausgiebig zu soaren oder sogar mit Sicherheit und Komfort auf XC Tour zu gehen. Diese neue Version wird deine Aktionsm\u00f6glichkeiten dank deutlichem Leistungszuwachs erweitern. Ohne Kompromisse in Sachen Sicherheit.<\/p>\n<h4>Spezifikationen<\/h4>\n<div class=\"desktop\">\n<div class=\"specs-table-wrapper\">\n<table>\n<thead>\n<tr>\n<th>Gr\u00f6ssen<\/th>\n<th>13<\/th>\n<th>15<\/th>\n<th>17<\/th>\n<th>19<\/th>\n<th>21<\/th>\n<th>23<\/th>\n<th>25<\/th>\n<\/tr>\n<\/thead>\n<tbody>\n<tr class=\"\">\n<td>Anzahl der Zellen<\/td>\n<td>34<\/td>\n<td>34<\/td>\n<td>34<\/td>\n<td>34<\/td>\n<td>34<\/td>\n<td>34<\/td>\n<td>34<\/td>\n<\/tr>\n<tr class=\"\">\n<td>Projected area (m2)<\/td>\n<td>11.4<\/td>\n<td>13.1<\/td>\n<td>14.7<\/td>\n<td>16.5<\/td>\n<td>18.1<\/td>\n<td>19.9<\/td>\n<td>21.9<\/td>\n<\/tr>\n<tr class=\"\">\n<td>Ausgelegte Fl\u00e4che (m2)<\/td>\n<td>12.9<\/td>\n<td>14.9<\/td>\n<td>16.9<\/td>\n<td>18.9<\/td>\n<td>20.8<\/td>\n<td>22.8<\/td>\n<td>25.1<\/td>\n<\/tr>\n<tr class=\"\">\n<td>projizierte Spannweite (m)<\/td>\n<td>6.3<\/td>\n<td>6.7<\/td>\n<td>7.1<\/td>\n<td>7.5<\/td>\n<td>7.9<\/td>\n<td>8.3<\/td>\n<td>8.7<\/td>\n<\/tr>\n<tr class=\"\">\n<td>ausgelegte Spannweite (m)<\/td>\n<td>7.7<\/td>\n<td>8.2<\/td>\n<td>8.8<\/td>\n<td>9.3<\/td>\n<td>9.7<\/td>\n<td>10.2<\/td>\n<td>10.7<\/td>\n<\/tr>\n<tr class=\"\">\n<td>projizierte Streckung<\/td>\n<td>3.4<\/td>\n<td>3.4<\/td>\n<td>3.4<\/td>\n<td>3.4<\/td>\n<td>3.4<\/td>\n<td>3.4<\/td>\n<td>3.4<\/td>\n<\/tr>\n<tr class=\"\">\n<td>ausgelegte Streckung<\/td>\n<td>4.56<\/td>\n<td>4.56<\/td>\n<td>4.56<\/td>\n<td>4.56<\/td>\n<td>4.56<\/td>\n<td>4.56<\/td>\n<td>4.56<\/td>\n<\/tr>\n<tr class=\"\">\n<td>Fl\u00fcgeltiefe (m)<\/td>\n<td>2.1<\/td>\n<td>2.25<\/td>\n<td>2.4<\/td>\n<td>2.54<\/td>\n<td>2.66<\/td>\n<td>2.79<\/td>\n<td>2.92<\/td>\n<\/tr>\n<tr class=\"\">\n<td>Gleitschirmgewicht (kg)<\/td>\n<td>1.44<\/td>\n<td>1.59<\/td>\n<td>1.76<\/td>\n<td>1.93<\/td>\n<td>2.07<\/td>\n<td>2.23<\/td>\n<td>2.41<\/td>\n<\/tr>\n<tr class=\"\">\n<td>Gewichtsbereich (kg)<\/td>\n<td>55-90<\/td>\n<td>55-90<\/td>\n<td>55-90<\/td>\n<td>55-95<\/td>\n<td>55-100<\/td>\n<td>65-110<\/td>\n<td>75-120<\/td>\n<\/tr>\n<tr class=\"\">\n<td>Certification<\/td>\n<td>*<\/td>\n<td>*<\/td>\n<td>C<\/td>\n<td>B<\/td>\n<td>A<\/td>\n<td>A<\/td>\n<td>A<\/td>\n<\/tr>\n<\/tbody>\n<\/table>\n<\/div>\n<\/div>\n<p class=\"specs-table specs-table-note-translation\">* Weights may vary up to 50gm per size due to slight variations in the manufacturing of the fabric used.<\/p>\n<h3>Lieferumfang<\/h3>\n<div class=\"blockRenderer\">\n<p>Standardm\u00e4\u00dfig wird unser OZONE mit folgendem Zubeh\u00f6r ausgeliefert:<\/p>\n<p>Innensack, Gleitschirm-Gurtband, Speed Bar, OZONE Aufkleber, Reparaturtuch und OZONE Schl\u00fcsselanh\u00e4nger.<\/p>\n<\/div>\n<div class=\"blockRenderer\">\n<p>Vielleicht m\u00f6chtest du deiner Bestellung noch etwas hinzuf\u00fcgen, wie etwa:\u00a0Gleitschirmrucksack, Easy Bag (Schnellpacksack) oder Ozone Kleidung und Accessoires.<\/p>\n<\/div>\n<p>&nbsp;<\/p>\n<\/div>\n<\/div>\n<\/div>\n<p>Mehr<a href=\"https:\/\/flyozone.com\/paragliders\/de\/products\/gliders\/ultralite-5\" target=\"_blank\" rel=\"noopener noreferrer\"> Infos<\/a><\/p>\n<p>Falls dieser Artikel nicht an Lager ist, wird er f\u00fcr dich bestellt. Lieferfrist auf Anfrage.<\/p>\n<p>&nbsp;<\/p>\n","protected":false},"featured_media":12666,"comment_status":"closed","ping_status":"closed","template":"","meta":[],"product_brand":[],"product_cat":[86,1293],"product_tag":[917,1295,90],"class_list":{"0":"post-5580","1":"product","2":"type-product","3":"status-publish","4":"has-post-thumbnail","6":"product_cat-gleitschirme","7":"product_cat-leichte-gleitschirme","8":"product_tag-gleitschirm","9":"product_tag-leichtschirm","10":"product_tag-verkaufsartikel","11":"product_shipping_class-priority-10kg-de","13":"first","14":"instock","15":"sale","16":"shipping-taxable","17":"purchasable","18":"product-type-variable"},"yoast_head":"<!-- This site is optimized with the Yoast SEO Premium plugin v26.1 (Yoast SEO v27.3) - https:\/\/yoast.com\/product\/yoast-seo-premium-wordpress\/ -->\n<title>Ozone Ultralite 5 EN-A | Gleitschirmschule Thun, Bern, Interlaken<\/title>\n<meta name=\"description\" content=\"Der Klassiker unter den leichtesten Bergschirmen. Das ultimative Ultraleicht-Fliegen ist wieder da...und das leichter und mit mehr Leistung als je zuvor. Der brandneue Ozone Ultralite 5 zeigt einen Leistungszuwachs von unglaublichen 0,8 und ist mit 100 Gramm weniger auf der Waage um 7 km\/h schneller als sein Vorg\u00e4nger. Durch zwei zus\u00e4tzliche neue Gr\u00f6\u00dfen k\u00f6nnen wir den Ultralite 5 von 13 bis 25 qm anbieten. Da sollte f\u00fcr jeden Piloten und jede Art von Auf- und Abstieg etwas dabei sein.\" \/>\n<meta name=\"robots\" content=\"index, follow, max-snippet:-1, max-image-preview:large, max-video-preview:-1\" \/>\n<link rel=\"canonical\" href=\"https:\/\/swissgliders.ch\/de\/produkt\/ozone-ultralite-5-en-a\/\" \/>\n<meta property=\"og:locale\" content=\"de_DE\" \/>\n<meta property=\"og:type\" content=\"article\" \/>\n<meta property=\"og:title\" content=\"Ozone Ultralite 5 EN-A\" \/>\n<meta property=\"og:description\" content=\"Der Klassiker unter den leichtesten Bergschirmen. Das ultimative Ultraleicht-Fliegen ist wieder da...und das leichter und mit mehr Leistung als je zuvor. Der brandneue Ozone Ultralite 5 zeigt einen Leistungszuwachs von unglaublichen 0,8 und ist mit 100 Gramm weniger auf der Waage um 7 km\/h schneller als sein Vorg\u00e4nger. Durch zwei zus\u00e4tzliche neue Gr\u00f6\u00dfen k\u00f6nnen wir den Ultralite 5 von 13 bis 25 qm anbieten. Da sollte f\u00fcr jeden Piloten und jede Art von Auf- und Abstieg etwas dabei sein.\" \/>\n<meta property=\"og:url\" content=\"https:\/\/swissgliders.ch\/de\/produkt\/ozone-ultralite-5-en-a\/\" \/>\n<meta property=\"og:site_name\" content=\"Gleitschirmschule Thun, Bern, Interlaken\" \/>\n<meta property=\"article:publisher\" content=\"https:\/\/www.facebook.com\/swissgliders\" \/>\n<meta property=\"article:modified_time\" content=\"2025-06-12T19:15:05+00:00\" \/>\n<meta property=\"og:image\" content=\"https:\/\/swissgliders.ch\/wp-content\/uploads\/2020\/09\/Ozone_Gleitschirm_Ultralite-5-1-1030x687.jpg\" \/>\n\t<meta property=\"og:image:width\" content=\"1030\" \/>\n\t<meta property=\"og:image:height\" content=\"687\" \/>\n\t<meta property=\"og:image:type\" content=\"image\/jpeg\" \/>\n<meta name=\"twitter:card\" content=\"summary_large_image\" \/>\n<meta name=\"twitter:site\" content=\"@Swissgliders\" \/>\n<meta name=\"twitter:label1\" content=\"Verf\u00fcgbarkeit\" \/>\n\t<meta name=\"twitter:data1\" content=\"Auf Lager\" \/>\n<script type=\"application\/ld+json\" class=\"yoast-schema-graph\">{\"@context\":\"https:\\\/\\\/schema.org\",\"@graph\":[{\"@type\":\"WebPage\",\"@id\":\"https:\\\/\\\/swissgliders.ch\\\/de\\\/produkt\\\/ozone-ultralite-5-en-a\\\/\",\"url\":\"https:\\\/\\\/swissgliders.ch\\\/de\\\/produkt\\\/ozone-ultralite-5-en-a\\\/\",\"name\":\"Ozone Ultralite 5 EN-A | Gleitschirmschule Thun, Bern, Interlaken\",\"isPartOf\":{\"@id\":\"https:\\\/\\\/swissgliders.ch\\\/de\\\/#website\"},\"primaryImageOfPage\":{\"@id\":\"https:\\\/\\\/swissgliders.ch\\\/de\\\/produkt\\\/ozone-ultralite-5-en-a\\\/#primaryimage\"},\"image\":{\"@id\":\"https:\\\/\\\/swissgliders.ch\\\/de\\\/produkt\\\/ozone-ultralite-5-en-a\\\/#primaryimage\"},\"thumbnailUrl\":\"https:\\\/\\\/swissgliders.ch\\\/wp-content\\\/uploads\\\/2020\\\/09\\\/Ozone_Gleitschirm_Ultralite-5-1-scaled.jpg\",\"datePublished\":\"2020-09-25T19:48:08+00:00\",\"dateModified\":\"2025-06-12T19:15:05+00:00\",\"description\":\"Der Klassiker unter den leichtesten Bergschirmen. Das ultimative Ultraleicht-Fliegen ist wieder da...und das leichter und mit mehr Leistung als je zuvor. Der brandneue Ozone Ultralite 5 zeigt einen Leistungszuwachs von unglaublichen 0,8 und ist mit 100 Gramm weniger auf der Waage um 7 km\\\/h schneller als sein Vorg\u00e4nger. Durch zwei zus\u00e4tzliche neue Gr\u00f6\u00dfen k\u00f6nnen wir den Ultralite 5 von 13 bis 25 qm anbieten. Da sollte f\u00fcr jeden Piloten und jede Art von Auf- und Abstieg etwas dabei sein.\",\"breadcrumb\":{\"@id\":\"https:\\\/\\\/swissgliders.ch\\\/de\\\/produkt\\\/ozone-ultralite-5-en-a\\\/#breadcrumb\"},\"inLanguage\":\"de\",\"potentialAction\":[{\"@type\":\"ReadAction\",\"target\":[\"https:\\\/\\\/swissgliders.ch\\\/de\\\/produkt\\\/ozone-ultralite-5-en-a\\\/\"]}]},{\"@type\":\"ImageObject\",\"inLanguage\":\"de\",\"@id\":\"https:\\\/\\\/swissgliders.ch\\\/de\\\/produkt\\\/ozone-ultralite-5-en-a\\\/#primaryimage\",\"url\":\"https:\\\/\\\/swissgliders.ch\\\/wp-content\\\/uploads\\\/2020\\\/09\\\/Ozone_Gleitschirm_Ultralite-5-1-scaled.jpg\",\"contentUrl\":\"https:\\\/\\\/swissgliders.ch\\\/wp-content\\\/uploads\\\/2020\\\/09\\\/Ozone_Gleitschirm_Ultralite-5-1-scaled.jpg\",\"width\":2560,\"height\":1708,\"caption\":\"Ozone_Gleitschirm_Ultralite 5-1\"},{\"@type\":\"BreadcrumbList\",\"@id\":\"https:\\\/\\\/swissgliders.ch\\\/de\\\/produkt\\\/ozone-ultralite-5-en-a\\\/#breadcrumb\",\"itemListElement\":[{\"@type\":\"ListItem\",\"position\":1,\"name\":\"Startseite\",\"item\":\"https:\\\/\\\/swissgliders.ch\\\/de\\\/willkommen\\\/\"},{\"@type\":\"ListItem\",\"position\":2,\"name\":\"Gleitschirm Shop\",\"item\":\"https:\\\/\\\/swissgliders.ch\\\/de\\\/gleitschirm-shop\\\/\"},{\"@type\":\"ListItem\",\"position\":3,\"name\":\"Ozone Ultralite 5 EN-A\"}]},{\"@type\":\"WebSite\",\"@id\":\"https:\\\/\\\/swissgliders.ch\\\/de\\\/#website\",\"url\":\"https:\\\/\\\/swissgliders.ch\\\/de\\\/\",\"name\":\"Gleitschirmschule Thun, Bern, Interlaken\",\"description\":\"Gleitschirmschule Thun, Bern, Interlaken\",\"publisher\":{\"@id\":\"https:\\\/\\\/swissgliders.ch\\\/de\\\/#organization\"},\"potentialAction\":[{\"@type\":\"SearchAction\",\"target\":{\"@type\":\"EntryPoint\",\"urlTemplate\":\"https:\\\/\\\/swissgliders.ch\\\/de\\\/?s={search_term_string}\"},\"query-input\":{\"@type\":\"PropertyValueSpecification\",\"valueRequired\":true,\"valueName\":\"search_term_string\"}}],\"inLanguage\":\"de\"},{\"@type\":\"Organization\",\"@id\":\"https:\\\/\\\/swissgliders.ch\\\/de\\\/#organization\",\"name\":\"Swissgliders Gleitschirmflugschule Thun\",\"url\":\"https:\\\/\\\/swissgliders.ch\\\/de\\\/\",\"logo\":{\"@type\":\"ImageObject\",\"inLanguage\":\"de\",\"@id\":\"https:\\\/\\\/swissgliders.ch\\\/de\\\/#\\\/schema\\\/logo\\\/image\\\/\",\"url\":\"https:\\\/\\\/swissgliders.ch\\\/wp-content\\\/uploads\\\/2019\\\/12\\\/swissgliders-logo-rgb-square-L-no-ch-01.png\",\"contentUrl\":\"https:\\\/\\\/swissgliders.ch\\\/wp-content\\\/uploads\\\/2019\\\/12\\\/swissgliders-logo-rgb-square-L-no-ch-01.png\",\"width\":2500,\"height\":2500,\"caption\":\"Swissgliders Gleitschirmflugschule Thun\"},\"image\":{\"@id\":\"https:\\\/\\\/swissgliders.ch\\\/de\\\/#\\\/schema\\\/logo\\\/image\\\/\"},\"sameAs\":[\"https:\\\/\\\/www.facebook.com\\\/swissgliders\",\"https:\\\/\\\/x.com\\\/Swissgliders\",\"https:\\\/\\\/www.instagram.com\\\/swissgliders\\\/\",\"https:\\\/\\\/www.youtube.com\\\/channel\\\/UCMCtGdepy9vBhrhX3V_oJOA\"],\"hasMerchantReturnPolicy\":{\"@type\":\"MerchantReturnPolicy\",\"merchantReturnLink\":\"https:\\\/\\\/swissgliders.ch\\\/de\\\/allgemeine-geschaftsbedingungen\\\/\"}}]}<\/script>\n<meta property=\"og:availability\" content=\"instock\" \/>\n<meta property=\"product:availability\" content=\"instock\" \/>\n<meta property=\"product:condition\" content=\"new\" \/>\n<!-- \/ Yoast SEO Premium plugin. -->","yoast_head_json":{"title":"Ozone Ultralite 5 EN-A | Gleitschirmschule Thun, Bern, Interlaken","description":"Der Klassiker unter den leichtesten Bergschirmen. Das ultimative Ultraleicht-Fliegen ist wieder da...und das leichter und mit mehr Leistung als je zuvor. Der brandneue Ozone Ultralite 5 zeigt einen Leistungszuwachs von unglaublichen 0,8 und ist mit 100 Gramm weniger auf der Waage um 7 km\/h schneller als sein Vorg\u00e4nger. Durch zwei zus\u00e4tzliche neue Gr\u00f6\u00dfen k\u00f6nnen wir den Ultralite 5 von 13 bis 25 qm anbieten. Da sollte f\u00fcr jeden Piloten und jede Art von Auf- und Abstieg etwas dabei sein.","robots":{"index":"index","follow":"follow","max-snippet":"max-snippet:-1","max-image-preview":"max-image-preview:large","max-video-preview":"max-video-preview:-1"},"canonical":"https:\/\/swissgliders.ch\/de\/produkt\/ozone-ultralite-5-en-a\/","og_locale":"de_DE","og_type":"article","og_title":"Ozone Ultralite 5 EN-A","og_description":"Der Klassiker unter den leichtesten Bergschirmen. Das ultimative Ultraleicht-Fliegen ist wieder da...und das leichter und mit mehr Leistung als je zuvor. Der brandneue Ozone Ultralite 5 zeigt einen Leistungszuwachs von unglaublichen 0,8 und ist mit 100 Gramm weniger auf der Waage um 7 km\/h schneller als sein Vorg\u00e4nger. Durch zwei zus\u00e4tzliche neue Gr\u00f6\u00dfen k\u00f6nnen wir den Ultralite 5 von 13 bis 25 qm anbieten. Da sollte f\u00fcr jeden Piloten und jede Art von Auf- und Abstieg etwas dabei sein.","og_url":"https:\/\/swissgliders.ch\/de\/produkt\/ozone-ultralite-5-en-a\/","og_site_name":"Gleitschirmschule Thun, Bern, Interlaken","article_publisher":"https:\/\/www.facebook.com\/swissgliders","article_modified_time":"2025-06-12T19:15:05+00:00","og_image":[{"width":1030,"height":687,"url":"https:\/\/swissgliders.ch\/wp-content\/uploads\/2020\/09\/Ozone_Gleitschirm_Ultralite-5-1-1030x687.jpg","type":"image\/jpeg"}],"twitter_card":"summary_large_image","twitter_site":"@Swissgliders","twitter_misc":{"Verf\u00fcgbarkeit":"Auf Lager"},"schema":{"@context":"https:\/\/schema.org","@graph":[{"@type":"WebPage","@id":"https:\/\/swissgliders.ch\/de\/produkt\/ozone-ultralite-5-en-a\/","url":"https:\/\/swissgliders.ch\/de\/produkt\/ozone-ultralite-5-en-a\/","name":"Ozone Ultralite 5 EN-A | Gleitschirmschule Thun, Bern, Interlaken","isPartOf":{"@id":"https:\/\/swissgliders.ch\/de\/#website"},"primaryImageOfPage":{"@id":"https:\/\/swissgliders.ch\/de\/produkt\/ozone-ultralite-5-en-a\/#primaryimage"},"image":{"@id":"https:\/\/swissgliders.ch\/de\/produkt\/ozone-ultralite-5-en-a\/#primaryimage"},"thumbnailUrl":"https:\/\/swissgliders.ch\/wp-content\/uploads\/2020\/09\/Ozone_Gleitschirm_Ultralite-5-1-scaled.jpg","datePublished":"2020-09-25T19:48:08+00:00","dateModified":"2025-06-12T19:15:05+00:00","description":"Der Klassiker unter den leichtesten Bergschirmen. Das ultimative Ultraleicht-Fliegen ist wieder da...und das leichter und mit mehr Leistung als je zuvor. Der brandneue Ozone Ultralite 5 zeigt einen Leistungszuwachs von unglaublichen 0,8 und ist mit 100 Gramm weniger auf der Waage um 7 km\/h schneller als sein Vorg\u00e4nger. Durch zwei zus\u00e4tzliche neue Gr\u00f6\u00dfen k\u00f6nnen wir den Ultralite 5 von 13 bis 25 qm anbieten. Da sollte f\u00fcr jeden Piloten und jede Art von Auf- und Abstieg etwas dabei sein.","breadcrumb":{"@id":"https:\/\/swissgliders.ch\/de\/produkt\/ozone-ultralite-5-en-a\/#breadcrumb"},"inLanguage":"de","potentialAction":[{"@type":"ReadAction","target":["https:\/\/swissgliders.ch\/de\/produkt\/ozone-ultralite-5-en-a\/"]}]},{"@type":"ImageObject","inLanguage":"de","@id":"https:\/\/swissgliders.ch\/de\/produkt\/ozone-ultralite-5-en-a\/#primaryimage","url":"https:\/\/swissgliders.ch\/wp-content\/uploads\/2020\/09\/Ozone_Gleitschirm_Ultralite-5-1-scaled.jpg","contentUrl":"https:\/\/swissgliders.ch\/wp-content\/uploads\/2020\/09\/Ozone_Gleitschirm_Ultralite-5-1-scaled.jpg","width":2560,"height":1708,"caption":"Ozone_Gleitschirm_Ultralite 5-1"},{"@type":"BreadcrumbList","@id":"https:\/\/swissgliders.ch\/de\/produkt\/ozone-ultralite-5-en-a\/#breadcrumb","itemListElement":[{"@type":"ListItem","position":1,"name":"Startseite","item":"https:\/\/swissgliders.ch\/de\/willkommen\/"},{"@type":"ListItem","position":2,"name":"Gleitschirm Shop","item":"https:\/\/swissgliders.ch\/de\/gleitschirm-shop\/"},{"@type":"ListItem","position":3,"name":"Ozone Ultralite 5 EN-A"}]},{"@type":"WebSite","@id":"https:\/\/swissgliders.ch\/de\/#website","url":"https:\/\/swissgliders.ch\/de\/","name":"Gleitschirmschule Thun, Bern, Interlaken","description":"Gleitschirmschule Thun, Bern, Interlaken","publisher":{"@id":"https:\/\/swissgliders.ch\/de\/#organization"},"potentialAction":[{"@type":"SearchAction","target":{"@type":"EntryPoint","urlTemplate":"https:\/\/swissgliders.ch\/de\/?s={search_term_string}"},"query-input":{"@type":"PropertyValueSpecification","valueRequired":true,"valueName":"search_term_string"}}],"inLanguage":"de"},{"@type":"Organization","@id":"https:\/\/swissgliders.ch\/de\/#organization","name":"Swissgliders Gleitschirmflugschule Thun","url":"https:\/\/swissgliders.ch\/de\/","logo":{"@type":"ImageObject","inLanguage":"de","@id":"https:\/\/swissgliders.ch\/de\/#\/schema\/logo\/image\/","url":"https:\/\/swissgliders.ch\/wp-content\/uploads\/2019\/12\/swissgliders-logo-rgb-square-L-no-ch-01.png","contentUrl":"https:\/\/swissgliders.ch\/wp-content\/uploads\/2019\/12\/swissgliders-logo-rgb-square-L-no-ch-01.png","width":2500,"height":2500,"caption":"Swissgliders Gleitschirmflugschule Thun"},"image":{"@id":"https:\/\/swissgliders.ch\/de\/#\/schema\/logo\/image\/"},"sameAs":["https:\/\/www.facebook.com\/swissgliders","https:\/\/x.com\/Swissgliders","https:\/\/www.instagram.com\/swissgliders\/","https:\/\/www.youtube.com\/channel\/UCMCtGdepy9vBhrhX3V_oJOA"],"hasMerchantReturnPolicy":{"@type":"MerchantReturnPolicy","merchantReturnLink":"https:\/\/swissgliders.ch\/de\/allgemeine-geschaftsbedingungen\/"}}]},"og_availability":"instock","product_availability":"instock","product_condition":"new"},"_links":{"self":[{"href":"https:\/\/swissgliders.ch\/de\/wp-json\/wp\/v2\/product\/5580","targetHints":{"allow":["GET"]}}],"collection":[{"href":"https:\/\/swissgliders.ch\/de\/wp-json\/wp\/v2\/product"}],"about":[{"href":"https:\/\/swissgliders.ch\/de\/wp-json\/wp\/v2\/types\/product"}],"replies":[{"embeddable":true,"href":"https:\/\/swissgliders.ch\/de\/wp-json\/wp\/v2\/comments?post=5580"}],"wp:featuredmedia":[{"embeddable":true,"href":"https:\/\/swissgliders.ch\/de\/wp-json\/wp\/v2\/media\/12666"}],"wp:attachment":[{"href":"https:\/\/swissgliders.ch\/de\/wp-json\/wp\/v2\/media?parent=5580"}],"wp:term":[{"taxonomy":"product_brand","embeddable":true,"href":"https:\/\/swissgliders.ch\/de\/wp-json\/wp\/v2\/product_brand?post=5580"},{"taxonomy":"product_cat","embeddable":true,"href":"https:\/\/swissgliders.ch\/de\/wp-json\/wp\/v2\/product_cat?post=5580"},{"taxonomy":"product_tag","embeddable":true,"href":"https:\/\/swissgliders.ch\/de\/wp-json\/wp\/v2\/product_tag?post=5580"}],"curies":[{"name":"wp","href":"https:\/\/api.w.org\/{rel}","templated":true}]}}