{"id":5588,"date":"2020-09-25T21:32:22","date_gmt":"2020-09-25T20:32:22","guid":{"rendered":"https:\/\/swissgliders.ch\/?post_type=product&#038;p=5588"},"modified":"2025-08-25T20:17:01","modified_gmt":"2025-08-25T19:17:01","slug":"skywalk-masala-4-en-a","status":"publish","type":"product","link":"https:\/\/swissgliders.ch\/de\/produkt\/skywalk-masala-4-en-a\/","title":{"rendered":"Skywalk Masala4 EN-A"},"content":{"rendered":"<div class=\"et_pb_module et_pb_text et_pb_text_0 et_pb_text_align_left et_pb_bg_layout_light\">\n<div class=\"et_pb_text_inner\">\n<h3>More than just the beginning!<\/h3>\n<\/div>\n<\/div>\n<div class=\"et_pb_module et_pb_text et_pb_text_1 et_pb_text_align_justified et_pb_bg_layout_light\">\n<div class=\"et_pb_text_inner\">\n<p>Der MASALA4 ist die perfekte Wahl f\u00fcr den Einstieg in die Welt des Gleitschirmfliegens und f\u00fcr Piloten, die eine einfache, leichte und kompakte Ausr\u00fcstung sch\u00e4tzen. Vom ersten Hike&amp;Fly Erlebnis \u00fcber Flugreisen bis zu den ersten Streckenfl\u00fcgen \u2013 der MASALA4 w\u00e4chst mit deinen Skills! Er ist einfach und intuitiv zu fliegen. Du gewinnst schnell Vertrauen und sammelst viele neue Erfahrungen, w\u00e4hrend du stets auf der sicheren Seite bleibst.<\/p>\n<p>Das komplexe Design und die Leichtbauweise verleihen dem MASALA4 einen bedeutenden Vorteil am Boden und in der Luft. Als einer der leichtesten Gleitschirme unserer Leichtgewichtsbaureihe l\u00e4sst er sich sehr klein packen. Somit ist er der perfekte Begleiter f\u00fcr Reisen und Hike&amp;Fly Touren. In der Luft \u00fcberzeugt er durch eine angenehme D\u00e4mpfung sowie ein spielerisches Handling, und schafft eine Einheit zwischen dir, dem Fl\u00fcgel und der umgebenden Luft.<\/p>\n<p>Um es kurz zu machen: Mit dem MASALA4 an deiner Seite genie\u00dft du Leichtigkeit, einfache Handhabung und intuitives Fluggef\u00fchl, kombiniert mit un\u00fcbertroffener Sicherheit und purem Flugspa\u00df.<\/p>\n<p><strong>PRODUKTINFORMATION &#8222;MASALA4 PARAGLIDER&#8220;<\/strong><br \/>\nDer MASALA4 ist unser sportlicher Einstieg in die A-Klasse. Das einfache Flugverhalten in Kombination mit dem sportlichen Handling und einer zug\u00e4nglichen Leistung ergeben einen besonders ausgewogenen Schirm. Abgerundet wird das Konzept durch ein hohes Ma\u00df an passiver Sicherheit.<\/p>\n<p>Anforderungen an den Piloten<\/p>\n<p>Der MASALA4 eignet sich f\u00fcr Piloten aller K\u00f6nnensstufen, von der Ausbildung bis zum erfahrenen Freizeitpiloten. Er bietet maximalen Flugspa\u00df bei h\u00f6chster passiver Sicherheit &#8211; am \u00dcbungshang ebenso wie beim Hike&amp;Fly. Und nat\u00fcrlich ist der MASALA4 auch f\u00fcr die Ausbildung bestens geeignet.<\/p>\n<p>\u00dcbersetzt mit DeepL.com (kostenlose Version)<\/p>\n<h4 class=\"et_pb_module_header\">Dein MASALA4 Paket<\/h4>\n<div class=\"et_pb_blurb_description\">\n<div class=\"et_pb_all_tabs\">\n<p><strong>Der leichte Allrounder kommt mit<\/strong><strong>:<\/strong><\/p>\n<ul>\n<li>\n<ul>\n<li>1x Kompressionsband<\/li>\n<li>1x Innenpacksack<\/li>\n<li>1x Tragegurttasche<\/li>\n<li>1x Basic Guide<\/li>\n<li>1x Multifunktionstuch<\/li>\n<li>1x Repair Kit<\/li>\n<\/ul>\n<\/li>\n<\/ul>\n<\/div>\n<\/div>\n<p>&nbsp;<\/p>\n<\/div>\n<\/div>\n<p>Mehr<a href=\"https:\/\/skywalk.info\/de\/project\/masala4\/\" target=\"_blank\" rel=\"noopener noreferrer\"> Infos<\/a><\/p>\n<p>Falls dieser Artikel nicht an Lager ist, wird er f\u00fcr dich bestellt. Lieferfrist auf Anfrage.<\/p>\n","protected":false},"excerpt":{"rendered":"<div class=\"et_pb_module et_pb_text et_pb_text_0 et_pb_text_align_left et_pb_bg_layout_light\">\n<div class=\"et_pb_text_inner\">\n<h3>More than just the beginning!<\/h3>\n<\/div>\n<\/div>\n<div class=\"et_pb_module et_pb_text et_pb_text_1 et_pb_text_align_justified et_pb_bg_layout_light\">\n<div class=\"et_pb_text_inner\">\n<p>Der MASALA4 ist die perfekte Wahl f\u00fcr den Einstieg in die Welt des Gleitschirmfliegens und f\u00fcr Piloten, die eine einfache, leichte und kompakte Ausr\u00fcstung sch\u00e4tzen. Vom ersten Hike&amp;Fly Erlebnis \u00fcber Flugreisen bis zu den ersten Streckenfl\u00fcgen \u2013 der MASALA4 w\u00e4chst mit deinen Skills! Er ist einfach und intuitiv zu fliegen. Du gewinnst schnell Vertrauen und sammelst viele neue Erfahrungen, w\u00e4hrend du stets auf der sicheren Seite bleibst.<\/p>\n<p>Das komplexe Design und die Leichtbauweise verleihen dem MASALA4 einen bedeutenden Vorteil am Boden und in der Luft. Als einer der leichtesten Gleitschirme unserer Leichtgewichtsbaureihe l\u00e4sst er sich sehr klein packen. Somit ist er der perfekte Begleiter f\u00fcr Reisen und Hike&amp;Fly Touren. In der Luft \u00fcberzeugt er durch eine angenehme D\u00e4mpfung sowie ein spielerisches Handling, und schafft eine Einheit zwischen dir, dem Fl\u00fcgel und der umgebenden Luft.<\/p>\n<p>Um es kurz zu machen: Mit dem MASALA4 an deiner Seite genie\u00dft du Leichtigkeit, einfache Handhabung und intuitives Fluggef\u00fchl, kombiniert mit un\u00fcbertroffener Sicherheit und purem Flugspa\u00df.<\/p>\n<p><strong>PRODUKTINFORMATION &#8222;MASALA4 PARAGLIDER&#8220;<\/strong><br \/>\nDer MASALA4 ist unser sportlicher Einstieg in die A-Klasse. Das einfache Flugverhalten in Kombination mit dem sportlichen Handling und einer zug\u00e4nglichen Leistung ergeben einen besonders ausgewogenen Schirm. Abgerundet wird das Konzept durch ein hohes Ma\u00df an passiver Sicherheit.<\/p>\n<p>Anforderungen an den Piloten<\/p>\n<p>Der MASALA4 eignet sich f\u00fcr Piloten aller K\u00f6nnensstufen, von der Ausbildung bis zum erfahrenen Freizeitpiloten. Er bietet maximalen Flugspa\u00df bei h\u00f6chster passiver Sicherheit &#8211; am \u00dcbungshang ebenso wie beim Hike&amp;Fly. Und nat\u00fcrlich ist der MASALA4 auch f\u00fcr die Ausbildung bestens geeignet.<\/p>\n<p>\u00dcbersetzt mit DeepL.com (kostenlose Version)<\/p>\n<h4 class=\"et_pb_module_header\">Dein MASALA4 Paket<\/h4>\n<div class=\"et_pb_blurb_description\">\n<div class=\"et_pb_all_tabs\">\n<p><strong>Der leichte Allrounder kommt mit<\/strong><strong>:<\/strong><\/p>\n<ul>\n<li>\n<ul>\n<li>1x Kompressionsband<\/li>\n<li>1x Innenpacksack<\/li>\n<li>1x Tragegurttasche<\/li>\n<li>1x Basic Guide<\/li>\n<li>1x Multifunktionstuch<\/li>\n<li>1x Repair Kit<\/li>\n<\/ul>\n<\/li>\n<\/ul>\n<\/div>\n<\/div>\n<p>&nbsp;<\/p>\n<\/div>\n<\/div>\n<p>Mehr<a href=\"https:\/\/skywalk.info\/de\/project\/masala4\/\" target=\"_blank\" rel=\"noopener noreferrer\"> Infos<\/a><\/p>\n<p>Falls dieser Artikel nicht an Lager ist, wird er f\u00fcr dich bestellt. Lieferfrist auf Anfrage.<\/p>\n","protected":false},"featured_media":12386,"comment_status":"closed","ping_status":"closed","template":"","meta":[],"product_brand":[],"product_cat":[86,1293],"product_tag":[917,1295,90],"class_list":{"0":"post-5588","1":"product","2":"type-product","3":"status-publish","4":"has-post-thumbnail","6":"product_cat-gleitschirme","7":"product_cat-leichte-gleitschirme","8":"product_tag-gleitschirm","9":"product_tag-leichtschirm","10":"product_tag-verkaufsartikel","12":"first","13":"instock","14":"sale","15":"shipping-taxable","16":"purchasable","17":"product-type-variable"},"yoast_head":"<!-- This site is optimized with the Yoast SEO Premium plugin v26.1 (Yoast SEO v27.3) - https:\/\/yoast.com\/product\/yoast-seo-premium-wordpress\/ -->\n<title>Skywalk Masala4 EN-A | Gleitschirmschule Thun, Bern, Interlaken<\/title>\n<meta name=\"description\" content=\"Der MASALA4 eignet sich f\u00fcr Piloten aller K\u00f6nnensstufen, von der Ausbildung bis zum erfahrenen Freizeitpiloten. Er bietet maximalen Flugspa\u00df bei h\u00f6chster passiver Sicherheit - am \u00dcbungshang ebenso wie beim Hike&amp;Fly. Und nat\u00fcrlich ist der MASALA4 auch f\u00fcr die Ausbildung bestens geeignet.\" \/>\n<meta name=\"robots\" content=\"index, follow, max-snippet:-1, max-image-preview:large, max-video-preview:-1\" \/>\n<link rel=\"canonical\" href=\"https:\/\/swissgliders.ch\/de\/produkt\/skywalk-masala-4-en-a\/\" \/>\n<meta property=\"og:locale\" content=\"de_DE\" \/>\n<meta property=\"og:type\" content=\"article\" \/>\n<meta property=\"og:title\" content=\"Skywalk Masala4 EN-A\" \/>\n<meta property=\"og:description\" content=\"Der MASALA4 eignet sich f\u00fcr Piloten aller K\u00f6nnensstufen, von der Ausbildung bis zum erfahrenen Freizeitpiloten. Er bietet maximalen Flugspa\u00df bei h\u00f6chster passiver Sicherheit - am \u00dcbungshang ebenso wie beim Hike&amp;Fly. Und nat\u00fcrlich ist der MASALA4 auch f\u00fcr die Ausbildung bestens geeignet.\" \/>\n<meta property=\"og:url\" content=\"https:\/\/swissgliders.ch\/de\/produkt\/skywalk-masala-4-en-a\/\" \/>\n<meta property=\"og:site_name\" content=\"Gleitschirmschule Thun, Bern, Interlaken\" \/>\n<meta property=\"article:publisher\" content=\"https:\/\/www.facebook.com\/swissgliders\" \/>\n<meta property=\"article:modified_time\" content=\"2025-08-25T19:17:01+00:00\" \/>\n<meta property=\"og:image\" content=\"https:\/\/swissgliders.ch\/wp-content\/uploads\/2020\/09\/Skywalk_Gleitschirm_Masala4-1.jpg\" \/>\n\t<meta property=\"og:image:width\" content=\"1600\" \/>\n\t<meta property=\"og:image:height\" content=\"1600\" \/>\n\t<meta property=\"og:image:type\" content=\"image\/jpeg\" \/>\n<meta name=\"twitter:card\" content=\"summary_large_image\" \/>\n<meta name=\"twitter:site\" content=\"@Swissgliders\" \/>\n<meta name=\"twitter:label1\" content=\"Verf\u00fcgbarkeit\" \/>\n\t<meta name=\"twitter:data1\" content=\"Auf Lager\" \/>\n<script type=\"application\/ld+json\" class=\"yoast-schema-graph\">{\"@context\":\"https:\\\/\\\/schema.org\",\"@graph\":[{\"@type\":\"WebPage\",\"@id\":\"https:\\\/\\\/swissgliders.ch\\\/de\\\/produkt\\\/skywalk-masala-4-en-a\\\/\",\"url\":\"https:\\\/\\\/swissgliders.ch\\\/de\\\/produkt\\\/skywalk-masala-4-en-a\\\/\",\"name\":\"Skywalk Masala4 EN-A | Gleitschirmschule Thun, Bern, Interlaken\",\"isPartOf\":{\"@id\":\"https:\\\/\\\/swissgliders.ch\\\/de\\\/#website\"},\"primaryImageOfPage\":{\"@id\":\"https:\\\/\\\/swissgliders.ch\\\/de\\\/produkt\\\/skywalk-masala-4-en-a\\\/#primaryimage\"},\"image\":{\"@id\":\"https:\\\/\\\/swissgliders.ch\\\/de\\\/produkt\\\/skywalk-masala-4-en-a\\\/#primaryimage\"},\"thumbnailUrl\":\"https:\\\/\\\/swissgliders.ch\\\/wp-content\\\/uploads\\\/2020\\\/09\\\/Skywalk_Gleitschirm_Masala4-1.jpg\",\"datePublished\":\"2020-09-25T20:32:22+00:00\",\"dateModified\":\"2025-08-25T19:17:01+00:00\",\"description\":\"Der MASALA4 eignet sich f\u00fcr Piloten aller K\u00f6nnensstufen, von der Ausbildung bis zum erfahrenen Freizeitpiloten. Er bietet maximalen Flugspa\u00df bei h\u00f6chster passiver Sicherheit - am \u00dcbungshang ebenso wie beim Hike&Fly. Und nat\u00fcrlich ist der MASALA4 auch f\u00fcr die Ausbildung bestens geeignet.\",\"breadcrumb\":{\"@id\":\"https:\\\/\\\/swissgliders.ch\\\/de\\\/produkt\\\/skywalk-masala-4-en-a\\\/#breadcrumb\"},\"inLanguage\":\"de\",\"potentialAction\":[{\"@type\":\"ReadAction\",\"target\":[\"https:\\\/\\\/swissgliders.ch\\\/de\\\/produkt\\\/skywalk-masala-4-en-a\\\/\"]}]},{\"@type\":\"ImageObject\",\"inLanguage\":\"de\",\"@id\":\"https:\\\/\\\/swissgliders.ch\\\/de\\\/produkt\\\/skywalk-masala-4-en-a\\\/#primaryimage\",\"url\":\"https:\\\/\\\/swissgliders.ch\\\/wp-content\\\/uploads\\\/2020\\\/09\\\/Skywalk_Gleitschirm_Masala4-1.jpg\",\"contentUrl\":\"https:\\\/\\\/swissgliders.ch\\\/wp-content\\\/uploads\\\/2020\\\/09\\\/Skywalk_Gleitschirm_Masala4-1.jpg\",\"width\":1600,\"height\":1600,\"caption\":\"Skywalk_Gleitschirm_Masala4-1\"},{\"@type\":\"BreadcrumbList\",\"@id\":\"https:\\\/\\\/swissgliders.ch\\\/de\\\/produkt\\\/skywalk-masala-4-en-a\\\/#breadcrumb\",\"itemListElement\":[{\"@type\":\"ListItem\",\"position\":1,\"name\":\"Startseite\",\"item\":\"https:\\\/\\\/swissgliders.ch\\\/de\\\/willkommen\\\/\"},{\"@type\":\"ListItem\",\"position\":2,\"name\":\"Gleitschirm Shop\",\"item\":\"https:\\\/\\\/swissgliders.ch\\\/de\\\/gleitschirm-shop\\\/\"},{\"@type\":\"ListItem\",\"position\":3,\"name\":\"Skywalk Masala4 EN-A\"}]},{\"@type\":\"WebSite\",\"@id\":\"https:\\\/\\\/swissgliders.ch\\\/de\\\/#website\",\"url\":\"https:\\\/\\\/swissgliders.ch\\\/de\\\/\",\"name\":\"Gleitschirmschule Thun, Bern, Interlaken\",\"description\":\"Gleitschirmschule Thun, Bern, Interlaken\",\"publisher\":{\"@id\":\"https:\\\/\\\/swissgliders.ch\\\/de\\\/#organization\"},\"potentialAction\":[{\"@type\":\"SearchAction\",\"target\":{\"@type\":\"EntryPoint\",\"urlTemplate\":\"https:\\\/\\\/swissgliders.ch\\\/de\\\/?s={search_term_string}\"},\"query-input\":{\"@type\":\"PropertyValueSpecification\",\"valueRequired\":true,\"valueName\":\"search_term_string\"}}],\"inLanguage\":\"de\"},{\"@type\":\"Organization\",\"@id\":\"https:\\\/\\\/swissgliders.ch\\\/de\\\/#organization\",\"name\":\"Swissgliders Gleitschirmflugschule Thun\",\"url\":\"https:\\\/\\\/swissgliders.ch\\\/de\\\/\",\"logo\":{\"@type\":\"ImageObject\",\"inLanguage\":\"de\",\"@id\":\"https:\\\/\\\/swissgliders.ch\\\/de\\\/#\\\/schema\\\/logo\\\/image\\\/\",\"url\":\"https:\\\/\\\/swissgliders.ch\\\/wp-content\\\/uploads\\\/2019\\\/12\\\/swissgliders-logo-rgb-square-L-no-ch-01.png\",\"contentUrl\":\"https:\\\/\\\/swissgliders.ch\\\/wp-content\\\/uploads\\\/2019\\\/12\\\/swissgliders-logo-rgb-square-L-no-ch-01.png\",\"width\":2500,\"height\":2500,\"caption\":\"Swissgliders Gleitschirmflugschule Thun\"},\"image\":{\"@id\":\"https:\\\/\\\/swissgliders.ch\\\/de\\\/#\\\/schema\\\/logo\\\/image\\\/\"},\"sameAs\":[\"https:\\\/\\\/www.facebook.com\\\/swissgliders\",\"https:\\\/\\\/x.com\\\/Swissgliders\",\"https:\\\/\\\/www.instagram.com\\\/swissgliders\\\/\",\"https:\\\/\\\/www.youtube.com\\\/channel\\\/UCMCtGdepy9vBhrhX3V_oJOA\"],\"hasMerchantReturnPolicy\":{\"@type\":\"MerchantReturnPolicy\",\"merchantReturnLink\":\"https:\\\/\\\/swissgliders.ch\\\/de\\\/allgemeine-geschaftsbedingungen\\\/\"}}]}<\/script>\n<meta property=\"og:availability\" content=\"instock\" \/>\n<meta property=\"product:availability\" content=\"instock\" \/>\n<meta property=\"product:condition\" content=\"new\" \/>\n<!-- \/ Yoast SEO Premium plugin. -->","yoast_head_json":{"title":"Skywalk Masala4 EN-A | Gleitschirmschule Thun, Bern, Interlaken","description":"Der MASALA4 eignet sich f\u00fcr Piloten aller K\u00f6nnensstufen, von der Ausbildung bis zum erfahrenen Freizeitpiloten. Er bietet maximalen Flugspa\u00df bei h\u00f6chster passiver Sicherheit - am \u00dcbungshang ebenso wie beim Hike&Fly. Und nat\u00fcrlich ist der MASALA4 auch f\u00fcr die Ausbildung bestens geeignet.","robots":{"index":"index","follow":"follow","max-snippet":"max-snippet:-1","max-image-preview":"max-image-preview:large","max-video-preview":"max-video-preview:-1"},"canonical":"https:\/\/swissgliders.ch\/de\/produkt\/skywalk-masala-4-en-a\/","og_locale":"de_DE","og_type":"article","og_title":"Skywalk Masala4 EN-A","og_description":"Der MASALA4 eignet sich f\u00fcr Piloten aller K\u00f6nnensstufen, von der Ausbildung bis zum erfahrenen Freizeitpiloten. Er bietet maximalen Flugspa\u00df bei h\u00f6chster passiver Sicherheit - am \u00dcbungshang ebenso wie beim Hike&Fly. Und nat\u00fcrlich ist der MASALA4 auch f\u00fcr die Ausbildung bestens geeignet.","og_url":"https:\/\/swissgliders.ch\/de\/produkt\/skywalk-masala-4-en-a\/","og_site_name":"Gleitschirmschule Thun, Bern, Interlaken","article_publisher":"https:\/\/www.facebook.com\/swissgliders","article_modified_time":"2025-08-25T19:17:01+00:00","og_image":[{"width":1600,"height":1600,"url":"https:\/\/swissgliders.ch\/wp-content\/uploads\/2020\/09\/Skywalk_Gleitschirm_Masala4-1.jpg","type":"image\/jpeg"}],"twitter_card":"summary_large_image","twitter_site":"@Swissgliders","twitter_misc":{"Verf\u00fcgbarkeit":"Auf Lager"},"schema":{"@context":"https:\/\/schema.org","@graph":[{"@type":"WebPage","@id":"https:\/\/swissgliders.ch\/de\/produkt\/skywalk-masala-4-en-a\/","url":"https:\/\/swissgliders.ch\/de\/produkt\/skywalk-masala-4-en-a\/","name":"Skywalk Masala4 EN-A | Gleitschirmschule Thun, Bern, Interlaken","isPartOf":{"@id":"https:\/\/swissgliders.ch\/de\/#website"},"primaryImageOfPage":{"@id":"https:\/\/swissgliders.ch\/de\/produkt\/skywalk-masala-4-en-a\/#primaryimage"},"image":{"@id":"https:\/\/swissgliders.ch\/de\/produkt\/skywalk-masala-4-en-a\/#primaryimage"},"thumbnailUrl":"https:\/\/swissgliders.ch\/wp-content\/uploads\/2020\/09\/Skywalk_Gleitschirm_Masala4-1.jpg","datePublished":"2020-09-25T20:32:22+00:00","dateModified":"2025-08-25T19:17:01+00:00","description":"Der MASALA4 eignet sich f\u00fcr Piloten aller K\u00f6nnensstufen, von der Ausbildung bis zum erfahrenen Freizeitpiloten. Er bietet maximalen Flugspa\u00df bei h\u00f6chster passiver Sicherheit - am \u00dcbungshang ebenso wie beim Hike&Fly. Und nat\u00fcrlich ist der MASALA4 auch f\u00fcr die Ausbildung bestens geeignet.","breadcrumb":{"@id":"https:\/\/swissgliders.ch\/de\/produkt\/skywalk-masala-4-en-a\/#breadcrumb"},"inLanguage":"de","potentialAction":[{"@type":"ReadAction","target":["https:\/\/swissgliders.ch\/de\/produkt\/skywalk-masala-4-en-a\/"]}]},{"@type":"ImageObject","inLanguage":"de","@id":"https:\/\/swissgliders.ch\/de\/produkt\/skywalk-masala-4-en-a\/#primaryimage","url":"https:\/\/swissgliders.ch\/wp-content\/uploads\/2020\/09\/Skywalk_Gleitschirm_Masala4-1.jpg","contentUrl":"https:\/\/swissgliders.ch\/wp-content\/uploads\/2020\/09\/Skywalk_Gleitschirm_Masala4-1.jpg","width":1600,"height":1600,"caption":"Skywalk_Gleitschirm_Masala4-1"},{"@type":"BreadcrumbList","@id":"https:\/\/swissgliders.ch\/de\/produkt\/skywalk-masala-4-en-a\/#breadcrumb","itemListElement":[{"@type":"ListItem","position":1,"name":"Startseite","item":"https:\/\/swissgliders.ch\/de\/willkommen\/"},{"@type":"ListItem","position":2,"name":"Gleitschirm Shop","item":"https:\/\/swissgliders.ch\/de\/gleitschirm-shop\/"},{"@type":"ListItem","position":3,"name":"Skywalk Masala4 EN-A"}]},{"@type":"WebSite","@id":"https:\/\/swissgliders.ch\/de\/#website","url":"https:\/\/swissgliders.ch\/de\/","name":"Gleitschirmschule Thun, Bern, Interlaken","description":"Gleitschirmschule Thun, Bern, Interlaken","publisher":{"@id":"https:\/\/swissgliders.ch\/de\/#organization"},"potentialAction":[{"@type":"SearchAction","target":{"@type":"EntryPoint","urlTemplate":"https:\/\/swissgliders.ch\/de\/?s={search_term_string}"},"query-input":{"@type":"PropertyValueSpecification","valueRequired":true,"valueName":"search_term_string"}}],"inLanguage":"de"},{"@type":"Organization","@id":"https:\/\/swissgliders.ch\/de\/#organization","name":"Swissgliders Gleitschirmflugschule Thun","url":"https:\/\/swissgliders.ch\/de\/","logo":{"@type":"ImageObject","inLanguage":"de","@id":"https:\/\/swissgliders.ch\/de\/#\/schema\/logo\/image\/","url":"https:\/\/swissgliders.ch\/wp-content\/uploads\/2019\/12\/swissgliders-logo-rgb-square-L-no-ch-01.png","contentUrl":"https:\/\/swissgliders.ch\/wp-content\/uploads\/2019\/12\/swissgliders-logo-rgb-square-L-no-ch-01.png","width":2500,"height":2500,"caption":"Swissgliders Gleitschirmflugschule Thun"},"image":{"@id":"https:\/\/swissgliders.ch\/de\/#\/schema\/logo\/image\/"},"sameAs":["https:\/\/www.facebook.com\/swissgliders","https:\/\/x.com\/Swissgliders","https:\/\/www.instagram.com\/swissgliders\/","https:\/\/www.youtube.com\/channel\/UCMCtGdepy9vBhrhX3V_oJOA"],"hasMerchantReturnPolicy":{"@type":"MerchantReturnPolicy","merchantReturnLink":"https:\/\/swissgliders.ch\/de\/allgemeine-geschaftsbedingungen\/"}}]},"og_availability":"instock","product_availability":"instock","product_condition":"new"},"_links":{"self":[{"href":"https:\/\/swissgliders.ch\/de\/wp-json\/wp\/v2\/product\/5588","targetHints":{"allow":["GET"]}}],"collection":[{"href":"https:\/\/swissgliders.ch\/de\/wp-json\/wp\/v2\/product"}],"about":[{"href":"https:\/\/swissgliders.ch\/de\/wp-json\/wp\/v2\/types\/product"}],"replies":[{"embeddable":true,"href":"https:\/\/swissgliders.ch\/de\/wp-json\/wp\/v2\/comments?post=5588"}],"wp:featuredmedia":[{"embeddable":true,"href":"https:\/\/swissgliders.ch\/de\/wp-json\/wp\/v2\/media\/12386"}],"wp:attachment":[{"href":"https:\/\/swissgliders.ch\/de\/wp-json\/wp\/v2\/media?parent=5588"}],"wp:term":[{"taxonomy":"product_brand","embeddable":true,"href":"https:\/\/swissgliders.ch\/de\/wp-json\/wp\/v2\/product_brand?post=5588"},{"taxonomy":"product_cat","embeddable":true,"href":"https:\/\/swissgliders.ch\/de\/wp-json\/wp\/v2\/product_cat?post=5588"},{"taxonomy":"product_tag","embeddable":true,"href":"https:\/\/swissgliders.ch\/de\/wp-json\/wp\/v2\/product_tag?post=5588"}],"curies":[{"name":"wp","href":"https:\/\/api.w.org\/{rel}","templated":true}]}}