{"id":5776,"date":"2020-11-20T16:46:01","date_gmt":"2020-11-20T15:46:01","guid":{"rendered":"https:\/\/swissgliders.ch\/?post_type=product&#038;p=5776"},"modified":"2025-05-24T11:21:18","modified_gmt":"2025-05-24T10:21:18","slug":"ozone-angel-sq-pro","status":"publish","type":"product","link":"https:\/\/swissgliders.ch\/de\/produkt\/ozone-angel-sq-pro\/","title":{"rendered":"Ozone Angel SQ PRO"},"content":{"rendered":"<p><img loading=\"lazy\" decoding=\"async\" class=\"\" src=\"https:\/\/redtailparagliding.com\/wp-content\/uploads\/2023\/05\/Angel-sq-pro-3.jpg\" alt=\"Shop Ozone Angel SQ Pro Lightweight Paragliding Reserve Parachute\" width=\"409\" height=\"409\" \/><\/p>\n<p>Die Rettung Angel SQ Pro ist sehr leicht. Leichter geht&#8217;s nur mit dem <a href=\"https:\/\/swissgliders.ch\/de\/produkt\/skywalk-tapa-x-alps\/\" target=\"_blank\" rel=\"noopener\">Tapa X-ALPS<\/a> von Skywalk. Alternative zum Angel SQ Pro ist der <a href=\"https:\/\/swissgliders.ch\/de\/produkt\/skywalk-pepper-cross-light\/\" target=\"_blank\" rel=\"noopener\">Pepper Cross Light<\/a> von Skywalk. Unsere Standard-Rettung hingegen ist der <a href=\"https:\/\/swissgliders.ch\/de\/produkt\/nova-pentagon-notschirm\/\" target=\"_blank\" rel=\"noopener\">Pentagon<\/a> von Nova &#8211; nicht zu schwer trotzdem robust.<\/p>\n<ul>\n<li>920 Gramm (Gr\u00f6\u00dfe 100)<\/li>\n<li>Entwickelt zur Maximierung der Gewichts- und Volumeneinsparungen<\/li>\n<li>Erh\u00f6hte Stabilit\u00e4t<\/li>\n<li>Verbesserte Sinkgeschwindigkeit<\/li>\n<li>Rasche Inflation<\/li>\n<\/ul>\n<p>Die Angel SQ Pro ist das gleiche bew\u00e4hrte Konzept wie die Angel SQ, nur aus noch leichteren Materialien hergestellt. Er wurde f\u00fcr Wander- und Fliegenabenteuer wie die Red Bull X-Alps entwickelt und f\u00fcr alle, die Gewicht im Rucksack sparen wollen, ohne Kompromisse bei der Sicherheit einzugehen.<br \/>\nDer Angel SQ Pro ist eine Top-Option f\u00fcr Piloten, die einen schnell zu \u00f6ffnenden, stabilen und sicheren Reserve-Fallschirm mitf\u00fchren wollen, der ein geringes Packvolumen und ein ultraleichtes Gewicht aufweist.<\/p>\n<p>Die beiden Hauptfaktoren f\u00fcr die Leistung eines Reserveschirms sind Sinkgeschwindigkeit und Stabilit\u00e4t. Ein Reservefallschirm mit einer akzeptablen theoretischen Sinkgeschwindigkeit kann bei Pendelinstabilit\u00e4t leicht eine harte Landung erm\u00f6glichen. Der Hauptvorteil des Angel SQ Pro gegen\u00fcber einer traditionellen Runde liegt in seiner erh\u00f6hten Stabilit\u00e4t. Die erh\u00f6hte Stabilit\u00e4t in Verbindung mit der ausgezeichneten Sinkgeschwindigkeit des Angel SQ Pro macht ihn zu einer h\u00f6heren Leistungsreserve als herk\u00f6mmliche runde Konstruktionen.<\/p>\n<p>Die Angel SQ hat eine relativ gro\u00dfe Oberfl\u00e4che und ist dennoch ultraleicht, was zu einer au\u00dfergew\u00f6hnlichen Sinkrate und Stabilit\u00e4tsleistung mit schnellen \u00d6ffnungszeiten f\u00fchrt. Die gro\u00dfe Oberfl\u00e4che ist der Hauptbestandteil seiner exzellenten Sinkrate &#8211; alle Gr\u00f6\u00dfen des Angel SQ Pro bieten viel Spielraum innerhalb der Gewichtsbereiche, f\u00fcr die sie zertifiziert sind. Wo das Angel SQ Pro wirklich gl\u00e4nzt, ist seine hohe Pendelstabilit\u00e4t, die sogar noch wichtiger sein kann als die Sinkratenleistung. W\u00e4hrend des Entwicklungsprozesses, der viele Testeins\u00e4tze unter realen Bedingungen umfasste, sorgten die geringe Sinkgeschwindigkeit und die hohe Pendelstabilit\u00e4t des Angel SQ Pro f\u00fcr konstant sichere und komfortable Abfahrten.<\/p>\n<p>Der Angel SQ Pro ist EN-zertifiziert und in den Gr\u00f6\u00dfen 100 und 120 erh\u00e4ltlich. Er wird mit einer kurzen Verbindungsleine geliefert, die f\u00fcr Gurtzeuge mit integrierter Reserveleine ausgelegt ist. Er passt gut zu den Serien Ozium und F*Race, kann aber auch mit jedem anderen Gurtzeugtyp verwendet werden.<\/p>\n<p>Farbe: Orange<\/p>\n<p>&nbsp;<\/p>\n<p>Mehr <a href=\"https:\/\/www.flyozone.com\/paragliders\/de\/products\/reserves\/angel-sq-pro\" target=\"_blank\" rel=\"noopener noreferrer\">Infos<\/a><\/p>\n<p>Falls dieser Artikel nicht an Lager ist, wird er f\u00fcr dich bestellt. Lieferfrist auf Anfrage.<\/p>\n","protected":false},"excerpt":{"rendered":"<p><img loading=\"lazy\" decoding=\"async\" class=\"\" src=\"https:\/\/redtailparagliding.com\/wp-content\/uploads\/2023\/05\/Angel-sq-pro-3.jpg\" alt=\"Shop Ozone Angel SQ Pro Lightweight Paragliding Reserve Parachute\" width=\"409\" height=\"409\" \/><\/p>\n<p>Die Rettung Angel SQ Pro ist sehr leicht. Leichter geht&#8217;s nur mit dem <a href=\"https:\/\/swissgliders.ch\/de\/produkt\/skywalk-tapa-x-alps\/\" target=\"_blank\" rel=\"noopener\">Tapa X-ALPS<\/a> von Skywalk. Alternative zum Angel SQ Pro ist der <a href=\"https:\/\/swissgliders.ch\/de\/produkt\/skywalk-pepper-cross-light\/\" target=\"_blank\" rel=\"noopener\">Pepper Cross Light<\/a> von Skywalk. Unsere Standard-Rettung hingegen ist der <a href=\"https:\/\/swissgliders.ch\/de\/produkt\/nova-pentagon-notschirm\/\" target=\"_blank\" rel=\"noopener\">Pentagon<\/a> von Nova &#8211; nicht zu schwer trotzdem robust.<\/p>\n<ul>\n<li>920 Gramm (Gr\u00f6\u00dfe 100)<\/li>\n<li>Entwickelt zur Maximierung der Gewichts- und Volumeneinsparungen<\/li>\n<li>Erh\u00f6hte Stabilit\u00e4t<\/li>\n<li>Verbesserte Sinkgeschwindigkeit<\/li>\n<li>Rasche Inflation<\/li>\n<\/ul>\n<p>Die Angel SQ Pro ist das gleiche bew\u00e4hrte Konzept wie die Angel SQ, nur aus noch leichteren Materialien hergestellt. Er wurde f\u00fcr Wander- und Fliegenabenteuer wie die Red Bull X-Alps entwickelt und f\u00fcr alle, die Gewicht im Rucksack sparen wollen, ohne Kompromisse bei der Sicherheit einzugehen.<br \/>\nDer Angel SQ Pro ist eine Top-Option f\u00fcr Piloten, die einen schnell zu \u00f6ffnenden, stabilen und sicheren Reserve-Fallschirm mitf\u00fchren wollen, der ein geringes Packvolumen und ein ultraleichtes Gewicht aufweist.<\/p>\n<p>Die beiden Hauptfaktoren f\u00fcr die Leistung eines Reserveschirms sind Sinkgeschwindigkeit und Stabilit\u00e4t. Ein Reservefallschirm mit einer akzeptablen theoretischen Sinkgeschwindigkeit kann bei Pendelinstabilit\u00e4t leicht eine harte Landung erm\u00f6glichen. Der Hauptvorteil des Angel SQ Pro gegen\u00fcber einer traditionellen Runde liegt in seiner erh\u00f6hten Stabilit\u00e4t. Die erh\u00f6hte Stabilit\u00e4t in Verbindung mit der ausgezeichneten Sinkgeschwindigkeit des Angel SQ Pro macht ihn zu einer h\u00f6heren Leistungsreserve als herk\u00f6mmliche runde Konstruktionen.<\/p>\n<p>Die Angel SQ hat eine relativ gro\u00dfe Oberfl\u00e4che und ist dennoch ultraleicht, was zu einer au\u00dfergew\u00f6hnlichen Sinkrate und Stabilit\u00e4tsleistung mit schnellen \u00d6ffnungszeiten f\u00fchrt. Die gro\u00dfe Oberfl\u00e4che ist der Hauptbestandteil seiner exzellenten Sinkrate &#8211; alle Gr\u00f6\u00dfen des Angel SQ Pro bieten viel Spielraum innerhalb der Gewichtsbereiche, f\u00fcr die sie zertifiziert sind. Wo das Angel SQ Pro wirklich gl\u00e4nzt, ist seine hohe Pendelstabilit\u00e4t, die sogar noch wichtiger sein kann als die Sinkratenleistung. W\u00e4hrend des Entwicklungsprozesses, der viele Testeins\u00e4tze unter realen Bedingungen umfasste, sorgten die geringe Sinkgeschwindigkeit und die hohe Pendelstabilit\u00e4t des Angel SQ Pro f\u00fcr konstant sichere und komfortable Abfahrten.<\/p>\n<p>Der Angel SQ Pro ist EN-zertifiziert und in den Gr\u00f6\u00dfen 100 und 120 erh\u00e4ltlich. Er wird mit einer kurzen Verbindungsleine geliefert, die f\u00fcr Gurtzeuge mit integrierter Reserveleine ausgelegt ist. Er passt gut zu den Serien Ozium und F*Race, kann aber auch mit jedem anderen Gurtzeugtyp verwendet werden.<\/p>\n<p>Farbe: Orange<\/p>\n<p>&nbsp;<\/p>\n<p>Mehr <a href=\"https:\/\/www.flyozone.com\/paragliders\/de\/products\/reserves\/angel-sq-pro\" target=\"_blank\" rel=\"noopener noreferrer\">Infos<\/a><\/p>\n<p>Falls dieser Artikel nicht an Lager ist, wird er f\u00fcr dich bestellt. Lieferfrist auf Anfrage.<\/p>\n","protected":false},"featured_media":12703,"comment_status":"closed","ping_status":"closed","template":"","meta":[],"product_brand":[],"product_cat":[1309],"product_tag":[1310,1311,90],"class_list":{"0":"post-5776","1":"product","2":"type-product","3":"status-publish","4":"has-post-thumbnail","6":"product_cat-gleitschirm-rettungsgeraete","7":"product_tag-notschirm","8":"product_tag-retter","9":"product_tag-verkaufsartikel","10":"product_shipping_class-priority-2kg-de","12":"first","13":"instock","14":"sale","15":"shipping-taxable","16":"purchasable","17":"product-type-variable"},"yoast_head":"<!-- This site is optimized with the Yoast SEO Premium plugin v26.1 (Yoast SEO v27.3) - https:\/\/yoast.com\/product\/yoast-seo-premium-wordpress\/ -->\n<title>Ozone Angel SQ PRO | Gleitschirmschule Thun, Bern, Interlaken<\/title>\n<meta name=\"description\" content=\"Verl\u00e4ssliche leichte Rettung Angel SQ Pro von Ozone mit allen Vorteilen einer Kreuzkappe\" \/>\n<meta name=\"robots\" content=\"index, follow, max-snippet:-1, max-image-preview:large, max-video-preview:-1\" \/>\n<link rel=\"canonical\" href=\"https:\/\/swissgliders.ch\/de\/produkt\/ozone-angel-sq-pro\/\" \/>\n<meta property=\"og:locale\" content=\"de_DE\" \/>\n<meta property=\"og:type\" content=\"article\" \/>\n<meta property=\"og:title\" content=\"Ozone Angel SQ PRO\" \/>\n<meta property=\"og:description\" content=\"Verl\u00e4ssliche leichte Rettung Angel SQ Pro von Ozone mit allen Vorteilen einer Kreuzkappe\" \/>\n<meta property=\"og:url\" content=\"https:\/\/swissgliders.ch\/de\/produkt\/ozone-angel-sq-pro\/\" \/>\n<meta property=\"og:site_name\" content=\"Gleitschirmschule Thun, Bern, Interlaken\" \/>\n<meta property=\"article:publisher\" content=\"https:\/\/www.facebook.com\/swissgliders\" \/>\n<meta property=\"article:modified_time\" content=\"2025-05-24T10:21:18+00:00\" \/>\n<meta property=\"og:image\" content=\"https:\/\/swissgliders.ch\/wp-content\/uploads\/2020\/11\/Ozone_Rettungschirm_SQ_Pro-1.jpg\" \/>\n\t<meta property=\"og:image:width\" content=\"900\" \/>\n\t<meta property=\"og:image:height\" content=\"600\" \/>\n\t<meta property=\"og:image:type\" content=\"image\/jpeg\" \/>\n<meta name=\"twitter:card\" content=\"summary_large_image\" \/>\n<meta name=\"twitter:site\" content=\"@Swissgliders\" \/>\n<meta name=\"twitter:label1\" content=\"Verf\u00fcgbarkeit\" \/>\n\t<meta name=\"twitter:data1\" content=\"Auf Lager\" \/>\n<script type=\"application\/ld+json\" class=\"yoast-schema-graph\">{\"@context\":\"https:\\\/\\\/schema.org\",\"@graph\":[{\"@type\":\"WebPage\",\"@id\":\"https:\\\/\\\/swissgliders.ch\\\/de\\\/produkt\\\/ozone-angel-sq-pro\\\/\",\"url\":\"https:\\\/\\\/swissgliders.ch\\\/de\\\/produkt\\\/ozone-angel-sq-pro\\\/\",\"name\":\"Ozone Angel SQ PRO | Gleitschirmschule Thun, Bern, Interlaken\",\"isPartOf\":{\"@id\":\"https:\\\/\\\/swissgliders.ch\\\/de\\\/#website\"},\"primaryImageOfPage\":{\"@id\":\"https:\\\/\\\/swissgliders.ch\\\/de\\\/produkt\\\/ozone-angel-sq-pro\\\/#primaryimage\"},\"image\":{\"@id\":\"https:\\\/\\\/swissgliders.ch\\\/de\\\/produkt\\\/ozone-angel-sq-pro\\\/#primaryimage\"},\"thumbnailUrl\":\"https:\\\/\\\/swissgliders.ch\\\/wp-content\\\/uploads\\\/2020\\\/11\\\/Ozone_Rettungschirm_SQ_Pro-1.jpg\",\"datePublished\":\"2020-11-20T15:46:01+00:00\",\"dateModified\":\"2025-05-24T10:21:18+00:00\",\"description\":\"Verl\u00e4ssliche leichte Rettung Angel SQ Pro von Ozone mit allen Vorteilen einer Kreuzkappe\",\"breadcrumb\":{\"@id\":\"https:\\\/\\\/swissgliders.ch\\\/de\\\/produkt\\\/ozone-angel-sq-pro\\\/#breadcrumb\"},\"inLanguage\":\"de\",\"potentialAction\":[{\"@type\":\"ReadAction\",\"target\":[\"https:\\\/\\\/swissgliders.ch\\\/de\\\/produkt\\\/ozone-angel-sq-pro\\\/\"]}]},{\"@type\":\"ImageObject\",\"inLanguage\":\"de\",\"@id\":\"https:\\\/\\\/swissgliders.ch\\\/de\\\/produkt\\\/ozone-angel-sq-pro\\\/#primaryimage\",\"url\":\"https:\\\/\\\/swissgliders.ch\\\/wp-content\\\/uploads\\\/2020\\\/11\\\/Ozone_Rettungschirm_SQ_Pro-1.jpg\",\"contentUrl\":\"https:\\\/\\\/swissgliders.ch\\\/wp-content\\\/uploads\\\/2020\\\/11\\\/Ozone_Rettungschirm_SQ_Pro-1.jpg\",\"width\":900,\"height\":600,\"caption\":\"Ozone_Rettungschirm_SQ_Pro-1\"},{\"@type\":\"BreadcrumbList\",\"@id\":\"https:\\\/\\\/swissgliders.ch\\\/de\\\/produkt\\\/ozone-angel-sq-pro\\\/#breadcrumb\",\"itemListElement\":[{\"@type\":\"ListItem\",\"position\":1,\"name\":\"Startseite\",\"item\":\"https:\\\/\\\/swissgliders.ch\\\/de\\\/willkommen\\\/\"},{\"@type\":\"ListItem\",\"position\":2,\"name\":\"Gleitschirm Shop\",\"item\":\"https:\\\/\\\/swissgliders.ch\\\/de\\\/gleitschirm-shop\\\/\"},{\"@type\":\"ListItem\",\"position\":3,\"name\":\"Ozone Angel SQ PRO\"}]},{\"@type\":\"WebSite\",\"@id\":\"https:\\\/\\\/swissgliders.ch\\\/de\\\/#website\",\"url\":\"https:\\\/\\\/swissgliders.ch\\\/de\\\/\",\"name\":\"Gleitschirmschule Thun, Bern, Interlaken\",\"description\":\"Gleitschirmschule Thun, Bern, Interlaken\",\"publisher\":{\"@id\":\"https:\\\/\\\/swissgliders.ch\\\/de\\\/#organization\"},\"potentialAction\":[{\"@type\":\"SearchAction\",\"target\":{\"@type\":\"EntryPoint\",\"urlTemplate\":\"https:\\\/\\\/swissgliders.ch\\\/de\\\/?s={search_term_string}\"},\"query-input\":{\"@type\":\"PropertyValueSpecification\",\"valueRequired\":true,\"valueName\":\"search_term_string\"}}],\"inLanguage\":\"de\"},{\"@type\":\"Organization\",\"@id\":\"https:\\\/\\\/swissgliders.ch\\\/de\\\/#organization\",\"name\":\"Swissgliders Gleitschirmflugschule Thun\",\"url\":\"https:\\\/\\\/swissgliders.ch\\\/de\\\/\",\"logo\":{\"@type\":\"ImageObject\",\"inLanguage\":\"de\",\"@id\":\"https:\\\/\\\/swissgliders.ch\\\/de\\\/#\\\/schema\\\/logo\\\/image\\\/\",\"url\":\"https:\\\/\\\/swissgliders.ch\\\/wp-content\\\/uploads\\\/2019\\\/12\\\/swissgliders-logo-rgb-square-L-no-ch-01.png\",\"contentUrl\":\"https:\\\/\\\/swissgliders.ch\\\/wp-content\\\/uploads\\\/2019\\\/12\\\/swissgliders-logo-rgb-square-L-no-ch-01.png\",\"width\":2500,\"height\":2500,\"caption\":\"Swissgliders Gleitschirmflugschule Thun\"},\"image\":{\"@id\":\"https:\\\/\\\/swissgliders.ch\\\/de\\\/#\\\/schema\\\/logo\\\/image\\\/\"},\"sameAs\":[\"https:\\\/\\\/www.facebook.com\\\/swissgliders\",\"https:\\\/\\\/x.com\\\/Swissgliders\",\"https:\\\/\\\/www.instagram.com\\\/swissgliders\\\/\",\"https:\\\/\\\/www.youtube.com\\\/channel\\\/UCMCtGdepy9vBhrhX3V_oJOA\"],\"hasMerchantReturnPolicy\":{\"@type\":\"MerchantReturnPolicy\",\"merchantReturnLink\":\"https:\\\/\\\/swissgliders.ch\\\/de\\\/allgemeine-geschaftsbedingungen\\\/\"}}]}<\/script>\n<meta property=\"og:availability\" content=\"instock\" \/>\n<meta property=\"product:availability\" content=\"instock\" \/>\n<meta property=\"product:condition\" content=\"new\" \/>\n<!-- \/ Yoast SEO Premium plugin. -->","yoast_head_json":{"title":"Ozone Angel SQ PRO | Gleitschirmschule Thun, Bern, Interlaken","description":"Verl\u00e4ssliche leichte Rettung Angel SQ Pro von Ozone mit allen Vorteilen einer Kreuzkappe","robots":{"index":"index","follow":"follow","max-snippet":"max-snippet:-1","max-image-preview":"max-image-preview:large","max-video-preview":"max-video-preview:-1"},"canonical":"https:\/\/swissgliders.ch\/de\/produkt\/ozone-angel-sq-pro\/","og_locale":"de_DE","og_type":"article","og_title":"Ozone Angel SQ PRO","og_description":"Verl\u00e4ssliche leichte Rettung Angel SQ Pro von Ozone mit allen Vorteilen einer Kreuzkappe","og_url":"https:\/\/swissgliders.ch\/de\/produkt\/ozone-angel-sq-pro\/","og_site_name":"Gleitschirmschule Thun, Bern, Interlaken","article_publisher":"https:\/\/www.facebook.com\/swissgliders","article_modified_time":"2025-05-24T10:21:18+00:00","og_image":[{"width":900,"height":600,"url":"https:\/\/swissgliders.ch\/wp-content\/uploads\/2020\/11\/Ozone_Rettungschirm_SQ_Pro-1.jpg","type":"image\/jpeg"}],"twitter_card":"summary_large_image","twitter_site":"@Swissgliders","twitter_misc":{"Verf\u00fcgbarkeit":"Auf Lager"},"schema":{"@context":"https:\/\/schema.org","@graph":[{"@type":"WebPage","@id":"https:\/\/swissgliders.ch\/de\/produkt\/ozone-angel-sq-pro\/","url":"https:\/\/swissgliders.ch\/de\/produkt\/ozone-angel-sq-pro\/","name":"Ozone Angel SQ PRO | Gleitschirmschule Thun, Bern, Interlaken","isPartOf":{"@id":"https:\/\/swissgliders.ch\/de\/#website"},"primaryImageOfPage":{"@id":"https:\/\/swissgliders.ch\/de\/produkt\/ozone-angel-sq-pro\/#primaryimage"},"image":{"@id":"https:\/\/swissgliders.ch\/de\/produkt\/ozone-angel-sq-pro\/#primaryimage"},"thumbnailUrl":"https:\/\/swissgliders.ch\/wp-content\/uploads\/2020\/11\/Ozone_Rettungschirm_SQ_Pro-1.jpg","datePublished":"2020-11-20T15:46:01+00:00","dateModified":"2025-05-24T10:21:18+00:00","description":"Verl\u00e4ssliche leichte Rettung Angel SQ Pro von Ozone mit allen Vorteilen einer Kreuzkappe","breadcrumb":{"@id":"https:\/\/swissgliders.ch\/de\/produkt\/ozone-angel-sq-pro\/#breadcrumb"},"inLanguage":"de","potentialAction":[{"@type":"ReadAction","target":["https:\/\/swissgliders.ch\/de\/produkt\/ozone-angel-sq-pro\/"]}]},{"@type":"ImageObject","inLanguage":"de","@id":"https:\/\/swissgliders.ch\/de\/produkt\/ozone-angel-sq-pro\/#primaryimage","url":"https:\/\/swissgliders.ch\/wp-content\/uploads\/2020\/11\/Ozone_Rettungschirm_SQ_Pro-1.jpg","contentUrl":"https:\/\/swissgliders.ch\/wp-content\/uploads\/2020\/11\/Ozone_Rettungschirm_SQ_Pro-1.jpg","width":900,"height":600,"caption":"Ozone_Rettungschirm_SQ_Pro-1"},{"@type":"BreadcrumbList","@id":"https:\/\/swissgliders.ch\/de\/produkt\/ozone-angel-sq-pro\/#breadcrumb","itemListElement":[{"@type":"ListItem","position":1,"name":"Startseite","item":"https:\/\/swissgliders.ch\/de\/willkommen\/"},{"@type":"ListItem","position":2,"name":"Gleitschirm Shop","item":"https:\/\/swissgliders.ch\/de\/gleitschirm-shop\/"},{"@type":"ListItem","position":3,"name":"Ozone Angel SQ PRO"}]},{"@type":"WebSite","@id":"https:\/\/swissgliders.ch\/de\/#website","url":"https:\/\/swissgliders.ch\/de\/","name":"Gleitschirmschule Thun, Bern, Interlaken","description":"Gleitschirmschule Thun, Bern, Interlaken","publisher":{"@id":"https:\/\/swissgliders.ch\/de\/#organization"},"potentialAction":[{"@type":"SearchAction","target":{"@type":"EntryPoint","urlTemplate":"https:\/\/swissgliders.ch\/de\/?s={search_term_string}"},"query-input":{"@type":"PropertyValueSpecification","valueRequired":true,"valueName":"search_term_string"}}],"inLanguage":"de"},{"@type":"Organization","@id":"https:\/\/swissgliders.ch\/de\/#organization","name":"Swissgliders Gleitschirmflugschule Thun","url":"https:\/\/swissgliders.ch\/de\/","logo":{"@type":"ImageObject","inLanguage":"de","@id":"https:\/\/swissgliders.ch\/de\/#\/schema\/logo\/image\/","url":"https:\/\/swissgliders.ch\/wp-content\/uploads\/2019\/12\/swissgliders-logo-rgb-square-L-no-ch-01.png","contentUrl":"https:\/\/swissgliders.ch\/wp-content\/uploads\/2019\/12\/swissgliders-logo-rgb-square-L-no-ch-01.png","width":2500,"height":2500,"caption":"Swissgliders Gleitschirmflugschule Thun"},"image":{"@id":"https:\/\/swissgliders.ch\/de\/#\/schema\/logo\/image\/"},"sameAs":["https:\/\/www.facebook.com\/swissgliders","https:\/\/x.com\/Swissgliders","https:\/\/www.instagram.com\/swissgliders\/","https:\/\/www.youtube.com\/channel\/UCMCtGdepy9vBhrhX3V_oJOA"],"hasMerchantReturnPolicy":{"@type":"MerchantReturnPolicy","merchantReturnLink":"https:\/\/swissgliders.ch\/de\/allgemeine-geschaftsbedingungen\/"}}]},"og_availability":"instock","product_availability":"instock","product_condition":"new"},"_links":{"self":[{"href":"https:\/\/swissgliders.ch\/de\/wp-json\/wp\/v2\/product\/5776","targetHints":{"allow":["GET"]}}],"collection":[{"href":"https:\/\/swissgliders.ch\/de\/wp-json\/wp\/v2\/product"}],"about":[{"href":"https:\/\/swissgliders.ch\/de\/wp-json\/wp\/v2\/types\/product"}],"replies":[{"embeddable":true,"href":"https:\/\/swissgliders.ch\/de\/wp-json\/wp\/v2\/comments?post=5776"}],"wp:featuredmedia":[{"embeddable":true,"href":"https:\/\/swissgliders.ch\/de\/wp-json\/wp\/v2\/media\/12703"}],"wp:attachment":[{"href":"https:\/\/swissgliders.ch\/de\/wp-json\/wp\/v2\/media?parent=5776"}],"wp:term":[{"taxonomy":"product_brand","embeddable":true,"href":"https:\/\/swissgliders.ch\/de\/wp-json\/wp\/v2\/product_brand?post=5776"},{"taxonomy":"product_cat","embeddable":true,"href":"https:\/\/swissgliders.ch\/de\/wp-json\/wp\/v2\/product_cat?post=5776"},{"taxonomy":"product_tag","embeddable":true,"href":"https:\/\/swissgliders.ch\/de\/wp-json\/wp\/v2\/product_tag?post=5776"}],"curies":[{"name":"wp","href":"https:\/\/api.w.org\/{rel}","templated":true}]}}