{"id":5900,"date":"2020-12-11T22:41:24","date_gmt":"2020-12-11T21:41:24","guid":{"rendered":"https:\/\/swissgliders.ch\/?post_type=product&#038;p=5900"},"modified":"2026-03-26T08:09:43","modified_gmt":"2026-03-26T07:09:43","slug":"neo-hexagon","status":"publish","type":"product","link":"https:\/\/swissgliders.ch\/de\/produkt\/neo-hexagon\/","title":{"rendered":"NEO Hexagon"},"content":{"rendered":"<div class=\"et_pb_module et_pb_text et_pb_text_0 et_pb_bg_layout_light et_pb_text_align_left\">\n<div class=\"et_pb_text_inner\">\n<section class=\"s_text_image o_colored_level pt88 pb0\" data-snippet=\"s_image_text\" data-name=\"Product Description - text\">\n<div class=\"container\">\n<div class=\"row align-items-center\">\n<div class=\"pt16 pb16 o_colored_level col-lg-6\">\n<h3 style=\"text-align: center;\">MULTI-SPORT HELM<\/h3>\n<h4 style=\"text-align: center;\">Zugelassen f\u00fcr 6 Sportarten<\/h4>\n<p style=\"text-align: center;\"><em>Gleitschirm, Ski, Snowboard, Speedriding, Bergsteigen und Skitouren<\/em><\/p>\n<\/div>\n<\/div>\n<\/div>\n<\/section>\n<p>&nbsp;<\/p>\n<p><img loading=\"lazy\" decoding=\"async\" class=\"aligncenter\" src=\"https:\/\/www.neo-paragliders.fr\/web\/image\/51475-6f82527f\/neo-hexagon-1.jpg\" width=\"548\" height=\"365\" \/><\/p>\n<p>&nbsp;<\/p>\n<p style=\"text-align: left;\">Der allererste Helm, der f\u00fcr 6 Sportarten entwickelt und zugelassen wurde. Er ist sehr komfortabel, da das Inlet die gesamte Oberfl\u00e4che des Helms bedeckt und zudem die Ohrpolster abnehmbar sind. Er passt sich allen Kopfformen an und ist in 5 Gr\u00f6\u00dfen erh\u00e4ltlich. Zus\u00e4tzlich verf\u00fcgt er \u00fcber ein abnehmbares Einstellrad f\u00fcr jede der angebotenen Gr\u00f6\u00dfen.<\/p>\n<p style=\"text-align: left;\">Die Lufteinl\u00e4sse sorgen f\u00fcr eine hervorragende Atmungsaktivit\u00e4t und bieten eine sehr gute Luftzirkulation bei allen Sportarten.<\/p>\n<p style=\"text-align: left;\">NEO hat die Materialien und das Design dieses Helms so gestaltet, dass er praktisch ist, aber vor allem einen ausgezeichneten Schutz bietet. Die Hard-Shell-Technologie verleiht dem Helm eine unglaubliche Haltbarkeit. Die ABS-Au\u00dfenschale dient der EPS-Innenschale als Durchdringungsschutz.<\/p>\n<p>&nbsp;<\/p>\n<p style=\"text-align: left;\"><strong>HEAD FITTING<\/strong><\/p>\n<p style=\"text-align: left;\">Der Hexagon passt sich deinem Kopf oder deinen Bed\u00fcrfnissen an.<\/p>\n<p style=\"text-align: left;\"><strong>Passt sich deinem Kopf an<\/strong><\/p>\n<p style=\"text-align: left;\">Benutze das Verstellr\u00e4dchen, um es deinem Kopf anzupassen. Wenn du es nicht brauchst, entferne es einfach, der Helm sitzt dann bequemer. Falls<br \/>\nerforderlich, kann ein zus\u00e4tzliches, mitgeliefertes Polster an der R\u00fcckseite des Helms angebracht werden, um sich perfekt an die Form deines Kopfes anzupassen.<\/p>\n<p><img decoding=\"async\" src=\"https:\/\/www.neo-paragliders.fr\/web\/image\/51497-3ca10411\/neo-hexagon-2025-2.png?access_token=02d96cee-9aa3-4e17-9528-483a4b4f328f\" \/><\/p>\n<p style=\"text-align: left;\"><strong>Passt sich dem Verwendungszweck an<\/strong><\/p>\n<p style=\"text-align: left;\">Ob du den HEXAGON f\u00fcr den Skiverleih, f\u00fcr Tandempassagiere beim Gleitschirmfliegen oder f\u00fcr die Ausbildung von Flugsch\u00fclern verwendest&#8230;das Verstellrad ist praktisch und passt auf alle Kopfgr\u00f6\u00dfen.<\/p>\n<hr \/>\n<h3><strong>TECHNISCHE DATEN<\/strong><\/h3>\n<p>Technische Beschreibung des Produktes<\/p>\n<div class=\"row\">\n<div class=\"col-lg-12 o_colored_level pt0 pb8\" data-name=\"Block\">\n<div class=\"s_showcase_title d-flex flex-lg-row-reverse mb-2\">\n<h3>KONZEPT<\/h3>\n<\/div>\n<p>Zertifizierter Helm f\u00fcr 6 Sportarten: Gleitschirm, Ski, Snowboard, Speedriding, Alpinismus und Skitouren<\/p>\n<\/div>\n<div class=\"col-lg-12 o_colored_level pt0 pb8\" data-name=\"Block\">\n<div class=\"s_showcase_title d-flex mb-2 flex-lg-row-reverse\">\n<h3 class=\"o_default_snippet_text\">GEWICHT<\/h3>\n<\/div>\n<p>530 g (M)<\/p>\n<\/div>\n<div class=\"col-lg-12 o_colored_level pt0 pb8\" data-name=\"Block\">\n<div class=\"s_showcase_title d-flex flex-lg-row-reverse mb-2\">\n<h3 class=\"o_default_snippet_text\">GR\u00d6SSEN<\/h3>\n<\/div>\n<p>S = 56 cm, M = 58 cm, L = 60 cm, XL = 61 cm, XXL = 62 cm<\/p>\n<\/div>\n<div class=\"o_colored_level col-lg-12 pt0 pb8\" data-name=\"Block\">\n<div class=\"s_showcase_title d-flex mb-2 flex-lg-row-reverse\">\n<h3 class=\"o_default_snippet_text\">ZUBEH\u00d6R<\/h3>\n<\/div>\n<p><a href=\"https:\/\/fly.neoatelier.fr\/de\/shop\/porte-casque-1753\">NEO-Helmhalter<\/a><\/p>\n<div class=\"s_showcase_title d-flex mb-2\">\n<h3>TYP<\/h3>\n<\/div>\n<p>Gleitschirm, Ski, Snowboard, Speedriding, Bergsteigen und Skitouren<\/p>\n<\/div>\n<\/div>\n<div class=\"border-right h-100 w-50\">\n<div class=\"o_colored_level col-lg-12 pt0 pb8\" data-name=\"Block\">\n<div class=\"s_showcase_title d-flex mb-2\">\n<h3 class=\"o_default_snippet_text\">4 ZERTIFIZIERUNG<\/h3>\n<\/div>\n<p>Gleitschirm &#8211; NF EN966+A1: 2013<\/p>\n<p>Ski &#8211; NF EN1077-B: 2007<\/p>\n<p>Bergsteigen &#8211; EN12492: 2012<\/p>\n<p>Tourenski &#8211; PCSR001<\/p>\n<\/div>\n<div class=\"o_colored_level col-lg-12 pb8 pt0\" data-name=\"Block\">\n<div class=\"s_showcase_title d-flex mb-2\">\n<h3>HAUPTMATERIALIEN<\/h3>\n<\/div>\n<p>ABS-Schale, EPS-Schaum<\/p>\n<\/div>\n<div class=\"o_colored_level col-lg-12 pt0 pb8\" data-name=\"Block\">\n<h4><img decoding=\"async\" src=\"https:\/\/www.neo-paragliders.fr\/web\/image\/51489-f7fbb0f1\/neo-hexagon-2025-1.png?access_token=15a2ea56-b4dd-4a31-a5b6-db077a5dd519\" \/><\/h4>\n<h4 class=\"card-title\">Inkl. Schutzkarton<\/h4>\n<p class=\"card-title\">Die Gr\u00f6\u00dfe des Kartons des 2025-er Modells wurde reduziert, um die CO2-Bilanz und die Transportkosten zu reduzieren.<\/p>\n<p><img decoding=\"async\" src=\"https:\/\/www.neo-paragliders.fr\/web\/image\/51498-90ee1e43\/neo-hexagon-box.jpg\" \/><\/p>\n<\/div>\n<\/div>\n<\/div>\n<\/div>\n<h4><\/h4>\n<h4 class=\"card-title\">Inkl. Helmbeutel<\/h4>\n<p class=\"card-title\">Der Helmbeutel geh\u00f6rt mit zum Lieferumfang.<\/p>\n<p><img decoding=\"async\" src=\"https:\/\/www.neo-paragliders.fr\/web\/image\/51499-6919ffcd\/neo-hexagon-bag.jpg\" \/><\/p>\n<div class=\"s_showcase_title d-flex mb-2\">\n<h3>LIEFERUMFANG<\/h3>\n<\/div>\n<p>Abnehmbares Verstellr\u00e4dchen, Komfort-Schaum, abnehmbare Ohrpolster, Helmbeutel<\/p>\n<p>&nbsp;<\/p>\n<p>Mehr <a href=\"https:\/\/www.neo-paragliders.fr\/de\/shop\/helm-hexagon-1736\" target=\"_blank\" rel=\"noopener noreferrer\">Infos<\/a><\/p>\n<p>Lieferzeit 2-4 Tage<\/p>\n","protected":false},"excerpt":{"rendered":"<div class=\"et_pb_module et_pb_text et_pb_text_0 et_pb_bg_layout_light et_pb_text_align_left\">\n<div class=\"et_pb_text_inner\">\n<section class=\"s_text_image o_colored_level pt88 pb0\" data-snippet=\"s_image_text\" data-name=\"Product Description - text\">\n<div class=\"container\">\n<div class=\"row align-items-center\">\n<div class=\"pt16 pb16 o_colored_level col-lg-6\">\n<h3 style=\"text-align: center;\">MULTI-SPORT HELM<\/h3>\n<h4 style=\"text-align: center;\">Zugelassen f\u00fcr 6 Sportarten<\/h4>\n<p style=\"text-align: center;\"><em>Gleitschirm, Ski, Snowboard, Speedriding, Bergsteigen und Skitouren<\/em><\/p>\n<\/div>\n<\/div>\n<\/div>\n<\/section>\n<p>&nbsp;<\/p>\n<p><img loading=\"lazy\" decoding=\"async\" class=\"aligncenter\" src=\"https:\/\/www.neo-paragliders.fr\/web\/image\/51475-6f82527f\/neo-hexagon-1.jpg\" width=\"548\" height=\"365\" \/><\/p>\n<p>&nbsp;<\/p>\n<p style=\"text-align: left;\">Der allererste Helm, der f\u00fcr 6 Sportarten entwickelt und zugelassen wurde. Er ist sehr komfortabel, da das Inlet die gesamte Oberfl\u00e4che des Helms bedeckt und zudem die Ohrpolster abnehmbar sind. Er passt sich allen Kopfformen an und ist in 5 Gr\u00f6\u00dfen erh\u00e4ltlich. Zus\u00e4tzlich verf\u00fcgt er \u00fcber ein abnehmbares Einstellrad f\u00fcr jede der angebotenen Gr\u00f6\u00dfen.<\/p>\n<p style=\"text-align: left;\">Die Lufteinl\u00e4sse sorgen f\u00fcr eine hervorragende Atmungsaktivit\u00e4t und bieten eine sehr gute Luftzirkulation bei allen Sportarten.<\/p>\n<p style=\"text-align: left;\">NEO hat die Materialien und das Design dieses Helms so gestaltet, dass er praktisch ist, aber vor allem einen ausgezeichneten Schutz bietet. Die Hard-Shell-Technologie verleiht dem Helm eine unglaubliche Haltbarkeit. Die ABS-Au\u00dfenschale dient der EPS-Innenschale als Durchdringungsschutz.<\/p>\n<p>&nbsp;<\/p>\n<p style=\"text-align: left;\"><strong>HEAD FITTING<\/strong><\/p>\n<p style=\"text-align: left;\">Der Hexagon passt sich deinem Kopf oder deinen Bed\u00fcrfnissen an.<\/p>\n<p style=\"text-align: left;\"><strong>Passt sich deinem Kopf an<\/strong><\/p>\n<p style=\"text-align: left;\">Benutze das Verstellr\u00e4dchen, um es deinem Kopf anzupassen. Wenn du es nicht brauchst, entferne es einfach, der Helm sitzt dann bequemer. Falls<br \/>\nerforderlich, kann ein zus\u00e4tzliches, mitgeliefertes Polster an der R\u00fcckseite des Helms angebracht werden, um sich perfekt an die Form deines Kopfes anzupassen.<\/p>\n<p><img decoding=\"async\" src=\"https:\/\/www.neo-paragliders.fr\/web\/image\/51497-3ca10411\/neo-hexagon-2025-2.png?access_token=02d96cee-9aa3-4e17-9528-483a4b4f328f\" \/><\/p>\n<p style=\"text-align: left;\"><strong>Passt sich dem Verwendungszweck an<\/strong><\/p>\n<p style=\"text-align: left;\">Ob du den HEXAGON f\u00fcr den Skiverleih, f\u00fcr Tandempassagiere beim Gleitschirmfliegen oder f\u00fcr die Ausbildung von Flugsch\u00fclern verwendest&#8230;das Verstellrad ist praktisch und passt auf alle Kopfgr\u00f6\u00dfen.<\/p>\n<hr \/>\n<h3><strong>TECHNISCHE DATEN<\/strong><\/h3>\n<p>Technische Beschreibung des Produktes<\/p>\n<div class=\"row\">\n<div class=\"col-lg-12 o_colored_level pt0 pb8\" data-name=\"Block\">\n<div class=\"s_showcase_title d-flex flex-lg-row-reverse mb-2\">\n<h3>KONZEPT<\/h3>\n<\/div>\n<p>Zertifizierter Helm f\u00fcr 6 Sportarten: Gleitschirm, Ski, Snowboard, Speedriding, Alpinismus und Skitouren<\/p>\n<\/div>\n<div class=\"col-lg-12 o_colored_level pt0 pb8\" data-name=\"Block\">\n<div class=\"s_showcase_title d-flex mb-2 flex-lg-row-reverse\">\n<h3 class=\"o_default_snippet_text\">GEWICHT<\/h3>\n<\/div>\n<p>530 g (M)<\/p>\n<\/div>\n<div class=\"col-lg-12 o_colored_level pt0 pb8\" data-name=\"Block\">\n<div class=\"s_showcase_title d-flex flex-lg-row-reverse mb-2\">\n<h3 class=\"o_default_snippet_text\">GR\u00d6SSEN<\/h3>\n<\/div>\n<p>S = 56 cm, M = 58 cm, L = 60 cm, XL = 61 cm, XXL = 62 cm<\/p>\n<\/div>\n<div class=\"o_colored_level col-lg-12 pt0 pb8\" data-name=\"Block\">\n<div class=\"s_showcase_title d-flex mb-2 flex-lg-row-reverse\">\n<h3 class=\"o_default_snippet_text\">ZUBEH\u00d6R<\/h3>\n<\/div>\n<p><a href=\"https:\/\/fly.neoatelier.fr\/de\/shop\/porte-casque-1753\">NEO-Helmhalter<\/a><\/p>\n<div class=\"s_showcase_title d-flex mb-2\">\n<h3>TYP<\/h3>\n<\/div>\n<p>Gleitschirm, Ski, Snowboard, Speedriding, Bergsteigen und Skitouren<\/p>\n<\/div>\n<\/div>\n<div class=\"border-right h-100 w-50\">\n<div class=\"o_colored_level col-lg-12 pt0 pb8\" data-name=\"Block\">\n<div class=\"s_showcase_title d-flex mb-2\">\n<h3 class=\"o_default_snippet_text\">4 ZERTIFIZIERUNG<\/h3>\n<\/div>\n<p>Gleitschirm &#8211; NF EN966+A1: 2013<\/p>\n<p>Ski &#8211; NF EN1077-B: 2007<\/p>\n<p>Bergsteigen &#8211; EN12492: 2012<\/p>\n<p>Tourenski &#8211; PCSR001<\/p>\n<\/div>\n<div class=\"o_colored_level col-lg-12 pb8 pt0\" data-name=\"Block\">\n<div class=\"s_showcase_title d-flex mb-2\">\n<h3>HAUPTMATERIALIEN<\/h3>\n<\/div>\n<p>ABS-Schale, EPS-Schaum<\/p>\n<\/div>\n<div class=\"o_colored_level col-lg-12 pt0 pb8\" data-name=\"Block\">\n<h4><img decoding=\"async\" src=\"https:\/\/www.neo-paragliders.fr\/web\/image\/51489-f7fbb0f1\/neo-hexagon-2025-1.png?access_token=15a2ea56-b4dd-4a31-a5b6-db077a5dd519\" \/><\/h4>\n<h4 class=\"card-title\">Inkl. Schutzkarton<\/h4>\n<p class=\"card-title\">Die Gr\u00f6\u00dfe des Kartons des 2025-er Modells wurde reduziert, um die CO2-Bilanz und die Transportkosten zu reduzieren.<\/p>\n<p><img decoding=\"async\" src=\"https:\/\/www.neo-paragliders.fr\/web\/image\/51498-90ee1e43\/neo-hexagon-box.jpg\" \/><\/p>\n<\/div>\n<\/div>\n<\/div>\n<\/div>\n<h4><\/h4>\n<h4 class=\"card-title\">Inkl. Helmbeutel<\/h4>\n<p class=\"card-title\">Der Helmbeutel geh\u00f6rt mit zum Lieferumfang.<\/p>\n<p><img decoding=\"async\" src=\"https:\/\/www.neo-paragliders.fr\/web\/image\/51499-6919ffcd\/neo-hexagon-bag.jpg\" \/><\/p>\n<div class=\"s_showcase_title d-flex mb-2\">\n<h3>LIEFERUMFANG<\/h3>\n<\/div>\n<p>Abnehmbares Verstellr\u00e4dchen, Komfort-Schaum, abnehmbare Ohrpolster, Helmbeutel<\/p>\n<p>&nbsp;<\/p>\n<p>Mehr <a href=\"https:\/\/www.neo-paragliders.fr\/de\/shop\/helm-hexagon-1736\" target=\"_blank\" rel=\"noopener noreferrer\">Infos<\/a><\/p>\n<p>Lieferzeit 2-4 Tage<\/p>\n","protected":false},"featured_media":17202,"comment_status":"closed","ping_status":"closed","template":"","meta":[],"product_brand":[],"product_cat":[1465,402],"product_tag":[1471,410],"class_list":{"0":"post-5900","1":"product","2":"type-product","3":"status-publish","4":"has-post-thumbnail","6":"product_cat-gleitschirm-helme","7":"product_cat-gleitschirm-zubehoer","8":"product_tag-helm","9":"product_tag-zubehoer","10":"product_shipping_class-priority-2kg-de","12":"first","13":"instock","14":"sale","15":"shipping-taxable","16":"purchasable","17":"product-type-variable"},"yoast_head":"<!-- This site is optimized with the Yoast SEO Premium plugin v26.1 (Yoast SEO v27.3) - https:\/\/yoast.com\/product\/yoast-seo-premium-wordpress\/ -->\n<title>NEO Hexagon | Gleitschirmschule Thun, Bern, Interlaken<\/title>\n<meta name=\"description\" content=\"Neo Hexagon Helm f\u00fcr 6 Sportarten: Gleitschirm, Ski, Snowboard, Speedriding, Alpinismus und Skitouren\" \/>\n<meta name=\"robots\" content=\"index, follow, max-snippet:-1, max-image-preview:large, max-video-preview:-1\" \/>\n<link rel=\"canonical\" href=\"https:\/\/swissgliders.ch\/de\/produkt\/neo-hexagon\/\" \/>\n<meta property=\"og:locale\" content=\"de_DE\" \/>\n<meta property=\"og:type\" content=\"article\" \/>\n<meta property=\"og:title\" content=\"NEO Hexagon\" \/>\n<meta property=\"og:description\" content=\"Neo Hexagon Helm f\u00fcr 6 Sportarten: Gleitschirm, Ski, Snowboard, Speedriding, Alpinismus und Skitouren\" \/>\n<meta property=\"og:url\" content=\"https:\/\/swissgliders.ch\/de\/produkt\/neo-hexagon\/\" \/>\n<meta property=\"og:site_name\" content=\"Gleitschirmschule Thun, Bern, Interlaken\" \/>\n<meta property=\"article:publisher\" content=\"https:\/\/www.facebook.com\/swissgliders\" \/>\n<meta property=\"article:modified_time\" content=\"2026-03-26T07:09:43+00:00\" \/>\n<meta property=\"og:image\" content=\"https:\/\/swissgliders.ch\/wp-content\/uploads\/2020\/12\/Neo_Helm_Hexagon-6.jpg\" \/>\n\t<meta property=\"og:image:width\" content=\"1500\" \/>\n\t<meta property=\"og:image:height\" content=\"1000\" \/>\n\t<meta property=\"og:image:type\" content=\"image\/jpeg\" \/>\n<meta name=\"twitter:card\" content=\"summary_large_image\" \/>\n<meta name=\"twitter:site\" content=\"@Swissgliders\" \/>\n<meta name=\"twitter:label1\" content=\"Verf\u00fcgbarkeit\" \/>\n\t<meta name=\"twitter:data1\" content=\"Auf Lager\" \/>\n<script type=\"application\/ld+json\" class=\"yoast-schema-graph\">{\"@context\":\"https:\\\/\\\/schema.org\",\"@graph\":[{\"@type\":\"WebPage\",\"@id\":\"https:\\\/\\\/swissgliders.ch\\\/de\\\/produkt\\\/neo-hexagon\\\/\",\"url\":\"https:\\\/\\\/swissgliders.ch\\\/de\\\/produkt\\\/neo-hexagon\\\/\",\"name\":\"NEO Hexagon | Gleitschirmschule Thun, Bern, Interlaken\",\"isPartOf\":{\"@id\":\"https:\\\/\\\/swissgliders.ch\\\/de\\\/#website\"},\"primaryImageOfPage\":{\"@id\":\"https:\\\/\\\/swissgliders.ch\\\/de\\\/produkt\\\/neo-hexagon\\\/#primaryimage\"},\"image\":{\"@id\":\"https:\\\/\\\/swissgliders.ch\\\/de\\\/produkt\\\/neo-hexagon\\\/#primaryimage\"},\"thumbnailUrl\":\"https:\\\/\\\/swissgliders.ch\\\/wp-content\\\/uploads\\\/2020\\\/12\\\/Neo_Helm_Hexagon-6.jpg\",\"datePublished\":\"2020-12-11T21:41:24+00:00\",\"dateModified\":\"2026-03-26T07:09:43+00:00\",\"description\":\"Neo Hexagon Helm f\u00fcr 6 Sportarten: Gleitschirm, Ski, Snowboard, Speedriding, Alpinismus und Skitouren\",\"breadcrumb\":{\"@id\":\"https:\\\/\\\/swissgliders.ch\\\/de\\\/produkt\\\/neo-hexagon\\\/#breadcrumb\"},\"inLanguage\":\"de\",\"potentialAction\":[{\"@type\":\"ReadAction\",\"target\":[\"https:\\\/\\\/swissgliders.ch\\\/de\\\/produkt\\\/neo-hexagon\\\/\"]}]},{\"@type\":\"ImageObject\",\"inLanguage\":\"de\",\"@id\":\"https:\\\/\\\/swissgliders.ch\\\/de\\\/produkt\\\/neo-hexagon\\\/#primaryimage\",\"url\":\"https:\\\/\\\/swissgliders.ch\\\/wp-content\\\/uploads\\\/2020\\\/12\\\/Neo_Helm_Hexagon-6.jpg\",\"contentUrl\":\"https:\\\/\\\/swissgliders.ch\\\/wp-content\\\/uploads\\\/2020\\\/12\\\/Neo_Helm_Hexagon-6.jpg\",\"width\":1500,\"height\":1000,\"caption\":\"Neo_Helm_Hexagon-6\"},{\"@type\":\"BreadcrumbList\",\"@id\":\"https:\\\/\\\/swissgliders.ch\\\/de\\\/produkt\\\/neo-hexagon\\\/#breadcrumb\",\"itemListElement\":[{\"@type\":\"ListItem\",\"position\":1,\"name\":\"Startseite\",\"item\":\"https:\\\/\\\/swissgliders.ch\\\/de\\\/willkommen\\\/\"},{\"@type\":\"ListItem\",\"position\":2,\"name\":\"Gleitschirm Shop\",\"item\":\"https:\\\/\\\/swissgliders.ch\\\/de\\\/gleitschirm-shop\\\/\"},{\"@type\":\"ListItem\",\"position\":3,\"name\":\"NEO Hexagon\"}]},{\"@type\":\"WebSite\",\"@id\":\"https:\\\/\\\/swissgliders.ch\\\/de\\\/#website\",\"url\":\"https:\\\/\\\/swissgliders.ch\\\/de\\\/\",\"name\":\"Gleitschirmschule Thun, Bern, Interlaken\",\"description\":\"Gleitschirmschule Thun, Bern, Interlaken\",\"publisher\":{\"@id\":\"https:\\\/\\\/swissgliders.ch\\\/de\\\/#organization\"},\"potentialAction\":[{\"@type\":\"SearchAction\",\"target\":{\"@type\":\"EntryPoint\",\"urlTemplate\":\"https:\\\/\\\/swissgliders.ch\\\/de\\\/?s={search_term_string}\"},\"query-input\":{\"@type\":\"PropertyValueSpecification\",\"valueRequired\":true,\"valueName\":\"search_term_string\"}}],\"inLanguage\":\"de\"},{\"@type\":\"Organization\",\"@id\":\"https:\\\/\\\/swissgliders.ch\\\/de\\\/#organization\",\"name\":\"Swissgliders Gleitschirmflugschule Thun\",\"url\":\"https:\\\/\\\/swissgliders.ch\\\/de\\\/\",\"logo\":{\"@type\":\"ImageObject\",\"inLanguage\":\"de\",\"@id\":\"https:\\\/\\\/swissgliders.ch\\\/de\\\/#\\\/schema\\\/logo\\\/image\\\/\",\"url\":\"https:\\\/\\\/swissgliders.ch\\\/wp-content\\\/uploads\\\/2019\\\/12\\\/swissgliders-logo-rgb-square-L-no-ch-01.png\",\"contentUrl\":\"https:\\\/\\\/swissgliders.ch\\\/wp-content\\\/uploads\\\/2019\\\/12\\\/swissgliders-logo-rgb-square-L-no-ch-01.png\",\"width\":2500,\"height\":2500,\"caption\":\"Swissgliders Gleitschirmflugschule Thun\"},\"image\":{\"@id\":\"https:\\\/\\\/swissgliders.ch\\\/de\\\/#\\\/schema\\\/logo\\\/image\\\/\"},\"sameAs\":[\"https:\\\/\\\/www.facebook.com\\\/swissgliders\",\"https:\\\/\\\/x.com\\\/Swissgliders\",\"https:\\\/\\\/www.instagram.com\\\/swissgliders\\\/\",\"https:\\\/\\\/www.youtube.com\\\/channel\\\/UCMCtGdepy9vBhrhX3V_oJOA\"],\"hasMerchantReturnPolicy\":{\"@type\":\"MerchantReturnPolicy\",\"merchantReturnLink\":\"https:\\\/\\\/swissgliders.ch\\\/de\\\/allgemeine-geschaftsbedingungen\\\/\"}}]}<\/script>\n<meta property=\"og:availability\" content=\"instock\" \/>\n<meta property=\"product:availability\" content=\"instock\" \/>\n<meta property=\"product:condition\" content=\"new\" \/>\n<!-- \/ Yoast SEO Premium plugin. -->","yoast_head_json":{"title":"NEO Hexagon | Gleitschirmschule Thun, Bern, Interlaken","description":"Neo Hexagon Helm f\u00fcr 6 Sportarten: Gleitschirm, Ski, Snowboard, Speedriding, Alpinismus und Skitouren","robots":{"index":"index","follow":"follow","max-snippet":"max-snippet:-1","max-image-preview":"max-image-preview:large","max-video-preview":"max-video-preview:-1"},"canonical":"https:\/\/swissgliders.ch\/de\/produkt\/neo-hexagon\/","og_locale":"de_DE","og_type":"article","og_title":"NEO Hexagon","og_description":"Neo Hexagon Helm f\u00fcr 6 Sportarten: Gleitschirm, Ski, Snowboard, Speedriding, Alpinismus und Skitouren","og_url":"https:\/\/swissgliders.ch\/de\/produkt\/neo-hexagon\/","og_site_name":"Gleitschirmschule Thun, Bern, Interlaken","article_publisher":"https:\/\/www.facebook.com\/swissgliders","article_modified_time":"2026-03-26T07:09:43+00:00","og_image":[{"width":1500,"height":1000,"url":"https:\/\/swissgliders.ch\/wp-content\/uploads\/2020\/12\/Neo_Helm_Hexagon-6.jpg","type":"image\/jpeg"}],"twitter_card":"summary_large_image","twitter_site":"@Swissgliders","twitter_misc":{"Verf\u00fcgbarkeit":"Auf Lager"},"schema":{"@context":"https:\/\/schema.org","@graph":[{"@type":"WebPage","@id":"https:\/\/swissgliders.ch\/de\/produkt\/neo-hexagon\/","url":"https:\/\/swissgliders.ch\/de\/produkt\/neo-hexagon\/","name":"NEO Hexagon | Gleitschirmschule Thun, Bern, Interlaken","isPartOf":{"@id":"https:\/\/swissgliders.ch\/de\/#website"},"primaryImageOfPage":{"@id":"https:\/\/swissgliders.ch\/de\/produkt\/neo-hexagon\/#primaryimage"},"image":{"@id":"https:\/\/swissgliders.ch\/de\/produkt\/neo-hexagon\/#primaryimage"},"thumbnailUrl":"https:\/\/swissgliders.ch\/wp-content\/uploads\/2020\/12\/Neo_Helm_Hexagon-6.jpg","datePublished":"2020-12-11T21:41:24+00:00","dateModified":"2026-03-26T07:09:43+00:00","description":"Neo Hexagon Helm f\u00fcr 6 Sportarten: Gleitschirm, Ski, Snowboard, Speedriding, Alpinismus und Skitouren","breadcrumb":{"@id":"https:\/\/swissgliders.ch\/de\/produkt\/neo-hexagon\/#breadcrumb"},"inLanguage":"de","potentialAction":[{"@type":"ReadAction","target":["https:\/\/swissgliders.ch\/de\/produkt\/neo-hexagon\/"]}]},{"@type":"ImageObject","inLanguage":"de","@id":"https:\/\/swissgliders.ch\/de\/produkt\/neo-hexagon\/#primaryimage","url":"https:\/\/swissgliders.ch\/wp-content\/uploads\/2020\/12\/Neo_Helm_Hexagon-6.jpg","contentUrl":"https:\/\/swissgliders.ch\/wp-content\/uploads\/2020\/12\/Neo_Helm_Hexagon-6.jpg","width":1500,"height":1000,"caption":"Neo_Helm_Hexagon-6"},{"@type":"BreadcrumbList","@id":"https:\/\/swissgliders.ch\/de\/produkt\/neo-hexagon\/#breadcrumb","itemListElement":[{"@type":"ListItem","position":1,"name":"Startseite","item":"https:\/\/swissgliders.ch\/de\/willkommen\/"},{"@type":"ListItem","position":2,"name":"Gleitschirm Shop","item":"https:\/\/swissgliders.ch\/de\/gleitschirm-shop\/"},{"@type":"ListItem","position":3,"name":"NEO Hexagon"}]},{"@type":"WebSite","@id":"https:\/\/swissgliders.ch\/de\/#website","url":"https:\/\/swissgliders.ch\/de\/","name":"Gleitschirmschule Thun, Bern, Interlaken","description":"Gleitschirmschule Thun, Bern, Interlaken","publisher":{"@id":"https:\/\/swissgliders.ch\/de\/#organization"},"potentialAction":[{"@type":"SearchAction","target":{"@type":"EntryPoint","urlTemplate":"https:\/\/swissgliders.ch\/de\/?s={search_term_string}"},"query-input":{"@type":"PropertyValueSpecification","valueRequired":true,"valueName":"search_term_string"}}],"inLanguage":"de"},{"@type":"Organization","@id":"https:\/\/swissgliders.ch\/de\/#organization","name":"Swissgliders Gleitschirmflugschule Thun","url":"https:\/\/swissgliders.ch\/de\/","logo":{"@type":"ImageObject","inLanguage":"de","@id":"https:\/\/swissgliders.ch\/de\/#\/schema\/logo\/image\/","url":"https:\/\/swissgliders.ch\/wp-content\/uploads\/2019\/12\/swissgliders-logo-rgb-square-L-no-ch-01.png","contentUrl":"https:\/\/swissgliders.ch\/wp-content\/uploads\/2019\/12\/swissgliders-logo-rgb-square-L-no-ch-01.png","width":2500,"height":2500,"caption":"Swissgliders Gleitschirmflugschule Thun"},"image":{"@id":"https:\/\/swissgliders.ch\/de\/#\/schema\/logo\/image\/"},"sameAs":["https:\/\/www.facebook.com\/swissgliders","https:\/\/x.com\/Swissgliders","https:\/\/www.instagram.com\/swissgliders\/","https:\/\/www.youtube.com\/channel\/UCMCtGdepy9vBhrhX3V_oJOA"],"hasMerchantReturnPolicy":{"@type":"MerchantReturnPolicy","merchantReturnLink":"https:\/\/swissgliders.ch\/de\/allgemeine-geschaftsbedingungen\/"}}]},"og_availability":"instock","product_availability":"instock","product_condition":"new"},"_links":{"self":[{"href":"https:\/\/swissgliders.ch\/de\/wp-json\/wp\/v2\/product\/5900","targetHints":{"allow":["GET"]}}],"collection":[{"href":"https:\/\/swissgliders.ch\/de\/wp-json\/wp\/v2\/product"}],"about":[{"href":"https:\/\/swissgliders.ch\/de\/wp-json\/wp\/v2\/types\/product"}],"replies":[{"embeddable":true,"href":"https:\/\/swissgliders.ch\/de\/wp-json\/wp\/v2\/comments?post=5900"}],"wp:featuredmedia":[{"embeddable":true,"href":"https:\/\/swissgliders.ch\/de\/wp-json\/wp\/v2\/media\/17202"}],"wp:attachment":[{"href":"https:\/\/swissgliders.ch\/de\/wp-json\/wp\/v2\/media?parent=5900"}],"wp:term":[{"taxonomy":"product_brand","embeddable":true,"href":"https:\/\/swissgliders.ch\/de\/wp-json\/wp\/v2\/product_brand?post=5900"},{"taxonomy":"product_cat","embeddable":true,"href":"https:\/\/swissgliders.ch\/de\/wp-json\/wp\/v2\/product_cat?post=5900"},{"taxonomy":"product_tag","embeddable":true,"href":"https:\/\/swissgliders.ch\/de\/wp-json\/wp\/v2\/product_tag?post=5900"}],"curies":[{"name":"wp","href":"https:\/\/api.w.org\/{rel}","templated":true}]}}