{"id":6135,"date":"2021-01-30T17:00:19","date_gmt":"2021-01-30T16:00:19","guid":{"rendered":"https:\/\/swissgliders.ch\/?post_type=product&#038;p=6135"},"modified":"2024-11-20T10:25:46","modified_gmt":"2024-11-20T09:25:46","slug":"davinci-harmony-air-2","status":"publish","type":"product","link":"https:\/\/swissgliders.ch\/de\/produkt\/davinci-harmony-air-2\/","title":{"rendered":"Davinci Harmony Passenger Air 2"},"content":{"rendered":"<h3>Einfaches und komfortables Passagiergurtzeug f\u00fcr Tandemfl\u00fcge.<\/h3>\n<p><img loading=\"lazy\" decoding=\"async\" class=\"\" src=\"https:\/\/www.flydavinci.com\/site\/assets\/files\/2144\/harmony_passenger_air2-1-2.png\" width=\"383\" height=\"616\" \/><\/p>\n<p>Komfortables Tandem-Passagiergurtzeug mit passagierspezifischen Funktionen f\u00fcr ein optimales Flugerlebnis.<\/p>\n<p><strong>Bequemes Design<\/strong>: Das Gurtzeug wurde mit Blick auf den Passagierkomfort entwickelt. Dies ist bei l\u00e4ngeren Fl\u00fcgen von entscheidender Bedeutung und sorgt daf\u00fcr, dass der Passagier nicht entt\u00e4uscht wird.<\/p>\n<p><strong>Airbag-Schutz<\/strong>: Airbags gelten als die effektivsten Protektoren, die jemals beim Gleitschirmfliegen eingesetzt wurden. Obwohl ihr Einsatz in Solo-Gurtzeugen begrenzt ist, sind sie die beste L\u00f6sung f\u00fcr Passagier-Gurtzeuge.<\/p>\n<p><strong>Universelle Gr\u00f6\u00dfenanpassung<\/strong>: Das Gurtzeug ist so konzipiert, dass es f\u00fcr Passagiere aller Gr\u00f6\u00dfen und Gewichte geeignet ist. Dies erleichtert professionellen Tandempiloten das Leben und gew\u00e4hrleistet eine bequeme Passform f\u00fcr eine Vielzahl von Passagieren.<\/p>\n<p><strong>Spezieller Einsatz<\/strong>: Das Gurtzeug wurde speziell f\u00fcr das Fliegen von Tandempassagieren entwickelt und ist nicht f\u00fcr den Alleinflug geeignet. Diese Spezialisierung gew\u00e4hrleistet, dass es den besonderen Bed\u00fcrfnissen und Sicherheitsanforderungen des Tandemflugs gerecht wird.<\/p>\n<p>Insgesamt scheint dieses Tandem-Passagiergurtzeug eine unkomplizierte und zweckm\u00e4\u00dfige L\u00f6sung zu sein, bei der der Komfort und die Sicherheit der Passagiere w\u00e4hrend des Tandemflugs im Vordergrund stehen und die gleichzeitig einfach in Design und Anwendung ist.<\/p>\n<h4><b>Klettverschluss an der Schulter<\/b><\/h4>\n<p>Eine einfache M\u00f6glichkeit, Ger\u00e4te zu befestigen, perfekt sichtbar f\u00fcr den Piloten.<\/p>\n<p>Beide Schultergurte des Passagiergurtes sind mit Klettstreifen und Befestigungsschlaufen versehen. Dies bietet eine hervorragende Position f\u00fcr Fluginstrumente oder eine POV-Kamerahalterung (Point of View).<\/p>\n<h4><\/h4>\n<h4 class=\"centered padded\">Technische Daten<\/h4>\n<table class=\"matrix headed specifications\">\n<tbody>\n<tr>\n<td>Size<\/td>\n<td>ONE SIZE FOR ALL<\/td>\n<td><\/td>\n<\/tr>\n<tr>\n<td>Max Weight(kg)<\/td>\n<td>120<\/td>\n<td><\/td>\n<\/tr>\n<tr>\n<td>Borad Width(mm)<\/td>\n<td>340<\/td>\n<td><\/td>\n<\/tr>\n<tr>\n<td>Borad Depth(mm)<\/td>\n<td>360<\/td>\n<td><\/td>\n<\/tr>\n<tr>\n<td>Suspension height, cm<\/td>\n<td>43<\/td>\n<td><\/td>\n<\/tr>\n<tr>\n<td>Back protection type<\/td>\n<td>Airbag<\/td>\n<td><\/td>\n<\/tr>\n<tr>\n<td>Pilot weight, kg<\/td>\n<td>50-120<\/td>\n<td><\/td>\n<\/tr>\n<tr>\n<td>Protector<\/td>\n<td>Airbag<\/td>\n<td><\/td>\n<\/tr>\n<tr>\n<td>Seatbord width, cm<\/td>\n<td>34<\/td>\n<td><\/td>\n<\/tr>\n<tr>\n<td>Harness Weight(kg)<\/td>\n<td>2.44<\/td>\n<td><\/td>\n<\/tr>\n<tr>\n<td>Certification<\/td>\n<td>EN 1651\/LTF NfL II91\/09<\/td>\n<\/tr>\n<\/tbody>\n<\/table>\n<p>&nbsp;<\/p>\n<p>Mehr<a href=\"https:\/\/www.flydavinci.com\/products\/harnesses\/harmony-passenger-air2\/\" target=\"_blank\" rel=\"noopener noreferrer\"> Infos<\/a><\/p>\n<p>Falls dieser Artikel nicht an Lager ist, wird er f\u00fcr dich bestellt. Lieferfrist 1-2 Wochen. Lieferung ab Lager S\u00fcdkorea.<\/p>\n","protected":false},"excerpt":{"rendered":"<h3>Einfaches und komfortables Passagiergurtzeug f\u00fcr Tandemfl\u00fcge.<\/h3>\n<p><img loading=\"lazy\" decoding=\"async\" class=\"\" src=\"https:\/\/www.flydavinci.com\/site\/assets\/files\/2144\/harmony_passenger_air2-1-2.png\" width=\"383\" height=\"616\" \/><\/p>\n<p>Komfortables Tandem-Passagiergurtzeug mit passagierspezifischen Funktionen f\u00fcr ein optimales Flugerlebnis.<\/p>\n<p><strong>Bequemes Design<\/strong>: Das Gurtzeug wurde mit Blick auf den Passagierkomfort entwickelt. Dies ist bei l\u00e4ngeren Fl\u00fcgen von entscheidender Bedeutung und sorgt daf\u00fcr, dass der Passagier nicht entt\u00e4uscht wird.<\/p>\n<p><strong>Airbag-Schutz<\/strong>: Airbags gelten als die effektivsten Protektoren, die jemals beim Gleitschirmfliegen eingesetzt wurden. Obwohl ihr Einsatz in Solo-Gurtzeugen begrenzt ist, sind sie die beste L\u00f6sung f\u00fcr Passagier-Gurtzeuge.<\/p>\n<p><strong>Universelle Gr\u00f6\u00dfenanpassung<\/strong>: Das Gurtzeug ist so konzipiert, dass es f\u00fcr Passagiere aller Gr\u00f6\u00dfen und Gewichte geeignet ist. Dies erleichtert professionellen Tandempiloten das Leben und gew\u00e4hrleistet eine bequeme Passform f\u00fcr eine Vielzahl von Passagieren.<\/p>\n<p><strong>Spezieller Einsatz<\/strong>: Das Gurtzeug wurde speziell f\u00fcr das Fliegen von Tandempassagieren entwickelt und ist nicht f\u00fcr den Alleinflug geeignet. Diese Spezialisierung gew\u00e4hrleistet, dass es den besonderen Bed\u00fcrfnissen und Sicherheitsanforderungen des Tandemflugs gerecht wird.<\/p>\n<p>Insgesamt scheint dieses Tandem-Passagiergurtzeug eine unkomplizierte und zweckm\u00e4\u00dfige L\u00f6sung zu sein, bei der der Komfort und die Sicherheit der Passagiere w\u00e4hrend des Tandemflugs im Vordergrund stehen und die gleichzeitig einfach in Design und Anwendung ist.<\/p>\n<h4><b>Klettverschluss an der Schulter<\/b><\/h4>\n<p>Eine einfache M\u00f6glichkeit, Ger\u00e4te zu befestigen, perfekt sichtbar f\u00fcr den Piloten.<\/p>\n<p>Beide Schultergurte des Passagiergurtes sind mit Klettstreifen und Befestigungsschlaufen versehen. Dies bietet eine hervorragende Position f\u00fcr Fluginstrumente oder eine POV-Kamerahalterung (Point of View).<\/p>\n<h4><\/h4>\n<h4 class=\"centered padded\">Technische Daten<\/h4>\n<table class=\"matrix headed specifications\">\n<tbody>\n<tr>\n<td>Size<\/td>\n<td>ONE SIZE FOR ALL<\/td>\n<td><\/td>\n<\/tr>\n<tr>\n<td>Max Weight(kg)<\/td>\n<td>120<\/td>\n<td><\/td>\n<\/tr>\n<tr>\n<td>Borad Width(mm)<\/td>\n<td>340<\/td>\n<td><\/td>\n<\/tr>\n<tr>\n<td>Borad Depth(mm)<\/td>\n<td>360<\/td>\n<td><\/td>\n<\/tr>\n<tr>\n<td>Suspension height, cm<\/td>\n<td>43<\/td>\n<td><\/td>\n<\/tr>\n<tr>\n<td>Back protection type<\/td>\n<td>Airbag<\/td>\n<td><\/td>\n<\/tr>\n<tr>\n<td>Pilot weight, kg<\/td>\n<td>50-120<\/td>\n<td><\/td>\n<\/tr>\n<tr>\n<td>Protector<\/td>\n<td>Airbag<\/td>\n<td><\/td>\n<\/tr>\n<tr>\n<td>Seatbord width, cm<\/td>\n<td>34<\/td>\n<td><\/td>\n<\/tr>\n<tr>\n<td>Harness Weight(kg)<\/td>\n<td>2.44<\/td>\n<td><\/td>\n<\/tr>\n<tr>\n<td>Certification<\/td>\n<td>EN 1651\/LTF NfL II91\/09<\/td>\n<\/tr>\n<\/tbody>\n<\/table>\n<p>&nbsp;<\/p>\n<p>Mehr<a href=\"https:\/\/www.flydavinci.com\/products\/harnesses\/harmony-passenger-air2\/\" target=\"_blank\" rel=\"noopener noreferrer\"> Infos<\/a><\/p>\n<p>Falls dieser Artikel nicht an Lager ist, wird er f\u00fcr dich bestellt. Lieferfrist 1-2 Wochen. Lieferung ab Lager S\u00fcdkorea.<\/p>\n","protected":false},"featured_media":17234,"comment_status":"closed","ping_status":"closed","template":"","meta":[],"product_brand":[],"product_cat":[937],"product_tag":[1000,90],"class_list":{"0":"post-6135","1":"product","2":"type-product","3":"status-publish","4":"has-post-thumbnail","6":"product_cat-gleitschirm-sitzgurtzeuge","7":"product_tag-sitzgurtzeug","8":"product_tag-verkaufsartikel","10":"first","11":"instock","12":"sale","13":"shipping-taxable","14":"purchasable","15":"product-type-simple"},"yoast_head":"<!-- This site is optimized with the Yoast SEO Premium plugin v26.1 (Yoast SEO v27.3) - https:\/\/yoast.com\/product\/yoast-seo-premium-wordpress\/ -->\n<title>Davinci Harmony Passenger Air 2 | Gleitschirmschule Thun, Bern, Interlaken<\/title>\n<meta name=\"description\" content=\"Davinci Harmony Passenger Air2 Komfortables Tandem-Passagiergurtzeug mit passagierspezifischen Funktionen f\u00fcr ein optimales Flugerlebnis.\" \/>\n<meta name=\"robots\" content=\"index, follow, max-snippet:-1, max-image-preview:large, max-video-preview:-1\" \/>\n<link rel=\"canonical\" href=\"https:\/\/swissgliders.ch\/de\/produkt\/davinci-harmony-air-2\/\" \/>\n<meta property=\"og:locale\" content=\"de_DE\" \/>\n<meta property=\"og:type\" content=\"article\" \/>\n<meta property=\"og:title\" content=\"Davinci Harmony Passenger Air 2\" \/>\n<meta property=\"og:description\" content=\"Davinci Harmony Passenger Air2 Komfortables Tandem-Passagiergurtzeug mit passagierspezifischen Funktionen f\u00fcr ein optimales Flugerlebnis.\" \/>\n<meta property=\"og:url\" content=\"https:\/\/swissgliders.ch\/de\/produkt\/davinci-harmony-air-2\/\" \/>\n<meta property=\"og:site_name\" content=\"Gleitschirmschule Thun, Bern, Interlaken\" \/>\n<meta property=\"article:publisher\" content=\"https:\/\/www.facebook.com\/swissgliders\" \/>\n<meta property=\"article:modified_time\" content=\"2024-11-20T09:25:46+00:00\" \/>\n<meta name=\"twitter:card\" content=\"summary_large_image\" \/>\n<meta name=\"twitter:site\" content=\"@Swissgliders\" \/>\n<meta name=\"twitter:label1\" content=\"Preis\" \/>\n\t<meta name=\"twitter:data1\" content=\"&#067;&#072;&#070;&nbsp;756.00\" \/>\n\t<meta name=\"twitter:label2\" content=\"Verf\u00fcgbarkeit\" \/>\n\t<meta name=\"twitter:data2\" content=\"Auf Lager\" \/>\n<script type=\"application\/ld+json\" class=\"yoast-schema-graph\">{\"@context\":\"https:\\\/\\\/schema.org\",\"@graph\":[{\"@type\":\"WebPage\",\"@id\":\"https:\\\/\\\/swissgliders.ch\\\/de\\\/produkt\\\/davinci-harmony-air-2\\\/\",\"url\":\"https:\\\/\\\/swissgliders.ch\\\/de\\\/produkt\\\/davinci-harmony-air-2\\\/\",\"name\":\"Davinci Harmony Passenger Air 2 | Gleitschirmschule Thun, Bern, Interlaken\",\"isPartOf\":{\"@id\":\"https:\\\/\\\/swissgliders.ch\\\/de\\\/#website\"},\"primaryImageOfPage\":{\"@id\":\"https:\\\/\\\/swissgliders.ch\\\/de\\\/produkt\\\/davinci-harmony-air-2\\\/#primaryimage\"},\"image\":{\"@id\":\"https:\\\/\\\/swissgliders.ch\\\/de\\\/produkt\\\/davinci-harmony-air-2\\\/#primaryimage\"},\"thumbnailUrl\":\"https:\\\/\\\/swissgliders.ch\\\/wp-content\\\/uploads\\\/2021\\\/01\\\/Davinci_Gurtzeug_Harmony-Passenger-6.avif\",\"datePublished\":\"2021-01-30T16:00:19+00:00\",\"dateModified\":\"2024-11-20T09:25:46+00:00\",\"description\":\"Davinci Harmony Passenger Air2 Komfortables Tandem-Passagiergurtzeug mit passagierspezifischen Funktionen f\u00fcr ein optimales Flugerlebnis.\",\"breadcrumb\":{\"@id\":\"https:\\\/\\\/swissgliders.ch\\\/de\\\/produkt\\\/davinci-harmony-air-2\\\/#breadcrumb\"},\"inLanguage\":\"de\",\"potentialAction\":[{\"@type\":\"ReadAction\",\"target\":[\"https:\\\/\\\/swissgliders.ch\\\/de\\\/produkt\\\/davinci-harmony-air-2\\\/\"]}]},{\"@type\":\"ImageObject\",\"inLanguage\":\"de\",\"@id\":\"https:\\\/\\\/swissgliders.ch\\\/de\\\/produkt\\\/davinci-harmony-air-2\\\/#primaryimage\",\"url\":\"https:\\\/\\\/swissgliders.ch\\\/wp-content\\\/uploads\\\/2021\\\/01\\\/Davinci_Gurtzeug_Harmony-Passenger-6.avif\",\"contentUrl\":\"https:\\\/\\\/swissgliders.ch\\\/wp-content\\\/uploads\\\/2021\\\/01\\\/Davinci_Gurtzeug_Harmony-Passenger-6.avif\",\"width\":1058,\"height\":1280,\"caption\":\"Davinci_Gurtzeug_Harmony Passenger-6\"},{\"@type\":\"BreadcrumbList\",\"@id\":\"https:\\\/\\\/swissgliders.ch\\\/de\\\/produkt\\\/davinci-harmony-air-2\\\/#breadcrumb\",\"itemListElement\":[{\"@type\":\"ListItem\",\"position\":1,\"name\":\"Startseite\",\"item\":\"https:\\\/\\\/swissgliders.ch\\\/de\\\/willkommen\\\/\"},{\"@type\":\"ListItem\",\"position\":2,\"name\":\"Gleitschirm Shop\",\"item\":\"https:\\\/\\\/swissgliders.ch\\\/de\\\/gleitschirm-shop\\\/\"},{\"@type\":\"ListItem\",\"position\":3,\"name\":\"Davinci Harmony Passenger Air 2\"}]},{\"@type\":\"WebSite\",\"@id\":\"https:\\\/\\\/swissgliders.ch\\\/de\\\/#website\",\"url\":\"https:\\\/\\\/swissgliders.ch\\\/de\\\/\",\"name\":\"Gleitschirmschule Thun, Bern, Interlaken\",\"description\":\"Gleitschirmschule Thun, Bern, Interlaken\",\"publisher\":{\"@id\":\"https:\\\/\\\/swissgliders.ch\\\/de\\\/#organization\"},\"potentialAction\":[{\"@type\":\"SearchAction\",\"target\":{\"@type\":\"EntryPoint\",\"urlTemplate\":\"https:\\\/\\\/swissgliders.ch\\\/de\\\/?s={search_term_string}\"},\"query-input\":{\"@type\":\"PropertyValueSpecification\",\"valueRequired\":true,\"valueName\":\"search_term_string\"}}],\"inLanguage\":\"de\"},{\"@type\":\"Organization\",\"@id\":\"https:\\\/\\\/swissgliders.ch\\\/de\\\/#organization\",\"name\":\"Swissgliders Gleitschirmflugschule Thun\",\"url\":\"https:\\\/\\\/swissgliders.ch\\\/de\\\/\",\"logo\":{\"@type\":\"ImageObject\",\"inLanguage\":\"de\",\"@id\":\"https:\\\/\\\/swissgliders.ch\\\/de\\\/#\\\/schema\\\/logo\\\/image\\\/\",\"url\":\"https:\\\/\\\/swissgliders.ch\\\/wp-content\\\/uploads\\\/2019\\\/12\\\/swissgliders-logo-rgb-square-L-no-ch-01.png\",\"contentUrl\":\"https:\\\/\\\/swissgliders.ch\\\/wp-content\\\/uploads\\\/2019\\\/12\\\/swissgliders-logo-rgb-square-L-no-ch-01.png\",\"width\":2500,\"height\":2500,\"caption\":\"Swissgliders Gleitschirmflugschule Thun\"},\"image\":{\"@id\":\"https:\\\/\\\/swissgliders.ch\\\/de\\\/#\\\/schema\\\/logo\\\/image\\\/\"},\"sameAs\":[\"https:\\\/\\\/www.facebook.com\\\/swissgliders\",\"https:\\\/\\\/x.com\\\/Swissgliders\",\"https:\\\/\\\/www.instagram.com\\\/swissgliders\\\/\",\"https:\\\/\\\/www.youtube.com\\\/channel\\\/UCMCtGdepy9vBhrhX3V_oJOA\"],\"hasMerchantReturnPolicy\":{\"@type\":\"MerchantReturnPolicy\",\"merchantReturnLink\":\"https:\\\/\\\/swissgliders.ch\\\/de\\\/allgemeine-geschaftsbedingungen\\\/\"}}]}<\/script>\n<meta property=\"product:price:amount\" content=\"756.00\" \/>\n<meta property=\"product:price:currency\" content=\"CHF\" \/>\n<meta property=\"og:availability\" content=\"instock\" \/>\n<meta property=\"product:availability\" content=\"instock\" \/>\n<meta property=\"product:condition\" content=\"new\" \/>\n<!-- \/ Yoast SEO Premium plugin. -->","yoast_head_json":{"title":"Davinci Harmony Passenger Air 2 | Gleitschirmschule Thun, Bern, Interlaken","description":"Davinci Harmony Passenger Air2 Komfortables Tandem-Passagiergurtzeug mit passagierspezifischen Funktionen f\u00fcr ein optimales Flugerlebnis.","robots":{"index":"index","follow":"follow","max-snippet":"max-snippet:-1","max-image-preview":"max-image-preview:large","max-video-preview":"max-video-preview:-1"},"canonical":"https:\/\/swissgliders.ch\/de\/produkt\/davinci-harmony-air-2\/","og_locale":"de_DE","og_type":"article","og_title":"Davinci Harmony Passenger Air 2","og_description":"Davinci Harmony Passenger Air2 Komfortables Tandem-Passagiergurtzeug mit passagierspezifischen Funktionen f\u00fcr ein optimales Flugerlebnis.","og_url":"https:\/\/swissgliders.ch\/de\/produkt\/davinci-harmony-air-2\/","og_site_name":"Gleitschirmschule Thun, Bern, Interlaken","article_publisher":"https:\/\/www.facebook.com\/swissgliders","article_modified_time":"2024-11-20T09:25:46+00:00","twitter_card":"summary_large_image","twitter_site":"@Swissgliders","twitter_misc":{"Preis":"&#67;&#72;&#70;&nbsp;756.00","Verf\u00fcgbarkeit":"Auf Lager"},"schema":{"@context":"https:\/\/schema.org","@graph":[{"@type":"WebPage","@id":"https:\/\/swissgliders.ch\/de\/produkt\/davinci-harmony-air-2\/","url":"https:\/\/swissgliders.ch\/de\/produkt\/davinci-harmony-air-2\/","name":"Davinci Harmony Passenger Air 2 | Gleitschirmschule Thun, Bern, Interlaken","isPartOf":{"@id":"https:\/\/swissgliders.ch\/de\/#website"},"primaryImageOfPage":{"@id":"https:\/\/swissgliders.ch\/de\/produkt\/davinci-harmony-air-2\/#primaryimage"},"image":{"@id":"https:\/\/swissgliders.ch\/de\/produkt\/davinci-harmony-air-2\/#primaryimage"},"thumbnailUrl":"https:\/\/swissgliders.ch\/wp-content\/uploads\/2021\/01\/Davinci_Gurtzeug_Harmony-Passenger-6.avif","datePublished":"2021-01-30T16:00:19+00:00","dateModified":"2024-11-20T09:25:46+00:00","description":"Davinci Harmony Passenger Air2 Komfortables Tandem-Passagiergurtzeug mit passagierspezifischen Funktionen f\u00fcr ein optimales Flugerlebnis.","breadcrumb":{"@id":"https:\/\/swissgliders.ch\/de\/produkt\/davinci-harmony-air-2\/#breadcrumb"},"inLanguage":"de","potentialAction":[{"@type":"ReadAction","target":["https:\/\/swissgliders.ch\/de\/produkt\/davinci-harmony-air-2\/"]}]},{"@type":"ImageObject","inLanguage":"de","@id":"https:\/\/swissgliders.ch\/de\/produkt\/davinci-harmony-air-2\/#primaryimage","url":"https:\/\/swissgliders.ch\/wp-content\/uploads\/2021\/01\/Davinci_Gurtzeug_Harmony-Passenger-6.avif","contentUrl":"https:\/\/swissgliders.ch\/wp-content\/uploads\/2021\/01\/Davinci_Gurtzeug_Harmony-Passenger-6.avif","width":1058,"height":1280,"caption":"Davinci_Gurtzeug_Harmony Passenger-6"},{"@type":"BreadcrumbList","@id":"https:\/\/swissgliders.ch\/de\/produkt\/davinci-harmony-air-2\/#breadcrumb","itemListElement":[{"@type":"ListItem","position":1,"name":"Startseite","item":"https:\/\/swissgliders.ch\/de\/willkommen\/"},{"@type":"ListItem","position":2,"name":"Gleitschirm Shop","item":"https:\/\/swissgliders.ch\/de\/gleitschirm-shop\/"},{"@type":"ListItem","position":3,"name":"Davinci Harmony Passenger Air 2"}]},{"@type":"WebSite","@id":"https:\/\/swissgliders.ch\/de\/#website","url":"https:\/\/swissgliders.ch\/de\/","name":"Gleitschirmschule Thun, Bern, Interlaken","description":"Gleitschirmschule Thun, Bern, Interlaken","publisher":{"@id":"https:\/\/swissgliders.ch\/de\/#organization"},"potentialAction":[{"@type":"SearchAction","target":{"@type":"EntryPoint","urlTemplate":"https:\/\/swissgliders.ch\/de\/?s={search_term_string}"},"query-input":{"@type":"PropertyValueSpecification","valueRequired":true,"valueName":"search_term_string"}}],"inLanguage":"de"},{"@type":"Organization","@id":"https:\/\/swissgliders.ch\/de\/#organization","name":"Swissgliders Gleitschirmflugschule Thun","url":"https:\/\/swissgliders.ch\/de\/","logo":{"@type":"ImageObject","inLanguage":"de","@id":"https:\/\/swissgliders.ch\/de\/#\/schema\/logo\/image\/","url":"https:\/\/swissgliders.ch\/wp-content\/uploads\/2019\/12\/swissgliders-logo-rgb-square-L-no-ch-01.png","contentUrl":"https:\/\/swissgliders.ch\/wp-content\/uploads\/2019\/12\/swissgliders-logo-rgb-square-L-no-ch-01.png","width":2500,"height":2500,"caption":"Swissgliders Gleitschirmflugschule Thun"},"image":{"@id":"https:\/\/swissgliders.ch\/de\/#\/schema\/logo\/image\/"},"sameAs":["https:\/\/www.facebook.com\/swissgliders","https:\/\/x.com\/Swissgliders","https:\/\/www.instagram.com\/swissgliders\/","https:\/\/www.youtube.com\/channel\/UCMCtGdepy9vBhrhX3V_oJOA"],"hasMerchantReturnPolicy":{"@type":"MerchantReturnPolicy","merchantReturnLink":"https:\/\/swissgliders.ch\/de\/allgemeine-geschaftsbedingungen\/"}}]},"product_price_amount":"756.00","product_price_currency":"CHF","og_availability":"instock","product_availability":"instock","product_condition":"new"},"_links":{"self":[{"href":"https:\/\/swissgliders.ch\/de\/wp-json\/wp\/v2\/product\/6135","targetHints":{"allow":["GET"]}}],"collection":[{"href":"https:\/\/swissgliders.ch\/de\/wp-json\/wp\/v2\/product"}],"about":[{"href":"https:\/\/swissgliders.ch\/de\/wp-json\/wp\/v2\/types\/product"}],"replies":[{"embeddable":true,"href":"https:\/\/swissgliders.ch\/de\/wp-json\/wp\/v2\/comments?post=6135"}],"wp:featuredmedia":[{"embeddable":true,"href":"https:\/\/swissgliders.ch\/de\/wp-json\/wp\/v2\/media\/17234"}],"wp:attachment":[{"href":"https:\/\/swissgliders.ch\/de\/wp-json\/wp\/v2\/media?parent=6135"}],"wp:term":[{"taxonomy":"product_brand","embeddable":true,"href":"https:\/\/swissgliders.ch\/de\/wp-json\/wp\/v2\/product_brand?post=6135"},{"taxonomy":"product_cat","embeddable":true,"href":"https:\/\/swissgliders.ch\/de\/wp-json\/wp\/v2\/product_cat?post=6135"},{"taxonomy":"product_tag","embeddable":true,"href":"https:\/\/swissgliders.ch\/de\/wp-json\/wp\/v2\/product_tag?post=6135"}],"curies":[{"name":"wp","href":"https:\/\/api.w.org\/{rel}","templated":true}]}}