{"id":6304,"date":"2021-03-15T21:30:28","date_gmt":"2021-03-15T20:30:28","guid":{"rendered":"https:\/\/swissgliders.ch\/?post_type=product&#038;p=6304"},"modified":"2026-04-07T15:17:26","modified_gmt":"2026-04-07T14:17:26","slug":"basisrausch-citrin-gleitschirm-handschuh","status":"publish","type":"product","link":"https:\/\/swissgliders.ch\/de\/produkt\/basisrausch-citrin-gleitschirm-handschuh\/","title":{"rendered":"Basisrausch Citrin Gleitschirm Handschuh"},"content":{"rendered":"<h3>Der Gleitschirm Handschuh CITRIN ist eine neue Innovation von Basisrausch<\/h3>\n<p><img loading=\"lazy\" decoding=\"async\" class=\"\" src=\"https:\/\/www.gleitschirm-direkt.de\/out\/pictures\/generated\/product\/1\/540_340_80\/basisrausch-citrin-1.jpg\" alt=\"Paragliding Direct | Basisrausch Gloves Citrin 2S | purchase online\" width=\"455\" height=\"303\" \/><\/p>\n<p>Auf vielseitigen Kundenwunsch, Feedbacks und auf Inputs von Chrigel Maurer, hat Basisrausch diesen leichten 2-Saison Sommerhandschuh lanciert. Die langj\u00e4hrige Erfahrung im Gleitschirm Handschuhbereich ist bei der Konzipierung mit eingeflossen und hat zum erfolgreichen Ergebnis gef\u00fchrt.<\/p>\n<ul class=\"uk-list list-icons\">\n<li><i class=\"uk-icon-thumbs-o-up\"><\/i>PERFEKTE PASSFORM<\/li>\n<li><i class=\"uk-icon-thumbs-o-up\"><\/i>HERVORRAGENDER GRIFF<\/li>\n<li><i class=\"uk-icon-thumbs-o-up\"><\/i>SENSATIONELLES TASTGEF\u00dcHL<\/li>\n<li><i class=\"uk-icon-thumbs-o-up\"><\/i>SCHUTZ VOR VERLETZUNGEN<\/li>\n<li><i class=\"uk-icon-thumbs-o-up\"><\/i>STRAPAZIERF\u00c4HIG<\/li>\n<li><i class=\"uk-icon-thumbs-o-up\"><\/i>BEL\u00dcFTET<\/li>\n<\/ul>\n<p><br class=\"avia-permanent-lb\" \/><strong>F\u00dcHL DICH LEICHT<\/strong><\/p>\n<p>Der CITRIN erf\u00fcllt die Anforderungen optimal, die an einen Sommerhandschuh gestellt werden. Er sch\u00fctzt optimal vor Verletzungen, ist \u00e4usserst wiederstands- und strapazierf\u00e4hig, schafft schwitzenden H\u00e4nden Abhilfe und verleiht dem Piloten das Gef\u00fchl einer zweiten Haut.<\/p>\n<p>Genau wie beim bew\u00e4hrten KRISTALL FLEX wird beim CITRIN hochwertiges Ziegenleder verarbeitet. Dieses zeichnet sich aus durch Pflegeleichtigkeit, Scheuerungsbest\u00e4ndigkeit und sensationelle Griffigkeit. Auf der Handoberfl\u00e4che ist ein Spandex eingearbeitet, was dem Handschuh eine leichte Dehnbarkeit verleiht. Dadurch schmiegt er sich wie eine zweite Haut an die Hand und garantiert eine perfekte Passform. Weiter f\u00f6rdert das Spandex die Durchl\u00fcftung des Handschuhinnenbereichs und beugt gegen Staun\u00e4sse schwitzender H\u00e4nde vor. Die Fingerpartien sind raffiniert verarbeitet, damit keine st\u00f6renden N\u00e4hte das Tastgef\u00fchl vermindern. Die abschliessende Lycrastulpe ist kurz und schliesst den Handschuh ohne Velcro ab. Durch diese Eigenschaften eignet sich der CITRIN ideal als 2-Saison Handschuh f\u00fcr die warmen Sommermonate sowie speziell f\u00fcr die Schulung, Tandempiloten, Akropiloten, Gleitfl\u00fcge, K\u00fcstensoaren und D\u00fcnenfliegen.<\/p>\n<p>Wir bedanken uns f\u00fcr die zahlreich miteingefolossenen Kundenr\u00fcckmeldungen und speziell Chrigel Maurer f\u00fcr die Unterst\u00fctzung und das Testen unserer Entwicklungen.<\/p>\n<p>\u00dcberzeuge dich selbst! <br class=\"avia-permanent-lb\" \/><br class=\"avia-permanent-lb\" \/><\/p>\n<table class=\"product--properties-table\">\n<tbody>\n<tr class=\"product--properties-row\">\n<td class=\"product--properties-label is--bold\">Einsatz:<\/td>\n<td class=\"product--properties-value\">Trekking, Fliegen<\/td>\n<\/tr>\n<tr class=\"product--properties-row\">\n<td class=\"product--properties-label is--bold\">Funktion:<\/td>\n<td class=\"product--properties-value\">wasserabweisend, atmungsaktiv, windabweisend, isolierend<\/td>\n<\/tr>\n<tr class=\"product--properties-row\">\n<td class=\"product--properties-label is--bold\">Geschlecht:<\/td>\n<td class=\"product--properties-value\">Herren, Damen<\/td>\n<\/tr>\n<tr class=\"product--properties-row\">\n<td class=\"product--properties-label is--bold\">Komfort:<\/td>\n<td class=\"product--properties-value\">Sommer, Herbst<\/td>\n<\/tr>\n<tr class=\"product--properties-row\">\n<td class=\"product--properties-label is--bold\">Material:<\/td>\n<td class=\"product--properties-value\">Ziegenleder, Spandex, Lycrastulpe<\/td>\n<\/tr>\n<\/tbody>\n<\/table>\n<p><span style=\"color: #ff0000;\"><strong> <br class=\"avia-permanent-lb\" \/>Gr\u00f6sse: ACHTUNG! Nehmt sonst jeweils die n\u00e4chst gr\u00f6ssere Gr\u00f6sse als sonst. Die Handschuhe sind eher klein vermessen.<\/strong><\/span><\/p>\n<p>&nbsp;<\/p>\n<p>Mehr <a href=\"https:\/\/shop.basisrausch.ch\/herren\/handschuhe\/171\/basisrausch-citrin-gleitschirm-handschuh\" target=\"_blank\" rel=\"noopener\">Info<\/a><\/p>\n<p>Lieferzeit 1-2 Tage<\/p>\n","protected":false},"excerpt":{"rendered":"<h3>Der Gleitschirm Handschuh CITRIN ist eine neue Innovation von Basisrausch<\/h3>\n<p><img loading=\"lazy\" decoding=\"async\" class=\"\" src=\"https:\/\/www.gleitschirm-direkt.de\/out\/pictures\/generated\/product\/1\/540_340_80\/basisrausch-citrin-1.jpg\" alt=\"Paragliding Direct | Basisrausch Gloves Citrin 2S | purchase online\" width=\"455\" height=\"303\" \/><\/p>\n<p>Auf vielseitigen Kundenwunsch, Feedbacks und auf Inputs von Chrigel Maurer, hat Basisrausch diesen leichten 2-Saison Sommerhandschuh lanciert. Die langj\u00e4hrige Erfahrung im Gleitschirm Handschuhbereich ist bei der Konzipierung mit eingeflossen und hat zum erfolgreichen Ergebnis gef\u00fchrt.<\/p>\n<ul class=\"uk-list list-icons\">\n<li><i class=\"uk-icon-thumbs-o-up\"><\/i>PERFEKTE PASSFORM<\/li>\n<li><i class=\"uk-icon-thumbs-o-up\"><\/i>HERVORRAGENDER GRIFF<\/li>\n<li><i class=\"uk-icon-thumbs-o-up\"><\/i>SENSATIONELLES TASTGEF\u00dcHL<\/li>\n<li><i class=\"uk-icon-thumbs-o-up\"><\/i>SCHUTZ VOR VERLETZUNGEN<\/li>\n<li><i class=\"uk-icon-thumbs-o-up\"><\/i>STRAPAZIERF\u00c4HIG<\/li>\n<li><i class=\"uk-icon-thumbs-o-up\"><\/i>BEL\u00dcFTET<\/li>\n<\/ul>\n<p><br class=\"avia-permanent-lb\" \/><strong>F\u00dcHL DICH LEICHT<\/strong><\/p>\n<p>Der CITRIN erf\u00fcllt die Anforderungen optimal, die an einen Sommerhandschuh gestellt werden. Er sch\u00fctzt optimal vor Verletzungen, ist \u00e4usserst wiederstands- und strapazierf\u00e4hig, schafft schwitzenden H\u00e4nden Abhilfe und verleiht dem Piloten das Gef\u00fchl einer zweiten Haut.<\/p>\n<p>Genau wie beim bew\u00e4hrten KRISTALL FLEX wird beim CITRIN hochwertiges Ziegenleder verarbeitet. Dieses zeichnet sich aus durch Pflegeleichtigkeit, Scheuerungsbest\u00e4ndigkeit und sensationelle Griffigkeit. Auf der Handoberfl\u00e4che ist ein Spandex eingearbeitet, was dem Handschuh eine leichte Dehnbarkeit verleiht. Dadurch schmiegt er sich wie eine zweite Haut an die Hand und garantiert eine perfekte Passform. Weiter f\u00f6rdert das Spandex die Durchl\u00fcftung des Handschuhinnenbereichs und beugt gegen Staun\u00e4sse schwitzender H\u00e4nde vor. Die Fingerpartien sind raffiniert verarbeitet, damit keine st\u00f6renden N\u00e4hte das Tastgef\u00fchl vermindern. Die abschliessende Lycrastulpe ist kurz und schliesst den Handschuh ohne Velcro ab. Durch diese Eigenschaften eignet sich der CITRIN ideal als 2-Saison Handschuh f\u00fcr die warmen Sommermonate sowie speziell f\u00fcr die Schulung, Tandempiloten, Akropiloten, Gleitfl\u00fcge, K\u00fcstensoaren und D\u00fcnenfliegen.<\/p>\n<p>Wir bedanken uns f\u00fcr die zahlreich miteingefolossenen Kundenr\u00fcckmeldungen und speziell Chrigel Maurer f\u00fcr die Unterst\u00fctzung und das Testen unserer Entwicklungen.<\/p>\n<p>\u00dcberzeuge dich selbst! <br class=\"avia-permanent-lb\" \/><br class=\"avia-permanent-lb\" \/><\/p>\n<table class=\"product--properties-table\">\n<tbody>\n<tr class=\"product--properties-row\">\n<td class=\"product--properties-label is--bold\">Einsatz:<\/td>\n<td class=\"product--properties-value\">Trekking, Fliegen<\/td>\n<\/tr>\n<tr class=\"product--properties-row\">\n<td class=\"product--properties-label is--bold\">Funktion:<\/td>\n<td class=\"product--properties-value\">wasserabweisend, atmungsaktiv, windabweisend, isolierend<\/td>\n<\/tr>\n<tr class=\"product--properties-row\">\n<td class=\"product--properties-label is--bold\">Geschlecht:<\/td>\n<td class=\"product--properties-value\">Herren, Damen<\/td>\n<\/tr>\n<tr class=\"product--properties-row\">\n<td class=\"product--properties-label is--bold\">Komfort:<\/td>\n<td class=\"product--properties-value\">Sommer, Herbst<\/td>\n<\/tr>\n<tr class=\"product--properties-row\">\n<td class=\"product--properties-label is--bold\">Material:<\/td>\n<td class=\"product--properties-value\">Ziegenleder, Spandex, Lycrastulpe<\/td>\n<\/tr>\n<\/tbody>\n<\/table>\n<p><span style=\"color: #ff0000;\"><strong> <br class=\"avia-permanent-lb\" \/>Gr\u00f6sse: ACHTUNG! Nehmt sonst jeweils die n\u00e4chst gr\u00f6ssere Gr\u00f6sse als sonst. Die Handschuhe sind eher klein vermessen.<\/strong><\/span><\/p>\n<p>&nbsp;<\/p>\n<p>Mehr <a href=\"https:\/\/shop.basisrausch.ch\/herren\/handschuhe\/171\/basisrausch-citrin-gleitschirm-handschuh\" target=\"_blank\" rel=\"noopener\">Info<\/a><\/p>\n<p>Lieferzeit 1-2 Tage<\/p>\n","protected":false},"featured_media":6306,"comment_status":"closed","ping_status":"closed","template":"","meta":[],"product_brand":[2618],"product_cat":[2022,1947,402],"product_tag":[918,1742,410],"class_list":{"0":"post-6304","1":"product","2":"type-product","3":"status-publish","4":"has-post-thumbnail","6":"product_brand-basisrausch","7":"product_cat-gleitschirm-bekleidung","8":"product_cat-gleitschirm-handschuhe","9":"product_cat-gleitschirm-zubehoer","10":"product_tag-bekleidung","11":"product_tag-handschuhe","12":"product_tag-zubehoer","13":"product_shipping_class-priority-10kg-de","15":"first","16":"instock","17":"sale","18":"shipping-taxable","19":"purchasable","20":"product-type-variable"},"yoast_head":"<!-- This site is optimized with the Yoast SEO Premium plugin v26.1 (Yoast SEO v27.3) - https:\/\/yoast.com\/product\/yoast-seo-premium-wordpress\/ -->\n<title>Basisrausch Citrin Gleitschirm Handschuh | Gleitschirmschule Thun, Bern, Interlaken<\/title>\n<meta name=\"description\" content=\"Citrin Gleitschirm Handschuh von Basisrausch. Auf vielseitigen Kundenwunsch, Feedbacks und auf Inputs von Chrigel Maurer, hat Basisrausch diesen leichten 2-Saison Sommerhandschuh lanciert. Die langj\u00e4hrige Erfahrung im Gleitschirm Handschuhbereich ist bei der Konzipierung mit eingeflossen und hat zum erfolgreichen Ergebnis gef\u00fchrt. Der CITRIN eignet sich perfekte f\u00fcr Ausbildungsfl\u00fcge, Tandempiloten, Akropiloten, Gleitfl\u00fcge, K\u00fcstensoaren und D\u00fcnenfliegen.\" \/>\n<meta name=\"robots\" content=\"index, follow, max-snippet:-1, max-image-preview:large, max-video-preview:-1\" \/>\n<link rel=\"canonical\" href=\"https:\/\/swissgliders.ch\/de\/produkt\/basisrausch-citrin-gleitschirm-handschuh\/\" \/>\n<meta property=\"og:locale\" content=\"de_DE\" \/>\n<meta property=\"og:type\" content=\"article\" \/>\n<meta property=\"og:title\" content=\"Basisrausch Citrin Gleitschirm Handschuh\" \/>\n<meta property=\"og:description\" content=\"Citrin Gleitschirm Handschuh von Basisrausch. Auf vielseitigen Kundenwunsch, Feedbacks und auf Inputs von Chrigel Maurer, hat Basisrausch diesen leichten 2-Saison Sommerhandschuh lanciert. Die langj\u00e4hrige Erfahrung im Gleitschirm Handschuhbereich ist bei der Konzipierung mit eingeflossen und hat zum erfolgreichen Ergebnis gef\u00fchrt. Der CITRIN eignet sich perfekte f\u00fcr Ausbildungsfl\u00fcge, Tandempiloten, Akropiloten, Gleitfl\u00fcge, K\u00fcstensoaren und D\u00fcnenfliegen.\" \/>\n<meta property=\"og:url\" content=\"https:\/\/swissgliders.ch\/de\/produkt\/basisrausch-citrin-gleitschirm-handschuh\/\" \/>\n<meta property=\"og:site_name\" content=\"Gleitschirmschule Thun, Bern, Interlaken\" \/>\n<meta property=\"article:publisher\" content=\"https:\/\/www.facebook.com\/swissgliders\" \/>\n<meta property=\"article:modified_time\" content=\"2026-04-07T14:17:26+00:00\" \/>\n<meta property=\"og:image\" content=\"https:\/\/swissgliders.ch\/wp-content\/uploads\/2021\/03\/gleitschirm-handschuhe-citrin-1.jpg\" \/>\n\t<meta property=\"og:image:width\" content=\"800\" \/>\n\t<meta property=\"og:image:height\" content=\"1000\" \/>\n\t<meta property=\"og:image:type\" content=\"image\/jpeg\" \/>\n<meta name=\"twitter:card\" content=\"summary_large_image\" \/>\n<meta name=\"twitter:site\" content=\"@Swissgliders\" \/>\n<meta name=\"twitter:label1\" content=\"Verf\u00fcgbarkeit\" \/>\n\t<meta name=\"twitter:data1\" content=\"Auf Lager\" \/>\n<script type=\"application\/ld+json\" class=\"yoast-schema-graph\">{\"@context\":\"https:\\\/\\\/schema.org\",\"@graph\":[{\"@type\":\"WebPage\",\"@id\":\"https:\\\/\\\/swissgliders.ch\\\/de\\\/produkt\\\/basisrausch-citrin-gleitschirm-handschuh\\\/\",\"url\":\"https:\\\/\\\/swissgliders.ch\\\/de\\\/produkt\\\/basisrausch-citrin-gleitschirm-handschuh\\\/\",\"name\":\"Basisrausch Citrin Gleitschirm Handschuh | Gleitschirmschule Thun, Bern, Interlaken\",\"isPartOf\":{\"@id\":\"https:\\\/\\\/swissgliders.ch\\\/de\\\/#website\"},\"primaryImageOfPage\":{\"@id\":\"https:\\\/\\\/swissgliders.ch\\\/de\\\/produkt\\\/basisrausch-citrin-gleitschirm-handschuh\\\/#primaryimage\"},\"image\":{\"@id\":\"https:\\\/\\\/swissgliders.ch\\\/de\\\/produkt\\\/basisrausch-citrin-gleitschirm-handschuh\\\/#primaryimage\"},\"thumbnailUrl\":\"https:\\\/\\\/swissgliders.ch\\\/wp-content\\\/uploads\\\/2021\\\/03\\\/gleitschirm-handschuhe-citrin-1.jpg\",\"datePublished\":\"2021-03-15T20:30:28+00:00\",\"dateModified\":\"2026-04-07T14:17:26+00:00\",\"description\":\"Citrin Gleitschirm Handschuh von Basisrausch. Auf vielseitigen Kundenwunsch, Feedbacks und auf Inputs von Chrigel Maurer, hat Basisrausch diesen leichten 2-Saison Sommerhandschuh lanciert. Die langj\u00e4hrige Erfahrung im Gleitschirm Handschuhbereich ist bei der Konzipierung mit eingeflossen und hat zum erfolgreichen Ergebnis gef\u00fchrt. Der CITRIN eignet sich perfekte f\u00fcr Ausbildungsfl\u00fcge, Tandempiloten, Akropiloten, Gleitfl\u00fcge, K\u00fcstensoaren und D\u00fcnenfliegen.\",\"breadcrumb\":{\"@id\":\"https:\\\/\\\/swissgliders.ch\\\/de\\\/produkt\\\/basisrausch-citrin-gleitschirm-handschuh\\\/#breadcrumb\"},\"inLanguage\":\"de\",\"potentialAction\":[{\"@type\":\"ReadAction\",\"target\":[\"https:\\\/\\\/swissgliders.ch\\\/de\\\/produkt\\\/basisrausch-citrin-gleitschirm-handschuh\\\/\"]}]},{\"@type\":\"ImageObject\",\"inLanguage\":\"de\",\"@id\":\"https:\\\/\\\/swissgliders.ch\\\/de\\\/produkt\\\/basisrausch-citrin-gleitschirm-handschuh\\\/#primaryimage\",\"url\":\"https:\\\/\\\/swissgliders.ch\\\/wp-content\\\/uploads\\\/2021\\\/03\\\/gleitschirm-handschuhe-citrin-1.jpg\",\"contentUrl\":\"https:\\\/\\\/swissgliders.ch\\\/wp-content\\\/uploads\\\/2021\\\/03\\\/gleitschirm-handschuhe-citrin-1.jpg\",\"width\":800,\"height\":1000,\"caption\":\"gleitschirm-handschuhe-citrin-1\"},{\"@type\":\"BreadcrumbList\",\"@id\":\"https:\\\/\\\/swissgliders.ch\\\/de\\\/produkt\\\/basisrausch-citrin-gleitschirm-handschuh\\\/#breadcrumb\",\"itemListElement\":[{\"@type\":\"ListItem\",\"position\":1,\"name\":\"Startseite\",\"item\":\"https:\\\/\\\/swissgliders.ch\\\/de\\\/willkommen\\\/\"},{\"@type\":\"ListItem\",\"position\":2,\"name\":\"Gleitschirm Shop\",\"item\":\"https:\\\/\\\/swissgliders.ch\\\/de\\\/gleitschirm-shop\\\/\"},{\"@type\":\"ListItem\",\"position\":3,\"name\":\"Basisrausch Citrin Gleitschirm Handschuh\"}]},{\"@type\":\"WebSite\",\"@id\":\"https:\\\/\\\/swissgliders.ch\\\/de\\\/#website\",\"url\":\"https:\\\/\\\/swissgliders.ch\\\/de\\\/\",\"name\":\"Gleitschirmschule Thun, Bern, Interlaken\",\"description\":\"Gleitschirmschule Thun, Bern, Interlaken\",\"publisher\":{\"@id\":\"https:\\\/\\\/swissgliders.ch\\\/de\\\/#organization\"},\"potentialAction\":[{\"@type\":\"SearchAction\",\"target\":{\"@type\":\"EntryPoint\",\"urlTemplate\":\"https:\\\/\\\/swissgliders.ch\\\/de\\\/?s={search_term_string}\"},\"query-input\":{\"@type\":\"PropertyValueSpecification\",\"valueRequired\":true,\"valueName\":\"search_term_string\"}}],\"inLanguage\":\"de\"},{\"@type\":\"Organization\",\"@id\":\"https:\\\/\\\/swissgliders.ch\\\/de\\\/#organization\",\"name\":\"Swissgliders Gleitschirmflugschule Thun\",\"url\":\"https:\\\/\\\/swissgliders.ch\\\/de\\\/\",\"logo\":{\"@type\":\"ImageObject\",\"inLanguage\":\"de\",\"@id\":\"https:\\\/\\\/swissgliders.ch\\\/de\\\/#\\\/schema\\\/logo\\\/image\\\/\",\"url\":\"https:\\\/\\\/swissgliders.ch\\\/wp-content\\\/uploads\\\/2019\\\/12\\\/swissgliders-logo-rgb-square-L-no-ch-01.png\",\"contentUrl\":\"https:\\\/\\\/swissgliders.ch\\\/wp-content\\\/uploads\\\/2019\\\/12\\\/swissgliders-logo-rgb-square-L-no-ch-01.png\",\"width\":2500,\"height\":2500,\"caption\":\"Swissgliders Gleitschirmflugschule Thun\"},\"image\":{\"@id\":\"https:\\\/\\\/swissgliders.ch\\\/de\\\/#\\\/schema\\\/logo\\\/image\\\/\"},\"sameAs\":[\"https:\\\/\\\/www.facebook.com\\\/swissgliders\",\"https:\\\/\\\/x.com\\\/Swissgliders\",\"https:\\\/\\\/www.instagram.com\\\/swissgliders\\\/\",\"https:\\\/\\\/www.youtube.com\\\/channel\\\/UCMCtGdepy9vBhrhX3V_oJOA\"],\"hasMerchantReturnPolicy\":{\"@type\":\"MerchantReturnPolicy\",\"merchantReturnLink\":\"https:\\\/\\\/swissgliders.ch\\\/de\\\/allgemeine-geschaftsbedingungen\\\/\"}}]}<\/script>\n<meta property=\"og:availability\" content=\"instock\" \/>\n<meta property=\"product:availability\" content=\"instock\" \/>\n<meta property=\"product:condition\" content=\"new\" \/>\n<!-- \/ Yoast SEO Premium plugin. -->","yoast_head_json":{"title":"Basisrausch Citrin Gleitschirm Handschuh | Gleitschirmschule Thun, Bern, Interlaken","description":"Citrin Gleitschirm Handschuh von Basisrausch. Auf vielseitigen Kundenwunsch, Feedbacks und auf Inputs von Chrigel Maurer, hat Basisrausch diesen leichten 2-Saison Sommerhandschuh lanciert. Die langj\u00e4hrige Erfahrung im Gleitschirm Handschuhbereich ist bei der Konzipierung mit eingeflossen und hat zum erfolgreichen Ergebnis gef\u00fchrt. Der CITRIN eignet sich perfekte f\u00fcr Ausbildungsfl\u00fcge, Tandempiloten, Akropiloten, Gleitfl\u00fcge, K\u00fcstensoaren und D\u00fcnenfliegen.","robots":{"index":"index","follow":"follow","max-snippet":"max-snippet:-1","max-image-preview":"max-image-preview:large","max-video-preview":"max-video-preview:-1"},"canonical":"https:\/\/swissgliders.ch\/de\/produkt\/basisrausch-citrin-gleitschirm-handschuh\/","og_locale":"de_DE","og_type":"article","og_title":"Basisrausch Citrin Gleitschirm Handschuh","og_description":"Citrin Gleitschirm Handschuh von Basisrausch. Auf vielseitigen Kundenwunsch, Feedbacks und auf Inputs von Chrigel Maurer, hat Basisrausch diesen leichten 2-Saison Sommerhandschuh lanciert. Die langj\u00e4hrige Erfahrung im Gleitschirm Handschuhbereich ist bei der Konzipierung mit eingeflossen und hat zum erfolgreichen Ergebnis gef\u00fchrt. Der CITRIN eignet sich perfekte f\u00fcr Ausbildungsfl\u00fcge, Tandempiloten, Akropiloten, Gleitfl\u00fcge, K\u00fcstensoaren und D\u00fcnenfliegen.","og_url":"https:\/\/swissgliders.ch\/de\/produkt\/basisrausch-citrin-gleitschirm-handschuh\/","og_site_name":"Gleitschirmschule Thun, Bern, Interlaken","article_publisher":"https:\/\/www.facebook.com\/swissgliders","article_modified_time":"2026-04-07T14:17:26+00:00","og_image":[{"width":800,"height":1000,"url":"https:\/\/swissgliders.ch\/wp-content\/uploads\/2021\/03\/gleitschirm-handschuhe-citrin-1.jpg","type":"image\/jpeg"}],"twitter_card":"summary_large_image","twitter_site":"@Swissgliders","twitter_misc":{"Verf\u00fcgbarkeit":"Auf Lager"},"schema":{"@context":"https:\/\/schema.org","@graph":[{"@type":"WebPage","@id":"https:\/\/swissgliders.ch\/de\/produkt\/basisrausch-citrin-gleitschirm-handschuh\/","url":"https:\/\/swissgliders.ch\/de\/produkt\/basisrausch-citrin-gleitschirm-handschuh\/","name":"Basisrausch Citrin Gleitschirm Handschuh | Gleitschirmschule Thun, Bern, Interlaken","isPartOf":{"@id":"https:\/\/swissgliders.ch\/de\/#website"},"primaryImageOfPage":{"@id":"https:\/\/swissgliders.ch\/de\/produkt\/basisrausch-citrin-gleitschirm-handschuh\/#primaryimage"},"image":{"@id":"https:\/\/swissgliders.ch\/de\/produkt\/basisrausch-citrin-gleitschirm-handschuh\/#primaryimage"},"thumbnailUrl":"https:\/\/swissgliders.ch\/wp-content\/uploads\/2021\/03\/gleitschirm-handschuhe-citrin-1.jpg","datePublished":"2021-03-15T20:30:28+00:00","dateModified":"2026-04-07T14:17:26+00:00","description":"Citrin Gleitschirm Handschuh von Basisrausch. Auf vielseitigen Kundenwunsch, Feedbacks und auf Inputs von Chrigel Maurer, hat Basisrausch diesen leichten 2-Saison Sommerhandschuh lanciert. Die langj\u00e4hrige Erfahrung im Gleitschirm Handschuhbereich ist bei der Konzipierung mit eingeflossen und hat zum erfolgreichen Ergebnis gef\u00fchrt. Der CITRIN eignet sich perfekte f\u00fcr Ausbildungsfl\u00fcge, Tandempiloten, Akropiloten, Gleitfl\u00fcge, K\u00fcstensoaren und D\u00fcnenfliegen.","breadcrumb":{"@id":"https:\/\/swissgliders.ch\/de\/produkt\/basisrausch-citrin-gleitschirm-handschuh\/#breadcrumb"},"inLanguage":"de","potentialAction":[{"@type":"ReadAction","target":["https:\/\/swissgliders.ch\/de\/produkt\/basisrausch-citrin-gleitschirm-handschuh\/"]}]},{"@type":"ImageObject","inLanguage":"de","@id":"https:\/\/swissgliders.ch\/de\/produkt\/basisrausch-citrin-gleitschirm-handschuh\/#primaryimage","url":"https:\/\/swissgliders.ch\/wp-content\/uploads\/2021\/03\/gleitschirm-handschuhe-citrin-1.jpg","contentUrl":"https:\/\/swissgliders.ch\/wp-content\/uploads\/2021\/03\/gleitschirm-handschuhe-citrin-1.jpg","width":800,"height":1000,"caption":"gleitschirm-handschuhe-citrin-1"},{"@type":"BreadcrumbList","@id":"https:\/\/swissgliders.ch\/de\/produkt\/basisrausch-citrin-gleitschirm-handschuh\/#breadcrumb","itemListElement":[{"@type":"ListItem","position":1,"name":"Startseite","item":"https:\/\/swissgliders.ch\/de\/willkommen\/"},{"@type":"ListItem","position":2,"name":"Gleitschirm Shop","item":"https:\/\/swissgliders.ch\/de\/gleitschirm-shop\/"},{"@type":"ListItem","position":3,"name":"Basisrausch Citrin Gleitschirm Handschuh"}]},{"@type":"WebSite","@id":"https:\/\/swissgliders.ch\/de\/#website","url":"https:\/\/swissgliders.ch\/de\/","name":"Gleitschirmschule Thun, Bern, Interlaken","description":"Gleitschirmschule Thun, Bern, Interlaken","publisher":{"@id":"https:\/\/swissgliders.ch\/de\/#organization"},"potentialAction":[{"@type":"SearchAction","target":{"@type":"EntryPoint","urlTemplate":"https:\/\/swissgliders.ch\/de\/?s={search_term_string}"},"query-input":{"@type":"PropertyValueSpecification","valueRequired":true,"valueName":"search_term_string"}}],"inLanguage":"de"},{"@type":"Organization","@id":"https:\/\/swissgliders.ch\/de\/#organization","name":"Swissgliders Gleitschirmflugschule Thun","url":"https:\/\/swissgliders.ch\/de\/","logo":{"@type":"ImageObject","inLanguage":"de","@id":"https:\/\/swissgliders.ch\/de\/#\/schema\/logo\/image\/","url":"https:\/\/swissgliders.ch\/wp-content\/uploads\/2019\/12\/swissgliders-logo-rgb-square-L-no-ch-01.png","contentUrl":"https:\/\/swissgliders.ch\/wp-content\/uploads\/2019\/12\/swissgliders-logo-rgb-square-L-no-ch-01.png","width":2500,"height":2500,"caption":"Swissgliders Gleitschirmflugschule Thun"},"image":{"@id":"https:\/\/swissgliders.ch\/de\/#\/schema\/logo\/image\/"},"sameAs":["https:\/\/www.facebook.com\/swissgliders","https:\/\/x.com\/Swissgliders","https:\/\/www.instagram.com\/swissgliders\/","https:\/\/www.youtube.com\/channel\/UCMCtGdepy9vBhrhX3V_oJOA"],"hasMerchantReturnPolicy":{"@type":"MerchantReturnPolicy","merchantReturnLink":"https:\/\/swissgliders.ch\/de\/allgemeine-geschaftsbedingungen\/"}}]},"og_availability":"instock","product_availability":"instock","product_condition":"new"},"_links":{"self":[{"href":"https:\/\/swissgliders.ch\/de\/wp-json\/wp\/v2\/product\/6304","targetHints":{"allow":["GET"]}}],"collection":[{"href":"https:\/\/swissgliders.ch\/de\/wp-json\/wp\/v2\/product"}],"about":[{"href":"https:\/\/swissgliders.ch\/de\/wp-json\/wp\/v2\/types\/product"}],"replies":[{"embeddable":true,"href":"https:\/\/swissgliders.ch\/de\/wp-json\/wp\/v2\/comments?post=6304"}],"wp:featuredmedia":[{"embeddable":true,"href":"https:\/\/swissgliders.ch\/de\/wp-json\/wp\/v2\/media\/6306"}],"wp:attachment":[{"href":"https:\/\/swissgliders.ch\/de\/wp-json\/wp\/v2\/media?parent=6304"}],"wp:term":[{"taxonomy":"product_brand","embeddable":true,"href":"https:\/\/swissgliders.ch\/de\/wp-json\/wp\/v2\/product_brand?post=6304"},{"taxonomy":"product_cat","embeddable":true,"href":"https:\/\/swissgliders.ch\/de\/wp-json\/wp\/v2\/product_cat?post=6304"},{"taxonomy":"product_tag","embeddable":true,"href":"https:\/\/swissgliders.ch\/de\/wp-json\/wp\/v2\/product_tag?post=6304"}],"curies":[{"name":"wp","href":"https:\/\/api.w.org\/{rel}","templated":true}]}}