{"id":6695,"date":"2021-07-15T09:36:30","date_gmt":"2021-07-15T08:36:30","guid":{"rendered":"https:\/\/swissgliders.ch\/?post_type=product&#038;p=6695"},"modified":"2024-10-29T19:07:51","modified_gmt":"2024-10-29T18:07:51","slug":"davinci-hula-en-a","status":"publish","type":"product","link":"https:\/\/swissgliders.ch\/de\/produkt\/davinci-hula-en-a\/","title":{"rendered":"Davinci Hula EN-A"},"content":{"rendered":"<h3>Ultraleichter Hike &amp; Fly Gleitschirm!<\/h3>\n<p><img loading=\"lazy\" decoding=\"async\" class=\"\" src=\"https:\/\/flydavinci.com\/site\/assets\/files\/1830\/hula-2-1.jpg.avif\" width=\"531\" height=\"398\" \/><\/p>\n<p>Der HULA ist der neuste Wurf von Davinci Gliders. Ein einfacher und sehr leichter EN\/LTF A-Schirm, f\u00fcr Hike&amp;Fly-Enthusiasten sowie f\u00fcr Einsteiger entwickelt.\u00a0Zudem hilft das <strong>Smart-Balance-System (SBS)<\/strong>\u00a0nicht nur die Rollbewegungen des Schirms zus\u00e4tzlich zu d\u00e4mpfen sondern erleichtert das Aufziehen gleichermassen wie es gr\u00f6ssere Klapper besser kontrollieren l\u00e4sst. Dadurch erh\u00e4lt der Gleitschirm zus\u00e4tzlich vereinfachtes Startverhalten. Die <strong>Smart-Nose-Plus (SN+)<\/strong> hilft auch grosse Klapper zu verhindern und unterst\u00fctzt schnellere \u00d6ffnungen nach Kappenst\u00f6rungen, da die Luft weniger schnell entweichen kann.<\/p>\n<p>Der HULA hat wenig Tendenz zum Vorschiessen, was insbesondere bei Anf\u00e4ngern ein zus\u00e4tzliches Plus an Sicherheit bietet beim Starten.<\/p>\n<p>HULA: Einfachstes Startverhalten, mit Leichtigkeit Spa\u00df haben und sicher fliegen von deinem Lieblingsberg.<\/p>\n<p>Gewicht: 2.5 bis 3.5kg (Leichter als vergleichbare Schirme dieser Kategorie wie bspw. Eazy 2 SL oder der JOMO 2)<\/p>\n<p>Es gibt in von der Gr\u00f6sse 19 (50-70kg) bis 29 (90-120kg)<\/p>\n<p>Bestellungen nehmen wir gerne ab sofort entgegen. Wir k\u00f6nnen liefern im Vergleich zu anderen Herstellern.<\/p>\n<p><strong>Demo in Gr\u00f6sse 23 bei uns verf\u00fcgbar.<\/strong> <a href=\"https:\/\/swissgliders.ch\/de\/kontakt\/\">Kontaktiere<\/a> uns f\u00fcr einen Testflug. Weiter haben bereits zahlreiche Sch\u00fcler den Schirm erworben und sind sehr zufrieden.<\/p>\n<div class='avia-iframe-wrap'><iframe loading=\"lazy\" title=\"First Look: Davinci Hula (Mountain Paraglider)\" width=\"1500\" height=\"844\" src=\"https:\/\/www.youtube.com\/embed\/Wqwyz4z1P_E?feature=oembed\" frameborder=\"0\" allow=\"accelerometer; autoplay; clipboard-write; encrypted-media; gyroscope; picture-in-picture; web-share\" referrerpolicy=\"strict-origin-when-cross-origin\" allowfullscreen><\/iframe><\/div>\n<p>&nbsp;<\/p>\n<h3 class=\"centered padded\">Technische Daten<\/h3>\n<table class=\"matrix headed specifications\">\n<tbody>\n<tr>\n<td>Size<\/td>\n<td>19<\/td>\n<td>21<\/td>\n<td>23<\/td>\n<td>25<\/td>\n<td>27<\/td>\n<td>29<\/td>\n<td><\/td>\n<\/tr>\n<tr>\n<td>Flat area, sq.m<\/td>\n<td>19.4<\/td>\n<td>21.2<\/td>\n<td>23.0<\/td>\n<td>25.0<\/td>\n<td>27.0<\/td>\n<td>29.5<\/td>\n<td><\/td>\n<\/tr>\n<tr>\n<td>Flat A.R.<\/td>\n<td>4.8<\/td>\n<td>4.8<\/td>\n<td>4.8<\/td>\n<td>4.8<\/td>\n<td>4.8<\/td>\n<td>4.8<\/td>\n<td><\/td>\n<\/tr>\n<tr>\n<td>Flat span, m<\/td>\n<td>9.7<\/td>\n<td>10.1<\/td>\n<td>10.5<\/td>\n<td>11.0<\/td>\n<td>11.4<\/td>\n<td>11.9<\/td>\n<td><\/td>\n<\/tr>\n<tr>\n<td>Projected area, sq.m<\/td>\n<td>16.8<\/td>\n<td>18.3<\/td>\n<td>19.8<\/td>\n<td>21.6<\/td>\n<td>23.3<\/td>\n<td>25.4<\/td>\n<td><\/td>\n<\/tr>\n<tr>\n<td>Projected A.R.<\/td>\n<td>3.61<\/td>\n<td>3.61<\/td>\n<td>3.61<\/td>\n<td>3.61<\/td>\n<td>3.61<\/td>\n<td>3.61<\/td>\n<td><\/td>\n<\/tr>\n<tr>\n<td>Projected span, m<\/td>\n<td>7.8<\/td>\n<td>8.1<\/td>\n<td>8.5<\/td>\n<td>8.9<\/td>\n<td>9.2<\/td>\n<td>9.6<\/td>\n<td><\/td>\n<\/tr>\n<tr>\n<td>Cells, total<\/td>\n<td>38<\/td>\n<td>38<\/td>\n<td>38<\/td>\n<td>38<\/td>\n<td>38<\/td>\n<td>38<\/td>\n<td><\/td>\n<\/tr>\n<tr>\n<td>Cells, closed<\/td>\n<td>8<\/td>\n<td>8<\/td>\n<td>8<\/td>\n<td>8<\/td>\n<td>8<\/td>\n<td>8<\/td>\n<td><\/td>\n<\/tr>\n<tr>\n<td>Flattening, %<\/td>\n<td>13.8<\/td>\n<td>13.8<\/td>\n<td>13.8<\/td>\n<td>13.8<\/td>\n<td>13.8<\/td>\n<td>13.8<\/td>\n<td><\/td>\n<\/tr>\n<tr>\n<td>Cord max, m<\/td>\n<td>2.48<\/td>\n<td>2.58<\/td>\n<td>2.69<\/td>\n<td>2.81<\/td>\n<td>2.91<\/td>\n<td>3.05<\/td>\n<td><\/td>\n<\/tr>\n<tr>\n<td>Cord average, m<\/td>\n<td>2.01<\/td>\n<td>2.1<\/td>\n<td>2.19<\/td>\n<td>2.28<\/td>\n<td>2.37<\/td>\n<td>2.48<\/td>\n<td><\/td>\n<\/tr>\n<tr>\n<td>Lines height, m<\/td>\n<td>5.99<\/td>\n<td>6.25<\/td>\n<td>6.51<\/td>\n<td>6.78<\/td>\n<td>7.05<\/td>\n<td>7.37<\/td>\n<td><\/td>\n<\/tr>\n<tr>\n<td>Accelerator travel, mm<\/td>\n<td>100<\/td>\n<td>100<\/td>\n<td>100<\/td>\n<td>120<\/td>\n<td>120<\/td>\n<td>120<\/td>\n<td><\/td>\n<\/tr>\n<tr>\n<td>Glider weight, kg<\/td>\n<td>2.50<\/td>\n<td>2.65<\/td>\n<td>2.85<\/td>\n<td>3.05<\/td>\n<td>3.25<\/td>\n<td>3.45<\/td>\n<td><\/td>\n<\/tr>\n<tr>\n<td>Takeoff weight, kg<\/td>\n<td>50-70<\/td>\n<td>50-75<\/td>\n<td>60-85<\/td>\n<td>70-95<\/td>\n<td>80-105<\/td>\n<td>90-120<\/td>\n<td><\/td>\n<\/tr>\n<tr>\n<td>Certification<\/td>\n<td>EN A<\/td>\n<td>EN A<\/td>\n<td>EN A<\/td>\n<td>EN A<\/td>\n<td>EN A<\/td>\n<td>EN A<\/td>\n<\/tr>\n<\/tbody>\n<\/table>\n<p>&nbsp;<\/p>\n<h3 class=\"centered double-padded\">Geliefert mit deinem Schirm<\/h3>\n<div class=\"double-padded products-compact flex flex-center flex-gap-X3L container\">\n<p><a class=\"centered product\" href=\"https:\/\/flydavinci.com\/products\/accessories\/rucksack\/\"><img decoding=\"async\" class=\"productImage\" src=\"https:\/\/flydavinci.com\/site\/assets\/files\/1386\/200x\/2020_rucksack_2.png.avif\" data-src=\"\/site\/assets\/files\/1386\/2020_rucksack_2.png\" \/><\/a><\/p>\n<div class=\"flex flex-center flex-middle\">\n<h3 class=\"half-padded\">Rucksack<\/h3>\n<\/div>\n<p><a class=\"centered product\" href=\"https:\/\/flydavinci.com\/products\/accessories\/diet-bag\/\"><img loading=\"lazy\" decoding=\"async\" class=\"productImage\" src=\"https:\/\/flydavinci.com\/site\/assets\/files\/1533\/400x\/diet_bag-1.png.avif\" width=\"201\" height=\"321\" data-src=\"\/site\/assets\/files\/1533\/diet_bag-1.png\" \/><\/a><\/p>\n<div class=\"flex flex-center flex-middle\">\n<h3 class=\"half-padded\">DIET BAG<\/h3>\n<\/div>\n<p>Faltbare Concertina-Tasche mit Rei\u00dfverschluss. Verstaut deinen Schirm kompakt, ohne ihn zu besch\u00e4digen.<\/p>\n<p><a class=\"centered product\" href=\"https:\/\/flydavinci.com\/products\/accessories\/repair-kit\/\"><img decoding=\"async\" class=\"productImage\" src=\"https:\/\/flydavinci.com\/site\/assets\/files\/1927\/300x\/pouch.png.avif\" data-src=\"\/site\/assets\/files\/1927\/pouch.png\" \/><\/a><\/p>\n<div class=\"flex flex-center flex-middle\">\n<h3 class=\"half-padded\">Repair kit<\/h3>\n<\/div>\n<\/div>\n<p>Reperaturkit (Beutel &amp; Schl\u00fcsselanh\u00e4nger)<\/p>\n<p>&nbsp;<\/p>\n<p><a href=\"https:\/\/flydavinci.com\/products\/paragliders\/hula-01\/\">Mehr Infos<\/a><\/p>\n<p>Extrafarben + CHF ~220.00<\/p>\n<p>Lieferfrist 1-2 Wochen. Lieferung ab Lager S\u00fcdkorea. (Extrafarben mind. 6 Wochen)<\/p>\n","protected":false},"excerpt":{"rendered":"<h3>Ultraleichter Hike &amp; Fly Gleitschirm!<\/h3>\n<p><img loading=\"lazy\" decoding=\"async\" class=\"\" src=\"https:\/\/flydavinci.com\/site\/assets\/files\/1830\/hula-2-1.jpg.avif\" width=\"531\" height=\"398\" \/><\/p>\n<p>Der HULA ist der neuste Wurf von Davinci Gliders. Ein einfacher und sehr leichter EN\/LTF A-Schirm, f\u00fcr Hike&amp;Fly-Enthusiasten sowie f\u00fcr Einsteiger entwickelt.\u00a0Zudem hilft das <strong>Smart-Balance-System (SBS)<\/strong>\u00a0nicht nur die Rollbewegungen des Schirms zus\u00e4tzlich zu d\u00e4mpfen sondern erleichtert das Aufziehen gleichermassen wie es gr\u00f6ssere Klapper besser kontrollieren l\u00e4sst. Dadurch erh\u00e4lt der Gleitschirm zus\u00e4tzlich vereinfachtes Startverhalten. Die <strong>Smart-Nose-Plus (SN+)<\/strong> hilft auch grosse Klapper zu verhindern und unterst\u00fctzt schnellere \u00d6ffnungen nach Kappenst\u00f6rungen, da die Luft weniger schnell entweichen kann.<\/p>\n<p>Der HULA hat wenig Tendenz zum Vorschiessen, was insbesondere bei Anf\u00e4ngern ein zus\u00e4tzliches Plus an Sicherheit bietet beim Starten.<\/p>\n<p>HULA: Einfachstes Startverhalten, mit Leichtigkeit Spa\u00df haben und sicher fliegen von deinem Lieblingsberg.<\/p>\n<p>Gewicht: 2.5 bis 3.5kg (Leichter als vergleichbare Schirme dieser Kategorie wie bspw. Eazy 2 SL oder der JOMO 2)<\/p>\n<p>Es gibt in von der Gr\u00f6sse 19 (50-70kg) bis 29 (90-120kg)<\/p>\n<p>Bestellungen nehmen wir gerne ab sofort entgegen. Wir k\u00f6nnen liefern im Vergleich zu anderen Herstellern.<\/p>\n<p><strong>Demo in Gr\u00f6sse 23 bei uns verf\u00fcgbar.<\/strong> <a href=\"https:\/\/swissgliders.ch\/de\/kontakt\/\">Kontaktiere<\/a> uns f\u00fcr einen Testflug. Weiter haben bereits zahlreiche Sch\u00fcler den Schirm erworben und sind sehr zufrieden.<\/p>\n<p>https:\/\/youtu.be\/Wqwyz4z1P_E<\/p>\n<p>&nbsp;<\/p>\n<h3 class=\"centered padded\">Technische Daten<\/h3>\n<table class=\"matrix headed specifications\">\n<tbody>\n<tr>\n<td>Size<\/td>\n<td>19<\/td>\n<td>21<\/td>\n<td>23<\/td>\n<td>25<\/td>\n<td>27<\/td>\n<td>29<\/td>\n<td><\/td>\n<\/tr>\n<tr>\n<td>Flat area, sq.m<\/td>\n<td>19.4<\/td>\n<td>21.2<\/td>\n<td>23.0<\/td>\n<td>25.0<\/td>\n<td>27.0<\/td>\n<td>29.5<\/td>\n<td><\/td>\n<\/tr>\n<tr>\n<td>Flat A.R.<\/td>\n<td>4.8<\/td>\n<td>4.8<\/td>\n<td>4.8<\/td>\n<td>4.8<\/td>\n<td>4.8<\/td>\n<td>4.8<\/td>\n<td><\/td>\n<\/tr>\n<tr>\n<td>Flat span, m<\/td>\n<td>9.7<\/td>\n<td>10.1<\/td>\n<td>10.5<\/td>\n<td>11.0<\/td>\n<td>11.4<\/td>\n<td>11.9<\/td>\n<td><\/td>\n<\/tr>\n<tr>\n<td>Projected area, sq.m<\/td>\n<td>16.8<\/td>\n<td>18.3<\/td>\n<td>19.8<\/td>\n<td>21.6<\/td>\n<td>23.3<\/td>\n<td>25.4<\/td>\n<td><\/td>\n<\/tr>\n<tr>\n<td>Projected A.R.<\/td>\n<td>3.61<\/td>\n<td>3.61<\/td>\n<td>3.61<\/td>\n<td>3.61<\/td>\n<td>3.61<\/td>\n<td>3.61<\/td>\n<td><\/td>\n<\/tr>\n<tr>\n<td>Projected span, m<\/td>\n<td>7.8<\/td>\n<td>8.1<\/td>\n<td>8.5<\/td>\n<td>8.9<\/td>\n<td>9.2<\/td>\n<td>9.6<\/td>\n<td><\/td>\n<\/tr>\n<tr>\n<td>Cells, total<\/td>\n<td>38<\/td>\n<td>38<\/td>\n<td>38<\/td>\n<td>38<\/td>\n<td>38<\/td>\n<td>38<\/td>\n<td><\/td>\n<\/tr>\n<tr>\n<td>Cells, closed<\/td>\n<td>8<\/td>\n<td>8<\/td>\n<td>8<\/td>\n<td>8<\/td>\n<td>8<\/td>\n<td>8<\/td>\n<td><\/td>\n<\/tr>\n<tr>\n<td>Flattening, %<\/td>\n<td>13.8<\/td>\n<td>13.8<\/td>\n<td>13.8<\/td>\n<td>13.8<\/td>\n<td>13.8<\/td>\n<td>13.8<\/td>\n<td><\/td>\n<\/tr>\n<tr>\n<td>Cord max, m<\/td>\n<td>2.48<\/td>\n<td>2.58<\/td>\n<td>2.69<\/td>\n<td>2.81<\/td>\n<td>2.91<\/td>\n<td>3.05<\/td>\n<td><\/td>\n<\/tr>\n<tr>\n<td>Cord average, m<\/td>\n<td>2.01<\/td>\n<td>2.1<\/td>\n<td>2.19<\/td>\n<td>2.28<\/td>\n<td>2.37<\/td>\n<td>2.48<\/td>\n<td><\/td>\n<\/tr>\n<tr>\n<td>Lines height, m<\/td>\n<td>5.99<\/td>\n<td>6.25<\/td>\n<td>6.51<\/td>\n<td>6.78<\/td>\n<td>7.05<\/td>\n<td>7.37<\/td>\n<td><\/td>\n<\/tr>\n<tr>\n<td>Accelerator travel, mm<\/td>\n<td>100<\/td>\n<td>100<\/td>\n<td>100<\/td>\n<td>120<\/td>\n<td>120<\/td>\n<td>120<\/td>\n<td><\/td>\n<\/tr>\n<tr>\n<td>Glider weight, kg<\/td>\n<td>2.50<\/td>\n<td>2.65<\/td>\n<td>2.85<\/td>\n<td>3.05<\/td>\n<td>3.25<\/td>\n<td>3.45<\/td>\n<td><\/td>\n<\/tr>\n<tr>\n<td>Takeoff weight, kg<\/td>\n<td>50-70<\/td>\n<td>50-75<\/td>\n<td>60-85<\/td>\n<td>70-95<\/td>\n<td>80-105<\/td>\n<td>90-120<\/td>\n<td><\/td>\n<\/tr>\n<tr>\n<td>Certification<\/td>\n<td>EN A<\/td>\n<td>EN A<\/td>\n<td>EN A<\/td>\n<td>EN A<\/td>\n<td>EN A<\/td>\n<td>EN A<\/td>\n<\/tr>\n<\/tbody>\n<\/table>\n<p>&nbsp;<\/p>\n<h3 class=\"centered double-padded\">Geliefert mit deinem Schirm<\/h3>\n<div class=\"double-padded products-compact flex flex-center flex-gap-X3L container\">\n<p><a class=\"centered product\" href=\"https:\/\/flydavinci.com\/products\/accessories\/rucksack\/\"><img decoding=\"async\" class=\"productImage\" src=\"https:\/\/flydavinci.com\/site\/assets\/files\/1386\/200x\/2020_rucksack_2.png.avif\" data-src=\"\/site\/assets\/files\/1386\/2020_rucksack_2.png\" \/><\/a><\/p>\n<div class=\"flex flex-center flex-middle\">\n<h3 class=\"half-padded\">Rucksack<\/h3>\n<\/div>\n<p><a class=\"centered product\" href=\"https:\/\/flydavinci.com\/products\/accessories\/diet-bag\/\"><img loading=\"lazy\" decoding=\"async\" class=\"productImage\" src=\"https:\/\/flydavinci.com\/site\/assets\/files\/1533\/400x\/diet_bag-1.png.avif\" width=\"201\" height=\"321\" data-src=\"\/site\/assets\/files\/1533\/diet_bag-1.png\" \/><\/a><\/p>\n<div class=\"flex flex-center flex-middle\">\n<h3 class=\"half-padded\">DIET BAG<\/h3>\n<\/div>\n<p>Faltbare Concertina-Tasche mit Rei\u00dfverschluss. Verstaut deinen Schirm kompakt, ohne ihn zu besch\u00e4digen.<\/p>\n<p><a class=\"centered product\" href=\"https:\/\/flydavinci.com\/products\/accessories\/repair-kit\/\"><img decoding=\"async\" class=\"productImage\" src=\"https:\/\/flydavinci.com\/site\/assets\/files\/1927\/300x\/pouch.png.avif\" data-src=\"\/site\/assets\/files\/1927\/pouch.png\" \/><\/a><\/p>\n<div class=\"flex flex-center flex-middle\">\n<h3 class=\"half-padded\">Repair kit<\/h3>\n<\/div>\n<\/div>\n<p>Reperaturkit (Beutel &amp; Schl\u00fcsselanh\u00e4nger)<\/p>\n<p>&nbsp;<\/p>\n<p><a href=\"https:\/\/flydavinci.com\/products\/paragliders\/hula-01\/\">Mehr Infos<\/a><\/p>\n<p>Extrafarben + CHF ~220.00<\/p>\n<p>Lieferfrist 1-2 Wochen. Lieferung ab Lager S\u00fcdkorea. (Extrafarben mind. 6 Wochen)<\/p>\n","protected":false},"featured_media":6697,"comment_status":"closed","ping_status":"closed","template":"","meta":[],"product_brand":[],"product_cat":[86,1293],"product_tag":[917,1295,90],"class_list":{"0":"post-6695","1":"product","2":"type-product","3":"status-publish","4":"has-post-thumbnail","6":"product_cat-gleitschirme","7":"product_cat-leichte-gleitschirme","8":"product_tag-gleitschirm","9":"product_tag-leichtschirm","10":"product_tag-verkaufsartikel","12":"first","13":"instock","14":"sale","15":"shipping-taxable","16":"purchasable","17":"product-type-variable"},"yoast_head":"<!-- This site is optimized with the Yoast SEO Premium plugin v26.1 (Yoast SEO v27.3) - https:\/\/yoast.com\/product\/yoast-seo-premium-wordpress\/ -->\n<title>Davinci Hula EN-A | Gleitschirmschule Thun, Bern, Interlaken<\/title>\n<meta name=\"description\" content=\"Perfekter Hike&amp;Fly-Gleitschirm vom jungen und innovativen Hersteller Davinci - Demo 23 bei uns verf\u00fcgbar. H\u00f6here Sicherheit durch SN+ und SBS\" \/>\n<meta name=\"robots\" content=\"index, follow, max-snippet:-1, max-image-preview:large, max-video-preview:-1\" \/>\n<link rel=\"canonical\" href=\"https:\/\/swissgliders.ch\/de\/produkt\/davinci-hula-en-a\/\" \/>\n<meta property=\"og:locale\" content=\"de_DE\" \/>\n<meta property=\"og:type\" content=\"article\" \/>\n<meta property=\"og:title\" content=\"Davinci Hula EN-A\" \/>\n<meta property=\"og:description\" content=\"Perfekter Hike&amp;Fly-Gleitschirm vom jungen und innovativen Hersteller Davinci - Demo 23 bei uns verf\u00fcgbar. H\u00f6here Sicherheit durch SN+ und SBS\" \/>\n<meta property=\"og:url\" content=\"https:\/\/swissgliders.ch\/de\/produkt\/davinci-hula-en-a\/\" \/>\n<meta property=\"og:site_name\" content=\"Gleitschirmschule Thun, Bern, Interlaken\" \/>\n<meta property=\"article:publisher\" content=\"https:\/\/www.facebook.com\/swissgliders\" \/>\n<meta property=\"article:modified_time\" content=\"2024-10-29T18:07:51+00:00\" \/>\n<meta property=\"og:image\" content=\"https:\/\/swissgliders.ch\/wp-content\/uploads\/2021\/07\/Hula-8-1030x773.jpg\" \/>\n\t<meta property=\"og:image:width\" content=\"1030\" \/>\n\t<meta property=\"og:image:height\" content=\"773\" \/>\n\t<meta property=\"og:image:type\" content=\"image\/jpeg\" \/>\n<meta name=\"twitter:card\" content=\"summary_large_image\" \/>\n<meta name=\"twitter:site\" content=\"@Swissgliders\" \/>\n<meta name=\"twitter:label1\" content=\"Verf\u00fcgbarkeit\" \/>\n\t<meta name=\"twitter:data1\" content=\"Auf Lager\" \/>\n<script type=\"application\/ld+json\" class=\"yoast-schema-graph\">{\"@context\":\"https:\\\/\\\/schema.org\",\"@graph\":[{\"@type\":\"WebPage\",\"@id\":\"https:\\\/\\\/swissgliders.ch\\\/de\\\/produkt\\\/davinci-hula-en-a\\\/\",\"url\":\"https:\\\/\\\/swissgliders.ch\\\/de\\\/produkt\\\/davinci-hula-en-a\\\/\",\"name\":\"Davinci Hula EN-A | Gleitschirmschule Thun, Bern, Interlaken\",\"isPartOf\":{\"@id\":\"https:\\\/\\\/swissgliders.ch\\\/de\\\/#website\"},\"primaryImageOfPage\":{\"@id\":\"https:\\\/\\\/swissgliders.ch\\\/de\\\/produkt\\\/davinci-hula-en-a\\\/#primaryimage\"},\"image\":{\"@id\":\"https:\\\/\\\/swissgliders.ch\\\/de\\\/produkt\\\/davinci-hula-en-a\\\/#primaryimage\"},\"thumbnailUrl\":\"https:\\\/\\\/swissgliders.ch\\\/wp-content\\\/uploads\\\/2021\\\/07\\\/Hula-8-scaled.jpg\",\"datePublished\":\"2021-07-15T08:36:30+00:00\",\"dateModified\":\"2024-10-29T18:07:51+00:00\",\"description\":\"Perfekter Hike&Fly-Gleitschirm vom jungen und innovativen Hersteller Davinci - Demo 23 bei uns verf\u00fcgbar. H\u00f6here Sicherheit durch SN+ und SBS\",\"breadcrumb\":{\"@id\":\"https:\\\/\\\/swissgliders.ch\\\/de\\\/produkt\\\/davinci-hula-en-a\\\/#breadcrumb\"},\"inLanguage\":\"de\",\"potentialAction\":[{\"@type\":\"ReadAction\",\"target\":[\"https:\\\/\\\/swissgliders.ch\\\/de\\\/produkt\\\/davinci-hula-en-a\\\/\"]}]},{\"@type\":\"ImageObject\",\"inLanguage\":\"de\",\"@id\":\"https:\\\/\\\/swissgliders.ch\\\/de\\\/produkt\\\/davinci-hula-en-a\\\/#primaryimage\",\"url\":\"https:\\\/\\\/swissgliders.ch\\\/wp-content\\\/uploads\\\/2021\\\/07\\\/Hula-8-scaled.jpg\",\"contentUrl\":\"https:\\\/\\\/swissgliders.ch\\\/wp-content\\\/uploads\\\/2021\\\/07\\\/Hula-8-scaled.jpg\",\"width\":2560,\"height\":1920,\"caption\":\"davinci-gleitschirm-hula-4\"},{\"@type\":\"BreadcrumbList\",\"@id\":\"https:\\\/\\\/swissgliders.ch\\\/de\\\/produkt\\\/davinci-hula-en-a\\\/#breadcrumb\",\"itemListElement\":[{\"@type\":\"ListItem\",\"position\":1,\"name\":\"Startseite\",\"item\":\"https:\\\/\\\/swissgliders.ch\\\/de\\\/willkommen\\\/\"},{\"@type\":\"ListItem\",\"position\":2,\"name\":\"Gleitschirm Shop\",\"item\":\"https:\\\/\\\/swissgliders.ch\\\/de\\\/gleitschirm-shop\\\/\"},{\"@type\":\"ListItem\",\"position\":3,\"name\":\"Davinci Hula EN-A\"}]},{\"@type\":\"WebSite\",\"@id\":\"https:\\\/\\\/swissgliders.ch\\\/de\\\/#website\",\"url\":\"https:\\\/\\\/swissgliders.ch\\\/de\\\/\",\"name\":\"Gleitschirmschule Thun, Bern, Interlaken\",\"description\":\"Gleitschirmschule Thun, Bern, Interlaken\",\"publisher\":{\"@id\":\"https:\\\/\\\/swissgliders.ch\\\/de\\\/#organization\"},\"potentialAction\":[{\"@type\":\"SearchAction\",\"target\":{\"@type\":\"EntryPoint\",\"urlTemplate\":\"https:\\\/\\\/swissgliders.ch\\\/de\\\/?s={search_term_string}\"},\"query-input\":{\"@type\":\"PropertyValueSpecification\",\"valueRequired\":true,\"valueName\":\"search_term_string\"}}],\"inLanguage\":\"de\"},{\"@type\":\"Organization\",\"@id\":\"https:\\\/\\\/swissgliders.ch\\\/de\\\/#organization\",\"name\":\"Swissgliders Gleitschirmflugschule Thun\",\"url\":\"https:\\\/\\\/swissgliders.ch\\\/de\\\/\",\"logo\":{\"@type\":\"ImageObject\",\"inLanguage\":\"de\",\"@id\":\"https:\\\/\\\/swissgliders.ch\\\/de\\\/#\\\/schema\\\/logo\\\/image\\\/\",\"url\":\"https:\\\/\\\/swissgliders.ch\\\/wp-content\\\/uploads\\\/2019\\\/12\\\/swissgliders-logo-rgb-square-L-no-ch-01.png\",\"contentUrl\":\"https:\\\/\\\/swissgliders.ch\\\/wp-content\\\/uploads\\\/2019\\\/12\\\/swissgliders-logo-rgb-square-L-no-ch-01.png\",\"width\":2500,\"height\":2500,\"caption\":\"Swissgliders Gleitschirmflugschule Thun\"},\"image\":{\"@id\":\"https:\\\/\\\/swissgliders.ch\\\/de\\\/#\\\/schema\\\/logo\\\/image\\\/\"},\"sameAs\":[\"https:\\\/\\\/www.facebook.com\\\/swissgliders\",\"https:\\\/\\\/x.com\\\/Swissgliders\",\"https:\\\/\\\/www.instagram.com\\\/swissgliders\\\/\",\"https:\\\/\\\/www.youtube.com\\\/channel\\\/UCMCtGdepy9vBhrhX3V_oJOA\"],\"hasMerchantReturnPolicy\":{\"@type\":\"MerchantReturnPolicy\",\"merchantReturnLink\":\"https:\\\/\\\/swissgliders.ch\\\/de\\\/allgemeine-geschaftsbedingungen\\\/\"}}]}<\/script>\n<meta property=\"og:availability\" content=\"instock\" \/>\n<meta property=\"product:availability\" content=\"instock\" \/>\n<meta property=\"product:condition\" content=\"new\" \/>\n<!-- \/ Yoast SEO Premium plugin. -->","yoast_head_json":{"title":"Davinci Hula EN-A | Gleitschirmschule Thun, Bern, Interlaken","description":"Perfekter Hike&Fly-Gleitschirm vom jungen und innovativen Hersteller Davinci - Demo 23 bei uns verf\u00fcgbar. H\u00f6here Sicherheit durch SN+ und SBS","robots":{"index":"index","follow":"follow","max-snippet":"max-snippet:-1","max-image-preview":"max-image-preview:large","max-video-preview":"max-video-preview:-1"},"canonical":"https:\/\/swissgliders.ch\/de\/produkt\/davinci-hula-en-a\/","og_locale":"de_DE","og_type":"article","og_title":"Davinci Hula EN-A","og_description":"Perfekter Hike&Fly-Gleitschirm vom jungen und innovativen Hersteller Davinci - Demo 23 bei uns verf\u00fcgbar. H\u00f6here Sicherheit durch SN+ und SBS","og_url":"https:\/\/swissgliders.ch\/de\/produkt\/davinci-hula-en-a\/","og_site_name":"Gleitschirmschule Thun, Bern, Interlaken","article_publisher":"https:\/\/www.facebook.com\/swissgliders","article_modified_time":"2024-10-29T18:07:51+00:00","og_image":[{"width":1030,"height":773,"url":"https:\/\/swissgliders.ch\/wp-content\/uploads\/2021\/07\/Hula-8-1030x773.jpg","type":"image\/jpeg"}],"twitter_card":"summary_large_image","twitter_site":"@Swissgliders","twitter_misc":{"Verf\u00fcgbarkeit":"Auf Lager"},"schema":{"@context":"https:\/\/schema.org","@graph":[{"@type":"WebPage","@id":"https:\/\/swissgliders.ch\/de\/produkt\/davinci-hula-en-a\/","url":"https:\/\/swissgliders.ch\/de\/produkt\/davinci-hula-en-a\/","name":"Davinci Hula EN-A | Gleitschirmschule Thun, Bern, Interlaken","isPartOf":{"@id":"https:\/\/swissgliders.ch\/de\/#website"},"primaryImageOfPage":{"@id":"https:\/\/swissgliders.ch\/de\/produkt\/davinci-hula-en-a\/#primaryimage"},"image":{"@id":"https:\/\/swissgliders.ch\/de\/produkt\/davinci-hula-en-a\/#primaryimage"},"thumbnailUrl":"https:\/\/swissgliders.ch\/wp-content\/uploads\/2021\/07\/Hula-8-scaled.jpg","datePublished":"2021-07-15T08:36:30+00:00","dateModified":"2024-10-29T18:07:51+00:00","description":"Perfekter Hike&Fly-Gleitschirm vom jungen und innovativen Hersteller Davinci - Demo 23 bei uns verf\u00fcgbar. H\u00f6here Sicherheit durch SN+ und SBS","breadcrumb":{"@id":"https:\/\/swissgliders.ch\/de\/produkt\/davinci-hula-en-a\/#breadcrumb"},"inLanguage":"de","potentialAction":[{"@type":"ReadAction","target":["https:\/\/swissgliders.ch\/de\/produkt\/davinci-hula-en-a\/"]}]},{"@type":"ImageObject","inLanguage":"de","@id":"https:\/\/swissgliders.ch\/de\/produkt\/davinci-hula-en-a\/#primaryimage","url":"https:\/\/swissgliders.ch\/wp-content\/uploads\/2021\/07\/Hula-8-scaled.jpg","contentUrl":"https:\/\/swissgliders.ch\/wp-content\/uploads\/2021\/07\/Hula-8-scaled.jpg","width":2560,"height":1920,"caption":"davinci-gleitschirm-hula-4"},{"@type":"BreadcrumbList","@id":"https:\/\/swissgliders.ch\/de\/produkt\/davinci-hula-en-a\/#breadcrumb","itemListElement":[{"@type":"ListItem","position":1,"name":"Startseite","item":"https:\/\/swissgliders.ch\/de\/willkommen\/"},{"@type":"ListItem","position":2,"name":"Gleitschirm Shop","item":"https:\/\/swissgliders.ch\/de\/gleitschirm-shop\/"},{"@type":"ListItem","position":3,"name":"Davinci Hula EN-A"}]},{"@type":"WebSite","@id":"https:\/\/swissgliders.ch\/de\/#website","url":"https:\/\/swissgliders.ch\/de\/","name":"Gleitschirmschule Thun, Bern, Interlaken","description":"Gleitschirmschule Thun, Bern, Interlaken","publisher":{"@id":"https:\/\/swissgliders.ch\/de\/#organization"},"potentialAction":[{"@type":"SearchAction","target":{"@type":"EntryPoint","urlTemplate":"https:\/\/swissgliders.ch\/de\/?s={search_term_string}"},"query-input":{"@type":"PropertyValueSpecification","valueRequired":true,"valueName":"search_term_string"}}],"inLanguage":"de"},{"@type":"Organization","@id":"https:\/\/swissgliders.ch\/de\/#organization","name":"Swissgliders Gleitschirmflugschule Thun","url":"https:\/\/swissgliders.ch\/de\/","logo":{"@type":"ImageObject","inLanguage":"de","@id":"https:\/\/swissgliders.ch\/de\/#\/schema\/logo\/image\/","url":"https:\/\/swissgliders.ch\/wp-content\/uploads\/2019\/12\/swissgliders-logo-rgb-square-L-no-ch-01.png","contentUrl":"https:\/\/swissgliders.ch\/wp-content\/uploads\/2019\/12\/swissgliders-logo-rgb-square-L-no-ch-01.png","width":2500,"height":2500,"caption":"Swissgliders Gleitschirmflugschule Thun"},"image":{"@id":"https:\/\/swissgliders.ch\/de\/#\/schema\/logo\/image\/"},"sameAs":["https:\/\/www.facebook.com\/swissgliders","https:\/\/x.com\/Swissgliders","https:\/\/www.instagram.com\/swissgliders\/","https:\/\/www.youtube.com\/channel\/UCMCtGdepy9vBhrhX3V_oJOA"],"hasMerchantReturnPolicy":{"@type":"MerchantReturnPolicy","merchantReturnLink":"https:\/\/swissgliders.ch\/de\/allgemeine-geschaftsbedingungen\/"}}]},"og_availability":"instock","product_availability":"instock","product_condition":"new"},"_links":{"self":[{"href":"https:\/\/swissgliders.ch\/de\/wp-json\/wp\/v2\/product\/6695","targetHints":{"allow":["GET"]}}],"collection":[{"href":"https:\/\/swissgliders.ch\/de\/wp-json\/wp\/v2\/product"}],"about":[{"href":"https:\/\/swissgliders.ch\/de\/wp-json\/wp\/v2\/types\/product"}],"replies":[{"embeddable":true,"href":"https:\/\/swissgliders.ch\/de\/wp-json\/wp\/v2\/comments?post=6695"}],"wp:featuredmedia":[{"embeddable":true,"href":"https:\/\/swissgliders.ch\/de\/wp-json\/wp\/v2\/media\/6697"}],"wp:attachment":[{"href":"https:\/\/swissgliders.ch\/de\/wp-json\/wp\/v2\/media?parent=6695"}],"wp:term":[{"taxonomy":"product_brand","embeddable":true,"href":"https:\/\/swissgliders.ch\/de\/wp-json\/wp\/v2\/product_brand?post=6695"},{"taxonomy":"product_cat","embeddable":true,"href":"https:\/\/swissgliders.ch\/de\/wp-json\/wp\/v2\/product_cat?post=6695"},{"taxonomy":"product_tag","embeddable":true,"href":"https:\/\/swissgliders.ch\/de\/wp-json\/wp\/v2\/product_tag?post=6695"}],"curies":[{"name":"wp","href":"https:\/\/api.w.org\/{rel}","templated":true}]}}