{"id":7350,"date":"2021-11-14T12:29:59","date_gmt":"2021-11-14T11:29:59","guid":{"rendered":"https:\/\/swissgliders.ch\/?post_type=product&#038;p=7350"},"modified":"2025-08-16T17:56:18","modified_gmt":"2025-08-16T16:56:18","slug":"basisrausch-kristall-flex-handschuhe","status":"publish","type":"product","link":"https:\/\/swissgliders.ch\/de\/produkt\/basisrausch-kristall-flex-handschuhe\/","title":{"rendered":"Basisrausch Kristall FLEX Gleitschirm Handschuh"},"content":{"rendered":"<div class=\"et_pb_module et_pb_text et_pb_text_0 et_pb_bg_layout_light et_pb_text_align_left\">\n<div class=\"et_pb_text_inner\">\n<h3><span style=\"color: #ff0000;\">AUSVERKAUF Kristall FLEX!<\/span><\/h3>\n<p><img loading=\"lazy\" decoding=\"async\" class=\"\" src=\"https:\/\/alpyr.fr\/wp-content\/uploads\/2022\/06\/qysuUvgc.png\" alt=\"Kristall Flex - ALPYR - Voile et Accessoires Parapente\" width=\"377\" height=\"377\" \/><\/p>\n<p>Unsere langj\u00e4hrigen Erfahrungswerte, Test- und Kundenfeedbacks sind in die Entwicklung ersten im Double-Shell Prinzip konzipierten Gleitschirmhandschuh mit eingeflossen und haben die 4-Generation des langbew\u00e4hrten Kristall Handschuhs mitgepr\u00e4gt.<\/p>\n<ul>\n<li>EXZELLENTER TRAGKOMFORT<\/li>\n<li>HERVORRAGENDER GRIFF<\/li>\n<li>HOHES TASTGEF\u00dcHL<\/li>\n<li>LANGE W\u00c4RMESTULPE<\/li>\n<li>STRAPAZIERF\u00c4HIG<\/li>\n<li>WINDDICHT \/ WASSERABWEISEND<\/li>\n<\/ul>\n<p><br class=\"avia-permanent-lb\" \/>Der KRISTALL FLEX eignet sich ideal als 3-Saison Komforthandschuh. F\u00fcr die kalten Wintermonate ist er auf den Basisrausch \u00dcberziehhandschuh Onyx abgestimmt und perfekt kombinierbar.<\/p>\n<div class=\"product--description\">\n<p><strong><br \/>\nBEHALTE DEIN GEF\u00dcHL IM GRIFF<\/strong><\/p>\n<p>Der KRISTALL FLEX zeichnet sich durch eine neu entwickelte Doppel-Shell Form aus, dessen Grundkonzept einer Nachahmung des R\u00fcckenschilds der Krabbentiere entspricht. Der Handr\u00fccken des neuen KRISTALL FLEX besteht aus zwei Teilen, die sich wie ein Chitinpanzer ineinander bewegen und somit dem Handschuh eine aussergew\u00f6hnliche Flexibilit\u00e4t verleihen, ohne dabei die Passform zu verlieren. Ein weiterer positiver Effekt davon ist die zus\u00e4tzliche Unterl\u00fcftung. Durch das Shell-Prinzip wird der Innenhandschuh optimal durchl\u00fcftet und unterst\u00fctzt das Handschuhklima positiv.<\/p>\n<p>Auf der Handinnenseite wird neu ein \u00e4usserst strapazierf\u00e4higes Hirschleder verarbeitet. Auf der Handoberseite verwenden wir das bew\u00e4hrte hochwertige Ziegenleder. Beide Materialien zeichnen sich aus durch Pflegeleichtigkeit, Scheuerungsbest\u00e4ndigkeit und sind wind- &amp; wasserabweisend. Als Innenfutter wird ein feuchtigkeitsregulierendes Thermogewebe verarbeitet und dient zugleich als Isolationsschicht. F\u00fcr die abschliessende W\u00e4rmestulpe am Handgelenk verwenden wir neu Lycramaterial. Dieses ist enganliegend, dehnbar, w\u00e4rmeunterst\u00fctzend und nicht auftragend. Der KRISTALL FLEX eignet sich ideal als 3-Saison Komforthandschuh. F\u00fcr die kalten Wintermonate ist er auf den Basisrausch \u00dcberziehhandschuh Onyx abgestimmt und perfekt kombinierbar.<\/p>\n<p>Wir danken Chrigel Maurer f\u00fcr die jahrelange Zusammenarbeit bei der Entwicklung und Weiterentwicklung unseres Kristall Handschuhs.<\/p>\n<p>\u00dcberzeuge dich selbst!<\/p>\n<p>&nbsp;<\/p>\n<p><strong>PFLEGEANLEITUNG<\/strong><\/p>\n<p>Zur Pflege des Leders ist es wichtig, die Lederfl\u00e4chen von Zeit zu Zeit mit einem Lederfett einzumassieren, so dass das Leder mit Feuchtigkeit versorgt wird und und widerstandsf\u00e4hig bleibt. Zum Waschen den Leder-Handschuh anziehen und mit einem milden Lederwaschmittel (im Fachhandel erh\u00e4ltlich) mit m\u00e4\u00dfig lauwarmem (eher kaltem) Wasser waschen, als ob sie Ihre H\u00e4nde waschen. Auf keinen Fall b\u00fcrsten oder scheuern! Gut aussp\u00fclen, leicht ausdr\u00fccken (niemals wringen), in Form ziehen und zum Trocknen aufh\u00e4ngen. Unbedingt jegliche W\u00e4rmequellen, wie Heizung, Trockner, F\u00f6hn, direktes Sonnenlicht usw. meiden! Wenn sie nahezu trocken sind, die Handschuhe anziehen und durchkneten, um ihre Form und Weichheit wieder herzustellen. Zur weiteren Pflege des Leders soll ein Lederfett auf die Lederfl\u00e4chen gegeben und miteinmassiert werden. <br class=\"avia-permanent-lb\" \/><br class=\"avia-permanent-lb\" \/><\/p>\n<\/div>\n<div class=\"product--properties panel has--border\">\n<table class=\"product--properties-table\">\n<tbody>\n<tr class=\"product--properties-row\">\n<td class=\"product--properties-label is--bold\">Einsatz:<\/td>\n<td class=\"product--properties-value\">Trekking, Fliegen<\/td>\n<\/tr>\n<tr class=\"product--properties-row\">\n<td class=\"product--properties-label is--bold\">Funktion:<\/td>\n<td class=\"product--properties-value\">wasserabweisend, atmungsaktiv, windabweisend, isolierend<\/td>\n<\/tr>\n<tr class=\"product--properties-row\">\n<td class=\"product--properties-label is--bold\">Geschlecht:<\/td>\n<td class=\"product--properties-value\">Herren, Damen<\/td>\n<\/tr>\n<tr class=\"product--properties-row\">\n<td class=\"product--properties-label is--bold\">Komfort:<\/td>\n<td class=\"product--properties-value\">Sommer, Fr\u00fchling, Herbst<\/td>\n<\/tr>\n<tr class=\"product--properties-row\">\n<td class=\"product--properties-label is--bold\">Material:<\/td>\n<td class=\"product--properties-value\">Leder<\/td>\n<\/tr>\n<\/tbody>\n<\/table>\n<\/div>\n<\/div>\n<\/div>\n<p style=\"text-align: center;\"><br class=\"avia-permanent-lb\" \/><img decoding=\"async\" class=\"aligncenter\" src=\"https:\/\/www.para-zone.de\/media\/image\/e1\/70\/db\/521_Manufacturer.jpg\" alt=\"Basisrausch - Kristall TEC - Onyx | Para-Zone\" \/><br \/>\nDer Gleitschirm Handschuh <a href=\"https:\/\/swissgliders.ch\/de\/produkt\/basisrausch-kristall-touch-gleitschirm-handschuhe\/\">KRISTALL TOUCH<\/a> ist eine Weiterentwicklung des bew\u00e4hrten Kristall FLEX und ist jetzt erh\u00e4ltlich! \ud83d\udc4d<\/p>\n<p><br class=\"avia-permanent-lb\" \/>Mehr <a href=\"https:\/\/shop.basisrausch.ch\/herren\/handschuhe\/170\/basisrausch-kristall-flex-gleitschirm-handschuhe\" target=\"_blank\" rel=\"noopener noreferrer\">Infos<\/a><\/p>\n<p>Lieferzeit 1-2 Tage<\/p>\n","protected":false},"excerpt":{"rendered":"<div class=\"et_pb_module et_pb_text et_pb_text_0 et_pb_bg_layout_light et_pb_text_align_left\">\n<div class=\"et_pb_text_inner\">\n<h3><span style=\"color: #ff0000;\">AUSVERKAUF Kristall FLEX!<\/span><\/h3>\n<p><img loading=\"lazy\" decoding=\"async\" class=\"\" src=\"https:\/\/alpyr.fr\/wp-content\/uploads\/2022\/06\/qysuUvgc.png\" alt=\"Kristall Flex - ALPYR - Voile et Accessoires Parapente\" width=\"377\" height=\"377\" \/><\/p>\n<p>Unsere langj\u00e4hrigen Erfahrungswerte, Test- und Kundenfeedbacks sind in die Entwicklung ersten im Double-Shell Prinzip konzipierten Gleitschirmhandschuh mit eingeflossen und haben die 4-Generation des langbew\u00e4hrten Kristall Handschuhs mitgepr\u00e4gt.<\/p>\n<ul>\n<li>EXZELLENTER TRAGKOMFORT<\/li>\n<li>HERVORRAGENDER GRIFF<\/li>\n<li>HOHES TASTGEF\u00dcHL<\/li>\n<li>LANGE W\u00c4RMESTULPE<\/li>\n<li>STRAPAZIERF\u00c4HIG<\/li>\n<li>WINDDICHT \/ WASSERABWEISEND<\/li>\n<\/ul>\n<p><br class=\"avia-permanent-lb\" \/>Der KRISTALL FLEX eignet sich ideal als 3-Saison Komforthandschuh. F\u00fcr die kalten Wintermonate ist er auf den Basisrausch \u00dcberziehhandschuh Onyx abgestimmt und perfekt kombinierbar.<\/p>\n<div class=\"product--description\">\n<p><strong><br \/>\nBEHALTE DEIN GEF\u00dcHL IM GRIFF<\/strong><\/p>\n<p>Der KRISTALL FLEX zeichnet sich durch eine neu entwickelte Doppel-Shell Form aus, dessen Grundkonzept einer Nachahmung des R\u00fcckenschilds der Krabbentiere entspricht. Der Handr\u00fccken des neuen KRISTALL FLEX besteht aus zwei Teilen, die sich wie ein Chitinpanzer ineinander bewegen und somit dem Handschuh eine aussergew\u00f6hnliche Flexibilit\u00e4t verleihen, ohne dabei die Passform zu verlieren. Ein weiterer positiver Effekt davon ist die zus\u00e4tzliche Unterl\u00fcftung. Durch das Shell-Prinzip wird der Innenhandschuh optimal durchl\u00fcftet und unterst\u00fctzt das Handschuhklima positiv.<\/p>\n<p>Auf der Handinnenseite wird neu ein \u00e4usserst strapazierf\u00e4higes Hirschleder verarbeitet. Auf der Handoberseite verwenden wir das bew\u00e4hrte hochwertige Ziegenleder. Beide Materialien zeichnen sich aus durch Pflegeleichtigkeit, Scheuerungsbest\u00e4ndigkeit und sind wind- &amp; wasserabweisend. Als Innenfutter wird ein feuchtigkeitsregulierendes Thermogewebe verarbeitet und dient zugleich als Isolationsschicht. F\u00fcr die abschliessende W\u00e4rmestulpe am Handgelenk verwenden wir neu Lycramaterial. Dieses ist enganliegend, dehnbar, w\u00e4rmeunterst\u00fctzend und nicht auftragend. Der KRISTALL FLEX eignet sich ideal als 3-Saison Komforthandschuh. F\u00fcr die kalten Wintermonate ist er auf den Basisrausch \u00dcberziehhandschuh Onyx abgestimmt und perfekt kombinierbar.<\/p>\n<p>Wir danken Chrigel Maurer f\u00fcr die jahrelange Zusammenarbeit bei der Entwicklung und Weiterentwicklung unseres Kristall Handschuhs.<\/p>\n<p>\u00dcberzeuge dich selbst!<\/p>\n<p>&nbsp;<\/p>\n<p><strong>PFLEGEANLEITUNG<\/strong><\/p>\n<p>Zur Pflege des Leders ist es wichtig, die Lederfl\u00e4chen von Zeit zu Zeit mit einem Lederfett einzumassieren, so dass das Leder mit Feuchtigkeit versorgt wird und und widerstandsf\u00e4hig bleibt. Zum Waschen den Leder-Handschuh anziehen und mit einem milden Lederwaschmittel (im Fachhandel erh\u00e4ltlich) mit m\u00e4\u00dfig lauwarmem (eher kaltem) Wasser waschen, als ob sie Ihre H\u00e4nde waschen. Auf keinen Fall b\u00fcrsten oder scheuern! Gut aussp\u00fclen, leicht ausdr\u00fccken (niemals wringen), in Form ziehen und zum Trocknen aufh\u00e4ngen. Unbedingt jegliche W\u00e4rmequellen, wie Heizung, Trockner, F\u00f6hn, direktes Sonnenlicht usw. meiden! Wenn sie nahezu trocken sind, die Handschuhe anziehen und durchkneten, um ihre Form und Weichheit wieder herzustellen. Zur weiteren Pflege des Leders soll ein Lederfett auf die Lederfl\u00e4chen gegeben und miteinmassiert werden. <br class=\"avia-permanent-lb\" \/><br class=\"avia-permanent-lb\" \/><\/p>\n<\/div>\n<div class=\"product--properties panel has--border\">\n<table class=\"product--properties-table\">\n<tbody>\n<tr class=\"product--properties-row\">\n<td class=\"product--properties-label is--bold\">Einsatz:<\/td>\n<td class=\"product--properties-value\">Trekking, Fliegen<\/td>\n<\/tr>\n<tr class=\"product--properties-row\">\n<td class=\"product--properties-label is--bold\">Funktion:<\/td>\n<td class=\"product--properties-value\">wasserabweisend, atmungsaktiv, windabweisend, isolierend<\/td>\n<\/tr>\n<tr class=\"product--properties-row\">\n<td class=\"product--properties-label is--bold\">Geschlecht:<\/td>\n<td class=\"product--properties-value\">Herren, Damen<\/td>\n<\/tr>\n<tr class=\"product--properties-row\">\n<td class=\"product--properties-label is--bold\">Komfort:<\/td>\n<td class=\"product--properties-value\">Sommer, Fr\u00fchling, Herbst<\/td>\n<\/tr>\n<tr class=\"product--properties-row\">\n<td class=\"product--properties-label is--bold\">Material:<\/td>\n<td class=\"product--properties-value\">Leder<\/td>\n<\/tr>\n<\/tbody>\n<\/table>\n<\/div>\n<\/div>\n<\/div>\n<p style=\"text-align: center;\"><br class=\"avia-permanent-lb\" \/><img decoding=\"async\" class=\"aligncenter\" src=\"https:\/\/www.para-zone.de\/media\/image\/e1\/70\/db\/521_Manufacturer.jpg\" alt=\"Basisrausch - Kristall TEC - Onyx | Para-Zone\" \/><br \/>\nDer Gleitschirm Handschuh <a href=\"https:\/\/swissgliders.ch\/de\/produkt\/basisrausch-kristall-touch-gleitschirm-handschuhe\/\">KRISTALL TOUCH<\/a> ist eine Weiterentwicklung des bew\u00e4hrten Kristall FLEX und ist jetzt erh\u00e4ltlich! \ud83d\udc4d<\/p>\n<p><br class=\"avia-permanent-lb\" \/>Mehr <a href=\"https:\/\/shop.basisrausch.ch\/herren\/handschuhe\/170\/basisrausch-kristall-flex-gleitschirm-handschuhe\" target=\"_blank\" rel=\"noopener noreferrer\">Infos<\/a><\/p>\n<p>Lieferzeit 1-2 Tage<\/p>\n","protected":false},"featured_media":7353,"comment_status":"closed","ping_status":"closed","template":"","meta":[],"product_brand":[],"product_cat":[2022,1947,402],"product_tag":[918,1742,410],"class_list":{"0":"post-7350","1":"product","2":"type-product","3":"status-publish","4":"has-post-thumbnail","6":"product_cat-gleitschirm-bekleidung","7":"product_cat-gleitschirm-handschuhe","8":"product_cat-gleitschirm-zubehoer","9":"product_tag-bekleidung","10":"product_tag-handschuhe","11":"product_tag-zubehoer","12":"product_shipping_class-priority-10kg-de","14":"first","15":"instock","16":"sale","17":"shipping-taxable","18":"purchasable","19":"product-type-variable"},"yoast_head":"<!-- This site is optimized with the Yoast SEO Premium plugin v26.1 (Yoast SEO v27.3) - https:\/\/yoast.com\/product\/yoast-seo-premium-wordpress\/ -->\n<title>Basisrausch Kristall FLEX Gleitschirm Handschuh | Gleitschirmschule Thun, Bern, Interlaken<\/title>\n<meta name=\"description\" content=\"Der KRISTALL FLEX eignet sich ideal als 3-Saison Komforthandschuh. F\u00fcr die kalten Wintermonate ist er auf den Basisrausch \u00dcberziehhandschuh Onyx abgestimmt und perfekt kombinierbar.\" \/>\n<meta name=\"robots\" content=\"index, follow, max-snippet:-1, max-image-preview:large, max-video-preview:-1\" \/>\n<link rel=\"canonical\" href=\"https:\/\/swissgliders.ch\/de\/produkt\/basisrausch-kristall-flex-handschuhe\/\" \/>\n<meta property=\"og:locale\" content=\"de_DE\" \/>\n<meta property=\"og:type\" content=\"article\" \/>\n<meta property=\"og:title\" content=\"Basisrausch Kristall FLEX Gleitschirm Handschuh\" \/>\n<meta property=\"og:description\" content=\"Der KRISTALL FLEX eignet sich ideal als 3-Saison Komforthandschuh. F\u00fcr die kalten Wintermonate ist er auf den Basisrausch \u00dcberziehhandschuh Onyx abgestimmt und perfekt kombinierbar.\" \/>\n<meta property=\"og:url\" content=\"https:\/\/swissgliders.ch\/de\/produkt\/basisrausch-kristall-flex-handschuhe\/\" \/>\n<meta property=\"og:site_name\" content=\"Gleitschirmschule Thun, Bern, Interlaken\" \/>\n<meta property=\"article:publisher\" content=\"https:\/\/www.facebook.com\/swissgliders\" \/>\n<meta property=\"article:modified_time\" content=\"2025-08-16T16:56:18+00:00\" \/>\n<meta property=\"og:image\" content=\"https:\/\/swissgliders.ch\/wp-content\/uploads\/2021\/11\/gleitschirm-handschuhe-kristall-flex-1.jpg\" \/>\n\t<meta property=\"og:image:width\" content=\"800\" \/>\n\t<meta property=\"og:image:height\" content=\"1000\" \/>\n\t<meta property=\"og:image:type\" content=\"image\/jpeg\" \/>\n<meta name=\"twitter:card\" content=\"summary_large_image\" \/>\n<meta name=\"twitter:site\" content=\"@Swissgliders\" \/>\n<meta name=\"twitter:label1\" content=\"Verf\u00fcgbarkeit\" \/>\n\t<meta name=\"twitter:data1\" content=\"Auf Lager\" \/>\n<script type=\"application\/ld+json\" class=\"yoast-schema-graph\">{\"@context\":\"https:\\\/\\\/schema.org\",\"@graph\":[{\"@type\":\"WebPage\",\"@id\":\"https:\\\/\\\/swissgliders.ch\\\/de\\\/produkt\\\/basisrausch-kristall-flex-handschuhe\\\/\",\"url\":\"https:\\\/\\\/swissgliders.ch\\\/de\\\/produkt\\\/basisrausch-kristall-flex-handschuhe\\\/\",\"name\":\"Basisrausch Kristall FLEX Gleitschirm Handschuh | Gleitschirmschule Thun, Bern, Interlaken\",\"isPartOf\":{\"@id\":\"https:\\\/\\\/swissgliders.ch\\\/de\\\/#website\"},\"primaryImageOfPage\":{\"@id\":\"https:\\\/\\\/swissgliders.ch\\\/de\\\/produkt\\\/basisrausch-kristall-flex-handschuhe\\\/#primaryimage\"},\"image\":{\"@id\":\"https:\\\/\\\/swissgliders.ch\\\/de\\\/produkt\\\/basisrausch-kristall-flex-handschuhe\\\/#primaryimage\"},\"thumbnailUrl\":\"https:\\\/\\\/swissgliders.ch\\\/wp-content\\\/uploads\\\/2021\\\/11\\\/gleitschirm-handschuhe-kristall-flex-1.jpg\",\"datePublished\":\"2021-11-14T11:29:59+00:00\",\"dateModified\":\"2025-08-16T16:56:18+00:00\",\"description\":\"Der KRISTALL FLEX eignet sich ideal als 3-Saison Komforthandschuh. F\u00fcr die kalten Wintermonate ist er auf den Basisrausch \u00dcberziehhandschuh Onyx abgestimmt und perfekt kombinierbar.\",\"breadcrumb\":{\"@id\":\"https:\\\/\\\/swissgliders.ch\\\/de\\\/produkt\\\/basisrausch-kristall-flex-handschuhe\\\/#breadcrumb\"},\"inLanguage\":\"de\",\"potentialAction\":[{\"@type\":\"ReadAction\",\"target\":[\"https:\\\/\\\/swissgliders.ch\\\/de\\\/produkt\\\/basisrausch-kristall-flex-handschuhe\\\/\"]}]},{\"@type\":\"ImageObject\",\"inLanguage\":\"de\",\"@id\":\"https:\\\/\\\/swissgliders.ch\\\/de\\\/produkt\\\/basisrausch-kristall-flex-handschuhe\\\/#primaryimage\",\"url\":\"https:\\\/\\\/swissgliders.ch\\\/wp-content\\\/uploads\\\/2021\\\/11\\\/gleitschirm-handschuhe-kristall-flex-1.jpg\",\"contentUrl\":\"https:\\\/\\\/swissgliders.ch\\\/wp-content\\\/uploads\\\/2021\\\/11\\\/gleitschirm-handschuhe-kristall-flex-1.jpg\",\"width\":800,\"height\":1000,\"caption\":\"Basisrausch-Kristall-FLEX-Gleitschirm-Handschuh-1\"},{\"@type\":\"BreadcrumbList\",\"@id\":\"https:\\\/\\\/swissgliders.ch\\\/de\\\/produkt\\\/basisrausch-kristall-flex-handschuhe\\\/#breadcrumb\",\"itemListElement\":[{\"@type\":\"ListItem\",\"position\":1,\"name\":\"Startseite\",\"item\":\"https:\\\/\\\/swissgliders.ch\\\/de\\\/willkommen\\\/\"},{\"@type\":\"ListItem\",\"position\":2,\"name\":\"Gleitschirm Shop\",\"item\":\"https:\\\/\\\/swissgliders.ch\\\/de\\\/gleitschirm-shop\\\/\"},{\"@type\":\"ListItem\",\"position\":3,\"name\":\"Basisrausch Kristall FLEX Gleitschirm Handschuh\"}]},{\"@type\":\"WebSite\",\"@id\":\"https:\\\/\\\/swissgliders.ch\\\/de\\\/#website\",\"url\":\"https:\\\/\\\/swissgliders.ch\\\/de\\\/\",\"name\":\"Gleitschirmschule Thun, Bern, Interlaken\",\"description\":\"Gleitschirmschule Thun, Bern, Interlaken\",\"publisher\":{\"@id\":\"https:\\\/\\\/swissgliders.ch\\\/de\\\/#organization\"},\"potentialAction\":[{\"@type\":\"SearchAction\",\"target\":{\"@type\":\"EntryPoint\",\"urlTemplate\":\"https:\\\/\\\/swissgliders.ch\\\/de\\\/?s={search_term_string}\"},\"query-input\":{\"@type\":\"PropertyValueSpecification\",\"valueRequired\":true,\"valueName\":\"search_term_string\"}}],\"inLanguage\":\"de\"},{\"@type\":\"Organization\",\"@id\":\"https:\\\/\\\/swissgliders.ch\\\/de\\\/#organization\",\"name\":\"Swissgliders Gleitschirmflugschule Thun\",\"url\":\"https:\\\/\\\/swissgliders.ch\\\/de\\\/\",\"logo\":{\"@type\":\"ImageObject\",\"inLanguage\":\"de\",\"@id\":\"https:\\\/\\\/swissgliders.ch\\\/de\\\/#\\\/schema\\\/logo\\\/image\\\/\",\"url\":\"https:\\\/\\\/swissgliders.ch\\\/wp-content\\\/uploads\\\/2019\\\/12\\\/swissgliders-logo-rgb-square-L-no-ch-01.png\",\"contentUrl\":\"https:\\\/\\\/swissgliders.ch\\\/wp-content\\\/uploads\\\/2019\\\/12\\\/swissgliders-logo-rgb-square-L-no-ch-01.png\",\"width\":2500,\"height\":2500,\"caption\":\"Swissgliders Gleitschirmflugschule Thun\"},\"image\":{\"@id\":\"https:\\\/\\\/swissgliders.ch\\\/de\\\/#\\\/schema\\\/logo\\\/image\\\/\"},\"sameAs\":[\"https:\\\/\\\/www.facebook.com\\\/swissgliders\",\"https:\\\/\\\/x.com\\\/Swissgliders\",\"https:\\\/\\\/www.instagram.com\\\/swissgliders\\\/\",\"https:\\\/\\\/www.youtube.com\\\/channel\\\/UCMCtGdepy9vBhrhX3V_oJOA\"],\"hasMerchantReturnPolicy\":{\"@type\":\"MerchantReturnPolicy\",\"merchantReturnLink\":\"https:\\\/\\\/swissgliders.ch\\\/de\\\/allgemeine-geschaftsbedingungen\\\/\"}}]}<\/script>\n<meta property=\"og:availability\" content=\"instock\" \/>\n<meta property=\"product:availability\" content=\"instock\" \/>\n<meta property=\"product:condition\" content=\"new\" \/>\n<!-- \/ Yoast SEO Premium plugin. -->","yoast_head_json":{"title":"Basisrausch Kristall FLEX Gleitschirm Handschuh | Gleitschirmschule Thun, Bern, Interlaken","description":"Der KRISTALL FLEX eignet sich ideal als 3-Saison Komforthandschuh. F\u00fcr die kalten Wintermonate ist er auf den Basisrausch \u00dcberziehhandschuh Onyx abgestimmt und perfekt kombinierbar.","robots":{"index":"index","follow":"follow","max-snippet":"max-snippet:-1","max-image-preview":"max-image-preview:large","max-video-preview":"max-video-preview:-1"},"canonical":"https:\/\/swissgliders.ch\/de\/produkt\/basisrausch-kristall-flex-handschuhe\/","og_locale":"de_DE","og_type":"article","og_title":"Basisrausch Kristall FLEX Gleitschirm Handschuh","og_description":"Der KRISTALL FLEX eignet sich ideal als 3-Saison Komforthandschuh. F\u00fcr die kalten Wintermonate ist er auf den Basisrausch \u00dcberziehhandschuh Onyx abgestimmt und perfekt kombinierbar.","og_url":"https:\/\/swissgliders.ch\/de\/produkt\/basisrausch-kristall-flex-handschuhe\/","og_site_name":"Gleitschirmschule Thun, Bern, Interlaken","article_publisher":"https:\/\/www.facebook.com\/swissgliders","article_modified_time":"2025-08-16T16:56:18+00:00","og_image":[{"width":800,"height":1000,"url":"https:\/\/swissgliders.ch\/wp-content\/uploads\/2021\/11\/gleitschirm-handschuhe-kristall-flex-1.jpg","type":"image\/jpeg"}],"twitter_card":"summary_large_image","twitter_site":"@Swissgliders","twitter_misc":{"Verf\u00fcgbarkeit":"Auf Lager"},"schema":{"@context":"https:\/\/schema.org","@graph":[{"@type":"WebPage","@id":"https:\/\/swissgliders.ch\/de\/produkt\/basisrausch-kristall-flex-handschuhe\/","url":"https:\/\/swissgliders.ch\/de\/produkt\/basisrausch-kristall-flex-handschuhe\/","name":"Basisrausch Kristall FLEX Gleitschirm Handschuh | Gleitschirmschule Thun, Bern, Interlaken","isPartOf":{"@id":"https:\/\/swissgliders.ch\/de\/#website"},"primaryImageOfPage":{"@id":"https:\/\/swissgliders.ch\/de\/produkt\/basisrausch-kristall-flex-handschuhe\/#primaryimage"},"image":{"@id":"https:\/\/swissgliders.ch\/de\/produkt\/basisrausch-kristall-flex-handschuhe\/#primaryimage"},"thumbnailUrl":"https:\/\/swissgliders.ch\/wp-content\/uploads\/2021\/11\/gleitschirm-handschuhe-kristall-flex-1.jpg","datePublished":"2021-11-14T11:29:59+00:00","dateModified":"2025-08-16T16:56:18+00:00","description":"Der KRISTALL FLEX eignet sich ideal als 3-Saison Komforthandschuh. F\u00fcr die kalten Wintermonate ist er auf den Basisrausch \u00dcberziehhandschuh Onyx abgestimmt und perfekt kombinierbar.","breadcrumb":{"@id":"https:\/\/swissgliders.ch\/de\/produkt\/basisrausch-kristall-flex-handschuhe\/#breadcrumb"},"inLanguage":"de","potentialAction":[{"@type":"ReadAction","target":["https:\/\/swissgliders.ch\/de\/produkt\/basisrausch-kristall-flex-handschuhe\/"]}]},{"@type":"ImageObject","inLanguage":"de","@id":"https:\/\/swissgliders.ch\/de\/produkt\/basisrausch-kristall-flex-handschuhe\/#primaryimage","url":"https:\/\/swissgliders.ch\/wp-content\/uploads\/2021\/11\/gleitschirm-handschuhe-kristall-flex-1.jpg","contentUrl":"https:\/\/swissgliders.ch\/wp-content\/uploads\/2021\/11\/gleitschirm-handschuhe-kristall-flex-1.jpg","width":800,"height":1000,"caption":"Basisrausch-Kristall-FLEX-Gleitschirm-Handschuh-1"},{"@type":"BreadcrumbList","@id":"https:\/\/swissgliders.ch\/de\/produkt\/basisrausch-kristall-flex-handschuhe\/#breadcrumb","itemListElement":[{"@type":"ListItem","position":1,"name":"Startseite","item":"https:\/\/swissgliders.ch\/de\/willkommen\/"},{"@type":"ListItem","position":2,"name":"Gleitschirm Shop","item":"https:\/\/swissgliders.ch\/de\/gleitschirm-shop\/"},{"@type":"ListItem","position":3,"name":"Basisrausch Kristall FLEX Gleitschirm Handschuh"}]},{"@type":"WebSite","@id":"https:\/\/swissgliders.ch\/de\/#website","url":"https:\/\/swissgliders.ch\/de\/","name":"Gleitschirmschule Thun, Bern, Interlaken","description":"Gleitschirmschule Thun, Bern, Interlaken","publisher":{"@id":"https:\/\/swissgliders.ch\/de\/#organization"},"potentialAction":[{"@type":"SearchAction","target":{"@type":"EntryPoint","urlTemplate":"https:\/\/swissgliders.ch\/de\/?s={search_term_string}"},"query-input":{"@type":"PropertyValueSpecification","valueRequired":true,"valueName":"search_term_string"}}],"inLanguage":"de"},{"@type":"Organization","@id":"https:\/\/swissgliders.ch\/de\/#organization","name":"Swissgliders Gleitschirmflugschule Thun","url":"https:\/\/swissgliders.ch\/de\/","logo":{"@type":"ImageObject","inLanguage":"de","@id":"https:\/\/swissgliders.ch\/de\/#\/schema\/logo\/image\/","url":"https:\/\/swissgliders.ch\/wp-content\/uploads\/2019\/12\/swissgliders-logo-rgb-square-L-no-ch-01.png","contentUrl":"https:\/\/swissgliders.ch\/wp-content\/uploads\/2019\/12\/swissgliders-logo-rgb-square-L-no-ch-01.png","width":2500,"height":2500,"caption":"Swissgliders Gleitschirmflugschule Thun"},"image":{"@id":"https:\/\/swissgliders.ch\/de\/#\/schema\/logo\/image\/"},"sameAs":["https:\/\/www.facebook.com\/swissgliders","https:\/\/x.com\/Swissgliders","https:\/\/www.instagram.com\/swissgliders\/","https:\/\/www.youtube.com\/channel\/UCMCtGdepy9vBhrhX3V_oJOA"],"hasMerchantReturnPolicy":{"@type":"MerchantReturnPolicy","merchantReturnLink":"https:\/\/swissgliders.ch\/de\/allgemeine-geschaftsbedingungen\/"}}]},"og_availability":"instock","product_availability":"instock","product_condition":"new"},"_links":{"self":[{"href":"https:\/\/swissgliders.ch\/de\/wp-json\/wp\/v2\/product\/7350","targetHints":{"allow":["GET"]}}],"collection":[{"href":"https:\/\/swissgliders.ch\/de\/wp-json\/wp\/v2\/product"}],"about":[{"href":"https:\/\/swissgliders.ch\/de\/wp-json\/wp\/v2\/types\/product"}],"replies":[{"embeddable":true,"href":"https:\/\/swissgliders.ch\/de\/wp-json\/wp\/v2\/comments?post=7350"}],"wp:featuredmedia":[{"embeddable":true,"href":"https:\/\/swissgliders.ch\/de\/wp-json\/wp\/v2\/media\/7353"}],"wp:attachment":[{"href":"https:\/\/swissgliders.ch\/de\/wp-json\/wp\/v2\/media?parent=7350"}],"wp:term":[{"taxonomy":"product_brand","embeddable":true,"href":"https:\/\/swissgliders.ch\/de\/wp-json\/wp\/v2\/product_brand?post=7350"},{"taxonomy":"product_cat","embeddable":true,"href":"https:\/\/swissgliders.ch\/de\/wp-json\/wp\/v2\/product_cat?post=7350"},{"taxonomy":"product_tag","embeddable":true,"href":"https:\/\/swissgliders.ch\/de\/wp-json\/wp\/v2\/product_tag?post=7350"}],"curies":[{"name":"wp","href":"https:\/\/api.w.org\/{rel}","templated":true}]}}