{"id":7439,"date":"2021-12-01T15:58:20","date_gmt":"2021-12-01T14:58:20","guid":{"rendered":"https:\/\/swissgliders.ch\/?post_type=product&#038;p=7439"},"modified":"2025-08-26T10:06:34","modified_gmt":"2025-08-26T09:06:34","slug":"airdesign-hikefly-light-trail-rucksack","status":"publish","type":"product","link":"https:\/\/swissgliders.ch\/de\/produkt\/airdesign-hikefly-light-trail-rucksack\/","title":{"rendered":"AirDesign Hike&#038;Fly Light Trail-Rucksack"},"content":{"rendered":"<h3>Hike &amp; Fly Trail Rucksack Serie <br class=\"avia-permanent-lb\" \/><br class=\"avia-permanent-lb\" \/><\/h3>\n<p>Leicht, durchdacht, tolles Design und top Verarbeitung \u2013 das ist die neue trail-Rucksackserie.<\/p>\n<p>Die neuen Trail-Rucks\u00e4cke sind in <strong>24L, 38L, 55L, 70L und 99L<\/strong> erh\u00e4ltlich und sind der ultimative Wander- und Reisebegleiter. Eine perfekte Verbindung zu Ihrem K\u00f6rper, die gro\u00dfe Stabilit\u00e4t und eine einfachere Bef\u00f6rderung bietet und weniger Kraftaufwand erfordert.<\/p>\n<h4><strong>Because light is right! <br class=\"avia-permanent-lb\" \/><br class=\"avia-permanent-lb\" \/><\/strong><\/h4>\n<p><img loading=\"lazy\" decoding=\"async\" class=\"\" src=\"https:\/\/th.bing.com\/th\/id\/R.641afc3526f68532620a2356fe460913?rik=O%2bOhrMDEYLn3VA&amp;pid=ImgRaw&amp;r=0\" alt=\"Airdesign Trail Rucksack\" width=\"433\" height=\"325\" \/> <br class=\"avia-permanent-lb\" \/><br class=\"avia-permanent-lb\" \/><br class=\"avia-permanent-lb\" \/><\/p>\n<h4><strong>Hike &amp; Fly Trail Rucksack 24L<\/strong><\/h4>\n<p>Du f\u00fchlst dich so leicht. Dein UFO (oder SuSi) und dein Slip in deinem 24 Trailrucksack. Ja, du l\u00e4ufst. Ja, du tr\u00e4gst einen, hier, auf deinen Schultern. Nicht bemerkt?<br \/>\nDer einzige Trailrunning-Gleitschirmrucksack.<\/p>\n<p><img loading=\"lazy\" decoding=\"async\" class=\"\" src=\"https:\/\/ad-gliders.com\/wp-content\/uploads\/2022\/08\/HilkeFly-Trail-Rucksack-24-Airdesign.jpg\" width=\"213\" height=\"213\" \/><\/p>\n<p>Mehr <a href=\"https:\/\/ad-gliders.com\/produkt\/hike-fly-trail-rucksack-24l\/\">Infos 24L <br class=\"avia-permanent-lb\" \/><br class=\"avia-permanent-lb\" \/><\/a><\/p>\n<hr \/>\n<h4><strong>Hike &amp; Fly Trail Rucksack 38L<\/strong><\/h4>\n<p>Leicht, durchdacht, tolles Design und top Verarbeitung \u2013 das ist die neue trail-Rucksackserie. Der neue Trail-Rucksack ist in 38L erh\u00e4ltlich und ist der ultimative Wander- und Reisebegleiter. Eine perfekte Verbindung zu Ihrem K\u00f6rper, die gro\u00dfe Stabilit\u00e4t und eine einfachere Bef\u00f6rderung bietet und weniger Kraftaufwand erfordert. Because light is right!<\/p>\n<p><img loading=\"lazy\" decoding=\"async\" class=\"\" src=\"https:\/\/ad-gliders.com\/wp-content\/uploads\/2019\/12\/trail38-scaled.jpg\" width=\"238\" height=\"178\" \/><\/p>\n<p>Mehr <a href=\"https:\/\/ad-gliders.com\/produkt\/airdesign-hikefly-trail-rucksack-38l\/\">Infos 38L <br class=\"avia-permanent-lb\" \/><br class=\"avia-permanent-lb\" \/><\/a><\/p>\n<hr \/>\n<h4><strong>Hike &amp; Fly Trail Rucksack 55L und 70L<\/strong><\/h4>\n<p>Leicht, durchdacht, tolles Design und top Verarbeitung \u2013 das ist die neue trail-Rucksackserie. Die neuen Trail-Rucks\u00e4cke sind in 55L und 70L erh\u00e4ltlich und sind der ultimative Wander- und Reisebegleiter. Eine perfekte Verbindung zu Ihrem K\u00f6rper, die gro\u00dfe Stabilit\u00e4t und eine einfachere Bef\u00f6rderung bietet und weniger Kraftaufwand erfordert. Because light is right!<\/p>\n<p><img loading=\"lazy\" decoding=\"async\" class=\"\" src=\"https:\/\/ad-gliders.com\/wp-content\/uploads\/2019\/12\/trailbackpacks_04-w1900-h1900.jpg\" width=\"290\" height=\"194\" \/><\/p>\n<p>Mehr <a href=\"https:\/\/ad-gliders.com\/produkt\/airdesign-hikefly-trail-rucksack\/\">Infos 55L und 70L <br class=\"avia-permanent-lb\" \/><br class=\"avia-permanent-lb\" \/><\/a><\/p>\n<hr \/>\n<h4><strong>Hike &amp; Fly Trail Rucksack 99L<\/strong><\/h4>\n<p>Der Trail 99L-Rucksack ist jener, der Deine Ausr\u00fcstung abseits der ausgetretenen Pfade tragt. Egal ob es sich um deinen Altagsfl\u00fcgel oder Deinen Schirm plus Biwakausr\u00fcstung f\u00fcr mehrere Tage handelt. Aber tragen musst du den Rucksack noch selbst!<\/p>\n<p><img loading=\"lazy\" decoding=\"async\" class=\"\" src=\"https:\/\/ad-gliders.com\/wp-content\/uploads\/2022\/08\/HilkeFly-Trail-Rucksack-99-Airdesign.jpg\" width=\"310\" height=\"310\" \/> <br class=\"avia-permanent-lb\" \/><br class=\"avia-permanent-lb\" \/><\/p>\n<p>Mehr <a href=\"https:\/\/ad-gliders.com\/produkt\/hike-fly-trail-rucksack-99l\/\">Infos 99L <br class=\"avia-permanent-lb\" \/><\/a><\/p>\n<p>Falls dieser Artikel nicht an Lager ist, wird er f\u00fcr dich bestellt. Lieferfrist auf Anfrage.<\/p>\n","protected":false},"excerpt":{"rendered":"<h3>Hike &amp; Fly Trail Rucksack Serie <br class=\"avia-permanent-lb\" \/><br class=\"avia-permanent-lb\" \/><\/h3>\n<p>Leicht, durchdacht, tolles Design und top Verarbeitung \u2013 das ist die neue trail-Rucksackserie.<\/p>\n<p>Die neuen Trail-Rucks\u00e4cke sind in <strong>24L, 38L, 55L, 70L und 99L<\/strong> erh\u00e4ltlich und sind der ultimative Wander- und Reisebegleiter. Eine perfekte Verbindung zu Ihrem K\u00f6rper, die gro\u00dfe Stabilit\u00e4t und eine einfachere Bef\u00f6rderung bietet und weniger Kraftaufwand erfordert.<\/p>\n<h4><strong>Because light is right! <br class=\"avia-permanent-lb\" \/><br class=\"avia-permanent-lb\" \/><\/strong><\/h4>\n<p><img loading=\"lazy\" decoding=\"async\" class=\"\" src=\"https:\/\/th.bing.com\/th\/id\/R.641afc3526f68532620a2356fe460913?rik=O%2bOhrMDEYLn3VA&amp;pid=ImgRaw&amp;r=0\" alt=\"Airdesign Trail Rucksack\" width=\"433\" height=\"325\" \/> <br class=\"avia-permanent-lb\" \/><br class=\"avia-permanent-lb\" \/><br class=\"avia-permanent-lb\" \/><\/p>\n<h4><strong>Hike &amp; Fly Trail Rucksack 24L<\/strong><\/h4>\n<p>Du f\u00fchlst dich so leicht. Dein UFO (oder SuSi) und dein Slip in deinem 24 Trailrucksack. Ja, du l\u00e4ufst. Ja, du tr\u00e4gst einen, hier, auf deinen Schultern. Nicht bemerkt?<br \/>\nDer einzige Trailrunning-Gleitschirmrucksack.<\/p>\n<p><img loading=\"lazy\" decoding=\"async\" class=\"\" src=\"https:\/\/ad-gliders.com\/wp-content\/uploads\/2022\/08\/HilkeFly-Trail-Rucksack-24-Airdesign.jpg\" width=\"213\" height=\"213\" \/><\/p>\n<p>Mehr <a href=\"https:\/\/ad-gliders.com\/produkt\/hike-fly-trail-rucksack-24l\/\">Infos 24L <br class=\"avia-permanent-lb\" \/><br class=\"avia-permanent-lb\" \/><\/a><\/p>\n<hr \/>\n<h4><strong>Hike &amp; Fly Trail Rucksack 38L<\/strong><\/h4>\n<p>Leicht, durchdacht, tolles Design und top Verarbeitung \u2013 das ist die neue trail-Rucksackserie. Der neue Trail-Rucksack ist in 38L erh\u00e4ltlich und ist der ultimative Wander- und Reisebegleiter. Eine perfekte Verbindung zu Ihrem K\u00f6rper, die gro\u00dfe Stabilit\u00e4t und eine einfachere Bef\u00f6rderung bietet und weniger Kraftaufwand erfordert. Because light is right!<\/p>\n<p><img loading=\"lazy\" decoding=\"async\" class=\"\" src=\"https:\/\/ad-gliders.com\/wp-content\/uploads\/2019\/12\/trail38-scaled.jpg\" width=\"238\" height=\"178\" \/><\/p>\n<p>Mehr <a href=\"https:\/\/ad-gliders.com\/produkt\/airdesign-hikefly-trail-rucksack-38l\/\">Infos 38L <br class=\"avia-permanent-lb\" \/><br class=\"avia-permanent-lb\" \/><\/a><\/p>\n<hr \/>\n<h4><strong>Hike &amp; Fly Trail Rucksack 55L und 70L<\/strong><\/h4>\n<p>Leicht, durchdacht, tolles Design und top Verarbeitung \u2013 das ist die neue trail-Rucksackserie. Die neuen Trail-Rucks\u00e4cke sind in 55L und 70L erh\u00e4ltlich und sind der ultimative Wander- und Reisebegleiter. Eine perfekte Verbindung zu Ihrem K\u00f6rper, die gro\u00dfe Stabilit\u00e4t und eine einfachere Bef\u00f6rderung bietet und weniger Kraftaufwand erfordert. Because light is right!<\/p>\n<p><img loading=\"lazy\" decoding=\"async\" class=\"\" src=\"https:\/\/ad-gliders.com\/wp-content\/uploads\/2019\/12\/trailbackpacks_04-w1900-h1900.jpg\" width=\"290\" height=\"194\" \/><\/p>\n<p>Mehr <a href=\"https:\/\/ad-gliders.com\/produkt\/airdesign-hikefly-trail-rucksack\/\">Infos 55L und 70L <br class=\"avia-permanent-lb\" \/><br class=\"avia-permanent-lb\" \/><\/a><\/p>\n<hr \/>\n<h4><strong>Hike &amp; Fly Trail Rucksack 99L<\/strong><\/h4>\n<p>Der Trail 99L-Rucksack ist jener, der Deine Ausr\u00fcstung abseits der ausgetretenen Pfade tragt. Egal ob es sich um deinen Altagsfl\u00fcgel oder Deinen Schirm plus Biwakausr\u00fcstung f\u00fcr mehrere Tage handelt. Aber tragen musst du den Rucksack noch selbst!<\/p>\n<p><img loading=\"lazy\" decoding=\"async\" class=\"\" src=\"https:\/\/ad-gliders.com\/wp-content\/uploads\/2022\/08\/HilkeFly-Trail-Rucksack-99-Airdesign.jpg\" width=\"310\" height=\"310\" \/> <br class=\"avia-permanent-lb\" \/><br class=\"avia-permanent-lb\" \/><\/p>\n<p>Mehr <a href=\"https:\/\/ad-gliders.com\/produkt\/hike-fly-trail-rucksack-99l\/\">Infos 99L <br class=\"avia-permanent-lb\" \/><\/a><\/p>\n<p>Falls dieser Artikel nicht an Lager ist, wird er f\u00fcr dich bestellt. Lieferfrist auf Anfrage.<\/p>\n","protected":false},"featured_media":7443,"comment_status":"closed","ping_status":"closed","template":"","meta":[],"product_brand":[2630],"product_cat":[2072],"product_tag":[2210,90],"class_list":{"0":"post-7439","1":"product","2":"type-product","3":"status-publish","4":"has-post-thumbnail","6":"product_brand-air-design","7":"product_cat-gleitschirm-rucksaecke","8":"product_tag-rucksack","9":"product_tag-verkaufsartikel","10":"product_shipping_class-priority-2kg-de","12":"first","13":"instock","14":"sale","15":"shipping-taxable","16":"purchasable","17":"product-type-variable"},"yoast_head":"<!-- This site is optimized with the Yoast SEO Premium plugin v26.1 (Yoast SEO v27.3) - https:\/\/yoast.com\/product\/yoast-seo-premium-wordpress\/ -->\n<title>AirDesign Hike&amp;Fly Light Trail-Rucksack | Gleitschirmschule Thun, Bern, Interlaken<\/title>\n<meta name=\"description\" content=\"AirDesign Hike&amp;Fly light Trail Rucksack Leicht, durchdacht, tolles Design und top Verarbeitung \u2013 das ist die neue trail-Rucksackserie. Die neuen Trail-Rucks\u00e4cke sind in 24L, 38L, 55L, 70L und 99L erh\u00e4ltlich und sind der ultimative Wander- und Reisebegleiter. Eine perfekte Verbindung zu Ihrem K\u00f6rper, die gro\u00dfe Stabilit\u00e4t und eine einfachere Bef\u00f6rderung bietet und weniger Kraftaufwand erfordert. Because light is right!\" \/>\n<meta name=\"robots\" content=\"index, follow, max-snippet:-1, max-image-preview:large, max-video-preview:-1\" \/>\n<link rel=\"canonical\" href=\"https:\/\/swissgliders.ch\/de\/produkt\/airdesign-hikefly-light-trail-rucksack\/\" \/>\n<meta property=\"og:locale\" content=\"de_DE\" \/>\n<meta property=\"og:type\" content=\"article\" \/>\n<meta property=\"og:title\" content=\"AirDesign Hike&amp;Fly Light Trail-Rucksack\" \/>\n<meta property=\"og:description\" content=\"AirDesign Hike&amp;Fly light Trail Rucksack Leicht, durchdacht, tolles Design und top Verarbeitung \u2013 das ist die neue trail-Rucksackserie. Die neuen Trail-Rucks\u00e4cke sind in 24L, 38L, 55L, 70L und 99L erh\u00e4ltlich und sind der ultimative Wander- und Reisebegleiter. Eine perfekte Verbindung zu Ihrem K\u00f6rper, die gro\u00dfe Stabilit\u00e4t und eine einfachere Bef\u00f6rderung bietet und weniger Kraftaufwand erfordert. Because light is right!\" \/>\n<meta property=\"og:url\" content=\"https:\/\/swissgliders.ch\/de\/produkt\/airdesign-hikefly-light-trail-rucksack\/\" \/>\n<meta property=\"og:site_name\" content=\"Gleitschirmschule Thun, Bern, Interlaken\" \/>\n<meta property=\"article:publisher\" content=\"https:\/\/www.facebook.com\/swissgliders\" \/>\n<meta property=\"article:modified_time\" content=\"2025-08-26T09:06:34+00:00\" \/>\n<meta property=\"og:image\" content=\"https:\/\/swissgliders.ch\/wp-content\/uploads\/2021\/12\/AD-Rucksack-HikeFly-Trail.jpg\" \/>\n\t<meta property=\"og:image:width\" content=\"510\" \/>\n\t<meta property=\"og:image:height\" content=\"383\" \/>\n\t<meta property=\"og:image:type\" content=\"image\/jpeg\" \/>\n<meta name=\"twitter:card\" content=\"summary_large_image\" \/>\n<meta name=\"twitter:site\" content=\"@Swissgliders\" \/>\n<meta name=\"twitter:label1\" content=\"Verf\u00fcgbarkeit\" \/>\n\t<meta name=\"twitter:data1\" content=\"Auf Lager\" \/>\n<script type=\"application\/ld+json\" class=\"yoast-schema-graph\">{\"@context\":\"https:\\\/\\\/schema.org\",\"@graph\":[{\"@type\":\"WebPage\",\"@id\":\"https:\\\/\\\/swissgliders.ch\\\/de\\\/produkt\\\/airdesign-hikefly-light-trail-rucksack\\\/\",\"url\":\"https:\\\/\\\/swissgliders.ch\\\/de\\\/produkt\\\/airdesign-hikefly-light-trail-rucksack\\\/\",\"name\":\"AirDesign Hike&Fly Light Trail-Rucksack | Gleitschirmschule Thun, Bern, Interlaken\",\"isPartOf\":{\"@id\":\"https:\\\/\\\/swissgliders.ch\\\/de\\\/#website\"},\"primaryImageOfPage\":{\"@id\":\"https:\\\/\\\/swissgliders.ch\\\/de\\\/produkt\\\/airdesign-hikefly-light-trail-rucksack\\\/#primaryimage\"},\"image\":{\"@id\":\"https:\\\/\\\/swissgliders.ch\\\/de\\\/produkt\\\/airdesign-hikefly-light-trail-rucksack\\\/#primaryimage\"},\"thumbnailUrl\":\"https:\\\/\\\/swissgliders.ch\\\/wp-content\\\/uploads\\\/2021\\\/12\\\/AD-Rucksack-HikeFly-Trail.jpg\",\"datePublished\":\"2021-12-01T14:58:20+00:00\",\"dateModified\":\"2025-08-26T09:06:34+00:00\",\"description\":\"AirDesign Hike&Fly light Trail Rucksack Leicht, durchdacht, tolles Design und top Verarbeitung \u2013 das ist die neue trail-Rucksackserie. Die neuen Trail-Rucks\u00e4cke sind in 24L, 38L, 55L, 70L und 99L erh\u00e4ltlich und sind der ultimative Wander- und Reisebegleiter. Eine perfekte Verbindung zu Ihrem K\u00f6rper, die gro\u00dfe Stabilit\u00e4t und eine einfachere Bef\u00f6rderung bietet und weniger Kraftaufwand erfordert. Because light is right!\",\"breadcrumb\":{\"@id\":\"https:\\\/\\\/swissgliders.ch\\\/de\\\/produkt\\\/airdesign-hikefly-light-trail-rucksack\\\/#breadcrumb\"},\"inLanguage\":\"de\",\"potentialAction\":[{\"@type\":\"ReadAction\",\"target\":[\"https:\\\/\\\/swissgliders.ch\\\/de\\\/produkt\\\/airdesign-hikefly-light-trail-rucksack\\\/\"]}]},{\"@type\":\"ImageObject\",\"inLanguage\":\"de\",\"@id\":\"https:\\\/\\\/swissgliders.ch\\\/de\\\/produkt\\\/airdesign-hikefly-light-trail-rucksack\\\/#primaryimage\",\"url\":\"https:\\\/\\\/swissgliders.ch\\\/wp-content\\\/uploads\\\/2021\\\/12\\\/AD-Rucksack-HikeFly-Trail.jpg\",\"contentUrl\":\"https:\\\/\\\/swissgliders.ch\\\/wp-content\\\/uploads\\\/2021\\\/12\\\/AD-Rucksack-HikeFly-Trail.jpg\",\"width\":510,\"height\":383,\"caption\":\"AD-Rucksack-Hike&Fly-Trail\"},{\"@type\":\"BreadcrumbList\",\"@id\":\"https:\\\/\\\/swissgliders.ch\\\/de\\\/produkt\\\/airdesign-hikefly-light-trail-rucksack\\\/#breadcrumb\",\"itemListElement\":[{\"@type\":\"ListItem\",\"position\":1,\"name\":\"Startseite\",\"item\":\"https:\\\/\\\/swissgliders.ch\\\/de\\\/willkommen\\\/\"},{\"@type\":\"ListItem\",\"position\":2,\"name\":\"Gleitschirm Shop\",\"item\":\"https:\\\/\\\/swissgliders.ch\\\/de\\\/gleitschirm-shop\\\/\"},{\"@type\":\"ListItem\",\"position\":3,\"name\":\"AirDesign Hike&#038;Fly Light Trail-Rucksack\"}]},{\"@type\":\"WebSite\",\"@id\":\"https:\\\/\\\/swissgliders.ch\\\/de\\\/#website\",\"url\":\"https:\\\/\\\/swissgliders.ch\\\/de\\\/\",\"name\":\"Gleitschirmschule Thun, Bern, Interlaken\",\"description\":\"Gleitschirmschule Thun, Bern, Interlaken\",\"publisher\":{\"@id\":\"https:\\\/\\\/swissgliders.ch\\\/de\\\/#organization\"},\"potentialAction\":[{\"@type\":\"SearchAction\",\"target\":{\"@type\":\"EntryPoint\",\"urlTemplate\":\"https:\\\/\\\/swissgliders.ch\\\/de\\\/?s={search_term_string}\"},\"query-input\":{\"@type\":\"PropertyValueSpecification\",\"valueRequired\":true,\"valueName\":\"search_term_string\"}}],\"inLanguage\":\"de\"},{\"@type\":\"Organization\",\"@id\":\"https:\\\/\\\/swissgliders.ch\\\/de\\\/#organization\",\"name\":\"Swissgliders Gleitschirmflugschule Thun\",\"url\":\"https:\\\/\\\/swissgliders.ch\\\/de\\\/\",\"logo\":{\"@type\":\"ImageObject\",\"inLanguage\":\"de\",\"@id\":\"https:\\\/\\\/swissgliders.ch\\\/de\\\/#\\\/schema\\\/logo\\\/image\\\/\",\"url\":\"https:\\\/\\\/swissgliders.ch\\\/wp-content\\\/uploads\\\/2019\\\/12\\\/swissgliders-logo-rgb-square-L-no-ch-01.png\",\"contentUrl\":\"https:\\\/\\\/swissgliders.ch\\\/wp-content\\\/uploads\\\/2019\\\/12\\\/swissgliders-logo-rgb-square-L-no-ch-01.png\",\"width\":2500,\"height\":2500,\"caption\":\"Swissgliders Gleitschirmflugschule Thun\"},\"image\":{\"@id\":\"https:\\\/\\\/swissgliders.ch\\\/de\\\/#\\\/schema\\\/logo\\\/image\\\/\"},\"sameAs\":[\"https:\\\/\\\/www.facebook.com\\\/swissgliders\",\"https:\\\/\\\/x.com\\\/Swissgliders\",\"https:\\\/\\\/www.instagram.com\\\/swissgliders\\\/\",\"https:\\\/\\\/www.youtube.com\\\/channel\\\/UCMCtGdepy9vBhrhX3V_oJOA\"],\"hasMerchantReturnPolicy\":{\"@type\":\"MerchantReturnPolicy\",\"merchantReturnLink\":\"https:\\\/\\\/swissgliders.ch\\\/de\\\/allgemeine-geschaftsbedingungen\\\/\"}}]}<\/script>\n<meta property=\"og:availability\" content=\"instock\" \/>\n<meta property=\"product:availability\" content=\"instock\" \/>\n<meta property=\"product:condition\" content=\"new\" \/>\n<!-- \/ Yoast SEO Premium plugin. -->","yoast_head_json":{"title":"AirDesign Hike&Fly Light Trail-Rucksack | Gleitschirmschule Thun, Bern, Interlaken","description":"AirDesign Hike&Fly light Trail Rucksack Leicht, durchdacht, tolles Design und top Verarbeitung \u2013 das ist die neue trail-Rucksackserie. Die neuen Trail-Rucks\u00e4cke sind in 24L, 38L, 55L, 70L und 99L erh\u00e4ltlich und sind der ultimative Wander- und Reisebegleiter. Eine perfekte Verbindung zu Ihrem K\u00f6rper, die gro\u00dfe Stabilit\u00e4t und eine einfachere Bef\u00f6rderung bietet und weniger Kraftaufwand erfordert. Because light is right!","robots":{"index":"index","follow":"follow","max-snippet":"max-snippet:-1","max-image-preview":"max-image-preview:large","max-video-preview":"max-video-preview:-1"},"canonical":"https:\/\/swissgliders.ch\/de\/produkt\/airdesign-hikefly-light-trail-rucksack\/","og_locale":"de_DE","og_type":"article","og_title":"AirDesign Hike&Fly Light Trail-Rucksack","og_description":"AirDesign Hike&Fly light Trail Rucksack Leicht, durchdacht, tolles Design und top Verarbeitung \u2013 das ist die neue trail-Rucksackserie. Die neuen Trail-Rucks\u00e4cke sind in 24L, 38L, 55L, 70L und 99L erh\u00e4ltlich und sind der ultimative Wander- und Reisebegleiter. Eine perfekte Verbindung zu Ihrem K\u00f6rper, die gro\u00dfe Stabilit\u00e4t und eine einfachere Bef\u00f6rderung bietet und weniger Kraftaufwand erfordert. Because light is right!","og_url":"https:\/\/swissgliders.ch\/de\/produkt\/airdesign-hikefly-light-trail-rucksack\/","og_site_name":"Gleitschirmschule Thun, Bern, Interlaken","article_publisher":"https:\/\/www.facebook.com\/swissgliders","article_modified_time":"2025-08-26T09:06:34+00:00","og_image":[{"width":510,"height":383,"url":"https:\/\/swissgliders.ch\/wp-content\/uploads\/2021\/12\/AD-Rucksack-HikeFly-Trail.jpg","type":"image\/jpeg"}],"twitter_card":"summary_large_image","twitter_site":"@Swissgliders","twitter_misc":{"Verf\u00fcgbarkeit":"Auf Lager"},"schema":{"@context":"https:\/\/schema.org","@graph":[{"@type":"WebPage","@id":"https:\/\/swissgliders.ch\/de\/produkt\/airdesign-hikefly-light-trail-rucksack\/","url":"https:\/\/swissgliders.ch\/de\/produkt\/airdesign-hikefly-light-trail-rucksack\/","name":"AirDesign Hike&Fly Light Trail-Rucksack | Gleitschirmschule Thun, Bern, Interlaken","isPartOf":{"@id":"https:\/\/swissgliders.ch\/de\/#website"},"primaryImageOfPage":{"@id":"https:\/\/swissgliders.ch\/de\/produkt\/airdesign-hikefly-light-trail-rucksack\/#primaryimage"},"image":{"@id":"https:\/\/swissgliders.ch\/de\/produkt\/airdesign-hikefly-light-trail-rucksack\/#primaryimage"},"thumbnailUrl":"https:\/\/swissgliders.ch\/wp-content\/uploads\/2021\/12\/AD-Rucksack-HikeFly-Trail.jpg","datePublished":"2021-12-01T14:58:20+00:00","dateModified":"2025-08-26T09:06:34+00:00","description":"AirDesign Hike&Fly light Trail Rucksack Leicht, durchdacht, tolles Design und top Verarbeitung \u2013 das ist die neue trail-Rucksackserie. Die neuen Trail-Rucks\u00e4cke sind in 24L, 38L, 55L, 70L und 99L erh\u00e4ltlich und sind der ultimative Wander- und Reisebegleiter. Eine perfekte Verbindung zu Ihrem K\u00f6rper, die gro\u00dfe Stabilit\u00e4t und eine einfachere Bef\u00f6rderung bietet und weniger Kraftaufwand erfordert. Because light is right!","breadcrumb":{"@id":"https:\/\/swissgliders.ch\/de\/produkt\/airdesign-hikefly-light-trail-rucksack\/#breadcrumb"},"inLanguage":"de","potentialAction":[{"@type":"ReadAction","target":["https:\/\/swissgliders.ch\/de\/produkt\/airdesign-hikefly-light-trail-rucksack\/"]}]},{"@type":"ImageObject","inLanguage":"de","@id":"https:\/\/swissgliders.ch\/de\/produkt\/airdesign-hikefly-light-trail-rucksack\/#primaryimage","url":"https:\/\/swissgliders.ch\/wp-content\/uploads\/2021\/12\/AD-Rucksack-HikeFly-Trail.jpg","contentUrl":"https:\/\/swissgliders.ch\/wp-content\/uploads\/2021\/12\/AD-Rucksack-HikeFly-Trail.jpg","width":510,"height":383,"caption":"AD-Rucksack-Hike&Fly-Trail"},{"@type":"BreadcrumbList","@id":"https:\/\/swissgliders.ch\/de\/produkt\/airdesign-hikefly-light-trail-rucksack\/#breadcrumb","itemListElement":[{"@type":"ListItem","position":1,"name":"Startseite","item":"https:\/\/swissgliders.ch\/de\/willkommen\/"},{"@type":"ListItem","position":2,"name":"Gleitschirm Shop","item":"https:\/\/swissgliders.ch\/de\/gleitschirm-shop\/"},{"@type":"ListItem","position":3,"name":"AirDesign Hike&#038;Fly Light Trail-Rucksack"}]},{"@type":"WebSite","@id":"https:\/\/swissgliders.ch\/de\/#website","url":"https:\/\/swissgliders.ch\/de\/","name":"Gleitschirmschule Thun, Bern, Interlaken","description":"Gleitschirmschule Thun, Bern, Interlaken","publisher":{"@id":"https:\/\/swissgliders.ch\/de\/#organization"},"potentialAction":[{"@type":"SearchAction","target":{"@type":"EntryPoint","urlTemplate":"https:\/\/swissgliders.ch\/de\/?s={search_term_string}"},"query-input":{"@type":"PropertyValueSpecification","valueRequired":true,"valueName":"search_term_string"}}],"inLanguage":"de"},{"@type":"Organization","@id":"https:\/\/swissgliders.ch\/de\/#organization","name":"Swissgliders Gleitschirmflugschule Thun","url":"https:\/\/swissgliders.ch\/de\/","logo":{"@type":"ImageObject","inLanguage":"de","@id":"https:\/\/swissgliders.ch\/de\/#\/schema\/logo\/image\/","url":"https:\/\/swissgliders.ch\/wp-content\/uploads\/2019\/12\/swissgliders-logo-rgb-square-L-no-ch-01.png","contentUrl":"https:\/\/swissgliders.ch\/wp-content\/uploads\/2019\/12\/swissgliders-logo-rgb-square-L-no-ch-01.png","width":2500,"height":2500,"caption":"Swissgliders Gleitschirmflugschule Thun"},"image":{"@id":"https:\/\/swissgliders.ch\/de\/#\/schema\/logo\/image\/"},"sameAs":["https:\/\/www.facebook.com\/swissgliders","https:\/\/x.com\/Swissgliders","https:\/\/www.instagram.com\/swissgliders\/","https:\/\/www.youtube.com\/channel\/UCMCtGdepy9vBhrhX3V_oJOA"],"hasMerchantReturnPolicy":{"@type":"MerchantReturnPolicy","merchantReturnLink":"https:\/\/swissgliders.ch\/de\/allgemeine-geschaftsbedingungen\/"}}]},"og_availability":"instock","product_availability":"instock","product_condition":"new"},"_links":{"self":[{"href":"https:\/\/swissgliders.ch\/de\/wp-json\/wp\/v2\/product\/7439","targetHints":{"allow":["GET"]}}],"collection":[{"href":"https:\/\/swissgliders.ch\/de\/wp-json\/wp\/v2\/product"}],"about":[{"href":"https:\/\/swissgliders.ch\/de\/wp-json\/wp\/v2\/types\/product"}],"replies":[{"embeddable":true,"href":"https:\/\/swissgliders.ch\/de\/wp-json\/wp\/v2\/comments?post=7439"}],"wp:featuredmedia":[{"embeddable":true,"href":"https:\/\/swissgliders.ch\/de\/wp-json\/wp\/v2\/media\/7443"}],"wp:attachment":[{"href":"https:\/\/swissgliders.ch\/de\/wp-json\/wp\/v2\/media?parent=7439"}],"wp:term":[{"taxonomy":"product_brand","embeddable":true,"href":"https:\/\/swissgliders.ch\/de\/wp-json\/wp\/v2\/product_brand?post=7439"},{"taxonomy":"product_cat","embeddable":true,"href":"https:\/\/swissgliders.ch\/de\/wp-json\/wp\/v2\/product_cat?post=7439"},{"taxonomy":"product_tag","embeddable":true,"href":"https:\/\/swissgliders.ch\/de\/wp-json\/wp\/v2\/product_tag?post=7439"}],"curies":[{"name":"wp","href":"https:\/\/api.w.org\/{rel}","templated":true}]}}