{"id":7628,"date":"2021-12-14T22:41:07","date_gmt":"2021-12-14T21:41:07","guid":{"rendered":"https:\/\/swissgliders.ch\/?post_type=product&#038;p=7628"},"modified":"2025-06-10T11:37:02","modified_gmt":"2025-06-10T10:37:02","slug":"woody-valley-crest-wendegurtzeug","status":"publish","type":"product","link":"https:\/\/swissgliders.ch\/de\/produkt\/woody-valley-crest-wendegurtzeug\/","title":{"rendered":"Woody Valley Crest"},"content":{"rendered":"<div id=\"imCell_5\" class=\"\" data-responsive-sequence-number=\"2\">\n<div id=\"imTextObject_231_05\">\n<div id=\"imTextObject_231_05_tab0\" class=\"text-tab-content grid-prop current-tab \" data-index=\"0\">\n<div class=\"text-inner\">\n<div class=\"imTAJustify\">\n<div class=\"imTACenter\">\n<div class=\"imTAJustify\">\n<div><img loading=\"lazy\" decoding=\"async\" class=\"\" src=\"https:\/\/www.woodyvalley.com\/wp-content\/uploads\/2022\/11\/woodyvalley-harness-crest-img27.jpg\" width=\"398\" height=\"546\" \/><\/p>\n<p>Das Crest wiegt nur 1,98 kg in der Gr\u00f6\u00dfe M. Es ist ein Wendegurtzeug ohne Sitzbrett und kann mit einem abnehmbaren Rucksack zus\u00e4tzlich bestellt werden.<\/p><\/div>\n<div><\/div>\n<div>\n<div><\/div>\n<div class=\"imTACenter\"><strong>Hier die Beschreibung der Features<\/strong><\/div>\n<\/div>\n<\/div>\n<\/div>\n<\/div>\n<\/div>\n<\/div>\n<\/div>\n<\/div>\n<div id=\"imCell_284\" class=\"\" data-responsive-sequence-number=\"3\">\n<div id=\"imCellStyleBorders_284\"><\/div>\n<div id=\"imTextObject_231_284\">\n<div id=\"imTextObject_231_284_tab0\" class=\"text-tab-content grid-prop current-tab \" data-index=\"0\">\n<div class=\"text-inner\">\n<div>&#8211; Neue Farbkombination.<\/div>\n<div>&#8211; Ohne Sitzbrett.<\/div>\n<div>&#8211; In 4 Gr\u00f6\u00dfen erh\u00e4ltlich.<\/div>\n<div>&#8211; Selbstaufblasender Airbag.<\/div>\n<div>&#8211; Zwei stufiger Beschleuniger mit elastischer Einstiegshilfe.<\/div>\n<div>&#8211; Keine Schnallen, die Beingurte werden in die Hauptkarabiner eingeh\u00e4ngt.<\/div>\n<div>&#8211; Eingebautes RECCO System.<\/div>\n<div>&#8211; Exklusive abnehmbarem Rucksack.<\/div>\n<\/div>\n<div>\n<div class=\"elementor-element elementor-element-973f30b elementor-widget elementor-widget-text-editor\" data-id=\"973f30b\" data-element_type=\"widget\" data-widget_type=\"text-editor.default\">\n<div class=\"elementor-widget-container\">\n<div><\/div>\n<div><strong>Der abnehmbare Rucksack mit Rolltop zu Crest separat erh\u00e4ltlich <\/strong>Mehr\u00a0<strong><a href=\"https:\/\/swissgliders.ch\/de\/produkt\/woody-valley-rucksack-mit-rolltop\/\" target=\"_blank\" rel=\"noopener noreferrer\">Infos<\/a><\/strong><\/div>\n<p>In den Gr\u00f6\u00dfen S und M ist der 55-Liter-Rucksack und in den Gr\u00f6\u00dfen L und XL der 70-Liter-Rucksack erh\u00e4ltlich.<\/p>\n<h4><\/h4>\n<h4>RECCO REFLECTOR<\/h4>\n<\/div>\n<\/div>\n<div class=\"elementor-element elementor-element-6f9413d elementor-widget elementor-widget-text-editor\" data-id=\"6f9413d\" data-element_type=\"widget\" data-widget_type=\"text-editor.default\">\n<div class=\"elementor-widget-container\">\n<p>1. Der RECCO-Detektor sendet ein Radarsignal aus, vergleichbar mit dem Strahl einer Taschenlampe.<\/p>\n<p>2. Wenn das Radarsignal auf den RECCO-Reflektor trifft, wirft dieser es zum Detektor zur\u00fcck und weist dem Retter den Weg zum Opfer.<\/p>\n<p>3. Je n\u00e4her der Detektor dem Reflektor kommt, desto st\u00e4rker wird das zur\u00fcckgesendete Signal. So kann der Retter den Standort der versch\u00fctteten Person punktgenau bestimmen.<\/p>\n<\/div>\n<\/div>\n<\/div>\n<\/div>\n<\/div>\n<\/div>\n<p>&nbsp;<\/p>\n<p>\u00abDieses Produkt wird ausschliesslich von einem unserer ausgebildeten Spezialisten mit deinem Gurtzeug bzw. Rettungsschirm kombiniert oder \u00fcber einen von dir gew\u00fcnschten Rettungsschirmpacker SHV ausgeliefert.\u00bb<\/p>\n<p>&nbsp;<\/p>\n<p>Mehr <a href=\"https:\/\/www.woodyvalley.com\/de\/crest\/\" target=\"_blank\" rel=\"noopener noreferrer\">Infos<\/a><\/p>\n<p>Lieferzeit 2-4 Tage<\/p>\n","protected":false},"excerpt":{"rendered":"<div id=\"imCell_5\" class=\"\" data-responsive-sequence-number=\"2\">\n<div id=\"imTextObject_231_05\">\n<div id=\"imTextObject_231_05_tab0\" class=\"text-tab-content grid-prop current-tab \" data-index=\"0\">\n<div class=\"text-inner\">\n<div class=\"imTAJustify\">\n<div class=\"imTACenter\">\n<div class=\"imTAJustify\">\n<div><img loading=\"lazy\" decoding=\"async\" class=\"\" src=\"https:\/\/www.woodyvalley.com\/wp-content\/uploads\/2022\/11\/woodyvalley-harness-crest-img27.jpg\" width=\"398\" height=\"546\" \/><\/p>\n<p>Das Crest wiegt nur 1,98 kg in der Gr\u00f6\u00dfe M. Es ist ein Wendegurtzeug ohne Sitzbrett und kann mit einem abnehmbaren Rucksack zus\u00e4tzlich bestellt werden.<\/p><\/div>\n<div><\/div>\n<div>\n<div><\/div>\n<div class=\"imTACenter\"><strong>Hier die Beschreibung der Features<\/strong><\/div>\n<\/div>\n<\/div>\n<\/div>\n<\/div>\n<\/div>\n<\/div>\n<\/div>\n<\/div>\n<div id=\"imCell_284\" class=\"\" data-responsive-sequence-number=\"3\">\n<div id=\"imCellStyleBorders_284\"><\/div>\n<div id=\"imTextObject_231_284\">\n<div id=\"imTextObject_231_284_tab0\" class=\"text-tab-content grid-prop current-tab \" data-index=\"0\">\n<div class=\"text-inner\">\n<div>&#8211; Neue Farbkombination.<\/div>\n<div>&#8211; Ohne Sitzbrett.<\/div>\n<div>&#8211; In 4 Gr\u00f6\u00dfen erh\u00e4ltlich.<\/div>\n<div>&#8211; Selbstaufblasender Airbag.<\/div>\n<div>&#8211; Zwei stufiger Beschleuniger mit elastischer Einstiegshilfe.<\/div>\n<div>&#8211; Keine Schnallen, die Beingurte werden in die Hauptkarabiner eingeh\u00e4ngt.<\/div>\n<div>&#8211; Eingebautes RECCO System.<\/div>\n<div>&#8211; Exklusive abnehmbarem Rucksack.<\/div>\n<\/div>\n<div>\n<div class=\"elementor-element elementor-element-973f30b elementor-widget elementor-widget-text-editor\" data-id=\"973f30b\" data-element_type=\"widget\" data-widget_type=\"text-editor.default\">\n<div class=\"elementor-widget-container\">\n<div><\/div>\n<div><strong>Der abnehmbare Rucksack mit Rolltop zu Crest separat erh\u00e4ltlich <\/strong>Mehr\u00a0<strong><a href=\"https:\/\/swissgliders.ch\/de\/produkt\/woody-valley-rucksack-mit-rolltop\/\" target=\"_blank\" rel=\"noopener noreferrer\">Infos<\/a><\/strong><\/div>\n<p>In den Gr\u00f6\u00dfen S und M ist der 55-Liter-Rucksack und in den Gr\u00f6\u00dfen L und XL der 70-Liter-Rucksack erh\u00e4ltlich.<\/p>\n<h4><\/h4>\n<h4>RECCO REFLECTOR<\/h4>\n<\/div>\n<\/div>\n<div class=\"elementor-element elementor-element-6f9413d elementor-widget elementor-widget-text-editor\" data-id=\"6f9413d\" data-element_type=\"widget\" data-widget_type=\"text-editor.default\">\n<div class=\"elementor-widget-container\">\n<p>1. Der RECCO-Detektor sendet ein Radarsignal aus, vergleichbar mit dem Strahl einer Taschenlampe.<\/p>\n<p>2. Wenn das Radarsignal auf den RECCO-Reflektor trifft, wirft dieser es zum Detektor zur\u00fcck und weist dem Retter den Weg zum Opfer.<\/p>\n<p>3. Je n\u00e4her der Detektor dem Reflektor kommt, desto st\u00e4rker wird das zur\u00fcckgesendete Signal. So kann der Retter den Standort der versch\u00fctteten Person punktgenau bestimmen.<\/p>\n<\/div>\n<\/div>\n<\/div>\n<\/div>\n<\/div>\n<\/div>\n<p>&nbsp;<\/p>\n<p>\u00abDieses Produkt wird ausschliesslich von einem unserer ausgebildeten Spezialisten mit deinem Gurtzeug bzw. Rettungsschirm kombiniert oder \u00fcber einen von dir gew\u00fcnschten Rettungsschirmpacker SHV ausgeliefert.\u00bb<\/p>\n<p>&nbsp;<\/p>\n<p>Mehr <a href=\"https:\/\/www.woodyvalley.com\/de\/crest\/\" target=\"_blank\" rel=\"noopener noreferrer\">Infos<\/a><\/p>\n<p>Lieferzeit 2-4 Tage<\/p>\n","protected":false},"featured_media":7633,"comment_status":"closed","ping_status":"closed","template":"","meta":[],"product_brand":[],"product_cat":[1042,1026],"product_tag":[90,998],"class_list":{"0":"post-7628","1":"product","2":"type-product","3":"status-publish","4":"has-post-thumbnail","6":"product_cat-gleitschirm-wendegurtzeuge","7":"product_cat-leichte-gleitschirmgurtzeuge","8":"product_tag-verkaufsartikel","9":"product_tag-wendegurtzeug","10":"product_shipping_class-priority-10kg-de","12":"first","13":"instock","14":"sale","15":"shipping-taxable","16":"purchasable","17":"product-type-variable"},"yoast_head":"<!-- This site is optimized with the Yoast SEO Premium plugin v26.1 (Yoast SEO v27.3) - https:\/\/yoast.com\/product\/yoast-seo-premium-wordpress\/ -->\n<title>Woody Valley Crest | Gleitschirmschule Thun, Bern, Interlaken<\/title>\n<meta name=\"description\" content=\"Leichtes und komfortables Wendegurtzeug mit Beinschlaufen\" \/>\n<meta name=\"robots\" content=\"index, follow, max-snippet:-1, max-image-preview:large, max-video-preview:-1\" \/>\n<link rel=\"canonical\" href=\"https:\/\/swissgliders.ch\/de\/produkt\/woody-valley-crest-wendegurtzeug\/\" \/>\n<meta property=\"og:locale\" content=\"de_DE\" \/>\n<meta property=\"og:type\" content=\"article\" \/>\n<meta property=\"og:title\" content=\"Woody Valley Crest\" \/>\n<meta property=\"og:description\" content=\"Leichtes und komfortables Wendegurtzeug mit Beinschlaufen\" \/>\n<meta property=\"og:url\" content=\"https:\/\/swissgliders.ch\/de\/produkt\/woody-valley-crest-wendegurtzeug\/\" \/>\n<meta property=\"og:site_name\" content=\"Gleitschirmschule Thun, Bern, Interlaken\" \/>\n<meta property=\"article:publisher\" content=\"https:\/\/www.facebook.com\/swissgliders\" \/>\n<meta property=\"article:modified_time\" content=\"2025-06-10T10:37:02+00:00\" \/>\n<meta property=\"og:image\" content=\"https:\/\/swissgliders.ch\/wp-content\/uploads\/2021\/12\/HIGH-RESOLUTION-CREST-scaled.jpg\" \/>\n\t<meta property=\"og:image:width\" content=\"1984\" \/>\n\t<meta property=\"og:image:height\" content=\"2560\" \/>\n\t<meta property=\"og:image:type\" content=\"image\/jpeg\" \/>\n<meta name=\"twitter:card\" content=\"summary_large_image\" \/>\n<meta name=\"twitter:site\" content=\"@Swissgliders\" \/>\n<meta name=\"twitter:label1\" content=\"Verf\u00fcgbarkeit\" \/>\n\t<meta name=\"twitter:data1\" content=\"Auf Lager\" \/>\n<script type=\"application\/ld+json\" class=\"yoast-schema-graph\">{\"@context\":\"https:\\\/\\\/schema.org\",\"@graph\":[{\"@type\":\"WebPage\",\"@id\":\"https:\\\/\\\/swissgliders.ch\\\/de\\\/produkt\\\/woody-valley-crest-wendegurtzeug\\\/\",\"url\":\"https:\\\/\\\/swissgliders.ch\\\/de\\\/produkt\\\/woody-valley-crest-wendegurtzeug\\\/\",\"name\":\"Woody Valley Crest | Gleitschirmschule Thun, Bern, Interlaken\",\"isPartOf\":{\"@id\":\"https:\\\/\\\/swissgliders.ch\\\/de\\\/#website\"},\"primaryImageOfPage\":{\"@id\":\"https:\\\/\\\/swissgliders.ch\\\/de\\\/produkt\\\/woody-valley-crest-wendegurtzeug\\\/#primaryimage\"},\"image\":{\"@id\":\"https:\\\/\\\/swissgliders.ch\\\/de\\\/produkt\\\/woody-valley-crest-wendegurtzeug\\\/#primaryimage\"},\"thumbnailUrl\":\"https:\\\/\\\/swissgliders.ch\\\/wp-content\\\/uploads\\\/2021\\\/12\\\/HIGH-RESOLUTION-CREST-scaled.jpg\",\"datePublished\":\"2021-12-14T21:41:07+00:00\",\"dateModified\":\"2025-06-10T10:37:02+00:00\",\"description\":\"Leichtes und komfortables Wendegurtzeug mit Beinschlaufen\",\"breadcrumb\":{\"@id\":\"https:\\\/\\\/swissgliders.ch\\\/de\\\/produkt\\\/woody-valley-crest-wendegurtzeug\\\/#breadcrumb\"},\"inLanguage\":\"de\",\"potentialAction\":[{\"@type\":\"ReadAction\",\"target\":[\"https:\\\/\\\/swissgliders.ch\\\/de\\\/produkt\\\/woody-valley-crest-wendegurtzeug\\\/\"]}]},{\"@type\":\"ImageObject\",\"inLanguage\":\"de\",\"@id\":\"https:\\\/\\\/swissgliders.ch\\\/de\\\/produkt\\\/woody-valley-crest-wendegurtzeug\\\/#primaryimage\",\"url\":\"https:\\\/\\\/swissgliders.ch\\\/wp-content\\\/uploads\\\/2021\\\/12\\\/HIGH-RESOLUTION-CREST-scaled.jpg\",\"contentUrl\":\"https:\\\/\\\/swissgliders.ch\\\/wp-content\\\/uploads\\\/2021\\\/12\\\/HIGH-RESOLUTION-CREST-scaled.jpg\",\"width\":1984,\"height\":2560,\"caption\":\"woody-valley-crest-3\"},{\"@type\":\"BreadcrumbList\",\"@id\":\"https:\\\/\\\/swissgliders.ch\\\/de\\\/produkt\\\/woody-valley-crest-wendegurtzeug\\\/#breadcrumb\",\"itemListElement\":[{\"@type\":\"ListItem\",\"position\":1,\"name\":\"Startseite\",\"item\":\"https:\\\/\\\/swissgliders.ch\\\/de\\\/willkommen\\\/\"},{\"@type\":\"ListItem\",\"position\":2,\"name\":\"Gleitschirm Shop\",\"item\":\"https:\\\/\\\/swissgliders.ch\\\/de\\\/gleitschirm-shop\\\/\"},{\"@type\":\"ListItem\",\"position\":3,\"name\":\"Woody Valley Crest\"}]},{\"@type\":\"WebSite\",\"@id\":\"https:\\\/\\\/swissgliders.ch\\\/de\\\/#website\",\"url\":\"https:\\\/\\\/swissgliders.ch\\\/de\\\/\",\"name\":\"Gleitschirmschule Thun, Bern, Interlaken\",\"description\":\"Gleitschirmschule Thun, Bern, Interlaken\",\"publisher\":{\"@id\":\"https:\\\/\\\/swissgliders.ch\\\/de\\\/#organization\"},\"potentialAction\":[{\"@type\":\"SearchAction\",\"target\":{\"@type\":\"EntryPoint\",\"urlTemplate\":\"https:\\\/\\\/swissgliders.ch\\\/de\\\/?s={search_term_string}\"},\"query-input\":{\"@type\":\"PropertyValueSpecification\",\"valueRequired\":true,\"valueName\":\"search_term_string\"}}],\"inLanguage\":\"de\"},{\"@type\":\"Organization\",\"@id\":\"https:\\\/\\\/swissgliders.ch\\\/de\\\/#organization\",\"name\":\"Swissgliders Gleitschirmflugschule Thun\",\"url\":\"https:\\\/\\\/swissgliders.ch\\\/de\\\/\",\"logo\":{\"@type\":\"ImageObject\",\"inLanguage\":\"de\",\"@id\":\"https:\\\/\\\/swissgliders.ch\\\/de\\\/#\\\/schema\\\/logo\\\/image\\\/\",\"url\":\"https:\\\/\\\/swissgliders.ch\\\/wp-content\\\/uploads\\\/2019\\\/12\\\/swissgliders-logo-rgb-square-L-no-ch-01.png\",\"contentUrl\":\"https:\\\/\\\/swissgliders.ch\\\/wp-content\\\/uploads\\\/2019\\\/12\\\/swissgliders-logo-rgb-square-L-no-ch-01.png\",\"width\":2500,\"height\":2500,\"caption\":\"Swissgliders Gleitschirmflugschule Thun\"},\"image\":{\"@id\":\"https:\\\/\\\/swissgliders.ch\\\/de\\\/#\\\/schema\\\/logo\\\/image\\\/\"},\"sameAs\":[\"https:\\\/\\\/www.facebook.com\\\/swissgliders\",\"https:\\\/\\\/x.com\\\/Swissgliders\",\"https:\\\/\\\/www.instagram.com\\\/swissgliders\\\/\",\"https:\\\/\\\/www.youtube.com\\\/channel\\\/UCMCtGdepy9vBhrhX3V_oJOA\"],\"hasMerchantReturnPolicy\":{\"@type\":\"MerchantReturnPolicy\",\"merchantReturnLink\":\"https:\\\/\\\/swissgliders.ch\\\/de\\\/allgemeine-geschaftsbedingungen\\\/\"}}]}<\/script>\n<meta property=\"og:availability\" content=\"instock\" \/>\n<meta property=\"product:availability\" content=\"instock\" \/>\n<meta property=\"product:condition\" content=\"new\" \/>\n<!-- \/ Yoast SEO Premium plugin. -->","yoast_head_json":{"title":"Woody Valley Crest | Gleitschirmschule Thun, Bern, Interlaken","description":"Leichtes und komfortables Wendegurtzeug mit Beinschlaufen","robots":{"index":"index","follow":"follow","max-snippet":"max-snippet:-1","max-image-preview":"max-image-preview:large","max-video-preview":"max-video-preview:-1"},"canonical":"https:\/\/swissgliders.ch\/de\/produkt\/woody-valley-crest-wendegurtzeug\/","og_locale":"de_DE","og_type":"article","og_title":"Woody Valley Crest","og_description":"Leichtes und komfortables Wendegurtzeug mit Beinschlaufen","og_url":"https:\/\/swissgliders.ch\/de\/produkt\/woody-valley-crest-wendegurtzeug\/","og_site_name":"Gleitschirmschule Thun, Bern, Interlaken","article_publisher":"https:\/\/www.facebook.com\/swissgliders","article_modified_time":"2025-06-10T10:37:02+00:00","og_image":[{"width":1984,"height":2560,"url":"https:\/\/swissgliders.ch\/wp-content\/uploads\/2021\/12\/HIGH-RESOLUTION-CREST-scaled.jpg","type":"image\/jpeg"}],"twitter_card":"summary_large_image","twitter_site":"@Swissgliders","twitter_misc":{"Verf\u00fcgbarkeit":"Auf Lager"},"schema":{"@context":"https:\/\/schema.org","@graph":[{"@type":"WebPage","@id":"https:\/\/swissgliders.ch\/de\/produkt\/woody-valley-crest-wendegurtzeug\/","url":"https:\/\/swissgliders.ch\/de\/produkt\/woody-valley-crest-wendegurtzeug\/","name":"Woody Valley Crest | Gleitschirmschule Thun, Bern, Interlaken","isPartOf":{"@id":"https:\/\/swissgliders.ch\/de\/#website"},"primaryImageOfPage":{"@id":"https:\/\/swissgliders.ch\/de\/produkt\/woody-valley-crest-wendegurtzeug\/#primaryimage"},"image":{"@id":"https:\/\/swissgliders.ch\/de\/produkt\/woody-valley-crest-wendegurtzeug\/#primaryimage"},"thumbnailUrl":"https:\/\/swissgliders.ch\/wp-content\/uploads\/2021\/12\/HIGH-RESOLUTION-CREST-scaled.jpg","datePublished":"2021-12-14T21:41:07+00:00","dateModified":"2025-06-10T10:37:02+00:00","description":"Leichtes und komfortables Wendegurtzeug mit Beinschlaufen","breadcrumb":{"@id":"https:\/\/swissgliders.ch\/de\/produkt\/woody-valley-crest-wendegurtzeug\/#breadcrumb"},"inLanguage":"de","potentialAction":[{"@type":"ReadAction","target":["https:\/\/swissgliders.ch\/de\/produkt\/woody-valley-crest-wendegurtzeug\/"]}]},{"@type":"ImageObject","inLanguage":"de","@id":"https:\/\/swissgliders.ch\/de\/produkt\/woody-valley-crest-wendegurtzeug\/#primaryimage","url":"https:\/\/swissgliders.ch\/wp-content\/uploads\/2021\/12\/HIGH-RESOLUTION-CREST-scaled.jpg","contentUrl":"https:\/\/swissgliders.ch\/wp-content\/uploads\/2021\/12\/HIGH-RESOLUTION-CREST-scaled.jpg","width":1984,"height":2560,"caption":"woody-valley-crest-3"},{"@type":"BreadcrumbList","@id":"https:\/\/swissgliders.ch\/de\/produkt\/woody-valley-crest-wendegurtzeug\/#breadcrumb","itemListElement":[{"@type":"ListItem","position":1,"name":"Startseite","item":"https:\/\/swissgliders.ch\/de\/willkommen\/"},{"@type":"ListItem","position":2,"name":"Gleitschirm Shop","item":"https:\/\/swissgliders.ch\/de\/gleitschirm-shop\/"},{"@type":"ListItem","position":3,"name":"Woody Valley Crest"}]},{"@type":"WebSite","@id":"https:\/\/swissgliders.ch\/de\/#website","url":"https:\/\/swissgliders.ch\/de\/","name":"Gleitschirmschule Thun, Bern, Interlaken","description":"Gleitschirmschule Thun, Bern, Interlaken","publisher":{"@id":"https:\/\/swissgliders.ch\/de\/#organization"},"potentialAction":[{"@type":"SearchAction","target":{"@type":"EntryPoint","urlTemplate":"https:\/\/swissgliders.ch\/de\/?s={search_term_string}"},"query-input":{"@type":"PropertyValueSpecification","valueRequired":true,"valueName":"search_term_string"}}],"inLanguage":"de"},{"@type":"Organization","@id":"https:\/\/swissgliders.ch\/de\/#organization","name":"Swissgliders Gleitschirmflugschule Thun","url":"https:\/\/swissgliders.ch\/de\/","logo":{"@type":"ImageObject","inLanguage":"de","@id":"https:\/\/swissgliders.ch\/de\/#\/schema\/logo\/image\/","url":"https:\/\/swissgliders.ch\/wp-content\/uploads\/2019\/12\/swissgliders-logo-rgb-square-L-no-ch-01.png","contentUrl":"https:\/\/swissgliders.ch\/wp-content\/uploads\/2019\/12\/swissgliders-logo-rgb-square-L-no-ch-01.png","width":2500,"height":2500,"caption":"Swissgliders Gleitschirmflugschule Thun"},"image":{"@id":"https:\/\/swissgliders.ch\/de\/#\/schema\/logo\/image\/"},"sameAs":["https:\/\/www.facebook.com\/swissgliders","https:\/\/x.com\/Swissgliders","https:\/\/www.instagram.com\/swissgliders\/","https:\/\/www.youtube.com\/channel\/UCMCtGdepy9vBhrhX3V_oJOA"],"hasMerchantReturnPolicy":{"@type":"MerchantReturnPolicy","merchantReturnLink":"https:\/\/swissgliders.ch\/de\/allgemeine-geschaftsbedingungen\/"}}]},"og_availability":"instock","product_availability":"instock","product_condition":"new"},"_links":{"self":[{"href":"https:\/\/swissgliders.ch\/de\/wp-json\/wp\/v2\/product\/7628","targetHints":{"allow":["GET"]}}],"collection":[{"href":"https:\/\/swissgliders.ch\/de\/wp-json\/wp\/v2\/product"}],"about":[{"href":"https:\/\/swissgliders.ch\/de\/wp-json\/wp\/v2\/types\/product"}],"replies":[{"embeddable":true,"href":"https:\/\/swissgliders.ch\/de\/wp-json\/wp\/v2\/comments?post=7628"}],"wp:featuredmedia":[{"embeddable":true,"href":"https:\/\/swissgliders.ch\/de\/wp-json\/wp\/v2\/media\/7633"}],"wp:attachment":[{"href":"https:\/\/swissgliders.ch\/de\/wp-json\/wp\/v2\/media?parent=7628"}],"wp:term":[{"taxonomy":"product_brand","embeddable":true,"href":"https:\/\/swissgliders.ch\/de\/wp-json\/wp\/v2\/product_brand?post=7628"},{"taxonomy":"product_cat","embeddable":true,"href":"https:\/\/swissgliders.ch\/de\/wp-json\/wp\/v2\/product_cat?post=7628"},{"taxonomy":"product_tag","embeddable":true,"href":"https:\/\/swissgliders.ch\/de\/wp-json\/wp\/v2\/product_tag?post=7628"}],"curies":[{"name":"wp","href":"https:\/\/api.w.org\/{rel}","templated":true}]}}