{"id":7685,"date":"2021-12-21T20:10:47","date_gmt":"2021-12-21T19:10:47","guid":{"rendered":"https:\/\/swissgliders.ch\/?post_type=product&#038;p=7685"},"modified":"2025-02-28T08:31:51","modified_gmt":"2025-02-28T07:31:51","slug":"kontest-safe-my-flight-kit-rettungszubehoer","status":"publish","type":"product","link":"https:\/\/swissgliders.ch\/de\/produkt\/kontest-safe-my-flight-kit-rettungszubehoer\/","title":{"rendered":"Safe My Flight Kit"},"content":{"rendered":"<p>Das \u201csave my flight\u201d Kit ist unser neuster Coup! Entstanden aus dem Wunsch f\u00fcr den Notfall perfekt ausgestattet zu sein, haben wir ein Erste-Hilfe-Paket f\u00fcr jeden Gleitschirm-Piloten zusammengestellt. So k\u00f6nnen alle g\u00e4ngigen Probleme direkt vor Ort gel\u00f6st werden und eine gerissene Leine beendet keinen Flugtag mehr. Wir haben ein Set zusammengestellt, dass mit hochwertigen Materialien von namhaften Herstellern ausgestattet ist. Das Kit hat ein Gesamtgewicht von 195 Gramm und kann leicht im oder am Packsack befestigt werden.<\/p>\n<p><strong>Das Kit besteht aus\u00a037 Einzelteilen und hat folgenden Inhalt:<\/strong><\/p>\n<p>\u2013 1 x Taktische Tasche aus Cordura mit diversen Befestigungsm\u00f6glichkeiten, schwarz<br \/>\n\u2013 1 x Schere 13 cm<br \/>\n\u2013 1 x Leinenschlosswerkzeug 7 mm und 9 mm Schl\u00fcsselweite<br \/>\n\u2013 10 m Spei\u00dfleine 8000-230 natur eine Seite vorgesplei\u00dft (Stammleine)<br \/>\n\u2013 5 x Splei\u00dfleine 8000-90 natur eine Seite vorgesplei\u00dft (Galerieleine)<br \/>\n\u2013 1 x Splei\u00dfnadel gro\u00df 16er St\u00e4rke<br \/>\n\u2013 1 x Nadel<br \/>\n\u2013 1 x Garn zum vern\u00e4hen der Splei\u00dfleine<br \/>\n\u2013 6 x Rippstop Klebesegel 30 mm rund \u2013 wei\u00df<br \/>\n\u2013 6 x Rippstop Klebesegel 50 mm rund \u2013 wei\u00df<br \/>\n\u2013\u00a01 x ungeschnittes Rippstop Klebesegel 14\u00d711 (andere Farben k\u00f6nnen\u00a0<a href=\"https:\/\/www.kontest.eu\/net\/produkt\/gleitschirm-reparaturset-paraglider-repair-kit-drei-sheets\/\" target=\"_blank\" rel=\"noopener noreferrer\">hier<\/a>\u00a0erworben werden)<br \/>\n\u2013 1 x Anh\u00e4nger \u201cREMOVE BEFORE FLIGHT\u201d Kontest<br \/>\n\u2013 3 x Verstaur\u00f6hrchen<br \/>\n\u2013 1 x Permanent Marker<br \/>\n\u2013 10 x EPDM O-Ringe<br \/>\n\u2013 1 x Anleitung zum Splei\u00dfen einer Leine<\/p>\n<p><em>Wir weisen darauf hin, dass es sich um eine Notl\u00f6sung handelt und die Originalleine schnellstm\u00f6glich von einem Fachbetrieb wie KONTEST Gleitschirmservice\u00a0eingebaut werden sollte.<\/em><\/p>\n<p>&nbsp;<\/p>\n<p>Mehr <a href=\"https:\/\/www.kontest.eu\/net\/neuer-bestseller-reparaturset-save-my-flight-kit\/\" target=\"_blank\" rel=\"noopener noreferrer\">Infos<\/a><\/p>\n<p>Lieferfrist 1 &#8211; 3 Tage<\/p>\n<p>&nbsp;<\/p>\n","protected":false},"excerpt":{"rendered":"<p>Das \u201csave my flight\u201d Kit ist unser neuster Coup! Entstanden aus dem Wunsch f\u00fcr den Notfall perfekt ausgestattet zu sein, haben wir ein Erste-Hilfe-Paket f\u00fcr jeden Gleitschirm-Piloten zusammengestellt. So k\u00f6nnen alle g\u00e4ngigen Probleme direkt vor Ort gel\u00f6st werden und eine gerissene Leine beendet keinen Flugtag mehr. Wir haben ein Set zusammengestellt, dass mit hochwertigen Materialien von namhaften Herstellern ausgestattet ist. Das Kit hat ein Gesamtgewicht von 195 Gramm und kann leicht im oder am Packsack befestigt werden.<\/p>\n<p><strong>Das Kit besteht aus\u00a037 Einzelteilen und hat folgenden Inhalt:<\/strong><\/p>\n<p>\u2013 1 x Taktische Tasche aus Cordura mit diversen Befestigungsm\u00f6glichkeiten, schwarz<br \/>\n\u2013 1 x Schere 13 cm<br \/>\n\u2013 1 x Leinenschlosswerkzeug 7 mm und 9 mm Schl\u00fcsselweite<br \/>\n\u2013 10 m Spei\u00dfleine 8000-230 natur eine Seite vorgesplei\u00dft (Stammleine)<br \/>\n\u2013 5 x Splei\u00dfleine 8000-90 natur eine Seite vorgesplei\u00dft (Galerieleine)<br \/>\n\u2013 1 x Splei\u00dfnadel gro\u00df 16er St\u00e4rke<br \/>\n\u2013 1 x Nadel<br \/>\n\u2013 1 x Garn zum vern\u00e4hen der Splei\u00dfleine<br \/>\n\u2013 6 x Rippstop Klebesegel 30 mm rund \u2013 wei\u00df<br \/>\n\u2013 6 x Rippstop Klebesegel 50 mm rund \u2013 wei\u00df<br \/>\n\u2013\u00a01 x ungeschnittes Rippstop Klebesegel 14\u00d711 (andere Farben k\u00f6nnen\u00a0<a href=\"https:\/\/www.kontest.eu\/net\/produkt\/gleitschirm-reparaturset-paraglider-repair-kit-drei-sheets\/\" target=\"_blank\" rel=\"noopener noreferrer\">hier<\/a>\u00a0erworben werden)<br \/>\n\u2013 1 x Anh\u00e4nger \u201cREMOVE BEFORE FLIGHT\u201d Kontest<br \/>\n\u2013 3 x Verstaur\u00f6hrchen<br \/>\n\u2013 1 x Permanent Marker<br \/>\n\u2013 10 x EPDM O-Ringe<br \/>\n\u2013 1 x Anleitung zum Splei\u00dfen einer Leine<\/p>\n<p><em>Wir weisen darauf hin, dass es sich um eine Notl\u00f6sung handelt und die Originalleine schnellstm\u00f6glich von einem Fachbetrieb wie KONTEST Gleitschirmservice\u00a0eingebaut werden sollte.<\/em><\/p>\n<p>&nbsp;<\/p>\n<p>Mehr <a href=\"https:\/\/www.kontest.eu\/net\/neuer-bestseller-reparaturset-save-my-flight-kit\/\" target=\"_blank\" rel=\"noopener noreferrer\">Infos<\/a><\/p>\n<p>Lieferfrist 1 &#8211; 3 Tage<\/p>\n","protected":false},"featured_media":7686,"comment_status":"closed","ping_status":"closed","template":"","meta":[],"product_brand":[],"product_cat":[402],"product_tag":[410],"class_list":{"0":"post-7685","1":"product","2":"type-product","3":"status-publish","4":"has-post-thumbnail","6":"product_cat-gleitschirm-zubehoer","7":"product_tag-zubehoer","8":"product_shipping_class-priority-2kg-de","10":"first","11":"instock","12":"shipping-taxable","13":"purchasable","14":"product-type-simple"},"yoast_head":"<!-- This site is optimized with the Yoast SEO Premium plugin v26.1 (Yoast SEO v27.3) - https:\/\/yoast.com\/product\/yoast-seo-premium-wordpress\/ -->\n<title>Safe My Flight Kit | Gleitschirmschule Thun, Bern, Interlaken<\/title>\n<meta name=\"description\" content=\"Ob beim Check der Materialien oder beim Fliegen unterwegs \u2013 Fakt ist, Sicherheit geht vor! Mit einer guten Vorbereitung k\u00f6nnen viele Probleme vermieden werden.\" \/>\n<meta name=\"robots\" content=\"index, follow, max-snippet:-1, max-image-preview:large, max-video-preview:-1\" \/>\n<link rel=\"canonical\" href=\"https:\/\/swissgliders.ch\/de\/produkt\/kontest-safe-my-flight-kit-rettungszubehoer\/\" \/>\n<meta property=\"og:locale\" content=\"de_DE\" \/>\n<meta property=\"og:type\" content=\"article\" \/>\n<meta property=\"og:title\" content=\"Safe My Flight Kit\" \/>\n<meta property=\"og:description\" content=\"Ob beim Check der Materialien oder beim Fliegen unterwegs \u2013 Fakt ist, Sicherheit geht vor! Mit einer guten Vorbereitung k\u00f6nnen viele Probleme vermieden werden.\" \/>\n<meta property=\"og:url\" content=\"https:\/\/swissgliders.ch\/de\/produkt\/kontest-safe-my-flight-kit-rettungszubehoer\/\" \/>\n<meta property=\"og:site_name\" content=\"Gleitschirmschule Thun, Bern, Interlaken\" \/>\n<meta property=\"article:publisher\" content=\"https:\/\/www.facebook.com\/swissgliders\" \/>\n<meta property=\"article:modified_time\" content=\"2025-02-28T07:31:51+00:00\" \/>\n<meta property=\"og:image\" content=\"https:\/\/swissgliders.ch\/wp-content\/uploads\/2021\/12\/Safe-my-flight-kit.jpg\" \/>\n\t<meta property=\"og:image:width\" content=\"1056\" \/>\n\t<meta property=\"og:image:height\" content=\"1200\" \/>\n\t<meta property=\"og:image:type\" content=\"image\/jpeg\" \/>\n<meta name=\"twitter:card\" content=\"summary_large_image\" \/>\n<meta name=\"twitter:site\" content=\"@Swissgliders\" \/>\n<meta name=\"twitter:label1\" content=\"Preis\" \/>\n\t<meta name=\"twitter:data1\" content=\"&#067;&#072;&#070;&nbsp;69.00\" \/>\n\t<meta name=\"twitter:label2\" content=\"Verf\u00fcgbarkeit\" \/>\n\t<meta name=\"twitter:data2\" content=\"Auf Lager\" \/>\n<script type=\"application\/ld+json\" class=\"yoast-schema-graph\">{\"@context\":\"https:\\\/\\\/schema.org\",\"@graph\":[{\"@type\":\"WebPage\",\"@id\":\"https:\\\/\\\/swissgliders.ch\\\/de\\\/produkt\\\/kontest-safe-my-flight-kit-rettungszubehoer\\\/\",\"url\":\"https:\\\/\\\/swissgliders.ch\\\/de\\\/produkt\\\/kontest-safe-my-flight-kit-rettungszubehoer\\\/\",\"name\":\"Safe My Flight Kit | Gleitschirmschule Thun, Bern, Interlaken\",\"isPartOf\":{\"@id\":\"https:\\\/\\\/swissgliders.ch\\\/de\\\/#website\"},\"primaryImageOfPage\":{\"@id\":\"https:\\\/\\\/swissgliders.ch\\\/de\\\/produkt\\\/kontest-safe-my-flight-kit-rettungszubehoer\\\/#primaryimage\"},\"image\":{\"@id\":\"https:\\\/\\\/swissgliders.ch\\\/de\\\/produkt\\\/kontest-safe-my-flight-kit-rettungszubehoer\\\/#primaryimage\"},\"thumbnailUrl\":\"https:\\\/\\\/swissgliders.ch\\\/wp-content\\\/uploads\\\/2021\\\/12\\\/Safe-my-flight-kit.jpg\",\"datePublished\":\"2021-12-21T19:10:47+00:00\",\"dateModified\":\"2025-02-28T07:31:51+00:00\",\"description\":\"Ob beim Check der Materialien oder beim Fliegen unterwegs \u2013 Fakt ist, Sicherheit geht vor! Mit einer guten Vorbereitung k\u00f6nnen viele Probleme vermieden werden.\",\"breadcrumb\":{\"@id\":\"https:\\\/\\\/swissgliders.ch\\\/de\\\/produkt\\\/kontest-safe-my-flight-kit-rettungszubehoer\\\/#breadcrumb\"},\"inLanguage\":\"de\",\"potentialAction\":[{\"@type\":\"ReadAction\",\"target\":[\"https:\\\/\\\/swissgliders.ch\\\/de\\\/produkt\\\/kontest-safe-my-flight-kit-rettungszubehoer\\\/\"]}]},{\"@type\":\"ImageObject\",\"inLanguage\":\"de\",\"@id\":\"https:\\\/\\\/swissgliders.ch\\\/de\\\/produkt\\\/kontest-safe-my-flight-kit-rettungszubehoer\\\/#primaryimage\",\"url\":\"https:\\\/\\\/swissgliders.ch\\\/wp-content\\\/uploads\\\/2021\\\/12\\\/Safe-my-flight-kit.jpg\",\"contentUrl\":\"https:\\\/\\\/swissgliders.ch\\\/wp-content\\\/uploads\\\/2021\\\/12\\\/Safe-my-flight-kit.jpg\",\"width\":1056,\"height\":1200,\"caption\":\"Kontest-Safe-my-flight-kit-Rettungszubeh\u00f6r\"},{\"@type\":\"BreadcrumbList\",\"@id\":\"https:\\\/\\\/swissgliders.ch\\\/de\\\/produkt\\\/kontest-safe-my-flight-kit-rettungszubehoer\\\/#breadcrumb\",\"itemListElement\":[{\"@type\":\"ListItem\",\"position\":1,\"name\":\"Startseite\",\"item\":\"https:\\\/\\\/swissgliders.ch\\\/de\\\/willkommen\\\/\"},{\"@type\":\"ListItem\",\"position\":2,\"name\":\"Gleitschirm Shop\",\"item\":\"https:\\\/\\\/swissgliders.ch\\\/de\\\/gleitschirm-shop\\\/\"},{\"@type\":\"ListItem\",\"position\":3,\"name\":\"Safe My Flight Kit\"}]},{\"@type\":\"WebSite\",\"@id\":\"https:\\\/\\\/swissgliders.ch\\\/de\\\/#website\",\"url\":\"https:\\\/\\\/swissgliders.ch\\\/de\\\/\",\"name\":\"Gleitschirmschule Thun, Bern, Interlaken\",\"description\":\"Gleitschirmschule Thun, Bern, Interlaken\",\"publisher\":{\"@id\":\"https:\\\/\\\/swissgliders.ch\\\/de\\\/#organization\"},\"potentialAction\":[{\"@type\":\"SearchAction\",\"target\":{\"@type\":\"EntryPoint\",\"urlTemplate\":\"https:\\\/\\\/swissgliders.ch\\\/de\\\/?s={search_term_string}\"},\"query-input\":{\"@type\":\"PropertyValueSpecification\",\"valueRequired\":true,\"valueName\":\"search_term_string\"}}],\"inLanguage\":\"de\"},{\"@type\":\"Organization\",\"@id\":\"https:\\\/\\\/swissgliders.ch\\\/de\\\/#organization\",\"name\":\"Swissgliders Gleitschirmflugschule Thun\",\"url\":\"https:\\\/\\\/swissgliders.ch\\\/de\\\/\",\"logo\":{\"@type\":\"ImageObject\",\"inLanguage\":\"de\",\"@id\":\"https:\\\/\\\/swissgliders.ch\\\/de\\\/#\\\/schema\\\/logo\\\/image\\\/\",\"url\":\"https:\\\/\\\/swissgliders.ch\\\/wp-content\\\/uploads\\\/2019\\\/12\\\/swissgliders-logo-rgb-square-L-no-ch-01.png\",\"contentUrl\":\"https:\\\/\\\/swissgliders.ch\\\/wp-content\\\/uploads\\\/2019\\\/12\\\/swissgliders-logo-rgb-square-L-no-ch-01.png\",\"width\":2500,\"height\":2500,\"caption\":\"Swissgliders Gleitschirmflugschule Thun\"},\"image\":{\"@id\":\"https:\\\/\\\/swissgliders.ch\\\/de\\\/#\\\/schema\\\/logo\\\/image\\\/\"},\"sameAs\":[\"https:\\\/\\\/www.facebook.com\\\/swissgliders\",\"https:\\\/\\\/x.com\\\/Swissgliders\",\"https:\\\/\\\/www.instagram.com\\\/swissgliders\\\/\",\"https:\\\/\\\/www.youtube.com\\\/channel\\\/UCMCtGdepy9vBhrhX3V_oJOA\"],\"hasMerchantReturnPolicy\":{\"@type\":\"MerchantReturnPolicy\",\"merchantReturnLink\":\"https:\\\/\\\/swissgliders.ch\\\/de\\\/allgemeine-geschaftsbedingungen\\\/\"}}]}<\/script>\n<meta property=\"product:price:amount\" content=\"69.00\" \/>\n<meta property=\"product:price:currency\" content=\"CHF\" \/>\n<meta property=\"og:availability\" content=\"instock\" \/>\n<meta property=\"product:availability\" content=\"instock\" \/>\n<meta property=\"product:condition\" content=\"new\" \/>\n<!-- \/ Yoast SEO Premium plugin. -->","yoast_head_json":{"title":"Safe My Flight Kit | Gleitschirmschule Thun, Bern, Interlaken","description":"Ob beim Check der Materialien oder beim Fliegen unterwegs \u2013 Fakt ist, Sicherheit geht vor! Mit einer guten Vorbereitung k\u00f6nnen viele Probleme vermieden werden.","robots":{"index":"index","follow":"follow","max-snippet":"max-snippet:-1","max-image-preview":"max-image-preview:large","max-video-preview":"max-video-preview:-1"},"canonical":"https:\/\/swissgliders.ch\/de\/produkt\/kontest-safe-my-flight-kit-rettungszubehoer\/","og_locale":"de_DE","og_type":"article","og_title":"Safe My Flight Kit","og_description":"Ob beim Check der Materialien oder beim Fliegen unterwegs \u2013 Fakt ist, Sicherheit geht vor! Mit einer guten Vorbereitung k\u00f6nnen viele Probleme vermieden werden.","og_url":"https:\/\/swissgliders.ch\/de\/produkt\/kontest-safe-my-flight-kit-rettungszubehoer\/","og_site_name":"Gleitschirmschule Thun, Bern, Interlaken","article_publisher":"https:\/\/www.facebook.com\/swissgliders","article_modified_time":"2025-02-28T07:31:51+00:00","og_image":[{"width":1056,"height":1200,"url":"https:\/\/swissgliders.ch\/wp-content\/uploads\/2021\/12\/Safe-my-flight-kit.jpg","type":"image\/jpeg"}],"twitter_card":"summary_large_image","twitter_site":"@Swissgliders","twitter_misc":{"Preis":"&#67;&#72;&#70;&nbsp;69.00","Verf\u00fcgbarkeit":"Auf Lager"},"schema":{"@context":"https:\/\/schema.org","@graph":[{"@type":"WebPage","@id":"https:\/\/swissgliders.ch\/de\/produkt\/kontest-safe-my-flight-kit-rettungszubehoer\/","url":"https:\/\/swissgliders.ch\/de\/produkt\/kontest-safe-my-flight-kit-rettungszubehoer\/","name":"Safe My Flight Kit | Gleitschirmschule Thun, Bern, Interlaken","isPartOf":{"@id":"https:\/\/swissgliders.ch\/de\/#website"},"primaryImageOfPage":{"@id":"https:\/\/swissgliders.ch\/de\/produkt\/kontest-safe-my-flight-kit-rettungszubehoer\/#primaryimage"},"image":{"@id":"https:\/\/swissgliders.ch\/de\/produkt\/kontest-safe-my-flight-kit-rettungszubehoer\/#primaryimage"},"thumbnailUrl":"https:\/\/swissgliders.ch\/wp-content\/uploads\/2021\/12\/Safe-my-flight-kit.jpg","datePublished":"2021-12-21T19:10:47+00:00","dateModified":"2025-02-28T07:31:51+00:00","description":"Ob beim Check der Materialien oder beim Fliegen unterwegs \u2013 Fakt ist, Sicherheit geht vor! Mit einer guten Vorbereitung k\u00f6nnen viele Probleme vermieden werden.","breadcrumb":{"@id":"https:\/\/swissgliders.ch\/de\/produkt\/kontest-safe-my-flight-kit-rettungszubehoer\/#breadcrumb"},"inLanguage":"de","potentialAction":[{"@type":"ReadAction","target":["https:\/\/swissgliders.ch\/de\/produkt\/kontest-safe-my-flight-kit-rettungszubehoer\/"]}]},{"@type":"ImageObject","inLanguage":"de","@id":"https:\/\/swissgliders.ch\/de\/produkt\/kontest-safe-my-flight-kit-rettungszubehoer\/#primaryimage","url":"https:\/\/swissgliders.ch\/wp-content\/uploads\/2021\/12\/Safe-my-flight-kit.jpg","contentUrl":"https:\/\/swissgliders.ch\/wp-content\/uploads\/2021\/12\/Safe-my-flight-kit.jpg","width":1056,"height":1200,"caption":"Kontest-Safe-my-flight-kit-Rettungszubeh\u00f6r"},{"@type":"BreadcrumbList","@id":"https:\/\/swissgliders.ch\/de\/produkt\/kontest-safe-my-flight-kit-rettungszubehoer\/#breadcrumb","itemListElement":[{"@type":"ListItem","position":1,"name":"Startseite","item":"https:\/\/swissgliders.ch\/de\/willkommen\/"},{"@type":"ListItem","position":2,"name":"Gleitschirm Shop","item":"https:\/\/swissgliders.ch\/de\/gleitschirm-shop\/"},{"@type":"ListItem","position":3,"name":"Safe My Flight Kit"}]},{"@type":"WebSite","@id":"https:\/\/swissgliders.ch\/de\/#website","url":"https:\/\/swissgliders.ch\/de\/","name":"Gleitschirmschule Thun, Bern, Interlaken","description":"Gleitschirmschule Thun, Bern, Interlaken","publisher":{"@id":"https:\/\/swissgliders.ch\/de\/#organization"},"potentialAction":[{"@type":"SearchAction","target":{"@type":"EntryPoint","urlTemplate":"https:\/\/swissgliders.ch\/de\/?s={search_term_string}"},"query-input":{"@type":"PropertyValueSpecification","valueRequired":true,"valueName":"search_term_string"}}],"inLanguage":"de"},{"@type":"Organization","@id":"https:\/\/swissgliders.ch\/de\/#organization","name":"Swissgliders Gleitschirmflugschule Thun","url":"https:\/\/swissgliders.ch\/de\/","logo":{"@type":"ImageObject","inLanguage":"de","@id":"https:\/\/swissgliders.ch\/de\/#\/schema\/logo\/image\/","url":"https:\/\/swissgliders.ch\/wp-content\/uploads\/2019\/12\/swissgliders-logo-rgb-square-L-no-ch-01.png","contentUrl":"https:\/\/swissgliders.ch\/wp-content\/uploads\/2019\/12\/swissgliders-logo-rgb-square-L-no-ch-01.png","width":2500,"height":2500,"caption":"Swissgliders Gleitschirmflugschule Thun"},"image":{"@id":"https:\/\/swissgliders.ch\/de\/#\/schema\/logo\/image\/"},"sameAs":["https:\/\/www.facebook.com\/swissgliders","https:\/\/x.com\/Swissgliders","https:\/\/www.instagram.com\/swissgliders\/","https:\/\/www.youtube.com\/channel\/UCMCtGdepy9vBhrhX3V_oJOA"],"hasMerchantReturnPolicy":{"@type":"MerchantReturnPolicy","merchantReturnLink":"https:\/\/swissgliders.ch\/de\/allgemeine-geschaftsbedingungen\/"}}]},"product_price_amount":"69.00","product_price_currency":"CHF","og_availability":"instock","product_availability":"instock","product_condition":"new"},"_links":{"self":[{"href":"https:\/\/swissgliders.ch\/de\/wp-json\/wp\/v2\/product\/7685","targetHints":{"allow":["GET"]}}],"collection":[{"href":"https:\/\/swissgliders.ch\/de\/wp-json\/wp\/v2\/product"}],"about":[{"href":"https:\/\/swissgliders.ch\/de\/wp-json\/wp\/v2\/types\/product"}],"replies":[{"embeddable":true,"href":"https:\/\/swissgliders.ch\/de\/wp-json\/wp\/v2\/comments?post=7685"}],"wp:featuredmedia":[{"embeddable":true,"href":"https:\/\/swissgliders.ch\/de\/wp-json\/wp\/v2\/media\/7686"}],"wp:attachment":[{"href":"https:\/\/swissgliders.ch\/de\/wp-json\/wp\/v2\/media?parent=7685"}],"wp:term":[{"taxonomy":"product_brand","embeddable":true,"href":"https:\/\/swissgliders.ch\/de\/wp-json\/wp\/v2\/product_brand?post=7685"},{"taxonomy":"product_cat","embeddable":true,"href":"https:\/\/swissgliders.ch\/de\/wp-json\/wp\/v2\/product_cat?post=7685"},{"taxonomy":"product_tag","embeddable":true,"href":"https:\/\/swissgliders.ch\/de\/wp-json\/wp\/v2\/product_tag?post=7685"}],"curies":[{"name":"wp","href":"https:\/\/api.w.org\/{rel}","templated":true}]}}