{"id":7958,"date":"2022-01-30T10:52:49","date_gmt":"2022-01-30T09:52:49","guid":{"rendered":"https:\/\/swissgliders.ch\/?post_type=product&#038;p=7958"},"modified":"2025-07-22T14:44:18","modified_gmt":"2025-07-22T13:44:18","slug":"high-adventure-beamer-3-light-rettungsgeraet-notschirm","status":"publish","type":"product","link":"https:\/\/swissgliders.ch\/de\/produkt\/high-adventure-beamer-3-light-rettungsgeraet-notschirm\/","title":{"rendered":"High Adventure Beamer 3 light"},"content":{"rendered":"<p><img loading=\"lazy\" decoding=\"async\" class=\"\" src=\"https:\/\/www.highadventure.ch\/wp-content\/uploads\/2014\/03\/Beamer_3_light_01.jpg\" alt=\"Beamer 3 Light | High Adventure\" width=\"396\" height=\"264\" \/><\/p>\n<p>Der von High Adventure entwickelte Beamer 3 light bietet wohl das h\u00f6chstm\u00f6gliche Mass an Sicherheit. Das Rogallo-System bietet hervorragende \u00d6ffnungszeiten und Lenkbarkeit mit einer gewissen Vorw\u00e4rtsfahrt, um einen Notlandeplatz anzusteuern.<\/p>\n<p>Der Beamer 3 ist zum Packen etwas aufw\u00e4ndiger &#8211; durch die h\u00f6here Sicherheit ist es dies unserer Meinung nach der Wert.<\/p>\n<p>Dieser Retter eignet sich f\u00fcr fortgeschrittene Piloten &#8211; f\u00fcr Sch\u00fclerInnen empfehlen wir eine einfachere Rettung wie bspw. der <a href=\"https:\/\/swissgliders.ch\/de\/produkt\/nova-pentagon-notschirm\/\" target=\"_blank\" rel=\"noopener\">Pentagon<\/a> von Nova.<\/p>\n<p>Der Retter kann auch f\u00fcr SiKus und Wasserlandungen verwendet werden.<\/p>\n<p>Es gibt ihn in drei verschiedenen Gr\u00f6ssen 100, 130 und 170 vom Gewicht her gibt es zwei Versionen: den <a href=\"https:\/\/swissgliders.ch\/de\/produkt\/high-adventure-beamer-3-rettungsgeraet-notschirm\/\">Beamer 3<\/a> und <a href=\"https:\/\/swissgliders.ch\/de\/produkt\/high-adventure-beamer-3-light-rettungsgeraet-notschirm\/\">Beamer 3 light.<\/a><\/p>\n<p>\u00abDieses Produkt wird ausschliesslich von einem unserer ausgebildeten Spezialisten mit deinem Gurtzeug bzw. Rettungsschirm kombiniert oder \u00fcber einen von dir gew\u00fcnschten Rettungsschirmpacker SHV ausgeliefert.\u00bb<\/p>\n<p>&nbsp;<\/p>\n<p>Mehr<a href=\"https:\/\/www.highadventure.ch\/de\/beamer-3-light.html\" target=\"_blank\" rel=\"noopener\"> Infos<\/a><\/p>\n<p>Lieferzeit 2-3 Tage sofern beim Lieferanten an Lager.<\/p>\n","protected":false},"excerpt":{"rendered":"<p><img loading=\"lazy\" decoding=\"async\" class=\"\" src=\"https:\/\/www.highadventure.ch\/wp-content\/uploads\/2014\/03\/Beamer_3_light_01.jpg\" alt=\"Beamer 3 Light | High Adventure\" width=\"396\" height=\"264\" \/><\/p>\n<p>Der von High Adventure entwickelte Beamer 3 light bietet wohl das h\u00f6chstm\u00f6gliche Mass an Sicherheit. Das Rogallo-System bietet hervorragende \u00d6ffnungszeiten und Lenkbarkeit mit einer gewissen Vorw\u00e4rtsfahrt, um einen Notlandeplatz anzusteuern.<\/p>\n<p>Der Beamer 3 ist zum Packen etwas aufw\u00e4ndiger &#8211; durch die h\u00f6here Sicherheit ist es dies unserer Meinung nach der Wert.<\/p>\n<p>Dieser Retter eignet sich f\u00fcr fortgeschrittene Piloten &#8211; f\u00fcr Sch\u00fclerInnen empfehlen wir eine einfachere Rettung wie bspw. der <a href=\"https:\/\/swissgliders.ch\/de\/produkt\/nova-pentagon-notschirm\/\" target=\"_blank\" rel=\"noopener\">Pentagon<\/a> von Nova.<\/p>\n<p>Der Retter kann auch f\u00fcr SiKus und Wasserlandungen verwendet werden.<\/p>\n<p>Es gibt ihn in drei verschiedenen Gr\u00f6ssen 100, 130 und 170 vom Gewicht her gibt es zwei Versionen: den <a href=\"https:\/\/swissgliders.ch\/de\/produkt\/high-adventure-beamer-3-rettungsgeraet-notschirm\/\">Beamer 3<\/a> und <a href=\"https:\/\/swissgliders.ch\/de\/produkt\/high-adventure-beamer-3-light-rettungsgeraet-notschirm\/\">Beamer 3 light.<\/a><\/p>\n<p>\u00abDieses Produkt wird ausschliesslich von einem unserer ausgebildeten Spezialisten mit deinem Gurtzeug bzw. Rettungsschirm kombiniert oder \u00fcber einen von dir gew\u00fcnschten Rettungsschirmpacker SHV ausgeliefert.\u00bb<\/p>\n<p>&nbsp;<\/p>\n<p>Mehr<a href=\"https:\/\/www.highadventure.ch\/de\/beamer-3-light.html\" target=\"_blank\" rel=\"noopener\"> Infos<\/a><\/p>\n<p>Lieferzeit 2-3 Tage sofern beim Lieferanten an Lager.<\/p>\n","protected":false},"featured_media":7963,"comment_status":"closed","ping_status":"closed","template":"","meta":[],"product_brand":[],"product_cat":[1309],"product_tag":[1310,1311,90],"class_list":{"0":"post-7958","1":"product","2":"type-product","3":"status-publish","4":"has-post-thumbnail","6":"product_cat-gleitschirm-rettungsgeraete","7":"product_tag-notschirm","8":"product_tag-retter","9":"product_tag-verkaufsartikel","10":"product_shipping_class-priority-2kg-de","12":"first","13":"instock","14":"sale","15":"shipping-taxable","16":"purchasable","17":"product-type-variable"},"yoast_head":"<!-- This site is optimized with the Yoast SEO Premium plugin v26.1 (Yoast SEO v27.3) - https:\/\/yoast.com\/product\/yoast-seo-premium-wordpress\/ -->\n<title>High Adventure Beamer 3 light<\/title>\n<meta name=\"description\" content=\"Steuerbare Rettung \/ Notschirm Beamer 3 light (Rogallo-System) von High-Adventure\" \/>\n<meta name=\"robots\" content=\"index, follow, max-snippet:-1, max-image-preview:large, max-video-preview:-1\" \/>\n<link rel=\"canonical\" href=\"https:\/\/swissgliders.ch\/de\/produkt\/high-adventure-beamer-3-light-rettungsgeraet-notschirm\/\" \/>\n<meta property=\"og:locale\" content=\"de_DE\" \/>\n<meta property=\"og:type\" content=\"article\" \/>\n<meta property=\"og:title\" content=\"High Adventure Beamer 3 light\" \/>\n<meta property=\"og:description\" content=\"Steuerbare Rettung \/ Notschirm Beamer 3 light (Rogallo-System) von High-Adventure\" \/>\n<meta property=\"og:url\" content=\"https:\/\/swissgliders.ch\/de\/produkt\/high-adventure-beamer-3-light-rettungsgeraet-notschirm\/\" \/>\n<meta property=\"og:site_name\" content=\"Gleitschirmschule Thun, Bern, Interlaken\" \/>\n<meta property=\"article:publisher\" content=\"https:\/\/www.facebook.com\/swissgliders\" \/>\n<meta property=\"article:modified_time\" content=\"2025-07-22T13:44:18+00:00\" \/>\n<meta property=\"og:image\" content=\"https:\/\/swissgliders.ch\/wp-content\/uploads\/2022\/01\/Beamer_3_light_04.jpg\" \/>\n\t<meta property=\"og:image:width\" content=\"400\" \/>\n\t<meta property=\"og:image:height\" content=\"600\" \/>\n\t<meta property=\"og:image:type\" content=\"image\/jpeg\" \/>\n<meta name=\"twitter:card\" content=\"summary_large_image\" \/>\n<meta name=\"twitter:site\" content=\"@Swissgliders\" \/>\n<meta name=\"twitter:label1\" content=\"Verf\u00fcgbarkeit\" \/>\n\t<meta name=\"twitter:data1\" content=\"Auf Lager\" \/>\n<script type=\"application\/ld+json\" class=\"yoast-schema-graph\">{\"@context\":\"https:\\\/\\\/schema.org\",\"@graph\":[{\"@type\":\"WebPage\",\"@id\":\"https:\\\/\\\/swissgliders.ch\\\/de\\\/produkt\\\/high-adventure-beamer-3-light-rettungsgeraet-notschirm\\\/\",\"url\":\"https:\\\/\\\/swissgliders.ch\\\/de\\\/produkt\\\/high-adventure-beamer-3-light-rettungsgeraet-notschirm\\\/\",\"name\":\"High Adventure Beamer 3 light\",\"isPartOf\":{\"@id\":\"https:\\\/\\\/swissgliders.ch\\\/de\\\/#website\"},\"primaryImageOfPage\":{\"@id\":\"https:\\\/\\\/swissgliders.ch\\\/de\\\/produkt\\\/high-adventure-beamer-3-light-rettungsgeraet-notschirm\\\/#primaryimage\"},\"image\":{\"@id\":\"https:\\\/\\\/swissgliders.ch\\\/de\\\/produkt\\\/high-adventure-beamer-3-light-rettungsgeraet-notschirm\\\/#primaryimage\"},\"thumbnailUrl\":\"https:\\\/\\\/swissgliders.ch\\\/wp-content\\\/uploads\\\/2022\\\/01\\\/Beamer_3_light_04.jpg\",\"datePublished\":\"2022-01-30T09:52:49+00:00\",\"dateModified\":\"2025-07-22T13:44:18+00:00\",\"description\":\"Steuerbare Rettung \\\/ Notschirm Beamer 3 light (Rogallo-System) von High-Adventure\",\"breadcrumb\":{\"@id\":\"https:\\\/\\\/swissgliders.ch\\\/de\\\/produkt\\\/high-adventure-beamer-3-light-rettungsgeraet-notschirm\\\/#breadcrumb\"},\"inLanguage\":\"de\",\"potentialAction\":[{\"@type\":\"ReadAction\",\"target\":[\"https:\\\/\\\/swissgliders.ch\\\/de\\\/produkt\\\/high-adventure-beamer-3-light-rettungsgeraet-notschirm\\\/\"]}]},{\"@type\":\"ImageObject\",\"inLanguage\":\"de\",\"@id\":\"https:\\\/\\\/swissgliders.ch\\\/de\\\/produkt\\\/high-adventure-beamer-3-light-rettungsgeraet-notschirm\\\/#primaryimage\",\"url\":\"https:\\\/\\\/swissgliders.ch\\\/wp-content\\\/uploads\\\/2022\\\/01\\\/Beamer_3_light_04.jpg\",\"contentUrl\":\"https:\\\/\\\/swissgliders.ch\\\/wp-content\\\/uploads\\\/2022\\\/01\\\/Beamer_3_light_04.jpg\",\"width\":400,\"height\":600,\"caption\":\"beamer-3-light\"},{\"@type\":\"BreadcrumbList\",\"@id\":\"https:\\\/\\\/swissgliders.ch\\\/de\\\/produkt\\\/high-adventure-beamer-3-light-rettungsgeraet-notschirm\\\/#breadcrumb\",\"itemListElement\":[{\"@type\":\"ListItem\",\"position\":1,\"name\":\"Startseite\",\"item\":\"https:\\\/\\\/swissgliders.ch\\\/de\\\/willkommen\\\/\"},{\"@type\":\"ListItem\",\"position\":2,\"name\":\"Gleitschirm Shop\",\"item\":\"https:\\\/\\\/swissgliders.ch\\\/de\\\/gleitschirm-shop\\\/\"},{\"@type\":\"ListItem\",\"position\":3,\"name\":\"High Adventure Beamer 3 light\"}]},{\"@type\":\"WebSite\",\"@id\":\"https:\\\/\\\/swissgliders.ch\\\/de\\\/#website\",\"url\":\"https:\\\/\\\/swissgliders.ch\\\/de\\\/\",\"name\":\"Gleitschirmschule Thun, Bern, Interlaken\",\"description\":\"Gleitschirmschule Thun, Bern, Interlaken\",\"publisher\":{\"@id\":\"https:\\\/\\\/swissgliders.ch\\\/de\\\/#organization\"},\"potentialAction\":[{\"@type\":\"SearchAction\",\"target\":{\"@type\":\"EntryPoint\",\"urlTemplate\":\"https:\\\/\\\/swissgliders.ch\\\/de\\\/?s={search_term_string}\"},\"query-input\":{\"@type\":\"PropertyValueSpecification\",\"valueRequired\":true,\"valueName\":\"search_term_string\"}}],\"inLanguage\":\"de\"},{\"@type\":\"Organization\",\"@id\":\"https:\\\/\\\/swissgliders.ch\\\/de\\\/#organization\",\"name\":\"Swissgliders Gleitschirmflugschule Thun\",\"url\":\"https:\\\/\\\/swissgliders.ch\\\/de\\\/\",\"logo\":{\"@type\":\"ImageObject\",\"inLanguage\":\"de\",\"@id\":\"https:\\\/\\\/swissgliders.ch\\\/de\\\/#\\\/schema\\\/logo\\\/image\\\/\",\"url\":\"https:\\\/\\\/swissgliders.ch\\\/wp-content\\\/uploads\\\/2019\\\/12\\\/swissgliders-logo-rgb-square-L-no-ch-01.png\",\"contentUrl\":\"https:\\\/\\\/swissgliders.ch\\\/wp-content\\\/uploads\\\/2019\\\/12\\\/swissgliders-logo-rgb-square-L-no-ch-01.png\",\"width\":2500,\"height\":2500,\"caption\":\"Swissgliders Gleitschirmflugschule Thun\"},\"image\":{\"@id\":\"https:\\\/\\\/swissgliders.ch\\\/de\\\/#\\\/schema\\\/logo\\\/image\\\/\"},\"sameAs\":[\"https:\\\/\\\/www.facebook.com\\\/swissgliders\",\"https:\\\/\\\/x.com\\\/Swissgliders\",\"https:\\\/\\\/www.instagram.com\\\/swissgliders\\\/\",\"https:\\\/\\\/www.youtube.com\\\/channel\\\/UCMCtGdepy9vBhrhX3V_oJOA\"],\"hasMerchantReturnPolicy\":{\"@type\":\"MerchantReturnPolicy\",\"merchantReturnLink\":\"https:\\\/\\\/swissgliders.ch\\\/de\\\/allgemeine-geschaftsbedingungen\\\/\"}}]}<\/script>\n<meta property=\"og:availability\" content=\"instock\" \/>\n<meta property=\"product:availability\" content=\"instock\" \/>\n<meta property=\"product:condition\" content=\"new\" \/>\n<!-- \/ Yoast SEO Premium plugin. -->","yoast_head_json":{"title":"High Adventure Beamer 3 light","description":"Steuerbare Rettung \/ Notschirm Beamer 3 light (Rogallo-System) von High-Adventure","robots":{"index":"index","follow":"follow","max-snippet":"max-snippet:-1","max-image-preview":"max-image-preview:large","max-video-preview":"max-video-preview:-1"},"canonical":"https:\/\/swissgliders.ch\/de\/produkt\/high-adventure-beamer-3-light-rettungsgeraet-notschirm\/","og_locale":"de_DE","og_type":"article","og_title":"High Adventure Beamer 3 light","og_description":"Steuerbare Rettung \/ Notschirm Beamer 3 light (Rogallo-System) von High-Adventure","og_url":"https:\/\/swissgliders.ch\/de\/produkt\/high-adventure-beamer-3-light-rettungsgeraet-notschirm\/","og_site_name":"Gleitschirmschule Thun, Bern, Interlaken","article_publisher":"https:\/\/www.facebook.com\/swissgliders","article_modified_time":"2025-07-22T13:44:18+00:00","og_image":[{"width":400,"height":600,"url":"https:\/\/swissgliders.ch\/wp-content\/uploads\/2022\/01\/Beamer_3_light_04.jpg","type":"image\/jpeg"}],"twitter_card":"summary_large_image","twitter_site":"@Swissgliders","twitter_misc":{"Verf\u00fcgbarkeit":"Auf Lager"},"schema":{"@context":"https:\/\/schema.org","@graph":[{"@type":"WebPage","@id":"https:\/\/swissgliders.ch\/de\/produkt\/high-adventure-beamer-3-light-rettungsgeraet-notschirm\/","url":"https:\/\/swissgliders.ch\/de\/produkt\/high-adventure-beamer-3-light-rettungsgeraet-notschirm\/","name":"High Adventure Beamer 3 light","isPartOf":{"@id":"https:\/\/swissgliders.ch\/de\/#website"},"primaryImageOfPage":{"@id":"https:\/\/swissgliders.ch\/de\/produkt\/high-adventure-beamer-3-light-rettungsgeraet-notschirm\/#primaryimage"},"image":{"@id":"https:\/\/swissgliders.ch\/de\/produkt\/high-adventure-beamer-3-light-rettungsgeraet-notschirm\/#primaryimage"},"thumbnailUrl":"https:\/\/swissgliders.ch\/wp-content\/uploads\/2022\/01\/Beamer_3_light_04.jpg","datePublished":"2022-01-30T09:52:49+00:00","dateModified":"2025-07-22T13:44:18+00:00","description":"Steuerbare Rettung \/ Notschirm Beamer 3 light (Rogallo-System) von High-Adventure","breadcrumb":{"@id":"https:\/\/swissgliders.ch\/de\/produkt\/high-adventure-beamer-3-light-rettungsgeraet-notschirm\/#breadcrumb"},"inLanguage":"de","potentialAction":[{"@type":"ReadAction","target":["https:\/\/swissgliders.ch\/de\/produkt\/high-adventure-beamer-3-light-rettungsgeraet-notschirm\/"]}]},{"@type":"ImageObject","inLanguage":"de","@id":"https:\/\/swissgliders.ch\/de\/produkt\/high-adventure-beamer-3-light-rettungsgeraet-notschirm\/#primaryimage","url":"https:\/\/swissgliders.ch\/wp-content\/uploads\/2022\/01\/Beamer_3_light_04.jpg","contentUrl":"https:\/\/swissgliders.ch\/wp-content\/uploads\/2022\/01\/Beamer_3_light_04.jpg","width":400,"height":600,"caption":"beamer-3-light"},{"@type":"BreadcrumbList","@id":"https:\/\/swissgliders.ch\/de\/produkt\/high-adventure-beamer-3-light-rettungsgeraet-notschirm\/#breadcrumb","itemListElement":[{"@type":"ListItem","position":1,"name":"Startseite","item":"https:\/\/swissgliders.ch\/de\/willkommen\/"},{"@type":"ListItem","position":2,"name":"Gleitschirm Shop","item":"https:\/\/swissgliders.ch\/de\/gleitschirm-shop\/"},{"@type":"ListItem","position":3,"name":"High Adventure Beamer 3 light"}]},{"@type":"WebSite","@id":"https:\/\/swissgliders.ch\/de\/#website","url":"https:\/\/swissgliders.ch\/de\/","name":"Gleitschirmschule Thun, Bern, Interlaken","description":"Gleitschirmschule Thun, Bern, Interlaken","publisher":{"@id":"https:\/\/swissgliders.ch\/de\/#organization"},"potentialAction":[{"@type":"SearchAction","target":{"@type":"EntryPoint","urlTemplate":"https:\/\/swissgliders.ch\/de\/?s={search_term_string}"},"query-input":{"@type":"PropertyValueSpecification","valueRequired":true,"valueName":"search_term_string"}}],"inLanguage":"de"},{"@type":"Organization","@id":"https:\/\/swissgliders.ch\/de\/#organization","name":"Swissgliders Gleitschirmflugschule Thun","url":"https:\/\/swissgliders.ch\/de\/","logo":{"@type":"ImageObject","inLanguage":"de","@id":"https:\/\/swissgliders.ch\/de\/#\/schema\/logo\/image\/","url":"https:\/\/swissgliders.ch\/wp-content\/uploads\/2019\/12\/swissgliders-logo-rgb-square-L-no-ch-01.png","contentUrl":"https:\/\/swissgliders.ch\/wp-content\/uploads\/2019\/12\/swissgliders-logo-rgb-square-L-no-ch-01.png","width":2500,"height":2500,"caption":"Swissgliders Gleitschirmflugschule Thun"},"image":{"@id":"https:\/\/swissgliders.ch\/de\/#\/schema\/logo\/image\/"},"sameAs":["https:\/\/www.facebook.com\/swissgliders","https:\/\/x.com\/Swissgliders","https:\/\/www.instagram.com\/swissgliders\/","https:\/\/www.youtube.com\/channel\/UCMCtGdepy9vBhrhX3V_oJOA"],"hasMerchantReturnPolicy":{"@type":"MerchantReturnPolicy","merchantReturnLink":"https:\/\/swissgliders.ch\/de\/allgemeine-geschaftsbedingungen\/"}}]},"og_availability":"instock","product_availability":"instock","product_condition":"new"},"_links":{"self":[{"href":"https:\/\/swissgliders.ch\/de\/wp-json\/wp\/v2\/product\/7958","targetHints":{"allow":["GET"]}}],"collection":[{"href":"https:\/\/swissgliders.ch\/de\/wp-json\/wp\/v2\/product"}],"about":[{"href":"https:\/\/swissgliders.ch\/de\/wp-json\/wp\/v2\/types\/product"}],"replies":[{"embeddable":true,"href":"https:\/\/swissgliders.ch\/de\/wp-json\/wp\/v2\/comments?post=7958"}],"wp:featuredmedia":[{"embeddable":true,"href":"https:\/\/swissgliders.ch\/de\/wp-json\/wp\/v2\/media\/7963"}],"wp:attachment":[{"href":"https:\/\/swissgliders.ch\/de\/wp-json\/wp\/v2\/media?parent=7958"}],"wp:term":[{"taxonomy":"product_brand","embeddable":true,"href":"https:\/\/swissgliders.ch\/de\/wp-json\/wp\/v2\/product_brand?post=7958"},{"taxonomy":"product_cat","embeddable":true,"href":"https:\/\/swissgliders.ch\/de\/wp-json\/wp\/v2\/product_cat?post=7958"},{"taxonomy":"product_tag","embeddable":true,"href":"https:\/\/swissgliders.ch\/de\/wp-json\/wp\/v2\/product_tag?post=7958"}],"curies":[{"name":"wp","href":"https:\/\/api.w.org\/{rel}","templated":true}]}}