{"id":8033,"date":"2022-02-14T17:18:26","date_gmt":"2022-02-14T16:18:26","guid":{"rendered":"https:\/\/swissgliders.ch\/?post_type=product&#038;p=8033"},"modified":"2025-05-09T17:01:08","modified_gmt":"2025-05-09T16:01:08","slug":"naviter-hyper","status":"publish","type":"product","link":"https:\/\/swissgliders.ch\/de\/produkt\/naviter-hyper\/","title":{"rendered":"Naviter Hyper"},"content":{"rendered":"<div class=\"wp-block-columns is-layout-flex wp-container-core-columns-is-layout-9d6595d7 wp-block-columns-is-layout-flex\">\n<div class=\"wp-block-column is-layout-flow wp-block-column-is-layout-flow\">\n<h3 class=\"wp-block-heading\"><img loading=\"lazy\" decoding=\"async\" class=\"\" src=\"https:\/\/naviter.com\/wp-content\/uploads\/2018\/01\/Hyper_left_map.jpg\" width=\"235\" height=\"364\" \/><br \/>\nHyper &#8211; Leicht, einfach, bunt.<\/h3>\n<p>Perfekt konfiguriert als eigenst\u00e4ndiges Instrument f\u00fcr den allt\u00e4glichen Gebrauch, Wander- und Flugabenteuer und Cross-Country-Eins\u00e4tze.<\/p>\n<ul class=\"wp-block-list\">\n<li>Taschenformat (107 x 70 x 18 mm)<\/li>\n<li>Geringes Gewicht (135 g)<\/li>\n<li>Hervorragendes Farb-Touch-Display<\/li>\n<li>Ausgezeichnetes Vario<\/li>\n<li>Thermikassistent<\/li>\n<li>Luftraum<\/li>\n<li>Wander- und Flugmodus<\/li>\n<li>FAI-Dreiecksassistent<\/li>\n<li>OLC-Optimierung im Flug<\/li>\n<li>Wi-Fi f\u00fcr Flugprotokoll und Daten\u00fcbertragung<\/li>\n<li>GPS-Aufgaben-Navigation<\/li>\n<li>12-36 Stunden Akku-Autonomie<\/li>\n<\/ul>\n<p>Hyper gibt Ihnen gen\u00fcgend Informationen, um Ihr Ziel zu erreichen, den Luftraum zu meiden, die Thermik genau zu erkunden und zu ihr zur\u00fcckzukehren, so dass jeder Aufwind z\u00e4hlt.<\/p>\n<\/div>\n<\/div>\n<div class=\"wp-block-spacer\" aria-hidden=\"true\"><\/div>\n<div class=\"wp-block-columns is-layout-flex wp-container-core-columns-is-layout-9d6595d7 wp-block-columns-is-layout-flex\">\n<div class=\"wp-block-column is-layout-flow wp-block-column-is-layout-flow\">\n<figure class=\"wp-block-image size-large\"><img loading=\"lazy\" decoding=\"async\" class=\"wp-image-5374 lazyloaded\" src=\"https:\/\/naviter.com\/wp-content\/uploads\/2018\/05\/MatevzGradisek_HikeandFly-1024x683.jpg\" alt=\"\" width=\"428\" height=\"285\" data-src=\"https:\/\/naviter.com\/wp-content\/uploads\/2018\/05\/MatevzGradisek_HikeandFly-1024x683.jpg\" \/><\/figure>\n<\/div>\n<div class=\"wp-block-column is-layout-flow wp-block-column-is-layout-flow\">\n<h3 class=\"wp-block-heading\">Wandern &amp; Fliegen<\/h3>\n<p>Wenn jedes Gramm z\u00e4hlt &#8211; wir haben das Gewicht auf 135 g reduziert. Trotz dieses geringen Gewichts und des Taschenformats betr\u00e4gt die Akkulaufzeit zwischen 12 und 36 Stunden. Genug f\u00fcr ein langes Wochenende mit Vol Biv&#8230;<\/p>\n<p>Im Hike &amp; Fly-Modus wird auch Ihr Tracklog am Boden aufgezeichnet. Sie wissen vielleicht nicht, wo Sie landen werden, aber Ihr Hyper verf\u00fcgt \u00fcber die neuesten Luftraum- und Karteninformationen, um Ihnen zu helfen.<\/p>\n<p>Die farbige Darstellung des Gel\u00e4ndes hilft Ihnen bei der Suche nach dem richtigen Weg durch unerforschtes Hinterland.<\/p>\n<\/div>\n<\/div>\n<p>Kostenlose Software-Updates werden \u00fcber das mitgelieferte USB-Kabel auf das Hyper \u00fcbertragen. Der Datentransfer zur Flugauswertung am PC ist \u00fcber USB oder per Bluetooth m\u00f6glich.\u00a0<a title=\"Naviter Hyper\" href=\"https:\/\/shop.highadventure.ch\/hyper\" target=\"_blank\" rel=\"noopener\">Mehr \u00fcber das Naviter Hyper\u2026<\/a><\/p>\n<p>Mehr <a href=\"https:\/\/naviter.com\/de\/hyper\/\" target=\"_blank\" rel=\"noopener\">Infos<\/a><\/p>\n<p>Falls dieser Artikel nicht an Lager ist, wird er f\u00fcr dich bestellt. Lieferfrist auf Anfrage.<\/p>\n<p>&nbsp;<\/p>\n","protected":false},"excerpt":{"rendered":"<div class=\"wp-block-columns is-layout-flex wp-container-core-columns-is-layout-9d6595d7 wp-block-columns-is-layout-flex\">\n<div class=\"wp-block-column is-layout-flow wp-block-column-is-layout-flow\">\n<h3 class=\"wp-block-heading\"><img loading=\"lazy\" decoding=\"async\" class=\"\" src=\"https:\/\/naviter.com\/wp-content\/uploads\/2018\/01\/Hyper_left_map.jpg\" width=\"235\" height=\"364\" \/><br \/>\nHyper &#8211; Leicht, einfach, bunt.<\/h3>\n<p>Perfekt konfiguriert als eigenst\u00e4ndiges Instrument f\u00fcr den allt\u00e4glichen Gebrauch, Wander- und Flugabenteuer und Cross-Country-Eins\u00e4tze.<\/p>\n<ul class=\"wp-block-list\">\n<li>Taschenformat (107 x 70 x 18 mm)<\/li>\n<li>Geringes Gewicht (135 g)<\/li>\n<li>Hervorragendes Farb-Touch-Display<\/li>\n<li>Ausgezeichnetes Vario<\/li>\n<li>Thermikassistent<\/li>\n<li>Luftraum<\/li>\n<li>Wander- und Flugmodus<\/li>\n<li>FAI-Dreiecksassistent<\/li>\n<li>OLC-Optimierung im Flug<\/li>\n<li>Wi-Fi f\u00fcr Flugprotokoll und Daten\u00fcbertragung<\/li>\n<li>GPS-Aufgaben-Navigation<\/li>\n<li>12-36 Stunden Akku-Autonomie<\/li>\n<\/ul>\n<p>Hyper gibt Ihnen gen\u00fcgend Informationen, um Ihr Ziel zu erreichen, den Luftraum zu meiden, die Thermik genau zu erkunden und zu ihr zur\u00fcckzukehren, so dass jeder Aufwind z\u00e4hlt.<\/p>\n<\/div>\n<\/div>\n<div class=\"wp-block-spacer\" aria-hidden=\"true\"><\/div>\n<div class=\"wp-block-columns is-layout-flex wp-container-core-columns-is-layout-9d6595d7 wp-block-columns-is-layout-flex\">\n<div class=\"wp-block-column is-layout-flow wp-block-column-is-layout-flow\">\n<figure class=\"wp-block-image size-large\"><img loading=\"lazy\" decoding=\"async\" class=\"wp-image-5374 lazyloaded\" src=\"https:\/\/naviter.com\/wp-content\/uploads\/2018\/05\/MatevzGradisek_HikeandFly-1024x683.jpg\" alt=\"\" width=\"428\" height=\"285\" data-src=\"https:\/\/naviter.com\/wp-content\/uploads\/2018\/05\/MatevzGradisek_HikeandFly-1024x683.jpg\" \/><\/figure>\n<\/div>\n<div class=\"wp-block-column is-layout-flow wp-block-column-is-layout-flow\">\n<h3 class=\"wp-block-heading\">Wandern &amp; Fliegen<\/h3>\n<p>Wenn jedes Gramm z\u00e4hlt &#8211; wir haben das Gewicht auf 135 g reduziert. Trotz dieses geringen Gewichts und des Taschenformats betr\u00e4gt die Akkulaufzeit zwischen 12 und 36 Stunden. Genug f\u00fcr ein langes Wochenende mit Vol Biv&#8230;<\/p>\n<p>Im Hike &amp; Fly-Modus wird auch Ihr Tracklog am Boden aufgezeichnet. Sie wissen vielleicht nicht, wo Sie landen werden, aber Ihr Hyper verf\u00fcgt \u00fcber die neuesten Luftraum- und Karteninformationen, um Ihnen zu helfen.<\/p>\n<p>Die farbige Darstellung des Gel\u00e4ndes hilft Ihnen bei der Suche nach dem richtigen Weg durch unerforschtes Hinterland.<\/p>\n<\/div>\n<\/div>\n<p>Kostenlose Software-Updates werden \u00fcber das mitgelieferte USB-Kabel auf das Hyper \u00fcbertragen. Der Datentransfer zur Flugauswertung am PC ist \u00fcber USB oder per Bluetooth m\u00f6glich.\u00a0<a title=\"Naviter Hyper\" href=\"https:\/\/shop.highadventure.ch\/hyper\" target=\"_blank\" rel=\"noopener\">Mehr \u00fcber das Naviter Hyper\u2026<\/a><\/p>\n<p>Mehr <a href=\"https:\/\/naviter.com\/de\/hyper\/\" target=\"_blank\" rel=\"noopener\">Infos<\/a><\/p>\n<p>Falls dieser Artikel nicht an Lager ist, wird er f\u00fcr dich bestellt. Lieferfrist auf Anfrage.<\/p>\n<p>&nbsp;<\/p>\n","protected":false},"featured_media":8034,"comment_status":"closed","ping_status":"closed","template":"","meta":[],"product_brand":[],"product_cat":[2113,402],"product_tag":[1545,410],"class_list":{"0":"post-8033","1":"product","2":"type-product","3":"status-publish","4":"has-post-thumbnail","6":"product_cat-gleitschirm-varios","7":"product_cat-gleitschirm-zubehoer","8":"product_tag-vario","9":"product_tag-zubehoer","10":"product_shipping_class-priority-2kg-de","12":"first","13":"instock","14":"sale","15":"shipping-taxable","16":"purchasable","17":"product-type-simple"},"yoast_head":"<!-- This site is optimized with the Yoast SEO Premium plugin v26.1 (Yoast SEO v27.3) - https:\/\/yoast.com\/product\/yoast-seo-premium-wordpress\/ -->\n<title>Naviter Hyper<\/title>\n<meta name=\"description\" content=\"Hyper heisst der neue Gamechanger im Variomarkt. Es passt in jede Tasche, ist superleicht zu bedienen und reicht trotzdem an verwandte Top-Ger\u00e4te wie das Oudie heran. \/ Fluginstrumenten\" \/>\n<meta name=\"robots\" content=\"index, follow, max-snippet:-1, max-image-preview:large, max-video-preview:-1\" \/>\n<link rel=\"canonical\" href=\"https:\/\/swissgliders.ch\/de\/produkt\/naviter-hyper\/\" \/>\n<meta property=\"og:locale\" content=\"de_DE\" \/>\n<meta property=\"og:type\" content=\"article\" \/>\n<meta property=\"og:title\" content=\"Naviter Hyper\" \/>\n<meta property=\"og:description\" content=\"Hyper heisst der neue Gamechanger im Variomarkt. Es passt in jede Tasche, ist superleicht zu bedienen und reicht trotzdem an verwandte Top-Ger\u00e4te wie das Oudie heran. \/ Fluginstrumenten\" \/>\n<meta property=\"og:url\" content=\"https:\/\/swissgliders.ch\/de\/produkt\/naviter-hyper\/\" \/>\n<meta property=\"og:site_name\" content=\"Gleitschirmschule Thun, Bern, Interlaken\" \/>\n<meta property=\"article:publisher\" content=\"https:\/\/www.facebook.com\/swissgliders\" \/>\n<meta property=\"article:modified_time\" content=\"2025-05-09T16:01:08+00:00\" \/>\n<meta property=\"og:image\" content=\"https:\/\/swissgliders.ch\/wp-content\/uploads\/2022\/02\/High_Aventure_Vario_Naviter-Hyper.jpg\" \/>\n\t<meta property=\"og:image:width\" content=\"1400\" \/>\n\t<meta property=\"og:image:height\" content=\"918\" \/>\n\t<meta property=\"og:image:type\" content=\"image\/jpeg\" \/>\n<meta name=\"twitter:card\" content=\"summary_large_image\" \/>\n<meta name=\"twitter:site\" content=\"@Swissgliders\" \/>\n<meta name=\"twitter:label1\" content=\"Preis\" \/>\n\t<meta name=\"twitter:data1\" content=\"&#067;&#072;&#070;&nbsp;741.00\" \/>\n\t<meta name=\"twitter:label2\" content=\"Verf\u00fcgbarkeit\" \/>\n\t<meta name=\"twitter:data2\" content=\"Auf Lager\" \/>\n<script type=\"application\/ld+json\" class=\"yoast-schema-graph\">{\"@context\":\"https:\\\/\\\/schema.org\",\"@graph\":[{\"@type\":\"WebPage\",\"@id\":\"https:\\\/\\\/swissgliders.ch\\\/de\\\/produkt\\\/naviter-hyper\\\/\",\"url\":\"https:\\\/\\\/swissgliders.ch\\\/de\\\/produkt\\\/naviter-hyper\\\/\",\"name\":\"Naviter Hyper\",\"isPartOf\":{\"@id\":\"https:\\\/\\\/swissgliders.ch\\\/de\\\/#website\"},\"primaryImageOfPage\":{\"@id\":\"https:\\\/\\\/swissgliders.ch\\\/de\\\/produkt\\\/naviter-hyper\\\/#primaryimage\"},\"image\":{\"@id\":\"https:\\\/\\\/swissgliders.ch\\\/de\\\/produkt\\\/naviter-hyper\\\/#primaryimage\"},\"thumbnailUrl\":\"https:\\\/\\\/swissgliders.ch\\\/wp-content\\\/uploads\\\/2022\\\/02\\\/High_Aventure_Vario_Naviter-Hyper.jpg\",\"datePublished\":\"2022-02-14T16:18:26+00:00\",\"dateModified\":\"2025-05-09T16:01:08+00:00\",\"description\":\"Hyper heisst der neue Gamechanger im Variomarkt. Es passt in jede Tasche, ist superleicht zu bedienen und reicht trotzdem an verwandte Top-Ger\u00e4te wie das Oudie heran. \\\/ Fluginstrumenten\",\"breadcrumb\":{\"@id\":\"https:\\\/\\\/swissgliders.ch\\\/de\\\/produkt\\\/naviter-hyper\\\/#breadcrumb\"},\"inLanguage\":\"de\",\"potentialAction\":[{\"@type\":\"ReadAction\",\"target\":[\"https:\\\/\\\/swissgliders.ch\\\/de\\\/produkt\\\/naviter-hyper\\\/\"]}]},{\"@type\":\"ImageObject\",\"inLanguage\":\"de\",\"@id\":\"https:\\\/\\\/swissgliders.ch\\\/de\\\/produkt\\\/naviter-hyper\\\/#primaryimage\",\"url\":\"https:\\\/\\\/swissgliders.ch\\\/wp-content\\\/uploads\\\/2022\\\/02\\\/High_Aventure_Vario_Naviter-Hyper.jpg\",\"contentUrl\":\"https:\\\/\\\/swissgliders.ch\\\/wp-content\\\/uploads\\\/2022\\\/02\\\/High_Aventure_Vario_Naviter-Hyper.jpg\",\"width\":1400,\"height\":918,\"caption\":\"High_Aventure_Vario_Naviter-Hyper-1\"},{\"@type\":\"BreadcrumbList\",\"@id\":\"https:\\\/\\\/swissgliders.ch\\\/de\\\/produkt\\\/naviter-hyper\\\/#breadcrumb\",\"itemListElement\":[{\"@type\":\"ListItem\",\"position\":1,\"name\":\"Startseite\",\"item\":\"https:\\\/\\\/swissgliders.ch\\\/de\\\/willkommen\\\/\"},{\"@type\":\"ListItem\",\"position\":2,\"name\":\"Gleitschirm Shop\",\"item\":\"https:\\\/\\\/swissgliders.ch\\\/de\\\/gleitschirm-shop\\\/\"},{\"@type\":\"ListItem\",\"position\":3,\"name\":\"Naviter Hyper\"}]},{\"@type\":\"WebSite\",\"@id\":\"https:\\\/\\\/swissgliders.ch\\\/de\\\/#website\",\"url\":\"https:\\\/\\\/swissgliders.ch\\\/de\\\/\",\"name\":\"Gleitschirmschule Thun, Bern, Interlaken\",\"description\":\"Gleitschirmschule Thun, Bern, Interlaken\",\"publisher\":{\"@id\":\"https:\\\/\\\/swissgliders.ch\\\/de\\\/#organization\"},\"potentialAction\":[{\"@type\":\"SearchAction\",\"target\":{\"@type\":\"EntryPoint\",\"urlTemplate\":\"https:\\\/\\\/swissgliders.ch\\\/de\\\/?s={search_term_string}\"},\"query-input\":{\"@type\":\"PropertyValueSpecification\",\"valueRequired\":true,\"valueName\":\"search_term_string\"}}],\"inLanguage\":\"de\"},{\"@type\":\"Organization\",\"@id\":\"https:\\\/\\\/swissgliders.ch\\\/de\\\/#organization\",\"name\":\"Swissgliders Gleitschirmflugschule Thun\",\"url\":\"https:\\\/\\\/swissgliders.ch\\\/de\\\/\",\"logo\":{\"@type\":\"ImageObject\",\"inLanguage\":\"de\",\"@id\":\"https:\\\/\\\/swissgliders.ch\\\/de\\\/#\\\/schema\\\/logo\\\/image\\\/\",\"url\":\"https:\\\/\\\/swissgliders.ch\\\/wp-content\\\/uploads\\\/2019\\\/12\\\/swissgliders-logo-rgb-square-L-no-ch-01.png\",\"contentUrl\":\"https:\\\/\\\/swissgliders.ch\\\/wp-content\\\/uploads\\\/2019\\\/12\\\/swissgliders-logo-rgb-square-L-no-ch-01.png\",\"width\":2500,\"height\":2500,\"caption\":\"Swissgliders Gleitschirmflugschule Thun\"},\"image\":{\"@id\":\"https:\\\/\\\/swissgliders.ch\\\/de\\\/#\\\/schema\\\/logo\\\/image\\\/\"},\"sameAs\":[\"https:\\\/\\\/www.facebook.com\\\/swissgliders\",\"https:\\\/\\\/x.com\\\/Swissgliders\",\"https:\\\/\\\/www.instagram.com\\\/swissgliders\\\/\",\"https:\\\/\\\/www.youtube.com\\\/channel\\\/UCMCtGdepy9vBhrhX3V_oJOA\"],\"hasMerchantReturnPolicy\":{\"@type\":\"MerchantReturnPolicy\",\"merchantReturnLink\":\"https:\\\/\\\/swissgliders.ch\\\/de\\\/allgemeine-geschaftsbedingungen\\\/\"}}]}<\/script>\n<meta property=\"product:price:amount\" content=\"741.00\" \/>\n<meta property=\"product:price:currency\" content=\"CHF\" \/>\n<meta property=\"og:availability\" content=\"instock\" \/>\n<meta property=\"product:availability\" content=\"instock\" \/>\n<meta property=\"product:condition\" content=\"new\" \/>\n<!-- \/ Yoast SEO Premium plugin. -->","yoast_head_json":{"title":"Naviter Hyper","description":"Hyper heisst der neue Gamechanger im Variomarkt. Es passt in jede Tasche, ist superleicht zu bedienen und reicht trotzdem an verwandte Top-Ger\u00e4te wie das Oudie heran. \/ Fluginstrumenten","robots":{"index":"index","follow":"follow","max-snippet":"max-snippet:-1","max-image-preview":"max-image-preview:large","max-video-preview":"max-video-preview:-1"},"canonical":"https:\/\/swissgliders.ch\/de\/produkt\/naviter-hyper\/","og_locale":"de_DE","og_type":"article","og_title":"Naviter Hyper","og_description":"Hyper heisst der neue Gamechanger im Variomarkt. Es passt in jede Tasche, ist superleicht zu bedienen und reicht trotzdem an verwandte Top-Ger\u00e4te wie das Oudie heran. \/ Fluginstrumenten","og_url":"https:\/\/swissgliders.ch\/de\/produkt\/naviter-hyper\/","og_site_name":"Gleitschirmschule Thun, Bern, Interlaken","article_publisher":"https:\/\/www.facebook.com\/swissgliders","article_modified_time":"2025-05-09T16:01:08+00:00","og_image":[{"width":1400,"height":918,"url":"https:\/\/swissgliders.ch\/wp-content\/uploads\/2022\/02\/High_Aventure_Vario_Naviter-Hyper.jpg","type":"image\/jpeg"}],"twitter_card":"summary_large_image","twitter_site":"@Swissgliders","twitter_misc":{"Preis":"&#67;&#72;&#70;&nbsp;741.00","Verf\u00fcgbarkeit":"Auf Lager"},"schema":{"@context":"https:\/\/schema.org","@graph":[{"@type":"WebPage","@id":"https:\/\/swissgliders.ch\/de\/produkt\/naviter-hyper\/","url":"https:\/\/swissgliders.ch\/de\/produkt\/naviter-hyper\/","name":"Naviter Hyper","isPartOf":{"@id":"https:\/\/swissgliders.ch\/de\/#website"},"primaryImageOfPage":{"@id":"https:\/\/swissgliders.ch\/de\/produkt\/naviter-hyper\/#primaryimage"},"image":{"@id":"https:\/\/swissgliders.ch\/de\/produkt\/naviter-hyper\/#primaryimage"},"thumbnailUrl":"https:\/\/swissgliders.ch\/wp-content\/uploads\/2022\/02\/High_Aventure_Vario_Naviter-Hyper.jpg","datePublished":"2022-02-14T16:18:26+00:00","dateModified":"2025-05-09T16:01:08+00:00","description":"Hyper heisst der neue Gamechanger im Variomarkt. Es passt in jede Tasche, ist superleicht zu bedienen und reicht trotzdem an verwandte Top-Ger\u00e4te wie das Oudie heran. \/ Fluginstrumenten","breadcrumb":{"@id":"https:\/\/swissgliders.ch\/de\/produkt\/naviter-hyper\/#breadcrumb"},"inLanguage":"de","potentialAction":[{"@type":"ReadAction","target":["https:\/\/swissgliders.ch\/de\/produkt\/naviter-hyper\/"]}]},{"@type":"ImageObject","inLanguage":"de","@id":"https:\/\/swissgliders.ch\/de\/produkt\/naviter-hyper\/#primaryimage","url":"https:\/\/swissgliders.ch\/wp-content\/uploads\/2022\/02\/High_Aventure_Vario_Naviter-Hyper.jpg","contentUrl":"https:\/\/swissgliders.ch\/wp-content\/uploads\/2022\/02\/High_Aventure_Vario_Naviter-Hyper.jpg","width":1400,"height":918,"caption":"High_Aventure_Vario_Naviter-Hyper-1"},{"@type":"BreadcrumbList","@id":"https:\/\/swissgliders.ch\/de\/produkt\/naviter-hyper\/#breadcrumb","itemListElement":[{"@type":"ListItem","position":1,"name":"Startseite","item":"https:\/\/swissgliders.ch\/de\/willkommen\/"},{"@type":"ListItem","position":2,"name":"Gleitschirm Shop","item":"https:\/\/swissgliders.ch\/de\/gleitschirm-shop\/"},{"@type":"ListItem","position":3,"name":"Naviter Hyper"}]},{"@type":"WebSite","@id":"https:\/\/swissgliders.ch\/de\/#website","url":"https:\/\/swissgliders.ch\/de\/","name":"Gleitschirmschule Thun, Bern, Interlaken","description":"Gleitschirmschule Thun, Bern, Interlaken","publisher":{"@id":"https:\/\/swissgliders.ch\/de\/#organization"},"potentialAction":[{"@type":"SearchAction","target":{"@type":"EntryPoint","urlTemplate":"https:\/\/swissgliders.ch\/de\/?s={search_term_string}"},"query-input":{"@type":"PropertyValueSpecification","valueRequired":true,"valueName":"search_term_string"}}],"inLanguage":"de"},{"@type":"Organization","@id":"https:\/\/swissgliders.ch\/de\/#organization","name":"Swissgliders Gleitschirmflugschule Thun","url":"https:\/\/swissgliders.ch\/de\/","logo":{"@type":"ImageObject","inLanguage":"de","@id":"https:\/\/swissgliders.ch\/de\/#\/schema\/logo\/image\/","url":"https:\/\/swissgliders.ch\/wp-content\/uploads\/2019\/12\/swissgliders-logo-rgb-square-L-no-ch-01.png","contentUrl":"https:\/\/swissgliders.ch\/wp-content\/uploads\/2019\/12\/swissgliders-logo-rgb-square-L-no-ch-01.png","width":2500,"height":2500,"caption":"Swissgliders Gleitschirmflugschule Thun"},"image":{"@id":"https:\/\/swissgliders.ch\/de\/#\/schema\/logo\/image\/"},"sameAs":["https:\/\/www.facebook.com\/swissgliders","https:\/\/x.com\/Swissgliders","https:\/\/www.instagram.com\/swissgliders\/","https:\/\/www.youtube.com\/channel\/UCMCtGdepy9vBhrhX3V_oJOA"],"hasMerchantReturnPolicy":{"@type":"MerchantReturnPolicy","merchantReturnLink":"https:\/\/swissgliders.ch\/de\/allgemeine-geschaftsbedingungen\/"}}]},"product_price_amount":"741.00","product_price_currency":"CHF","og_availability":"instock","product_availability":"instock","product_condition":"new"},"_links":{"self":[{"href":"https:\/\/swissgliders.ch\/de\/wp-json\/wp\/v2\/product\/8033","targetHints":{"allow":["GET"]}}],"collection":[{"href":"https:\/\/swissgliders.ch\/de\/wp-json\/wp\/v2\/product"}],"about":[{"href":"https:\/\/swissgliders.ch\/de\/wp-json\/wp\/v2\/types\/product"}],"replies":[{"embeddable":true,"href":"https:\/\/swissgliders.ch\/de\/wp-json\/wp\/v2\/comments?post=8033"}],"wp:featuredmedia":[{"embeddable":true,"href":"https:\/\/swissgliders.ch\/de\/wp-json\/wp\/v2\/media\/8034"}],"wp:attachment":[{"href":"https:\/\/swissgliders.ch\/de\/wp-json\/wp\/v2\/media?parent=8033"}],"wp:term":[{"taxonomy":"product_brand","embeddable":true,"href":"https:\/\/swissgliders.ch\/de\/wp-json\/wp\/v2\/product_brand?post=8033"},{"taxonomy":"product_cat","embeddable":true,"href":"https:\/\/swissgliders.ch\/de\/wp-json\/wp\/v2\/product_cat?post=8033"},{"taxonomy":"product_tag","embeddable":true,"href":"https:\/\/swissgliders.ch\/de\/wp-json\/wp\/v2\/product_tag?post=8033"}],"curies":[{"name":"wp","href":"https:\/\/api.w.org\/{rel}","templated":true}]}}