{"id":8041,"date":"2022-02-14T17:28:21","date_gmt":"2022-02-14T16:28:21","guid":{"rendered":"https:\/\/swissgliders.ch\/?post_type=product&#038;p=8041"},"modified":"2026-04-07T21:44:52","modified_gmt":"2026-04-07T20:44:52","slug":"oudie-n","status":"publish","type":"product","link":"https:\/\/swissgliders.ch\/de\/produkt\/oudie-n\/","title":{"rendered":"Naviter Oudie N"},"content":{"rendered":"<div>\n<div class=\"wp-block-column is-layout-flow wp-block-column-is-layout-flow\">\n<p class=\"wp-block-image size-large\"><strong style=\"font-size: 20px;\">Oudie N <\/strong><span style=\"font-size: 20px; font-weight: 600;\">&#8211; der Neue im Spiel<\/span><\/p>\n<\/div>\n<div class=\"wp-block-column is-layout-flow wp-block-column-is-layout-flow\">\n<p>Die beliebteste tragbare Navigationsl\u00f6sung der Welt. Mit dem Oudie N k\u00f6nnen Sie Ihr Fliegen auf die n\u00e4chste Stufe heben. Vorbei sind die Zeiten, in denen Sie sich auf veraltete Wetterinformationen und umst\u00e4ndliche Flugplanungstools verlassen mussten. Das Oudie N liefert aktuelle Daten in Echtzeit und l\u00e4sst sich nahtlos in das SeeYou integrieren, um Ihnen eine komplette Cockpit-L\u00f6sung zu bieten. Mit Oudie N k\u00f6nnen Sie sich auf die Freude am Fliegen konzentrieren, w\u00e4hrend Sie sicher und informiert bleiben. Warum sollten Sie sich also mit weniger zufrieden geben, wenn Sie mit Oudie N aufsteigen k\u00f6nnen?<\/p>\n<h3 class=\"wp-block-heading\"><strong> <br class=\"avia-permanent-lb\" \/>Funktionen und Vorteile<\/strong><\/h3>\n<ul class=\"wp-block-list\">\n<li>Kristallklares,\u00a0<strong>auch bei Sonnenlicht lesbares<\/strong>\u00a0Display.<\/li>\n<li><strong>Au\u00dfergew\u00f6hnliche Akkukapazit\u00e4t<\/strong>\u00a0selbst bei voller Helligkeit.<\/li>\n<li><strong>Einfach zu bedienende<\/strong>\u00a0SeeYou Navigator Software.<\/li>\n<li>Backup-\u00a0<strong>Variofunktion<\/strong>.<\/li>\n<li>Wifi, Bluetooth und 4G\/LTE\u00a0<strong>Verbindungsm\u00f6glichkeiten<\/strong>.<\/li>\n<li><strong>Optimieren Sie<\/strong>\u00a0\u00dcberlandflug- und Wettbewerbsaufgaben bis zur Perfektion.<\/li>\n<li><strong>QR-Codes scannen<\/strong>\u00a0anstatt Aufgaben manuell einzugeben.<\/li>\n<li>Keine Internetverbindung? Kein Problem mit den\u00a0<strong>Offline-Karten<\/strong>.<\/li>\n<li><strong>Laden Sie Ihr Smartphone<\/strong>\u00a0nach der Landung mit dem Akku des Oudie N.<\/li>\n<li>Kostenloses 1-Jahres-Jahres Abo von\u00a0<a href=\"https:\/\/naviter.com\/de\/?page_id=9279\">SeeYou(Cloud)<\/a>\u00a0f\u00fcr eine nahtlose Integration <br class=\"avia-permanent-lb\" \/><br class=\"avia-permanent-lb\" \/><\/li>\n<\/ul>\n<div class='avia-iframe-wrap'><iframe loading=\"lazy\" title=\"Oudie N (Gliding)\" width=\"1500\" height=\"844\" src=\"https:\/\/www.youtube.com\/embed\/fheb0reR2vI?feature=oembed\" frameborder=\"0\" allow=\"accelerometer; autoplay; clipboard-write; encrypted-media; gyroscope; picture-in-picture; web-share\" referrerpolicy=\"strict-origin-when-cross-origin\" allowfullscreen><\/iframe><\/div>\n<\/div>\n<\/div>\n<hr \/>\n<p><br class=\"avia-permanent-lb\" \/>Das k\u00f6nnte dir auch gefallen <a href=\"https:\/\/swissgliders.ch\/de\/produkt\/naviter-oudie-n-mit-fanet-und-flarm\/\">Naviter Oudie N mit Fanet+und Flarm\u00a0<\/a><br class=\"avia-permanent-lb\" \/><br class=\"avia-permanent-lb\" \/><br class=\"avia-permanent-lb\" \/>Mehr <a href=\"https:\/\/naviter.com\/de\/oudie-n\/\" target=\"_blank\" rel=\"noopener\">Infos<\/a><\/p>\n<p>Lieferfrist 1-2 Tage<\/p>\n","protected":false},"excerpt":{"rendered":"<div>\n<div class=\"wp-block-column is-layout-flow wp-block-column-is-layout-flow\">\n<p class=\"wp-block-image size-large\"><strong style=\"font-size: 20px;\">Oudie N <\/strong><span style=\"font-size: 20px; font-weight: 600;\">&#8211; der Neue im Spiel<\/span><\/p>\n<\/div>\n<div class=\"wp-block-column is-layout-flow wp-block-column-is-layout-flow\">\n<p>Die beliebteste tragbare Navigationsl\u00f6sung der Welt. Mit dem Oudie N k\u00f6nnen Sie Ihr Fliegen auf die n\u00e4chste Stufe heben. Vorbei sind die Zeiten, in denen Sie sich auf veraltete Wetterinformationen und umst\u00e4ndliche Flugplanungstools verlassen mussten. Das Oudie N liefert aktuelle Daten in Echtzeit und l\u00e4sst sich nahtlos in das SeeYou integrieren, um Ihnen eine komplette Cockpit-L\u00f6sung zu bieten. Mit Oudie N k\u00f6nnen Sie sich auf die Freude am Fliegen konzentrieren, w\u00e4hrend Sie sicher und informiert bleiben. Warum sollten Sie sich also mit weniger zufrieden geben, wenn Sie mit Oudie N aufsteigen k\u00f6nnen?<\/p>\n<h3 class=\"wp-block-heading\"><strong> <br class=\"avia-permanent-lb\" \/>Funktionen und Vorteile<\/strong><\/h3>\n<ul class=\"wp-block-list\">\n<li>Kristallklares,\u00a0<strong>auch bei Sonnenlicht lesbares<\/strong>\u00a0Display.<\/li>\n<li><strong>Au\u00dfergew\u00f6hnliche Akkukapazit\u00e4t<\/strong>\u00a0selbst bei voller Helligkeit.<\/li>\n<li><strong>Einfach zu bedienende<\/strong>\u00a0SeeYou Navigator Software.<\/li>\n<li>Backup-\u00a0<strong>Variofunktion<\/strong>.<\/li>\n<li>Wifi, Bluetooth und 4G\/LTE\u00a0<strong>Verbindungsm\u00f6glichkeiten<\/strong>.<\/li>\n<li><strong>Optimieren Sie<\/strong>\u00a0\u00dcberlandflug- und Wettbewerbsaufgaben bis zur Perfektion.<\/li>\n<li><strong>QR-Codes scannen<\/strong>\u00a0anstatt Aufgaben manuell einzugeben.<\/li>\n<li>Keine Internetverbindung? Kein Problem mit den\u00a0<strong>Offline-Karten<\/strong>.<\/li>\n<li><strong>Laden Sie Ihr Smartphone<\/strong>\u00a0nach der Landung mit dem Akku des Oudie N.<\/li>\n<li>Kostenloses 1-Jahres-Jahres Abo von\u00a0<a href=\"https:\/\/naviter.com\/de\/?page_id=9279\">SeeYou(Cloud)<\/a>\u00a0f\u00fcr eine nahtlose Integration <br class=\"avia-permanent-lb\" \/><br class=\"avia-permanent-lb\" \/><\/li>\n<\/ul>\n<p>https:\/\/youtu.be\/fheb0reR2vI<\/p>\n<\/div>\n<\/div>\n<hr \/>\n<p><br class=\"avia-permanent-lb\" \/>Das k\u00f6nnte dir auch gefallen <a href=\"https:\/\/swissgliders.ch\/de\/produkt\/naviter-oudie-n-mit-fanet-und-flarm\/\">Naviter Oudie N mit Fanet+und Flarm\u00a0<\/a><br class=\"avia-permanent-lb\" \/><br class=\"avia-permanent-lb\" \/><br class=\"avia-permanent-lb\" \/>Mehr <a href=\"https:\/\/naviter.com\/de\/oudie-n\/\" target=\"_blank\" rel=\"noopener\">Infos<\/a><\/p>\n<p>Lieferfrist 1-2 Tage<\/p>\n","protected":false},"featured_media":21674,"comment_status":"closed","ping_status":"closed","template":"","meta":[],"product_brand":[2686],"product_cat":[2113,402],"product_tag":[1545,410],"class_list":{"0":"post-8041","1":"product","2":"type-product","3":"status-publish","4":"has-post-thumbnail","6":"product_brand-naviter","7":"product_cat-gleitschirm-varios","8":"product_cat-gleitschirm-zubehoer","9":"product_tag-vario","10":"product_tag-zubehoer","11":"product_shipping_class-priority-2kg-de","13":"first","14":"instock","15":"sale","16":"shipping-taxable","17":"purchasable","18":"product-type-simple"},"yoast_head":"<!-- This site is optimized with the Yoast SEO Premium plugin v26.1 (Yoast SEO v27.3) - https:\/\/yoast.com\/product\/yoast-seo-premium-wordpress\/ -->\n<title>Naviter Oudie N<\/title>\n<meta name=\"description\" content=\"Variometer und Universal-Flug-Navigationsinstrument\" \/>\n<meta name=\"robots\" content=\"index, follow, max-snippet:-1, max-image-preview:large, max-video-preview:-1\" \/>\n<link rel=\"canonical\" href=\"https:\/\/swissgliders.ch\/de\/produkt\/oudie-n\/\" \/>\n<meta property=\"og:locale\" content=\"de_DE\" \/>\n<meta property=\"og:type\" content=\"article\" \/>\n<meta property=\"og:title\" content=\"Naviter Oudie N\" \/>\n<meta property=\"og:description\" content=\"Variometer und Universal-Flug-Navigationsinstrument\" \/>\n<meta property=\"og:url\" content=\"https:\/\/swissgliders.ch\/de\/produkt\/oudie-n\/\" \/>\n<meta property=\"og:site_name\" content=\"Gleitschirmschule Thun, Bern, Interlaken\" \/>\n<meta property=\"article:publisher\" content=\"https:\/\/www.facebook.com\/swissgliders\" \/>\n<meta property=\"article:modified_time\" content=\"2026-04-07T20:44:52+00:00\" \/>\n<meta property=\"og:image\" content=\"https:\/\/swissgliders.ch\/wp-content\/uploads\/2022\/02\/Naviter_Vario_Oudie_N-1.jpg\" \/>\n\t<meta property=\"og:image:width\" content=\"1800\" \/>\n\t<meta property=\"og:image:height\" content=\"1906\" \/>\n\t<meta property=\"og:image:type\" content=\"image\/jpeg\" \/>\n<meta name=\"twitter:card\" content=\"summary_large_image\" \/>\n<meta name=\"twitter:site\" content=\"@Swissgliders\" \/>\n<meta name=\"twitter:label1\" content=\"Preis\" \/>\n\t<meta name=\"twitter:data1\" content=\"&#067;&#072;&#070;&nbsp;822.00\" \/>\n\t<meta name=\"twitter:label2\" content=\"Verf\u00fcgbarkeit\" \/>\n\t<meta name=\"twitter:data2\" content=\"Auf Lager\" \/>\n<script type=\"application\/ld+json\" class=\"yoast-schema-graph\">{\"@context\":\"https:\\\/\\\/schema.org\",\"@graph\":[{\"@type\":\"WebPage\",\"@id\":\"https:\\\/\\\/swissgliders.ch\\\/de\\\/produkt\\\/oudie-n\\\/\",\"url\":\"https:\\\/\\\/swissgliders.ch\\\/de\\\/produkt\\\/oudie-n\\\/\",\"name\":\"Naviter Oudie N\",\"isPartOf\":{\"@id\":\"https:\\\/\\\/swissgliders.ch\\\/de\\\/#website\"},\"primaryImageOfPage\":{\"@id\":\"https:\\\/\\\/swissgliders.ch\\\/de\\\/produkt\\\/oudie-n\\\/#primaryimage\"},\"image\":{\"@id\":\"https:\\\/\\\/swissgliders.ch\\\/de\\\/produkt\\\/oudie-n\\\/#primaryimage\"},\"thumbnailUrl\":\"https:\\\/\\\/swissgliders.ch\\\/wp-content\\\/uploads\\\/2022\\\/02\\\/Naviter_Vario_Oudie_N-1.jpg\",\"datePublished\":\"2022-02-14T16:28:21+00:00\",\"dateModified\":\"2026-04-07T20:44:52+00:00\",\"description\":\"Variometer und Universal-Flug-Navigationsinstrument\",\"breadcrumb\":{\"@id\":\"https:\\\/\\\/swissgliders.ch\\\/de\\\/produkt\\\/oudie-n\\\/#breadcrumb\"},\"inLanguage\":\"de\",\"potentialAction\":[{\"@type\":\"ReadAction\",\"target\":[\"https:\\\/\\\/swissgliders.ch\\\/de\\\/produkt\\\/oudie-n\\\/\"]}]},{\"@type\":\"ImageObject\",\"inLanguage\":\"de\",\"@id\":\"https:\\\/\\\/swissgliders.ch\\\/de\\\/produkt\\\/oudie-n\\\/#primaryimage\",\"url\":\"https:\\\/\\\/swissgliders.ch\\\/wp-content\\\/uploads\\\/2022\\\/02\\\/Naviter_Vario_Oudie_N-1.jpg\",\"contentUrl\":\"https:\\\/\\\/swissgliders.ch\\\/wp-content\\\/uploads\\\/2022\\\/02\\\/Naviter_Vario_Oudie_N-1.jpg\",\"width\":1800,\"height\":1906,\"caption\":\"Naviter_Vario_Oudie_N-1\"},{\"@type\":\"BreadcrumbList\",\"@id\":\"https:\\\/\\\/swissgliders.ch\\\/de\\\/produkt\\\/oudie-n\\\/#breadcrumb\",\"itemListElement\":[{\"@type\":\"ListItem\",\"position\":1,\"name\":\"Startseite\",\"item\":\"https:\\\/\\\/swissgliders.ch\\\/de\\\/willkommen\\\/\"},{\"@type\":\"ListItem\",\"position\":2,\"name\":\"Gleitschirm Shop\",\"item\":\"https:\\\/\\\/swissgliders.ch\\\/de\\\/gleitschirm-shop\\\/\"},{\"@type\":\"ListItem\",\"position\":3,\"name\":\"Naviter Oudie N\"}]},{\"@type\":\"WebSite\",\"@id\":\"https:\\\/\\\/swissgliders.ch\\\/de\\\/#website\",\"url\":\"https:\\\/\\\/swissgliders.ch\\\/de\\\/\",\"name\":\"Gleitschirmschule Thun, Bern, Interlaken\",\"description\":\"Gleitschirmschule Thun, Bern, Interlaken\",\"publisher\":{\"@id\":\"https:\\\/\\\/swissgliders.ch\\\/de\\\/#organization\"},\"potentialAction\":[{\"@type\":\"SearchAction\",\"target\":{\"@type\":\"EntryPoint\",\"urlTemplate\":\"https:\\\/\\\/swissgliders.ch\\\/de\\\/?s={search_term_string}\"},\"query-input\":{\"@type\":\"PropertyValueSpecification\",\"valueRequired\":true,\"valueName\":\"search_term_string\"}}],\"inLanguage\":\"de\"},{\"@type\":\"Organization\",\"@id\":\"https:\\\/\\\/swissgliders.ch\\\/de\\\/#organization\",\"name\":\"Swissgliders Gleitschirmflugschule Thun\",\"url\":\"https:\\\/\\\/swissgliders.ch\\\/de\\\/\",\"logo\":{\"@type\":\"ImageObject\",\"inLanguage\":\"de\",\"@id\":\"https:\\\/\\\/swissgliders.ch\\\/de\\\/#\\\/schema\\\/logo\\\/image\\\/\",\"url\":\"https:\\\/\\\/swissgliders.ch\\\/wp-content\\\/uploads\\\/2019\\\/12\\\/swissgliders-logo-rgb-square-L-no-ch-01.png\",\"contentUrl\":\"https:\\\/\\\/swissgliders.ch\\\/wp-content\\\/uploads\\\/2019\\\/12\\\/swissgliders-logo-rgb-square-L-no-ch-01.png\",\"width\":2500,\"height\":2500,\"caption\":\"Swissgliders Gleitschirmflugschule Thun\"},\"image\":{\"@id\":\"https:\\\/\\\/swissgliders.ch\\\/de\\\/#\\\/schema\\\/logo\\\/image\\\/\"},\"sameAs\":[\"https:\\\/\\\/www.facebook.com\\\/swissgliders\",\"https:\\\/\\\/x.com\\\/Swissgliders\",\"https:\\\/\\\/www.instagram.com\\\/swissgliders\\\/\",\"https:\\\/\\\/www.youtube.com\\\/channel\\\/UCMCtGdepy9vBhrhX3V_oJOA\"],\"hasMerchantReturnPolicy\":{\"@type\":\"MerchantReturnPolicy\",\"merchantReturnLink\":\"https:\\\/\\\/swissgliders.ch\\\/de\\\/allgemeine-geschaftsbedingungen\\\/\"}}]}<\/script>\n<meta property=\"product:price:amount\" content=\"822.00\" \/>\n<meta property=\"product:price:currency\" content=\"CHF\" \/>\n<meta property=\"og:availability\" content=\"instock\" \/>\n<meta property=\"product:availability\" content=\"instock\" \/>\n<meta property=\"product:condition\" content=\"new\" \/>\n<!-- \/ Yoast SEO Premium plugin. -->","yoast_head_json":{"title":"Naviter Oudie N","description":"Variometer und Universal-Flug-Navigationsinstrument","robots":{"index":"index","follow":"follow","max-snippet":"max-snippet:-1","max-image-preview":"max-image-preview:large","max-video-preview":"max-video-preview:-1"},"canonical":"https:\/\/swissgliders.ch\/de\/produkt\/oudie-n\/","og_locale":"de_DE","og_type":"article","og_title":"Naviter Oudie N","og_description":"Variometer und Universal-Flug-Navigationsinstrument","og_url":"https:\/\/swissgliders.ch\/de\/produkt\/oudie-n\/","og_site_name":"Gleitschirmschule Thun, Bern, Interlaken","article_publisher":"https:\/\/www.facebook.com\/swissgliders","article_modified_time":"2026-04-07T20:44:52+00:00","og_image":[{"width":1800,"height":1906,"url":"https:\/\/swissgliders.ch\/wp-content\/uploads\/2022\/02\/Naviter_Vario_Oudie_N-1.jpg","type":"image\/jpeg"}],"twitter_card":"summary_large_image","twitter_site":"@Swissgliders","twitter_misc":{"Preis":"&#67;&#72;&#70;&nbsp;822.00","Verf\u00fcgbarkeit":"Auf Lager"},"schema":{"@context":"https:\/\/schema.org","@graph":[{"@type":"WebPage","@id":"https:\/\/swissgliders.ch\/de\/produkt\/oudie-n\/","url":"https:\/\/swissgliders.ch\/de\/produkt\/oudie-n\/","name":"Naviter Oudie N","isPartOf":{"@id":"https:\/\/swissgliders.ch\/de\/#website"},"primaryImageOfPage":{"@id":"https:\/\/swissgliders.ch\/de\/produkt\/oudie-n\/#primaryimage"},"image":{"@id":"https:\/\/swissgliders.ch\/de\/produkt\/oudie-n\/#primaryimage"},"thumbnailUrl":"https:\/\/swissgliders.ch\/wp-content\/uploads\/2022\/02\/Naviter_Vario_Oudie_N-1.jpg","datePublished":"2022-02-14T16:28:21+00:00","dateModified":"2026-04-07T20:44:52+00:00","description":"Variometer und Universal-Flug-Navigationsinstrument","breadcrumb":{"@id":"https:\/\/swissgliders.ch\/de\/produkt\/oudie-n\/#breadcrumb"},"inLanguage":"de","potentialAction":[{"@type":"ReadAction","target":["https:\/\/swissgliders.ch\/de\/produkt\/oudie-n\/"]}]},{"@type":"ImageObject","inLanguage":"de","@id":"https:\/\/swissgliders.ch\/de\/produkt\/oudie-n\/#primaryimage","url":"https:\/\/swissgliders.ch\/wp-content\/uploads\/2022\/02\/Naviter_Vario_Oudie_N-1.jpg","contentUrl":"https:\/\/swissgliders.ch\/wp-content\/uploads\/2022\/02\/Naviter_Vario_Oudie_N-1.jpg","width":1800,"height":1906,"caption":"Naviter_Vario_Oudie_N-1"},{"@type":"BreadcrumbList","@id":"https:\/\/swissgliders.ch\/de\/produkt\/oudie-n\/#breadcrumb","itemListElement":[{"@type":"ListItem","position":1,"name":"Startseite","item":"https:\/\/swissgliders.ch\/de\/willkommen\/"},{"@type":"ListItem","position":2,"name":"Gleitschirm Shop","item":"https:\/\/swissgliders.ch\/de\/gleitschirm-shop\/"},{"@type":"ListItem","position":3,"name":"Naviter Oudie N"}]},{"@type":"WebSite","@id":"https:\/\/swissgliders.ch\/de\/#website","url":"https:\/\/swissgliders.ch\/de\/","name":"Gleitschirmschule Thun, Bern, Interlaken","description":"Gleitschirmschule Thun, Bern, Interlaken","publisher":{"@id":"https:\/\/swissgliders.ch\/de\/#organization"},"potentialAction":[{"@type":"SearchAction","target":{"@type":"EntryPoint","urlTemplate":"https:\/\/swissgliders.ch\/de\/?s={search_term_string}"},"query-input":{"@type":"PropertyValueSpecification","valueRequired":true,"valueName":"search_term_string"}}],"inLanguage":"de"},{"@type":"Organization","@id":"https:\/\/swissgliders.ch\/de\/#organization","name":"Swissgliders Gleitschirmflugschule Thun","url":"https:\/\/swissgliders.ch\/de\/","logo":{"@type":"ImageObject","inLanguage":"de","@id":"https:\/\/swissgliders.ch\/de\/#\/schema\/logo\/image\/","url":"https:\/\/swissgliders.ch\/wp-content\/uploads\/2019\/12\/swissgliders-logo-rgb-square-L-no-ch-01.png","contentUrl":"https:\/\/swissgliders.ch\/wp-content\/uploads\/2019\/12\/swissgliders-logo-rgb-square-L-no-ch-01.png","width":2500,"height":2500,"caption":"Swissgliders Gleitschirmflugschule Thun"},"image":{"@id":"https:\/\/swissgliders.ch\/de\/#\/schema\/logo\/image\/"},"sameAs":["https:\/\/www.facebook.com\/swissgliders","https:\/\/x.com\/Swissgliders","https:\/\/www.instagram.com\/swissgliders\/","https:\/\/www.youtube.com\/channel\/UCMCtGdepy9vBhrhX3V_oJOA"],"hasMerchantReturnPolicy":{"@type":"MerchantReturnPolicy","merchantReturnLink":"https:\/\/swissgliders.ch\/de\/allgemeine-geschaftsbedingungen\/"}}]},"product_price_amount":"822.00","product_price_currency":"CHF","og_availability":"instock","product_availability":"instock","product_condition":"new"},"_links":{"self":[{"href":"https:\/\/swissgliders.ch\/de\/wp-json\/wp\/v2\/product\/8041","targetHints":{"allow":["GET"]}}],"collection":[{"href":"https:\/\/swissgliders.ch\/de\/wp-json\/wp\/v2\/product"}],"about":[{"href":"https:\/\/swissgliders.ch\/de\/wp-json\/wp\/v2\/types\/product"}],"replies":[{"embeddable":true,"href":"https:\/\/swissgliders.ch\/de\/wp-json\/wp\/v2\/comments?post=8041"}],"wp:featuredmedia":[{"embeddable":true,"href":"https:\/\/swissgliders.ch\/de\/wp-json\/wp\/v2\/media\/21674"}],"wp:attachment":[{"href":"https:\/\/swissgliders.ch\/de\/wp-json\/wp\/v2\/media?parent=8041"}],"wp:term":[{"taxonomy":"product_brand","embeddable":true,"href":"https:\/\/swissgliders.ch\/de\/wp-json\/wp\/v2\/product_brand?post=8041"},{"taxonomy":"product_cat","embeddable":true,"href":"https:\/\/swissgliders.ch\/de\/wp-json\/wp\/v2\/product_cat?post=8041"},{"taxonomy":"product_tag","embeddable":true,"href":"https:\/\/swissgliders.ch\/de\/wp-json\/wp\/v2\/product_tag?post=8041"}],"curies":[{"name":"wp","href":"https:\/\/api.w.org\/{rel}","templated":true}]}}