{"id":8165,"date":"2022-03-23T14:08:52","date_gmt":"2022-03-23T13:08:52","guid":{"rendered":"https:\/\/swissgliders.ch\/?post_type=product&#038;p=8165"},"modified":"2026-03-15T18:34:14","modified_gmt":"2026-03-15T17:34:14","slug":"vario-skybean2","status":"publish","type":"product","link":"https:\/\/swissgliders.ch\/de\/produkt\/vario-skybean2\/","title":{"rendered":"Skybean Vario SkyBean2"},"content":{"rendered":"<div>\n<h3 class=\"h1\"><br class=\"avia-permanent-lb\" \/>SkyBean2<\/h3>\n<\/div>\n<div class=\"panel-heading\"><img loading=\"lazy\" decoding=\"async\" class=\"\" src=\"https:\/\/media.skybean.eu\/110-large_default\/skybean-vario2.jpg\" width=\"602\" height=\"602\" \/><\/div>\n<div><\/div>\n<div id=\"tabs-223-1\" class=\"panel-collapse collapse in\">\n<div class=\"panel-body\">\n<div id=\"beschreibung\" class=\"info_panel_accordion_tab_content\" data-update=\"beschreibung\">\n<p class=\"no_margin\">Das SkyBean2 ist ein kompaktes Akustikvario, robust und gilt als zuverl\u00e4ssiger Flugassistent.<\/p>\n<\/div>\n<\/div>\n<\/div>\n<div class=\"panel-heading\">\n<div class=\"panel-title\"><a class=\"in\" href=\"https:\/\/flyovershop.ch\/webshop\/pi.php\/SkyBean\/skybean-2.html#tabs-223-1\" data-toggle=\"collapse\" data-parent=\"#accordion-1\">Beschreibung<\/a><\/div>\n<\/div>\n<div id=\"tabs-223-1\" class=\"panel-collapse collapse in\">\n<div class=\"panel-body\">\n<div id=\"beschreibung\" class=\"info_panel_accordion_tab_content\" data-update=\"beschreibung\">\n<p class=\"content no_margin\">Swiss Edition\u00a0mit zus\u00e4tzlichem USB-Kabel micro-USB auf USB-C<\/p>\n<p>Fluganf\u00e4nger sollten ihre Aufmerksamkeit auf die grundlegenden Flugvorbereitungen richten und nicht auf das Einrichten eines komplexen Fluginstruments. Auch w\u00e4hrend des Fluges muss er\/sie sich auf all die neuen Gef\u00fchle konzentrieren und nicht auf das Studium der aktuellen Gleitzahl auf halber Strecke.<br \/>\nGewerbliche Tandempiloten haben keinen Platz f\u00fcr gro\u00dfe Instrumente und brauchen auch keine \u00fcberfl\u00fcssigen Informationen in ihrem bekannten Gel\u00e4nde.<br \/>\nSkyBean2 kann jahrelang ruhig in der Gurtzeug-Tasche bleiben und erf\u00fcllt auch seinen Dienst, wenn Du dein Haupt-Vario mal zu Hause vergessen hast.<\/p>\n<p class=\"no_margin\">Bald alle haben ein Smartphone. Diejenigen mit Android k\u00f6nnen ihr Mobiltelefon in einen vollwertigen Flugcomputer verwandeln, wenn sie SkyBean2 als Baro-Sonde mit der XCTrack-App verbinden. Ideal f\u00fcr Hike-and-Fly. Der Drucksensor des SkyBean2 ist jedem Smartphone bei weitem \u00fcberlegen.<\/p>\n<p class=\"no_margin\">Dient das Fliegen einfach nur Deiner nat\u00fcrlichen Entspannung? SkyBean2 kann als kleiner, anspruchsloser Assistent dienen, der hunderte von Stunden ohne Energiezufuhr funktioniert.<br \/>\nSkyBean2 ist nicht nur ein einfaches Audiovario, denn es bietet eine Vielzahl von individuellen, fortgeschrittenen Einstellungen, die \u00fcber eine benutzerfreundliche PC-Schnittstelle eingestellt werden k\u00f6nnen.<\/p>\n<div id=\"extra-0\" class=\"tab-pane fade in active\" aria-expanded=\"true\">\n<div id=\"an_bootstraptabs\">\n<p><strong> <br class=\"avia-permanent-lb\" \/><br class=\"avia-permanent-lb\" \/>Technische Daten:<\/strong><\/p>\n<ul>\n<li>Gewicht 23 Gramm<\/li>\n<li>Masse 62x28x15 mm<\/li>\n<li>Batterie CR2032, h\u00e4lt 150 Stunden<\/li>\n<\/ul>\n<p><strong>Funktionen:<\/strong><\/p>\n<ul>\n<li>3 voreingestellte Tonprofile<\/li>\n<li>weltbester Drucksensor MS5611<\/li>\n<li>USB Schnittstelle f\u00fcr PC und Android<\/li>\n<li>Daten des Drucksensors k\u00f6nnen an die Android-Apps XCTrack via OTG Kabel weitergeleitet werden.<\/li>\n<li>Einfach zu nutzende PC Applikation, klick\u00a0<strong><a href=\"https:\/\/vps.skybean.eu\/apps\/\" target=\"_blank\" rel=\"noopener\">hier<\/a><\/strong><\/li>\n<li>Lautst\u00e4rke, Sink- und Steigtoneinsatz ist konfigurierbar<\/li>\n<\/ul>\n<p><strong>Lieferumfang:<\/strong><\/p>\n<ul>\n<li>SkyBean2 variometer mit Sicherungsleine<\/li>\n<li>selbstklebender 3M\u2122 Dual Lock\u2122 Adapter<\/li>\n<li>micro USB Kabel auf USB-A<\/li>\n<li>micro USB Kabel auf USB-C (Swiss Edition)<\/li>\n<li>Bedienungsanleitung<\/li>\n<li>Aufkleber<\/li>\n<\/ul>\n<p class=\"no_margin\"><strong>Support:<\/strong><\/p>\n<p class=\"no_margin\">Das SkyBean2 ist sehr einfach zu bedienen, bitte lese \u00fcber den Link das\u00a0<a href=\"https:\/\/vps.skybean.eu\/manuals\/SkyBean2_manual.pdf\" target=\"_blank\" rel=\"noopener\">Benutzerhandbuch<\/a>. Hier gibt es noch einige n\u00fctzliche Hinweise:<\/p>\n<p>Das reine Akustikvario erstellt keine IGC-Tracklogs, da kein GPS-Empf\u00e4nger an Bord ist. Daf\u00fcr h\u00e4lt der Akku mehr als 150 Flugstunden.<br \/>\nDu kannst die Lautst\u00e4rke, die Schwellwerte f\u00fcr Steigen und Sinken einstellen oder eines von drei voreingestellten Audioprofilen w\u00e4hlen, indem Du einfach eine Taste dr\u00fcckst. Wie auch immer die Schwellenwerte f\u00fcr Anheben und Absenken definiert sind, Du kannst sie \u00fcber einen einfachen PC-Konfigurator \u00e4ndern und auch Deine eigenes Tonprofil einstellen.<br \/>\nWir empfehlen das Vario am Helm in der N\u00e4he der Ohrpolster zu befestigen. Bringe es auf der gegen\u00fcberliegenden Seite des Helms an, auf der Du dich w\u00e4hrend des Starts drehst, z.B. montiere es neben dem linken Ohrpolster des Helms, wenn deine Drehseite w\u00e4hrend des R\u00fcckw\u00e4rtsstarts rechts ist.<br \/>\nDu kannst das SkyBean2 mit der XCTrack-App auf deinem Android-Ger\u00e4t verbinden. Dazu ben\u00f6tigst Du ein USB-OTG-Kabel oder einen Adapter f\u00fcr eine Varioverbindung. W\u00e4hle den USB-Sensor im Men\u00fc Einstellungen&gt;Verbindung &amp; Sensoren &gt; Externer Sensor. Stelle die &#8222;Baudrate f\u00fcr FTDI-Ger\u00e4te&#8220; auf 115200. Es gibt eine Schaltfl\u00e4che &#8222;Kalibrieren&#8220;, wo Du den Datenfluss sehen kannst, wenn das Vario angeschlossen und eingeschaltet ist. Setze die Gl\u00e4ttung auf 1.0 (Vario ist bereits gefiltert, so dass Du es nicht erneut filtern musst). Wir unterst\u00fctzen nur die XCTrack-App, da andere Plattformen nicht \u00fcber die erforderlichen HW- oder SW-Komponenten verf\u00fcgen.<br \/>\nWenn Du die Firmware des Varios neu flashen musst oder dein SkyBean2 w\u00e4hrend des Updates versehentlich abgest\u00fcrzt ist, verwende diesen Support-Leitfaden, um diese Probleme zu l\u00f6sen.<\/p>\n<p>Wenn Du hier keine L\u00f6sung f\u00fcr dein Problem gefunden hast, schreibe bitte eine Email an info@skybean.eu. Bitte sende das Ger\u00e4t nie ohne vorherige R\u00fccksprache an den Hersteller zur\u00fcck.<\/p>\n<p>Video:<\/p>\n<\/div>\n<\/div>\n<p class=\"no_margin\"><a href=\"https:\/\/youtu.be\/K36qRuHKj7s\">https:\/\/youtu.be\/K36qRuHKj7s<\/a><\/p>\n<\/div>\n<\/div>\n<\/div>\n<p><br class=\"avia-permanent-lb\" \/>Mehr<a href=\"https:\/\/skybean.eu\/skybean-vario2\" target=\"_blank\" rel=\"noopener noreferrer\"> Infos<\/a><\/p>\n<p>Lieferfrist 2-3 Tage<\/p>\n","protected":false},"excerpt":{"rendered":"<div>\n<h3 class=\"h1\"><br class=\"avia-permanent-lb\" \/>SkyBean2<\/h3>\n<\/div>\n<div class=\"panel-heading\"><img loading=\"lazy\" decoding=\"async\" class=\"\" src=\"https:\/\/media.skybean.eu\/110-large_default\/skybean-vario2.jpg\" width=\"602\" height=\"602\" \/><\/div>\n<div><\/div>\n<div id=\"tabs-223-1\" class=\"panel-collapse collapse in\">\n<div class=\"panel-body\">\n<div id=\"beschreibung\" class=\"info_panel_accordion_tab_content\" data-update=\"beschreibung\">\n<p class=\"no_margin\">Das SkyBean2 ist ein kompaktes Akustikvario, robust und gilt als zuverl\u00e4ssiger Flugassistent.<\/p>\n<\/div>\n<\/div>\n<\/div>\n<div class=\"panel-heading\">\n<div class=\"panel-title\"><a class=\"in\" href=\"https:\/\/flyovershop.ch\/webshop\/pi.php\/SkyBean\/skybean-2.html#tabs-223-1\" data-toggle=\"collapse\" data-parent=\"#accordion-1\">Beschreibung<\/a><\/div>\n<\/div>\n<div id=\"tabs-223-1\" class=\"panel-collapse collapse in\">\n<div class=\"panel-body\">\n<div id=\"beschreibung\" class=\"info_panel_accordion_tab_content\" data-update=\"beschreibung\">\n<p class=\"content no_margin\">Swiss Edition\u00a0mit zus\u00e4tzlichem USB-Kabel micro-USB auf USB-C<\/p>\n<p>Fluganf\u00e4nger sollten ihre Aufmerksamkeit auf die grundlegenden Flugvorbereitungen richten und nicht auf das Einrichten eines komplexen Fluginstruments. Auch w\u00e4hrend des Fluges muss er\/sie sich auf all die neuen Gef\u00fchle konzentrieren und nicht auf das Studium der aktuellen Gleitzahl auf halber Strecke.<br \/>\nGewerbliche Tandempiloten haben keinen Platz f\u00fcr gro\u00dfe Instrumente und brauchen auch keine \u00fcberfl\u00fcssigen Informationen in ihrem bekannten Gel\u00e4nde.<br \/>\nSkyBean2 kann jahrelang ruhig in der Gurtzeug-Tasche bleiben und erf\u00fcllt auch seinen Dienst, wenn Du dein Haupt-Vario mal zu Hause vergessen hast.<\/p>\n<p class=\"no_margin\">Bald alle haben ein Smartphone. Diejenigen mit Android k\u00f6nnen ihr Mobiltelefon in einen vollwertigen Flugcomputer verwandeln, wenn sie SkyBean2 als Baro-Sonde mit der XCTrack-App verbinden. Ideal f\u00fcr Hike-and-Fly. Der Drucksensor des SkyBean2 ist jedem Smartphone bei weitem \u00fcberlegen.<\/p>\n<p class=\"no_margin\">Dient das Fliegen einfach nur Deiner nat\u00fcrlichen Entspannung? SkyBean2 kann als kleiner, anspruchsloser Assistent dienen, der hunderte von Stunden ohne Energiezufuhr funktioniert.<br \/>\nSkyBean2 ist nicht nur ein einfaches Audiovario, denn es bietet eine Vielzahl von individuellen, fortgeschrittenen Einstellungen, die \u00fcber eine benutzerfreundliche PC-Schnittstelle eingestellt werden k\u00f6nnen.<\/p>\n<div id=\"extra-0\" class=\"tab-pane fade in active\" aria-expanded=\"true\">\n<div id=\"an_bootstraptabs\">\n<p><strong> <br class=\"avia-permanent-lb\" \/><br class=\"avia-permanent-lb\" \/>Technische Daten:<\/strong><\/p>\n<ul>\n<li>Gewicht 23 Gramm<\/li>\n<li>Masse 62x28x15 mm<\/li>\n<li>Batterie CR2032, h\u00e4lt 150 Stunden<\/li>\n<\/ul>\n<p><strong>Funktionen:<\/strong><\/p>\n<ul>\n<li>3 voreingestellte Tonprofile<\/li>\n<li>weltbester Drucksensor MS5611<\/li>\n<li>USB Schnittstelle f\u00fcr PC und Android<\/li>\n<li>Daten des Drucksensors k\u00f6nnen an die Android-Apps XCTrack via OTG Kabel weitergeleitet werden.<\/li>\n<li>Einfach zu nutzende PC Applikation, klick\u00a0<strong><a href=\"https:\/\/vps.skybean.eu\/apps\/\" target=\"_blank\" rel=\"noopener\">hier<\/a><\/strong><\/li>\n<li>Lautst\u00e4rke, Sink- und Steigtoneinsatz ist konfigurierbar<\/li>\n<\/ul>\n<p><strong>Lieferumfang:<\/strong><\/p>\n<ul>\n<li>SkyBean2 variometer mit Sicherungsleine<\/li>\n<li>selbstklebender 3M\u2122 Dual Lock\u2122 Adapter<\/li>\n<li>micro USB Kabel auf USB-A<\/li>\n<li>micro USB Kabel auf USB-C (Swiss Edition)<\/li>\n<li>Bedienungsanleitung<\/li>\n<li>Aufkleber<\/li>\n<\/ul>\n<p class=\"no_margin\"><strong>Support:<\/strong><\/p>\n<p class=\"no_margin\">Das SkyBean2 ist sehr einfach zu bedienen, bitte lese \u00fcber den Link das\u00a0<a href=\"https:\/\/vps.skybean.eu\/manuals\/SkyBean2_manual.pdf\" target=\"_blank\" rel=\"noopener\">Benutzerhandbuch<\/a>. Hier gibt es noch einige n\u00fctzliche Hinweise:<\/p>\n<p>Das reine Akustikvario erstellt keine IGC-Tracklogs, da kein GPS-Empf\u00e4nger an Bord ist. Daf\u00fcr h\u00e4lt der Akku mehr als 150 Flugstunden.<br \/>\nDu kannst die Lautst\u00e4rke, die Schwellwerte f\u00fcr Steigen und Sinken einstellen oder eines von drei voreingestellten Audioprofilen w\u00e4hlen, indem Du einfach eine Taste dr\u00fcckst. Wie auch immer die Schwellenwerte f\u00fcr Anheben und Absenken definiert sind, Du kannst sie \u00fcber einen einfachen PC-Konfigurator \u00e4ndern und auch Deine eigenes Tonprofil einstellen.<br \/>\nWir empfehlen das Vario am Helm in der N\u00e4he der Ohrpolster zu befestigen. Bringe es auf der gegen\u00fcberliegenden Seite des Helms an, auf der Du dich w\u00e4hrend des Starts drehst, z.B. montiere es neben dem linken Ohrpolster des Helms, wenn deine Drehseite w\u00e4hrend des R\u00fcckw\u00e4rtsstarts rechts ist.<br \/>\nDu kannst das SkyBean2 mit der XCTrack-App auf deinem Android-Ger\u00e4t verbinden. Dazu ben\u00f6tigst Du ein USB-OTG-Kabel oder einen Adapter f\u00fcr eine Varioverbindung. W\u00e4hle den USB-Sensor im Men\u00fc Einstellungen&gt;Verbindung &amp; Sensoren &gt; Externer Sensor. Stelle die &#8222;Baudrate f\u00fcr FTDI-Ger\u00e4te&#8220; auf 115200. Es gibt eine Schaltfl\u00e4che &#8222;Kalibrieren&#8220;, wo Du den Datenfluss sehen kannst, wenn das Vario angeschlossen und eingeschaltet ist. Setze die Gl\u00e4ttung auf 1.0 (Vario ist bereits gefiltert, so dass Du es nicht erneut filtern musst). Wir unterst\u00fctzen nur die XCTrack-App, da andere Plattformen nicht \u00fcber die erforderlichen HW- oder SW-Komponenten verf\u00fcgen.<br \/>\nWenn Du die Firmware des Varios neu flashen musst oder dein SkyBean2 w\u00e4hrend des Updates versehentlich abgest\u00fcrzt ist, verwende diesen Support-Leitfaden, um diese Probleme zu l\u00f6sen.<\/p>\n<p>Wenn Du hier keine L\u00f6sung f\u00fcr dein Problem gefunden hast, schreibe bitte eine Email an info@skybean.eu. Bitte sende das Ger\u00e4t nie ohne vorherige R\u00fccksprache an den Hersteller zur\u00fcck.<\/p>\n<p>Video:<\/p>\n<\/div>\n<\/div>\n<p class=\"no_margin\"><a href=\"https:\/\/youtu.be\/K36qRuHKj7s\">https:\/\/youtu.be\/K36qRuHKj7s<\/a><\/p>\n<\/div>\n<\/div>\n<\/div>\n<p><br class=\"avia-permanent-lb\" \/>Mehr<a href=\"https:\/\/skybean.eu\/skybean-vario2\" target=\"_blank\" rel=\"noopener noreferrer\"> Infos<\/a><\/p>\n<p>Lieferfrist 2-3 Tage<\/p>\n","protected":false},"featured_media":8166,"comment_status":"closed","ping_status":"closed","template":"","meta":[],"product_brand":[2710],"product_cat":[2113,402],"product_tag":[1545,410],"class_list":{"0":"post-8165","1":"product","2":"type-product","3":"status-publish","4":"has-post-thumbnail","6":"product_brand-skybean","7":"product_cat-gleitschirm-varios","8":"product_cat-gleitschirm-zubehoer","9":"product_tag-vario","10":"product_tag-zubehoer","11":"product_shipping_class-priority-2kg-de","13":"first","14":"instock","15":"shipping-taxable","16":"purchasable","17":"product-type-variable"},"yoast_head":"<!-- This site is optimized with the Yoast SEO Premium plugin v26.1 (Yoast SEO v27.3) - https:\/\/yoast.com\/product\/yoast-seo-premium-wordpress\/ -->\n<title>Skybean Vario SkyBean2 | Gleitschirmschule Thun, Bern, Interlaken<\/title>\n<meta name=\"description\" content=\"Das SkyBean2 ist ein kompaktes Akustikvario, robust und gilt als zuverl\u00e4ssiger Flugassistent.\" \/>\n<meta name=\"robots\" content=\"index, follow, max-snippet:-1, max-image-preview:large, max-video-preview:-1\" \/>\n<link rel=\"canonical\" href=\"https:\/\/swissgliders.ch\/de\/produkt\/vario-skybean2\/\" \/>\n<meta property=\"og:locale\" content=\"de_DE\" \/>\n<meta property=\"og:type\" content=\"article\" \/>\n<meta property=\"og:title\" content=\"Skybean Vario SkyBean2\" \/>\n<meta property=\"og:description\" content=\"Das SkyBean2 ist ein kompaktes Akustikvario, robust und gilt als zuverl\u00e4ssiger Flugassistent.\" \/>\n<meta property=\"og:url\" content=\"https:\/\/swissgliders.ch\/de\/produkt\/vario-skybean2\/\" \/>\n<meta property=\"og:site_name\" content=\"Gleitschirmschule Thun, Bern, Interlaken\" \/>\n<meta property=\"article:publisher\" content=\"https:\/\/www.facebook.com\/swissgliders\" \/>\n<meta property=\"article:modified_time\" content=\"2026-03-15T17:34:14+00:00\" \/>\n<meta property=\"og:image\" content=\"https:\/\/swissgliders.ch\/wp-content\/uploads\/2022\/03\/Skybean_Vario_Skybean2.png\" \/>\n\t<meta property=\"og:image:width\" content=\"800\" \/>\n\t<meta property=\"og:image:height\" content=\"800\" \/>\n\t<meta property=\"og:image:type\" content=\"image\/png\" \/>\n<meta name=\"twitter:card\" content=\"summary_large_image\" \/>\n<meta name=\"twitter:site\" content=\"@Swissgliders\" \/>\n<meta name=\"twitter:label1\" content=\"Verf\u00fcgbarkeit\" \/>\n\t<meta name=\"twitter:data1\" content=\"Auf Lager\" \/>\n<script type=\"application\/ld+json\" class=\"yoast-schema-graph\">{\"@context\":\"https:\\\/\\\/schema.org\",\"@graph\":[{\"@type\":\"WebPage\",\"@id\":\"https:\\\/\\\/swissgliders.ch\\\/de\\\/produkt\\\/vario-skybean2\\\/\",\"url\":\"https:\\\/\\\/swissgliders.ch\\\/de\\\/produkt\\\/vario-skybean2\\\/\",\"name\":\"Skybean Vario SkyBean2 | Gleitschirmschule Thun, Bern, Interlaken\",\"isPartOf\":{\"@id\":\"https:\\\/\\\/swissgliders.ch\\\/de\\\/#website\"},\"primaryImageOfPage\":{\"@id\":\"https:\\\/\\\/swissgliders.ch\\\/de\\\/produkt\\\/vario-skybean2\\\/#primaryimage\"},\"image\":{\"@id\":\"https:\\\/\\\/swissgliders.ch\\\/de\\\/produkt\\\/vario-skybean2\\\/#primaryimage\"},\"thumbnailUrl\":\"https:\\\/\\\/swissgliders.ch\\\/wp-content\\\/uploads\\\/2022\\\/03\\\/Skybean_Vario_Skybean2.png\",\"datePublished\":\"2022-03-23T13:08:52+00:00\",\"dateModified\":\"2026-03-15T17:34:14+00:00\",\"description\":\"Das SkyBean2 ist ein kompaktes Akustikvario, robust und gilt als zuverl\u00e4ssiger Flugassistent.\",\"breadcrumb\":{\"@id\":\"https:\\\/\\\/swissgliders.ch\\\/de\\\/produkt\\\/vario-skybean2\\\/#breadcrumb\"},\"inLanguage\":\"de\",\"potentialAction\":[{\"@type\":\"ReadAction\",\"target\":[\"https:\\\/\\\/swissgliders.ch\\\/de\\\/produkt\\\/vario-skybean2\\\/\"]}]},{\"@type\":\"ImageObject\",\"inLanguage\":\"de\",\"@id\":\"https:\\\/\\\/swissgliders.ch\\\/de\\\/produkt\\\/vario-skybean2\\\/#primaryimage\",\"url\":\"https:\\\/\\\/swissgliders.ch\\\/wp-content\\\/uploads\\\/2022\\\/03\\\/Skybean_Vario_Skybean2.png\",\"contentUrl\":\"https:\\\/\\\/swissgliders.ch\\\/wp-content\\\/uploads\\\/2022\\\/03\\\/Skybean_Vario_Skybean2.png\",\"width\":800,\"height\":800,\"caption\":\"Skybean_Vario_Skybean2-1\"},{\"@type\":\"BreadcrumbList\",\"@id\":\"https:\\\/\\\/swissgliders.ch\\\/de\\\/produkt\\\/vario-skybean2\\\/#breadcrumb\",\"itemListElement\":[{\"@type\":\"ListItem\",\"position\":1,\"name\":\"Startseite\",\"item\":\"https:\\\/\\\/swissgliders.ch\\\/de\\\/willkommen\\\/\"},{\"@type\":\"ListItem\",\"position\":2,\"name\":\"Gleitschirm Shop\",\"item\":\"https:\\\/\\\/swissgliders.ch\\\/de\\\/gleitschirm-shop\\\/\"},{\"@type\":\"ListItem\",\"position\":3,\"name\":\"Skybean Vario SkyBean2\"}]},{\"@type\":\"WebSite\",\"@id\":\"https:\\\/\\\/swissgliders.ch\\\/de\\\/#website\",\"url\":\"https:\\\/\\\/swissgliders.ch\\\/de\\\/\",\"name\":\"Gleitschirmschule Thun, Bern, Interlaken\",\"description\":\"Gleitschirmschule Thun, Bern, Interlaken\",\"publisher\":{\"@id\":\"https:\\\/\\\/swissgliders.ch\\\/de\\\/#organization\"},\"potentialAction\":[{\"@type\":\"SearchAction\",\"target\":{\"@type\":\"EntryPoint\",\"urlTemplate\":\"https:\\\/\\\/swissgliders.ch\\\/de\\\/?s={search_term_string}\"},\"query-input\":{\"@type\":\"PropertyValueSpecification\",\"valueRequired\":true,\"valueName\":\"search_term_string\"}}],\"inLanguage\":\"de\"},{\"@type\":\"Organization\",\"@id\":\"https:\\\/\\\/swissgliders.ch\\\/de\\\/#organization\",\"name\":\"Swissgliders Gleitschirmflugschule Thun\",\"url\":\"https:\\\/\\\/swissgliders.ch\\\/de\\\/\",\"logo\":{\"@type\":\"ImageObject\",\"inLanguage\":\"de\",\"@id\":\"https:\\\/\\\/swissgliders.ch\\\/de\\\/#\\\/schema\\\/logo\\\/image\\\/\",\"url\":\"https:\\\/\\\/swissgliders.ch\\\/wp-content\\\/uploads\\\/2019\\\/12\\\/swissgliders-logo-rgb-square-L-no-ch-01.png\",\"contentUrl\":\"https:\\\/\\\/swissgliders.ch\\\/wp-content\\\/uploads\\\/2019\\\/12\\\/swissgliders-logo-rgb-square-L-no-ch-01.png\",\"width\":2500,\"height\":2500,\"caption\":\"Swissgliders Gleitschirmflugschule Thun\"},\"image\":{\"@id\":\"https:\\\/\\\/swissgliders.ch\\\/de\\\/#\\\/schema\\\/logo\\\/image\\\/\"},\"sameAs\":[\"https:\\\/\\\/www.facebook.com\\\/swissgliders\",\"https:\\\/\\\/x.com\\\/Swissgliders\",\"https:\\\/\\\/www.instagram.com\\\/swissgliders\\\/\",\"https:\\\/\\\/www.youtube.com\\\/channel\\\/UCMCtGdepy9vBhrhX3V_oJOA\"],\"hasMerchantReturnPolicy\":{\"@type\":\"MerchantReturnPolicy\",\"merchantReturnLink\":\"https:\\\/\\\/swissgliders.ch\\\/de\\\/allgemeine-geschaftsbedingungen\\\/\"}}]}<\/script>\n<meta property=\"og:availability\" content=\"instock\" \/>\n<meta property=\"product:availability\" content=\"instock\" \/>\n<meta property=\"product:condition\" content=\"new\" \/>\n<!-- \/ Yoast SEO Premium plugin. -->","yoast_head_json":{"title":"Skybean Vario SkyBean2 | Gleitschirmschule Thun, Bern, Interlaken","description":"Das SkyBean2 ist ein kompaktes Akustikvario, robust und gilt als zuverl\u00e4ssiger Flugassistent.","robots":{"index":"index","follow":"follow","max-snippet":"max-snippet:-1","max-image-preview":"max-image-preview:large","max-video-preview":"max-video-preview:-1"},"canonical":"https:\/\/swissgliders.ch\/de\/produkt\/vario-skybean2\/","og_locale":"de_DE","og_type":"article","og_title":"Skybean Vario SkyBean2","og_description":"Das SkyBean2 ist ein kompaktes Akustikvario, robust und gilt als zuverl\u00e4ssiger Flugassistent.","og_url":"https:\/\/swissgliders.ch\/de\/produkt\/vario-skybean2\/","og_site_name":"Gleitschirmschule Thun, Bern, Interlaken","article_publisher":"https:\/\/www.facebook.com\/swissgliders","article_modified_time":"2026-03-15T17:34:14+00:00","og_image":[{"width":800,"height":800,"url":"https:\/\/swissgliders.ch\/wp-content\/uploads\/2022\/03\/Skybean_Vario_Skybean2.png","type":"image\/png"}],"twitter_card":"summary_large_image","twitter_site":"@Swissgliders","twitter_misc":{"Verf\u00fcgbarkeit":"Auf Lager"},"schema":{"@context":"https:\/\/schema.org","@graph":[{"@type":"WebPage","@id":"https:\/\/swissgliders.ch\/de\/produkt\/vario-skybean2\/","url":"https:\/\/swissgliders.ch\/de\/produkt\/vario-skybean2\/","name":"Skybean Vario SkyBean2 | Gleitschirmschule Thun, Bern, Interlaken","isPartOf":{"@id":"https:\/\/swissgliders.ch\/de\/#website"},"primaryImageOfPage":{"@id":"https:\/\/swissgliders.ch\/de\/produkt\/vario-skybean2\/#primaryimage"},"image":{"@id":"https:\/\/swissgliders.ch\/de\/produkt\/vario-skybean2\/#primaryimage"},"thumbnailUrl":"https:\/\/swissgliders.ch\/wp-content\/uploads\/2022\/03\/Skybean_Vario_Skybean2.png","datePublished":"2022-03-23T13:08:52+00:00","dateModified":"2026-03-15T17:34:14+00:00","description":"Das SkyBean2 ist ein kompaktes Akustikvario, robust und gilt als zuverl\u00e4ssiger Flugassistent.","breadcrumb":{"@id":"https:\/\/swissgliders.ch\/de\/produkt\/vario-skybean2\/#breadcrumb"},"inLanguage":"de","potentialAction":[{"@type":"ReadAction","target":["https:\/\/swissgliders.ch\/de\/produkt\/vario-skybean2\/"]}]},{"@type":"ImageObject","inLanguage":"de","@id":"https:\/\/swissgliders.ch\/de\/produkt\/vario-skybean2\/#primaryimage","url":"https:\/\/swissgliders.ch\/wp-content\/uploads\/2022\/03\/Skybean_Vario_Skybean2.png","contentUrl":"https:\/\/swissgliders.ch\/wp-content\/uploads\/2022\/03\/Skybean_Vario_Skybean2.png","width":800,"height":800,"caption":"Skybean_Vario_Skybean2-1"},{"@type":"BreadcrumbList","@id":"https:\/\/swissgliders.ch\/de\/produkt\/vario-skybean2\/#breadcrumb","itemListElement":[{"@type":"ListItem","position":1,"name":"Startseite","item":"https:\/\/swissgliders.ch\/de\/willkommen\/"},{"@type":"ListItem","position":2,"name":"Gleitschirm Shop","item":"https:\/\/swissgliders.ch\/de\/gleitschirm-shop\/"},{"@type":"ListItem","position":3,"name":"Skybean Vario SkyBean2"}]},{"@type":"WebSite","@id":"https:\/\/swissgliders.ch\/de\/#website","url":"https:\/\/swissgliders.ch\/de\/","name":"Gleitschirmschule Thun, Bern, Interlaken","description":"Gleitschirmschule Thun, Bern, Interlaken","publisher":{"@id":"https:\/\/swissgliders.ch\/de\/#organization"},"potentialAction":[{"@type":"SearchAction","target":{"@type":"EntryPoint","urlTemplate":"https:\/\/swissgliders.ch\/de\/?s={search_term_string}"},"query-input":{"@type":"PropertyValueSpecification","valueRequired":true,"valueName":"search_term_string"}}],"inLanguage":"de"},{"@type":"Organization","@id":"https:\/\/swissgliders.ch\/de\/#organization","name":"Swissgliders Gleitschirmflugschule Thun","url":"https:\/\/swissgliders.ch\/de\/","logo":{"@type":"ImageObject","inLanguage":"de","@id":"https:\/\/swissgliders.ch\/de\/#\/schema\/logo\/image\/","url":"https:\/\/swissgliders.ch\/wp-content\/uploads\/2019\/12\/swissgliders-logo-rgb-square-L-no-ch-01.png","contentUrl":"https:\/\/swissgliders.ch\/wp-content\/uploads\/2019\/12\/swissgliders-logo-rgb-square-L-no-ch-01.png","width":2500,"height":2500,"caption":"Swissgliders Gleitschirmflugschule Thun"},"image":{"@id":"https:\/\/swissgliders.ch\/de\/#\/schema\/logo\/image\/"},"sameAs":["https:\/\/www.facebook.com\/swissgliders","https:\/\/x.com\/Swissgliders","https:\/\/www.instagram.com\/swissgliders\/","https:\/\/www.youtube.com\/channel\/UCMCtGdepy9vBhrhX3V_oJOA"],"hasMerchantReturnPolicy":{"@type":"MerchantReturnPolicy","merchantReturnLink":"https:\/\/swissgliders.ch\/de\/allgemeine-geschaftsbedingungen\/"}}]},"og_availability":"instock","product_availability":"instock","product_condition":"new"},"_links":{"self":[{"href":"https:\/\/swissgliders.ch\/de\/wp-json\/wp\/v2\/product\/8165","targetHints":{"allow":["GET"]}}],"collection":[{"href":"https:\/\/swissgliders.ch\/de\/wp-json\/wp\/v2\/product"}],"about":[{"href":"https:\/\/swissgliders.ch\/de\/wp-json\/wp\/v2\/types\/product"}],"replies":[{"embeddable":true,"href":"https:\/\/swissgliders.ch\/de\/wp-json\/wp\/v2\/comments?post=8165"}],"wp:featuredmedia":[{"embeddable":true,"href":"https:\/\/swissgliders.ch\/de\/wp-json\/wp\/v2\/media\/8166"}],"wp:attachment":[{"href":"https:\/\/swissgliders.ch\/de\/wp-json\/wp\/v2\/media?parent=8165"}],"wp:term":[{"taxonomy":"product_brand","embeddable":true,"href":"https:\/\/swissgliders.ch\/de\/wp-json\/wp\/v2\/product_brand?post=8165"},{"taxonomy":"product_cat","embeddable":true,"href":"https:\/\/swissgliders.ch\/de\/wp-json\/wp\/v2\/product_cat?post=8165"},{"taxonomy":"product_tag","embeddable":true,"href":"https:\/\/swissgliders.ch\/de\/wp-json\/wp\/v2\/product_tag?post=8165"}],"curies":[{"name":"wp","href":"https:\/\/api.w.org\/{rel}","templated":true}]}}