{"id":8224,"date":"2022-04-06T08:13:54","date_gmt":"2022-04-06T07:13:54","guid":{"rendered":"https:\/\/swissgliders.ch\/?post_type=product&#038;p=8224"},"modified":"2025-05-24T11:05:44","modified_gmt":"2025-05-24T10:05:44","slug":"skywalk-gurtzeug-cruise-ltf09-en","status":"publish","type":"product","link":"https:\/\/swissgliders.ch\/de\/produkt\/skywalk-gurtzeug-cruise-ltf09-en\/","title":{"rendered":"Skywalk Cruise"},"content":{"rendered":"<div class=\"et_pb_module et_pb_text et_pb_text_0 et_pb_bg_layout_light et_pb_text_align_left\">\n<div class=\"et_pb_text_inner\">\n<div class=\"et_pb_module et_pb_text et_pb_text_0 et_pb_text_align_left et_pb_bg_layout_light\">\n<div class=\"et_pb_text_inner\"><strong>Modernes Wohlf\u00fchlen. Kompakt und innovativ.<\/p>\n<p><img loading=\"lazy\" decoding=\"async\" class=\"\" src=\"https:\/\/skywalk.info\/files\/2022\/03\/Cruise-RZ-VL-Freisteller.jpg\" alt=\"undefined\" width=\"607\" height=\"455\" \/><br \/>\n<\/strong><\/div>\n<\/div>\n<div class=\"et_pb_module et_pb_text et_pb_text_1 et_pb_text_align_left et_pb_bg_layout_light\">\n<div class=\"et_pb_text_inner\">\n<p>Das CRUISE ist ein kompaktes Komfortgurtzeug, gebaut auf dem modernsten Stand der Technik, das vom Einsteiger bis zum sportlich versierten Piloten vielseitig einsetzbar ist.<\/p>\n<p>Der Aufbau gew\u00e4hrleistet einen au\u00dfergew\u00f6hnlich hohen Flugkomfort, ist sehr benutzerfreundlich und bietet Dir, dank des PERMAIR Protektors in Kombination mit dem SAS-Tec R\u00fcckenaufprallschutz, maximale Sicherheit.<\/p>\n<\/div>\n<p>Gewicht und Packma\u00df sind f\u00fcr ein Gurtzeug dieser Art und Ausstattung unerreicht! Mit gerade einmal 3,5 kg findet die komplette Flugausr\u00fcstung in einem 90 Liter Packsack Platz. Also optimal geeignet\u00a0f\u00fcr Deine n\u00e4chste Flugreise. Die robuste\u00a0Bauweise des CRUISE erm\u00f6glicht Dir zudem angenehmes D\u00fcnen-Soaring.<\/p>\n<p>Egal was Du vorhast \u2013 mit seinen innovativen Detaill\u00f6sungen begeistert das CRUISE bereits beim ersten Probesitzen!<\/p>\n<p>&nbsp;<\/p>\n<\/div>\n<\/div>\n<\/div>\n<p>Mehr<a href=\"https:\/\/skywalk.info\/project\/cruise\/\"> Infos<\/a><\/p>\n<p>Falls dieser Artikel nicht an Lager ist, wird er f\u00fcr dich bestellt. Lieferfrist auf Anfrage.<\/p>\n","protected":false},"excerpt":{"rendered":"<div class=\"et_pb_module et_pb_text et_pb_text_0 et_pb_bg_layout_light et_pb_text_align_left\">\n<div class=\"et_pb_text_inner\">\n<div class=\"et_pb_module et_pb_text et_pb_text_0 et_pb_text_align_left et_pb_bg_layout_light\">\n<div class=\"et_pb_text_inner\"><strong>Modernes Wohlf\u00fchlen. Kompakt und innovativ.<\/p>\n<p><img loading=\"lazy\" decoding=\"async\" class=\"\" src=\"https:\/\/skywalk.info\/files\/2022\/03\/Cruise-RZ-VL-Freisteller.jpg\" alt=\"undefined\" width=\"607\" height=\"455\" \/><br \/>\n<\/strong><\/div>\n<\/div>\n<div class=\"et_pb_module et_pb_text et_pb_text_1 et_pb_text_align_left et_pb_bg_layout_light\">\n<div class=\"et_pb_text_inner\">\n<p>Das CRUISE ist ein kompaktes Komfortgurtzeug, gebaut auf dem modernsten Stand der Technik, das vom Einsteiger bis zum sportlich versierten Piloten vielseitig einsetzbar ist.<\/p>\n<p>Der Aufbau gew\u00e4hrleistet einen au\u00dfergew\u00f6hnlich hohen Flugkomfort, ist sehr benutzerfreundlich und bietet Dir, dank des PERMAIR Protektors in Kombination mit dem SAS-Tec R\u00fcckenaufprallschutz, maximale Sicherheit.<\/p>\n<\/div>\n<p>Gewicht und Packma\u00df sind f\u00fcr ein Gurtzeug dieser Art und Ausstattung unerreicht! Mit gerade einmal 3,5 kg findet die komplette Flugausr\u00fcstung in einem 90 Liter Packsack Platz. Also optimal geeignet\u00a0f\u00fcr Deine n\u00e4chste Flugreise. Die robuste\u00a0Bauweise des CRUISE erm\u00f6glicht Dir zudem angenehmes D\u00fcnen-Soaring.<\/p>\n<p>Egal was Du vorhast \u2013 mit seinen innovativen Detaill\u00f6sungen begeistert das CRUISE bereits beim ersten Probesitzen!<\/p>\n<p>&nbsp;<\/p>\n<\/div>\n<\/div>\n<\/div>\n<p>Mehr<a href=\"https:\/\/skywalk.info\/project\/cruise\/\"> Infos<\/a><\/p>\n<p>Falls dieser Artikel nicht an Lager ist, wird er f\u00fcr dich bestellt. Lieferfrist auf Anfrage.<\/p>\n","protected":false},"featured_media":8230,"comment_status":"closed","ping_status":"closed","template":"","meta":[],"product_brand":[],"product_cat":[1026],"product_tag":[1040,1000,90],"class_list":{"0":"post-8224","1":"product","2":"type-product","3":"status-publish","4":"has-post-thumbnail","6":"product_cat-leichte-gleitschirmgurtzeuge","7":"product_tag-leichtgurtzeug","8":"product_tag-sitzgurtzeug","9":"product_tag-verkaufsartikel","10":"product_shipping_class-priority-10kg-de","12":"first","13":"instock","14":"sale","15":"shipping-taxable","16":"purchasable","17":"product-type-variable"},"yoast_head":"<!-- This site is optimized with the Yoast SEO Premium plugin v26.1 (Yoast SEO v27.4) - https:\/\/yoast.com\/product\/yoast-seo-premium-wordpress\/ -->\n<title>Skywalk Cruise | Gleitschirmschule Thun, Bern, Interlaken<\/title>\n<meta name=\"description\" content=\"Das Skywalk CRUISE ist ein kompaktes Komfortgurtzeug, gebaut auf dem modernsten Stand der Technik, das vom Einsteiger bis zum sportlich versierten Piloten vielseitig einsetzbar ist.\" \/>\n<meta name=\"robots\" content=\"index, follow, max-snippet:-1, max-image-preview:large, max-video-preview:-1\" \/>\n<link rel=\"canonical\" href=\"https:\/\/swissgliders.ch\/de\/produkt\/skywalk-gurtzeug-cruise-ltf09-en\/\" \/>\n<meta property=\"og:locale\" content=\"de_DE\" \/>\n<meta property=\"og:type\" content=\"article\" \/>\n<meta property=\"og:title\" content=\"Skywalk Cruise\" \/>\n<meta property=\"og:description\" content=\"Das Skywalk CRUISE ist ein kompaktes Komfortgurtzeug, gebaut auf dem modernsten Stand der Technik, das vom Einsteiger bis zum sportlich versierten Piloten vielseitig einsetzbar ist.\" \/>\n<meta property=\"og:url\" content=\"https:\/\/swissgliders.ch\/de\/produkt\/skywalk-gurtzeug-cruise-ltf09-en\/\" \/>\n<meta property=\"og:site_name\" content=\"Gleitschirmschule Thun, Bern, Interlaken\" \/>\n<meta property=\"article:publisher\" content=\"https:\/\/www.facebook.com\/swissgliders\" \/>\n<meta property=\"article:modified_time\" content=\"2025-05-24T10:05:44+00:00\" \/>\n<meta property=\"og:image\" content=\"https:\/\/swissgliders.ch\/wp-content\/uploads\/2022\/04\/Skywalk_Gurtzeug_CRUISE-3.jpg\" \/>\n\t<meta property=\"og:image:width\" content=\"2560\" \/>\n\t<meta property=\"og:image:height\" content=\"1920\" \/>\n\t<meta property=\"og:image:type\" content=\"image\/jpeg\" \/>\n<meta name=\"twitter:card\" content=\"summary_large_image\" \/>\n<meta name=\"twitter:site\" content=\"@Swissgliders\" \/>\n<meta name=\"twitter:label1\" content=\"Verf\u00fcgbarkeit\" \/>\n\t<meta name=\"twitter:data1\" content=\"Auf Lager\" \/>\n<script type=\"application\/ld+json\" class=\"yoast-schema-graph\">{\"@context\":\"https:\\\/\\\/schema.org\",\"@graph\":[{\"@type\":\"WebPage\",\"@id\":\"https:\\\/\\\/swissgliders.ch\\\/de\\\/produkt\\\/skywalk-gurtzeug-cruise-ltf09-en\\\/\",\"url\":\"https:\\\/\\\/swissgliders.ch\\\/de\\\/produkt\\\/skywalk-gurtzeug-cruise-ltf09-en\\\/\",\"name\":\"Skywalk Cruise | Gleitschirmschule Thun, Bern, Interlaken\",\"isPartOf\":{\"@id\":\"https:\\\/\\\/swissgliders.ch\\\/de\\\/#website\"},\"primaryImageOfPage\":{\"@id\":\"https:\\\/\\\/swissgliders.ch\\\/de\\\/produkt\\\/skywalk-gurtzeug-cruise-ltf09-en\\\/#primaryimage\"},\"image\":{\"@id\":\"https:\\\/\\\/swissgliders.ch\\\/de\\\/produkt\\\/skywalk-gurtzeug-cruise-ltf09-en\\\/#primaryimage\"},\"thumbnailUrl\":\"https:\\\/\\\/swissgliders.ch\\\/wp-content\\\/uploads\\\/2022\\\/04\\\/Skywalk_Gurtzeug_CRUISE-3.jpg\",\"datePublished\":\"2022-04-06T07:13:54+00:00\",\"dateModified\":\"2025-05-24T10:05:44+00:00\",\"description\":\"Das Skywalk CRUISE ist ein kompaktes Komfortgurtzeug, gebaut auf dem modernsten Stand der Technik, das vom Einsteiger bis zum sportlich versierten Piloten vielseitig einsetzbar ist.\",\"breadcrumb\":{\"@id\":\"https:\\\/\\\/swissgliders.ch\\\/de\\\/produkt\\\/skywalk-gurtzeug-cruise-ltf09-en\\\/#breadcrumb\"},\"inLanguage\":\"de\",\"potentialAction\":[{\"@type\":\"ReadAction\",\"target\":[\"https:\\\/\\\/swissgliders.ch\\\/de\\\/produkt\\\/skywalk-gurtzeug-cruise-ltf09-en\\\/\"]}]},{\"@type\":\"ImageObject\",\"inLanguage\":\"de\",\"@id\":\"https:\\\/\\\/swissgliders.ch\\\/de\\\/produkt\\\/skywalk-gurtzeug-cruise-ltf09-en\\\/#primaryimage\",\"url\":\"https:\\\/\\\/swissgliders.ch\\\/wp-content\\\/uploads\\\/2022\\\/04\\\/Skywalk_Gurtzeug_CRUISE-3.jpg\",\"contentUrl\":\"https:\\\/\\\/swissgliders.ch\\\/wp-content\\\/uploads\\\/2022\\\/04\\\/Skywalk_Gurtzeug_CRUISE-3.jpg\",\"width\":2560,\"height\":1920,\"caption\":\"Skywalk_Gurtzeug_CRUISE-1\"},{\"@type\":\"BreadcrumbList\",\"@id\":\"https:\\\/\\\/swissgliders.ch\\\/de\\\/produkt\\\/skywalk-gurtzeug-cruise-ltf09-en\\\/#breadcrumb\",\"itemListElement\":[{\"@type\":\"ListItem\",\"position\":1,\"name\":\"Startseite\",\"item\":\"https:\\\/\\\/swissgliders.ch\\\/de\\\/willkommen\\\/\"},{\"@type\":\"ListItem\",\"position\":2,\"name\":\"Gleitschirm Shop\",\"item\":\"https:\\\/\\\/swissgliders.ch\\\/de\\\/gleitschirm-shop\\\/\"},{\"@type\":\"ListItem\",\"position\":3,\"name\":\"Skywalk Cruise\"}]},{\"@type\":\"WebSite\",\"@id\":\"https:\\\/\\\/swissgliders.ch\\\/de\\\/#website\",\"url\":\"https:\\\/\\\/swissgliders.ch\\\/de\\\/\",\"name\":\"Gleitschirmschule Thun, Bern, Interlaken\",\"description\":\"Gleitschirmschule Thun, Bern, Interlaken\",\"publisher\":{\"@id\":\"https:\\\/\\\/swissgliders.ch\\\/de\\\/#organization\"},\"potentialAction\":[{\"@type\":\"SearchAction\",\"target\":{\"@type\":\"EntryPoint\",\"urlTemplate\":\"https:\\\/\\\/swissgliders.ch\\\/de\\\/?s={search_term_string}\"},\"query-input\":{\"@type\":\"PropertyValueSpecification\",\"valueRequired\":true,\"valueName\":\"search_term_string\"}}],\"inLanguage\":\"de\"},{\"@type\":\"Organization\",\"@id\":\"https:\\\/\\\/swissgliders.ch\\\/de\\\/#organization\",\"name\":\"Swissgliders Gleitschirmflugschule Thun\",\"url\":\"https:\\\/\\\/swissgliders.ch\\\/de\\\/\",\"logo\":{\"@type\":\"ImageObject\",\"inLanguage\":\"de\",\"@id\":\"https:\\\/\\\/swissgliders.ch\\\/de\\\/#\\\/schema\\\/logo\\\/image\\\/\",\"url\":\"https:\\\/\\\/swissgliders.ch\\\/wp-content\\\/uploads\\\/2019\\\/12\\\/swissgliders-logo-rgb-square-L-no-ch-01.png\",\"contentUrl\":\"https:\\\/\\\/swissgliders.ch\\\/wp-content\\\/uploads\\\/2019\\\/12\\\/swissgliders-logo-rgb-square-L-no-ch-01.png\",\"width\":2500,\"height\":2500,\"caption\":\"Swissgliders Gleitschirmflugschule Thun\"},\"image\":{\"@id\":\"https:\\\/\\\/swissgliders.ch\\\/de\\\/#\\\/schema\\\/logo\\\/image\\\/\"},\"sameAs\":[\"https:\\\/\\\/www.facebook.com\\\/swissgliders\",\"https:\\\/\\\/x.com\\\/Swissgliders\",\"https:\\\/\\\/www.instagram.com\\\/swissgliders\\\/\",\"https:\\\/\\\/www.youtube.com\\\/channel\\\/UCMCtGdepy9vBhrhX3V_oJOA\"],\"hasMerchantReturnPolicy\":{\"@type\":\"MerchantReturnPolicy\",\"merchantReturnLink\":\"https:\\\/\\\/swissgliders.ch\\\/de\\\/allgemeine-geschaftsbedingungen\\\/\"}}]}<\/script>\n<meta property=\"og:availability\" content=\"instock\" \/>\n<meta property=\"product:availability\" content=\"instock\" \/>\n<meta property=\"product:condition\" content=\"new\" \/>\n<!-- \/ Yoast SEO Premium plugin. -->","yoast_head_json":{"title":"Skywalk Cruise | Gleitschirmschule Thun, Bern, Interlaken","description":"Das Skywalk CRUISE ist ein kompaktes Komfortgurtzeug, gebaut auf dem modernsten Stand der Technik, das vom Einsteiger bis zum sportlich versierten Piloten vielseitig einsetzbar ist.","robots":{"index":"index","follow":"follow","max-snippet":"max-snippet:-1","max-image-preview":"max-image-preview:large","max-video-preview":"max-video-preview:-1"},"canonical":"https:\/\/swissgliders.ch\/de\/produkt\/skywalk-gurtzeug-cruise-ltf09-en\/","og_locale":"de_DE","og_type":"article","og_title":"Skywalk Cruise","og_description":"Das Skywalk CRUISE ist ein kompaktes Komfortgurtzeug, gebaut auf dem modernsten Stand der Technik, das vom Einsteiger bis zum sportlich versierten Piloten vielseitig einsetzbar ist.","og_url":"https:\/\/swissgliders.ch\/de\/produkt\/skywalk-gurtzeug-cruise-ltf09-en\/","og_site_name":"Gleitschirmschule Thun, Bern, Interlaken","article_publisher":"https:\/\/www.facebook.com\/swissgliders","article_modified_time":"2025-05-24T10:05:44+00:00","og_image":[{"width":2560,"height":1920,"url":"https:\/\/swissgliders.ch\/wp-content\/uploads\/2022\/04\/Skywalk_Gurtzeug_CRUISE-3.jpg","type":"image\/jpeg"}],"twitter_card":"summary_large_image","twitter_site":"@Swissgliders","twitter_misc":{"Verf\u00fcgbarkeit":"Auf Lager"},"schema":{"@context":"https:\/\/schema.org","@graph":[{"@type":"WebPage","@id":"https:\/\/swissgliders.ch\/de\/produkt\/skywalk-gurtzeug-cruise-ltf09-en\/","url":"https:\/\/swissgliders.ch\/de\/produkt\/skywalk-gurtzeug-cruise-ltf09-en\/","name":"Skywalk Cruise | Gleitschirmschule Thun, Bern, Interlaken","isPartOf":{"@id":"https:\/\/swissgliders.ch\/de\/#website"},"primaryImageOfPage":{"@id":"https:\/\/swissgliders.ch\/de\/produkt\/skywalk-gurtzeug-cruise-ltf09-en\/#primaryimage"},"image":{"@id":"https:\/\/swissgliders.ch\/de\/produkt\/skywalk-gurtzeug-cruise-ltf09-en\/#primaryimage"},"thumbnailUrl":"https:\/\/swissgliders.ch\/wp-content\/uploads\/2022\/04\/Skywalk_Gurtzeug_CRUISE-3.jpg","datePublished":"2022-04-06T07:13:54+00:00","dateModified":"2025-05-24T10:05:44+00:00","description":"Das Skywalk CRUISE ist ein kompaktes Komfortgurtzeug, gebaut auf dem modernsten Stand der Technik, das vom Einsteiger bis zum sportlich versierten Piloten vielseitig einsetzbar ist.","breadcrumb":{"@id":"https:\/\/swissgliders.ch\/de\/produkt\/skywalk-gurtzeug-cruise-ltf09-en\/#breadcrumb"},"inLanguage":"de","potentialAction":[{"@type":"ReadAction","target":["https:\/\/swissgliders.ch\/de\/produkt\/skywalk-gurtzeug-cruise-ltf09-en\/"]}]},{"@type":"ImageObject","inLanguage":"de","@id":"https:\/\/swissgliders.ch\/de\/produkt\/skywalk-gurtzeug-cruise-ltf09-en\/#primaryimage","url":"https:\/\/swissgliders.ch\/wp-content\/uploads\/2022\/04\/Skywalk_Gurtzeug_CRUISE-3.jpg","contentUrl":"https:\/\/swissgliders.ch\/wp-content\/uploads\/2022\/04\/Skywalk_Gurtzeug_CRUISE-3.jpg","width":2560,"height":1920,"caption":"Skywalk_Gurtzeug_CRUISE-1"},{"@type":"BreadcrumbList","@id":"https:\/\/swissgliders.ch\/de\/produkt\/skywalk-gurtzeug-cruise-ltf09-en\/#breadcrumb","itemListElement":[{"@type":"ListItem","position":1,"name":"Startseite","item":"https:\/\/swissgliders.ch\/de\/willkommen\/"},{"@type":"ListItem","position":2,"name":"Gleitschirm Shop","item":"https:\/\/swissgliders.ch\/de\/gleitschirm-shop\/"},{"@type":"ListItem","position":3,"name":"Skywalk Cruise"}]},{"@type":"WebSite","@id":"https:\/\/swissgliders.ch\/de\/#website","url":"https:\/\/swissgliders.ch\/de\/","name":"Gleitschirmschule Thun, Bern, Interlaken","description":"Gleitschirmschule Thun, Bern, Interlaken","publisher":{"@id":"https:\/\/swissgliders.ch\/de\/#organization"},"potentialAction":[{"@type":"SearchAction","target":{"@type":"EntryPoint","urlTemplate":"https:\/\/swissgliders.ch\/de\/?s={search_term_string}"},"query-input":{"@type":"PropertyValueSpecification","valueRequired":true,"valueName":"search_term_string"}}],"inLanguage":"de"},{"@type":"Organization","@id":"https:\/\/swissgliders.ch\/de\/#organization","name":"Swissgliders Gleitschirmflugschule Thun","url":"https:\/\/swissgliders.ch\/de\/","logo":{"@type":"ImageObject","inLanguage":"de","@id":"https:\/\/swissgliders.ch\/de\/#\/schema\/logo\/image\/","url":"https:\/\/swissgliders.ch\/wp-content\/uploads\/2019\/12\/swissgliders-logo-rgb-square-L-no-ch-01.png","contentUrl":"https:\/\/swissgliders.ch\/wp-content\/uploads\/2019\/12\/swissgliders-logo-rgb-square-L-no-ch-01.png","width":2500,"height":2500,"caption":"Swissgliders Gleitschirmflugschule Thun"},"image":{"@id":"https:\/\/swissgliders.ch\/de\/#\/schema\/logo\/image\/"},"sameAs":["https:\/\/www.facebook.com\/swissgliders","https:\/\/x.com\/Swissgliders","https:\/\/www.instagram.com\/swissgliders\/","https:\/\/www.youtube.com\/channel\/UCMCtGdepy9vBhrhX3V_oJOA"],"hasMerchantReturnPolicy":{"@type":"MerchantReturnPolicy","merchantReturnLink":"https:\/\/swissgliders.ch\/de\/allgemeine-geschaftsbedingungen\/"}}]},"og_availability":"instock","product_availability":"instock","product_condition":"new"},"_links":{"self":[{"href":"https:\/\/swissgliders.ch\/de\/wp-json\/wp\/v2\/product\/8224","targetHints":{"allow":["GET"]}}],"collection":[{"href":"https:\/\/swissgliders.ch\/de\/wp-json\/wp\/v2\/product"}],"about":[{"href":"https:\/\/swissgliders.ch\/de\/wp-json\/wp\/v2\/types\/product"}],"replies":[{"embeddable":true,"href":"https:\/\/swissgliders.ch\/de\/wp-json\/wp\/v2\/comments?post=8224"}],"wp:featuredmedia":[{"embeddable":true,"href":"https:\/\/swissgliders.ch\/de\/wp-json\/wp\/v2\/media\/8230"}],"wp:attachment":[{"href":"https:\/\/swissgliders.ch\/de\/wp-json\/wp\/v2\/media?parent=8224"}],"wp:term":[{"taxonomy":"product_brand","embeddable":true,"href":"https:\/\/swissgliders.ch\/de\/wp-json\/wp\/v2\/product_brand?post=8224"},{"taxonomy":"product_cat","embeddable":true,"href":"https:\/\/swissgliders.ch\/de\/wp-json\/wp\/v2\/product_cat?post=8224"},{"taxonomy":"product_tag","embeddable":true,"href":"https:\/\/swissgliders.ch\/de\/wp-json\/wp\/v2\/product_tag?post=8224"}],"curies":[{"name":"wp","href":"https:\/\/api.w.org\/{rel}","templated":true}]}}