{"id":8263,"date":"2022-04-07T14:04:54","date_gmt":"2022-04-07T13:04:54","guid":{"rendered":"https:\/\/swissgliders.ch\/?post_type=product&#038;p=8263"},"modified":"2023-01-09T17:28:45","modified_gmt":"2023-01-09T16:28:45","slug":"flymaster-vario-gps-sd-3g","status":"publish","type":"product","link":"https:\/\/swissgliders.ch\/de\/produkt\/flymaster-vario-gps-sd-3g\/","title":{"rendered":"Flymaster Vario GPS-SD-3G"},"content":{"rendered":"<p><span id=\"result_box\" lang=\"de\">Das GPS SD 3G ist das ultimative Flymaster Flugger\u00e4t f\u00fcr Piloten, die weltweit XC fliegen wollen und \u00fcber die bew\u00e4hrten Live-Tracking-Funktionen des renommierten LIVE SD 3G verf\u00fcgen.<\/span><\/p>\n<p>Lieferumfang<br \/>\nFlymaster GPS SD 3G<br \/>\nMicro-SD Karte mit H\u00f6he \u00fcber Grund, Luftr\u00e4ume und Map Files weltweit<br \/>\nHardcase Aufbewahrungsbox<br \/>\nUSB &#8211; Kabel<br \/>\nLadeger\u00e4t<\/p>\n<p>Mehr <a href=\"https:\/\/shop.basisrausch.ch\/fluginstrumente\/variometergps\/87\/flymaster-gps-sd-3g?c=47\" target=\"_blank\" rel=\"noopener\">Infos<\/a><\/p>\n<p>Lieferfrist 2-3 Tage<\/p>\n<p>&nbsp;<\/p>\n","protected":false},"excerpt":{"rendered":"<p><span id=\"result_box\" lang=\"de\">Das GPS SD 3G ist das ultimative Flymaster Flugger\u00e4t f\u00fcr Piloten, die weltweit XC fliegen wollen und \u00fcber die bew\u00e4hrten Live-Tracking-Funktionen des renommierten LIVE SD 3G verf\u00fcgen.<\/span><\/p>\n<p>Lieferumfang<br \/>\nFlymaster GPS SD 3G<br \/>\nMicro-SD Karte mit H\u00f6he \u00fcber Grund, Luftr\u00e4ume und Map Files weltweit<br \/>\nHardcase Aufbewahrungsbox<br \/>\nUSB &#8211; Kabel<br \/>\nLadeger\u00e4t<\/p>\n<p>Mehr <a href=\"https:\/\/shop.basisrausch.ch\/fluginstrumente\/variometergps\/87\/flymaster-gps-sd-3g?c=47\" target=\"_blank\" rel=\"noopener\">Infos<\/a><\/p>\n<p>Lieferfrist 2-3 Tage<\/p>\n","protected":false},"featured_media":8265,"comment_status":"closed","ping_status":"closed","template":"","meta":[],"product_brand":[],"product_cat":[2113,402],"product_tag":[1545,410],"class_list":{"0":"post-8263","1":"product","2":"type-product","3":"status-publish","4":"has-post-thumbnail","6":"product_cat-gleitschirm-varios","7":"product_cat-gleitschirm-zubehoer","8":"product_tag-vario","9":"product_tag-zubehoer","10":"product_shipping_class-priority-2kg-de","12":"first","13":"instock","14":"sale","15":"shipping-taxable","16":"purchasable","17":"product-type-simple"},"yoast_head":"<!-- This site is optimized with the Yoast SEO Premium plugin v26.1 (Yoast SEO v27.4) - https:\/\/yoast.com\/product\/yoast-seo-premium-wordpress\/ -->\n<title>Flymaster Vario GPS-SD-3G<\/title>\n<meta name=\"description\" content=\"Das GPS SD 3G ist das ultimative Flymaster Flugger\u00e4t f\u00fcr Piloten, die weltweit XC fliegen wollen und \u00fcber die bew\u00e4hrten Live-Tracking-Funktionen des renommierten LIVE SD 3G verf\u00fcgen.\" \/>\n<meta name=\"robots\" content=\"index, follow, max-snippet:-1, max-image-preview:large, max-video-preview:-1\" \/>\n<link rel=\"canonical\" href=\"https:\/\/swissgliders.ch\/de\/produkt\/flymaster-vario-gps-sd-3g\/\" \/>\n<meta property=\"og:locale\" content=\"de_DE\" \/>\n<meta property=\"og:type\" content=\"article\" \/>\n<meta property=\"og:title\" content=\"Flymaster Vario GPS-SD-3G\" \/>\n<meta property=\"og:description\" content=\"Das GPS SD 3G ist das ultimative Flymaster Flugger\u00e4t f\u00fcr Piloten, die weltweit XC fliegen wollen und \u00fcber die bew\u00e4hrten Live-Tracking-Funktionen des renommierten LIVE SD 3G verf\u00fcgen.\" \/>\n<meta property=\"og:url\" content=\"https:\/\/swissgliders.ch\/de\/produkt\/flymaster-vario-gps-sd-3g\/\" \/>\n<meta property=\"og:site_name\" content=\"Gleitschirmschule Thun, Bern, Interlaken\" \/>\n<meta property=\"article:publisher\" content=\"https:\/\/www.facebook.com\/swissgliders\" \/>\n<meta property=\"article:modified_time\" content=\"2023-01-09T16:28:45+00:00\" \/>\n<meta property=\"og:image\" content=\"https:\/\/swissgliders.ch\/wp-content\/uploads\/2022\/04\/Basisrausch_Flymaster_Vario_GPS-SD-3G-1.png\" \/>\n\t<meta property=\"og:image:width\" content=\"361\" \/>\n\t<meta property=\"og:image:height\" content=\"600\" \/>\n\t<meta property=\"og:image:type\" content=\"image\/png\" \/>\n<meta name=\"twitter:card\" content=\"summary_large_image\" \/>\n<meta name=\"twitter:site\" content=\"@Swissgliders\" \/>\n<meta name=\"twitter:label1\" content=\"Preis\" \/>\n\t<meta name=\"twitter:data1\" content=\"&#067;&#072;&#070;&nbsp;671.00\" \/>\n\t<meta name=\"twitter:label2\" content=\"Verf\u00fcgbarkeit\" \/>\n\t<meta name=\"twitter:data2\" content=\"Auf Lager\" \/>\n<script type=\"application\/ld+json\" class=\"yoast-schema-graph\">{\"@context\":\"https:\\\/\\\/schema.org\",\"@graph\":[{\"@type\":\"WebPage\",\"@id\":\"https:\\\/\\\/swissgliders.ch\\\/de\\\/produkt\\\/flymaster-vario-gps-sd-3g\\\/\",\"url\":\"https:\\\/\\\/swissgliders.ch\\\/de\\\/produkt\\\/flymaster-vario-gps-sd-3g\\\/\",\"name\":\"Flymaster Vario GPS-SD-3G\",\"isPartOf\":{\"@id\":\"https:\\\/\\\/swissgliders.ch\\\/de\\\/#website\"},\"primaryImageOfPage\":{\"@id\":\"https:\\\/\\\/swissgliders.ch\\\/de\\\/produkt\\\/flymaster-vario-gps-sd-3g\\\/#primaryimage\"},\"image\":{\"@id\":\"https:\\\/\\\/swissgliders.ch\\\/de\\\/produkt\\\/flymaster-vario-gps-sd-3g\\\/#primaryimage\"},\"thumbnailUrl\":\"https:\\\/\\\/swissgliders.ch\\\/wp-content\\\/uploads\\\/2022\\\/04\\\/Basisrausch_Flymaster_Vario_GPS-SD-3G-1.png\",\"datePublished\":\"2022-04-07T13:04:54+00:00\",\"dateModified\":\"2023-01-09T16:28:45+00:00\",\"description\":\"Das GPS SD 3G ist das ultimative Flymaster Flugger\u00e4t f\u00fcr Piloten, die weltweit XC fliegen wollen und \u00fcber die bew\u00e4hrten Live-Tracking-Funktionen des renommierten LIVE SD 3G verf\u00fcgen.\",\"breadcrumb\":{\"@id\":\"https:\\\/\\\/swissgliders.ch\\\/de\\\/produkt\\\/flymaster-vario-gps-sd-3g\\\/#breadcrumb\"},\"inLanguage\":\"de\",\"potentialAction\":[{\"@type\":\"ReadAction\",\"target\":[\"https:\\\/\\\/swissgliders.ch\\\/de\\\/produkt\\\/flymaster-vario-gps-sd-3g\\\/\"]}]},{\"@type\":\"ImageObject\",\"inLanguage\":\"de\",\"@id\":\"https:\\\/\\\/swissgliders.ch\\\/de\\\/produkt\\\/flymaster-vario-gps-sd-3g\\\/#primaryimage\",\"url\":\"https:\\\/\\\/swissgliders.ch\\\/wp-content\\\/uploads\\\/2022\\\/04\\\/Basisrausch_Flymaster_Vario_GPS-SD-3G-1.png\",\"contentUrl\":\"https:\\\/\\\/swissgliders.ch\\\/wp-content\\\/uploads\\\/2022\\\/04\\\/Basisrausch_Flymaster_Vario_GPS-SD-3G-1.png\",\"width\":361,\"height\":600,\"caption\":\"Basisrausch_Flymaster_Vario_GPS-SD-3G-1\"},{\"@type\":\"BreadcrumbList\",\"@id\":\"https:\\\/\\\/swissgliders.ch\\\/de\\\/produkt\\\/flymaster-vario-gps-sd-3g\\\/#breadcrumb\",\"itemListElement\":[{\"@type\":\"ListItem\",\"position\":1,\"name\":\"Startseite\",\"item\":\"https:\\\/\\\/swissgliders.ch\\\/de\\\/willkommen\\\/\"},{\"@type\":\"ListItem\",\"position\":2,\"name\":\"Gleitschirm Shop\",\"item\":\"https:\\\/\\\/swissgliders.ch\\\/de\\\/gleitschirm-shop\\\/\"},{\"@type\":\"ListItem\",\"position\":3,\"name\":\"Flymaster Vario GPS-SD-3G\"}]},{\"@type\":\"WebSite\",\"@id\":\"https:\\\/\\\/swissgliders.ch\\\/de\\\/#website\",\"url\":\"https:\\\/\\\/swissgliders.ch\\\/de\\\/\",\"name\":\"Gleitschirmschule Thun, Bern, Interlaken\",\"description\":\"Gleitschirmschule Thun, Bern, Interlaken\",\"publisher\":{\"@id\":\"https:\\\/\\\/swissgliders.ch\\\/de\\\/#organization\"},\"potentialAction\":[{\"@type\":\"SearchAction\",\"target\":{\"@type\":\"EntryPoint\",\"urlTemplate\":\"https:\\\/\\\/swissgliders.ch\\\/de\\\/?s={search_term_string}\"},\"query-input\":{\"@type\":\"PropertyValueSpecification\",\"valueRequired\":true,\"valueName\":\"search_term_string\"}}],\"inLanguage\":\"de\"},{\"@type\":\"Organization\",\"@id\":\"https:\\\/\\\/swissgliders.ch\\\/de\\\/#organization\",\"name\":\"Swissgliders Gleitschirmflugschule Thun\",\"url\":\"https:\\\/\\\/swissgliders.ch\\\/de\\\/\",\"logo\":{\"@type\":\"ImageObject\",\"inLanguage\":\"de\",\"@id\":\"https:\\\/\\\/swissgliders.ch\\\/de\\\/#\\\/schema\\\/logo\\\/image\\\/\",\"url\":\"https:\\\/\\\/swissgliders.ch\\\/wp-content\\\/uploads\\\/2019\\\/12\\\/swissgliders-logo-rgb-square-L-no-ch-01.png\",\"contentUrl\":\"https:\\\/\\\/swissgliders.ch\\\/wp-content\\\/uploads\\\/2019\\\/12\\\/swissgliders-logo-rgb-square-L-no-ch-01.png\",\"width\":2500,\"height\":2500,\"caption\":\"Swissgliders Gleitschirmflugschule Thun\"},\"image\":{\"@id\":\"https:\\\/\\\/swissgliders.ch\\\/de\\\/#\\\/schema\\\/logo\\\/image\\\/\"},\"sameAs\":[\"https:\\\/\\\/www.facebook.com\\\/swissgliders\",\"https:\\\/\\\/x.com\\\/Swissgliders\",\"https:\\\/\\\/www.instagram.com\\\/swissgliders\\\/\",\"https:\\\/\\\/www.youtube.com\\\/channel\\\/UCMCtGdepy9vBhrhX3V_oJOA\"],\"hasMerchantReturnPolicy\":{\"@type\":\"MerchantReturnPolicy\",\"merchantReturnLink\":\"https:\\\/\\\/swissgliders.ch\\\/de\\\/allgemeine-geschaftsbedingungen\\\/\"}}]}<\/script>\n<meta property=\"product:price:amount\" content=\"671.00\" \/>\n<meta property=\"product:price:currency\" content=\"CHF\" \/>\n<meta property=\"og:availability\" content=\"instock\" \/>\n<meta property=\"product:availability\" content=\"instock\" \/>\n<meta property=\"product:condition\" content=\"new\" \/>\n<!-- \/ Yoast SEO Premium plugin. -->","yoast_head_json":{"title":"Flymaster Vario GPS-SD-3G","description":"Das GPS SD 3G ist das ultimative Flymaster Flugger\u00e4t f\u00fcr Piloten, die weltweit XC fliegen wollen und \u00fcber die bew\u00e4hrten Live-Tracking-Funktionen des renommierten LIVE SD 3G verf\u00fcgen.","robots":{"index":"index","follow":"follow","max-snippet":"max-snippet:-1","max-image-preview":"max-image-preview:large","max-video-preview":"max-video-preview:-1"},"canonical":"https:\/\/swissgliders.ch\/de\/produkt\/flymaster-vario-gps-sd-3g\/","og_locale":"de_DE","og_type":"article","og_title":"Flymaster Vario GPS-SD-3G","og_description":"Das GPS SD 3G ist das ultimative Flymaster Flugger\u00e4t f\u00fcr Piloten, die weltweit XC fliegen wollen und \u00fcber die bew\u00e4hrten Live-Tracking-Funktionen des renommierten LIVE SD 3G verf\u00fcgen.","og_url":"https:\/\/swissgliders.ch\/de\/produkt\/flymaster-vario-gps-sd-3g\/","og_site_name":"Gleitschirmschule Thun, Bern, Interlaken","article_publisher":"https:\/\/www.facebook.com\/swissgliders","article_modified_time":"2023-01-09T16:28:45+00:00","og_image":[{"width":361,"height":600,"url":"https:\/\/swissgliders.ch\/wp-content\/uploads\/2022\/04\/Basisrausch_Flymaster_Vario_GPS-SD-3G-1.png","type":"image\/png"}],"twitter_card":"summary_large_image","twitter_site":"@Swissgliders","twitter_misc":{"Preis":"&#67;&#72;&#70;&nbsp;671.00","Verf\u00fcgbarkeit":"Auf Lager"},"schema":{"@context":"https:\/\/schema.org","@graph":[{"@type":"WebPage","@id":"https:\/\/swissgliders.ch\/de\/produkt\/flymaster-vario-gps-sd-3g\/","url":"https:\/\/swissgliders.ch\/de\/produkt\/flymaster-vario-gps-sd-3g\/","name":"Flymaster Vario GPS-SD-3G","isPartOf":{"@id":"https:\/\/swissgliders.ch\/de\/#website"},"primaryImageOfPage":{"@id":"https:\/\/swissgliders.ch\/de\/produkt\/flymaster-vario-gps-sd-3g\/#primaryimage"},"image":{"@id":"https:\/\/swissgliders.ch\/de\/produkt\/flymaster-vario-gps-sd-3g\/#primaryimage"},"thumbnailUrl":"https:\/\/swissgliders.ch\/wp-content\/uploads\/2022\/04\/Basisrausch_Flymaster_Vario_GPS-SD-3G-1.png","datePublished":"2022-04-07T13:04:54+00:00","dateModified":"2023-01-09T16:28:45+00:00","description":"Das GPS SD 3G ist das ultimative Flymaster Flugger\u00e4t f\u00fcr Piloten, die weltweit XC fliegen wollen und \u00fcber die bew\u00e4hrten Live-Tracking-Funktionen des renommierten LIVE SD 3G verf\u00fcgen.","breadcrumb":{"@id":"https:\/\/swissgliders.ch\/de\/produkt\/flymaster-vario-gps-sd-3g\/#breadcrumb"},"inLanguage":"de","potentialAction":[{"@type":"ReadAction","target":["https:\/\/swissgliders.ch\/de\/produkt\/flymaster-vario-gps-sd-3g\/"]}]},{"@type":"ImageObject","inLanguage":"de","@id":"https:\/\/swissgliders.ch\/de\/produkt\/flymaster-vario-gps-sd-3g\/#primaryimage","url":"https:\/\/swissgliders.ch\/wp-content\/uploads\/2022\/04\/Basisrausch_Flymaster_Vario_GPS-SD-3G-1.png","contentUrl":"https:\/\/swissgliders.ch\/wp-content\/uploads\/2022\/04\/Basisrausch_Flymaster_Vario_GPS-SD-3G-1.png","width":361,"height":600,"caption":"Basisrausch_Flymaster_Vario_GPS-SD-3G-1"},{"@type":"BreadcrumbList","@id":"https:\/\/swissgliders.ch\/de\/produkt\/flymaster-vario-gps-sd-3g\/#breadcrumb","itemListElement":[{"@type":"ListItem","position":1,"name":"Startseite","item":"https:\/\/swissgliders.ch\/de\/willkommen\/"},{"@type":"ListItem","position":2,"name":"Gleitschirm Shop","item":"https:\/\/swissgliders.ch\/de\/gleitschirm-shop\/"},{"@type":"ListItem","position":3,"name":"Flymaster Vario GPS-SD-3G"}]},{"@type":"WebSite","@id":"https:\/\/swissgliders.ch\/de\/#website","url":"https:\/\/swissgliders.ch\/de\/","name":"Gleitschirmschule Thun, Bern, Interlaken","description":"Gleitschirmschule Thun, Bern, Interlaken","publisher":{"@id":"https:\/\/swissgliders.ch\/de\/#organization"},"potentialAction":[{"@type":"SearchAction","target":{"@type":"EntryPoint","urlTemplate":"https:\/\/swissgliders.ch\/de\/?s={search_term_string}"},"query-input":{"@type":"PropertyValueSpecification","valueRequired":true,"valueName":"search_term_string"}}],"inLanguage":"de"},{"@type":"Organization","@id":"https:\/\/swissgliders.ch\/de\/#organization","name":"Swissgliders Gleitschirmflugschule Thun","url":"https:\/\/swissgliders.ch\/de\/","logo":{"@type":"ImageObject","inLanguage":"de","@id":"https:\/\/swissgliders.ch\/de\/#\/schema\/logo\/image\/","url":"https:\/\/swissgliders.ch\/wp-content\/uploads\/2019\/12\/swissgliders-logo-rgb-square-L-no-ch-01.png","contentUrl":"https:\/\/swissgliders.ch\/wp-content\/uploads\/2019\/12\/swissgliders-logo-rgb-square-L-no-ch-01.png","width":2500,"height":2500,"caption":"Swissgliders Gleitschirmflugschule Thun"},"image":{"@id":"https:\/\/swissgliders.ch\/de\/#\/schema\/logo\/image\/"},"sameAs":["https:\/\/www.facebook.com\/swissgliders","https:\/\/x.com\/Swissgliders","https:\/\/www.instagram.com\/swissgliders\/","https:\/\/www.youtube.com\/channel\/UCMCtGdepy9vBhrhX3V_oJOA"],"hasMerchantReturnPolicy":{"@type":"MerchantReturnPolicy","merchantReturnLink":"https:\/\/swissgliders.ch\/de\/allgemeine-geschaftsbedingungen\/"}}]},"product_price_amount":"671.00","product_price_currency":"CHF","og_availability":"instock","product_availability":"instock","product_condition":"new"},"_links":{"self":[{"href":"https:\/\/swissgliders.ch\/de\/wp-json\/wp\/v2\/product\/8263","targetHints":{"allow":["GET"]}}],"collection":[{"href":"https:\/\/swissgliders.ch\/de\/wp-json\/wp\/v2\/product"}],"about":[{"href":"https:\/\/swissgliders.ch\/de\/wp-json\/wp\/v2\/types\/product"}],"replies":[{"embeddable":true,"href":"https:\/\/swissgliders.ch\/de\/wp-json\/wp\/v2\/comments?post=8263"}],"wp:featuredmedia":[{"embeddable":true,"href":"https:\/\/swissgliders.ch\/de\/wp-json\/wp\/v2\/media\/8265"}],"wp:attachment":[{"href":"https:\/\/swissgliders.ch\/de\/wp-json\/wp\/v2\/media?parent=8263"}],"wp:term":[{"taxonomy":"product_brand","embeddable":true,"href":"https:\/\/swissgliders.ch\/de\/wp-json\/wp\/v2\/product_brand?post=8263"},{"taxonomy":"product_cat","embeddable":true,"href":"https:\/\/swissgliders.ch\/de\/wp-json\/wp\/v2\/product_cat?post=8263"},{"taxonomy":"product_tag","embeddable":true,"href":"https:\/\/swissgliders.ch\/de\/wp-json\/wp\/v2\/product_tag?post=8263"}],"curies":[{"name":"wp","href":"https:\/\/api.w.org\/{rel}","templated":true}]}}