{"id":8678,"date":"2022-07-11T16:13:59","date_gmt":"2022-07-11T15:13:59","guid":{"rendered":"https:\/\/swissgliders.ch\/?post_type=product&#038;p=8678"},"modified":"2024-10-04T10:16:39","modified_gmt":"2024-10-04T09:16:39","slug":"gin-graphit-jacke","status":"publish","type":"product","link":"https:\/\/swissgliders.ch\/de\/produkt\/gin-graphit-jacke\/","title":{"rendered":"Gin Graphit Jacke"},"content":{"rendered":"<p><img loading=\"lazy\" decoding=\"async\" class=\"\" src=\"https:\/\/swissgliders.ch\/wp-content\/uploads\/2022\/07\/Gin_Graphit_Jacke-1.jpg\" width=\"499\" height=\"332\" \/><\/p>\n<p>Die Graphite-Jacke ist mit der neuesten comfortemp\u00ae-Isolierung von Freudenberg ausgestattet, die eine umweltfreundliche und pflegeleichte Alternative zu Daunen darstellt. Die Jacke ist auf Komfort in der Luft ausgelegt, w\u00e4hrend sie am Boden eine \u00dcberhitzung verhindert. Und mit nur 413 g (Gr\u00f6\u00dfe M) ist sie leicht zu tragen.<\/p>\n<p>Gr\u00f6\u00dfe(n)<br \/>\nXS, S, M, L, XL<\/p>\n<p>Farbe(n)<br \/>\nGraphit und Schwarz<\/p>\n<p>Material<br \/>\n80% Polyester, 20% Nylon (Au\u00dfenmaterial), 100% Polyester (F\u00fcllung)<\/p>\n<p>Gewicht<br \/>\n413g (M)<br \/>\nDETAILS<br \/>\ninnere Brusttasche (mit Rei\u00dfverschluss)<br \/>\nBrust-Au\u00dfentasche und 2 Hand-Taschen<br \/>\nverl\u00e4ngerter R\u00fccken und zus\u00e4tzliche Arml\u00e4nge<\/p>\n<p>Mehr <a href=\"https:\/\/www.gingliders.com\/en\/gear\/sportswear\/graphite-jacket\/\" target=\"_blank\" rel=\"noopener noreferrer\">Info<\/a><\/p>\n<p>Lieferzeit 2-4 Tage<\/p>\n","protected":false},"excerpt":{"rendered":"<p><img loading=\"lazy\" decoding=\"async\" class=\"\" src=\"https:\/\/swissgliders.ch\/wp-content\/uploads\/2022\/07\/Gin_Graphit_Jacke-1.jpg\" width=\"499\" height=\"332\" \/><\/p>\n<p>Die Graphite-Jacke ist mit der neuesten comfortemp\u00ae-Isolierung von Freudenberg ausgestattet, die eine umweltfreundliche und pflegeleichte Alternative zu Daunen darstellt. Die Jacke ist auf Komfort in der Luft ausgelegt, w\u00e4hrend sie am Boden eine \u00dcberhitzung verhindert. Und mit nur 413 g (Gr\u00f6\u00dfe M) ist sie leicht zu tragen.<\/p>\n<p>Gr\u00f6\u00dfe(n)<br \/>\nXS, S, M, L, XL<\/p>\n<p>Farbe(n)<br \/>\nGraphit und Schwarz<\/p>\n<p>Material<br \/>\n80% Polyester, 20% Nylon (Au\u00dfenmaterial), 100% Polyester (F\u00fcllung)<\/p>\n<p>Gewicht<br \/>\n413g (M)<br \/>\nDETAILS<br \/>\ninnere Brusttasche (mit Rei\u00dfverschluss)<br \/>\nBrust-Au\u00dfentasche und 2 Hand-Taschen<br \/>\nverl\u00e4ngerter R\u00fccken und zus\u00e4tzliche Arml\u00e4nge<\/p>\n<p>Mehr <a href=\"https:\/\/www.gingliders.com\/en\/gear\/sportswear\/graphite-jacket\/\" target=\"_blank\" rel=\"noopener noreferrer\">Info<\/a><\/p>\n<p>Lieferzeit 2-4 Tage<\/p>\n","protected":false},"featured_media":8681,"comment_status":"closed","ping_status":"closed","template":"","meta":[],"product_brand":[],"product_cat":[2022],"product_tag":[918],"class_list":{"0":"post-8678","1":"product","2":"type-product","3":"status-publish","4":"has-post-thumbnail","6":"product_cat-gleitschirm-bekleidung","7":"product_tag-bekleidung","8":"product_shipping_class-priority-10kg-de","10":"first","11":"instock","12":"sale","13":"shipping-taxable","14":"purchasable","15":"product-type-variable"},"yoast_head":"<!-- This site is optimized with the Yoast SEO Premium plugin v26.1 (Yoast SEO v27.3) - https:\/\/yoast.com\/product\/yoast-seo-premium-wordpress\/ -->\n<title>Gin Graphit Jacke | Gleitschirmschule Thun, Bern, Interlaken<\/title>\n<meta name=\"description\" content=\"Warmer GleitschirmhandschuDie Graphite-Jacke ist mit der neuesten comfortemp\u00ae-Isolierung von Freudenberg ausgestattet\" \/>\n<meta name=\"robots\" content=\"index, follow, max-snippet:-1, max-image-preview:large, max-video-preview:-1\" \/>\n<link rel=\"canonical\" href=\"https:\/\/swissgliders.ch\/de\/produkt\/gin-graphit-jacke\/\" \/>\n<meta property=\"og:locale\" content=\"de_DE\" \/>\n<meta property=\"og:type\" content=\"article\" \/>\n<meta property=\"og:title\" content=\"Gin Graphit Jacke\" \/>\n<meta property=\"og:description\" content=\"Warmer GleitschirmhandschuDie Graphite-Jacke ist mit der neuesten comfortemp\u00ae-Isolierung von Freudenberg ausgestattet\" \/>\n<meta property=\"og:url\" content=\"https:\/\/swissgliders.ch\/de\/produkt\/gin-graphit-jacke\/\" \/>\n<meta property=\"og:site_name\" content=\"Gleitschirmschule Thun, Bern, Interlaken\" \/>\n<meta property=\"article:publisher\" content=\"https:\/\/www.facebook.com\/swissgliders\" \/>\n<meta property=\"article:modified_time\" content=\"2024-10-04T09:16:39+00:00\" \/>\n<meta property=\"og:image\" content=\"https:\/\/swissgliders.ch\/wp-content\/uploads\/2022\/07\/Gin_Graphit_Jacke-1.jpg\" \/>\n\t<meta property=\"og:image:width\" content=\"770\" \/>\n\t<meta property=\"og:image:height\" content=\"512\" \/>\n\t<meta property=\"og:image:type\" content=\"image\/jpeg\" \/>\n<meta name=\"twitter:card\" content=\"summary_large_image\" \/>\n<meta name=\"twitter:site\" content=\"@Swissgliders\" \/>\n<meta name=\"twitter:label1\" content=\"Verf\u00fcgbarkeit\" \/>\n\t<meta name=\"twitter:data1\" content=\"Auf Lager\" \/>\n<script type=\"application\/ld+json\" class=\"yoast-schema-graph\">{\"@context\":\"https:\\\/\\\/schema.org\",\"@graph\":[{\"@type\":\"WebPage\",\"@id\":\"https:\\\/\\\/swissgliders.ch\\\/de\\\/produkt\\\/gin-graphit-jacke\\\/\",\"url\":\"https:\\\/\\\/swissgliders.ch\\\/de\\\/produkt\\\/gin-graphit-jacke\\\/\",\"name\":\"Gin Graphit Jacke | Gleitschirmschule Thun, Bern, Interlaken\",\"isPartOf\":{\"@id\":\"https:\\\/\\\/swissgliders.ch\\\/de\\\/#website\"},\"primaryImageOfPage\":{\"@id\":\"https:\\\/\\\/swissgliders.ch\\\/de\\\/produkt\\\/gin-graphit-jacke\\\/#primaryimage\"},\"image\":{\"@id\":\"https:\\\/\\\/swissgliders.ch\\\/de\\\/produkt\\\/gin-graphit-jacke\\\/#primaryimage\"},\"thumbnailUrl\":\"https:\\\/\\\/swissgliders.ch\\\/wp-content\\\/uploads\\\/2022\\\/07\\\/Gin_Graphit_Jacke-1.jpg\",\"datePublished\":\"2022-07-11T15:13:59+00:00\",\"dateModified\":\"2024-10-04T09:16:39+00:00\",\"description\":\"Warmer GleitschirmhandschuDie Graphite-Jacke ist mit der neuesten comfortemp\u00ae-Isolierung von Freudenberg ausgestattet\",\"breadcrumb\":{\"@id\":\"https:\\\/\\\/swissgliders.ch\\\/de\\\/produkt\\\/gin-graphit-jacke\\\/#breadcrumb\"},\"inLanguage\":\"de\",\"potentialAction\":[{\"@type\":\"ReadAction\",\"target\":[\"https:\\\/\\\/swissgliders.ch\\\/de\\\/produkt\\\/gin-graphit-jacke\\\/\"]}]},{\"@type\":\"ImageObject\",\"inLanguage\":\"de\",\"@id\":\"https:\\\/\\\/swissgliders.ch\\\/de\\\/produkt\\\/gin-graphit-jacke\\\/#primaryimage\",\"url\":\"https:\\\/\\\/swissgliders.ch\\\/wp-content\\\/uploads\\\/2022\\\/07\\\/Gin_Graphit_Jacke-1.jpg\",\"contentUrl\":\"https:\\\/\\\/swissgliders.ch\\\/wp-content\\\/uploads\\\/2022\\\/07\\\/Gin_Graphit_Jacke-1.jpg\",\"width\":770,\"height\":512,\"caption\":\"Gin_Graphit_Jacke-1\"},{\"@type\":\"BreadcrumbList\",\"@id\":\"https:\\\/\\\/swissgliders.ch\\\/de\\\/produkt\\\/gin-graphit-jacke\\\/#breadcrumb\",\"itemListElement\":[{\"@type\":\"ListItem\",\"position\":1,\"name\":\"Startseite\",\"item\":\"https:\\\/\\\/swissgliders.ch\\\/de\\\/willkommen\\\/\"},{\"@type\":\"ListItem\",\"position\":2,\"name\":\"Gleitschirm Shop\",\"item\":\"https:\\\/\\\/swissgliders.ch\\\/de\\\/gleitschirm-shop\\\/\"},{\"@type\":\"ListItem\",\"position\":3,\"name\":\"Gin Graphit Jacke\"}]},{\"@type\":\"WebSite\",\"@id\":\"https:\\\/\\\/swissgliders.ch\\\/de\\\/#website\",\"url\":\"https:\\\/\\\/swissgliders.ch\\\/de\\\/\",\"name\":\"Gleitschirmschule Thun, Bern, Interlaken\",\"description\":\"Gleitschirmschule Thun, Bern, Interlaken\",\"publisher\":{\"@id\":\"https:\\\/\\\/swissgliders.ch\\\/de\\\/#organization\"},\"potentialAction\":[{\"@type\":\"SearchAction\",\"target\":{\"@type\":\"EntryPoint\",\"urlTemplate\":\"https:\\\/\\\/swissgliders.ch\\\/de\\\/?s={search_term_string}\"},\"query-input\":{\"@type\":\"PropertyValueSpecification\",\"valueRequired\":true,\"valueName\":\"search_term_string\"}}],\"inLanguage\":\"de\"},{\"@type\":\"Organization\",\"@id\":\"https:\\\/\\\/swissgliders.ch\\\/de\\\/#organization\",\"name\":\"Swissgliders Gleitschirmflugschule Thun\",\"url\":\"https:\\\/\\\/swissgliders.ch\\\/de\\\/\",\"logo\":{\"@type\":\"ImageObject\",\"inLanguage\":\"de\",\"@id\":\"https:\\\/\\\/swissgliders.ch\\\/de\\\/#\\\/schema\\\/logo\\\/image\\\/\",\"url\":\"https:\\\/\\\/swissgliders.ch\\\/wp-content\\\/uploads\\\/2019\\\/12\\\/swissgliders-logo-rgb-square-L-no-ch-01.png\",\"contentUrl\":\"https:\\\/\\\/swissgliders.ch\\\/wp-content\\\/uploads\\\/2019\\\/12\\\/swissgliders-logo-rgb-square-L-no-ch-01.png\",\"width\":2500,\"height\":2500,\"caption\":\"Swissgliders Gleitschirmflugschule Thun\"},\"image\":{\"@id\":\"https:\\\/\\\/swissgliders.ch\\\/de\\\/#\\\/schema\\\/logo\\\/image\\\/\"},\"sameAs\":[\"https:\\\/\\\/www.facebook.com\\\/swissgliders\",\"https:\\\/\\\/x.com\\\/Swissgliders\",\"https:\\\/\\\/www.instagram.com\\\/swissgliders\\\/\",\"https:\\\/\\\/www.youtube.com\\\/channel\\\/UCMCtGdepy9vBhrhX3V_oJOA\"],\"hasMerchantReturnPolicy\":{\"@type\":\"MerchantReturnPolicy\",\"merchantReturnLink\":\"https:\\\/\\\/swissgliders.ch\\\/de\\\/allgemeine-geschaftsbedingungen\\\/\"}}]}<\/script>\n<meta property=\"og:availability\" content=\"instock\" \/>\n<meta property=\"product:availability\" content=\"instock\" \/>\n<meta property=\"product:condition\" content=\"new\" \/>\n<!-- \/ Yoast SEO Premium plugin. -->","yoast_head_json":{"title":"Gin Graphit Jacke | Gleitschirmschule Thun, Bern, Interlaken","description":"Warmer GleitschirmhandschuDie Graphite-Jacke ist mit der neuesten comfortemp\u00ae-Isolierung von Freudenberg ausgestattet","robots":{"index":"index","follow":"follow","max-snippet":"max-snippet:-1","max-image-preview":"max-image-preview:large","max-video-preview":"max-video-preview:-1"},"canonical":"https:\/\/swissgliders.ch\/de\/produkt\/gin-graphit-jacke\/","og_locale":"de_DE","og_type":"article","og_title":"Gin Graphit Jacke","og_description":"Warmer GleitschirmhandschuDie Graphite-Jacke ist mit der neuesten comfortemp\u00ae-Isolierung von Freudenberg ausgestattet","og_url":"https:\/\/swissgliders.ch\/de\/produkt\/gin-graphit-jacke\/","og_site_name":"Gleitschirmschule Thun, Bern, Interlaken","article_publisher":"https:\/\/www.facebook.com\/swissgliders","article_modified_time":"2024-10-04T09:16:39+00:00","og_image":[{"width":770,"height":512,"url":"https:\/\/swissgliders.ch\/wp-content\/uploads\/2022\/07\/Gin_Graphit_Jacke-1.jpg","type":"image\/jpeg"}],"twitter_card":"summary_large_image","twitter_site":"@Swissgliders","twitter_misc":{"Verf\u00fcgbarkeit":"Auf Lager"},"schema":{"@context":"https:\/\/schema.org","@graph":[{"@type":"WebPage","@id":"https:\/\/swissgliders.ch\/de\/produkt\/gin-graphit-jacke\/","url":"https:\/\/swissgliders.ch\/de\/produkt\/gin-graphit-jacke\/","name":"Gin Graphit Jacke | Gleitschirmschule Thun, Bern, Interlaken","isPartOf":{"@id":"https:\/\/swissgliders.ch\/de\/#website"},"primaryImageOfPage":{"@id":"https:\/\/swissgliders.ch\/de\/produkt\/gin-graphit-jacke\/#primaryimage"},"image":{"@id":"https:\/\/swissgliders.ch\/de\/produkt\/gin-graphit-jacke\/#primaryimage"},"thumbnailUrl":"https:\/\/swissgliders.ch\/wp-content\/uploads\/2022\/07\/Gin_Graphit_Jacke-1.jpg","datePublished":"2022-07-11T15:13:59+00:00","dateModified":"2024-10-04T09:16:39+00:00","description":"Warmer GleitschirmhandschuDie Graphite-Jacke ist mit der neuesten comfortemp\u00ae-Isolierung von Freudenberg ausgestattet","breadcrumb":{"@id":"https:\/\/swissgliders.ch\/de\/produkt\/gin-graphit-jacke\/#breadcrumb"},"inLanguage":"de","potentialAction":[{"@type":"ReadAction","target":["https:\/\/swissgliders.ch\/de\/produkt\/gin-graphit-jacke\/"]}]},{"@type":"ImageObject","inLanguage":"de","@id":"https:\/\/swissgliders.ch\/de\/produkt\/gin-graphit-jacke\/#primaryimage","url":"https:\/\/swissgliders.ch\/wp-content\/uploads\/2022\/07\/Gin_Graphit_Jacke-1.jpg","contentUrl":"https:\/\/swissgliders.ch\/wp-content\/uploads\/2022\/07\/Gin_Graphit_Jacke-1.jpg","width":770,"height":512,"caption":"Gin_Graphit_Jacke-1"},{"@type":"BreadcrumbList","@id":"https:\/\/swissgliders.ch\/de\/produkt\/gin-graphit-jacke\/#breadcrumb","itemListElement":[{"@type":"ListItem","position":1,"name":"Startseite","item":"https:\/\/swissgliders.ch\/de\/willkommen\/"},{"@type":"ListItem","position":2,"name":"Gleitschirm Shop","item":"https:\/\/swissgliders.ch\/de\/gleitschirm-shop\/"},{"@type":"ListItem","position":3,"name":"Gin Graphit Jacke"}]},{"@type":"WebSite","@id":"https:\/\/swissgliders.ch\/de\/#website","url":"https:\/\/swissgliders.ch\/de\/","name":"Gleitschirmschule Thun, Bern, Interlaken","description":"Gleitschirmschule Thun, Bern, Interlaken","publisher":{"@id":"https:\/\/swissgliders.ch\/de\/#organization"},"potentialAction":[{"@type":"SearchAction","target":{"@type":"EntryPoint","urlTemplate":"https:\/\/swissgliders.ch\/de\/?s={search_term_string}"},"query-input":{"@type":"PropertyValueSpecification","valueRequired":true,"valueName":"search_term_string"}}],"inLanguage":"de"},{"@type":"Organization","@id":"https:\/\/swissgliders.ch\/de\/#organization","name":"Swissgliders Gleitschirmflugschule Thun","url":"https:\/\/swissgliders.ch\/de\/","logo":{"@type":"ImageObject","inLanguage":"de","@id":"https:\/\/swissgliders.ch\/de\/#\/schema\/logo\/image\/","url":"https:\/\/swissgliders.ch\/wp-content\/uploads\/2019\/12\/swissgliders-logo-rgb-square-L-no-ch-01.png","contentUrl":"https:\/\/swissgliders.ch\/wp-content\/uploads\/2019\/12\/swissgliders-logo-rgb-square-L-no-ch-01.png","width":2500,"height":2500,"caption":"Swissgliders Gleitschirmflugschule Thun"},"image":{"@id":"https:\/\/swissgliders.ch\/de\/#\/schema\/logo\/image\/"},"sameAs":["https:\/\/www.facebook.com\/swissgliders","https:\/\/x.com\/Swissgliders","https:\/\/www.instagram.com\/swissgliders\/","https:\/\/www.youtube.com\/channel\/UCMCtGdepy9vBhrhX3V_oJOA"],"hasMerchantReturnPolicy":{"@type":"MerchantReturnPolicy","merchantReturnLink":"https:\/\/swissgliders.ch\/de\/allgemeine-geschaftsbedingungen\/"}}]},"og_availability":"instock","product_availability":"instock","product_condition":"new"},"_links":{"self":[{"href":"https:\/\/swissgliders.ch\/de\/wp-json\/wp\/v2\/product\/8678","targetHints":{"allow":["GET"]}}],"collection":[{"href":"https:\/\/swissgliders.ch\/de\/wp-json\/wp\/v2\/product"}],"about":[{"href":"https:\/\/swissgliders.ch\/de\/wp-json\/wp\/v2\/types\/product"}],"replies":[{"embeddable":true,"href":"https:\/\/swissgliders.ch\/de\/wp-json\/wp\/v2\/comments?post=8678"}],"wp:featuredmedia":[{"embeddable":true,"href":"https:\/\/swissgliders.ch\/de\/wp-json\/wp\/v2\/media\/8681"}],"wp:attachment":[{"href":"https:\/\/swissgliders.ch\/de\/wp-json\/wp\/v2\/media?parent=8678"}],"wp:term":[{"taxonomy":"product_brand","embeddable":true,"href":"https:\/\/swissgliders.ch\/de\/wp-json\/wp\/v2\/product_brand?post=8678"},{"taxonomy":"product_cat","embeddable":true,"href":"https:\/\/swissgliders.ch\/de\/wp-json\/wp\/v2\/product_cat?post=8678"},{"taxonomy":"product_tag","embeddable":true,"href":"https:\/\/swissgliders.ch\/de\/wp-json\/wp\/v2\/product_tag?post=8678"}],"curies":[{"name":"wp","href":"https:\/\/api.w.org\/{rel}","templated":true}]}}