{"id":8819,"date":"2022-07-23T15:53:20","date_gmt":"2022-07-23T14:53:20","guid":{"rendered":"https:\/\/swissgliders.ch\/?post_type=product&#038;p=8819"},"modified":"2024-01-03T18:10:30","modified_gmt":"2024-01-03T17:10:30","slug":"hike-fly-guide-zentralschweiz","status":"publish","type":"product","link":"https:\/\/swissgliders.ch\/de\/produkt\/hike-fly-guide-zentralschweiz\/","title":{"rendered":"HIKE &#038; FLY GUIDE ZENTRALSCHWEIZ"},"content":{"rendered":"<p><strong>Um was gehts?<\/strong><\/p>\n<p>Der Traum vom Fliegen ist nichts Neues. Doch was sich in den vergangenen Jahren massiv ver\u00e4ndert hat, ist das Material. Auch f\u00fcr die Autoren war das ein Beweggrund, um in die dritte Dimension zu starten. Ab diesem Moment wurden die l\u00e4stigen Abstiege<br \/>\npl\u00f6tzlich zum Sahneh\u00e4ubchen einer sch\u00f6nen Tour. Und auch an Feierabend l\u00e4sst es sich gut leben, wenn man mit seinem Schirm im Abendrot versinkt.<\/p>\n<p>Die Autoren wollten dieses unglaubliche Gef\u00fchl von Freiheit am Berg nicht f\u00fcr sich alleine beanspruchen. Deshalb haben sie sich zusammengesetzt, um eines der wohl besten und umfangreichste Gebiete f\u00fcr Hike and Fly in einem Buch zusammenzufassen.<\/p>\n<p>&nbsp;<\/p>\n<p><strong>Vision<\/strong><\/p>\n<p>Das zunehmende Interesse an Hike &amp; Fly ist offensichtlich. Die immer leichter- und kleinerwerdende Ausr\u00fcstung lockt so manche Pilotin und so manchen Piloten in neue Abenteuer.<br \/>\nDoch die Literatur ist extrem begrenzt. Gerade zur beliebten Flugregion Zentralschweiz existiert fast nichts. Dieses Buch soll zum Tr\u00e4umen anregen und dem Leser und der Leserin eine Idee verschaffen, was alles m\u00f6glich ist. Mit rund 60 ausgew\u00e4hlten Traumtouren wollen wir die Gleitschirm-Community animieren, in die Berge zu gehen.<\/p>\n<p>Die Palette im Buch reicht von einfachen Hike &amp; Flys bis zu anspruchsvollen Climb &amp; Flys in steilen Nordw\u00e4nden. Dadurch findet sich f\u00fcr jeden und jede das perfekte Abenteuer.<\/p>\n<p>Die Autoren wollten keine klassische F\u00fchrerliteratur erstellen, sondern eine Ideensammlung die anspricht. Mit sch\u00f6nen Bildern und kurzen Texten sollen die Leser und Leserinnen abgeholt und zum tr\u00e4umen eingeladen werden. Jede Tour wird mit den wichtigsten Informationen auf Deutsch und Englisch beschrieben. Zus\u00e4tzlich wird auf allf\u00e4llige Gefahren und Alternativen hingewiesen.<br \/>\nEs wird hier noch einmal darauf hingewiesen, dass besonders im Flugsport, die Variable der Luft eine grosse Rolle spielt. So kann sich eine einfache Tour als extrem wild und gef\u00e4hrlich herausstellen, wenn die Vorbereitungen nicht richtig getroffen wurden.<\/p>\n<p>Mehr <a href=\"https:\/\/www.outdoorguide-das-buch.ch\/shop\/hike-fly-guide-zentralschweiz\/\" target=\"_blank\" rel=\"noopener noreferrer\">Info<\/a><\/p>\n<p>Lieferzeit 2-4 Tage<\/p>\n","protected":false},"excerpt":{"rendered":"<p><strong>Um was gehts?<\/strong><\/p>\n<p>Der Traum vom Fliegen ist nichts Neues. Doch was sich in den vergangenen Jahren massiv ver\u00e4ndert hat, ist das Material. Auch f\u00fcr die Autoren war das ein Beweggrund, um in die dritte Dimension zu starten. Ab diesem Moment wurden die l\u00e4stigen Abstiege<br \/>\npl\u00f6tzlich zum Sahneh\u00e4ubchen einer sch\u00f6nen Tour. Und auch an Feierabend l\u00e4sst es sich gut leben, wenn man mit seinem Schirm im Abendrot versinkt.<\/p>\n<p>Die Autoren wollten dieses unglaubliche Gef\u00fchl von Freiheit am Berg nicht f\u00fcr sich alleine beanspruchen. Deshalb haben sie sich zusammengesetzt, um eines der wohl besten und umfangreichste Gebiete f\u00fcr Hike and Fly in einem Buch zusammenzufassen.<\/p>\n<p>&nbsp;<\/p>\n<p><strong>Vision<\/strong><\/p>\n<p>Das zunehmende Interesse an Hike &amp; Fly ist offensichtlich. Die immer leichter- und kleinerwerdende Ausr\u00fcstung lockt so manche Pilotin und so manchen Piloten in neue Abenteuer.<br \/>\nDoch die Literatur ist extrem begrenzt. Gerade zur beliebten Flugregion Zentralschweiz existiert fast nichts. Dieses Buch soll zum Tr\u00e4umen anregen und dem Leser und der Leserin eine Idee verschaffen, was alles m\u00f6glich ist. Mit rund 60 ausgew\u00e4hlten Traumtouren wollen wir die Gleitschirm-Community animieren, in die Berge zu gehen.<\/p>\n<p>Die Palette im Buch reicht von einfachen Hike &amp; Flys bis zu anspruchsvollen Climb &amp; Flys in steilen Nordw\u00e4nden. Dadurch findet sich f\u00fcr jeden und jede das perfekte Abenteuer.<\/p>\n<p>Die Autoren wollten keine klassische F\u00fchrerliteratur erstellen, sondern eine Ideensammlung die anspricht. Mit sch\u00f6nen Bildern und kurzen Texten sollen die Leser und Leserinnen abgeholt und zum tr\u00e4umen eingeladen werden. Jede Tour wird mit den wichtigsten Informationen auf Deutsch und Englisch beschrieben. Zus\u00e4tzlich wird auf allf\u00e4llige Gefahren und Alternativen hingewiesen.<br \/>\nEs wird hier noch einmal darauf hingewiesen, dass besonders im Flugsport, die Variable der Luft eine grosse Rolle spielt. So kann sich eine einfache Tour als extrem wild und gef\u00e4hrlich herausstellen, wenn die Vorbereitungen nicht richtig getroffen wurden.<\/p>\n<p>Mehr <a href=\"https:\/\/www.outdoorguide-das-buch.ch\/shop\/hike-fly-guide-zentralschweiz\/\" target=\"_blank\" rel=\"noopener noreferrer\">Info<\/a><\/p>\n<p>Lieferzeit 2-4 Tage<\/p>\n<p>&nbsp;<\/p>\n","protected":false},"featured_media":8822,"comment_status":"closed","ping_status":"closed","template":"","meta":[],"product_brand":[],"product_cat":[2092],"product_tag":[2208,90],"class_list":{"0":"post-8819","1":"product","2":"type-product","3":"status-publish","4":"has-post-thumbnail","6":"product_cat-gleitschirm-buecher","7":"product_tag-buecher","8":"product_tag-verkaufsartikel","9":"product_shipping_class-priority-2kg-de","11":"first","12":"instock","13":"shipping-taxable","14":"purchasable","15":"product-type-simple"},"yoast_head":"<!-- This site is optimized with the Yoast SEO Premium plugin v26.1 (Yoast SEO v27.3) - https:\/\/yoast.com\/product\/yoast-seo-premium-wordpress\/ -->\n<title>HIKE &amp; FLY GUIDE ZENTRALSCHWEIZ | Gleitschirmschule Thun, Bern, Interlaken<\/title>\n<meta name=\"description\" content=\"Der Traum vom Fliegen ist nichts Neues. Doch was sich in den vergangenen Jahren massiv ver\u00e4ndert hat, ist das Material. Auch f\u00fcr die Autoren war das ein Beweggrund, um in die dritte Dimension zu starten. Ab diesem Moment wurden die l\u00e4stigen Abstiegepl\u00f6tzlich zum Sahneh\u00e4ubchen einer sch\u00f6nen Tour. Und auch an Feierabend l\u00e4sst es sich gut leben, wenn man mit seinem Schirm im Abendrot versinkt.Die Autoren wollten dieses unglaubliche Gef\u00fchl von Freiheit am Berg nicht f\u00fcr sich alleine beanspruchen. Deshalb haben sie sich zusammengesetzt, um eines der wohl besten und umfangreichste Gebiete f\u00fcr Hike and Fly in einem Buch zusammenzufassen.\" \/>\n<meta name=\"robots\" content=\"index, follow, max-snippet:-1, max-image-preview:large, max-video-preview:-1\" \/>\n<link rel=\"canonical\" href=\"https:\/\/swissgliders.ch\/de\/produkt\/hike-fly-guide-zentralschweiz\/\" \/>\n<meta property=\"og:locale\" content=\"de_DE\" \/>\n<meta property=\"og:type\" content=\"article\" \/>\n<meta property=\"og:title\" content=\"HIKE &amp; FLY GUIDE ZENTRALSCHWEIZ\" \/>\n<meta property=\"og:description\" content=\"Der Traum vom Fliegen ist nichts Neues. Doch was sich in den vergangenen Jahren massiv ver\u00e4ndert hat, ist das Material. Auch f\u00fcr die Autoren war das ein Beweggrund, um in die dritte Dimension zu starten. Ab diesem Moment wurden die l\u00e4stigen Abstiegepl\u00f6tzlich zum Sahneh\u00e4ubchen einer sch\u00f6nen Tour. Und auch an Feierabend l\u00e4sst es sich gut leben, wenn man mit seinem Schirm im Abendrot versinkt.Die Autoren wollten dieses unglaubliche Gef\u00fchl von Freiheit am Berg nicht f\u00fcr sich alleine beanspruchen. Deshalb haben sie sich zusammengesetzt, um eines der wohl besten und umfangreichste Gebiete f\u00fcr Hike and Fly in einem Buch zusammenzufassen.\" \/>\n<meta property=\"og:url\" content=\"https:\/\/swissgliders.ch\/de\/produkt\/hike-fly-guide-zentralschweiz\/\" \/>\n<meta property=\"og:site_name\" content=\"Gleitschirmschule Thun, Bern, Interlaken\" \/>\n<meta property=\"article:publisher\" content=\"https:\/\/www.facebook.com\/swissgliders\" \/>\n<meta property=\"article:modified_time\" content=\"2024-01-03T17:10:30+00:00\" \/>\n<meta property=\"og:image\" content=\"https:\/\/swissgliders.ch\/wp-content\/uploads\/2022\/07\/Cover_HikeAndFly_Guide_Zentralschweiz-600x600-500x500-c-default.webp\" \/>\n\t<meta property=\"og:image:width\" content=\"500\" \/>\n\t<meta property=\"og:image:height\" content=\"500\" \/>\n\t<meta property=\"og:image:type\" content=\"image\/webp\" \/>\n<meta name=\"twitter:card\" content=\"summary_large_image\" \/>\n<meta name=\"twitter:site\" content=\"@Swissgliders\" \/>\n<meta name=\"twitter:label1\" content=\"Preis\" \/>\n\t<meta name=\"twitter:data1\" content=\"&#067;&#072;&#070;&nbsp;59.00\" \/>\n\t<meta name=\"twitter:label2\" content=\"Verf\u00fcgbarkeit\" \/>\n\t<meta name=\"twitter:data2\" content=\"Auf Lager\" \/>\n<script type=\"application\/ld+json\" class=\"yoast-schema-graph\">{\"@context\":\"https:\\\/\\\/schema.org\",\"@graph\":[{\"@type\":\"WebPage\",\"@id\":\"https:\\\/\\\/swissgliders.ch\\\/de\\\/produkt\\\/hike-fly-guide-zentralschweiz\\\/\",\"url\":\"https:\\\/\\\/swissgliders.ch\\\/de\\\/produkt\\\/hike-fly-guide-zentralschweiz\\\/\",\"name\":\"HIKE & FLY GUIDE ZENTRALSCHWEIZ | Gleitschirmschule Thun, Bern, Interlaken\",\"isPartOf\":{\"@id\":\"https:\\\/\\\/swissgliders.ch\\\/de\\\/#website\"},\"primaryImageOfPage\":{\"@id\":\"https:\\\/\\\/swissgliders.ch\\\/de\\\/produkt\\\/hike-fly-guide-zentralschweiz\\\/#primaryimage\"},\"image\":{\"@id\":\"https:\\\/\\\/swissgliders.ch\\\/de\\\/produkt\\\/hike-fly-guide-zentralschweiz\\\/#primaryimage\"},\"thumbnailUrl\":\"https:\\\/\\\/swissgliders.ch\\\/wp-content\\\/uploads\\\/2022\\\/07\\\/Cover_HikeAndFly_Guide_Zentralschweiz-600x600-500x500-c-default.webp\",\"datePublished\":\"2022-07-23T14:53:20+00:00\",\"dateModified\":\"2024-01-03T17:10:30+00:00\",\"description\":\"Der Traum vom Fliegen ist nichts Neues. Doch was sich in den vergangenen Jahren massiv ver\u00e4ndert hat, ist das Material. Auch f\u00fcr die Autoren war das ein Beweggrund, um in die dritte Dimension zu starten. Ab diesem Moment wurden die l\u00e4stigen Abstiegepl\u00f6tzlich zum Sahneh\u00e4ubchen einer sch\u00f6nen Tour. Und auch an Feierabend l\u00e4sst es sich gut leben, wenn man mit seinem Schirm im Abendrot versinkt.Die Autoren wollten dieses unglaubliche Gef\u00fchl von Freiheit am Berg nicht f\u00fcr sich alleine beanspruchen. Deshalb haben sie sich zusammengesetzt, um eines der wohl besten und umfangreichste Gebiete f\u00fcr Hike and Fly in einem Buch zusammenzufassen.\",\"breadcrumb\":{\"@id\":\"https:\\\/\\\/swissgliders.ch\\\/de\\\/produkt\\\/hike-fly-guide-zentralschweiz\\\/#breadcrumb\"},\"inLanguage\":\"de\",\"potentialAction\":[{\"@type\":\"ReadAction\",\"target\":[\"https:\\\/\\\/swissgliders.ch\\\/de\\\/produkt\\\/hike-fly-guide-zentralschweiz\\\/\"]}]},{\"@type\":\"ImageObject\",\"inLanguage\":\"de\",\"@id\":\"https:\\\/\\\/swissgliders.ch\\\/de\\\/produkt\\\/hike-fly-guide-zentralschweiz\\\/#primaryimage\",\"url\":\"https:\\\/\\\/swissgliders.ch\\\/wp-content\\\/uploads\\\/2022\\\/07\\\/Cover_HikeAndFly_Guide_Zentralschweiz-600x600-500x500-c-default.webp\",\"contentUrl\":\"https:\\\/\\\/swissgliders.ch\\\/wp-content\\\/uploads\\\/2022\\\/07\\\/Cover_HikeAndFly_Guide_Zentralschweiz-600x600-500x500-c-default.webp\",\"width\":500,\"height\":500,\"caption\":\"gleitschirm-buecher\"},{\"@type\":\"BreadcrumbList\",\"@id\":\"https:\\\/\\\/swissgliders.ch\\\/de\\\/produkt\\\/hike-fly-guide-zentralschweiz\\\/#breadcrumb\",\"itemListElement\":[{\"@type\":\"ListItem\",\"position\":1,\"name\":\"Startseite\",\"item\":\"https:\\\/\\\/swissgliders.ch\\\/de\\\/willkommen\\\/\"},{\"@type\":\"ListItem\",\"position\":2,\"name\":\"Gleitschirm Shop\",\"item\":\"https:\\\/\\\/swissgliders.ch\\\/de\\\/gleitschirm-shop\\\/\"},{\"@type\":\"ListItem\",\"position\":3,\"name\":\"HIKE &#038; FLY GUIDE ZENTRALSCHWEIZ\"}]},{\"@type\":\"WebSite\",\"@id\":\"https:\\\/\\\/swissgliders.ch\\\/de\\\/#website\",\"url\":\"https:\\\/\\\/swissgliders.ch\\\/de\\\/\",\"name\":\"Gleitschirmschule Thun, Bern, Interlaken\",\"description\":\"Gleitschirmschule Thun, Bern, Interlaken\",\"publisher\":{\"@id\":\"https:\\\/\\\/swissgliders.ch\\\/de\\\/#organization\"},\"potentialAction\":[{\"@type\":\"SearchAction\",\"target\":{\"@type\":\"EntryPoint\",\"urlTemplate\":\"https:\\\/\\\/swissgliders.ch\\\/de\\\/?s={search_term_string}\"},\"query-input\":{\"@type\":\"PropertyValueSpecification\",\"valueRequired\":true,\"valueName\":\"search_term_string\"}}],\"inLanguage\":\"de\"},{\"@type\":\"Organization\",\"@id\":\"https:\\\/\\\/swissgliders.ch\\\/de\\\/#organization\",\"name\":\"Swissgliders Gleitschirmflugschule Thun\",\"url\":\"https:\\\/\\\/swissgliders.ch\\\/de\\\/\",\"logo\":{\"@type\":\"ImageObject\",\"inLanguage\":\"de\",\"@id\":\"https:\\\/\\\/swissgliders.ch\\\/de\\\/#\\\/schema\\\/logo\\\/image\\\/\",\"url\":\"https:\\\/\\\/swissgliders.ch\\\/wp-content\\\/uploads\\\/2019\\\/12\\\/swissgliders-logo-rgb-square-L-no-ch-01.png\",\"contentUrl\":\"https:\\\/\\\/swissgliders.ch\\\/wp-content\\\/uploads\\\/2019\\\/12\\\/swissgliders-logo-rgb-square-L-no-ch-01.png\",\"width\":2500,\"height\":2500,\"caption\":\"Swissgliders Gleitschirmflugschule Thun\"},\"image\":{\"@id\":\"https:\\\/\\\/swissgliders.ch\\\/de\\\/#\\\/schema\\\/logo\\\/image\\\/\"},\"sameAs\":[\"https:\\\/\\\/www.facebook.com\\\/swissgliders\",\"https:\\\/\\\/x.com\\\/Swissgliders\",\"https:\\\/\\\/www.instagram.com\\\/swissgliders\\\/\",\"https:\\\/\\\/www.youtube.com\\\/channel\\\/UCMCtGdepy9vBhrhX3V_oJOA\"],\"hasMerchantReturnPolicy\":{\"@type\":\"MerchantReturnPolicy\",\"merchantReturnLink\":\"https:\\\/\\\/swissgliders.ch\\\/de\\\/allgemeine-geschaftsbedingungen\\\/\"}}]}<\/script>\n<meta property=\"product:price:amount\" content=\"59.00\" \/>\n<meta property=\"product:price:currency\" content=\"CHF\" \/>\n<meta property=\"og:availability\" content=\"instock\" \/>\n<meta property=\"product:availability\" content=\"instock\" \/>\n<meta property=\"product:condition\" content=\"new\" \/>\n<!-- \/ Yoast SEO Premium plugin. -->","yoast_head_json":{"title":"HIKE & FLY GUIDE ZENTRALSCHWEIZ | Gleitschirmschule Thun, Bern, Interlaken","description":"Der Traum vom Fliegen ist nichts Neues. Doch was sich in den vergangenen Jahren massiv ver\u00e4ndert hat, ist das Material. Auch f\u00fcr die Autoren war das ein Beweggrund, um in die dritte Dimension zu starten. Ab diesem Moment wurden die l\u00e4stigen Abstiegepl\u00f6tzlich zum Sahneh\u00e4ubchen einer sch\u00f6nen Tour. Und auch an Feierabend l\u00e4sst es sich gut leben, wenn man mit seinem Schirm im Abendrot versinkt.Die Autoren wollten dieses unglaubliche Gef\u00fchl von Freiheit am Berg nicht f\u00fcr sich alleine beanspruchen. Deshalb haben sie sich zusammengesetzt, um eines der wohl besten und umfangreichste Gebiete f\u00fcr Hike and Fly in einem Buch zusammenzufassen.","robots":{"index":"index","follow":"follow","max-snippet":"max-snippet:-1","max-image-preview":"max-image-preview:large","max-video-preview":"max-video-preview:-1"},"canonical":"https:\/\/swissgliders.ch\/de\/produkt\/hike-fly-guide-zentralschweiz\/","og_locale":"de_DE","og_type":"article","og_title":"HIKE & FLY GUIDE ZENTRALSCHWEIZ","og_description":"Der Traum vom Fliegen ist nichts Neues. Doch was sich in den vergangenen Jahren massiv ver\u00e4ndert hat, ist das Material. Auch f\u00fcr die Autoren war das ein Beweggrund, um in die dritte Dimension zu starten. Ab diesem Moment wurden die l\u00e4stigen Abstiegepl\u00f6tzlich zum Sahneh\u00e4ubchen einer sch\u00f6nen Tour. Und auch an Feierabend l\u00e4sst es sich gut leben, wenn man mit seinem Schirm im Abendrot versinkt.Die Autoren wollten dieses unglaubliche Gef\u00fchl von Freiheit am Berg nicht f\u00fcr sich alleine beanspruchen. Deshalb haben sie sich zusammengesetzt, um eines der wohl besten und umfangreichste Gebiete f\u00fcr Hike and Fly in einem Buch zusammenzufassen.","og_url":"https:\/\/swissgliders.ch\/de\/produkt\/hike-fly-guide-zentralschweiz\/","og_site_name":"Gleitschirmschule Thun, Bern, Interlaken","article_publisher":"https:\/\/www.facebook.com\/swissgliders","article_modified_time":"2024-01-03T17:10:30+00:00","og_image":[{"width":500,"height":500,"url":"https:\/\/swissgliders.ch\/wp-content\/uploads\/2022\/07\/Cover_HikeAndFly_Guide_Zentralschweiz-600x600-500x500-c-default.webp","type":"image\/webp"}],"twitter_card":"summary_large_image","twitter_site":"@Swissgliders","twitter_misc":{"Preis":"&#67;&#72;&#70;&nbsp;59.00","Verf\u00fcgbarkeit":"Auf Lager"},"schema":{"@context":"https:\/\/schema.org","@graph":[{"@type":"WebPage","@id":"https:\/\/swissgliders.ch\/de\/produkt\/hike-fly-guide-zentralschweiz\/","url":"https:\/\/swissgliders.ch\/de\/produkt\/hike-fly-guide-zentralschweiz\/","name":"HIKE & FLY GUIDE ZENTRALSCHWEIZ | Gleitschirmschule Thun, Bern, Interlaken","isPartOf":{"@id":"https:\/\/swissgliders.ch\/de\/#website"},"primaryImageOfPage":{"@id":"https:\/\/swissgliders.ch\/de\/produkt\/hike-fly-guide-zentralschweiz\/#primaryimage"},"image":{"@id":"https:\/\/swissgliders.ch\/de\/produkt\/hike-fly-guide-zentralschweiz\/#primaryimage"},"thumbnailUrl":"https:\/\/swissgliders.ch\/wp-content\/uploads\/2022\/07\/Cover_HikeAndFly_Guide_Zentralschweiz-600x600-500x500-c-default.webp","datePublished":"2022-07-23T14:53:20+00:00","dateModified":"2024-01-03T17:10:30+00:00","description":"Der Traum vom Fliegen ist nichts Neues. Doch was sich in den vergangenen Jahren massiv ver\u00e4ndert hat, ist das Material. Auch f\u00fcr die Autoren war das ein Beweggrund, um in die dritte Dimension zu starten. Ab diesem Moment wurden die l\u00e4stigen Abstiegepl\u00f6tzlich zum Sahneh\u00e4ubchen einer sch\u00f6nen Tour. Und auch an Feierabend l\u00e4sst es sich gut leben, wenn man mit seinem Schirm im Abendrot versinkt.Die Autoren wollten dieses unglaubliche Gef\u00fchl von Freiheit am Berg nicht f\u00fcr sich alleine beanspruchen. Deshalb haben sie sich zusammengesetzt, um eines der wohl besten und umfangreichste Gebiete f\u00fcr Hike and Fly in einem Buch zusammenzufassen.","breadcrumb":{"@id":"https:\/\/swissgliders.ch\/de\/produkt\/hike-fly-guide-zentralschweiz\/#breadcrumb"},"inLanguage":"de","potentialAction":[{"@type":"ReadAction","target":["https:\/\/swissgliders.ch\/de\/produkt\/hike-fly-guide-zentralschweiz\/"]}]},{"@type":"ImageObject","inLanguage":"de","@id":"https:\/\/swissgliders.ch\/de\/produkt\/hike-fly-guide-zentralschweiz\/#primaryimage","url":"https:\/\/swissgliders.ch\/wp-content\/uploads\/2022\/07\/Cover_HikeAndFly_Guide_Zentralschweiz-600x600-500x500-c-default.webp","contentUrl":"https:\/\/swissgliders.ch\/wp-content\/uploads\/2022\/07\/Cover_HikeAndFly_Guide_Zentralschweiz-600x600-500x500-c-default.webp","width":500,"height":500,"caption":"gleitschirm-buecher"},{"@type":"BreadcrumbList","@id":"https:\/\/swissgliders.ch\/de\/produkt\/hike-fly-guide-zentralschweiz\/#breadcrumb","itemListElement":[{"@type":"ListItem","position":1,"name":"Startseite","item":"https:\/\/swissgliders.ch\/de\/willkommen\/"},{"@type":"ListItem","position":2,"name":"Gleitschirm Shop","item":"https:\/\/swissgliders.ch\/de\/gleitschirm-shop\/"},{"@type":"ListItem","position":3,"name":"HIKE &#038; FLY GUIDE ZENTRALSCHWEIZ"}]},{"@type":"WebSite","@id":"https:\/\/swissgliders.ch\/de\/#website","url":"https:\/\/swissgliders.ch\/de\/","name":"Gleitschirmschule Thun, Bern, Interlaken","description":"Gleitschirmschule Thun, Bern, Interlaken","publisher":{"@id":"https:\/\/swissgliders.ch\/de\/#organization"},"potentialAction":[{"@type":"SearchAction","target":{"@type":"EntryPoint","urlTemplate":"https:\/\/swissgliders.ch\/de\/?s={search_term_string}"},"query-input":{"@type":"PropertyValueSpecification","valueRequired":true,"valueName":"search_term_string"}}],"inLanguage":"de"},{"@type":"Organization","@id":"https:\/\/swissgliders.ch\/de\/#organization","name":"Swissgliders Gleitschirmflugschule Thun","url":"https:\/\/swissgliders.ch\/de\/","logo":{"@type":"ImageObject","inLanguage":"de","@id":"https:\/\/swissgliders.ch\/de\/#\/schema\/logo\/image\/","url":"https:\/\/swissgliders.ch\/wp-content\/uploads\/2019\/12\/swissgliders-logo-rgb-square-L-no-ch-01.png","contentUrl":"https:\/\/swissgliders.ch\/wp-content\/uploads\/2019\/12\/swissgliders-logo-rgb-square-L-no-ch-01.png","width":2500,"height":2500,"caption":"Swissgliders Gleitschirmflugschule Thun"},"image":{"@id":"https:\/\/swissgliders.ch\/de\/#\/schema\/logo\/image\/"},"sameAs":["https:\/\/www.facebook.com\/swissgliders","https:\/\/x.com\/Swissgliders","https:\/\/www.instagram.com\/swissgliders\/","https:\/\/www.youtube.com\/channel\/UCMCtGdepy9vBhrhX3V_oJOA"],"hasMerchantReturnPolicy":{"@type":"MerchantReturnPolicy","merchantReturnLink":"https:\/\/swissgliders.ch\/de\/allgemeine-geschaftsbedingungen\/"}}]},"product_price_amount":"59.00","product_price_currency":"CHF","og_availability":"instock","product_availability":"instock","product_condition":"new"},"_links":{"self":[{"href":"https:\/\/swissgliders.ch\/de\/wp-json\/wp\/v2\/product\/8819","targetHints":{"allow":["GET"]}}],"collection":[{"href":"https:\/\/swissgliders.ch\/de\/wp-json\/wp\/v2\/product"}],"about":[{"href":"https:\/\/swissgliders.ch\/de\/wp-json\/wp\/v2\/types\/product"}],"replies":[{"embeddable":true,"href":"https:\/\/swissgliders.ch\/de\/wp-json\/wp\/v2\/comments?post=8819"}],"wp:featuredmedia":[{"embeddable":true,"href":"https:\/\/swissgliders.ch\/de\/wp-json\/wp\/v2\/media\/8822"}],"wp:attachment":[{"href":"https:\/\/swissgliders.ch\/de\/wp-json\/wp\/v2\/media?parent=8819"}],"wp:term":[{"taxonomy":"product_brand","embeddable":true,"href":"https:\/\/swissgliders.ch\/de\/wp-json\/wp\/v2\/product_brand?post=8819"},{"taxonomy":"product_cat","embeddable":true,"href":"https:\/\/swissgliders.ch\/de\/wp-json\/wp\/v2\/product_cat?post=8819"},{"taxonomy":"product_tag","embeddable":true,"href":"https:\/\/swissgliders.ch\/de\/wp-json\/wp\/v2\/product_tag?post=8819"}],"curies":[{"name":"wp","href":"https:\/\/api.w.org\/{rel}","templated":true}]}}