{"id":8824,"date":"2022-07-23T15:59:30","date_gmt":"2022-07-23T14:59:30","guid":{"rendered":"https:\/\/swissgliders.ch\/?post_type=product&#038;p=8824"},"modified":"2024-01-03T18:10:19","modified_gmt":"2024-01-03T17:10:19","slug":"hike-fly-guide-berner-oberland","status":"publish","type":"product","link":"https:\/\/swissgliders.ch\/de\/produkt\/hike-fly-guide-berner-oberland\/","title":{"rendered":"HIKE &#038; FLY GUIDE BERNER OBERLAND"},"content":{"rendered":"<h2>BESCHREIBUNG<\/h2>\n<p>Der Guide beinhaltet 60 Vorschl\u00e4ge f\u00fcr Hike &amp; Fly, Climb &amp; Fly, Ski &amp; Fly und Fly to Ski-Touren im ganzen Berner Oberland vom Oldenhorn (Les Diablerets) bis zum Sustenhorn, systematisch beschrieben und beurteilt nach Kriterien wie Zeitbedarf und H\u00f6henunterschied des Aufstiegs, Schwierigkeitsgrad des Start- und Landeplatzes, Hangexposition, Positives, Negatives, Gefahrenhinweise, Hinweise auf Wildschutzgebiete sowie Wissenswertes.<\/p>\n<p><strong>Zum Gebrauch<\/strong><\/p>\n<p>Die Touren k\u00f6nnen dabei auf topographischen Karten im Massstab 1:100 000 und alle Start- und Landepl\u00e4tze auf Karten im Massstab von 1:25\u2018000 nachgeschlagen werden. Weiter verf\u00fcgt das Buch \u00fcber informative Kapitel wie Tourenvorbereitung, Hike &amp; Fly Praxistipps von Chrigel Maurer, Meteo (insbesondere \u00fcber die lokalen Wetterph\u00e4nomene in den verschiedenen T\u00e4lern des Berner Oberlandes) und Wildtierschutz. Als Auflockerung gibt es im Buch diverse Erlebnisberichte, unter anderem auch einen \u00fcber Roger\u2019s Schweiz Traversierung per Hike &amp; Fly.<\/p>\n<p>Mehr <a href=\"https:\/\/www.outdoorguide-das-buch.ch\/shop\/hike-fly-guide-berner-oberland\/\" target=\"_blank\" rel=\"noopener noreferrer\">Info<\/a><\/p>\n<p>Lieferzeit 2-4 Tage<\/p>\n","protected":false},"excerpt":{"rendered":"<h2>BESCHREIBUNG<\/h2>\n<p>Der Guide beinhaltet 60 Vorschl\u00e4ge f\u00fcr Hike &amp; Fly, Climb &amp; Fly, Ski &amp; Fly und Fly to Ski-Touren im ganzen Berner Oberland vom Oldenhorn (Les Diablerets) bis zum Sustenhorn, systematisch beschrieben und beurteilt nach Kriterien wie Zeitbedarf und H\u00f6henunterschied des Aufstiegs, Schwierigkeitsgrad des Start- und Landeplatzes, Hangexposition, Positives, Negatives, Gefahrenhinweise, Hinweise auf Wildschutzgebiete sowie Wissenswertes.<\/p>\n<p><strong>Zum Gebrauch<\/strong><\/p>\n<p>Die Touren k\u00f6nnen dabei auf topographischen Karten im Massstab 1:100 000 und alle Start- und Landepl\u00e4tze auf Karten im Massstab von 1:25\u2018000 nachgeschlagen werden. Weiter verf\u00fcgt das Buch \u00fcber informative Kapitel wie Tourenvorbereitung, Hike &amp; Fly Praxistipps von Chrigel Maurer, Meteo (insbesondere \u00fcber die lokalen Wetterph\u00e4nomene in den verschiedenen T\u00e4lern des Berner Oberlandes) und Wildtierschutz. Als Auflockerung gibt es im Buch diverse Erlebnisberichte, unter anderem auch einen \u00fcber Roger\u2019s Schweiz Traversierung per Hike &amp; Fly.<\/p>\n<p>Mehr <a href=\"https:\/\/www.outdoorguide-das-buch.ch\/shop\/hike-fly-guide-berner-oberland\/\" target=\"_blank\" rel=\"noopener noreferrer\">Info<\/a><\/p>\n<p>Lieferzeit 2-4 Tage<\/p>\n<p>&nbsp;<\/p>\n","protected":false},"featured_media":8826,"comment_status":"closed","ping_status":"closed","template":"","meta":[],"product_brand":[],"product_cat":[2092],"product_tag":[2208,90],"class_list":{"0":"post-8824","1":"product","2":"type-product","3":"status-publish","4":"has-post-thumbnail","6":"product_cat-gleitschirm-buecher","7":"product_tag-buecher","8":"product_tag-verkaufsartikel","9":"product_shipping_class-priority-2kg-de","11":"first","12":"instock","13":"shipping-taxable","14":"purchasable","15":"product-type-simple"},"yoast_head":"<!-- This site is optimized with the Yoast SEO Premium plugin v26.1 (Yoast SEO v27.3) - https:\/\/yoast.com\/product\/yoast-seo-premium-wordpress\/ -->\n<title>HIKE &amp; FLY GUIDE BERNER OBERLAND | Gleitschirmschule Thun, Bern, Interlaken<\/title>\n<meta name=\"description\" content=\"Der Guide beinhaltet 60 Vorschl\u00e4ge f\u00fcr Hike &amp; Fly, Climb &amp; Fly, Ski &amp; Fly und Fly to Ski-Touren im ganzen Berner Oberland vom Oldenhorn (Les Diablerets) bis zum Sustenhorn, systematisch beschrieben und beurteilt nach Kriterien wie Zeitbedarf und H\u00f6henunterschied des Aufstiegs, Schwierigkeitsgrad des Start- und Landeplatzes, Hangexposition, Positives, Negatives, Gefahrenhinweise, Hinweise auf Wildschutzgebiete sowie Wissenswertes.\" \/>\n<meta name=\"robots\" content=\"index, follow, max-snippet:-1, max-image-preview:large, max-video-preview:-1\" \/>\n<link rel=\"canonical\" href=\"https:\/\/swissgliders.ch\/de\/produkt\/hike-fly-guide-berner-oberland\/\" \/>\n<meta property=\"og:locale\" content=\"de_DE\" \/>\n<meta property=\"og:type\" content=\"article\" \/>\n<meta property=\"og:title\" content=\"HIKE &amp; FLY GUIDE BERNER OBERLAND\" \/>\n<meta property=\"og:description\" content=\"Der Guide beinhaltet 60 Vorschl\u00e4ge f\u00fcr Hike &amp; Fly, Climb &amp; Fly, Ski &amp; Fly und Fly to Ski-Touren im ganzen Berner Oberland vom Oldenhorn (Les Diablerets) bis zum Sustenhorn, systematisch beschrieben und beurteilt nach Kriterien wie Zeitbedarf und H\u00f6henunterschied des Aufstiegs, Schwierigkeitsgrad des Start- und Landeplatzes, Hangexposition, Positives, Negatives, Gefahrenhinweise, Hinweise auf Wildschutzgebiete sowie Wissenswertes.\" \/>\n<meta property=\"og:url\" content=\"https:\/\/swissgliders.ch\/de\/produkt\/hike-fly-guide-berner-oberland\/\" \/>\n<meta property=\"og:site_name\" content=\"Gleitschirmschule Thun, Bern, Interlaken\" \/>\n<meta property=\"article:publisher\" content=\"https:\/\/www.facebook.com\/swissgliders\" \/>\n<meta property=\"article:modified_time\" content=\"2024-01-03T17:10:19+00:00\" \/>\n<meta property=\"og:image\" content=\"https:\/\/swissgliders.ch\/wp-content\/uploads\/2022\/07\/HikeAndFly_BernerOberland-1.webp\" \/>\n\t<meta property=\"og:image:width\" content=\"500\" \/>\n\t<meta property=\"og:image:height\" content=\"500\" \/>\n\t<meta property=\"og:image:type\" content=\"image\/webp\" \/>\n<meta name=\"twitter:card\" content=\"summary_large_image\" \/>\n<meta name=\"twitter:site\" content=\"@Swissgliders\" \/>\n<meta name=\"twitter:label1\" content=\"Preis\" \/>\n\t<meta name=\"twitter:data1\" content=\"&#067;&#072;&#070;&nbsp;59.00\" \/>\n\t<meta name=\"twitter:label2\" content=\"Verf\u00fcgbarkeit\" \/>\n\t<meta name=\"twitter:data2\" content=\"Auf Lager\" \/>\n<script type=\"application\/ld+json\" class=\"yoast-schema-graph\">{\"@context\":\"https:\\\/\\\/schema.org\",\"@graph\":[{\"@type\":\"WebPage\",\"@id\":\"https:\\\/\\\/swissgliders.ch\\\/de\\\/produkt\\\/hike-fly-guide-berner-oberland\\\/\",\"url\":\"https:\\\/\\\/swissgliders.ch\\\/de\\\/produkt\\\/hike-fly-guide-berner-oberland\\\/\",\"name\":\"HIKE & FLY GUIDE BERNER OBERLAND | Gleitschirmschule Thun, Bern, Interlaken\",\"isPartOf\":{\"@id\":\"https:\\\/\\\/swissgliders.ch\\\/de\\\/#website\"},\"primaryImageOfPage\":{\"@id\":\"https:\\\/\\\/swissgliders.ch\\\/de\\\/produkt\\\/hike-fly-guide-berner-oberland\\\/#primaryimage\"},\"image\":{\"@id\":\"https:\\\/\\\/swissgliders.ch\\\/de\\\/produkt\\\/hike-fly-guide-berner-oberland\\\/#primaryimage\"},\"thumbnailUrl\":\"https:\\\/\\\/swissgliders.ch\\\/wp-content\\\/uploads\\\/2022\\\/07\\\/HikeAndFly_BernerOberland-1.webp\",\"datePublished\":\"2022-07-23T14:59:30+00:00\",\"dateModified\":\"2024-01-03T17:10:19+00:00\",\"description\":\"Der Guide beinhaltet 60 Vorschl\u00e4ge f\u00fcr Hike & Fly, Climb & Fly, Ski & Fly und Fly to Ski-Touren im ganzen Berner Oberland vom Oldenhorn (Les Diablerets) bis zum Sustenhorn, systematisch beschrieben und beurteilt nach Kriterien wie Zeitbedarf und H\u00f6henunterschied des Aufstiegs, Schwierigkeitsgrad des Start- und Landeplatzes, Hangexposition, Positives, Negatives, Gefahrenhinweise, Hinweise auf Wildschutzgebiete sowie Wissenswertes.\",\"breadcrumb\":{\"@id\":\"https:\\\/\\\/swissgliders.ch\\\/de\\\/produkt\\\/hike-fly-guide-berner-oberland\\\/#breadcrumb\"},\"inLanguage\":\"de\",\"potentialAction\":[{\"@type\":\"ReadAction\",\"target\":[\"https:\\\/\\\/swissgliders.ch\\\/de\\\/produkt\\\/hike-fly-guide-berner-oberland\\\/\"]}]},{\"@type\":\"ImageObject\",\"inLanguage\":\"de\",\"@id\":\"https:\\\/\\\/swissgliders.ch\\\/de\\\/produkt\\\/hike-fly-guide-berner-oberland\\\/#primaryimage\",\"url\":\"https:\\\/\\\/swissgliders.ch\\\/wp-content\\\/uploads\\\/2022\\\/07\\\/HikeAndFly_BernerOberland-1.webp\",\"contentUrl\":\"https:\\\/\\\/swissgliders.ch\\\/wp-content\\\/uploads\\\/2022\\\/07\\\/HikeAndFly_BernerOberland-1.webp\",\"width\":500,\"height\":500,\"caption\":\"HikeAndFly_BernerOberland-1\"},{\"@type\":\"BreadcrumbList\",\"@id\":\"https:\\\/\\\/swissgliders.ch\\\/de\\\/produkt\\\/hike-fly-guide-berner-oberland\\\/#breadcrumb\",\"itemListElement\":[{\"@type\":\"ListItem\",\"position\":1,\"name\":\"Startseite\",\"item\":\"https:\\\/\\\/swissgliders.ch\\\/de\\\/willkommen\\\/\"},{\"@type\":\"ListItem\",\"position\":2,\"name\":\"Gleitschirm Shop\",\"item\":\"https:\\\/\\\/swissgliders.ch\\\/de\\\/gleitschirm-shop\\\/\"},{\"@type\":\"ListItem\",\"position\":3,\"name\":\"HIKE &#038; FLY GUIDE BERNER OBERLAND\"}]},{\"@type\":\"WebSite\",\"@id\":\"https:\\\/\\\/swissgliders.ch\\\/de\\\/#website\",\"url\":\"https:\\\/\\\/swissgliders.ch\\\/de\\\/\",\"name\":\"Gleitschirmschule Thun, Bern, Interlaken\",\"description\":\"Gleitschirmschule Thun, Bern, Interlaken\",\"publisher\":{\"@id\":\"https:\\\/\\\/swissgliders.ch\\\/de\\\/#organization\"},\"potentialAction\":[{\"@type\":\"SearchAction\",\"target\":{\"@type\":\"EntryPoint\",\"urlTemplate\":\"https:\\\/\\\/swissgliders.ch\\\/de\\\/?s={search_term_string}\"},\"query-input\":{\"@type\":\"PropertyValueSpecification\",\"valueRequired\":true,\"valueName\":\"search_term_string\"}}],\"inLanguage\":\"de\"},{\"@type\":\"Organization\",\"@id\":\"https:\\\/\\\/swissgliders.ch\\\/de\\\/#organization\",\"name\":\"Swissgliders Gleitschirmflugschule Thun\",\"url\":\"https:\\\/\\\/swissgliders.ch\\\/de\\\/\",\"logo\":{\"@type\":\"ImageObject\",\"inLanguage\":\"de\",\"@id\":\"https:\\\/\\\/swissgliders.ch\\\/de\\\/#\\\/schema\\\/logo\\\/image\\\/\",\"url\":\"https:\\\/\\\/swissgliders.ch\\\/wp-content\\\/uploads\\\/2019\\\/12\\\/swissgliders-logo-rgb-square-L-no-ch-01.png\",\"contentUrl\":\"https:\\\/\\\/swissgliders.ch\\\/wp-content\\\/uploads\\\/2019\\\/12\\\/swissgliders-logo-rgb-square-L-no-ch-01.png\",\"width\":2500,\"height\":2500,\"caption\":\"Swissgliders Gleitschirmflugschule Thun\"},\"image\":{\"@id\":\"https:\\\/\\\/swissgliders.ch\\\/de\\\/#\\\/schema\\\/logo\\\/image\\\/\"},\"sameAs\":[\"https:\\\/\\\/www.facebook.com\\\/swissgliders\",\"https:\\\/\\\/x.com\\\/Swissgliders\",\"https:\\\/\\\/www.instagram.com\\\/swissgliders\\\/\",\"https:\\\/\\\/www.youtube.com\\\/channel\\\/UCMCtGdepy9vBhrhX3V_oJOA\"],\"hasMerchantReturnPolicy\":{\"@type\":\"MerchantReturnPolicy\",\"merchantReturnLink\":\"https:\\\/\\\/swissgliders.ch\\\/de\\\/allgemeine-geschaftsbedingungen\\\/\"}}]}<\/script>\n<meta property=\"product:price:amount\" content=\"59.00\" \/>\n<meta property=\"product:price:currency\" content=\"CHF\" \/>\n<meta property=\"og:availability\" content=\"instock\" \/>\n<meta property=\"product:availability\" content=\"instock\" \/>\n<meta property=\"product:condition\" content=\"new\" \/>\n<!-- \/ Yoast SEO Premium plugin. -->","yoast_head_json":{"title":"HIKE & FLY GUIDE BERNER OBERLAND | Gleitschirmschule Thun, Bern, Interlaken","description":"Der Guide beinhaltet 60 Vorschl\u00e4ge f\u00fcr Hike & Fly, Climb & Fly, Ski & Fly und Fly to Ski-Touren im ganzen Berner Oberland vom Oldenhorn (Les Diablerets) bis zum Sustenhorn, systematisch beschrieben und beurteilt nach Kriterien wie Zeitbedarf und H\u00f6henunterschied des Aufstiegs, Schwierigkeitsgrad des Start- und Landeplatzes, Hangexposition, Positives, Negatives, Gefahrenhinweise, Hinweise auf Wildschutzgebiete sowie Wissenswertes.","robots":{"index":"index","follow":"follow","max-snippet":"max-snippet:-1","max-image-preview":"max-image-preview:large","max-video-preview":"max-video-preview:-1"},"canonical":"https:\/\/swissgliders.ch\/de\/produkt\/hike-fly-guide-berner-oberland\/","og_locale":"de_DE","og_type":"article","og_title":"HIKE & FLY GUIDE BERNER OBERLAND","og_description":"Der Guide beinhaltet 60 Vorschl\u00e4ge f\u00fcr Hike & Fly, Climb & Fly, Ski & Fly und Fly to Ski-Touren im ganzen Berner Oberland vom Oldenhorn (Les Diablerets) bis zum Sustenhorn, systematisch beschrieben und beurteilt nach Kriterien wie Zeitbedarf und H\u00f6henunterschied des Aufstiegs, Schwierigkeitsgrad des Start- und Landeplatzes, Hangexposition, Positives, Negatives, Gefahrenhinweise, Hinweise auf Wildschutzgebiete sowie Wissenswertes.","og_url":"https:\/\/swissgliders.ch\/de\/produkt\/hike-fly-guide-berner-oberland\/","og_site_name":"Gleitschirmschule Thun, Bern, Interlaken","article_publisher":"https:\/\/www.facebook.com\/swissgliders","article_modified_time":"2024-01-03T17:10:19+00:00","og_image":[{"width":500,"height":500,"url":"https:\/\/swissgliders.ch\/wp-content\/uploads\/2022\/07\/HikeAndFly_BernerOberland-1.webp","type":"image\/webp"}],"twitter_card":"summary_large_image","twitter_site":"@Swissgliders","twitter_misc":{"Preis":"&#67;&#72;&#70;&nbsp;59.00","Verf\u00fcgbarkeit":"Auf Lager"},"schema":{"@context":"https:\/\/schema.org","@graph":[{"@type":"WebPage","@id":"https:\/\/swissgliders.ch\/de\/produkt\/hike-fly-guide-berner-oberland\/","url":"https:\/\/swissgliders.ch\/de\/produkt\/hike-fly-guide-berner-oberland\/","name":"HIKE & FLY GUIDE BERNER OBERLAND | Gleitschirmschule Thun, Bern, Interlaken","isPartOf":{"@id":"https:\/\/swissgliders.ch\/de\/#website"},"primaryImageOfPage":{"@id":"https:\/\/swissgliders.ch\/de\/produkt\/hike-fly-guide-berner-oberland\/#primaryimage"},"image":{"@id":"https:\/\/swissgliders.ch\/de\/produkt\/hike-fly-guide-berner-oberland\/#primaryimage"},"thumbnailUrl":"https:\/\/swissgliders.ch\/wp-content\/uploads\/2022\/07\/HikeAndFly_BernerOberland-1.webp","datePublished":"2022-07-23T14:59:30+00:00","dateModified":"2024-01-03T17:10:19+00:00","description":"Der Guide beinhaltet 60 Vorschl\u00e4ge f\u00fcr Hike & Fly, Climb & Fly, Ski & Fly und Fly to Ski-Touren im ganzen Berner Oberland vom Oldenhorn (Les Diablerets) bis zum Sustenhorn, systematisch beschrieben und beurteilt nach Kriterien wie Zeitbedarf und H\u00f6henunterschied des Aufstiegs, Schwierigkeitsgrad des Start- und Landeplatzes, Hangexposition, Positives, Negatives, Gefahrenhinweise, Hinweise auf Wildschutzgebiete sowie Wissenswertes.","breadcrumb":{"@id":"https:\/\/swissgliders.ch\/de\/produkt\/hike-fly-guide-berner-oberland\/#breadcrumb"},"inLanguage":"de","potentialAction":[{"@type":"ReadAction","target":["https:\/\/swissgliders.ch\/de\/produkt\/hike-fly-guide-berner-oberland\/"]}]},{"@type":"ImageObject","inLanguage":"de","@id":"https:\/\/swissgliders.ch\/de\/produkt\/hike-fly-guide-berner-oberland\/#primaryimage","url":"https:\/\/swissgliders.ch\/wp-content\/uploads\/2022\/07\/HikeAndFly_BernerOberland-1.webp","contentUrl":"https:\/\/swissgliders.ch\/wp-content\/uploads\/2022\/07\/HikeAndFly_BernerOberland-1.webp","width":500,"height":500,"caption":"HikeAndFly_BernerOberland-1"},{"@type":"BreadcrumbList","@id":"https:\/\/swissgliders.ch\/de\/produkt\/hike-fly-guide-berner-oberland\/#breadcrumb","itemListElement":[{"@type":"ListItem","position":1,"name":"Startseite","item":"https:\/\/swissgliders.ch\/de\/willkommen\/"},{"@type":"ListItem","position":2,"name":"Gleitschirm Shop","item":"https:\/\/swissgliders.ch\/de\/gleitschirm-shop\/"},{"@type":"ListItem","position":3,"name":"HIKE &#038; FLY GUIDE BERNER OBERLAND"}]},{"@type":"WebSite","@id":"https:\/\/swissgliders.ch\/de\/#website","url":"https:\/\/swissgliders.ch\/de\/","name":"Gleitschirmschule Thun, Bern, Interlaken","description":"Gleitschirmschule Thun, Bern, Interlaken","publisher":{"@id":"https:\/\/swissgliders.ch\/de\/#organization"},"potentialAction":[{"@type":"SearchAction","target":{"@type":"EntryPoint","urlTemplate":"https:\/\/swissgliders.ch\/de\/?s={search_term_string}"},"query-input":{"@type":"PropertyValueSpecification","valueRequired":true,"valueName":"search_term_string"}}],"inLanguage":"de"},{"@type":"Organization","@id":"https:\/\/swissgliders.ch\/de\/#organization","name":"Swissgliders Gleitschirmflugschule Thun","url":"https:\/\/swissgliders.ch\/de\/","logo":{"@type":"ImageObject","inLanguage":"de","@id":"https:\/\/swissgliders.ch\/de\/#\/schema\/logo\/image\/","url":"https:\/\/swissgliders.ch\/wp-content\/uploads\/2019\/12\/swissgliders-logo-rgb-square-L-no-ch-01.png","contentUrl":"https:\/\/swissgliders.ch\/wp-content\/uploads\/2019\/12\/swissgliders-logo-rgb-square-L-no-ch-01.png","width":2500,"height":2500,"caption":"Swissgliders Gleitschirmflugschule Thun"},"image":{"@id":"https:\/\/swissgliders.ch\/de\/#\/schema\/logo\/image\/"},"sameAs":["https:\/\/www.facebook.com\/swissgliders","https:\/\/x.com\/Swissgliders","https:\/\/www.instagram.com\/swissgliders\/","https:\/\/www.youtube.com\/channel\/UCMCtGdepy9vBhrhX3V_oJOA"],"hasMerchantReturnPolicy":{"@type":"MerchantReturnPolicy","merchantReturnLink":"https:\/\/swissgliders.ch\/de\/allgemeine-geschaftsbedingungen\/"}}]},"product_price_amount":"59.00","product_price_currency":"CHF","og_availability":"instock","product_availability":"instock","product_condition":"new"},"_links":{"self":[{"href":"https:\/\/swissgliders.ch\/de\/wp-json\/wp\/v2\/product\/8824","targetHints":{"allow":["GET"]}}],"collection":[{"href":"https:\/\/swissgliders.ch\/de\/wp-json\/wp\/v2\/product"}],"about":[{"href":"https:\/\/swissgliders.ch\/de\/wp-json\/wp\/v2\/types\/product"}],"replies":[{"embeddable":true,"href":"https:\/\/swissgliders.ch\/de\/wp-json\/wp\/v2\/comments?post=8824"}],"wp:featuredmedia":[{"embeddable":true,"href":"https:\/\/swissgliders.ch\/de\/wp-json\/wp\/v2\/media\/8826"}],"wp:attachment":[{"href":"https:\/\/swissgliders.ch\/de\/wp-json\/wp\/v2\/media?parent=8824"}],"wp:term":[{"taxonomy":"product_brand","embeddable":true,"href":"https:\/\/swissgliders.ch\/de\/wp-json\/wp\/v2\/product_brand?post=8824"},{"taxonomy":"product_cat","embeddable":true,"href":"https:\/\/swissgliders.ch\/de\/wp-json\/wp\/v2\/product_cat?post=8824"},{"taxonomy":"product_tag","embeddable":true,"href":"https:\/\/swissgliders.ch\/de\/wp-json\/wp\/v2\/product_tag?post=8824"}],"curies":[{"name":"wp","href":"https:\/\/api.w.org\/{rel}","templated":true}]}}