{"id":9178,"date":"2022-10-03T09:46:06","date_gmt":"2022-10-03T08:46:06","guid":{"rendered":"https:\/\/swissgliders.ch\/?post_type=product&#038;p=9178"},"modified":"2025-04-16T08:29:39","modified_gmt":"2025-04-16T07:29:39","slug":"arrow","status":"publish","type":"product","link":"https:\/\/swissgliders.ch\/de\/produkt\/arrow\/","title":{"rendered":"Niviuk Arrow"},"content":{"rendered":"<div class=\"et_pb_module et_pb_text et_pb_text_0 et_pb_bg_layout_light et_pb_text_align_left\">\n<div class=\"et_pb_text_inner\">\n<div>\n<h3><strong>SCHNELLER, H\u00d6HER, WEITER<\/strong><\/h3>\n<p><img loading=\"lazy\" decoding=\"async\" class=\"\" src=\"https:\/\/paraglidingshop.ch\/media\/fb\/18\/6b\/1664978852\/niviuk_arrow_titel.jpg\" alt=\"Niviuk Arrow: Hochleistungsgurtzeug f\u00fcr XC und Wettkampf\" width=\"389\" height=\"389\" \/><\/p>\n<p>Ein neues Performancegurtzeug f\u00fcr Piloten, die das Beste aus ihren Streckenfl\u00fcgen holen und Wettbewerbe fliegen m\u00f6chten. Optimierte Aerodynamik reduziert den Luftwiderstand und erh\u00f6ht die Leistung. Ein komfortables, stabiles, haltbares und gleichzeitig leichtes Gurtzeug \u2013 mit dem Arrow erreichst du deine Ziele.<\/p>\n<\/div>\n<div><\/div>\n<div><strong>Streckenfliegen<\/strong><br \/>\nEin neues Performancegurtzeug f\u00fcr Piloten, die das Beste aus ihren Streckenfl\u00fcgen holen und Wettbewerbe fliegen m\u00f6chten. Ein komfortables, stabiles, haltbares und gleichzeitig leichtes Gurtzeug, mit dem du deine Ziele erreichst.<\/div>\n<\/div>\n<div>\n<div><\/div>\n<div class=\"titol\"><strong>Vielseitiges, vollverkleidetes Gurtzeug<\/strong><\/div>\n<div>Performancegurtzeug mit optimiertem Gewicht (3,85 kg in der Gr\u00f6\u00dfe S) f\u00fcr exzellente Leistung. Durch die Verwendung der neuesten Niviuk-Innovationen (z.B. Nitinol) eignet es sich f\u00fcr lange Streckenfl\u00fcge genauso wie f\u00fcr den allt\u00e4glichen Gebrauch.<\/div>\n<\/div>\n<div>\n<div class=\"showed\">\n<div class=\"titol\">Vielseitiges, vollverkleidetes Gurtzeug<\/div>\n<div><\/div>\n<\/div>\n<div class=\"\">\n<div class=\"titol\"><strong>Beinsack<\/strong><\/div>\n<div>\n<p>Das Arrow ist in vier Gr\u00f6\u00dfen erh\u00e4ltlich: S, M, L und XL.<\/p>\n<p>Der Beinsack kann leicht ausgetauscht werden und ist\u00a0besteht aus robustem, semi-leichtem Lyrca und kann durch ein leichtes System aus verschiebbaren Kanoten, Rei\u00dfverschl\u00fcssen und Magneten an den K\u00f6rper des Piloten angepasst werden. Dies garantiert eine hervorragende Passform und es verf\u00fcgt \u00fcber ein einfaches Schlie\u00dfsystem.<\/p>\n<\/div>\n<\/div>\n<\/div>\n<\/div>\n<div><\/div>\n<div>\n<div class=\"\">\n<div class=\"titol\"><strong>Ausgestattet auf h\u00f6chstem Niveau<\/strong><\/div>\n<div>Das Arrow verf\u00fcgt \u00fcber ein gro\u00dfes integriertes Cockpit mit Magnetsystem, das auch im Flug einfach ge\u00f6ffnet werden kann, sowie eine extra angepasste Tasche f\u00fcr verschiedene elektronische Ger\u00e4te mit Kabeldurchlass und ein 4 l Fach f\u00fcr Ballast (Gr\u00f6\u00dfe M).<\/div>\n<\/div>\n<\/div>\n<div><\/div>\n<div>\n<div class=\"titol\"><strong>Effizienz und Performance<\/strong><\/div>\n<div>Die Heckfinne optimiert die aerodynamische Form und reduziert den Luftwiderstand. Sie sorgt f\u00fcr bessere Balance beim Gieren und macht das Gurtzeug somit stabiler, komfortabler und pr\u00e4ziser zu fliegen.<\/div>\n<\/div>\n<div><\/div>\n<div>\n<div class=\"\">\n<h4 class=\"titol titol_generic aos-init aos-animate\" data-aos=\"fade-in\">Technische Daten<\/h4>\n<\/div>\n<div id=\"content_especificaciones\">\n<table id=\"tabla_especificaciones\" class=\"aos-init aos-animate\" cellspacing=\"0\" data-aos=\"fade-up\">\n<thead>\n<tr>\n<th><\/th>\n<th><\/th>\n<th><\/th>\n<th width=\"165\"><b>S<\/b><\/th>\n<th width=\"165\"><b>M<\/b><\/th>\n<th width=\"165\"><b>L<\/b><\/th>\n<th width=\"165\"><b>XL<\/b><\/th>\n<\/tr>\n<\/thead>\n<tbody>\n<tr>\n<td><b>GEWICHT<\/b><\/td>\n<td><\/td>\n<td>kg<\/td>\n<td>3,85<\/td>\n<td>3,95<\/td>\n<td>4,3<\/td>\n<td>4,65<\/td>\n<\/tr>\n<tr>\n<td><b>PILOTENGR\u00d6\u00dfE<\/b><\/td>\n<td><\/td>\n<td>cm<\/td>\n<td>150-170<\/td>\n<td>165-178<\/td>\n<td>175-187<\/td>\n<td>182-200<\/td>\n<\/tr>\n<tr>\n<td><b>L\u00c4NGE R\u00dcCKENTEIL<\/b><\/td>\n<td><\/td>\n<td>cm<\/td>\n<td>60<\/td>\n<td>60<\/td>\n<td>64,5<\/td>\n<td>69<\/td>\n<\/tr>\n<tr>\n<td><b>SITZFL\u00c4CHE<\/b><\/td>\n<td>BREITE<\/td>\n<td>cm<\/td>\n<td>31<\/td>\n<td>31<\/td>\n<td>33<\/td>\n<td>36<\/td>\n<\/tr>\n<tr>\n<td class=\"no_content\"><\/td>\n<td>LANGE<\/td>\n<td>cm<\/td>\n<td>47<\/td>\n<td>47<\/td>\n<td>50<\/td>\n<td>54<\/td>\n<\/tr>\n<tr>\n<td><b>BALLASTBEH\u00c4LTER<\/b><\/td>\n<td><\/td>\n<td>L<\/td>\n<td>6<\/td>\n<td>6<\/td>\n<td>7<\/td>\n<td>8<\/td>\n<\/tr>\n<tr>\n<td><b>VOLUMEN COCKPITFACH<\/b><\/td>\n<td><\/td>\n<td>L<\/td>\n<td>3<\/td>\n<td>3<\/td>\n<td>4<\/td>\n<td>5<\/td>\n<\/tr>\n<tr>\n<td><b>VOLUMEN RETTERFACH<\/b><\/td>\n<td><\/td>\n<td>L<\/td>\n<td>4-7<\/td>\n<td>4-7<\/td>\n<td>4-7<\/td>\n<td>4-7<\/td>\n<\/tr>\n<tr>\n<td><b>KARABINERABSTAND<\/b><\/td>\n<td><\/td>\n<td>cm<\/td>\n<td>35 &#8211; 43<\/td>\n<td>35 &#8211; 43<\/td>\n<td>36 &#8211; 45<\/td>\n<td>37 &#8211; 46<\/td>\n<\/tr>\n<tr>\n<td><b>MAX. ZULADUNG<\/b><\/td>\n<td><\/td>\n<td>kg<\/td>\n<td>120<\/td>\n<td>120<\/td>\n<td>120<\/td>\n<td>120<\/td>\n<\/tr>\n<tr>\n<td><b>ZERTIFIZIERUNG<\/b><\/td>\n<td><\/td>\n<td><\/td>\n<td>\n<div>EN\/LTF<\/div>\n<\/td>\n<td>\n<div>EN\/LTF<\/div>\n<\/td>\n<td>\n<div>EN\/LTF<\/div>\n<\/td>\n<td>\n<div>EN\/LTF<\/div>\n<\/td>\n<\/tr>\n<\/tbody>\n<\/table>\n<\/div>\n<\/div>\n<div><\/div>\n<div class=\"et_pb_module et_pb_text et_pb_text_0 et_pb_bg_layout_light et_pb_text_align_left\">\n<div class=\"et_pb_text_inner\">\n<p>Mehr <a href=\"https:\/\/niviuk.com\/de\/arrow\" target=\"_blank\" rel=\"noopener noreferrer\">Infos<\/a><\/p>\n<\/div>\n<\/div>\n<p>Falls dieser Artikel nicht an Lager ist, wird er f\u00fcr dich bestellt. Lieferfrist auf Anfrage.<\/p>\n","protected":false},"excerpt":{"rendered":"<div class=\"et_pb_module et_pb_text et_pb_text_0 et_pb_bg_layout_light et_pb_text_align_left\">\n<div class=\"et_pb_text_inner\">\n<div>\n<h3><strong>SCHNELLER, H\u00d6HER, WEITER<\/strong><\/h3>\n<p><img loading=\"lazy\" decoding=\"async\" class=\"\" src=\"https:\/\/paraglidingshop.ch\/media\/fb\/18\/6b\/1664978852\/niviuk_arrow_titel.jpg\" alt=\"Niviuk Arrow: Hochleistungsgurtzeug f\u00fcr XC und Wettkampf\" width=\"389\" height=\"389\" \/><\/p>\n<p>Ein neues Performancegurtzeug f\u00fcr Piloten, die das Beste aus ihren Streckenfl\u00fcgen holen und Wettbewerbe fliegen m\u00f6chten. Optimierte Aerodynamik reduziert den Luftwiderstand und erh\u00f6ht die Leistung. Ein komfortables, stabiles, haltbares und gleichzeitig leichtes Gurtzeug \u2013 mit dem Arrow erreichst du deine Ziele.<\/p>\n<\/div>\n<div><\/div>\n<div><strong>Streckenfliegen<\/strong><br \/>\nEin neues Performancegurtzeug f\u00fcr Piloten, die das Beste aus ihren Streckenfl\u00fcgen holen und Wettbewerbe fliegen m\u00f6chten. Ein komfortables, stabiles, haltbares und gleichzeitig leichtes Gurtzeug, mit dem du deine Ziele erreichst.<\/div>\n<\/div>\n<div>\n<div><\/div>\n<div class=\"titol\"><strong>Vielseitiges, vollverkleidetes Gurtzeug<\/strong><\/div>\n<div>Performancegurtzeug mit optimiertem Gewicht (3,85 kg in der Gr\u00f6\u00dfe S) f\u00fcr exzellente Leistung. Durch die Verwendung der neuesten Niviuk-Innovationen (z.B. Nitinol) eignet es sich f\u00fcr lange Streckenfl\u00fcge genauso wie f\u00fcr den allt\u00e4glichen Gebrauch.<\/div>\n<\/div>\n<div>\n<div class=\"showed\">\n<div class=\"titol\">Vielseitiges, vollverkleidetes Gurtzeug<\/div>\n<div><\/div>\n<\/div>\n<div class=\"\">\n<div class=\"titol\"><strong>Beinsack<\/strong><\/div>\n<div>\n<p>Das Arrow ist in vier Gr\u00f6\u00dfen erh\u00e4ltlich: S, M, L und XL.<\/p>\n<p>Der Beinsack kann leicht ausgetauscht werden und ist\u00a0besteht aus robustem, semi-leichtem Lyrca und kann durch ein leichtes System aus verschiebbaren Kanoten, Rei\u00dfverschl\u00fcssen und Magneten an den K\u00f6rper des Piloten angepasst werden. Dies garantiert eine hervorragende Passform und es verf\u00fcgt \u00fcber ein einfaches Schlie\u00dfsystem.<\/p>\n<\/div>\n<\/div>\n<\/div>\n<\/div>\n<div><\/div>\n<div>\n<div class=\"\">\n<div class=\"titol\"><strong>Ausgestattet auf h\u00f6chstem Niveau<\/strong><\/div>\n<div>Das Arrow verf\u00fcgt \u00fcber ein gro\u00dfes integriertes Cockpit mit Magnetsystem, das auch im Flug einfach ge\u00f6ffnet werden kann, sowie eine extra angepasste Tasche f\u00fcr verschiedene elektronische Ger\u00e4te mit Kabeldurchlass und ein 4 l Fach f\u00fcr Ballast (Gr\u00f6\u00dfe M).<\/div>\n<\/div>\n<\/div>\n<div><\/div>\n<div>\n<div class=\"titol\"><strong>Effizienz und Performance<\/strong><\/div>\n<div>Die Heckfinne optimiert die aerodynamische Form und reduziert den Luftwiderstand. Sie sorgt f\u00fcr bessere Balance beim Gieren und macht das Gurtzeug somit stabiler, komfortabler und pr\u00e4ziser zu fliegen.<\/div>\n<\/div>\n<div><\/div>\n<div>\n<div class=\"\">\n<h4 class=\"titol titol_generic aos-init aos-animate\" data-aos=\"fade-in\">Technische Daten<\/h4>\n<\/div>\n<div id=\"content_especificaciones\">\n<table id=\"tabla_especificaciones\" class=\"aos-init aos-animate\" cellspacing=\"0\" data-aos=\"fade-up\">\n<thead>\n<tr>\n<th><\/th>\n<th><\/th>\n<th><\/th>\n<th width=\"165\"><b>S<\/b><\/th>\n<th width=\"165\"><b>M<\/b><\/th>\n<th width=\"165\"><b>L<\/b><\/th>\n<th width=\"165\"><b>XL<\/b><\/th>\n<\/tr>\n<\/thead>\n<tbody>\n<tr>\n<td><b>GEWICHT<\/b><\/td>\n<td><\/td>\n<td>kg<\/td>\n<td>3,85<\/td>\n<td>3,95<\/td>\n<td>4,3<\/td>\n<td>4,65<\/td>\n<\/tr>\n<tr>\n<td><b>PILOTENGR\u00d6\u00dfE<\/b><\/td>\n<td><\/td>\n<td>cm<\/td>\n<td>150-170<\/td>\n<td>165-178<\/td>\n<td>175-187<\/td>\n<td>182-200<\/td>\n<\/tr>\n<tr>\n<td><b>L\u00c4NGE R\u00dcCKENTEIL<\/b><\/td>\n<td><\/td>\n<td>cm<\/td>\n<td>60<\/td>\n<td>60<\/td>\n<td>64,5<\/td>\n<td>69<\/td>\n<\/tr>\n<tr>\n<td><b>SITZFL\u00c4CHE<\/b><\/td>\n<td>BREITE<\/td>\n<td>cm<\/td>\n<td>31<\/td>\n<td>31<\/td>\n<td>33<\/td>\n<td>36<\/td>\n<\/tr>\n<tr>\n<td class=\"no_content\"><\/td>\n<td>LANGE<\/td>\n<td>cm<\/td>\n<td>47<\/td>\n<td>47<\/td>\n<td>50<\/td>\n<td>54<\/td>\n<\/tr>\n<tr>\n<td><b>BALLASTBEH\u00c4LTER<\/b><\/td>\n<td><\/td>\n<td>L<\/td>\n<td>6<\/td>\n<td>6<\/td>\n<td>7<\/td>\n<td>8<\/td>\n<\/tr>\n<tr>\n<td><b>VOLUMEN COCKPITFACH<\/b><\/td>\n<td><\/td>\n<td>L<\/td>\n<td>3<\/td>\n<td>3<\/td>\n<td>4<\/td>\n<td>5<\/td>\n<\/tr>\n<tr>\n<td><b>VOLUMEN RETTERFACH<\/b><\/td>\n<td><\/td>\n<td>L<\/td>\n<td>4-7<\/td>\n<td>4-7<\/td>\n<td>4-7<\/td>\n<td>4-7<\/td>\n<\/tr>\n<tr>\n<td><b>KARABINERABSTAND<\/b><\/td>\n<td><\/td>\n<td>cm<\/td>\n<td>35 &#8211; 43<\/td>\n<td>35 &#8211; 43<\/td>\n<td>36 &#8211; 45<\/td>\n<td>37 &#8211; 46<\/td>\n<\/tr>\n<tr>\n<td><b>MAX. ZULADUNG<\/b><\/td>\n<td><\/td>\n<td>kg<\/td>\n<td>120<\/td>\n<td>120<\/td>\n<td>120<\/td>\n<td>120<\/td>\n<\/tr>\n<tr>\n<td><b>ZERTIFIZIERUNG<\/b><\/td>\n<td><\/td>\n<td><\/td>\n<td>\n<div>EN\/LTF<\/div>\n<\/td>\n<td>\n<div>EN\/LTF<\/div>\n<\/td>\n<td>\n<div>EN\/LTF<\/div>\n<\/td>\n<td>\n<div>EN\/LTF<\/div>\n<\/td>\n<\/tr>\n<\/tbody>\n<\/table>\n<\/div>\n<\/div>\n<div><\/div>\n<div class=\"et_pb_module et_pb_text et_pb_text_0 et_pb_bg_layout_light et_pb_text_align_left\">\n<div class=\"et_pb_text_inner\">\n<p>Mehr <a href=\"https:\/\/niviuk.com\/de\/arrow\" target=\"_blank\" rel=\"noopener noreferrer\">Infos<\/a><\/p>\n<\/div>\n<\/div>\n<p>Falls dieser Artikel nicht an Lager ist, wird er f\u00fcr dich bestellt. Lieferfrist auf Anfrage.<\/p>\n","protected":false},"featured_media":9507,"comment_status":"closed","ping_status":"closed","template":"","meta":[],"product_brand":[],"product_cat":[1041],"product_tag":[1040,90],"class_list":{"0":"post-9178","1":"product","2":"type-product","3":"status-publish","4":"has-post-thumbnail","6":"product_cat-gleitschirm-liegegurtzeuge","7":"product_tag-leichtgurtzeug","8":"product_tag-verkaufsartikel","9":"product_shipping_class-priority-10kg-de","11":"first","12":"instock","13":"sale","14":"shipping-taxable","15":"purchasable","16":"product-type-variable"},"yoast_head":"<!-- This site is optimized with the Yoast SEO Premium plugin v26.1 (Yoast SEO v27.3) - https:\/\/yoast.com\/product\/yoast-seo-premium-wordpress\/ -->\n<title>Niviuk Arrow | Gleitschirmschule Thun, Bern, Interlaken<\/title>\n<meta name=\"description\" content=\"H\u00d6HER UND WEITER Ein Performancegurtzeug, entwickelt f\u00fcr Piloten, die ihre Streckenfl\u00fcge auf ein neues \u2013 ein h\u00f6heres Niveau setzen wollen, sich mit den Besten messen m\u00f6chten. Herausragender Komfort Exzellente Aerodynamik und Stabilit\u00e4t. 3D-modellierter Sitz. AerodynamikDie optimierten aerodynamischen Eigenschaften verringern den Luftwiderstand und verbessern damit deutlich die Leistung. Leicht\u00a0und langlebig Perfekte Balance zwischen Haltbarkeit und geringem Gewicht. Liegegurtzeug mit einem Gewicht von nur 3.95 kg (Gr\u00f6\u00dfe M).\" \/>\n<meta name=\"robots\" content=\"index, follow, max-snippet:-1, max-image-preview:large, max-video-preview:-1\" \/>\n<link rel=\"canonical\" href=\"https:\/\/swissgliders.ch\/de\/produkt\/arrow\/\" \/>\n<meta property=\"og:locale\" content=\"de_DE\" \/>\n<meta property=\"og:type\" content=\"article\" \/>\n<meta property=\"og:title\" content=\"Niviuk Arrow\" \/>\n<meta property=\"og:description\" content=\"H\u00d6HER UND WEITER Ein Performancegurtzeug, entwickelt f\u00fcr Piloten, die ihre Streckenfl\u00fcge auf ein neues \u2013 ein h\u00f6heres Niveau setzen wollen, sich mit den Besten messen m\u00f6chten. Herausragender Komfort Exzellente Aerodynamik und Stabilit\u00e4t. 3D-modellierter Sitz. AerodynamikDie optimierten aerodynamischen Eigenschaften verringern den Luftwiderstand und verbessern damit deutlich die Leistung. Leicht\u00a0und langlebig Perfekte Balance zwischen Haltbarkeit und geringem Gewicht. Liegegurtzeug mit einem Gewicht von nur 3.95 kg (Gr\u00f6\u00dfe M).\" \/>\n<meta property=\"og:url\" content=\"https:\/\/swissgliders.ch\/de\/produkt\/arrow\/\" \/>\n<meta property=\"og:site_name\" content=\"Gleitschirmschule Thun, Bern, Interlaken\" \/>\n<meta property=\"article:publisher\" content=\"https:\/\/www.facebook.com\/swissgliders\" \/>\n<meta property=\"article:modified_time\" content=\"2025-04-16T07:29:39+00:00\" \/>\n<meta property=\"og:image\" content=\"https:\/\/swissgliders.ch\/wp-content\/uploads\/2022\/10\/Niviuk_Gurtzeug_Arrow.jpg\" \/>\n\t<meta property=\"og:image:width\" content=\"768\" \/>\n\t<meta property=\"og:image:height\" content=\"495\" \/>\n\t<meta property=\"og:image:type\" content=\"image\/jpeg\" \/>\n<meta name=\"twitter:card\" content=\"summary_large_image\" \/>\n<meta name=\"twitter:site\" content=\"@Swissgliders\" \/>\n<meta name=\"twitter:label1\" content=\"Verf\u00fcgbarkeit\" \/>\n\t<meta name=\"twitter:data1\" content=\"Auf Lager\" \/>\n<script type=\"application\/ld+json\" class=\"yoast-schema-graph\">{\"@context\":\"https:\\\/\\\/schema.org\",\"@graph\":[{\"@type\":\"WebPage\",\"@id\":\"https:\\\/\\\/swissgliders.ch\\\/de\\\/produkt\\\/arrow\\\/\",\"url\":\"https:\\\/\\\/swissgliders.ch\\\/de\\\/produkt\\\/arrow\\\/\",\"name\":\"Niviuk Arrow | Gleitschirmschule Thun, Bern, Interlaken\",\"isPartOf\":{\"@id\":\"https:\\\/\\\/swissgliders.ch\\\/de\\\/#website\"},\"primaryImageOfPage\":{\"@id\":\"https:\\\/\\\/swissgliders.ch\\\/de\\\/produkt\\\/arrow\\\/#primaryimage\"},\"image\":{\"@id\":\"https:\\\/\\\/swissgliders.ch\\\/de\\\/produkt\\\/arrow\\\/#primaryimage\"},\"thumbnailUrl\":\"https:\\\/\\\/swissgliders.ch\\\/wp-content\\\/uploads\\\/2022\\\/10\\\/Niviuk_Gurtzeug_Arrow.jpg\",\"datePublished\":\"2022-10-03T08:46:06+00:00\",\"dateModified\":\"2025-04-16T07:29:39+00:00\",\"description\":\"H\u00d6HER UND WEITER Ein Performancegurtzeug, entwickelt f\u00fcr Piloten, die ihre Streckenfl\u00fcge auf ein neues \u2013 ein h\u00f6heres Niveau setzen wollen, sich mit den Besten messen m\u00f6chten. Herausragender Komfort Exzellente Aerodynamik und Stabilit\u00e4t. 3D-modellierter Sitz. AerodynamikDie optimierten aerodynamischen Eigenschaften verringern den Luftwiderstand und verbessern damit deutlich die Leistung. Leicht\u00a0und langlebig Perfekte Balance zwischen Haltbarkeit und geringem Gewicht. Liegegurtzeug mit einem Gewicht von nur 3.95 kg (Gr\u00f6\u00dfe M).\",\"breadcrumb\":{\"@id\":\"https:\\\/\\\/swissgliders.ch\\\/de\\\/produkt\\\/arrow\\\/#breadcrumb\"},\"inLanguage\":\"de\",\"potentialAction\":[{\"@type\":\"ReadAction\",\"target\":[\"https:\\\/\\\/swissgliders.ch\\\/de\\\/produkt\\\/arrow\\\/\"]}]},{\"@type\":\"ImageObject\",\"inLanguage\":\"de\",\"@id\":\"https:\\\/\\\/swissgliders.ch\\\/de\\\/produkt\\\/arrow\\\/#primaryimage\",\"url\":\"https:\\\/\\\/swissgliders.ch\\\/wp-content\\\/uploads\\\/2022\\\/10\\\/Niviuk_Gurtzeug_Arrow.jpg\",\"contentUrl\":\"https:\\\/\\\/swissgliders.ch\\\/wp-content\\\/uploads\\\/2022\\\/10\\\/Niviuk_Gurtzeug_Arrow.jpg\",\"width\":768,\"height\":495,\"caption\":\"Niviuk_Gurtzeug_Arrow-1\"},{\"@type\":\"BreadcrumbList\",\"@id\":\"https:\\\/\\\/swissgliders.ch\\\/de\\\/produkt\\\/arrow\\\/#breadcrumb\",\"itemListElement\":[{\"@type\":\"ListItem\",\"position\":1,\"name\":\"Startseite\",\"item\":\"https:\\\/\\\/swissgliders.ch\\\/de\\\/willkommen\\\/\"},{\"@type\":\"ListItem\",\"position\":2,\"name\":\"Gleitschirm Shop\",\"item\":\"https:\\\/\\\/swissgliders.ch\\\/de\\\/gleitschirm-shop\\\/\"},{\"@type\":\"ListItem\",\"position\":3,\"name\":\"Niviuk Arrow\"}]},{\"@type\":\"WebSite\",\"@id\":\"https:\\\/\\\/swissgliders.ch\\\/de\\\/#website\",\"url\":\"https:\\\/\\\/swissgliders.ch\\\/de\\\/\",\"name\":\"Gleitschirmschule Thun, Bern, Interlaken\",\"description\":\"Gleitschirmschule Thun, Bern, Interlaken\",\"publisher\":{\"@id\":\"https:\\\/\\\/swissgliders.ch\\\/de\\\/#organization\"},\"potentialAction\":[{\"@type\":\"SearchAction\",\"target\":{\"@type\":\"EntryPoint\",\"urlTemplate\":\"https:\\\/\\\/swissgliders.ch\\\/de\\\/?s={search_term_string}\"},\"query-input\":{\"@type\":\"PropertyValueSpecification\",\"valueRequired\":true,\"valueName\":\"search_term_string\"}}],\"inLanguage\":\"de\"},{\"@type\":\"Organization\",\"@id\":\"https:\\\/\\\/swissgliders.ch\\\/de\\\/#organization\",\"name\":\"Swissgliders Gleitschirmflugschule Thun\",\"url\":\"https:\\\/\\\/swissgliders.ch\\\/de\\\/\",\"logo\":{\"@type\":\"ImageObject\",\"inLanguage\":\"de\",\"@id\":\"https:\\\/\\\/swissgliders.ch\\\/de\\\/#\\\/schema\\\/logo\\\/image\\\/\",\"url\":\"https:\\\/\\\/swissgliders.ch\\\/wp-content\\\/uploads\\\/2019\\\/12\\\/swissgliders-logo-rgb-square-L-no-ch-01.png\",\"contentUrl\":\"https:\\\/\\\/swissgliders.ch\\\/wp-content\\\/uploads\\\/2019\\\/12\\\/swissgliders-logo-rgb-square-L-no-ch-01.png\",\"width\":2500,\"height\":2500,\"caption\":\"Swissgliders Gleitschirmflugschule Thun\"},\"image\":{\"@id\":\"https:\\\/\\\/swissgliders.ch\\\/de\\\/#\\\/schema\\\/logo\\\/image\\\/\"},\"sameAs\":[\"https:\\\/\\\/www.facebook.com\\\/swissgliders\",\"https:\\\/\\\/x.com\\\/Swissgliders\",\"https:\\\/\\\/www.instagram.com\\\/swissgliders\\\/\",\"https:\\\/\\\/www.youtube.com\\\/channel\\\/UCMCtGdepy9vBhrhX3V_oJOA\"],\"hasMerchantReturnPolicy\":{\"@type\":\"MerchantReturnPolicy\",\"merchantReturnLink\":\"https:\\\/\\\/swissgliders.ch\\\/de\\\/allgemeine-geschaftsbedingungen\\\/\"}}]}<\/script>\n<meta property=\"og:availability\" content=\"instock\" \/>\n<meta property=\"product:availability\" content=\"instock\" \/>\n<meta property=\"product:condition\" content=\"new\" \/>\n<!-- \/ Yoast SEO Premium plugin. -->","yoast_head_json":{"title":"Niviuk Arrow | Gleitschirmschule Thun, Bern, Interlaken","description":"H\u00d6HER UND WEITER Ein Performancegurtzeug, entwickelt f\u00fcr Piloten, die ihre Streckenfl\u00fcge auf ein neues \u2013 ein h\u00f6heres Niveau setzen wollen, sich mit den Besten messen m\u00f6chten. Herausragender Komfort Exzellente Aerodynamik und Stabilit\u00e4t. 3D-modellierter Sitz. AerodynamikDie optimierten aerodynamischen Eigenschaften verringern den Luftwiderstand und verbessern damit deutlich die Leistung. Leicht\u00a0und langlebig Perfekte Balance zwischen Haltbarkeit und geringem Gewicht. Liegegurtzeug mit einem Gewicht von nur 3.95 kg (Gr\u00f6\u00dfe M).","robots":{"index":"index","follow":"follow","max-snippet":"max-snippet:-1","max-image-preview":"max-image-preview:large","max-video-preview":"max-video-preview:-1"},"canonical":"https:\/\/swissgliders.ch\/de\/produkt\/arrow\/","og_locale":"de_DE","og_type":"article","og_title":"Niviuk Arrow","og_description":"H\u00d6HER UND WEITER Ein Performancegurtzeug, entwickelt f\u00fcr Piloten, die ihre Streckenfl\u00fcge auf ein neues \u2013 ein h\u00f6heres Niveau setzen wollen, sich mit den Besten messen m\u00f6chten. Herausragender Komfort Exzellente Aerodynamik und Stabilit\u00e4t. 3D-modellierter Sitz. AerodynamikDie optimierten aerodynamischen Eigenschaften verringern den Luftwiderstand und verbessern damit deutlich die Leistung. Leicht\u00a0und langlebig Perfekte Balance zwischen Haltbarkeit und geringem Gewicht. Liegegurtzeug mit einem Gewicht von nur 3.95 kg (Gr\u00f6\u00dfe M).","og_url":"https:\/\/swissgliders.ch\/de\/produkt\/arrow\/","og_site_name":"Gleitschirmschule Thun, Bern, Interlaken","article_publisher":"https:\/\/www.facebook.com\/swissgliders","article_modified_time":"2025-04-16T07:29:39+00:00","og_image":[{"width":768,"height":495,"url":"https:\/\/swissgliders.ch\/wp-content\/uploads\/2022\/10\/Niviuk_Gurtzeug_Arrow.jpg","type":"image\/jpeg"}],"twitter_card":"summary_large_image","twitter_site":"@Swissgliders","twitter_misc":{"Verf\u00fcgbarkeit":"Auf Lager"},"schema":{"@context":"https:\/\/schema.org","@graph":[{"@type":"WebPage","@id":"https:\/\/swissgliders.ch\/de\/produkt\/arrow\/","url":"https:\/\/swissgliders.ch\/de\/produkt\/arrow\/","name":"Niviuk Arrow | Gleitschirmschule Thun, Bern, Interlaken","isPartOf":{"@id":"https:\/\/swissgliders.ch\/de\/#website"},"primaryImageOfPage":{"@id":"https:\/\/swissgliders.ch\/de\/produkt\/arrow\/#primaryimage"},"image":{"@id":"https:\/\/swissgliders.ch\/de\/produkt\/arrow\/#primaryimage"},"thumbnailUrl":"https:\/\/swissgliders.ch\/wp-content\/uploads\/2022\/10\/Niviuk_Gurtzeug_Arrow.jpg","datePublished":"2022-10-03T08:46:06+00:00","dateModified":"2025-04-16T07:29:39+00:00","description":"H\u00d6HER UND WEITER Ein Performancegurtzeug, entwickelt f\u00fcr Piloten, die ihre Streckenfl\u00fcge auf ein neues \u2013 ein h\u00f6heres Niveau setzen wollen, sich mit den Besten messen m\u00f6chten. Herausragender Komfort Exzellente Aerodynamik und Stabilit\u00e4t. 3D-modellierter Sitz. AerodynamikDie optimierten aerodynamischen Eigenschaften verringern den Luftwiderstand und verbessern damit deutlich die Leistung. Leicht\u00a0und langlebig Perfekte Balance zwischen Haltbarkeit und geringem Gewicht. Liegegurtzeug mit einem Gewicht von nur 3.95 kg (Gr\u00f6\u00dfe M).","breadcrumb":{"@id":"https:\/\/swissgliders.ch\/de\/produkt\/arrow\/#breadcrumb"},"inLanguage":"de","potentialAction":[{"@type":"ReadAction","target":["https:\/\/swissgliders.ch\/de\/produkt\/arrow\/"]}]},{"@type":"ImageObject","inLanguage":"de","@id":"https:\/\/swissgliders.ch\/de\/produkt\/arrow\/#primaryimage","url":"https:\/\/swissgliders.ch\/wp-content\/uploads\/2022\/10\/Niviuk_Gurtzeug_Arrow.jpg","contentUrl":"https:\/\/swissgliders.ch\/wp-content\/uploads\/2022\/10\/Niviuk_Gurtzeug_Arrow.jpg","width":768,"height":495,"caption":"Niviuk_Gurtzeug_Arrow-1"},{"@type":"BreadcrumbList","@id":"https:\/\/swissgliders.ch\/de\/produkt\/arrow\/#breadcrumb","itemListElement":[{"@type":"ListItem","position":1,"name":"Startseite","item":"https:\/\/swissgliders.ch\/de\/willkommen\/"},{"@type":"ListItem","position":2,"name":"Gleitschirm Shop","item":"https:\/\/swissgliders.ch\/de\/gleitschirm-shop\/"},{"@type":"ListItem","position":3,"name":"Niviuk Arrow"}]},{"@type":"WebSite","@id":"https:\/\/swissgliders.ch\/de\/#website","url":"https:\/\/swissgliders.ch\/de\/","name":"Gleitschirmschule Thun, Bern, Interlaken","description":"Gleitschirmschule Thun, Bern, Interlaken","publisher":{"@id":"https:\/\/swissgliders.ch\/de\/#organization"},"potentialAction":[{"@type":"SearchAction","target":{"@type":"EntryPoint","urlTemplate":"https:\/\/swissgliders.ch\/de\/?s={search_term_string}"},"query-input":{"@type":"PropertyValueSpecification","valueRequired":true,"valueName":"search_term_string"}}],"inLanguage":"de"},{"@type":"Organization","@id":"https:\/\/swissgliders.ch\/de\/#organization","name":"Swissgliders Gleitschirmflugschule Thun","url":"https:\/\/swissgliders.ch\/de\/","logo":{"@type":"ImageObject","inLanguage":"de","@id":"https:\/\/swissgliders.ch\/de\/#\/schema\/logo\/image\/","url":"https:\/\/swissgliders.ch\/wp-content\/uploads\/2019\/12\/swissgliders-logo-rgb-square-L-no-ch-01.png","contentUrl":"https:\/\/swissgliders.ch\/wp-content\/uploads\/2019\/12\/swissgliders-logo-rgb-square-L-no-ch-01.png","width":2500,"height":2500,"caption":"Swissgliders Gleitschirmflugschule Thun"},"image":{"@id":"https:\/\/swissgliders.ch\/de\/#\/schema\/logo\/image\/"},"sameAs":["https:\/\/www.facebook.com\/swissgliders","https:\/\/x.com\/Swissgliders","https:\/\/www.instagram.com\/swissgliders\/","https:\/\/www.youtube.com\/channel\/UCMCtGdepy9vBhrhX3V_oJOA"],"hasMerchantReturnPolicy":{"@type":"MerchantReturnPolicy","merchantReturnLink":"https:\/\/swissgliders.ch\/de\/allgemeine-geschaftsbedingungen\/"}}]},"og_availability":"instock","product_availability":"instock","product_condition":"new"},"_links":{"self":[{"href":"https:\/\/swissgliders.ch\/de\/wp-json\/wp\/v2\/product\/9178","targetHints":{"allow":["GET"]}}],"collection":[{"href":"https:\/\/swissgliders.ch\/de\/wp-json\/wp\/v2\/product"}],"about":[{"href":"https:\/\/swissgliders.ch\/de\/wp-json\/wp\/v2\/types\/product"}],"replies":[{"embeddable":true,"href":"https:\/\/swissgliders.ch\/de\/wp-json\/wp\/v2\/comments?post=9178"}],"wp:featuredmedia":[{"embeddable":true,"href":"https:\/\/swissgliders.ch\/de\/wp-json\/wp\/v2\/media\/9507"}],"wp:attachment":[{"href":"https:\/\/swissgliders.ch\/de\/wp-json\/wp\/v2\/media?parent=9178"}],"wp:term":[{"taxonomy":"product_brand","embeddable":true,"href":"https:\/\/swissgliders.ch\/de\/wp-json\/wp\/v2\/product_brand?post=9178"},{"taxonomy":"product_cat","embeddable":true,"href":"https:\/\/swissgliders.ch\/de\/wp-json\/wp\/v2\/product_cat?post=9178"},{"taxonomy":"product_tag","embeddable":true,"href":"https:\/\/swissgliders.ch\/de\/wp-json\/wp\/v2\/product_tag?post=9178"}],"curies":[{"name":"wp","href":"https:\/\/api.w.org\/{rel}","templated":true}]}}