{"id":9538,"date":"2022-11-12T16:46:37","date_gmt":"2022-11-12T15:46:37","guid":{"rendered":"https:\/\/swissgliders.ch\/?post_type=product&#038;p=9538"},"modified":"2024-11-12T15:59:42","modified_gmt":"2024-11-12T14:59:42","slug":"skywalk-mescal6-en-a","status":"publish","type":"product","link":"https:\/\/swissgliders.ch\/de\/produkt\/skywalk-mescal6-en-a\/","title":{"rendered":"Skywalk Mescal6 EN-A"},"content":{"rendered":"<div class=\"et_pb_module et_pb_text et_pb_text_0 et_pb_text_align_left et_pb_bg_layout_light\">\n<h3 class=\"et_pb_text_inner\">W\u00e4chst mit Deinem K\u00f6nnen mit.<\/h3>\n<\/div>\n<div class=\"et_pb_module et_pb_text et_pb_text_1 et_pb_text_align_left et_pb_bg_layout_light\">\n<div class=\"et_pb_text_inner\">\n<div class=\"et_pb_module et_pb_text et_pb_text_1 et_pb_text_align_left et_pb_bg_layout_light\">\n<div class=\"et_pb_text_inner\">\n<div>\n<p>Wer mit dem Gleitschirmfliegen beginnt, braucht einen ganz besonderen Fl\u00fcgel. Einen Schirm, der ganz besonders einfach zu handhaben ist und vom ersten Moment ganz viel Vertrauen schenkt. Der MESCAL6 ist genau dieser Schirm \u2013 und dank unserem revolution\u00e4ren \u201eAGILITY SYSTEM\u201c zugleich der erste Gleitschirm, der mit dem K\u00f6nnen des Piloten mitw\u00e4chst. Dieses System erm\u00f6glicht, die Bremsgeometrie mit wenigen Handgriffen individuell auf die Pilotenw\u00fcnsche einzustellen, dadurch kannst Du Dein Gef\u00fchl f\u00fcr den Gleitschirm verfeinern und Schritt f\u00fcr Schritt steigern.<\/p>\n<p>&nbsp;<\/p>\n<\/div>\n<\/div>\n<\/div>\n<\/div>\n<\/div>\n<p>Mehr<a href=\"https:\/\/skywalk.info\/de\/project\/mescal\/\" target=\"_blank\" rel=\"noopener noreferrer\"> Infos<\/a><\/p>\n<p>Falls dieser Artikel nicht an Lager ist, wird er f\u00fcr dich bestellt. Lieferfrist auf Anfrage.<\/p>\n","protected":false},"excerpt":{"rendered":"<div class=\"et_pb_module et_pb_text et_pb_text_0 et_pb_text_align_left et_pb_bg_layout_light\">\n<h3 class=\"et_pb_text_inner\">W\u00e4chst mit Deinem K\u00f6nnen mit.<\/h3>\n<\/div>\n<div class=\"et_pb_module et_pb_text et_pb_text_1 et_pb_text_align_left et_pb_bg_layout_light\">\n<div class=\"et_pb_text_inner\">\n<div class=\"et_pb_module et_pb_text et_pb_text_1 et_pb_text_align_left et_pb_bg_layout_light\">\n<div class=\"et_pb_text_inner\">\n<div>\n<p>Wer mit dem Gleitschirmfliegen beginnt, braucht einen ganz besonderen Fl\u00fcgel. Einen Schirm, der ganz besonders einfach zu handhaben ist und vom ersten Moment ganz viel Vertrauen schenkt. Der MESCAL6 ist genau dieser Schirm \u2013 und dank unserem revolution\u00e4ren \u201eAGILITY SYSTEM\u201c zugleich der erste Gleitschirm, der mit dem K\u00f6nnen des Piloten mitw\u00e4chst. Dieses System erm\u00f6glicht, die Bremsgeometrie mit wenigen Handgriffen individuell auf die Pilotenw\u00fcnsche einzustellen, dadurch kannst Du Dein Gef\u00fchl f\u00fcr den Gleitschirm verfeinern und Schritt f\u00fcr Schritt steigern.<\/p>\n<p>&nbsp;<\/p>\n<\/div>\n<\/div>\n<\/div>\n<\/div>\n<\/div>\n<p>Mehr<a href=\"https:\/\/skywalk.info\/de\/project\/mescal\/\" target=\"_blank\" rel=\"noopener noreferrer\"> Infos<\/a><\/p>\n<p>Falls dieser Artikel nicht an Lager ist, wird er f\u00fcr dich bestellt. Lieferfrist auf Anfrage.<\/p>\n","protected":false},"featured_media":9527,"comment_status":"closed","ping_status":"closed","template":"","meta":[],"product_brand":[],"product_cat":[86],"product_tag":[917,1295,90],"class_list":{"0":"post-9538","1":"product","2":"type-product","3":"status-publish","4":"has-post-thumbnail","6":"product_cat-gleitschirme","7":"product_tag-gleitschirm","8":"product_tag-leichtschirm","9":"product_tag-verkaufsartikel","11":"first","12":"instock","13":"sale","14":"shipping-taxable","15":"purchasable","16":"product-type-variable"},"yoast_head":"<!-- This site is optimized with the Yoast SEO Premium plugin v26.1 (Yoast SEO v27.3) - https:\/\/yoast.com\/product\/yoast-seo-premium-wordpress\/ -->\n<title>Skywalk Mescal6 EN-A | Gleitschirmschule Thun, Bern, Interlaken<\/title>\n<meta name=\"description\" content=\"Wer mit dem Gleitschirmfliegen beginnt, braucht einen ganz besonderen Fl\u00fcgel. Einen Schirm, der ganz besonders einfach zu handhaben ist und vom ersten Moment ganz viel Vertrauen schenkt. Der MESCAL6 ist genau dieser Schirm \u2013 und dank unserem revolution\u00e4ren \u201eAGILITY SYSTEM\u201c zugleich der erste Gleitschirm, der mit dem K\u00f6nnen des Piloten mitw\u00e4chst. Dieses System erm\u00f6glicht, die Bremsgeometrie mit wenigen Handgriffen individuell auf die Pilotenw\u00fcnsche einzustellen, dadurch kannst Du Dein Gef\u00fchl f\u00fcr den Gleitschirm verfeinern und Schritt f\u00fcr Schritt steigern.\" \/>\n<meta name=\"robots\" content=\"index, follow, max-snippet:-1, max-image-preview:large, max-video-preview:-1\" \/>\n<link rel=\"canonical\" href=\"https:\/\/swissgliders.ch\/de\/produkt\/skywalk-mescal6-en-a\/\" \/>\n<meta property=\"og:locale\" content=\"de_DE\" \/>\n<meta property=\"og:type\" content=\"article\" \/>\n<meta property=\"og:title\" content=\"Skywalk Mescal6 EN-A\" \/>\n<meta property=\"og:description\" content=\"Wer mit dem Gleitschirmfliegen beginnt, braucht einen ganz besonderen Fl\u00fcgel. Einen Schirm, der ganz besonders einfach zu handhaben ist und vom ersten Moment ganz viel Vertrauen schenkt. Der MESCAL6 ist genau dieser Schirm \u2013 und dank unserem revolution\u00e4ren \u201eAGILITY SYSTEM\u201c zugleich der erste Gleitschirm, der mit dem K\u00f6nnen des Piloten mitw\u00e4chst. Dieses System erm\u00f6glicht, die Bremsgeometrie mit wenigen Handgriffen individuell auf die Pilotenw\u00fcnsche einzustellen, dadurch kannst Du Dein Gef\u00fchl f\u00fcr den Gleitschirm verfeinern und Schritt f\u00fcr Schritt steigern.\" \/>\n<meta property=\"og:url\" content=\"https:\/\/swissgliders.ch\/de\/produkt\/skywalk-mescal6-en-a\/\" \/>\n<meta property=\"og:site_name\" content=\"Gleitschirmschule Thun, Bern, Interlaken\" \/>\n<meta property=\"article:publisher\" content=\"https:\/\/www.facebook.com\/swissgliders\" \/>\n<meta property=\"article:modified_time\" content=\"2024-11-12T14:59:42+00:00\" \/>\n<meta property=\"og:image\" content=\"https:\/\/swissgliders.ch\/wp-content\/uploads\/2022\/11\/Skywalk_Gleitschirm_MESCAL6-1.jpg\" \/>\n\t<meta property=\"og:image:width\" content=\"400\" \/>\n\t<meta property=\"og:image:height\" content=\"284\" \/>\n\t<meta property=\"og:image:type\" content=\"image\/jpeg\" \/>\n<meta name=\"twitter:card\" content=\"summary_large_image\" \/>\n<meta name=\"twitter:site\" content=\"@Swissgliders\" \/>\n<meta name=\"twitter:label1\" content=\"Verf\u00fcgbarkeit\" \/>\n\t<meta name=\"twitter:data1\" content=\"Auf Lager\" \/>\n<script type=\"application\/ld+json\" class=\"yoast-schema-graph\">{\"@context\":\"https:\\\/\\\/schema.org\",\"@graph\":[{\"@type\":\"WebPage\",\"@id\":\"https:\\\/\\\/swissgliders.ch\\\/de\\\/produkt\\\/skywalk-mescal6-en-a\\\/\",\"url\":\"https:\\\/\\\/swissgliders.ch\\\/de\\\/produkt\\\/skywalk-mescal6-en-a\\\/\",\"name\":\"Skywalk Mescal6 EN-A | Gleitschirmschule Thun, Bern, Interlaken\",\"isPartOf\":{\"@id\":\"https:\\\/\\\/swissgliders.ch\\\/de\\\/#website\"},\"primaryImageOfPage\":{\"@id\":\"https:\\\/\\\/swissgliders.ch\\\/de\\\/produkt\\\/skywalk-mescal6-en-a\\\/#primaryimage\"},\"image\":{\"@id\":\"https:\\\/\\\/swissgliders.ch\\\/de\\\/produkt\\\/skywalk-mescal6-en-a\\\/#primaryimage\"},\"thumbnailUrl\":\"https:\\\/\\\/swissgliders.ch\\\/wp-content\\\/uploads\\\/2022\\\/11\\\/Skywalk_Gleitschirm_MESCAL6-1.jpg\",\"datePublished\":\"2022-11-12T15:46:37+00:00\",\"dateModified\":\"2024-11-12T14:59:42+00:00\",\"description\":\"Wer mit dem Gleitschirmfliegen beginnt, braucht einen ganz besonderen Fl\u00fcgel. Einen Schirm, der ganz besonders einfach zu handhaben ist und vom ersten Moment ganz viel Vertrauen schenkt. Der MESCAL6 ist genau dieser Schirm \u2013 und dank unserem revolution\u00e4ren \u201eAGILITY SYSTEM\u201c zugleich der erste Gleitschirm, der mit dem K\u00f6nnen des Piloten mitw\u00e4chst. Dieses System erm\u00f6glicht, die Bremsgeometrie mit wenigen Handgriffen individuell auf die Pilotenw\u00fcnsche einzustellen, dadurch kannst Du Dein Gef\u00fchl f\u00fcr den Gleitschirm verfeinern und Schritt f\u00fcr Schritt steigern.\",\"breadcrumb\":{\"@id\":\"https:\\\/\\\/swissgliders.ch\\\/de\\\/produkt\\\/skywalk-mescal6-en-a\\\/#breadcrumb\"},\"inLanguage\":\"de\",\"potentialAction\":[{\"@type\":\"ReadAction\",\"target\":[\"https:\\\/\\\/swissgliders.ch\\\/de\\\/produkt\\\/skywalk-mescal6-en-a\\\/\"]}]},{\"@type\":\"ImageObject\",\"inLanguage\":\"de\",\"@id\":\"https:\\\/\\\/swissgliders.ch\\\/de\\\/produkt\\\/skywalk-mescal6-en-a\\\/#primaryimage\",\"url\":\"https:\\\/\\\/swissgliders.ch\\\/wp-content\\\/uploads\\\/2022\\\/11\\\/Skywalk_Gleitschirm_MESCAL6-1.jpg\",\"contentUrl\":\"https:\\\/\\\/swissgliders.ch\\\/wp-content\\\/uploads\\\/2022\\\/11\\\/Skywalk_Gleitschirm_MESCAL6-1.jpg\",\"width\":400,\"height\":284,\"caption\":\"Skywalk_Gleitschirm_MESCAL6-1\"},{\"@type\":\"BreadcrumbList\",\"@id\":\"https:\\\/\\\/swissgliders.ch\\\/de\\\/produkt\\\/skywalk-mescal6-en-a\\\/#breadcrumb\",\"itemListElement\":[{\"@type\":\"ListItem\",\"position\":1,\"name\":\"Startseite\",\"item\":\"https:\\\/\\\/swissgliders.ch\\\/de\\\/willkommen\\\/\"},{\"@type\":\"ListItem\",\"position\":2,\"name\":\"Gleitschirm Shop\",\"item\":\"https:\\\/\\\/swissgliders.ch\\\/de\\\/gleitschirm-shop\\\/\"},{\"@type\":\"ListItem\",\"position\":3,\"name\":\"Skywalk Mescal6 EN-A\"}]},{\"@type\":\"WebSite\",\"@id\":\"https:\\\/\\\/swissgliders.ch\\\/de\\\/#website\",\"url\":\"https:\\\/\\\/swissgliders.ch\\\/de\\\/\",\"name\":\"Gleitschirmschule Thun, Bern, Interlaken\",\"description\":\"Gleitschirmschule Thun, Bern, Interlaken\",\"publisher\":{\"@id\":\"https:\\\/\\\/swissgliders.ch\\\/de\\\/#organization\"},\"potentialAction\":[{\"@type\":\"SearchAction\",\"target\":{\"@type\":\"EntryPoint\",\"urlTemplate\":\"https:\\\/\\\/swissgliders.ch\\\/de\\\/?s={search_term_string}\"},\"query-input\":{\"@type\":\"PropertyValueSpecification\",\"valueRequired\":true,\"valueName\":\"search_term_string\"}}],\"inLanguage\":\"de\"},{\"@type\":\"Organization\",\"@id\":\"https:\\\/\\\/swissgliders.ch\\\/de\\\/#organization\",\"name\":\"Swissgliders Gleitschirmflugschule Thun\",\"url\":\"https:\\\/\\\/swissgliders.ch\\\/de\\\/\",\"logo\":{\"@type\":\"ImageObject\",\"inLanguage\":\"de\",\"@id\":\"https:\\\/\\\/swissgliders.ch\\\/de\\\/#\\\/schema\\\/logo\\\/image\\\/\",\"url\":\"https:\\\/\\\/swissgliders.ch\\\/wp-content\\\/uploads\\\/2019\\\/12\\\/swissgliders-logo-rgb-square-L-no-ch-01.png\",\"contentUrl\":\"https:\\\/\\\/swissgliders.ch\\\/wp-content\\\/uploads\\\/2019\\\/12\\\/swissgliders-logo-rgb-square-L-no-ch-01.png\",\"width\":2500,\"height\":2500,\"caption\":\"Swissgliders Gleitschirmflugschule Thun\"},\"image\":{\"@id\":\"https:\\\/\\\/swissgliders.ch\\\/de\\\/#\\\/schema\\\/logo\\\/image\\\/\"},\"sameAs\":[\"https:\\\/\\\/www.facebook.com\\\/swissgliders\",\"https:\\\/\\\/x.com\\\/Swissgliders\",\"https:\\\/\\\/www.instagram.com\\\/swissgliders\\\/\",\"https:\\\/\\\/www.youtube.com\\\/channel\\\/UCMCtGdepy9vBhrhX3V_oJOA\"],\"hasMerchantReturnPolicy\":{\"@type\":\"MerchantReturnPolicy\",\"merchantReturnLink\":\"https:\\\/\\\/swissgliders.ch\\\/de\\\/allgemeine-geschaftsbedingungen\\\/\"}}]}<\/script>\n<meta property=\"og:availability\" content=\"instock\" \/>\n<meta property=\"product:availability\" content=\"instock\" \/>\n<meta property=\"product:condition\" content=\"new\" \/>\n<!-- \/ Yoast SEO Premium plugin. -->","yoast_head_json":{"title":"Skywalk Mescal6 EN-A | Gleitschirmschule Thun, Bern, Interlaken","description":"Wer mit dem Gleitschirmfliegen beginnt, braucht einen ganz besonderen Fl\u00fcgel. Einen Schirm, der ganz besonders einfach zu handhaben ist und vom ersten Moment ganz viel Vertrauen schenkt. Der MESCAL6 ist genau dieser Schirm \u2013 und dank unserem revolution\u00e4ren \u201eAGILITY SYSTEM\u201c zugleich der erste Gleitschirm, der mit dem K\u00f6nnen des Piloten mitw\u00e4chst. Dieses System erm\u00f6glicht, die Bremsgeometrie mit wenigen Handgriffen individuell auf die Pilotenw\u00fcnsche einzustellen, dadurch kannst Du Dein Gef\u00fchl f\u00fcr den Gleitschirm verfeinern und Schritt f\u00fcr Schritt steigern.","robots":{"index":"index","follow":"follow","max-snippet":"max-snippet:-1","max-image-preview":"max-image-preview:large","max-video-preview":"max-video-preview:-1"},"canonical":"https:\/\/swissgliders.ch\/de\/produkt\/skywalk-mescal6-en-a\/","og_locale":"de_DE","og_type":"article","og_title":"Skywalk Mescal6 EN-A","og_description":"Wer mit dem Gleitschirmfliegen beginnt, braucht einen ganz besonderen Fl\u00fcgel. Einen Schirm, der ganz besonders einfach zu handhaben ist und vom ersten Moment ganz viel Vertrauen schenkt. Der MESCAL6 ist genau dieser Schirm \u2013 und dank unserem revolution\u00e4ren \u201eAGILITY SYSTEM\u201c zugleich der erste Gleitschirm, der mit dem K\u00f6nnen des Piloten mitw\u00e4chst. Dieses System erm\u00f6glicht, die Bremsgeometrie mit wenigen Handgriffen individuell auf die Pilotenw\u00fcnsche einzustellen, dadurch kannst Du Dein Gef\u00fchl f\u00fcr den Gleitschirm verfeinern und Schritt f\u00fcr Schritt steigern.","og_url":"https:\/\/swissgliders.ch\/de\/produkt\/skywalk-mescal6-en-a\/","og_site_name":"Gleitschirmschule Thun, Bern, Interlaken","article_publisher":"https:\/\/www.facebook.com\/swissgliders","article_modified_time":"2024-11-12T14:59:42+00:00","og_image":[{"width":400,"height":284,"url":"https:\/\/swissgliders.ch\/wp-content\/uploads\/2022\/11\/Skywalk_Gleitschirm_MESCAL6-1.jpg","type":"image\/jpeg"}],"twitter_card":"summary_large_image","twitter_site":"@Swissgliders","twitter_misc":{"Verf\u00fcgbarkeit":"Auf Lager"},"schema":{"@context":"https:\/\/schema.org","@graph":[{"@type":"WebPage","@id":"https:\/\/swissgliders.ch\/de\/produkt\/skywalk-mescal6-en-a\/","url":"https:\/\/swissgliders.ch\/de\/produkt\/skywalk-mescal6-en-a\/","name":"Skywalk Mescal6 EN-A | Gleitschirmschule Thun, Bern, Interlaken","isPartOf":{"@id":"https:\/\/swissgliders.ch\/de\/#website"},"primaryImageOfPage":{"@id":"https:\/\/swissgliders.ch\/de\/produkt\/skywalk-mescal6-en-a\/#primaryimage"},"image":{"@id":"https:\/\/swissgliders.ch\/de\/produkt\/skywalk-mescal6-en-a\/#primaryimage"},"thumbnailUrl":"https:\/\/swissgliders.ch\/wp-content\/uploads\/2022\/11\/Skywalk_Gleitschirm_MESCAL6-1.jpg","datePublished":"2022-11-12T15:46:37+00:00","dateModified":"2024-11-12T14:59:42+00:00","description":"Wer mit dem Gleitschirmfliegen beginnt, braucht einen ganz besonderen Fl\u00fcgel. Einen Schirm, der ganz besonders einfach zu handhaben ist und vom ersten Moment ganz viel Vertrauen schenkt. Der MESCAL6 ist genau dieser Schirm \u2013 und dank unserem revolution\u00e4ren \u201eAGILITY SYSTEM\u201c zugleich der erste Gleitschirm, der mit dem K\u00f6nnen des Piloten mitw\u00e4chst. Dieses System erm\u00f6glicht, die Bremsgeometrie mit wenigen Handgriffen individuell auf die Pilotenw\u00fcnsche einzustellen, dadurch kannst Du Dein Gef\u00fchl f\u00fcr den Gleitschirm verfeinern und Schritt f\u00fcr Schritt steigern.","breadcrumb":{"@id":"https:\/\/swissgliders.ch\/de\/produkt\/skywalk-mescal6-en-a\/#breadcrumb"},"inLanguage":"de","potentialAction":[{"@type":"ReadAction","target":["https:\/\/swissgliders.ch\/de\/produkt\/skywalk-mescal6-en-a\/"]}]},{"@type":"ImageObject","inLanguage":"de","@id":"https:\/\/swissgliders.ch\/de\/produkt\/skywalk-mescal6-en-a\/#primaryimage","url":"https:\/\/swissgliders.ch\/wp-content\/uploads\/2022\/11\/Skywalk_Gleitschirm_MESCAL6-1.jpg","contentUrl":"https:\/\/swissgliders.ch\/wp-content\/uploads\/2022\/11\/Skywalk_Gleitschirm_MESCAL6-1.jpg","width":400,"height":284,"caption":"Skywalk_Gleitschirm_MESCAL6-1"},{"@type":"BreadcrumbList","@id":"https:\/\/swissgliders.ch\/de\/produkt\/skywalk-mescal6-en-a\/#breadcrumb","itemListElement":[{"@type":"ListItem","position":1,"name":"Startseite","item":"https:\/\/swissgliders.ch\/de\/willkommen\/"},{"@type":"ListItem","position":2,"name":"Gleitschirm Shop","item":"https:\/\/swissgliders.ch\/de\/gleitschirm-shop\/"},{"@type":"ListItem","position":3,"name":"Skywalk Mescal6 EN-A"}]},{"@type":"WebSite","@id":"https:\/\/swissgliders.ch\/de\/#website","url":"https:\/\/swissgliders.ch\/de\/","name":"Gleitschirmschule Thun, Bern, Interlaken","description":"Gleitschirmschule Thun, Bern, Interlaken","publisher":{"@id":"https:\/\/swissgliders.ch\/de\/#organization"},"potentialAction":[{"@type":"SearchAction","target":{"@type":"EntryPoint","urlTemplate":"https:\/\/swissgliders.ch\/de\/?s={search_term_string}"},"query-input":{"@type":"PropertyValueSpecification","valueRequired":true,"valueName":"search_term_string"}}],"inLanguage":"de"},{"@type":"Organization","@id":"https:\/\/swissgliders.ch\/de\/#organization","name":"Swissgliders Gleitschirmflugschule Thun","url":"https:\/\/swissgliders.ch\/de\/","logo":{"@type":"ImageObject","inLanguage":"de","@id":"https:\/\/swissgliders.ch\/de\/#\/schema\/logo\/image\/","url":"https:\/\/swissgliders.ch\/wp-content\/uploads\/2019\/12\/swissgliders-logo-rgb-square-L-no-ch-01.png","contentUrl":"https:\/\/swissgliders.ch\/wp-content\/uploads\/2019\/12\/swissgliders-logo-rgb-square-L-no-ch-01.png","width":2500,"height":2500,"caption":"Swissgliders Gleitschirmflugschule Thun"},"image":{"@id":"https:\/\/swissgliders.ch\/de\/#\/schema\/logo\/image\/"},"sameAs":["https:\/\/www.facebook.com\/swissgliders","https:\/\/x.com\/Swissgliders","https:\/\/www.instagram.com\/swissgliders\/","https:\/\/www.youtube.com\/channel\/UCMCtGdepy9vBhrhX3V_oJOA"],"hasMerchantReturnPolicy":{"@type":"MerchantReturnPolicy","merchantReturnLink":"https:\/\/swissgliders.ch\/de\/allgemeine-geschaftsbedingungen\/"}}]},"og_availability":"instock","product_availability":"instock","product_condition":"new"},"_links":{"self":[{"href":"https:\/\/swissgliders.ch\/de\/wp-json\/wp\/v2\/product\/9538","targetHints":{"allow":["GET"]}}],"collection":[{"href":"https:\/\/swissgliders.ch\/de\/wp-json\/wp\/v2\/product"}],"about":[{"href":"https:\/\/swissgliders.ch\/de\/wp-json\/wp\/v2\/types\/product"}],"replies":[{"embeddable":true,"href":"https:\/\/swissgliders.ch\/de\/wp-json\/wp\/v2\/comments?post=9538"}],"wp:featuredmedia":[{"embeddable":true,"href":"https:\/\/swissgliders.ch\/de\/wp-json\/wp\/v2\/media\/9527"}],"wp:attachment":[{"href":"https:\/\/swissgliders.ch\/de\/wp-json\/wp\/v2\/media?parent=9538"}],"wp:term":[{"taxonomy":"product_brand","embeddable":true,"href":"https:\/\/swissgliders.ch\/de\/wp-json\/wp\/v2\/product_brand?post=9538"},{"taxonomy":"product_cat","embeddable":true,"href":"https:\/\/swissgliders.ch\/de\/wp-json\/wp\/v2\/product_cat?post=9538"},{"taxonomy":"product_tag","embeddable":true,"href":"https:\/\/swissgliders.ch\/de\/wp-json\/wp\/v2\/product_tag?post=9538"}],"curies":[{"name":"wp","href":"https:\/\/api.w.org\/{rel}","templated":true}]}}