{"id":9551,"date":"2022-11-12T17:03:53","date_gmt":"2022-11-12T16:03:53","guid":{"rendered":"https:\/\/swissgliders.ch\/?post_type=product&#038;p=9551"},"modified":"2024-11-12T15:53:42","modified_gmt":"2024-11-12T14:53:42","slug":"skywalk-cumeo-en-b","status":"publish","type":"product","link":"https:\/\/swissgliders.ch\/de\/produkt\/skywalk-cumeo-en-b\/","title":{"rendered":"Skywalk Cumeo2 EN-B"},"content":{"rendered":"<div class=\"et_pb_module et_pb_text et_pb_text_0 et_pb_text_align_left et_pb_bg_layout_light\">\n<div class=\"et_pb_text_inner\">\n<div class=\"et_pb_module et_pb_text et_pb_text_0 et_pb_text_align_left et_pb_bg_layout_light\">\n<div class=\"et_pb_text_inner\">\n<h3>Mehr Leistung f\u00fcr Deine Ziele.<\/h3>\n<\/div>\n<\/div>\n<div class=\"et_pb_module et_pb_text et_pb_text_1 et_pb_text_align_left et_pb_bg_layout_light\">\n<div class=\"et_pb_text_inner\">\n<p>Der CUMEO2 ist ein High End Intermediate Fl\u00fcgel, der f\u00fcr performance- und gewichtsorientierte Piloten mit klar gesteckten Zielen entwickelt wurde.<\/p>\n<p>Das intuitive Flugverhalten und der hohe Flugkomfort schaffen schnell Vertrauen zwischen Pilot und Gleitschirm. Dadurch wird es Dir leichter fallen, Aufwinde pr\u00e4zise zu zentrieren und effizient von Bart zu Bart zu fliegen. Die ohnehin sehr hohe Flugperformance kann durch die SPEED CONTROL nochmal gesteigert werden. Im beschleunigten Flug kannst Du damit den Anstellwinkel \u00fcber die hinteren Tragegurte m\u00fchelos effektiv kontrollieren und Deine Durchschnittsgeschwindigkeit deutlich erh\u00f6hen. Mit dem leistungsstarken, XC-getrimmten High-B-Schirm genie\u00dft Du somit h\u00f6chsten Fluggenuss \u00fcber lange Strecken.<\/p>\n<p>Die Leichtbauweise erm\u00f6glicht Dir kr\u00e4ftesparende Aufstiege bei Deinen Hike&amp;Fly Touren oder auch bei fr\u00fchen Starts \u2013 noch bevor die Bergbahnen \u00f6ffnen. Der CUMEO2 eignet sich dadurch auch ideal als Reisebegleiter. Somit sind Deinen Zielen keine Grenzen mehr gesetzt!<\/p>\n<p>&nbsp;<\/p>\n<\/div>\n<\/div>\n<\/div>\n<\/div>\n<p>Mehr<a href=\"https:\/\/skywalk.info\/de\/project\/cumeo2\/\" target=\"_blank\" rel=\"noopener noreferrer\"> Infos<\/a><\/p>\n<p>Falls dieser Artikel nicht an Lager ist, wird er f\u00fcr dich bestellt. Lieferfrist auf Anfrage.<\/p>\n","protected":false},"excerpt":{"rendered":"<div class=\"et_pb_module et_pb_text et_pb_text_0 et_pb_text_align_left et_pb_bg_layout_light\">\n<div class=\"et_pb_text_inner\">\n<div class=\"et_pb_module et_pb_text et_pb_text_0 et_pb_text_align_left et_pb_bg_layout_light\">\n<div class=\"et_pb_text_inner\">\n<h3>Mehr Leistung f\u00fcr Deine Ziele.<\/h3>\n<\/div>\n<\/div>\n<div class=\"et_pb_module et_pb_text et_pb_text_1 et_pb_text_align_left et_pb_bg_layout_light\">\n<div class=\"et_pb_text_inner\">\n<p>Der CUMEO2 ist ein High End Intermediate Fl\u00fcgel, der f\u00fcr performance- und gewichtsorientierte Piloten mit klar gesteckten Zielen entwickelt wurde.<\/p>\n<p>Das intuitive Flugverhalten und der hohe Flugkomfort schaffen schnell Vertrauen zwischen Pilot und Gleitschirm. Dadurch wird es Dir leichter fallen, Aufwinde pr\u00e4zise zu zentrieren und effizient von Bart zu Bart zu fliegen. Die ohnehin sehr hohe Flugperformance kann durch die SPEED CONTROL nochmal gesteigert werden. Im beschleunigten Flug kannst Du damit den Anstellwinkel \u00fcber die hinteren Tragegurte m\u00fchelos effektiv kontrollieren und Deine Durchschnittsgeschwindigkeit deutlich erh\u00f6hen. Mit dem leistungsstarken, XC-getrimmten High-B-Schirm genie\u00dft Du somit h\u00f6chsten Fluggenuss \u00fcber lange Strecken.<\/p>\n<p>Die Leichtbauweise erm\u00f6glicht Dir kr\u00e4ftesparende Aufstiege bei Deinen Hike&amp;Fly Touren oder auch bei fr\u00fchen Starts \u2013 noch bevor die Bergbahnen \u00f6ffnen. Der CUMEO2 eignet sich dadurch auch ideal als Reisebegleiter. Somit sind Deinen Zielen keine Grenzen mehr gesetzt!<\/p>\n<p>&nbsp;<\/p>\n<\/div>\n<\/div>\n<\/div>\n<\/div>\n<p>Mehr<a href=\"https:\/\/skywalk.info\/de\/project\/cumeo2\/\" target=\"_blank\" rel=\"noopener noreferrer\"> Infos<\/a><\/p>\n<p>Falls dieser Artikel nicht an Lager ist, wird er f\u00fcr dich bestellt. Lieferfrist auf Anfrage.<\/p>\n","protected":false},"featured_media":9554,"comment_status":"closed","ping_status":"closed","template":"","meta":[],"product_brand":[],"product_cat":[86,1293],"product_tag":[917,1295,90],"class_list":{"0":"post-9551","1":"product","2":"type-product","3":"status-publish","4":"has-post-thumbnail","6":"product_cat-gleitschirme","7":"product_cat-leichte-gleitschirme","8":"product_tag-gleitschirm","9":"product_tag-leichtschirm","10":"product_tag-verkaufsartikel","12":"first","13":"instock","14":"sale","15":"shipping-taxable","16":"purchasable","17":"product-type-variable"},"yoast_head":"<!-- This site is optimized with the Yoast SEO Premium plugin v26.1 (Yoast SEO v27.3) - https:\/\/yoast.com\/product\/yoast-seo-premium-wordpress\/ -->\n<title>Skywalk Cumeo2 EN-B | Gleitschirmschule Thun, Bern, Interlaken<\/title>\n<meta name=\"description\" content=\"Mehr Leistung f\u00fcr Deine Ziele. Der CUMEO2 Gleitschirm ist ein High End Intermediate Fl\u00fcgel, der f\u00fcr performance- und gewichtsorientierte Piloten mit klar gesteckten Zielen entwickelt wurde.Das intuitive Flugverhalten und der hohe Flugkomfort schaffen schnell Vertrauen zwischen Pilot und Gleitschirm. Dadurch wird es Dir leichter fallen, Aufwinde pr\u00e4zise zu zentrieren und effizient von Bart zu Bart zu fliegen. Die ohnehin sehr hohe Flugperformance kann durch die SPEED CONTROL nochmal gesteigert werden. Im beschleunigten Flug kannst Du damit den Anstellwinkel \u00fcber die hinteren Tragegurte m\u00fchelos effektiv kontrollieren und Deine Durchschnittsgeschwindigkeit deutlich erh\u00f6hen. Mit dem leistungsstarken, XC-getrimmten High-B-Schirm genie\u00dft Du somit h\u00f6chsten Fluggenuss \u00fcber lange Strecken.Die Leichtbauweise erm\u00f6glicht Dir kr\u00e4ftesparende Aufstiege bei Deinen Hike&amp;Fly Touren oder auch bei fr\u00fchen Starts \u2013 noch bevor die Bergbahnen \u00f6ffnen. Der CUMEO2 eignet sich dadurch auch ideal als Reisebegleiter. Somit sind Deinen Zielen keine Grenzen mehr gesetzt!\" \/>\n<meta name=\"robots\" content=\"index, follow, max-snippet:-1, max-image-preview:large, max-video-preview:-1\" \/>\n<link rel=\"canonical\" href=\"https:\/\/swissgliders.ch\/de\/produkt\/skywalk-cumeo-en-b\/\" \/>\n<meta property=\"og:locale\" content=\"de_DE\" \/>\n<meta property=\"og:type\" content=\"article\" \/>\n<meta property=\"og:title\" content=\"Skywalk Cumeo2 EN-B\" \/>\n<meta property=\"og:description\" content=\"Mehr Leistung f\u00fcr Deine Ziele. Der CUMEO2 Gleitschirm ist ein High End Intermediate Fl\u00fcgel, der f\u00fcr performance- und gewichtsorientierte Piloten mit klar gesteckten Zielen entwickelt wurde.Das intuitive Flugverhalten und der hohe Flugkomfort schaffen schnell Vertrauen zwischen Pilot und Gleitschirm. Dadurch wird es Dir leichter fallen, Aufwinde pr\u00e4zise zu zentrieren und effizient von Bart zu Bart zu fliegen. Die ohnehin sehr hohe Flugperformance kann durch die SPEED CONTROL nochmal gesteigert werden. Im beschleunigten Flug kannst Du damit den Anstellwinkel \u00fcber die hinteren Tragegurte m\u00fchelos effektiv kontrollieren und Deine Durchschnittsgeschwindigkeit deutlich erh\u00f6hen. Mit dem leistungsstarken, XC-getrimmten High-B-Schirm genie\u00dft Du somit h\u00f6chsten Fluggenuss \u00fcber lange Strecken.Die Leichtbauweise erm\u00f6glicht Dir kr\u00e4ftesparende Aufstiege bei Deinen Hike&amp;Fly Touren oder auch bei fr\u00fchen Starts \u2013 noch bevor die Bergbahnen \u00f6ffnen. Der CUMEO2 eignet sich dadurch auch ideal als Reisebegleiter. Somit sind Deinen Zielen keine Grenzen mehr gesetzt!\" \/>\n<meta property=\"og:url\" content=\"https:\/\/swissgliders.ch\/de\/produkt\/skywalk-cumeo-en-b\/\" \/>\n<meta property=\"og:site_name\" content=\"Gleitschirmschule Thun, Bern, Interlaken\" \/>\n<meta property=\"article:publisher\" content=\"https:\/\/www.facebook.com\/swissgliders\" \/>\n<meta property=\"article:modified_time\" content=\"2024-11-12T14:53:42+00:00\" \/>\n<meta property=\"og:image\" content=\"https:\/\/swissgliders.ch\/wp-content\/uploads\/2022\/11\/Skywalk_Gleitschirm_Cumeo-1.jpg\" \/>\n\t<meta property=\"og:image:width\" content=\"400\" \/>\n\t<meta property=\"og:image:height\" content=\"284\" \/>\n\t<meta property=\"og:image:type\" content=\"image\/jpeg\" \/>\n<meta name=\"twitter:card\" content=\"summary_large_image\" \/>\n<meta name=\"twitter:site\" content=\"@Swissgliders\" \/>\n<meta name=\"twitter:label1\" content=\"Verf\u00fcgbarkeit\" \/>\n\t<meta name=\"twitter:data1\" content=\"Auf Lager\" \/>\n<script type=\"application\/ld+json\" class=\"yoast-schema-graph\">{\"@context\":\"https:\\\/\\\/schema.org\",\"@graph\":[{\"@type\":\"WebPage\",\"@id\":\"https:\\\/\\\/swissgliders.ch\\\/de\\\/produkt\\\/skywalk-cumeo-en-b\\\/\",\"url\":\"https:\\\/\\\/swissgliders.ch\\\/de\\\/produkt\\\/skywalk-cumeo-en-b\\\/\",\"name\":\"Skywalk Cumeo2 EN-B | Gleitschirmschule Thun, Bern, Interlaken\",\"isPartOf\":{\"@id\":\"https:\\\/\\\/swissgliders.ch\\\/de\\\/#website\"},\"primaryImageOfPage\":{\"@id\":\"https:\\\/\\\/swissgliders.ch\\\/de\\\/produkt\\\/skywalk-cumeo-en-b\\\/#primaryimage\"},\"image\":{\"@id\":\"https:\\\/\\\/swissgliders.ch\\\/de\\\/produkt\\\/skywalk-cumeo-en-b\\\/#primaryimage\"},\"thumbnailUrl\":\"https:\\\/\\\/swissgliders.ch\\\/wp-content\\\/uploads\\\/2022\\\/11\\\/Skywalk_Gleitschirm_Cumeo-1.jpg\",\"datePublished\":\"2022-11-12T16:03:53+00:00\",\"dateModified\":\"2024-11-12T14:53:42+00:00\",\"description\":\"Mehr Leistung f\u00fcr Deine Ziele. Der CUMEO2 Gleitschirm ist ein High End Intermediate Fl\u00fcgel, der f\u00fcr performance- und gewichtsorientierte Piloten mit klar gesteckten Zielen entwickelt wurde.Das intuitive Flugverhalten und der hohe Flugkomfort schaffen schnell Vertrauen zwischen Pilot und Gleitschirm. Dadurch wird es Dir leichter fallen, Aufwinde pr\u00e4zise zu zentrieren und effizient von Bart zu Bart zu fliegen. Die ohnehin sehr hohe Flugperformance kann durch die SPEED CONTROL nochmal gesteigert werden. Im beschleunigten Flug kannst Du damit den Anstellwinkel \u00fcber die hinteren Tragegurte m\u00fchelos effektiv kontrollieren und Deine Durchschnittsgeschwindigkeit deutlich erh\u00f6hen. Mit dem leistungsstarken, XC-getrimmten High-B-Schirm genie\u00dft Du somit h\u00f6chsten Fluggenuss \u00fcber lange Strecken.Die Leichtbauweise erm\u00f6glicht Dir kr\u00e4ftesparende Aufstiege bei Deinen Hike&Fly Touren oder auch bei fr\u00fchen Starts \u2013 noch bevor die Bergbahnen \u00f6ffnen. Der CUMEO2 eignet sich dadurch auch ideal als Reisebegleiter. Somit sind Deinen Zielen keine Grenzen mehr gesetzt!\",\"breadcrumb\":{\"@id\":\"https:\\\/\\\/swissgliders.ch\\\/de\\\/produkt\\\/skywalk-cumeo-en-b\\\/#breadcrumb\"},\"inLanguage\":\"de\",\"potentialAction\":[{\"@type\":\"ReadAction\",\"target\":[\"https:\\\/\\\/swissgliders.ch\\\/de\\\/produkt\\\/skywalk-cumeo-en-b\\\/\"]}]},{\"@type\":\"ImageObject\",\"inLanguage\":\"de\",\"@id\":\"https:\\\/\\\/swissgliders.ch\\\/de\\\/produkt\\\/skywalk-cumeo-en-b\\\/#primaryimage\",\"url\":\"https:\\\/\\\/swissgliders.ch\\\/wp-content\\\/uploads\\\/2022\\\/11\\\/Skywalk_Gleitschirm_Cumeo-1.jpg\",\"contentUrl\":\"https:\\\/\\\/swissgliders.ch\\\/wp-content\\\/uploads\\\/2022\\\/11\\\/Skywalk_Gleitschirm_Cumeo-1.jpg\",\"width\":400,\"height\":284,\"caption\":\"Skywalk_Gleitschirm_Cumeo-1\"},{\"@type\":\"BreadcrumbList\",\"@id\":\"https:\\\/\\\/swissgliders.ch\\\/de\\\/produkt\\\/skywalk-cumeo-en-b\\\/#breadcrumb\",\"itemListElement\":[{\"@type\":\"ListItem\",\"position\":1,\"name\":\"Startseite\",\"item\":\"https:\\\/\\\/swissgliders.ch\\\/de\\\/willkommen\\\/\"},{\"@type\":\"ListItem\",\"position\":2,\"name\":\"Gleitschirm Shop\",\"item\":\"https:\\\/\\\/swissgliders.ch\\\/de\\\/gleitschirm-shop\\\/\"},{\"@type\":\"ListItem\",\"position\":3,\"name\":\"Skywalk Cumeo2 EN-B\"}]},{\"@type\":\"WebSite\",\"@id\":\"https:\\\/\\\/swissgliders.ch\\\/de\\\/#website\",\"url\":\"https:\\\/\\\/swissgliders.ch\\\/de\\\/\",\"name\":\"Gleitschirmschule Thun, Bern, Interlaken\",\"description\":\"Gleitschirmschule Thun, Bern, Interlaken\",\"publisher\":{\"@id\":\"https:\\\/\\\/swissgliders.ch\\\/de\\\/#organization\"},\"potentialAction\":[{\"@type\":\"SearchAction\",\"target\":{\"@type\":\"EntryPoint\",\"urlTemplate\":\"https:\\\/\\\/swissgliders.ch\\\/de\\\/?s={search_term_string}\"},\"query-input\":{\"@type\":\"PropertyValueSpecification\",\"valueRequired\":true,\"valueName\":\"search_term_string\"}}],\"inLanguage\":\"de\"},{\"@type\":\"Organization\",\"@id\":\"https:\\\/\\\/swissgliders.ch\\\/de\\\/#organization\",\"name\":\"Swissgliders Gleitschirmflugschule Thun\",\"url\":\"https:\\\/\\\/swissgliders.ch\\\/de\\\/\",\"logo\":{\"@type\":\"ImageObject\",\"inLanguage\":\"de\",\"@id\":\"https:\\\/\\\/swissgliders.ch\\\/de\\\/#\\\/schema\\\/logo\\\/image\\\/\",\"url\":\"https:\\\/\\\/swissgliders.ch\\\/wp-content\\\/uploads\\\/2019\\\/12\\\/swissgliders-logo-rgb-square-L-no-ch-01.png\",\"contentUrl\":\"https:\\\/\\\/swissgliders.ch\\\/wp-content\\\/uploads\\\/2019\\\/12\\\/swissgliders-logo-rgb-square-L-no-ch-01.png\",\"width\":2500,\"height\":2500,\"caption\":\"Swissgliders Gleitschirmflugschule Thun\"},\"image\":{\"@id\":\"https:\\\/\\\/swissgliders.ch\\\/de\\\/#\\\/schema\\\/logo\\\/image\\\/\"},\"sameAs\":[\"https:\\\/\\\/www.facebook.com\\\/swissgliders\",\"https:\\\/\\\/x.com\\\/Swissgliders\",\"https:\\\/\\\/www.instagram.com\\\/swissgliders\\\/\",\"https:\\\/\\\/www.youtube.com\\\/channel\\\/UCMCtGdepy9vBhrhX3V_oJOA\"],\"hasMerchantReturnPolicy\":{\"@type\":\"MerchantReturnPolicy\",\"merchantReturnLink\":\"https:\\\/\\\/swissgliders.ch\\\/de\\\/allgemeine-geschaftsbedingungen\\\/\"}}]}<\/script>\n<meta property=\"og:availability\" content=\"instock\" \/>\n<meta property=\"product:availability\" content=\"instock\" \/>\n<meta property=\"product:condition\" content=\"new\" \/>\n<!-- \/ Yoast SEO Premium plugin. -->","yoast_head_json":{"title":"Skywalk Cumeo2 EN-B | Gleitschirmschule Thun, Bern, Interlaken","description":"Mehr Leistung f\u00fcr Deine Ziele. Der CUMEO2 Gleitschirm ist ein High End Intermediate Fl\u00fcgel, der f\u00fcr performance- und gewichtsorientierte Piloten mit klar gesteckten Zielen entwickelt wurde.Das intuitive Flugverhalten und der hohe Flugkomfort schaffen schnell Vertrauen zwischen Pilot und Gleitschirm. Dadurch wird es Dir leichter fallen, Aufwinde pr\u00e4zise zu zentrieren und effizient von Bart zu Bart zu fliegen. Die ohnehin sehr hohe Flugperformance kann durch die SPEED CONTROL nochmal gesteigert werden. Im beschleunigten Flug kannst Du damit den Anstellwinkel \u00fcber die hinteren Tragegurte m\u00fchelos effektiv kontrollieren und Deine Durchschnittsgeschwindigkeit deutlich erh\u00f6hen. Mit dem leistungsstarken, XC-getrimmten High-B-Schirm genie\u00dft Du somit h\u00f6chsten Fluggenuss \u00fcber lange Strecken.Die Leichtbauweise erm\u00f6glicht Dir kr\u00e4ftesparende Aufstiege bei Deinen Hike&Fly Touren oder auch bei fr\u00fchen Starts \u2013 noch bevor die Bergbahnen \u00f6ffnen. Der CUMEO2 eignet sich dadurch auch ideal als Reisebegleiter. Somit sind Deinen Zielen keine Grenzen mehr gesetzt!","robots":{"index":"index","follow":"follow","max-snippet":"max-snippet:-1","max-image-preview":"max-image-preview:large","max-video-preview":"max-video-preview:-1"},"canonical":"https:\/\/swissgliders.ch\/de\/produkt\/skywalk-cumeo-en-b\/","og_locale":"de_DE","og_type":"article","og_title":"Skywalk Cumeo2 EN-B","og_description":"Mehr Leistung f\u00fcr Deine Ziele. Der CUMEO2 Gleitschirm ist ein High End Intermediate Fl\u00fcgel, der f\u00fcr performance- und gewichtsorientierte Piloten mit klar gesteckten Zielen entwickelt wurde.Das intuitive Flugverhalten und der hohe Flugkomfort schaffen schnell Vertrauen zwischen Pilot und Gleitschirm. Dadurch wird es Dir leichter fallen, Aufwinde pr\u00e4zise zu zentrieren und effizient von Bart zu Bart zu fliegen. Die ohnehin sehr hohe Flugperformance kann durch die SPEED CONTROL nochmal gesteigert werden. Im beschleunigten Flug kannst Du damit den Anstellwinkel \u00fcber die hinteren Tragegurte m\u00fchelos effektiv kontrollieren und Deine Durchschnittsgeschwindigkeit deutlich erh\u00f6hen. Mit dem leistungsstarken, XC-getrimmten High-B-Schirm genie\u00dft Du somit h\u00f6chsten Fluggenuss \u00fcber lange Strecken.Die Leichtbauweise erm\u00f6glicht Dir kr\u00e4ftesparende Aufstiege bei Deinen Hike&Fly Touren oder auch bei fr\u00fchen Starts \u2013 noch bevor die Bergbahnen \u00f6ffnen. Der CUMEO2 eignet sich dadurch auch ideal als Reisebegleiter. Somit sind Deinen Zielen keine Grenzen mehr gesetzt!","og_url":"https:\/\/swissgliders.ch\/de\/produkt\/skywalk-cumeo-en-b\/","og_site_name":"Gleitschirmschule Thun, Bern, Interlaken","article_publisher":"https:\/\/www.facebook.com\/swissgliders","article_modified_time":"2024-11-12T14:53:42+00:00","og_image":[{"width":400,"height":284,"url":"https:\/\/swissgliders.ch\/wp-content\/uploads\/2022\/11\/Skywalk_Gleitschirm_Cumeo-1.jpg","type":"image\/jpeg"}],"twitter_card":"summary_large_image","twitter_site":"@Swissgliders","twitter_misc":{"Verf\u00fcgbarkeit":"Auf Lager"},"schema":{"@context":"https:\/\/schema.org","@graph":[{"@type":"WebPage","@id":"https:\/\/swissgliders.ch\/de\/produkt\/skywalk-cumeo-en-b\/","url":"https:\/\/swissgliders.ch\/de\/produkt\/skywalk-cumeo-en-b\/","name":"Skywalk Cumeo2 EN-B | Gleitschirmschule Thun, Bern, Interlaken","isPartOf":{"@id":"https:\/\/swissgliders.ch\/de\/#website"},"primaryImageOfPage":{"@id":"https:\/\/swissgliders.ch\/de\/produkt\/skywalk-cumeo-en-b\/#primaryimage"},"image":{"@id":"https:\/\/swissgliders.ch\/de\/produkt\/skywalk-cumeo-en-b\/#primaryimage"},"thumbnailUrl":"https:\/\/swissgliders.ch\/wp-content\/uploads\/2022\/11\/Skywalk_Gleitschirm_Cumeo-1.jpg","datePublished":"2022-11-12T16:03:53+00:00","dateModified":"2024-11-12T14:53:42+00:00","description":"Mehr Leistung f\u00fcr Deine Ziele. Der CUMEO2 Gleitschirm ist ein High End Intermediate Fl\u00fcgel, der f\u00fcr performance- und gewichtsorientierte Piloten mit klar gesteckten Zielen entwickelt wurde.Das intuitive Flugverhalten und der hohe Flugkomfort schaffen schnell Vertrauen zwischen Pilot und Gleitschirm. Dadurch wird es Dir leichter fallen, Aufwinde pr\u00e4zise zu zentrieren und effizient von Bart zu Bart zu fliegen. Die ohnehin sehr hohe Flugperformance kann durch die SPEED CONTROL nochmal gesteigert werden. Im beschleunigten Flug kannst Du damit den Anstellwinkel \u00fcber die hinteren Tragegurte m\u00fchelos effektiv kontrollieren und Deine Durchschnittsgeschwindigkeit deutlich erh\u00f6hen. Mit dem leistungsstarken, XC-getrimmten High-B-Schirm genie\u00dft Du somit h\u00f6chsten Fluggenuss \u00fcber lange Strecken.Die Leichtbauweise erm\u00f6glicht Dir kr\u00e4ftesparende Aufstiege bei Deinen Hike&Fly Touren oder auch bei fr\u00fchen Starts \u2013 noch bevor die Bergbahnen \u00f6ffnen. Der CUMEO2 eignet sich dadurch auch ideal als Reisebegleiter. Somit sind Deinen Zielen keine Grenzen mehr gesetzt!","breadcrumb":{"@id":"https:\/\/swissgliders.ch\/de\/produkt\/skywalk-cumeo-en-b\/#breadcrumb"},"inLanguage":"de","potentialAction":[{"@type":"ReadAction","target":["https:\/\/swissgliders.ch\/de\/produkt\/skywalk-cumeo-en-b\/"]}]},{"@type":"ImageObject","inLanguage":"de","@id":"https:\/\/swissgliders.ch\/de\/produkt\/skywalk-cumeo-en-b\/#primaryimage","url":"https:\/\/swissgliders.ch\/wp-content\/uploads\/2022\/11\/Skywalk_Gleitschirm_Cumeo-1.jpg","contentUrl":"https:\/\/swissgliders.ch\/wp-content\/uploads\/2022\/11\/Skywalk_Gleitschirm_Cumeo-1.jpg","width":400,"height":284,"caption":"Skywalk_Gleitschirm_Cumeo-1"},{"@type":"BreadcrumbList","@id":"https:\/\/swissgliders.ch\/de\/produkt\/skywalk-cumeo-en-b\/#breadcrumb","itemListElement":[{"@type":"ListItem","position":1,"name":"Startseite","item":"https:\/\/swissgliders.ch\/de\/willkommen\/"},{"@type":"ListItem","position":2,"name":"Gleitschirm Shop","item":"https:\/\/swissgliders.ch\/de\/gleitschirm-shop\/"},{"@type":"ListItem","position":3,"name":"Skywalk Cumeo2 EN-B"}]},{"@type":"WebSite","@id":"https:\/\/swissgliders.ch\/de\/#website","url":"https:\/\/swissgliders.ch\/de\/","name":"Gleitschirmschule Thun, Bern, Interlaken","description":"Gleitschirmschule Thun, Bern, Interlaken","publisher":{"@id":"https:\/\/swissgliders.ch\/de\/#organization"},"potentialAction":[{"@type":"SearchAction","target":{"@type":"EntryPoint","urlTemplate":"https:\/\/swissgliders.ch\/de\/?s={search_term_string}"},"query-input":{"@type":"PropertyValueSpecification","valueRequired":true,"valueName":"search_term_string"}}],"inLanguage":"de"},{"@type":"Organization","@id":"https:\/\/swissgliders.ch\/de\/#organization","name":"Swissgliders Gleitschirmflugschule Thun","url":"https:\/\/swissgliders.ch\/de\/","logo":{"@type":"ImageObject","inLanguage":"de","@id":"https:\/\/swissgliders.ch\/de\/#\/schema\/logo\/image\/","url":"https:\/\/swissgliders.ch\/wp-content\/uploads\/2019\/12\/swissgliders-logo-rgb-square-L-no-ch-01.png","contentUrl":"https:\/\/swissgliders.ch\/wp-content\/uploads\/2019\/12\/swissgliders-logo-rgb-square-L-no-ch-01.png","width":2500,"height":2500,"caption":"Swissgliders Gleitschirmflugschule Thun"},"image":{"@id":"https:\/\/swissgliders.ch\/de\/#\/schema\/logo\/image\/"},"sameAs":["https:\/\/www.facebook.com\/swissgliders","https:\/\/x.com\/Swissgliders","https:\/\/www.instagram.com\/swissgliders\/","https:\/\/www.youtube.com\/channel\/UCMCtGdepy9vBhrhX3V_oJOA"],"hasMerchantReturnPolicy":{"@type":"MerchantReturnPolicy","merchantReturnLink":"https:\/\/swissgliders.ch\/de\/allgemeine-geschaftsbedingungen\/"}}]},"og_availability":"instock","product_availability":"instock","product_condition":"new"},"_links":{"self":[{"href":"https:\/\/swissgliders.ch\/de\/wp-json\/wp\/v2\/product\/9551","targetHints":{"allow":["GET"]}}],"collection":[{"href":"https:\/\/swissgliders.ch\/de\/wp-json\/wp\/v2\/product"}],"about":[{"href":"https:\/\/swissgliders.ch\/de\/wp-json\/wp\/v2\/types\/product"}],"replies":[{"embeddable":true,"href":"https:\/\/swissgliders.ch\/de\/wp-json\/wp\/v2\/comments?post=9551"}],"wp:featuredmedia":[{"embeddable":true,"href":"https:\/\/swissgliders.ch\/de\/wp-json\/wp\/v2\/media\/9554"}],"wp:attachment":[{"href":"https:\/\/swissgliders.ch\/de\/wp-json\/wp\/v2\/media?parent=9551"}],"wp:term":[{"taxonomy":"product_brand","embeddable":true,"href":"https:\/\/swissgliders.ch\/de\/wp-json\/wp\/v2\/product_brand?post=9551"},{"taxonomy":"product_cat","embeddable":true,"href":"https:\/\/swissgliders.ch\/de\/wp-json\/wp\/v2\/product_cat?post=9551"},{"taxonomy":"product_tag","embeddable":true,"href":"https:\/\/swissgliders.ch\/de\/wp-json\/wp\/v2\/product_tag?post=9551"}],"curies":[{"name":"wp","href":"https:\/\/api.w.org\/{rel}","templated":true}]}}